{"id":247107,"date":"2026-03-14T23:21:33","date_gmt":"2026-03-14T22:21:33","guid":{"rendered":"https:\/\/schweizversand.ch\/produkt\/cartrend-zeltheringe-24cm-6-stueck-fluoreszierend\/"},"modified":"2026-04-19T15:34:01","modified_gmt":"2026-04-19T13:34:01","slug":"cartrend-zeltheringe-24cm-6-stueck-fluoreszierend","status":"publish","type":"product","link":"https:\/\/schweizversand.ch\/en\/produkt\/cartrend-zeltheringe-24cm-6-stueck-fluoreszierend\/","title":{"rendered":"Cartrend tent pegs 24cm, 6 pieces, fluorescent"},"content":{"rendered":"<p>Tent Peg Set \u2013 6 Robust Pegs with Fluorescent Plastic Hooks (24 cm)<br \/>\n<br \/>This tent peg set impresses with its stability, versatility, and optimal visibility. The 24 cm long pegs are made of durable steel and are ideal for securely anchoring tents, gazebos, tarpaulins, or guy lines, even in varying ground conditions.<\/p>\n<p>Thanks to the fluorescent plastic hooks, the pegs are clearly visible even at dusk and in the dark \u2013 minimizing the risk of tripping over guy lines or bumping into the pegs.<\/p>\n<p>Product Benefits at a Glance:<\/p>\n<p>\u2022 Robust &amp; Weatherproof: Steel pegs for reliable hold even in wind and on soft ground<\/p>\n<p>\u2022 Fluorescent plastic hooks: Improved visibility in low-light conditions<\/p>\n<p>\u2022 Universally applicable: Suitable for tents, gazebos, tarps, and camping equipment<\/p>\n<p>\u2022 Optimal attachment: With hook and eye for ropes, carabiners, and more<\/p>\n<p>\u2022 Practical set: 6 pieces included \u2013 ideal for your next camping trip<\/p>\n<p>\u2022 Technical details:<\/p>\n<p>\u2022 Material: Steel (peg), plastic (hook)<\/p>\n<p>\u2022 Length: 24 cm<\/p>\n<p>\u2022 Color: Silver with fluorescent hook<\/p>\n<p>\u2022 Set contents: 6 pieces<\/p>\n<p>\u2022 This tent peg set offers maximum safety and convenience \u2013 perfect for camping, festivals, or outdoor adventures.<\/p>\n","protected":false},"excerpt":{"rendered":"<p>Tent Peg Set \u2013 6 Robust Pegs with Fluorescent Plastic Hooks (24 cm) This tent peg set impresses with its stability, versatility, and optimal visibility. The 24 cm long pegs are made of durable steel and are ideal for securely anchoring tents, gazebos, tarpaulins, or guy lines, even in varying ground conditions. Thanks to the fluorescent plastic hooks, the pegs are clearly visible even at dusk and in the dark \u2013 minimizing the risk of&hellip;<\/p>\n","protected":false},"featured_media":164949,"comment_status":"open","ping_status":"closed","template":"","meta":[],"product_brand":[],"product_cat":[38033,38601],"product_tag":[],"class_list":{"0":"post-247107","1":"product","2":"type-product","3":"status-publish","4":"has-post-thumbnail","6":"product_cat-camping","8":"product_shipping_class-global_methods","10":"first","11":"instock","12":"taxable","13":"shipping-taxable","14":"purchasable","15":"product-type-simple"},"yoast_head":"<!-- This site is optimized with the Yoast SEO plugin v27.4 - https:\/\/yoast.com\/product\/yoast-seo-wordpress\/ -->\n<title>Cartrend Zeltheringe 24cm 6 St\u00fcck fluoreszierend | Jetzt kaufen | Schweizversand.ch<\/title>\n<meta name=\"description\" content=\"Cartrend Zeltheringe 24cm 6 St\u00fcck fluoreszierend g\u00fcnstig kaufen bei Schweizversand.ch. Schnelle Lieferung in der Schweiz. Gratisversand ab CHF 50.\" \/>\n<meta name=\"robots\" content=\"index, follow, max-snippet:-1, max-image-preview:large, max-video-preview:-1\" \/>\n<link rel=\"canonical\" href=\"https:\/\/schweizversand.ch\/en\/produkt\/cartrend-zeltheringe-24cm-6-stueck-fluoreszierend\/\" \/>\n<meta property=\"og:locale\" content=\"en_US\" \/>\n<meta property=\"og:type\" content=\"article\" \/>\n<meta property=\"og:title\" content=\"Cartrend Zeltheringe 24cm 6 St\u00fcck fluoreszierend | Jetzt kaufen | Schweizversand.ch\" \/>\n<meta property=\"og:description\" content=\"Cartrend Zeltheringe 24cm 6 St\u00fcck fluoreszierend g\u00fcnstig kaufen bei Schweizversand.ch. Schnelle Lieferung in der Schweiz. Gratisversand ab CHF 50.\" \/>\n<meta property=\"og:url\" content=\"https:\/\/schweizversand.ch\/en\/produkt\/cartrend-zeltheringe-24cm-6-stueck-fluoreszierend\/\" \/>\n<meta property=\"og:site_name\" content=\"Schweizer Shop f\u00fcr Sport, Spiel und Freizeit\" \/>\n<meta property=\"article:publisher\" content=\"https:\/\/www.facebook.com\/Schweizversand\" \/>\n<meta property=\"article:modified_time\" content=\"2026-04-19T13:34:01+00:00\" \/>\n<meta property=\"og:image\" content=\"https:\/\/schweizversand.ch\/wp-content\/uploads\/2026\/02\/5471889284.jpg\" \/>\n\t<meta property=\"og:image:width\" content=\"1024\" \/>\n\t<meta property=\"og:image:height\" content=\"965\" \/>\n\t<meta property=\"og:image:type\" content=\"image\/jpeg\" \/>\n<meta name=\"twitter:card\" content=\"summary_large_image\" \/>\n<meta name=\"twitter:label1\" content=\"Est. reading time\" \/>\n\t<meta name=\"twitter:data1\" content=\"1 minute\" \/>\n<script type=\"application\/ld+json\" class=\"yoast-schema-graph\">{\"@context\":\"https:\\\/\\\/schema.org\",\"@graph\":[{\"@type\":\"WebPage\",\"@id\":\"https:\\\/\\\/schweizversand.ch\\\/en\\\/produkt\\\/cartrend-zeltheringe-24cm-6-stueck-fluoreszierend\\\/\",\"url\":\"https:\\\/\\\/schweizversand.ch\\\/en\\\/produkt\\\/cartrend-zeltheringe-24cm-6-stueck-fluoreszierend\\\/\",\"name\":\"Cartrend Zeltheringe 24cm 6 St\u00fcck fluoreszierend | Jetzt kaufen | Schweizversand.ch\",\"isPartOf\":{\"@id\":\"https:\\\/\\\/schweizversand.ch\\\/en\\\/#website\"},\"primaryImageOfPage\":{\"@id\":\"https:\\\/\\\/schweizversand.ch\\\/en\\\/produkt\\\/cartrend-zeltheringe-24cm-6-stueck-fluoreszierend\\\/#primaryimage\"},\"image\":{\"@id\":\"https:\\\/\\\/schweizversand.ch\\\/en\\\/produkt\\\/cartrend-zeltheringe-24cm-6-stueck-fluoreszierend\\\/#primaryimage\"},\"thumbnailUrl\":\"https:\\\/\\\/schweizversand.ch\\\/wp-content\\\/uploads\\\/2026\\\/02\\\/5471889284.jpg\",\"datePublished\":\"2026-03-14T22:21:33+00:00\",\"dateModified\":\"2026-04-19T13:34:01+00:00\",\"description\":\"Cartrend Zeltheringe 24cm 6 St\u00fcck fluoreszierend g\u00fcnstig kaufen bei Schweizversand.ch. Schnelle Lieferung in der Schweiz. Gratisversand ab CHF 50.\",\"breadcrumb\":{\"@id\":\"https:\\\/\\\/schweizversand.ch\\\/en\\\/produkt\\\/cartrend-zeltheringe-24cm-6-stueck-fluoreszierend\\\/#breadcrumb\"},\"inLanguage\":\"en-US\",\"potentialAction\":[{\"@type\":\"ReadAction\",\"target\":[\"https:\\\/\\\/schweizversand.ch\\\/en\\\/produkt\\\/cartrend-zeltheringe-24cm-6-stueck-fluoreszierend\\\/\"]}]},{\"@type\":\"ImageObject\",\"inLanguage\":\"en-US\",\"@id\":\"https:\\\/\\\/schweizversand.ch\\\/en\\\/produkt\\\/cartrend-zeltheringe-24cm-6-stueck-fluoreszierend\\\/#primaryimage\",\"url\":\"https:\\\/\\\/schweizversand.ch\\\/wp-content\\\/uploads\\\/2026\\\/02\\\/5471889284.jpg\",\"contentUrl\":\"https:\\\/\\\/schweizversand.ch\\\/wp-content\\\/uploads\\\/2026\\\/02\\\/5471889284.jpg\",\"width\":1024,\"height\":965},{\"@type\":\"BreadcrumbList\",\"@id\":\"https:\\\/\\\/schweizversand.ch\\\/en\\\/produkt\\\/cartrend-zeltheringe-24cm-6-stueck-fluoreszierend\\\/#breadcrumb\",\"itemListElement\":[{\"@type\":\"ListItem\",\"position\":1,\"name\":\"Startseite\",\"item\":\"https:\\\/\\\/schweizversand.ch\\\/en\\\/\"},{\"@type\":\"ListItem\",\"position\":2,\"name\":\"Shop\",\"item\":\"https:\\\/\\\/schweizversand.ch\\\/en\\\/shop\\\/\"},{\"@type\":\"ListItem\",\"position\":3,\"name\":\"Sports\",\"item\":\"https:\\\/\\\/schweizversand.ch\\\/en\\\/produkt-kategorie\\\/sports\\\/\"},{\"@type\":\"ListItem\",\"position\":4,\"name\":\"Outdoor\",\"item\":\"https:\\\/\\\/schweizversand.ch\\\/en\\\/produkt-kategorie\\\/sports\\\/outdoor\\\/\"},{\"@type\":\"ListItem\",\"position\":5,\"name\":\"Camping\",\"item\":\"https:\\\/\\\/schweizversand.ch\\\/en\\\/produkt-kategorie\\\/sports\\\/outdoor\\\/camping\\\/\"},{\"@type\":\"ListItem\",\"position\":6,\"name\":\"Cartrend tent pegs 24cm, 6 pieces, fluorescent\"}]},{\"@type\":\"WebSite\",\"@id\":\"https:\\\/\\\/schweizversand.ch\\\/en\\\/#website\",\"url\":\"https:\\\/\\\/schweizversand.ch\\\/en\\\/\",\"name\":\"Schweizer Shop f\u00fcr Sport, Spiel und Freizeit\",\"description\":\"Gratisversand ab 50.- (netto), ab eigenem schweizer Lager, Lieferung innert 48h\",\"publisher\":{\"@id\":\"https:\\\/\\\/schweizversand.ch\\\/en\\\/#organization\"},\"alternateName\":\"Schweizversand.ch\",\"potentialAction\":[{\"@type\":\"SearchAction\",\"target\":{\"@type\":\"EntryPoint\",\"urlTemplate\":\"https:\\\/\\\/schweizversand.ch\\\/en\\\/?s={search_term_string}\"},\"query-input\":{\"@type\":\"PropertyValueSpecification\",\"valueRequired\":true,\"valueName\":\"search_term_string\"}}],\"inLanguage\":\"en-US\"},{\"@type\":\"Organization\",\"@id\":\"https:\\\/\\\/schweizversand.ch\\\/en\\\/#organization\",\"name\":\"Schweizversand.ch\",\"url\":\"https:\\\/\\\/schweizversand.ch\\\/en\\\/\",\"logo\":{\"@type\":\"ImageObject\",\"inLanguage\":\"en-US\",\"@id\":\"https:\\\/\\\/schweizversand.ch\\\/en\\\/#\\\/schema\\\/logo\\\/image\\\/\",\"url\":\"https:\\\/\\\/schweizversand.ch\\\/wp-content\\\/uploads\\\/2026\\\/03\\\/Logo_Rund_Final-1.png\",\"contentUrl\":\"https:\\\/\\\/schweizversand.ch\\\/wp-content\\\/uploads\\\/2026\\\/03\\\/Logo_Rund_Final-1.png\",\"width\":404,\"height\":404,\"caption\":\"Schweizversand.ch\"},\"image\":{\"@id\":\"https:\\\/\\\/schweizversand.ch\\\/en\\\/#\\\/schema\\\/logo\\\/image\\\/\"},\"sameAs\":[\"https:\\\/\\\/www.facebook.com\\\/Schweizversand\",\"https:\\\/\\\/www.instagram.com\\\/schweizversand.ch\\\/\"]}]}<\/script>\n<!-- \/ Yoast SEO plugin. -->","yoast_head_json":{"title":"Cartrend Zeltheringe 24cm 6 St\u00fcck fluoreszierend | Jetzt kaufen | Schweizversand.ch","description":"Cartrend Zeltheringe 24cm 6 St\u00fcck fluoreszierend g\u00fcnstig kaufen bei Schweizversand.ch. Schnelle Lieferung in der Schweiz. Gratisversand ab CHF 50.","robots":{"index":"index","follow":"follow","max-snippet":"max-snippet:-1","max-image-preview":"max-image-preview:large","max-video-preview":"max-video-preview:-1"},"canonical":"https:\/\/schweizversand.ch\/en\/produkt\/cartrend-zeltheringe-24cm-6-stueck-fluoreszierend\/","og_locale":"en_US","og_type":"article","og_title":"Cartrend Zeltheringe 24cm 6 St\u00fcck fluoreszierend | Jetzt kaufen | Schweizversand.ch","og_description":"Cartrend Zeltheringe 24cm 6 St\u00fcck fluoreszierend g\u00fcnstig kaufen bei Schweizversand.ch. Schnelle Lieferung in der Schweiz. Gratisversand ab CHF 50.","og_url":"https:\/\/schweizversand.ch\/en\/produkt\/cartrend-zeltheringe-24cm-6-stueck-fluoreszierend\/","og_site_name":"Schweizer Shop f\u00fcr Sport, Spiel und Freizeit","article_publisher":"https:\/\/www.facebook.com\/Schweizversand","article_modified_time":"2026-04-19T13:34:01+00:00","og_image":[{"width":1024,"height":965,"url":"https:\/\/schweizversand.ch\/wp-content\/uploads\/2026\/02\/5471889284.jpg","type":"image\/jpeg"}],"twitter_card":"summary_large_image","twitter_misc":{"Est. reading time":"1 minute"},"schema":{"@context":"https:\/\/schema.org","@graph":[{"@type":"WebPage","@id":"https:\/\/schweizversand.ch\/en\/produkt\/cartrend-zeltheringe-24cm-6-stueck-fluoreszierend\/","url":"https:\/\/schweizversand.ch\/en\/produkt\/cartrend-zeltheringe-24cm-6-stueck-fluoreszierend\/","name":"Cartrend Zeltheringe 24cm 6 St\u00fcck fluoreszierend | Jetzt kaufen | Schweizversand.ch","isPartOf":{"@id":"https:\/\/schweizversand.ch\/en\/#website"},"primaryImageOfPage":{"@id":"https:\/\/schweizversand.ch\/en\/produkt\/cartrend-zeltheringe-24cm-6-stueck-fluoreszierend\/#primaryimage"},"image":{"@id":"https:\/\/schweizversand.ch\/en\/produkt\/cartrend-zeltheringe-24cm-6-stueck-fluoreszierend\/#primaryimage"},"thumbnailUrl":"https:\/\/schweizversand.ch\/wp-content\/uploads\/2026\/02\/5471889284.jpg","datePublished":"2026-03-14T22:21:33+00:00","dateModified":"2026-04-19T13:34:01+00:00","description":"Cartrend Zeltheringe 24cm 6 St\u00fcck fluoreszierend g\u00fcnstig kaufen bei Schweizversand.ch. Schnelle Lieferung in der Schweiz. Gratisversand ab CHF 50.","breadcrumb":{"@id":"https:\/\/schweizversand.ch\/en\/produkt\/cartrend-zeltheringe-24cm-6-stueck-fluoreszierend\/#breadcrumb"},"inLanguage":"en-US","potentialAction":[{"@type":"ReadAction","target":["https:\/\/schweizversand.ch\/en\/produkt\/cartrend-zeltheringe-24cm-6-stueck-fluoreszierend\/"]}]},{"@type":"ImageObject","inLanguage":"en-US","@id":"https:\/\/schweizversand.ch\/en\/produkt\/cartrend-zeltheringe-24cm-6-stueck-fluoreszierend\/#primaryimage","url":"https:\/\/schweizversand.ch\/wp-content\/uploads\/2026\/02\/5471889284.jpg","contentUrl":"https:\/\/schweizversand.ch\/wp-content\/uploads\/2026\/02\/5471889284.jpg","width":1024,"height":965},{"@type":"BreadcrumbList","@id":"https:\/\/schweizversand.ch\/en\/produkt\/cartrend-zeltheringe-24cm-6-stueck-fluoreszierend\/#breadcrumb","itemListElement":[{"@type":"ListItem","position":1,"name":"Startseite","item":"https:\/\/schweizversand.ch\/en\/"},{"@type":"ListItem","position":2,"name":"Shop","item":"https:\/\/schweizversand.ch\/en\/shop\/"},{"@type":"ListItem","position":3,"name":"Sports","item":"https:\/\/schweizversand.ch\/en\/produkt-kategorie\/sports\/"},{"@type":"ListItem","position":4,"name":"Outdoor","item":"https:\/\/schweizversand.ch\/en\/produkt-kategorie\/sports\/outdoor\/"},{"@type":"ListItem","position":5,"name":"Camping","item":"https:\/\/schweizversand.ch\/en\/produkt-kategorie\/sports\/outdoor\/camping\/"},{"@type":"ListItem","position":6,"name":"Cartrend tent pegs 24cm, 6 pieces, fluorescent"}]},{"@type":"WebSite","@id":"https:\/\/schweizversand.ch\/en\/#website","url":"https:\/\/schweizversand.ch\/en\/","name":"Schweizer Shop f\u00fcr Sport, Spiel und Freizeit","description":"Gratisversand ab 50.- (netto), ab eigenem schweizer Lager, Lieferung innert 48h","publisher":{"@id":"https:\/\/schweizversand.ch\/en\/#organization"},"alternateName":"Schweizversand.ch","potentialAction":[{"@type":"SearchAction","target":{"@type":"EntryPoint","urlTemplate":"https:\/\/schweizversand.ch\/en\/?s={search_term_string}"},"query-input":{"@type":"PropertyValueSpecification","valueRequired":true,"valueName":"search_term_string"}}],"inLanguage":"en-US"},{"@type":"Organization","@id":"https:\/\/schweizversand.ch\/en\/#organization","name":"Schweizversand.ch","url":"https:\/\/schweizversand.ch\/en\/","logo":{"@type":"ImageObject","inLanguage":"en-US","@id":"https:\/\/schweizversand.ch\/en\/#\/schema\/logo\/image\/","url":"https:\/\/schweizversand.ch\/wp-content\/uploads\/2026\/03\/Logo_Rund_Final-1.png","contentUrl":"https:\/\/schweizversand.ch\/wp-content\/uploads\/2026\/03\/Logo_Rund_Final-1.png","width":404,"height":404,"caption":"Schweizversand.ch"},"image":{"@id":"https:\/\/schweizversand.ch\/en\/#\/schema\/logo\/image\/"},"sameAs":["https:\/\/www.facebook.com\/Schweizversand","https:\/\/www.instagram.com\/schweizversand.ch\/"]}]}},"jetpack_sharing_enabled":true,"_links":{"self":[{"href":"https:\/\/schweizversand.ch\/en\/wp-json\/wp\/v2\/product\/247107","targetHints":{"allow":["GET"]}}],"collection":[{"href":"https:\/\/schweizversand.ch\/en\/wp-json\/wp\/v2\/product"}],"about":[{"href":"https:\/\/schweizversand.ch\/en\/wp-json\/wp\/v2\/types\/product"}],"replies":[{"embeddable":true,"href":"https:\/\/schweizversand.ch\/en\/wp-json\/wp\/v2\/comments?post=247107"}],"wp:featuredmedia":[{"embeddable":true,"href":"https:\/\/schweizversand.ch\/en\/wp-json\/wp\/v2\/media\/164949"}],"wp:attachment":[{"href":"https:\/\/schweizversand.ch\/en\/wp-json\/wp\/v2\/media?parent=247107"}],"wp:term":[{"taxonomy":"product_brand","embeddable":true,"href":"https:\/\/schweizversand.ch\/en\/wp-json\/wp\/v2\/product_brand?post=247107"},{"taxonomy":"product_cat","embeddable":true,"href":"https:\/\/schweizversand.ch\/en\/wp-json\/wp\/v2\/product_cat?post=247107"},{"taxonomy":"product_tag","embeddable":true,"href":"https:\/\/schweizversand.ch\/en\/wp-json\/wp\/v2\/product_tag?post=247107"}],"curies":[{"name":"wp","href":"https:\/\/api.w.org\/{rel}","templated":true}]}}