{"id":247126,"date":"2026-03-14T23:21:35","date_gmt":"2026-03-14T22:21:35","guid":{"rendered":"https:\/\/schweizversand.ch\/produkt\/nic-fuer-die-spielkueche-salatsieb\/"},"modified":"2026-04-19T02:02:33","modified_gmt":"2026-04-19T00:02:33","slug":"nic-fuer-die-spielkueche-salatsieb","status":"publish","type":"product","link":"https:\/\/schweizversand.ch\/en\/produkt\/nic-fuer-die-spielkueche-salatsieb\/","title":{"rendered":"Nic For the play kitchen &#8220;Salad strainer&#8221;"},"content":{"rendered":"<h1><strong>Children&#8217;s Stainless Steel Salad Colander \u2013 Play Kitchen Accessory<\/strong><\/h1>\n<div>Dive into the world of creative cooking! This high-quality <strong>children&#8217;s salad colander<\/strong> is the perfect <strong>play kitchen accessory<\/strong> to enrich your little gourmets&#8217; role-playing kitchen and give them an authentic play experience.<\/p>\n<\/div>\n<div><strong>Authentic Playtime Fun<\/strong><br \/>This <strong>children&#8217;s kitchen toy<\/strong> was specially designed for small hands. With this <strong>stainless steel toy kitchen<\/strong>, children can playfully develop their cooking skills and learn how to prepare food. The detailed design promotes <strong>fine motor skills<\/strong> and stimulates the imagination.<\/p>\n<\/div>\n<div><strong>Quality and Safety<\/strong><br \/>We value robustness and safety. The <strong>11 cm toy colander<\/strong> is made of durable stainless steel that will withstand even the most intense play in <strong>play kitchen<\/strong>. It is safe and stable, so you don&#8217;t have to worry while your child has fun.<\/p>\n<\/div>\n<div><strong>Product Details and Dimensions<\/strong><br \/>&#8211; Material: High-quality <strong>stainless steel<\/strong><br \/>&#8211; Size: Approx. 11 cm diameter (11 cm toy colander)<br \/>&#8211; Recommended Age: Suitable for children aged 3 and up<br \/>&#8211; Note: Not suitable for children under 36 months<\/p>\n<\/div>\n<div>Expand your child&#8217;s <strong>play kitchen accessories<\/strong> with this essential colander and watch them create their first culinary masterpieces with joy and creativity.<\/p>\n<\/div>\n<div>\n<\/div>\n","protected":false},"excerpt":{"rendered":"<p>Children&#8217;s Stainless Steel Salad Colander \u2013 Play Kitchen Accessory Dive into the world of creative cooking! This high-quality children&#8217;s salad colander is the perfect play kitchen accessory to enrich your little gourmets&#8217; role-playing kitchen and give them an authentic play experience. Authentic Playtime FunThis children&#8217;s kitchen toy was specially designed for small hands. With this stainless steel toy kitchen, children can playfully develop their cooking skills and learn how to prepare food. The detailed design&hellip;<\/p>\n","protected":false},"featured_media":164979,"comment_status":"open","ping_status":"closed","template":"","meta":[],"product_brand":[],"product_cat":[38026,38200],"product_tag":[],"class_list":{"0":"post-247126","1":"product","2":"type-product","3":"status-publish","4":"has-post-thumbnail","6":"product_cat-lernspiel","8":"product_shipping_class-global_methods","10":"first","11":"instock","12":"taxable","13":"shipping-taxable","14":"purchasable","15":"product-type-simple"},"yoast_head":"<!-- This site is optimized with the Yoast SEO plugin v27.4 - https:\/\/yoast.com\/product\/yoast-seo-wordpress\/ -->\n<title>Nic F\u00fcr die Spielk\u00fcche &quot;Salatsieb&quot; | Jetzt kaufen | Schweizversand.ch<\/title>\n<meta name=\"description\" content=\"Nic F\u00fcr die Spielk\u00fcche &quot;Salatsieb&quot; g\u00fcnstig kaufen bei Schweizversand.ch. Schnelle Lieferung in der Schweiz. Gratisversand ab CHF 50.\" \/>\n<meta name=\"robots\" content=\"index, follow, max-snippet:-1, max-image-preview:large, max-video-preview:-1\" \/>\n<link rel=\"canonical\" href=\"https:\/\/schweizversand.ch\/en\/produkt\/nic-fuer-die-spielkueche-salatsieb\/\" \/>\n<meta property=\"og:locale\" content=\"en_US\" \/>\n<meta property=\"og:type\" content=\"article\" \/>\n<meta property=\"og:title\" content=\"Nic F\u00fcr die Spielk\u00fcche &quot;Salatsieb&quot; | Jetzt kaufen | Schweizversand.ch\" \/>\n<meta property=\"og:description\" content=\"Nic F\u00fcr die Spielk\u00fcche &quot;Salatsieb&quot; g\u00fcnstig kaufen bei Schweizversand.ch. Schnelle Lieferung in der Schweiz. Gratisversand ab CHF 50.\" \/>\n<meta property=\"og:url\" content=\"https:\/\/schweizversand.ch\/en\/produkt\/nic-fuer-die-spielkueche-salatsieb\/\" \/>\n<meta property=\"og:site_name\" content=\"Schweizer Shop f\u00fcr Sport, Spiel und Freizeit\" \/>\n<meta property=\"article:publisher\" content=\"https:\/\/www.facebook.com\/Schweizversand\" \/>\n<meta property=\"article:modified_time\" content=\"2026-04-19T00:02:33+00:00\" \/>\n<meta property=\"og:image\" content=\"https:\/\/schweizversand.ch\/wp-content\/uploads\/2026\/02\/5471782970.jpg\" \/>\n\t<meta property=\"og:image:width\" content=\"1024\" \/>\n\t<meta property=\"og:image:height\" content=\"731\" \/>\n\t<meta property=\"og:image:type\" content=\"image\/jpeg\" \/>\n<meta name=\"twitter:card\" content=\"summary_large_image\" \/>\n<meta name=\"twitter:label1\" content=\"Est. reading time\" \/>\n\t<meta name=\"twitter:data1\" content=\"1 minute\" \/>\n<script type=\"application\/ld+json\" class=\"yoast-schema-graph\">{\"@context\":\"https:\\\/\\\/schema.org\",\"@graph\":[{\"@type\":\"WebPage\",\"@id\":\"https:\\\/\\\/schweizversand.ch\\\/en\\\/produkt\\\/nic-fuer-die-spielkueche-salatsieb\\\/\",\"url\":\"https:\\\/\\\/schweizversand.ch\\\/en\\\/produkt\\\/nic-fuer-die-spielkueche-salatsieb\\\/\",\"name\":\"Nic F\u00fcr die Spielk\u00fcche \\\"Salatsieb\\\" | Jetzt kaufen | Schweizversand.ch\",\"isPartOf\":{\"@id\":\"https:\\\/\\\/schweizversand.ch\\\/en\\\/#website\"},\"primaryImageOfPage\":{\"@id\":\"https:\\\/\\\/schweizversand.ch\\\/en\\\/produkt\\\/nic-fuer-die-spielkueche-salatsieb\\\/#primaryimage\"},\"image\":{\"@id\":\"https:\\\/\\\/schweizversand.ch\\\/en\\\/produkt\\\/nic-fuer-die-spielkueche-salatsieb\\\/#primaryimage\"},\"thumbnailUrl\":\"https:\\\/\\\/schweizversand.ch\\\/wp-content\\\/uploads\\\/2026\\\/02\\\/5471782970.jpg\",\"datePublished\":\"2026-03-14T22:21:35+00:00\",\"dateModified\":\"2026-04-19T00:02:33+00:00\",\"description\":\"Nic F\u00fcr die Spielk\u00fcche \\\"Salatsieb\\\" g\u00fcnstig kaufen bei Schweizversand.ch. Schnelle Lieferung in der Schweiz. Gratisversand ab CHF 50.\",\"breadcrumb\":{\"@id\":\"https:\\\/\\\/schweizversand.ch\\\/en\\\/produkt\\\/nic-fuer-die-spielkueche-salatsieb\\\/#breadcrumb\"},\"inLanguage\":\"en-US\",\"potentialAction\":[{\"@type\":\"ReadAction\",\"target\":[\"https:\\\/\\\/schweizversand.ch\\\/en\\\/produkt\\\/nic-fuer-die-spielkueche-salatsieb\\\/\"]}]},{\"@type\":\"ImageObject\",\"inLanguage\":\"en-US\",\"@id\":\"https:\\\/\\\/schweizversand.ch\\\/en\\\/produkt\\\/nic-fuer-die-spielkueche-salatsieb\\\/#primaryimage\",\"url\":\"https:\\\/\\\/schweizversand.ch\\\/wp-content\\\/uploads\\\/2026\\\/02\\\/5471782970.jpg\",\"contentUrl\":\"https:\\\/\\\/schweizversand.ch\\\/wp-content\\\/uploads\\\/2026\\\/02\\\/5471782970.jpg\",\"width\":1024,\"height\":731},{\"@type\":\"BreadcrumbList\",\"@id\":\"https:\\\/\\\/schweizversand.ch\\\/en\\\/produkt\\\/nic-fuer-die-spielkueche-salatsieb\\\/#breadcrumb\",\"itemListElement\":[{\"@type\":\"ListItem\",\"position\":1,\"name\":\"Startseite\",\"item\":\"https:\\\/\\\/schweizversand.ch\\\/en\\\/\"},{\"@type\":\"ListItem\",\"position\":2,\"name\":\"Shop\",\"item\":\"https:\\\/\\\/schweizversand.ch\\\/en\\\/shop\\\/\"},{\"@type\":\"ListItem\",\"position\":3,\"name\":\"Toys &amp; Games\",\"item\":\"https:\\\/\\\/schweizversand.ch\\\/en\\\/produkt-kategorie\\\/toys-games\\\/\"},{\"@type\":\"ListItem\",\"position\":4,\"name\":\"Outdoor Games\",\"item\":\"https:\\\/\\\/schweizversand.ch\\\/en\\\/produkt-kategorie\\\/toys-games\\\/outdoor-games\\\/\"},{\"@type\":\"ListItem\",\"position\":5,\"name\":\"Educational Games\",\"item\":\"https:\\\/\\\/schweizversand.ch\\\/en\\\/produkt-kategorie\\\/toys-games\\\/outdoor-games\\\/lernspiel\\\/\"},{\"@type\":\"ListItem\",\"position\":6,\"name\":\"Nic For the play kitchen &#8222;Salad strainer&#8220;\"}]},{\"@type\":\"WebSite\",\"@id\":\"https:\\\/\\\/schweizversand.ch\\\/en\\\/#website\",\"url\":\"https:\\\/\\\/schweizversand.ch\\\/en\\\/\",\"name\":\"Schweizer Shop f\u00fcr Sport, Spiel und Freizeit\",\"description\":\"Gratisversand ab 50.- (netto), ab eigenem schweizer Lager, Lieferung innert 48h\",\"publisher\":{\"@id\":\"https:\\\/\\\/schweizversand.ch\\\/en\\\/#organization\"},\"alternateName\":\"Schweizversand.ch\",\"potentialAction\":[{\"@type\":\"SearchAction\",\"target\":{\"@type\":\"EntryPoint\",\"urlTemplate\":\"https:\\\/\\\/schweizversand.ch\\\/en\\\/?s={search_term_string}\"},\"query-input\":{\"@type\":\"PropertyValueSpecification\",\"valueRequired\":true,\"valueName\":\"search_term_string\"}}],\"inLanguage\":\"en-US\"},{\"@type\":\"Organization\",\"@id\":\"https:\\\/\\\/schweizversand.ch\\\/en\\\/#organization\",\"name\":\"Schweizversand.ch\",\"url\":\"https:\\\/\\\/schweizversand.ch\\\/en\\\/\",\"logo\":{\"@type\":\"ImageObject\",\"inLanguage\":\"en-US\",\"@id\":\"https:\\\/\\\/schweizversand.ch\\\/en\\\/#\\\/schema\\\/logo\\\/image\\\/\",\"url\":\"https:\\\/\\\/schweizversand.ch\\\/wp-content\\\/uploads\\\/2026\\\/03\\\/Logo_Rund_Final-1.png\",\"contentUrl\":\"https:\\\/\\\/schweizversand.ch\\\/wp-content\\\/uploads\\\/2026\\\/03\\\/Logo_Rund_Final-1.png\",\"width\":404,\"height\":404,\"caption\":\"Schweizversand.ch\"},\"image\":{\"@id\":\"https:\\\/\\\/schweizversand.ch\\\/en\\\/#\\\/schema\\\/logo\\\/image\\\/\"},\"sameAs\":[\"https:\\\/\\\/www.facebook.com\\\/Schweizversand\",\"https:\\\/\\\/www.instagram.com\\\/schweizversand.ch\\\/\"]}]}<\/script>\n<!-- \/ Yoast SEO plugin. -->","yoast_head_json":{"title":"Nic F\u00fcr die Spielk\u00fcche \"Salatsieb\" | Jetzt kaufen | Schweizversand.ch","description":"Nic F\u00fcr die Spielk\u00fcche \"Salatsieb\" g\u00fcnstig kaufen bei Schweizversand.ch. Schnelle Lieferung in der Schweiz. Gratisversand ab CHF 50.","robots":{"index":"index","follow":"follow","max-snippet":"max-snippet:-1","max-image-preview":"max-image-preview:large","max-video-preview":"max-video-preview:-1"},"canonical":"https:\/\/schweizversand.ch\/en\/produkt\/nic-fuer-die-spielkueche-salatsieb\/","og_locale":"en_US","og_type":"article","og_title":"Nic F\u00fcr die Spielk\u00fcche \"Salatsieb\" | Jetzt kaufen | Schweizversand.ch","og_description":"Nic F\u00fcr die Spielk\u00fcche \"Salatsieb\" g\u00fcnstig kaufen bei Schweizversand.ch. Schnelle Lieferung in der Schweiz. Gratisversand ab CHF 50.","og_url":"https:\/\/schweizversand.ch\/en\/produkt\/nic-fuer-die-spielkueche-salatsieb\/","og_site_name":"Schweizer Shop f\u00fcr Sport, Spiel und Freizeit","article_publisher":"https:\/\/www.facebook.com\/Schweizversand","article_modified_time":"2026-04-19T00:02:33+00:00","og_image":[{"width":1024,"height":731,"url":"https:\/\/schweizversand.ch\/wp-content\/uploads\/2026\/02\/5471782970.jpg","type":"image\/jpeg"}],"twitter_card":"summary_large_image","twitter_misc":{"Est. reading time":"1 minute"},"schema":{"@context":"https:\/\/schema.org","@graph":[{"@type":"WebPage","@id":"https:\/\/schweizversand.ch\/en\/produkt\/nic-fuer-die-spielkueche-salatsieb\/","url":"https:\/\/schweizversand.ch\/en\/produkt\/nic-fuer-die-spielkueche-salatsieb\/","name":"Nic F\u00fcr die Spielk\u00fcche \"Salatsieb\" | Jetzt kaufen | Schweizversand.ch","isPartOf":{"@id":"https:\/\/schweizversand.ch\/en\/#website"},"primaryImageOfPage":{"@id":"https:\/\/schweizversand.ch\/en\/produkt\/nic-fuer-die-spielkueche-salatsieb\/#primaryimage"},"image":{"@id":"https:\/\/schweizversand.ch\/en\/produkt\/nic-fuer-die-spielkueche-salatsieb\/#primaryimage"},"thumbnailUrl":"https:\/\/schweizversand.ch\/wp-content\/uploads\/2026\/02\/5471782970.jpg","datePublished":"2026-03-14T22:21:35+00:00","dateModified":"2026-04-19T00:02:33+00:00","description":"Nic F\u00fcr die Spielk\u00fcche \"Salatsieb\" g\u00fcnstig kaufen bei Schweizversand.ch. Schnelle Lieferung in der Schweiz. Gratisversand ab CHF 50.","breadcrumb":{"@id":"https:\/\/schweizversand.ch\/en\/produkt\/nic-fuer-die-spielkueche-salatsieb\/#breadcrumb"},"inLanguage":"en-US","potentialAction":[{"@type":"ReadAction","target":["https:\/\/schweizversand.ch\/en\/produkt\/nic-fuer-die-spielkueche-salatsieb\/"]}]},{"@type":"ImageObject","inLanguage":"en-US","@id":"https:\/\/schweizversand.ch\/en\/produkt\/nic-fuer-die-spielkueche-salatsieb\/#primaryimage","url":"https:\/\/schweizversand.ch\/wp-content\/uploads\/2026\/02\/5471782970.jpg","contentUrl":"https:\/\/schweizversand.ch\/wp-content\/uploads\/2026\/02\/5471782970.jpg","width":1024,"height":731},{"@type":"BreadcrumbList","@id":"https:\/\/schweizversand.ch\/en\/produkt\/nic-fuer-die-spielkueche-salatsieb\/#breadcrumb","itemListElement":[{"@type":"ListItem","position":1,"name":"Startseite","item":"https:\/\/schweizversand.ch\/en\/"},{"@type":"ListItem","position":2,"name":"Shop","item":"https:\/\/schweizversand.ch\/en\/shop\/"},{"@type":"ListItem","position":3,"name":"Toys &amp; Games","item":"https:\/\/schweizversand.ch\/en\/produkt-kategorie\/toys-games\/"},{"@type":"ListItem","position":4,"name":"Outdoor Games","item":"https:\/\/schweizversand.ch\/en\/produkt-kategorie\/toys-games\/outdoor-games\/"},{"@type":"ListItem","position":5,"name":"Educational Games","item":"https:\/\/schweizversand.ch\/en\/produkt-kategorie\/toys-games\/outdoor-games\/lernspiel\/"},{"@type":"ListItem","position":6,"name":"Nic For the play kitchen &#8222;Salad strainer&#8220;"}]},{"@type":"WebSite","@id":"https:\/\/schweizversand.ch\/en\/#website","url":"https:\/\/schweizversand.ch\/en\/","name":"Schweizer Shop f\u00fcr Sport, Spiel und Freizeit","description":"Gratisversand ab 50.- (netto), ab eigenem schweizer Lager, Lieferung innert 48h","publisher":{"@id":"https:\/\/schweizversand.ch\/en\/#organization"},"alternateName":"Schweizversand.ch","potentialAction":[{"@type":"SearchAction","target":{"@type":"EntryPoint","urlTemplate":"https:\/\/schweizversand.ch\/en\/?s={search_term_string}"},"query-input":{"@type":"PropertyValueSpecification","valueRequired":true,"valueName":"search_term_string"}}],"inLanguage":"en-US"},{"@type":"Organization","@id":"https:\/\/schweizversand.ch\/en\/#organization","name":"Schweizversand.ch","url":"https:\/\/schweizversand.ch\/en\/","logo":{"@type":"ImageObject","inLanguage":"en-US","@id":"https:\/\/schweizversand.ch\/en\/#\/schema\/logo\/image\/","url":"https:\/\/schweizversand.ch\/wp-content\/uploads\/2026\/03\/Logo_Rund_Final-1.png","contentUrl":"https:\/\/schweizversand.ch\/wp-content\/uploads\/2026\/03\/Logo_Rund_Final-1.png","width":404,"height":404,"caption":"Schweizversand.ch"},"image":{"@id":"https:\/\/schweizversand.ch\/en\/#\/schema\/logo\/image\/"},"sameAs":["https:\/\/www.facebook.com\/Schweizversand","https:\/\/www.instagram.com\/schweizversand.ch\/"]}]}},"jetpack_sharing_enabled":true,"_links":{"self":[{"href":"https:\/\/schweizversand.ch\/en\/wp-json\/wp\/v2\/product\/247126","targetHints":{"allow":["GET"]}}],"collection":[{"href":"https:\/\/schweizversand.ch\/en\/wp-json\/wp\/v2\/product"}],"about":[{"href":"https:\/\/schweizversand.ch\/en\/wp-json\/wp\/v2\/types\/product"}],"replies":[{"embeddable":true,"href":"https:\/\/schweizversand.ch\/en\/wp-json\/wp\/v2\/comments?post=247126"}],"wp:featuredmedia":[{"embeddable":true,"href":"https:\/\/schweizversand.ch\/en\/wp-json\/wp\/v2\/media\/164979"}],"wp:attachment":[{"href":"https:\/\/schweizversand.ch\/en\/wp-json\/wp\/v2\/media?parent=247126"}],"wp:term":[{"taxonomy":"product_brand","embeddable":true,"href":"https:\/\/schweizversand.ch\/en\/wp-json\/wp\/v2\/product_brand?post=247126"},{"taxonomy":"product_cat","embeddable":true,"href":"https:\/\/schweizversand.ch\/en\/wp-json\/wp\/v2\/product_cat?post=247126"},{"taxonomy":"product_tag","embeddable":true,"href":"https:\/\/schweizversand.ch\/en\/wp-json\/wp\/v2\/product_tag?post=247126"}],"curies":[{"name":"wp","href":"https:\/\/api.w.org\/{rel}","templated":true}]}}