{"id":247157,"date":"2026-03-14T23:21:39","date_gmt":"2026-03-14T22:21:39","guid":{"rendered":"https:\/\/schweizversand.ch\/produkt\/hq-kites-designs-bouncing-birdeez-chicken\/"},"modified":"2026-04-19T02:02:36","modified_gmt":"2026-04-19T00:02:36","slug":"hq-kites-designs-bouncing-birdeez-chicken","status":"publish","type":"product","link":"https:\/\/schweizversand.ch\/en\/produkt\/hq-kites-designs-bouncing-birdeez-chicken\/","title":{"rendered":"Hq Kites &#038; Designs Bouncing Birdeez Chicken"},"content":{"rendered":"<div>Bouncing Birdeez \u2013 The bouncing outdoor toy for wind &#038; fun!<br \/>The Bouncing Birdeez brings movement, fun, and action to the fresh air! With a diameter of 60 cm, this extraordinary outdoor toy is large enough to be highly visible and delights children and adults alike \u2013 whether in the meadow, the park, or on the beach.<br \/>Made of robust ripstop nylon, the Bouncing Birdeez is particularly durable and long-lasting, even with frequent use. In winds of 3 Beaufort (approx. 19 km\/h) and above, the toy unfolds its full potential: It bounces, jumps, and dances in the wind \u2013 fascinating fun for young and old!<br \/>Product benefits at a glance:<br \/>\u2022 Large diameter (60 cm): Highly visible &#038; Perfect for outdoor activities<br \/>\u2022 Robust material: Made from tear-resistant ripstop nylon for long-lasting durability<br \/>\u2022 Wind-activated toy: Ideal in winds from 3 Beaufort (approx. 19 km\/h)<br \/>\u2022 Versatile use: For the garden, park, camping, or beach<br \/>\u2022 Exercise &#038; fun: Encourages activity, dexterity, and observation<\/p>\n<\/div>\n<div>With the Bouncing Birdeez, you get a weather-activated toy that combines fun, exercise, and fresh air \u2013 perfect for windy days and active families!<\/p>\n<\/div>\n","protected":false},"excerpt":{"rendered":"<p>Bouncing Birdeez \u2013 The bouncing outdoor toy for wind &#038; fun!The Bouncing Birdeez brings movement, fun, and action to the fresh air! With a diameter of 60 cm, this extraordinary outdoor toy is large enough to be highly visible and delights children and adults alike \u2013 whether in the meadow, the park, or on the beach.Made of robust ripstop nylon, the Bouncing Birdeez is particularly durable and long-lasting, even with frequent use. In winds of&hellip;<\/p>\n","protected":false},"featured_media":257395,"comment_status":"open","ping_status":"closed","template":"","meta":[],"product_brand":[],"product_cat":[38024],"product_tag":[],"class_list":{"0":"post-247157","1":"product","2":"type-product","3":"status-publish","4":"has-post-thumbnail","6":"product_cat-diverses","7":"product_shipping_class-global_methods","9":"first","10":"instock","11":"taxable","12":"shipping-taxable","13":"purchasable","14":"product-type-simple"},"yoast_head":"<!-- This site is optimized with the Yoast SEO plugin v27.4 - https:\/\/yoast.com\/product\/yoast-seo-wordpress\/ -->\n<title>Hq Kites &amp; Designs Bouncing Birdeez Chicken<\/title>\n<meta name=\"description\" content=\"Bouncing Birdeez \u2013 Das h\u00fcpfende Outdoor-Spielzeug f\u00fcr Wind &amp; Spa\u00df!\u00a0 Der Bouncing Birdeez sorgt f\u00fcr Bewegung, Spielspa\u00df und Action an der frischen Luft! Mit eine\" \/>\n<meta name=\"robots\" content=\"index, follow, max-snippet:-1, max-image-preview:large, max-video-preview:-1\" \/>\n<link rel=\"canonical\" href=\"https:\/\/schweizversand.ch\/en\/produkt\/hq-kites-designs-bouncing-birdeez-chicken\/\" \/>\n<meta property=\"og:locale\" content=\"en_US\" \/>\n<meta property=\"og:type\" content=\"article\" \/>\n<meta property=\"og:title\" content=\"Hq Kites &amp; Designs Bouncing Birdeez Chicken\" \/>\n<meta property=\"og:description\" content=\"Bouncing Birdeez \u2013 Das h\u00fcpfende Outdoor-Spielzeug f\u00fcr Wind &amp; Spa\u00df!\u00a0 Der Bouncing Birdeez sorgt f\u00fcr Bewegung, Spielspa\u00df und Action an der frischen Luft! Mit eine\" \/>\n<meta property=\"og:url\" content=\"https:\/\/schweizversand.ch\/en\/produkt\/hq-kites-designs-bouncing-birdeez-chicken\/\" \/>\n<meta property=\"og:site_name\" content=\"Schweizer Shop f\u00fcr Sport, Spiel und Freizeit\" \/>\n<meta property=\"article:publisher\" content=\"https:\/\/www.facebook.com\/Schweizversand\" \/>\n<meta property=\"article:modified_time\" content=\"2026-04-19T00:02:36+00:00\" \/>\n<meta property=\"og:image\" content=\"https:\/\/schweizversand.ch\/wp-content\/uploads\/2026\/02\/5471827024.jpg\" \/>\n\t<meta property=\"og:image:width\" content=\"1024\" \/>\n\t<meta property=\"og:image:height\" content=\"1024\" \/>\n\t<meta property=\"og:image:type\" content=\"image\/jpeg\" \/>\n<meta name=\"twitter:card\" content=\"summary_large_image\" \/>\n<meta name=\"twitter:label1\" content=\"Est. reading time\" \/>\n\t<meta name=\"twitter:data1\" content=\"1 minute\" \/>\n<script type=\"application\/ld+json\" class=\"yoast-schema-graph\">{\"@context\":\"https:\\\/\\\/schema.org\",\"@graph\":[{\"@type\":\"WebPage\",\"@id\":\"https:\\\/\\\/schweizversand.ch\\\/en\\\/produkt\\\/hq-kites-designs-bouncing-birdeez-chicken\\\/\",\"url\":\"https:\\\/\\\/schweizversand.ch\\\/en\\\/produkt\\\/hq-kites-designs-bouncing-birdeez-chicken\\\/\",\"name\":\"Hq Kites & Designs Bouncing Birdeez Chicken\",\"isPartOf\":{\"@id\":\"https:\\\/\\\/schweizversand.ch\\\/en\\\/#website\"},\"primaryImageOfPage\":{\"@id\":\"https:\\\/\\\/schweizversand.ch\\\/en\\\/produkt\\\/hq-kites-designs-bouncing-birdeez-chicken\\\/#primaryimage\"},\"image\":{\"@id\":\"https:\\\/\\\/schweizversand.ch\\\/en\\\/produkt\\\/hq-kites-designs-bouncing-birdeez-chicken\\\/#primaryimage\"},\"thumbnailUrl\":\"https:\\\/\\\/schweizversand.ch\\\/wp-content\\\/uploads\\\/2026\\\/02\\\/5471827024.jpg\",\"datePublished\":\"2026-03-14T22:21:39+00:00\",\"dateModified\":\"2026-04-19T00:02:36+00:00\",\"description\":\"Bouncing Birdeez \u2013 Das h\u00fcpfende Outdoor-Spielzeug f\u00fcr Wind & Spa\u00df!\u00a0 Der Bouncing Birdeez sorgt f\u00fcr Bewegung, Spielspa\u00df und Action an der frischen Luft! Mit eine\",\"breadcrumb\":{\"@id\":\"https:\\\/\\\/schweizversand.ch\\\/en\\\/produkt\\\/hq-kites-designs-bouncing-birdeez-chicken\\\/#breadcrumb\"},\"inLanguage\":\"en-US\",\"potentialAction\":[{\"@type\":\"ReadAction\",\"target\":[\"https:\\\/\\\/schweizversand.ch\\\/en\\\/produkt\\\/hq-kites-designs-bouncing-birdeez-chicken\\\/\"]}]},{\"@type\":\"ImageObject\",\"inLanguage\":\"en-US\",\"@id\":\"https:\\\/\\\/schweizversand.ch\\\/en\\\/produkt\\\/hq-kites-designs-bouncing-birdeez-chicken\\\/#primaryimage\",\"url\":\"https:\\\/\\\/schweizversand.ch\\\/wp-content\\\/uploads\\\/2026\\\/02\\\/5471827024.jpg\",\"contentUrl\":\"https:\\\/\\\/schweizversand.ch\\\/wp-content\\\/uploads\\\/2026\\\/02\\\/5471827024.jpg\",\"width\":1024,\"height\":1024},{\"@type\":\"BreadcrumbList\",\"@id\":\"https:\\\/\\\/schweizversand.ch\\\/en\\\/produkt\\\/hq-kites-designs-bouncing-birdeez-chicken\\\/#breadcrumb\",\"itemListElement\":[{\"@type\":\"ListItem\",\"position\":1,\"name\":\"Startseite\",\"item\":\"https:\\\/\\\/schweizversand.ch\\\/en\\\/\"},{\"@type\":\"ListItem\",\"position\":2,\"name\":\"Shop\",\"item\":\"https:\\\/\\\/schweizversand.ch\\\/en\\\/shop\\\/\"},{\"@type\":\"ListItem\",\"position\":3,\"name\":\"Toys &amp; Games\",\"item\":\"https:\\\/\\\/schweizversand.ch\\\/en\\\/produkt-kategorie\\\/toys-games\\\/\"},{\"@type\":\"ListItem\",\"position\":4,\"name\":\"Party &amp; Fun\",\"item\":\"https:\\\/\\\/schweizversand.ch\\\/en\\\/produkt-kategorie\\\/toys-games\\\/party-fun\\\/\"},{\"@type\":\"ListItem\",\"position\":5,\"name\":\"Miscellaneous\",\"item\":\"https:\\\/\\\/schweizversand.ch\\\/en\\\/produkt-kategorie\\\/toys-games\\\/party-fun\\\/diverses\\\/\"},{\"@type\":\"ListItem\",\"position\":6,\"name\":\"Hq Kites &#038; Designs Bouncing Birdeez Chicken\"}]},{\"@type\":\"WebSite\",\"@id\":\"https:\\\/\\\/schweizversand.ch\\\/en\\\/#website\",\"url\":\"https:\\\/\\\/schweizversand.ch\\\/en\\\/\",\"name\":\"Schweizer Shop f\u00fcr Sport, Spiel und Freizeit\",\"description\":\"Gratisversand ab 50.- (netto), ab eigenem schweizer Lager, Lieferung innert 48h\",\"publisher\":{\"@id\":\"https:\\\/\\\/schweizversand.ch\\\/en\\\/#organization\"},\"alternateName\":\"Schweizversand.ch\",\"potentialAction\":[{\"@type\":\"SearchAction\",\"target\":{\"@type\":\"EntryPoint\",\"urlTemplate\":\"https:\\\/\\\/schweizversand.ch\\\/en\\\/?s={search_term_string}\"},\"query-input\":{\"@type\":\"PropertyValueSpecification\",\"valueRequired\":true,\"valueName\":\"search_term_string\"}}],\"inLanguage\":\"en-US\"},{\"@type\":\"Organization\",\"@id\":\"https:\\\/\\\/schweizversand.ch\\\/en\\\/#organization\",\"name\":\"Schweizversand.ch\",\"url\":\"https:\\\/\\\/schweizversand.ch\\\/en\\\/\",\"logo\":{\"@type\":\"ImageObject\",\"inLanguage\":\"en-US\",\"@id\":\"https:\\\/\\\/schweizversand.ch\\\/en\\\/#\\\/schema\\\/logo\\\/image\\\/\",\"url\":\"https:\\\/\\\/schweizversand.ch\\\/wp-content\\\/uploads\\\/2026\\\/03\\\/Logo_Rund_Final-1.png\",\"contentUrl\":\"https:\\\/\\\/schweizversand.ch\\\/wp-content\\\/uploads\\\/2026\\\/03\\\/Logo_Rund_Final-1.png\",\"width\":404,\"height\":404,\"caption\":\"Schweizversand.ch\"},\"image\":{\"@id\":\"https:\\\/\\\/schweizversand.ch\\\/en\\\/#\\\/schema\\\/logo\\\/image\\\/\"},\"sameAs\":[\"https:\\\/\\\/www.facebook.com\\\/Schweizversand\",\"https:\\\/\\\/www.instagram.com\\\/schweizversand.ch\\\/\"]}]}<\/script>\n<!-- \/ Yoast SEO plugin. -->","yoast_head_json":{"title":"Hq Kites & Designs Bouncing Birdeez Chicken","description":"Bouncing Birdeez \u2013 Das h\u00fcpfende Outdoor-Spielzeug f\u00fcr Wind & Spa\u00df!\u00a0 Der Bouncing Birdeez sorgt f\u00fcr Bewegung, Spielspa\u00df und Action an der frischen Luft! Mit eine","robots":{"index":"index","follow":"follow","max-snippet":"max-snippet:-1","max-image-preview":"max-image-preview:large","max-video-preview":"max-video-preview:-1"},"canonical":"https:\/\/schweizversand.ch\/en\/produkt\/hq-kites-designs-bouncing-birdeez-chicken\/","og_locale":"en_US","og_type":"article","og_title":"Hq Kites & Designs Bouncing Birdeez Chicken","og_description":"Bouncing Birdeez \u2013 Das h\u00fcpfende Outdoor-Spielzeug f\u00fcr Wind & Spa\u00df!\u00a0 Der Bouncing Birdeez sorgt f\u00fcr Bewegung, Spielspa\u00df und Action an der frischen Luft! Mit eine","og_url":"https:\/\/schweizversand.ch\/en\/produkt\/hq-kites-designs-bouncing-birdeez-chicken\/","og_site_name":"Schweizer Shop f\u00fcr Sport, Spiel und Freizeit","article_publisher":"https:\/\/www.facebook.com\/Schweizversand","article_modified_time":"2026-04-19T00:02:36+00:00","og_image":[{"width":1024,"height":1024,"url":"https:\/\/schweizversand.ch\/wp-content\/uploads\/2026\/02\/5471827024.jpg","type":"image\/jpeg"}],"twitter_card":"summary_large_image","twitter_misc":{"Est. reading time":"1 minute"},"schema":{"@context":"https:\/\/schema.org","@graph":[{"@type":"WebPage","@id":"https:\/\/schweizversand.ch\/en\/produkt\/hq-kites-designs-bouncing-birdeez-chicken\/","url":"https:\/\/schweizversand.ch\/en\/produkt\/hq-kites-designs-bouncing-birdeez-chicken\/","name":"Hq Kites & Designs Bouncing Birdeez Chicken","isPartOf":{"@id":"https:\/\/schweizversand.ch\/en\/#website"},"primaryImageOfPage":{"@id":"https:\/\/schweizversand.ch\/en\/produkt\/hq-kites-designs-bouncing-birdeez-chicken\/#primaryimage"},"image":{"@id":"https:\/\/schweizversand.ch\/en\/produkt\/hq-kites-designs-bouncing-birdeez-chicken\/#primaryimage"},"thumbnailUrl":"https:\/\/schweizversand.ch\/wp-content\/uploads\/2026\/02\/5471827024.jpg","datePublished":"2026-03-14T22:21:39+00:00","dateModified":"2026-04-19T00:02:36+00:00","description":"Bouncing Birdeez \u2013 Das h\u00fcpfende Outdoor-Spielzeug f\u00fcr Wind & Spa\u00df!\u00a0 Der Bouncing Birdeez sorgt f\u00fcr Bewegung, Spielspa\u00df und Action an der frischen Luft! Mit eine","breadcrumb":{"@id":"https:\/\/schweizversand.ch\/en\/produkt\/hq-kites-designs-bouncing-birdeez-chicken\/#breadcrumb"},"inLanguage":"en-US","potentialAction":[{"@type":"ReadAction","target":["https:\/\/schweizversand.ch\/en\/produkt\/hq-kites-designs-bouncing-birdeez-chicken\/"]}]},{"@type":"ImageObject","inLanguage":"en-US","@id":"https:\/\/schweizversand.ch\/en\/produkt\/hq-kites-designs-bouncing-birdeez-chicken\/#primaryimage","url":"https:\/\/schweizversand.ch\/wp-content\/uploads\/2026\/02\/5471827024.jpg","contentUrl":"https:\/\/schweizversand.ch\/wp-content\/uploads\/2026\/02\/5471827024.jpg","width":1024,"height":1024},{"@type":"BreadcrumbList","@id":"https:\/\/schweizversand.ch\/en\/produkt\/hq-kites-designs-bouncing-birdeez-chicken\/#breadcrumb","itemListElement":[{"@type":"ListItem","position":1,"name":"Startseite","item":"https:\/\/schweizversand.ch\/en\/"},{"@type":"ListItem","position":2,"name":"Shop","item":"https:\/\/schweizversand.ch\/en\/shop\/"},{"@type":"ListItem","position":3,"name":"Toys &amp; Games","item":"https:\/\/schweizversand.ch\/en\/produkt-kategorie\/toys-games\/"},{"@type":"ListItem","position":4,"name":"Party &amp; Fun","item":"https:\/\/schweizversand.ch\/en\/produkt-kategorie\/toys-games\/party-fun\/"},{"@type":"ListItem","position":5,"name":"Miscellaneous","item":"https:\/\/schweizversand.ch\/en\/produkt-kategorie\/toys-games\/party-fun\/diverses\/"},{"@type":"ListItem","position":6,"name":"Hq Kites &#038; Designs Bouncing Birdeez Chicken"}]},{"@type":"WebSite","@id":"https:\/\/schweizversand.ch\/en\/#website","url":"https:\/\/schweizversand.ch\/en\/","name":"Schweizer Shop f\u00fcr Sport, Spiel und Freizeit","description":"Gratisversand ab 50.- (netto), ab eigenem schweizer Lager, Lieferung innert 48h","publisher":{"@id":"https:\/\/schweizversand.ch\/en\/#organization"},"alternateName":"Schweizversand.ch","potentialAction":[{"@type":"SearchAction","target":{"@type":"EntryPoint","urlTemplate":"https:\/\/schweizversand.ch\/en\/?s={search_term_string}"},"query-input":{"@type":"PropertyValueSpecification","valueRequired":true,"valueName":"search_term_string"}}],"inLanguage":"en-US"},{"@type":"Organization","@id":"https:\/\/schweizversand.ch\/en\/#organization","name":"Schweizversand.ch","url":"https:\/\/schweizversand.ch\/en\/","logo":{"@type":"ImageObject","inLanguage":"en-US","@id":"https:\/\/schweizversand.ch\/en\/#\/schema\/logo\/image\/","url":"https:\/\/schweizversand.ch\/wp-content\/uploads\/2026\/03\/Logo_Rund_Final-1.png","contentUrl":"https:\/\/schweizversand.ch\/wp-content\/uploads\/2026\/03\/Logo_Rund_Final-1.png","width":404,"height":404,"caption":"Schweizversand.ch"},"image":{"@id":"https:\/\/schweizversand.ch\/en\/#\/schema\/logo\/image\/"},"sameAs":["https:\/\/www.facebook.com\/Schweizversand","https:\/\/www.instagram.com\/schweizversand.ch\/"]}]}},"jetpack_sharing_enabled":true,"_links":{"self":[{"href":"https:\/\/schweizversand.ch\/en\/wp-json\/wp\/v2\/product\/247157","targetHints":{"allow":["GET"]}}],"collection":[{"href":"https:\/\/schweizversand.ch\/en\/wp-json\/wp\/v2\/product"}],"about":[{"href":"https:\/\/schweizversand.ch\/en\/wp-json\/wp\/v2\/types\/product"}],"replies":[{"embeddable":true,"href":"https:\/\/schweizversand.ch\/en\/wp-json\/wp\/v2\/comments?post=247157"}],"wp:featuredmedia":[{"embeddable":true,"href":"https:\/\/schweizversand.ch\/en\/wp-json\/wp\/v2\/media\/257395"}],"wp:attachment":[{"href":"https:\/\/schweizversand.ch\/en\/wp-json\/wp\/v2\/media?parent=247157"}],"wp:term":[{"taxonomy":"product_brand","embeddable":true,"href":"https:\/\/schweizversand.ch\/en\/wp-json\/wp\/v2\/product_brand?post=247157"},{"taxonomy":"product_cat","embeddable":true,"href":"https:\/\/schweizversand.ch\/en\/wp-json\/wp\/v2\/product_cat?post=247157"},{"taxonomy":"product_tag","embeddable":true,"href":"https:\/\/schweizversand.ch\/en\/wp-json\/wp\/v2\/product_tag?post=247157"}],"curies":[{"name":"wp","href":"https:\/\/api.w.org\/{rel}","templated":true}]}}