{"id":247859,"date":"2026-03-14T23:20:58","date_gmt":"2026-03-14T22:20:58","guid":{"rendered":"https:\/\/schweizversand.ch\/produkt\/champ-wand-flaschenoeffner\/"},"modified":"2026-04-19T02:00:49","modified_gmt":"2026-04-19T00:00:49","slug":"champ-wand-flaschenoeffner","status":"publish","type":"product","link":"https:\/\/schweizversand.ch\/en\/produkt\/champ-wand-flaschenoeffner\/","title":{"rendered":"CHAMP wall-mounted bottle opener"},"content":{"rendered":"<h1><strong>Wall-Mounted Bottle Opener in MDF Design \u2013 Practical &#038; Decorative<\/strong><\/h1>\n<div>Add a rustic touch to your kitchen, party room, or patio with this stylish <strong>wall-mounted bottle opener<\/strong>. This accessory combines functionality with decorative charm and is always within easy reach thanks to its practical <strong>wall mounting<\/strong>.<\/p>\n<\/div>\n<div><strong>Design and Material<\/strong><br \/>This attractive <strong>wooden bottle opener<\/strong> is made of robust MDF and impresses with its warm, brown wood look. Its decorative design makes it a real eye-catcher and blends seamlessly into rustic or modern interior styles. The <strong>MDF bottle opener<\/strong> offers a durable and stable solution for all beer lovers.<\/p>\n<\/div>\n<div><strong>Your advantages at a glance<\/strong><br \/> &#8211; Stylish <strong>wall-mounted bottle opener<\/strong> in a rustic wood look<br \/> &#8211; Always within easy reach thanks to simple <strong>wall-mounted bottle opener<\/strong><br \/> &#8211; Robust and durable MDF material<br \/> &#8211; Perfect <strong>gift for barbecue fans<\/strong>, beer connoisseurs, or as an original home accessory<\/p>\n<\/div>\n<div><strong>Product details and information<\/strong><br \/> &#8211; Size: 30 \u00d7 20 cm<br \/> &#8211; Material: High-quality MDF wood<br \/> &#8211; Color: Elegant brown<\/p>\n<\/div>\n<div>Please note that the designs are delivered assorted and no selection is possible. The price shown is per piece. Get this rustic bottle opener and enjoy the perfect blend of style and function.<\/p>\n","protected":false},"excerpt":{"rendered":"<p>Wall-Mounted Bottle Opener in MDF Design \u2013 Practical &#038; Decorative Add a rustic touch to your kitchen, party room, or patio with this stylish wall-mounted bottle opener. This accessory combines functionality with decorative charm and is always within easy reach thanks to its practical wall mounting. Design and MaterialThis attractive wooden bottle opener is made of robust MDF and impresses with its warm, brown wood look. Its decorative design makes it a real eye-catcher and&hellip;<\/p>\n","protected":false},"featured_media":257562,"comment_status":"open","ping_status":"closed","template":"","meta":[],"product_brand":[],"product_cat":[38538,38304,37960],"product_tag":[],"class_list":{"0":"post-247859","1":"product","2":"type-product","3":"status-publish","4":"has-post-thumbnail","6":"product_cat-wanddekoration","9":"product_shipping_class-global_methods","11":"first","12":"instock","13":"taxable","14":"shipping-taxable","15":"purchasable","16":"product-type-simple"},"yoast_head":"<!-- This site is optimized with the Yoast SEO plugin v27.4 - https:\/\/yoast.com\/product\/yoast-seo-wordpress\/ -->\n<title>CHAMP Wand-Flaschen\u00f6ffner | Jetzt kaufen | Schweizversand.ch<\/title>\n<meta name=\"description\" content=\"CHAMP Wand-Flaschen\u00f6ffner g\u00fcnstig kaufen bei Schweizversand.ch. Schnelle Lieferung in der Schweiz. Gratisversand ab CHF 50.\" \/>\n<meta name=\"robots\" content=\"index, follow, max-snippet:-1, max-image-preview:large, max-video-preview:-1\" \/>\n<link rel=\"canonical\" href=\"https:\/\/schweizversand.ch\/en\/produkt\/champ-wand-flaschenoeffner\/\" \/>\n<meta property=\"og:locale\" content=\"en_US\" \/>\n<meta property=\"og:type\" content=\"article\" \/>\n<meta property=\"og:title\" content=\"CHAMP Wand-Flaschen\u00f6ffner | Jetzt kaufen | Schweizversand.ch\" \/>\n<meta property=\"og:description\" content=\"CHAMP Wand-Flaschen\u00f6ffner g\u00fcnstig kaufen bei Schweizversand.ch. Schnelle Lieferung in der Schweiz. Gratisversand ab CHF 50.\" \/>\n<meta property=\"og:url\" content=\"https:\/\/schweizversand.ch\/en\/produkt\/champ-wand-flaschenoeffner\/\" \/>\n<meta property=\"og:site_name\" content=\"Schweizer Shop f\u00fcr Sport, Spiel und Freizeit\" \/>\n<meta property=\"article:publisher\" content=\"https:\/\/www.facebook.com\/Schweizversand\" \/>\n<meta property=\"article:modified_time\" content=\"2026-04-19T00:00:49+00:00\" \/>\n<meta property=\"og:image\" content=\"https:\/\/schweizversand.ch\/wp-content\/uploads\/2026\/02\/5471860119.jpg\" \/>\n\t<meta property=\"og:image:width\" content=\"1024\" \/>\n\t<meta property=\"og:image:height\" content=\"899\" \/>\n\t<meta property=\"og:image:type\" content=\"image\/jpeg\" \/>\n<meta name=\"twitter:card\" content=\"summary_large_image\" \/>\n<meta name=\"twitter:label1\" content=\"Est. reading time\" \/>\n\t<meta name=\"twitter:data1\" content=\"1 minute\" \/>\n<script type=\"application\/ld+json\" class=\"yoast-schema-graph\">{\"@context\":\"https:\\\/\\\/schema.org\",\"@graph\":[{\"@type\":\"WebPage\",\"@id\":\"https:\\\/\\\/schweizversand.ch\\\/en\\\/produkt\\\/champ-wand-flaschenoeffner\\\/\",\"url\":\"https:\\\/\\\/schweizversand.ch\\\/en\\\/produkt\\\/champ-wand-flaschenoeffner\\\/\",\"name\":\"CHAMP Wand-Flaschen\u00f6ffner | Jetzt kaufen | Schweizversand.ch\",\"isPartOf\":{\"@id\":\"https:\\\/\\\/schweizversand.ch\\\/en\\\/#website\"},\"primaryImageOfPage\":{\"@id\":\"https:\\\/\\\/schweizversand.ch\\\/en\\\/produkt\\\/champ-wand-flaschenoeffner\\\/#primaryimage\"},\"image\":{\"@id\":\"https:\\\/\\\/schweizversand.ch\\\/en\\\/produkt\\\/champ-wand-flaschenoeffner\\\/#primaryimage\"},\"thumbnailUrl\":\"https:\\\/\\\/schweizversand.ch\\\/wp-content\\\/uploads\\\/2026\\\/02\\\/5471860119.jpg\",\"datePublished\":\"2026-03-14T22:20:58+00:00\",\"dateModified\":\"2026-04-19T00:00:49+00:00\",\"description\":\"CHAMP Wand-Flaschen\u00f6ffner g\u00fcnstig kaufen bei Schweizversand.ch. Schnelle Lieferung in der Schweiz. Gratisversand ab CHF 50.\",\"breadcrumb\":{\"@id\":\"https:\\\/\\\/schweizversand.ch\\\/en\\\/produkt\\\/champ-wand-flaschenoeffner\\\/#breadcrumb\"},\"inLanguage\":\"en-US\",\"potentialAction\":[{\"@type\":\"ReadAction\",\"target\":[\"https:\\\/\\\/schweizversand.ch\\\/en\\\/produkt\\\/champ-wand-flaschenoeffner\\\/\"]}]},{\"@type\":\"ImageObject\",\"inLanguage\":\"en-US\",\"@id\":\"https:\\\/\\\/schweizversand.ch\\\/en\\\/produkt\\\/champ-wand-flaschenoeffner\\\/#primaryimage\",\"url\":\"https:\\\/\\\/schweizversand.ch\\\/wp-content\\\/uploads\\\/2026\\\/02\\\/5471860119.jpg\",\"contentUrl\":\"https:\\\/\\\/schweizversand.ch\\\/wp-content\\\/uploads\\\/2026\\\/02\\\/5471860119.jpg\",\"width\":1024,\"height\":899},{\"@type\":\"BreadcrumbList\",\"@id\":\"https:\\\/\\\/schweizversand.ch\\\/en\\\/produkt\\\/champ-wand-flaschenoeffner\\\/#breadcrumb\",\"itemListElement\":[{\"@type\":\"ListItem\",\"position\":1,\"name\":\"Startseite\",\"item\":\"https:\\\/\\\/schweizversand.ch\\\/en\\\/\"},{\"@type\":\"ListItem\",\"position\":2,\"name\":\"Shop\",\"item\":\"https:\\\/\\\/schweizversand.ch\\\/en\\\/shop\\\/\"},{\"@type\":\"ListItem\",\"position\":3,\"name\":\"Home\",\"item\":\"https:\\\/\\\/schweizversand.ch\\\/en\\\/produkt-kategorie\\\/home\\\/\"},{\"@type\":\"ListItem\",\"position\":4,\"name\":\"Decor &amp; Accessories\",\"item\":\"https:\\\/\\\/schweizversand.ch\\\/en\\\/produkt-kategorie\\\/home\\\/decor-accessories\\\/\"},{\"@type\":\"ListItem\",\"position\":5,\"name\":\"Wall Decoration\",\"item\":\"https:\\\/\\\/schweizversand.ch\\\/en\\\/produkt-kategorie\\\/home\\\/decor-accessories\\\/wanddekoration\\\/\"},{\"@type\":\"ListItem\",\"position\":6,\"name\":\"CHAMP wall-mounted bottle opener\"}]},{\"@type\":\"WebSite\",\"@id\":\"https:\\\/\\\/schweizversand.ch\\\/en\\\/#website\",\"url\":\"https:\\\/\\\/schweizversand.ch\\\/en\\\/\",\"name\":\"Schweizer Shop f\u00fcr Sport, Spiel und Freizeit\",\"description\":\"Gratisversand ab 50.- (netto), ab eigenem schweizer Lager, Lieferung innert 48h\",\"publisher\":{\"@id\":\"https:\\\/\\\/schweizversand.ch\\\/en\\\/#organization\"},\"alternateName\":\"Schweizversand.ch\",\"potentialAction\":[{\"@type\":\"SearchAction\",\"target\":{\"@type\":\"EntryPoint\",\"urlTemplate\":\"https:\\\/\\\/schweizversand.ch\\\/en\\\/?s={search_term_string}\"},\"query-input\":{\"@type\":\"PropertyValueSpecification\",\"valueRequired\":true,\"valueName\":\"search_term_string\"}}],\"inLanguage\":\"en-US\"},{\"@type\":\"Organization\",\"@id\":\"https:\\\/\\\/schweizversand.ch\\\/en\\\/#organization\",\"name\":\"Schweizversand.ch\",\"url\":\"https:\\\/\\\/schweizversand.ch\\\/en\\\/\",\"logo\":{\"@type\":\"ImageObject\",\"inLanguage\":\"en-US\",\"@id\":\"https:\\\/\\\/schweizversand.ch\\\/en\\\/#\\\/schema\\\/logo\\\/image\\\/\",\"url\":\"https:\\\/\\\/schweizversand.ch\\\/wp-content\\\/uploads\\\/2026\\\/03\\\/Logo_Rund_Final-1.png\",\"contentUrl\":\"https:\\\/\\\/schweizversand.ch\\\/wp-content\\\/uploads\\\/2026\\\/03\\\/Logo_Rund_Final-1.png\",\"width\":404,\"height\":404,\"caption\":\"Schweizversand.ch\"},\"image\":{\"@id\":\"https:\\\/\\\/schweizversand.ch\\\/en\\\/#\\\/schema\\\/logo\\\/image\\\/\"},\"sameAs\":[\"https:\\\/\\\/www.facebook.com\\\/Schweizversand\",\"https:\\\/\\\/www.instagram.com\\\/schweizversand.ch\\\/\"]}]}<\/script>\n<!-- \/ Yoast SEO plugin. -->","yoast_head_json":{"title":"CHAMP Wand-Flaschen\u00f6ffner | Jetzt kaufen | Schweizversand.ch","description":"CHAMP Wand-Flaschen\u00f6ffner g\u00fcnstig kaufen bei Schweizversand.ch. Schnelle Lieferung in der Schweiz. Gratisversand ab CHF 50.","robots":{"index":"index","follow":"follow","max-snippet":"max-snippet:-1","max-image-preview":"max-image-preview:large","max-video-preview":"max-video-preview:-1"},"canonical":"https:\/\/schweizversand.ch\/en\/produkt\/champ-wand-flaschenoeffner\/","og_locale":"en_US","og_type":"article","og_title":"CHAMP Wand-Flaschen\u00f6ffner | Jetzt kaufen | Schweizversand.ch","og_description":"CHAMP Wand-Flaschen\u00f6ffner g\u00fcnstig kaufen bei Schweizversand.ch. Schnelle Lieferung in der Schweiz. Gratisversand ab CHF 50.","og_url":"https:\/\/schweizversand.ch\/en\/produkt\/champ-wand-flaschenoeffner\/","og_site_name":"Schweizer Shop f\u00fcr Sport, Spiel und Freizeit","article_publisher":"https:\/\/www.facebook.com\/Schweizversand","article_modified_time":"2026-04-19T00:00:49+00:00","og_image":[{"width":1024,"height":899,"url":"https:\/\/schweizversand.ch\/wp-content\/uploads\/2026\/02\/5471860119.jpg","type":"image\/jpeg"}],"twitter_card":"summary_large_image","twitter_misc":{"Est. reading time":"1 minute"},"schema":{"@context":"https:\/\/schema.org","@graph":[{"@type":"WebPage","@id":"https:\/\/schweizversand.ch\/en\/produkt\/champ-wand-flaschenoeffner\/","url":"https:\/\/schweizversand.ch\/en\/produkt\/champ-wand-flaschenoeffner\/","name":"CHAMP Wand-Flaschen\u00f6ffner | Jetzt kaufen | Schweizversand.ch","isPartOf":{"@id":"https:\/\/schweizversand.ch\/en\/#website"},"primaryImageOfPage":{"@id":"https:\/\/schweizversand.ch\/en\/produkt\/champ-wand-flaschenoeffner\/#primaryimage"},"image":{"@id":"https:\/\/schweizversand.ch\/en\/produkt\/champ-wand-flaschenoeffner\/#primaryimage"},"thumbnailUrl":"https:\/\/schweizversand.ch\/wp-content\/uploads\/2026\/02\/5471860119.jpg","datePublished":"2026-03-14T22:20:58+00:00","dateModified":"2026-04-19T00:00:49+00:00","description":"CHAMP Wand-Flaschen\u00f6ffner g\u00fcnstig kaufen bei Schweizversand.ch. Schnelle Lieferung in der Schweiz. Gratisversand ab CHF 50.","breadcrumb":{"@id":"https:\/\/schweizversand.ch\/en\/produkt\/champ-wand-flaschenoeffner\/#breadcrumb"},"inLanguage":"en-US","potentialAction":[{"@type":"ReadAction","target":["https:\/\/schweizversand.ch\/en\/produkt\/champ-wand-flaschenoeffner\/"]}]},{"@type":"ImageObject","inLanguage":"en-US","@id":"https:\/\/schweizversand.ch\/en\/produkt\/champ-wand-flaschenoeffner\/#primaryimage","url":"https:\/\/schweizversand.ch\/wp-content\/uploads\/2026\/02\/5471860119.jpg","contentUrl":"https:\/\/schweizversand.ch\/wp-content\/uploads\/2026\/02\/5471860119.jpg","width":1024,"height":899},{"@type":"BreadcrumbList","@id":"https:\/\/schweizversand.ch\/en\/produkt\/champ-wand-flaschenoeffner\/#breadcrumb","itemListElement":[{"@type":"ListItem","position":1,"name":"Startseite","item":"https:\/\/schweizversand.ch\/en\/"},{"@type":"ListItem","position":2,"name":"Shop","item":"https:\/\/schweizversand.ch\/en\/shop\/"},{"@type":"ListItem","position":3,"name":"Home","item":"https:\/\/schweizversand.ch\/en\/produkt-kategorie\/home\/"},{"@type":"ListItem","position":4,"name":"Decor &amp; Accessories","item":"https:\/\/schweizversand.ch\/en\/produkt-kategorie\/home\/decor-accessories\/"},{"@type":"ListItem","position":5,"name":"Wall Decoration","item":"https:\/\/schweizversand.ch\/en\/produkt-kategorie\/home\/decor-accessories\/wanddekoration\/"},{"@type":"ListItem","position":6,"name":"CHAMP wall-mounted bottle opener"}]},{"@type":"WebSite","@id":"https:\/\/schweizversand.ch\/en\/#website","url":"https:\/\/schweizversand.ch\/en\/","name":"Schweizer Shop f\u00fcr Sport, Spiel und Freizeit","description":"Gratisversand ab 50.- (netto), ab eigenem schweizer Lager, Lieferung innert 48h","publisher":{"@id":"https:\/\/schweizversand.ch\/en\/#organization"},"alternateName":"Schweizversand.ch","potentialAction":[{"@type":"SearchAction","target":{"@type":"EntryPoint","urlTemplate":"https:\/\/schweizversand.ch\/en\/?s={search_term_string}"},"query-input":{"@type":"PropertyValueSpecification","valueRequired":true,"valueName":"search_term_string"}}],"inLanguage":"en-US"},{"@type":"Organization","@id":"https:\/\/schweizversand.ch\/en\/#organization","name":"Schweizversand.ch","url":"https:\/\/schweizversand.ch\/en\/","logo":{"@type":"ImageObject","inLanguage":"en-US","@id":"https:\/\/schweizversand.ch\/en\/#\/schema\/logo\/image\/","url":"https:\/\/schweizversand.ch\/wp-content\/uploads\/2026\/03\/Logo_Rund_Final-1.png","contentUrl":"https:\/\/schweizversand.ch\/wp-content\/uploads\/2026\/03\/Logo_Rund_Final-1.png","width":404,"height":404,"caption":"Schweizversand.ch"},"image":{"@id":"https:\/\/schweizversand.ch\/en\/#\/schema\/logo\/image\/"},"sameAs":["https:\/\/www.facebook.com\/Schweizversand","https:\/\/www.instagram.com\/schweizversand.ch\/"]}]}},"jetpack_sharing_enabled":true,"_links":{"self":[{"href":"https:\/\/schweizversand.ch\/en\/wp-json\/wp\/v2\/product\/247859","targetHints":{"allow":["GET"]}}],"collection":[{"href":"https:\/\/schweizversand.ch\/en\/wp-json\/wp\/v2\/product"}],"about":[{"href":"https:\/\/schweizversand.ch\/en\/wp-json\/wp\/v2\/types\/product"}],"replies":[{"embeddable":true,"href":"https:\/\/schweizversand.ch\/en\/wp-json\/wp\/v2\/comments?post=247859"}],"wp:featuredmedia":[{"embeddable":true,"href":"https:\/\/schweizversand.ch\/en\/wp-json\/wp\/v2\/media\/257562"}],"wp:attachment":[{"href":"https:\/\/schweizversand.ch\/en\/wp-json\/wp\/v2\/media?parent=247859"}],"wp:term":[{"taxonomy":"product_brand","embeddable":true,"href":"https:\/\/schweizversand.ch\/en\/wp-json\/wp\/v2\/product_brand?post=247859"},{"taxonomy":"product_cat","embeddable":true,"href":"https:\/\/schweizversand.ch\/en\/wp-json\/wp\/v2\/product_cat?post=247859"},{"taxonomy":"product_tag","embeddable":true,"href":"https:\/\/schweizversand.ch\/en\/wp-json\/wp\/v2\/product_tag?post=247859"}],"curies":[{"name":"wp","href":"https:\/\/api.w.org\/{rel}","templated":true}]}}