{"id":247895,"date":"2026-03-14T23:21:48","date_gmt":"2026-03-14T22:21:48","guid":{"rendered":"https:\/\/schweizversand.ch\/produkt\/sponeta-tischtennisbaelle-6er-pack\/"},"modified":"2026-04-20T02:02:32","modified_gmt":"2026-04-20T00:02:32","slug":"sponeta-tischtennisbaelle-6er-pack","status":"publish","type":"product","link":"https:\/\/schweizversand.ch\/en\/produkt\/sponeta-tischtennisbaelle-6er-pack\/","title":{"rendered":"Sponeta Table Tennis Balls * Pack of 6"},"content":{"rendered":"<p>Endless table tennis fun with Sponeta table tennis balls!<\/p>\n<\/p>\n<p>This set consists of six high-quality balls, ideal for beginners, recreational players, and even advanced table tennis enthusiasts. Each ball is designed to meet the needs of both casual and competitive players.<\/p>\n<\/p>\n<p>Key Features:<\/p>\n<\/p>\n<p>\u2022 Optimal Size: With a diameter of 40 mm, each ball is perfectly sized for a standard table tennis game.<\/p>\n<\/p>\n<p>\u2022 Quality Material: Made of durable white plastic, these balls offer excellent durability and consistency in every game.<\/p>\n<\/p>\n<p>\u2022 Recognizable Brand Name: Each ball bears the &#8220;Sponeta&#8221; imprint, a symbol of quality and excellence in table tennis.<\/p>\n<\/p>\n<p>\u2022 Packaging Details: The six balls are securely packaged in a cardboard box to ensure they arrive in perfect condition.<\/p>\n<\/p>\n<p>\u2022 Lightweight and Portable: Weighing only 0.02 kg, this set is lightweight and easy to carry \u2013 ideal for taking to friends&#8217; houses, training sessions, or the gym.<\/p>\n<\/p>\n<p>Conclusion:<\/p>\n<\/p>\n<p>Whether you&#8217;re just starting out in table tennis or are already an experienced player, the 6-pack of Sponeta table tennis balls provides everything you need for an exciting and enjoyable game. With their consistent quality and the trusted Sponeta logo, you can be sure you&#8217;re getting the most out of your game. Get your set now and experience endless table tennis fun!<\/p>\n","protected":false},"excerpt":{"rendered":"<p>Endless table tennis fun with Sponeta table tennis balls! This set consists of six high-quality balls, ideal for beginners, recreational players, and even advanced table tennis enthusiasts. Each ball is designed to meet the needs of both casual and competitive players. Key Features: \u2022 Optimal Size: With a diameter of 40 mm, each ball is perfectly sized for a standard table tennis game. \u2022 Quality Material: Made of durable white plastic, these balls offer excellent&hellip;<\/p>\n","protected":false},"featured_media":165210,"comment_status":"open","ping_status":"closed","template":"","meta":[],"product_brand":[],"product_cat":[38312,38489,38412],"product_tag":[],"class_list":{"0":"post-247895","1":"product","2":"type-product","3":"status-publish","4":"has-post-thumbnail","6":"product_cat-tischtennis","7":"product_cat-table-tennis","9":"product_shipping_class-global_methods","11":"first","12":"instock","13":"taxable","14":"shipping-taxable","15":"purchasable","16":"product-type-simple"},"yoast_head":"<!-- This site is optimized with the Yoast SEO plugin v27.4 - https:\/\/yoast.com\/product\/yoast-seo-wordpress\/ -->\n<title>Sponeta Tischtennisb\u00e4lle * 6er Pack | Jetzt kaufen | Schweizversand.ch<\/title>\n<meta name=\"description\" content=\"Sponeta Tischtennisb\u00e4lle * 6er Pack g\u00fcnstig kaufen bei Schweizversand.ch. Schnelle Lieferung in der Schweiz. Gratisversand ab CHF 50.\" \/>\n<meta name=\"robots\" content=\"index, follow, max-snippet:-1, max-image-preview:large, max-video-preview:-1\" \/>\n<link rel=\"canonical\" href=\"https:\/\/schweizversand.ch\/en\/produkt\/sponeta-tischtennisbaelle-6er-pack\/\" \/>\n<meta property=\"og:locale\" content=\"en_US\" \/>\n<meta property=\"og:type\" content=\"article\" \/>\n<meta property=\"og:title\" content=\"Sponeta Tischtennisb\u00e4lle * 6er Pack | Jetzt kaufen | Schweizversand.ch\" \/>\n<meta property=\"og:description\" content=\"Sponeta Tischtennisb\u00e4lle * 6er Pack g\u00fcnstig kaufen bei Schweizversand.ch. Schnelle Lieferung in der Schweiz. Gratisversand ab CHF 50.\" \/>\n<meta property=\"og:url\" content=\"https:\/\/schweizversand.ch\/en\/produkt\/sponeta-tischtennisbaelle-6er-pack\/\" \/>\n<meta property=\"og:site_name\" content=\"Schweizer Shop f\u00fcr Sport, Spiel und Freizeit\" \/>\n<meta property=\"article:publisher\" content=\"https:\/\/www.facebook.com\/Schweizversand\" \/>\n<meta property=\"article:modified_time\" content=\"2026-04-20T00:02:32+00:00\" \/>\n<meta property=\"og:image\" content=\"https:\/\/schweizversand.ch\/wp-content\/uploads\/2026\/02\/5471544370.jpg\" \/>\n\t<meta property=\"og:image:width\" content=\"630\" \/>\n\t<meta property=\"og:image:height\" content=\"1024\" \/>\n\t<meta property=\"og:image:type\" content=\"image\/jpeg\" \/>\n<meta name=\"twitter:card\" content=\"summary_large_image\" \/>\n<meta name=\"twitter:label1\" content=\"Est. reading time\" \/>\n\t<meta name=\"twitter:data1\" content=\"1 minute\" \/>\n<script type=\"application\/ld+json\" class=\"yoast-schema-graph\">{\"@context\":\"https:\\\/\\\/schema.org\",\"@graph\":[{\"@type\":\"WebPage\",\"@id\":\"https:\\\/\\\/schweizversand.ch\\\/en\\\/produkt\\\/sponeta-tischtennisbaelle-6er-pack\\\/\",\"url\":\"https:\\\/\\\/schweizversand.ch\\\/en\\\/produkt\\\/sponeta-tischtennisbaelle-6er-pack\\\/\",\"name\":\"Sponeta Tischtennisb\u00e4lle * 6er Pack | Jetzt kaufen | Schweizversand.ch\",\"isPartOf\":{\"@id\":\"https:\\\/\\\/schweizversand.ch\\\/en\\\/#website\"},\"primaryImageOfPage\":{\"@id\":\"https:\\\/\\\/schweizversand.ch\\\/en\\\/produkt\\\/sponeta-tischtennisbaelle-6er-pack\\\/#primaryimage\"},\"image\":{\"@id\":\"https:\\\/\\\/schweizversand.ch\\\/en\\\/produkt\\\/sponeta-tischtennisbaelle-6er-pack\\\/#primaryimage\"},\"thumbnailUrl\":\"https:\\\/\\\/schweizversand.ch\\\/wp-content\\\/uploads\\\/2026\\\/02\\\/5471544370.jpg\",\"datePublished\":\"2026-03-14T22:21:48+00:00\",\"dateModified\":\"2026-04-20T00:02:32+00:00\",\"description\":\"Sponeta Tischtennisb\u00e4lle * 6er Pack g\u00fcnstig kaufen bei Schweizversand.ch. Schnelle Lieferung in der Schweiz. Gratisversand ab CHF 50.\",\"breadcrumb\":{\"@id\":\"https:\\\/\\\/schweizversand.ch\\\/en\\\/produkt\\\/sponeta-tischtennisbaelle-6er-pack\\\/#breadcrumb\"},\"inLanguage\":\"en-US\",\"potentialAction\":[{\"@type\":\"ReadAction\",\"target\":[\"https:\\\/\\\/schweizversand.ch\\\/en\\\/produkt\\\/sponeta-tischtennisbaelle-6er-pack\\\/\"]}]},{\"@type\":\"ImageObject\",\"inLanguage\":\"en-US\",\"@id\":\"https:\\\/\\\/schweizversand.ch\\\/en\\\/produkt\\\/sponeta-tischtennisbaelle-6er-pack\\\/#primaryimage\",\"url\":\"https:\\\/\\\/schweizversand.ch\\\/wp-content\\\/uploads\\\/2026\\\/02\\\/5471544370.jpg\",\"contentUrl\":\"https:\\\/\\\/schweizversand.ch\\\/wp-content\\\/uploads\\\/2026\\\/02\\\/5471544370.jpg\",\"width\":630,\"height\":1024},{\"@type\":\"BreadcrumbList\",\"@id\":\"https:\\\/\\\/schweizversand.ch\\\/en\\\/produkt\\\/sponeta-tischtennisbaelle-6er-pack\\\/#breadcrumb\",\"itemListElement\":[{\"@type\":\"ListItem\",\"position\":1,\"name\":\"Startseite\",\"item\":\"https:\\\/\\\/schweizversand.ch\\\/en\\\/\"},{\"@type\":\"ListItem\",\"position\":2,\"name\":\"Shop\",\"item\":\"https:\\\/\\\/schweizversand.ch\\\/en\\\/shop\\\/\"},{\"@type\":\"ListItem\",\"position\":3,\"name\":\"Sports\",\"item\":\"https:\\\/\\\/schweizversand.ch\\\/en\\\/produkt-kategorie\\\/sports\\\/\"},{\"@type\":\"ListItem\",\"position\":4,\"name\":\"ball sports &amp; darts\",\"item\":\"https:\\\/\\\/schweizversand.ch\\\/en\\\/produkt-kategorie\\\/sports\\\/ball-sports-darts\\\/\"},{\"@type\":\"ListItem\",\"position\":5,\"name\":\"Table tennis\",\"item\":\"https:\\\/\\\/schweizversand.ch\\\/en\\\/produkt-kategorie\\\/sports\\\/ball-sports-darts\\\/table-tennis\\\/\"},{\"@type\":\"ListItem\",\"position\":6,\"name\":\"Sponeta Table Tennis Balls * Pack of 6\"}]},{\"@type\":\"WebSite\",\"@id\":\"https:\\\/\\\/schweizversand.ch\\\/en\\\/#website\",\"url\":\"https:\\\/\\\/schweizversand.ch\\\/en\\\/\",\"name\":\"Schweizer Shop f\u00fcr Sport, Spiel und Freizeit\",\"description\":\"Gratisversand ab 50.- (netto), ab eigenem schweizer Lager, Lieferung innert 48h\",\"publisher\":{\"@id\":\"https:\\\/\\\/schweizversand.ch\\\/en\\\/#organization\"},\"alternateName\":\"Schweizversand.ch\",\"potentialAction\":[{\"@type\":\"SearchAction\",\"target\":{\"@type\":\"EntryPoint\",\"urlTemplate\":\"https:\\\/\\\/schweizversand.ch\\\/en\\\/?s={search_term_string}\"},\"query-input\":{\"@type\":\"PropertyValueSpecification\",\"valueRequired\":true,\"valueName\":\"search_term_string\"}}],\"inLanguage\":\"en-US\"},{\"@type\":\"Organization\",\"@id\":\"https:\\\/\\\/schweizversand.ch\\\/en\\\/#organization\",\"name\":\"Schweizversand.ch\",\"url\":\"https:\\\/\\\/schweizversand.ch\\\/en\\\/\",\"logo\":{\"@type\":\"ImageObject\",\"inLanguage\":\"en-US\",\"@id\":\"https:\\\/\\\/schweizversand.ch\\\/en\\\/#\\\/schema\\\/logo\\\/image\\\/\",\"url\":\"https:\\\/\\\/schweizversand.ch\\\/wp-content\\\/uploads\\\/2026\\\/03\\\/Logo_Rund_Final-1.png\",\"contentUrl\":\"https:\\\/\\\/schweizversand.ch\\\/wp-content\\\/uploads\\\/2026\\\/03\\\/Logo_Rund_Final-1.png\",\"width\":404,\"height\":404,\"caption\":\"Schweizversand.ch\"},\"image\":{\"@id\":\"https:\\\/\\\/schweizversand.ch\\\/en\\\/#\\\/schema\\\/logo\\\/image\\\/\"},\"sameAs\":[\"https:\\\/\\\/www.facebook.com\\\/Schweizversand\",\"https:\\\/\\\/www.instagram.com\\\/schweizversand.ch\\\/\"]}]}<\/script>\n<!-- \/ Yoast SEO plugin. -->","yoast_head_json":{"title":"Sponeta Tischtennisb\u00e4lle * 6er Pack | Jetzt kaufen | Schweizversand.ch","description":"Sponeta Tischtennisb\u00e4lle * 6er Pack g\u00fcnstig kaufen bei Schweizversand.ch. Schnelle Lieferung in der Schweiz. Gratisversand ab CHF 50.","robots":{"index":"index","follow":"follow","max-snippet":"max-snippet:-1","max-image-preview":"max-image-preview:large","max-video-preview":"max-video-preview:-1"},"canonical":"https:\/\/schweizversand.ch\/en\/produkt\/sponeta-tischtennisbaelle-6er-pack\/","og_locale":"en_US","og_type":"article","og_title":"Sponeta Tischtennisb\u00e4lle * 6er Pack | Jetzt kaufen | Schweizversand.ch","og_description":"Sponeta Tischtennisb\u00e4lle * 6er Pack g\u00fcnstig kaufen bei Schweizversand.ch. Schnelle Lieferung in der Schweiz. Gratisversand ab CHF 50.","og_url":"https:\/\/schweizversand.ch\/en\/produkt\/sponeta-tischtennisbaelle-6er-pack\/","og_site_name":"Schweizer Shop f\u00fcr Sport, Spiel und Freizeit","article_publisher":"https:\/\/www.facebook.com\/Schweizversand","article_modified_time":"2026-04-20T00:02:32+00:00","og_image":[{"width":630,"height":1024,"url":"https:\/\/schweizversand.ch\/wp-content\/uploads\/2026\/02\/5471544370.jpg","type":"image\/jpeg"}],"twitter_card":"summary_large_image","twitter_misc":{"Est. reading time":"1 minute"},"schema":{"@context":"https:\/\/schema.org","@graph":[{"@type":"WebPage","@id":"https:\/\/schweizversand.ch\/en\/produkt\/sponeta-tischtennisbaelle-6er-pack\/","url":"https:\/\/schweizversand.ch\/en\/produkt\/sponeta-tischtennisbaelle-6er-pack\/","name":"Sponeta Tischtennisb\u00e4lle * 6er Pack | Jetzt kaufen | Schweizversand.ch","isPartOf":{"@id":"https:\/\/schweizversand.ch\/en\/#website"},"primaryImageOfPage":{"@id":"https:\/\/schweizversand.ch\/en\/produkt\/sponeta-tischtennisbaelle-6er-pack\/#primaryimage"},"image":{"@id":"https:\/\/schweizversand.ch\/en\/produkt\/sponeta-tischtennisbaelle-6er-pack\/#primaryimage"},"thumbnailUrl":"https:\/\/schweizversand.ch\/wp-content\/uploads\/2026\/02\/5471544370.jpg","datePublished":"2026-03-14T22:21:48+00:00","dateModified":"2026-04-20T00:02:32+00:00","description":"Sponeta Tischtennisb\u00e4lle * 6er Pack g\u00fcnstig kaufen bei Schweizversand.ch. Schnelle Lieferung in der Schweiz. Gratisversand ab CHF 50.","breadcrumb":{"@id":"https:\/\/schweizversand.ch\/en\/produkt\/sponeta-tischtennisbaelle-6er-pack\/#breadcrumb"},"inLanguage":"en-US","potentialAction":[{"@type":"ReadAction","target":["https:\/\/schweizversand.ch\/en\/produkt\/sponeta-tischtennisbaelle-6er-pack\/"]}]},{"@type":"ImageObject","inLanguage":"en-US","@id":"https:\/\/schweizversand.ch\/en\/produkt\/sponeta-tischtennisbaelle-6er-pack\/#primaryimage","url":"https:\/\/schweizversand.ch\/wp-content\/uploads\/2026\/02\/5471544370.jpg","contentUrl":"https:\/\/schweizversand.ch\/wp-content\/uploads\/2026\/02\/5471544370.jpg","width":630,"height":1024},{"@type":"BreadcrumbList","@id":"https:\/\/schweizversand.ch\/en\/produkt\/sponeta-tischtennisbaelle-6er-pack\/#breadcrumb","itemListElement":[{"@type":"ListItem","position":1,"name":"Startseite","item":"https:\/\/schweizversand.ch\/en\/"},{"@type":"ListItem","position":2,"name":"Shop","item":"https:\/\/schweizversand.ch\/en\/shop\/"},{"@type":"ListItem","position":3,"name":"Sports","item":"https:\/\/schweizversand.ch\/en\/produkt-kategorie\/sports\/"},{"@type":"ListItem","position":4,"name":"ball sports &amp; darts","item":"https:\/\/schweizversand.ch\/en\/produkt-kategorie\/sports\/ball-sports-darts\/"},{"@type":"ListItem","position":5,"name":"Table tennis","item":"https:\/\/schweizversand.ch\/en\/produkt-kategorie\/sports\/ball-sports-darts\/table-tennis\/"},{"@type":"ListItem","position":6,"name":"Sponeta Table Tennis Balls * Pack of 6"}]},{"@type":"WebSite","@id":"https:\/\/schweizversand.ch\/en\/#website","url":"https:\/\/schweizversand.ch\/en\/","name":"Schweizer Shop f\u00fcr Sport, Spiel und Freizeit","description":"Gratisversand ab 50.- (netto), ab eigenem schweizer Lager, Lieferung innert 48h","publisher":{"@id":"https:\/\/schweizversand.ch\/en\/#organization"},"alternateName":"Schweizversand.ch","potentialAction":[{"@type":"SearchAction","target":{"@type":"EntryPoint","urlTemplate":"https:\/\/schweizversand.ch\/en\/?s={search_term_string}"},"query-input":{"@type":"PropertyValueSpecification","valueRequired":true,"valueName":"search_term_string"}}],"inLanguage":"en-US"},{"@type":"Organization","@id":"https:\/\/schweizversand.ch\/en\/#organization","name":"Schweizversand.ch","url":"https:\/\/schweizversand.ch\/en\/","logo":{"@type":"ImageObject","inLanguage":"en-US","@id":"https:\/\/schweizversand.ch\/en\/#\/schema\/logo\/image\/","url":"https:\/\/schweizversand.ch\/wp-content\/uploads\/2026\/03\/Logo_Rund_Final-1.png","contentUrl":"https:\/\/schweizversand.ch\/wp-content\/uploads\/2026\/03\/Logo_Rund_Final-1.png","width":404,"height":404,"caption":"Schweizversand.ch"},"image":{"@id":"https:\/\/schweizversand.ch\/en\/#\/schema\/logo\/image\/"},"sameAs":["https:\/\/www.facebook.com\/Schweizversand","https:\/\/www.instagram.com\/schweizversand.ch\/"]}]}},"jetpack_sharing_enabled":true,"_links":{"self":[{"href":"https:\/\/schweizversand.ch\/en\/wp-json\/wp\/v2\/product\/247895","targetHints":{"allow":["GET"]}}],"collection":[{"href":"https:\/\/schweizversand.ch\/en\/wp-json\/wp\/v2\/product"}],"about":[{"href":"https:\/\/schweizversand.ch\/en\/wp-json\/wp\/v2\/types\/product"}],"replies":[{"embeddable":true,"href":"https:\/\/schweizversand.ch\/en\/wp-json\/wp\/v2\/comments?post=247895"}],"wp:featuredmedia":[{"embeddable":true,"href":"https:\/\/schweizversand.ch\/en\/wp-json\/wp\/v2\/media\/165210"}],"wp:attachment":[{"href":"https:\/\/schweizversand.ch\/en\/wp-json\/wp\/v2\/media?parent=247895"}],"wp:term":[{"taxonomy":"product_brand","embeddable":true,"href":"https:\/\/schweizversand.ch\/en\/wp-json\/wp\/v2\/product_brand?post=247895"},{"taxonomy":"product_cat","embeddable":true,"href":"https:\/\/schweizversand.ch\/en\/wp-json\/wp\/v2\/product_cat?post=247895"},{"taxonomy":"product_tag","embeddable":true,"href":"https:\/\/schweizversand.ch\/en\/wp-json\/wp\/v2\/product_tag?post=247895"}],"curies":[{"name":"wp","href":"https:\/\/api.w.org\/{rel}","templated":true}]}}