{"id":248514,"date":"2026-03-14T23:49:03","date_gmt":"2026-03-14T22:49:03","guid":{"rendered":"https:\/\/schweizversand.ch\/produkt\/pure2improve-jogginghosen-fuer-damen-3\/"},"modified":"2026-04-19T02:00:51","modified_gmt":"2026-04-19T00:00:51","slug":"pure2improve-jogginghosen-fuer-damen-3","status":"publish","type":"product","link":"https:\/\/schweizversand.ch\/en\/produkt\/pure2improve-jogginghosen-fuer-damen-3\/","title":{"rendered":"Pure2improve Jogging Pants for Women"},"content":{"rendered":"<div>Pure2Improve Women&#8217;s Jogging Pants \u2013 Comfort, style, and performance in one!<br \/>With the Pure2Improve jogging pants for women, you&#8217;re perfectly equipped for any workout or everyday life.<br \/>The combination of 65% cotton and 35% polyester ensures a comfortable, breathable feel \u2013 whether at the gym, jogging, or during your leisure time.<br \/>The elastic waistband with drawstring offers optimal support without constricting and guarantees a perfect fit with every movement. Thanks to the side pockets, you&#8217;ll always have your essentials within easy reach.<br \/>Perfectly combine these stylish joggers with Pure2Improve hoodies or tops for a sporty, casual look with maximum comfort.<br \/>Highlights:<br \/>\u2022 Material: 65% cotton, 35% polyester<br \/>\u2022 Comfortable elastic waistband with drawstring closure<br \/>\u2022 Side pockets for practical storage<br \/>\u2022 Ideal fit and high wearing comfort<br \/>\u2022 Machine washable<br \/>\u2022 Perfectly combinable with other Pure2Improve items<br \/>Pure2Improve \u2013 quality that combines performance and style.<\/p>\n<\/div>\n","protected":false},"excerpt":{"rendered":"<p>Pure2Improve Women&#8217;s Jogging Pants \u2013 Comfort, style, and performance in one!With the Pure2Improve jogging pants for women, you&#8217;re perfectly equipped for any workout or everyday life.The combination of 65% cotton and 35% polyester ensures a comfortable, breathable feel \u2013 whether at the gym, jogging, or during your leisure time.The elastic waistband with drawstring offers optimal support without constricting and guarantees a perfect fit with every movement. Thanks to the side pockets, you&#8217;ll always have your&hellip;<\/p>\n","protected":false},"featured_media":157226,"comment_status":"open","ping_status":"closed","template":"","meta":[],"product_brand":[],"product_cat":[38308,38596],"product_tag":[],"class_list":{"0":"post-248514","1":"product","2":"type-product","3":"status-publish","4":"has-post-thumbnail","6":"product_cat-fitness-textilien","7":"product_cat-fitness-textiles","8":"product_shipping_class-global_methods","10":"first","11":"instock","12":"taxable","13":"shipping-taxable","14":"purchasable","15":"product-type-simple"},"yoast_head":"<!-- This site is optimized with the Yoast SEO plugin v27.4 - https:\/\/yoast.com\/product\/yoast-seo-wordpress\/ -->\n<title>Pure2improve Jogginghosen f\u00fcr Damen | Jetzt kaufen | Schweizversand.ch<\/title>\n<meta name=\"description\" content=\"Pure2improve Jogginghosen f\u00fcr Damen g\u00fcnstig kaufen bei Schweizversand.ch. Schnelle Lieferung in der Schweiz. Gratisversand ab CHF 50.\" \/>\n<meta name=\"robots\" content=\"index, follow, max-snippet:-1, max-image-preview:large, max-video-preview:-1\" \/>\n<link rel=\"canonical\" href=\"https:\/\/schweizversand.ch\/en\/produkt\/pure2improve-jogginghosen-fuer-damen-3\/\" \/>\n<meta property=\"og:locale\" content=\"en_US\" \/>\n<meta property=\"og:type\" content=\"article\" \/>\n<meta property=\"og:title\" content=\"Pure2improve Jogginghosen f\u00fcr Damen | Jetzt kaufen | Schweizversand.ch\" \/>\n<meta property=\"og:description\" content=\"Pure2improve Jogginghosen f\u00fcr Damen g\u00fcnstig kaufen bei Schweizversand.ch. Schnelle Lieferung in der Schweiz. Gratisversand ab CHF 50.\" \/>\n<meta property=\"og:url\" content=\"https:\/\/schweizversand.ch\/en\/produkt\/pure2improve-jogginghosen-fuer-damen-3\/\" \/>\n<meta property=\"og:site_name\" content=\"Schweizer Shop f\u00fcr Sport, Spiel und Freizeit\" \/>\n<meta property=\"article:publisher\" content=\"https:\/\/www.facebook.com\/Schweizversand\" \/>\n<meta property=\"article:modified_time\" content=\"2026-04-19T00:00:51+00:00\" \/>\n<meta property=\"og:image\" content=\"https:\/\/schweizversand.ch\/wp-content\/uploads\/2026\/02\/5471671736.jpg\" \/>\n\t<meta property=\"og:image:width\" content=\"380\" \/>\n\t<meta property=\"og:image:height\" content=\"1024\" \/>\n\t<meta property=\"og:image:type\" content=\"image\/jpeg\" \/>\n<meta name=\"twitter:card\" content=\"summary_large_image\" \/>\n<meta name=\"twitter:label1\" content=\"Est. reading time\" \/>\n\t<meta name=\"twitter:data1\" content=\"1 minute\" \/>\n<script type=\"application\/ld+json\" class=\"yoast-schema-graph\">{\"@context\":\"https:\\\/\\\/schema.org\",\"@graph\":[{\"@type\":\"WebPage\",\"@id\":\"https:\\\/\\\/schweizversand.ch\\\/en\\\/produkt\\\/pure2improve-jogginghosen-fuer-damen-3\\\/\",\"url\":\"https:\\\/\\\/schweizversand.ch\\\/en\\\/produkt\\\/pure2improve-jogginghosen-fuer-damen-3\\\/\",\"name\":\"Pure2improve Jogginghosen f\u00fcr Damen | Jetzt kaufen | Schweizversand.ch\",\"isPartOf\":{\"@id\":\"https:\\\/\\\/schweizversand.ch\\\/en\\\/#website\"},\"primaryImageOfPage\":{\"@id\":\"https:\\\/\\\/schweizversand.ch\\\/en\\\/produkt\\\/pure2improve-jogginghosen-fuer-damen-3\\\/#primaryimage\"},\"image\":{\"@id\":\"https:\\\/\\\/schweizversand.ch\\\/en\\\/produkt\\\/pure2improve-jogginghosen-fuer-damen-3\\\/#primaryimage\"},\"thumbnailUrl\":\"https:\\\/\\\/schweizversand.ch\\\/wp-content\\\/uploads\\\/2026\\\/02\\\/5471671736.jpg\",\"datePublished\":\"2026-03-14T22:49:03+00:00\",\"dateModified\":\"2026-04-19T00:00:51+00:00\",\"description\":\"Pure2improve Jogginghosen f\u00fcr Damen g\u00fcnstig kaufen bei Schweizversand.ch. Schnelle Lieferung in der Schweiz. Gratisversand ab CHF 50.\",\"breadcrumb\":{\"@id\":\"https:\\\/\\\/schweizversand.ch\\\/en\\\/produkt\\\/pure2improve-jogginghosen-fuer-damen-3\\\/#breadcrumb\"},\"inLanguage\":\"en-US\",\"potentialAction\":[{\"@type\":\"ReadAction\",\"target\":[\"https:\\\/\\\/schweizversand.ch\\\/en\\\/produkt\\\/pure2improve-jogginghosen-fuer-damen-3\\\/\"]}]},{\"@type\":\"ImageObject\",\"inLanguage\":\"en-US\",\"@id\":\"https:\\\/\\\/schweizversand.ch\\\/en\\\/produkt\\\/pure2improve-jogginghosen-fuer-damen-3\\\/#primaryimage\",\"url\":\"https:\\\/\\\/schweizversand.ch\\\/wp-content\\\/uploads\\\/2026\\\/02\\\/5471671736.jpg\",\"contentUrl\":\"https:\\\/\\\/schweizversand.ch\\\/wp-content\\\/uploads\\\/2026\\\/02\\\/5471671736.jpg\",\"width\":380,\"height\":1024},{\"@type\":\"BreadcrumbList\",\"@id\":\"https:\\\/\\\/schweizversand.ch\\\/en\\\/produkt\\\/pure2improve-jogginghosen-fuer-damen-3\\\/#breadcrumb\",\"itemListElement\":[{\"@type\":\"ListItem\",\"position\":1,\"name\":\"Startseite\",\"item\":\"https:\\\/\\\/schweizversand.ch\\\/en\\\/\"},{\"@type\":\"ListItem\",\"position\":2,\"name\":\"Shop\",\"item\":\"https:\\\/\\\/schweizversand.ch\\\/en\\\/shop\\\/\"},{\"@type\":\"ListItem\",\"position\":3,\"name\":\"B-Grade Goods\",\"item\":\"https:\\\/\\\/schweizversand.ch\\\/en\\\/produkt-kategorie\\\/b-grade-goods\\\/\"},{\"@type\":\"ListItem\",\"position\":4,\"name\":\"Fitness\",\"item\":\"https:\\\/\\\/schweizversand.ch\\\/en\\\/produkt-kategorie\\\/b-grade-goods\\\/fitness\\\/\"},{\"@type\":\"ListItem\",\"position\":5,\"name\":\"Fitness Textiles\",\"item\":\"https:\\\/\\\/schweizversand.ch\\\/en\\\/produkt-kategorie\\\/b-grade-goods\\\/fitness\\\/fitness-textiles\\\/\"},{\"@type\":\"ListItem\",\"position\":6,\"name\":\"Pure2improve Jogging Pants for Women\"}]},{\"@type\":\"WebSite\",\"@id\":\"https:\\\/\\\/schweizversand.ch\\\/en\\\/#website\",\"url\":\"https:\\\/\\\/schweizversand.ch\\\/en\\\/\",\"name\":\"Schweizer Shop f\u00fcr Sport, Spiel und Freizeit\",\"description\":\"Gratisversand ab 50.- (netto), ab eigenem schweizer Lager, Lieferung innert 48h\",\"publisher\":{\"@id\":\"https:\\\/\\\/schweizversand.ch\\\/en\\\/#organization\"},\"alternateName\":\"Schweizversand.ch\",\"potentialAction\":[{\"@type\":\"SearchAction\",\"target\":{\"@type\":\"EntryPoint\",\"urlTemplate\":\"https:\\\/\\\/schweizversand.ch\\\/en\\\/?s={search_term_string}\"},\"query-input\":{\"@type\":\"PropertyValueSpecification\",\"valueRequired\":true,\"valueName\":\"search_term_string\"}}],\"inLanguage\":\"en-US\"},{\"@type\":\"Organization\",\"@id\":\"https:\\\/\\\/schweizversand.ch\\\/en\\\/#organization\",\"name\":\"Schweizversand.ch\",\"url\":\"https:\\\/\\\/schweizversand.ch\\\/en\\\/\",\"logo\":{\"@type\":\"ImageObject\",\"inLanguage\":\"en-US\",\"@id\":\"https:\\\/\\\/schweizversand.ch\\\/en\\\/#\\\/schema\\\/logo\\\/image\\\/\",\"url\":\"https:\\\/\\\/schweizversand.ch\\\/wp-content\\\/uploads\\\/2026\\\/03\\\/Logo_Rund_Final-1.png\",\"contentUrl\":\"https:\\\/\\\/schweizversand.ch\\\/wp-content\\\/uploads\\\/2026\\\/03\\\/Logo_Rund_Final-1.png\",\"width\":404,\"height\":404,\"caption\":\"Schweizversand.ch\"},\"image\":{\"@id\":\"https:\\\/\\\/schweizversand.ch\\\/en\\\/#\\\/schema\\\/logo\\\/image\\\/\"},\"sameAs\":[\"https:\\\/\\\/www.facebook.com\\\/Schweizversand\",\"https:\\\/\\\/www.instagram.com\\\/schweizversand.ch\\\/\"]}]}<\/script>\n<!-- \/ Yoast SEO plugin. -->","yoast_head_json":{"title":"Pure2improve Jogginghosen f\u00fcr Damen | Jetzt kaufen | Schweizversand.ch","description":"Pure2improve Jogginghosen f\u00fcr Damen g\u00fcnstig kaufen bei Schweizversand.ch. Schnelle Lieferung in der Schweiz. Gratisversand ab CHF 50.","robots":{"index":"index","follow":"follow","max-snippet":"max-snippet:-1","max-image-preview":"max-image-preview:large","max-video-preview":"max-video-preview:-1"},"canonical":"https:\/\/schweizversand.ch\/en\/produkt\/pure2improve-jogginghosen-fuer-damen-3\/","og_locale":"en_US","og_type":"article","og_title":"Pure2improve Jogginghosen f\u00fcr Damen | Jetzt kaufen | Schweizversand.ch","og_description":"Pure2improve Jogginghosen f\u00fcr Damen g\u00fcnstig kaufen bei Schweizversand.ch. Schnelle Lieferung in der Schweiz. Gratisversand ab CHF 50.","og_url":"https:\/\/schweizversand.ch\/en\/produkt\/pure2improve-jogginghosen-fuer-damen-3\/","og_site_name":"Schweizer Shop f\u00fcr Sport, Spiel und Freizeit","article_publisher":"https:\/\/www.facebook.com\/Schweizversand","article_modified_time":"2026-04-19T00:00:51+00:00","og_image":[{"width":380,"height":1024,"url":"https:\/\/schweizversand.ch\/wp-content\/uploads\/2026\/02\/5471671736.jpg","type":"image\/jpeg"}],"twitter_card":"summary_large_image","twitter_misc":{"Est. reading time":"1 minute"},"schema":{"@context":"https:\/\/schema.org","@graph":[{"@type":"WebPage","@id":"https:\/\/schweizversand.ch\/en\/produkt\/pure2improve-jogginghosen-fuer-damen-3\/","url":"https:\/\/schweizversand.ch\/en\/produkt\/pure2improve-jogginghosen-fuer-damen-3\/","name":"Pure2improve Jogginghosen f\u00fcr Damen | Jetzt kaufen | Schweizversand.ch","isPartOf":{"@id":"https:\/\/schweizversand.ch\/en\/#website"},"primaryImageOfPage":{"@id":"https:\/\/schweizversand.ch\/en\/produkt\/pure2improve-jogginghosen-fuer-damen-3\/#primaryimage"},"image":{"@id":"https:\/\/schweizversand.ch\/en\/produkt\/pure2improve-jogginghosen-fuer-damen-3\/#primaryimage"},"thumbnailUrl":"https:\/\/schweizversand.ch\/wp-content\/uploads\/2026\/02\/5471671736.jpg","datePublished":"2026-03-14T22:49:03+00:00","dateModified":"2026-04-19T00:00:51+00:00","description":"Pure2improve Jogginghosen f\u00fcr Damen g\u00fcnstig kaufen bei Schweizversand.ch. Schnelle Lieferung in der Schweiz. Gratisversand ab CHF 50.","breadcrumb":{"@id":"https:\/\/schweizversand.ch\/en\/produkt\/pure2improve-jogginghosen-fuer-damen-3\/#breadcrumb"},"inLanguage":"en-US","potentialAction":[{"@type":"ReadAction","target":["https:\/\/schweizversand.ch\/en\/produkt\/pure2improve-jogginghosen-fuer-damen-3\/"]}]},{"@type":"ImageObject","inLanguage":"en-US","@id":"https:\/\/schweizversand.ch\/en\/produkt\/pure2improve-jogginghosen-fuer-damen-3\/#primaryimage","url":"https:\/\/schweizversand.ch\/wp-content\/uploads\/2026\/02\/5471671736.jpg","contentUrl":"https:\/\/schweizversand.ch\/wp-content\/uploads\/2026\/02\/5471671736.jpg","width":380,"height":1024},{"@type":"BreadcrumbList","@id":"https:\/\/schweizversand.ch\/en\/produkt\/pure2improve-jogginghosen-fuer-damen-3\/#breadcrumb","itemListElement":[{"@type":"ListItem","position":1,"name":"Startseite","item":"https:\/\/schweizversand.ch\/en\/"},{"@type":"ListItem","position":2,"name":"Shop","item":"https:\/\/schweizversand.ch\/en\/shop\/"},{"@type":"ListItem","position":3,"name":"B-Grade Goods","item":"https:\/\/schweizversand.ch\/en\/produkt-kategorie\/b-grade-goods\/"},{"@type":"ListItem","position":4,"name":"Fitness","item":"https:\/\/schweizversand.ch\/en\/produkt-kategorie\/b-grade-goods\/fitness\/"},{"@type":"ListItem","position":5,"name":"Fitness Textiles","item":"https:\/\/schweizversand.ch\/en\/produkt-kategorie\/b-grade-goods\/fitness\/fitness-textiles\/"},{"@type":"ListItem","position":6,"name":"Pure2improve Jogging Pants for Women"}]},{"@type":"WebSite","@id":"https:\/\/schweizversand.ch\/en\/#website","url":"https:\/\/schweizversand.ch\/en\/","name":"Schweizer Shop f\u00fcr Sport, Spiel und Freizeit","description":"Gratisversand ab 50.- (netto), ab eigenem schweizer Lager, Lieferung innert 48h","publisher":{"@id":"https:\/\/schweizversand.ch\/en\/#organization"},"alternateName":"Schweizversand.ch","potentialAction":[{"@type":"SearchAction","target":{"@type":"EntryPoint","urlTemplate":"https:\/\/schweizversand.ch\/en\/?s={search_term_string}"},"query-input":{"@type":"PropertyValueSpecification","valueRequired":true,"valueName":"search_term_string"}}],"inLanguage":"en-US"},{"@type":"Organization","@id":"https:\/\/schweizversand.ch\/en\/#organization","name":"Schweizversand.ch","url":"https:\/\/schweizversand.ch\/en\/","logo":{"@type":"ImageObject","inLanguage":"en-US","@id":"https:\/\/schweizversand.ch\/en\/#\/schema\/logo\/image\/","url":"https:\/\/schweizversand.ch\/wp-content\/uploads\/2026\/03\/Logo_Rund_Final-1.png","contentUrl":"https:\/\/schweizversand.ch\/wp-content\/uploads\/2026\/03\/Logo_Rund_Final-1.png","width":404,"height":404,"caption":"Schweizversand.ch"},"image":{"@id":"https:\/\/schweizversand.ch\/en\/#\/schema\/logo\/image\/"},"sameAs":["https:\/\/www.facebook.com\/Schweizversand","https:\/\/www.instagram.com\/schweizversand.ch\/"]}]}},"jetpack_sharing_enabled":true,"_links":{"self":[{"href":"https:\/\/schweizversand.ch\/en\/wp-json\/wp\/v2\/product\/248514","targetHints":{"allow":["GET"]}}],"collection":[{"href":"https:\/\/schweizversand.ch\/en\/wp-json\/wp\/v2\/product"}],"about":[{"href":"https:\/\/schweizversand.ch\/en\/wp-json\/wp\/v2\/types\/product"}],"replies":[{"embeddable":true,"href":"https:\/\/schweizversand.ch\/en\/wp-json\/wp\/v2\/comments?post=248514"}],"wp:featuredmedia":[{"embeddable":true,"href":"https:\/\/schweizversand.ch\/en\/wp-json\/wp\/v2\/media\/157226"}],"wp:attachment":[{"href":"https:\/\/schweizversand.ch\/en\/wp-json\/wp\/v2\/media?parent=248514"}],"wp:term":[{"taxonomy":"product_brand","embeddable":true,"href":"https:\/\/schweizversand.ch\/en\/wp-json\/wp\/v2\/product_brand?post=248514"},{"taxonomy":"product_cat","embeddable":true,"href":"https:\/\/schweizversand.ch\/en\/wp-json\/wp\/v2\/product_cat?post=248514"},{"taxonomy":"product_tag","embeddable":true,"href":"https:\/\/schweizversand.ch\/en\/wp-json\/wp\/v2\/product_tag?post=248514"}],"curies":[{"name":"wp","href":"https:\/\/api.w.org\/{rel}","templated":true}]}}