{"id":248565,"date":"2026-03-15T00:05:50","date_gmt":"2026-03-14T23:05:50","guid":{"rendered":"https:\/\/schweizversand.ch\/produkt\/boland-kinderkostuem-einhorn\/"},"modified":"2026-04-19T15:32:01","modified_gmt":"2026-04-19T13:32:01","slug":"boland-kinderkostuem-einhorn","status":"publish","type":"product","link":"https:\/\/schweizversand.ch\/en\/produkt\/boland-kinderkostuem-einhorn\/","title":{"rendered":"Boland Children&#8217;s Unicorn Costume"},"content":{"rendered":"<p>Boland Children&#8217;s Unicorn Costume \u2013 Fluffy Plush Onesie for Little Fantasy Fans<\/p>\n<\/p>\n<p>In this dreamy unicorn costume, your child will be the magical star of every party! The fluffy plush onesie from Boland, with its soft material and adorable design, ensures maximum comfort \u2013 perfect for carnival, children&#8217;s birthdays, or themed parties.<\/p>\n<\/p>\n<p>Whether boy or girl \u2013 this white unicorn suit is made for all little dreamers. Simply slip it on and dive into a colorful fantasy world!<\/p>\n<\/p>\n<p>Product Details:<\/p>\n<\/p>\n<p>\u2022 Color: White<\/p>\n<\/p>\n<p>\u2022 Material: Polyester, Plush<\/p>\n<\/p>\n<p>\u2022 Gender: Unisex (for boys &#038; girls)<\/p>\n<\/p>\n<p>\u2022 For children up to 1.40 m tall<\/p>\n<\/p>\n<p>Ideal as a carnival costume, animal costume, or unicorn pajamas \u2013 a real eye-catcher for any occasion!<\/p>\n","protected":false},"excerpt":{"rendered":"<p>Boland Children&#8217;s Unicorn Costume \u2013 Fluffy Plush Onesie for Little Fantasy Fans In this dreamy unicorn costume, your child will be the magical star of every party! The fluffy plush onesie from Boland, with its soft material and adorable design, ensures maximum comfort \u2013 perfect for carnival, children&#8217;s birthdays, or themed parties. Whether boy or girl \u2013 this white unicorn suit is made for all little dreamers. Simply slip it on and dive into a&hellip;<\/p>\n","protected":false},"featured_media":261157,"comment_status":"open","ping_status":"closed","template":"","meta":[],"product_brand":[],"product_cat":[38028,39028,38815],"product_tag":[],"class_list":{"0":"post-248565","1":"product","2":"type-product","3":"status-publish","4":"has-post-thumbnail","6":"product_cat-kostueme","9":"product_shipping_class-global_methods","11":"first","12":"instock","13":"taxable","14":"shipping-taxable","15":"purchasable","16":"product-type-simple"},"yoast_head":"<!-- This site is optimized with the Yoast SEO plugin v27.4 - https:\/\/yoast.com\/product\/yoast-seo-wordpress\/ -->\n<title>Boland Kinderkost\u00fcm Einhorn<\/title>\n<meta name=\"description\" content=\"Boland Kinderkost\u00fcm Einhorn \u2013 Flauschiger Pl\u00fcsch-Onesie f\u00fcr kleine Fantasiefans In diesem traumhaften Einhorn-Kinderkost\u00fcm wird dein Kind zum magischen Star au\" \/>\n<meta name=\"robots\" content=\"index, follow, max-snippet:-1, max-image-preview:large, max-video-preview:-1\" \/>\n<link rel=\"canonical\" href=\"https:\/\/schweizversand.ch\/en\/produkt\/boland-kinderkostuem-einhorn\/\" \/>\n<meta property=\"og:locale\" content=\"en_US\" \/>\n<meta property=\"og:type\" content=\"article\" \/>\n<meta property=\"og:title\" content=\"Boland Kinderkost\u00fcm Einhorn\" \/>\n<meta property=\"og:description\" content=\"Boland Kinderkost\u00fcm Einhorn \u2013 Flauschiger Pl\u00fcsch-Onesie f\u00fcr kleine Fantasiefans In diesem traumhaften Einhorn-Kinderkost\u00fcm wird dein Kind zum magischen Star au\" \/>\n<meta property=\"og:url\" content=\"https:\/\/schweizversand.ch\/en\/produkt\/boland-kinderkostuem-einhorn\/\" \/>\n<meta property=\"og:site_name\" content=\"Schweizer Shop f\u00fcr Sport, Spiel und Freizeit\" \/>\n<meta property=\"article:publisher\" content=\"https:\/\/www.facebook.com\/Schweizversand\" \/>\n<meta property=\"article:modified_time\" content=\"2026-04-19T13:32:01+00:00\" \/>\n<meta property=\"og:image\" content=\"https:\/\/schweizversand.ch\/wp-content\/uploads\/2026\/02\/5471917132.jpg\" \/>\n\t<meta property=\"og:image:width\" content=\"363\" \/>\n\t<meta property=\"og:image:height\" content=\"1024\" \/>\n\t<meta property=\"og:image:type\" content=\"image\/jpeg\" \/>\n<meta name=\"twitter:card\" content=\"summary_large_image\" \/>\n<meta name=\"twitter:label1\" content=\"Est. reading time\" \/>\n\t<meta name=\"twitter:data1\" content=\"1 minute\" \/>\n<script type=\"application\/ld+json\" class=\"yoast-schema-graph\">{\"@context\":\"https:\\\/\\\/schema.org\",\"@graph\":[{\"@type\":\"WebPage\",\"@id\":\"https:\\\/\\\/schweizversand.ch\\\/en\\\/produkt\\\/boland-kinderkostuem-einhorn\\\/\",\"url\":\"https:\\\/\\\/schweizversand.ch\\\/en\\\/produkt\\\/boland-kinderkostuem-einhorn\\\/\",\"name\":\"Boland Kinderkost\u00fcm Einhorn\",\"isPartOf\":{\"@id\":\"https:\\\/\\\/schweizversand.ch\\\/en\\\/#website\"},\"primaryImageOfPage\":{\"@id\":\"https:\\\/\\\/schweizversand.ch\\\/en\\\/produkt\\\/boland-kinderkostuem-einhorn\\\/#primaryimage\"},\"image\":{\"@id\":\"https:\\\/\\\/schweizversand.ch\\\/en\\\/produkt\\\/boland-kinderkostuem-einhorn\\\/#primaryimage\"},\"thumbnailUrl\":\"https:\\\/\\\/schweizversand.ch\\\/wp-content\\\/uploads\\\/2026\\\/02\\\/5471917132.jpg\",\"datePublished\":\"2026-03-14T23:05:50+00:00\",\"dateModified\":\"2026-04-19T13:32:01+00:00\",\"description\":\"Boland Kinderkost\u00fcm Einhorn \u2013 Flauschiger Pl\u00fcsch-Onesie f\u00fcr kleine Fantasiefans In diesem traumhaften Einhorn-Kinderkost\u00fcm wird dein Kind zum magischen Star au\",\"breadcrumb\":{\"@id\":\"https:\\\/\\\/schweizversand.ch\\\/en\\\/produkt\\\/boland-kinderkostuem-einhorn\\\/#breadcrumb\"},\"inLanguage\":\"en-US\",\"potentialAction\":[{\"@type\":\"ReadAction\",\"target\":[\"https:\\\/\\\/schweizversand.ch\\\/en\\\/produkt\\\/boland-kinderkostuem-einhorn\\\/\"]}]},{\"@type\":\"ImageObject\",\"inLanguage\":\"en-US\",\"@id\":\"https:\\\/\\\/schweizversand.ch\\\/en\\\/produkt\\\/boland-kinderkostuem-einhorn\\\/#primaryimage\",\"url\":\"https:\\\/\\\/schweizversand.ch\\\/wp-content\\\/uploads\\\/2026\\\/02\\\/5471917132.jpg\",\"contentUrl\":\"https:\\\/\\\/schweizversand.ch\\\/wp-content\\\/uploads\\\/2026\\\/02\\\/5471917132.jpg\",\"width\":363,\"height\":1024},{\"@type\":\"BreadcrumbList\",\"@id\":\"https:\\\/\\\/schweizversand.ch\\\/en\\\/produkt\\\/boland-kinderkostuem-einhorn\\\/#breadcrumb\",\"itemListElement\":[{\"@type\":\"ListItem\",\"position\":1,\"name\":\"Startseite\",\"item\":\"https:\\\/\\\/schweizversand.ch\\\/en\\\/\"},{\"@type\":\"ListItem\",\"position\":2,\"name\":\"Shop\",\"item\":\"https:\\\/\\\/schweizversand.ch\\\/en\\\/shop\\\/\"},{\"@type\":\"ListItem\",\"position\":3,\"name\":\"Fashion\",\"item\":\"https:\\\/\\\/schweizversand.ch\\\/en\\\/produkt-kategorie\\\/fashion\\\/\"},{\"@type\":\"ListItem\",\"position\":4,\"name\":\"Unisex Fashion\",\"item\":\"https:\\\/\\\/schweizversand.ch\\\/en\\\/produkt-kategorie\\\/fashion\\\/unisex-fashion\\\/\"},{\"@type\":\"ListItem\",\"position\":5,\"name\":\"Costumes\",\"item\":\"https:\\\/\\\/schweizversand.ch\\\/en\\\/produkt-kategorie\\\/fashion\\\/unisex-fashion\\\/kostueme\\\/\"},{\"@type\":\"ListItem\",\"position\":6,\"name\":\"Boland Children&#8217;s Unicorn Costume\"}]},{\"@type\":\"WebSite\",\"@id\":\"https:\\\/\\\/schweizversand.ch\\\/en\\\/#website\",\"url\":\"https:\\\/\\\/schweizversand.ch\\\/en\\\/\",\"name\":\"Schweizer Shop f\u00fcr Sport, Spiel und Freizeit\",\"description\":\"Gratisversand ab 50.- (netto), ab eigenem schweizer Lager, Lieferung innert 48h\",\"publisher\":{\"@id\":\"https:\\\/\\\/schweizversand.ch\\\/en\\\/#organization\"},\"alternateName\":\"Schweizversand.ch\",\"potentialAction\":[{\"@type\":\"SearchAction\",\"target\":{\"@type\":\"EntryPoint\",\"urlTemplate\":\"https:\\\/\\\/schweizversand.ch\\\/en\\\/?s={search_term_string}\"},\"query-input\":{\"@type\":\"PropertyValueSpecification\",\"valueRequired\":true,\"valueName\":\"search_term_string\"}}],\"inLanguage\":\"en-US\"},{\"@type\":\"Organization\",\"@id\":\"https:\\\/\\\/schweizversand.ch\\\/en\\\/#organization\",\"name\":\"Schweizversand.ch\",\"url\":\"https:\\\/\\\/schweizversand.ch\\\/en\\\/\",\"logo\":{\"@type\":\"ImageObject\",\"inLanguage\":\"en-US\",\"@id\":\"https:\\\/\\\/schweizversand.ch\\\/en\\\/#\\\/schema\\\/logo\\\/image\\\/\",\"url\":\"https:\\\/\\\/schweizversand.ch\\\/wp-content\\\/uploads\\\/2026\\\/03\\\/Logo_Rund_Final-1.png\",\"contentUrl\":\"https:\\\/\\\/schweizversand.ch\\\/wp-content\\\/uploads\\\/2026\\\/03\\\/Logo_Rund_Final-1.png\",\"width\":404,\"height\":404,\"caption\":\"Schweizversand.ch\"},\"image\":{\"@id\":\"https:\\\/\\\/schweizversand.ch\\\/en\\\/#\\\/schema\\\/logo\\\/image\\\/\"},\"sameAs\":[\"https:\\\/\\\/www.facebook.com\\\/Schweizversand\",\"https:\\\/\\\/www.instagram.com\\\/schweizversand.ch\\\/\"]}]}<\/script>\n<!-- \/ Yoast SEO plugin. -->","yoast_head_json":{"title":"Boland Kinderkost\u00fcm Einhorn","description":"Boland Kinderkost\u00fcm Einhorn \u2013 Flauschiger Pl\u00fcsch-Onesie f\u00fcr kleine Fantasiefans In diesem traumhaften Einhorn-Kinderkost\u00fcm wird dein Kind zum magischen Star au","robots":{"index":"index","follow":"follow","max-snippet":"max-snippet:-1","max-image-preview":"max-image-preview:large","max-video-preview":"max-video-preview:-1"},"canonical":"https:\/\/schweizversand.ch\/en\/produkt\/boland-kinderkostuem-einhorn\/","og_locale":"en_US","og_type":"article","og_title":"Boland Kinderkost\u00fcm Einhorn","og_description":"Boland Kinderkost\u00fcm Einhorn \u2013 Flauschiger Pl\u00fcsch-Onesie f\u00fcr kleine Fantasiefans In diesem traumhaften Einhorn-Kinderkost\u00fcm wird dein Kind zum magischen Star au","og_url":"https:\/\/schweizversand.ch\/en\/produkt\/boland-kinderkostuem-einhorn\/","og_site_name":"Schweizer Shop f\u00fcr Sport, Spiel und Freizeit","article_publisher":"https:\/\/www.facebook.com\/Schweizversand","article_modified_time":"2026-04-19T13:32:01+00:00","og_image":[{"width":363,"height":1024,"url":"https:\/\/schweizversand.ch\/wp-content\/uploads\/2026\/02\/5471917132.jpg","type":"image\/jpeg"}],"twitter_card":"summary_large_image","twitter_misc":{"Est. reading time":"1 minute"},"schema":{"@context":"https:\/\/schema.org","@graph":[{"@type":"WebPage","@id":"https:\/\/schweizversand.ch\/en\/produkt\/boland-kinderkostuem-einhorn\/","url":"https:\/\/schweizversand.ch\/en\/produkt\/boland-kinderkostuem-einhorn\/","name":"Boland Kinderkost\u00fcm Einhorn","isPartOf":{"@id":"https:\/\/schweizversand.ch\/en\/#website"},"primaryImageOfPage":{"@id":"https:\/\/schweizversand.ch\/en\/produkt\/boland-kinderkostuem-einhorn\/#primaryimage"},"image":{"@id":"https:\/\/schweizversand.ch\/en\/produkt\/boland-kinderkostuem-einhorn\/#primaryimage"},"thumbnailUrl":"https:\/\/schweizversand.ch\/wp-content\/uploads\/2026\/02\/5471917132.jpg","datePublished":"2026-03-14T23:05:50+00:00","dateModified":"2026-04-19T13:32:01+00:00","description":"Boland Kinderkost\u00fcm Einhorn \u2013 Flauschiger Pl\u00fcsch-Onesie f\u00fcr kleine Fantasiefans In diesem traumhaften Einhorn-Kinderkost\u00fcm wird dein Kind zum magischen Star au","breadcrumb":{"@id":"https:\/\/schweizversand.ch\/en\/produkt\/boland-kinderkostuem-einhorn\/#breadcrumb"},"inLanguage":"en-US","potentialAction":[{"@type":"ReadAction","target":["https:\/\/schweizversand.ch\/en\/produkt\/boland-kinderkostuem-einhorn\/"]}]},{"@type":"ImageObject","inLanguage":"en-US","@id":"https:\/\/schweizversand.ch\/en\/produkt\/boland-kinderkostuem-einhorn\/#primaryimage","url":"https:\/\/schweizversand.ch\/wp-content\/uploads\/2026\/02\/5471917132.jpg","contentUrl":"https:\/\/schweizversand.ch\/wp-content\/uploads\/2026\/02\/5471917132.jpg","width":363,"height":1024},{"@type":"BreadcrumbList","@id":"https:\/\/schweizversand.ch\/en\/produkt\/boland-kinderkostuem-einhorn\/#breadcrumb","itemListElement":[{"@type":"ListItem","position":1,"name":"Startseite","item":"https:\/\/schweizversand.ch\/en\/"},{"@type":"ListItem","position":2,"name":"Shop","item":"https:\/\/schweizversand.ch\/en\/shop\/"},{"@type":"ListItem","position":3,"name":"Fashion","item":"https:\/\/schweizversand.ch\/en\/produkt-kategorie\/fashion\/"},{"@type":"ListItem","position":4,"name":"Unisex Fashion","item":"https:\/\/schweizversand.ch\/en\/produkt-kategorie\/fashion\/unisex-fashion\/"},{"@type":"ListItem","position":5,"name":"Costumes","item":"https:\/\/schweizversand.ch\/en\/produkt-kategorie\/fashion\/unisex-fashion\/kostueme\/"},{"@type":"ListItem","position":6,"name":"Boland Children&#8217;s Unicorn Costume"}]},{"@type":"WebSite","@id":"https:\/\/schweizversand.ch\/en\/#website","url":"https:\/\/schweizversand.ch\/en\/","name":"Schweizer Shop f\u00fcr Sport, Spiel und Freizeit","description":"Gratisversand ab 50.- (netto), ab eigenem schweizer Lager, Lieferung innert 48h","publisher":{"@id":"https:\/\/schweizversand.ch\/en\/#organization"},"alternateName":"Schweizversand.ch","potentialAction":[{"@type":"SearchAction","target":{"@type":"EntryPoint","urlTemplate":"https:\/\/schweizversand.ch\/en\/?s={search_term_string}"},"query-input":{"@type":"PropertyValueSpecification","valueRequired":true,"valueName":"search_term_string"}}],"inLanguage":"en-US"},{"@type":"Organization","@id":"https:\/\/schweizversand.ch\/en\/#organization","name":"Schweizversand.ch","url":"https:\/\/schweizversand.ch\/en\/","logo":{"@type":"ImageObject","inLanguage":"en-US","@id":"https:\/\/schweizversand.ch\/en\/#\/schema\/logo\/image\/","url":"https:\/\/schweizversand.ch\/wp-content\/uploads\/2026\/03\/Logo_Rund_Final-1.png","contentUrl":"https:\/\/schweizversand.ch\/wp-content\/uploads\/2026\/03\/Logo_Rund_Final-1.png","width":404,"height":404,"caption":"Schweizversand.ch"},"image":{"@id":"https:\/\/schweizversand.ch\/en\/#\/schema\/logo\/image\/"},"sameAs":["https:\/\/www.facebook.com\/Schweizversand","https:\/\/www.instagram.com\/schweizversand.ch\/"]}]}},"jetpack_sharing_enabled":true,"_links":{"self":[{"href":"https:\/\/schweizversand.ch\/en\/wp-json\/wp\/v2\/product\/248565","targetHints":{"allow":["GET"]}}],"collection":[{"href":"https:\/\/schweizversand.ch\/en\/wp-json\/wp\/v2\/product"}],"about":[{"href":"https:\/\/schweizversand.ch\/en\/wp-json\/wp\/v2\/types\/product"}],"replies":[{"embeddable":true,"href":"https:\/\/schweizversand.ch\/en\/wp-json\/wp\/v2\/comments?post=248565"}],"wp:featuredmedia":[{"embeddable":true,"href":"https:\/\/schweizversand.ch\/en\/wp-json\/wp\/v2\/media\/261157"}],"wp:attachment":[{"href":"https:\/\/schweizversand.ch\/en\/wp-json\/wp\/v2\/media?parent=248565"}],"wp:term":[{"taxonomy":"product_brand","embeddable":true,"href":"https:\/\/schweizversand.ch\/en\/wp-json\/wp\/v2\/product_brand?post=248565"},{"taxonomy":"product_cat","embeddable":true,"href":"https:\/\/schweizversand.ch\/en\/wp-json\/wp\/v2\/product_cat?post=248565"},{"taxonomy":"product_tag","embeddable":true,"href":"https:\/\/schweizversand.ch\/en\/wp-json\/wp\/v2\/product_tag?post=248565"}],"curies":[{"name":"wp","href":"https:\/\/api.w.org\/{rel}","templated":true}]}}