{"id":248581,"date":"2026-03-15T00:05:53","date_gmt":"2026-03-14T23:05:53","guid":{"rendered":"https:\/\/schweizversand.ch\/produkt\/boland-kinderkostuem-holster-und-guertel\/"},"modified":"2026-04-19T02:01:00","modified_gmt":"2026-04-19T00:01:00","slug":"boland-kinderkostuem-holster-und-guertel","status":"publish","type":"product","link":"https:\/\/schweizversand.ch\/en\/produkt\/boland-kinderkostuem-holster-und-guertel\/","title":{"rendered":"Boland children&#8217;s costume holster and belt"},"content":{"rendered":"<p>Boland Children&#8217;s Double Holster \u2013 Sheriff Gear for Little Western Heroes<\/p>\n<\/p>\n<p>With this sheriff&#8217;s double holster from Boland, your child is perfectly equipped for exciting adventures in the Wild West! The leather-look belt is approximately 103 cm long and has room for two toy pistols (not included). Two sheriff stars and the classic black and yellow color scheme complete the look.<\/p>\n<\/p>\n<p>Whether for carnival, cowboy-themed parties, or everyday role-playing \u2013 this holster brings plenty of action and fun.<\/p>\n<\/p>\n<p>Product Details:<\/p>\n<\/p>\n<p>\u2022 Contents: 1 double holster (without pistols &#038; costume)<\/p>\n<\/p>\n<p>\u2022 Color: Black &#038; Yellow with Sheriff Stars<\/p>\n<\/p>\n<p>\u2022 Material: Imitation Leather<\/p>\n","protected":false},"excerpt":{"rendered":"<p>Boland Children&#8217;s Double Holster \u2013 Sheriff Gear for Little Western Heroes With this sheriff&#8217;s double holster from Boland, your child is perfectly equipped for exciting adventures in the Wild West! The leather-look belt is approximately 103 cm long and has room for two toy pistols (not included). Two sheriff stars and the classic black and yellow color scheme complete the look. Whether for carnival, cowboy-themed parties, or everyday role-playing \u2013 this holster brings plenty of&hellip;<\/p>\n","protected":false},"featured_media":261162,"comment_status":"open","ping_status":"closed","template":"","meta":[],"product_brand":[],"product_cat":[38028,39028,38815],"product_tag":[],"class_list":{"0":"post-248581","1":"product","2":"type-product","3":"status-publish","4":"has-post-thumbnail","6":"product_cat-kostueme","9":"product_shipping_class-global_methods","11":"first","12":"instock","13":"taxable","14":"shipping-taxable","15":"purchasable","16":"product-type-simple"},"yoast_head":"<!-- This site is optimized with the Yoast SEO plugin v27.4 - https:\/\/yoast.com\/product\/yoast-seo-wordpress\/ -->\n<title>Boland Kinderkost\u00fcm Holster und G\u00fcrtel<\/title>\n<meta name=\"description\" content=\"Boland Kinder-Doppelhalfter \u2013 Sheriff-Ausr\u00fcstung f\u00fcr kleine Westernhelden Mit diesem Sheriff-Doppelhalfter von Boland ist Ihr Kind perfekt f\u00fcr spannende Abente\" \/>\n<meta name=\"robots\" content=\"index, follow, max-snippet:-1, max-image-preview:large, max-video-preview:-1\" \/>\n<link rel=\"canonical\" href=\"https:\/\/schweizversand.ch\/en\/produkt\/boland-kinderkostuem-holster-und-guertel\/\" \/>\n<meta property=\"og:locale\" content=\"en_US\" \/>\n<meta property=\"og:type\" content=\"article\" \/>\n<meta property=\"og:title\" content=\"Boland Kinderkost\u00fcm Holster und G\u00fcrtel\" \/>\n<meta property=\"og:description\" content=\"Boland Kinder-Doppelhalfter \u2013 Sheriff-Ausr\u00fcstung f\u00fcr kleine Westernhelden Mit diesem Sheriff-Doppelhalfter von Boland ist Ihr Kind perfekt f\u00fcr spannende Abente\" \/>\n<meta property=\"og:url\" content=\"https:\/\/schweizversand.ch\/en\/produkt\/boland-kinderkostuem-holster-und-guertel\/\" \/>\n<meta property=\"og:site_name\" content=\"Schweizer Shop f\u00fcr Sport, Spiel und Freizeit\" \/>\n<meta property=\"article:publisher\" content=\"https:\/\/www.facebook.com\/Schweizversand\" \/>\n<meta property=\"article:modified_time\" content=\"2026-04-19T00:01:00+00:00\" \/>\n<meta property=\"og:image\" content=\"https:\/\/schweizversand.ch\/wp-content\/uploads\/2026\/02\/5471919908.jpg\" \/>\n\t<meta property=\"og:image:width\" content=\"591\" \/>\n\t<meta property=\"og:image:height\" content=\"1024\" \/>\n\t<meta property=\"og:image:type\" content=\"image\/jpeg\" \/>\n<meta name=\"twitter:card\" content=\"summary_large_image\" \/>\n<script type=\"application\/ld+json\" class=\"yoast-schema-graph\">{\"@context\":\"https:\\\/\\\/schema.org\",\"@graph\":[{\"@type\":\"WebPage\",\"@id\":\"https:\\\/\\\/schweizversand.ch\\\/en\\\/produkt\\\/boland-kinderkostuem-holster-und-guertel\\\/\",\"url\":\"https:\\\/\\\/schweizversand.ch\\\/en\\\/produkt\\\/boland-kinderkostuem-holster-und-guertel\\\/\",\"name\":\"Boland Kinderkost\u00fcm Holster und G\u00fcrtel\",\"isPartOf\":{\"@id\":\"https:\\\/\\\/schweizversand.ch\\\/en\\\/#website\"},\"primaryImageOfPage\":{\"@id\":\"https:\\\/\\\/schweizversand.ch\\\/en\\\/produkt\\\/boland-kinderkostuem-holster-und-guertel\\\/#primaryimage\"},\"image\":{\"@id\":\"https:\\\/\\\/schweizversand.ch\\\/en\\\/produkt\\\/boland-kinderkostuem-holster-und-guertel\\\/#primaryimage\"},\"thumbnailUrl\":\"https:\\\/\\\/schweizversand.ch\\\/wp-content\\\/uploads\\\/2026\\\/02\\\/5471919908.jpg\",\"datePublished\":\"2026-03-14T23:05:53+00:00\",\"dateModified\":\"2026-04-19T00:01:00+00:00\",\"description\":\"Boland Kinder-Doppelhalfter \u2013 Sheriff-Ausr\u00fcstung f\u00fcr kleine Westernhelden Mit diesem Sheriff-Doppelhalfter von Boland ist Ihr Kind perfekt f\u00fcr spannende Abente\",\"breadcrumb\":{\"@id\":\"https:\\\/\\\/schweizversand.ch\\\/en\\\/produkt\\\/boland-kinderkostuem-holster-und-guertel\\\/#breadcrumb\"},\"inLanguage\":\"en-US\",\"potentialAction\":[{\"@type\":\"ReadAction\",\"target\":[\"https:\\\/\\\/schweizversand.ch\\\/en\\\/produkt\\\/boland-kinderkostuem-holster-und-guertel\\\/\"]}]},{\"@type\":\"ImageObject\",\"inLanguage\":\"en-US\",\"@id\":\"https:\\\/\\\/schweizversand.ch\\\/en\\\/produkt\\\/boland-kinderkostuem-holster-und-guertel\\\/#primaryimage\",\"url\":\"https:\\\/\\\/schweizversand.ch\\\/wp-content\\\/uploads\\\/2026\\\/02\\\/5471919908.jpg\",\"contentUrl\":\"https:\\\/\\\/schweizversand.ch\\\/wp-content\\\/uploads\\\/2026\\\/02\\\/5471919908.jpg\",\"width\":591,\"height\":1024},{\"@type\":\"BreadcrumbList\",\"@id\":\"https:\\\/\\\/schweizversand.ch\\\/en\\\/produkt\\\/boland-kinderkostuem-holster-und-guertel\\\/#breadcrumb\",\"itemListElement\":[{\"@type\":\"ListItem\",\"position\":1,\"name\":\"Startseite\",\"item\":\"https:\\\/\\\/schweizversand.ch\\\/en\\\/\"},{\"@type\":\"ListItem\",\"position\":2,\"name\":\"Shop\",\"item\":\"https:\\\/\\\/schweizversand.ch\\\/en\\\/shop\\\/\"},{\"@type\":\"ListItem\",\"position\":3,\"name\":\"Fashion\",\"item\":\"https:\\\/\\\/schweizversand.ch\\\/en\\\/produkt-kategorie\\\/fashion\\\/\"},{\"@type\":\"ListItem\",\"position\":4,\"name\":\"Unisex Fashion\",\"item\":\"https:\\\/\\\/schweizversand.ch\\\/en\\\/produkt-kategorie\\\/fashion\\\/unisex-fashion\\\/\"},{\"@type\":\"ListItem\",\"position\":5,\"name\":\"Costumes\",\"item\":\"https:\\\/\\\/schweizversand.ch\\\/en\\\/produkt-kategorie\\\/fashion\\\/unisex-fashion\\\/kostueme\\\/\"},{\"@type\":\"ListItem\",\"position\":6,\"name\":\"Boland children&#8217;s costume holster and belt\"}]},{\"@type\":\"WebSite\",\"@id\":\"https:\\\/\\\/schweizversand.ch\\\/en\\\/#website\",\"url\":\"https:\\\/\\\/schweizversand.ch\\\/en\\\/\",\"name\":\"Schweizer Shop f\u00fcr Sport, Spiel und Freizeit\",\"description\":\"Gratisversand ab 50.- (netto), ab eigenem schweizer Lager, Lieferung innert 48h\",\"publisher\":{\"@id\":\"https:\\\/\\\/schweizversand.ch\\\/en\\\/#organization\"},\"alternateName\":\"Schweizversand.ch\",\"potentialAction\":[{\"@type\":\"SearchAction\",\"target\":{\"@type\":\"EntryPoint\",\"urlTemplate\":\"https:\\\/\\\/schweizversand.ch\\\/en\\\/?s={search_term_string}\"},\"query-input\":{\"@type\":\"PropertyValueSpecification\",\"valueRequired\":true,\"valueName\":\"search_term_string\"}}],\"inLanguage\":\"en-US\"},{\"@type\":\"Organization\",\"@id\":\"https:\\\/\\\/schweizversand.ch\\\/en\\\/#organization\",\"name\":\"Schweizversand.ch\",\"url\":\"https:\\\/\\\/schweizversand.ch\\\/en\\\/\",\"logo\":{\"@type\":\"ImageObject\",\"inLanguage\":\"en-US\",\"@id\":\"https:\\\/\\\/schweizversand.ch\\\/en\\\/#\\\/schema\\\/logo\\\/image\\\/\",\"url\":\"https:\\\/\\\/schweizversand.ch\\\/wp-content\\\/uploads\\\/2026\\\/03\\\/Logo_Rund_Final-1.png\",\"contentUrl\":\"https:\\\/\\\/schweizversand.ch\\\/wp-content\\\/uploads\\\/2026\\\/03\\\/Logo_Rund_Final-1.png\",\"width\":404,\"height\":404,\"caption\":\"Schweizversand.ch\"},\"image\":{\"@id\":\"https:\\\/\\\/schweizversand.ch\\\/en\\\/#\\\/schema\\\/logo\\\/image\\\/\"},\"sameAs\":[\"https:\\\/\\\/www.facebook.com\\\/Schweizversand\",\"https:\\\/\\\/www.instagram.com\\\/schweizversand.ch\\\/\"]}]}<\/script>\n<!-- \/ Yoast SEO plugin. -->","yoast_head_json":{"title":"Boland Kinderkost\u00fcm Holster und G\u00fcrtel","description":"Boland Kinder-Doppelhalfter \u2013 Sheriff-Ausr\u00fcstung f\u00fcr kleine Westernhelden Mit diesem Sheriff-Doppelhalfter von Boland ist Ihr Kind perfekt f\u00fcr spannende Abente","robots":{"index":"index","follow":"follow","max-snippet":"max-snippet:-1","max-image-preview":"max-image-preview:large","max-video-preview":"max-video-preview:-1"},"canonical":"https:\/\/schweizversand.ch\/en\/produkt\/boland-kinderkostuem-holster-und-guertel\/","og_locale":"en_US","og_type":"article","og_title":"Boland Kinderkost\u00fcm Holster und G\u00fcrtel","og_description":"Boland Kinder-Doppelhalfter \u2013 Sheriff-Ausr\u00fcstung f\u00fcr kleine Westernhelden Mit diesem Sheriff-Doppelhalfter von Boland ist Ihr Kind perfekt f\u00fcr spannende Abente","og_url":"https:\/\/schweizversand.ch\/en\/produkt\/boland-kinderkostuem-holster-und-guertel\/","og_site_name":"Schweizer Shop f\u00fcr Sport, Spiel und Freizeit","article_publisher":"https:\/\/www.facebook.com\/Schweizversand","article_modified_time":"2026-04-19T00:01:00+00:00","og_image":[{"width":591,"height":1024,"url":"https:\/\/schweizversand.ch\/wp-content\/uploads\/2026\/02\/5471919908.jpg","type":"image\/jpeg"}],"twitter_card":"summary_large_image","schema":{"@context":"https:\/\/schema.org","@graph":[{"@type":"WebPage","@id":"https:\/\/schweizversand.ch\/en\/produkt\/boland-kinderkostuem-holster-und-guertel\/","url":"https:\/\/schweizversand.ch\/en\/produkt\/boland-kinderkostuem-holster-und-guertel\/","name":"Boland Kinderkost\u00fcm Holster und G\u00fcrtel","isPartOf":{"@id":"https:\/\/schweizversand.ch\/en\/#website"},"primaryImageOfPage":{"@id":"https:\/\/schweizversand.ch\/en\/produkt\/boland-kinderkostuem-holster-und-guertel\/#primaryimage"},"image":{"@id":"https:\/\/schweizversand.ch\/en\/produkt\/boland-kinderkostuem-holster-und-guertel\/#primaryimage"},"thumbnailUrl":"https:\/\/schweizversand.ch\/wp-content\/uploads\/2026\/02\/5471919908.jpg","datePublished":"2026-03-14T23:05:53+00:00","dateModified":"2026-04-19T00:01:00+00:00","description":"Boland Kinder-Doppelhalfter \u2013 Sheriff-Ausr\u00fcstung f\u00fcr kleine Westernhelden Mit diesem Sheriff-Doppelhalfter von Boland ist Ihr Kind perfekt f\u00fcr spannende Abente","breadcrumb":{"@id":"https:\/\/schweizversand.ch\/en\/produkt\/boland-kinderkostuem-holster-und-guertel\/#breadcrumb"},"inLanguage":"en-US","potentialAction":[{"@type":"ReadAction","target":["https:\/\/schweizversand.ch\/en\/produkt\/boland-kinderkostuem-holster-und-guertel\/"]}]},{"@type":"ImageObject","inLanguage":"en-US","@id":"https:\/\/schweizversand.ch\/en\/produkt\/boland-kinderkostuem-holster-und-guertel\/#primaryimage","url":"https:\/\/schweizversand.ch\/wp-content\/uploads\/2026\/02\/5471919908.jpg","contentUrl":"https:\/\/schweizversand.ch\/wp-content\/uploads\/2026\/02\/5471919908.jpg","width":591,"height":1024},{"@type":"BreadcrumbList","@id":"https:\/\/schweizversand.ch\/en\/produkt\/boland-kinderkostuem-holster-und-guertel\/#breadcrumb","itemListElement":[{"@type":"ListItem","position":1,"name":"Startseite","item":"https:\/\/schweizversand.ch\/en\/"},{"@type":"ListItem","position":2,"name":"Shop","item":"https:\/\/schweizversand.ch\/en\/shop\/"},{"@type":"ListItem","position":3,"name":"Fashion","item":"https:\/\/schweizversand.ch\/en\/produkt-kategorie\/fashion\/"},{"@type":"ListItem","position":4,"name":"Unisex Fashion","item":"https:\/\/schweizversand.ch\/en\/produkt-kategorie\/fashion\/unisex-fashion\/"},{"@type":"ListItem","position":5,"name":"Costumes","item":"https:\/\/schweizversand.ch\/en\/produkt-kategorie\/fashion\/unisex-fashion\/kostueme\/"},{"@type":"ListItem","position":6,"name":"Boland children&#8217;s costume holster and belt"}]},{"@type":"WebSite","@id":"https:\/\/schweizversand.ch\/en\/#website","url":"https:\/\/schweizversand.ch\/en\/","name":"Schweizer Shop f\u00fcr Sport, Spiel und Freizeit","description":"Gratisversand ab 50.- (netto), ab eigenem schweizer Lager, Lieferung innert 48h","publisher":{"@id":"https:\/\/schweizversand.ch\/en\/#organization"},"alternateName":"Schweizversand.ch","potentialAction":[{"@type":"SearchAction","target":{"@type":"EntryPoint","urlTemplate":"https:\/\/schweizversand.ch\/en\/?s={search_term_string}"},"query-input":{"@type":"PropertyValueSpecification","valueRequired":true,"valueName":"search_term_string"}}],"inLanguage":"en-US"},{"@type":"Organization","@id":"https:\/\/schweizversand.ch\/en\/#organization","name":"Schweizversand.ch","url":"https:\/\/schweizversand.ch\/en\/","logo":{"@type":"ImageObject","inLanguage":"en-US","@id":"https:\/\/schweizversand.ch\/en\/#\/schema\/logo\/image\/","url":"https:\/\/schweizversand.ch\/wp-content\/uploads\/2026\/03\/Logo_Rund_Final-1.png","contentUrl":"https:\/\/schweizversand.ch\/wp-content\/uploads\/2026\/03\/Logo_Rund_Final-1.png","width":404,"height":404,"caption":"Schweizversand.ch"},"image":{"@id":"https:\/\/schweizversand.ch\/en\/#\/schema\/logo\/image\/"},"sameAs":["https:\/\/www.facebook.com\/Schweizversand","https:\/\/www.instagram.com\/schweizversand.ch\/"]}]}},"jetpack_sharing_enabled":true,"_links":{"self":[{"href":"https:\/\/schweizversand.ch\/en\/wp-json\/wp\/v2\/product\/248581","targetHints":{"allow":["GET"]}}],"collection":[{"href":"https:\/\/schweizversand.ch\/en\/wp-json\/wp\/v2\/product"}],"about":[{"href":"https:\/\/schweizversand.ch\/en\/wp-json\/wp\/v2\/types\/product"}],"replies":[{"embeddable":true,"href":"https:\/\/schweizversand.ch\/en\/wp-json\/wp\/v2\/comments?post=248581"}],"wp:featuredmedia":[{"embeddable":true,"href":"https:\/\/schweizversand.ch\/en\/wp-json\/wp\/v2\/media\/261162"}],"wp:attachment":[{"href":"https:\/\/schweizversand.ch\/en\/wp-json\/wp\/v2\/media?parent=248581"}],"wp:term":[{"taxonomy":"product_brand","embeddable":true,"href":"https:\/\/schweizversand.ch\/en\/wp-json\/wp\/v2\/product_brand?post=248581"},{"taxonomy":"product_cat","embeddable":true,"href":"https:\/\/schweizversand.ch\/en\/wp-json\/wp\/v2\/product_cat?post=248581"},{"taxonomy":"product_tag","embeddable":true,"href":"https:\/\/schweizversand.ch\/en\/wp-json\/wp\/v2\/product_tag?post=248581"}],"curies":[{"name":"wp","href":"https:\/\/api.w.org\/{rel}","templated":true}]}}