{"id":248600,"date":"2026-03-15T00:06:00","date_gmt":"2026-03-14T23:06:00","guid":{"rendered":"https:\/\/schweizversand.ch\/produkt\/pet-toys-3er-set-tennisbaelle-fuer-hunde\/"},"modified":"2026-05-02T02:00:52","modified_gmt":"2026-05-02T00:00:52","slug":"pet-toys-3er-set-tennisbaelle-fuer-hunde","status":"publish","type":"product","link":"https:\/\/schweizversand.ch\/en\/produkt\/pet-toys-3er-set-tennisbaelle-fuer-hunde\/","title":{"rendered":"Pet Toys 3-piece set of tennis balls for dogs"},"content":{"rendered":"<p>Colorful Tennis Balls for Dogs &#8211; Set of 3 with Paw Print Design<br \/>\n<br \/>Fun guaranteed for your four-legged friend!<\/p>\n<p>These colorful tennis balls for dogs are the perfect toy for active and playful dogs. The practical set of three includes durable balls in different colors, each decorated with a cute paw print design. The bright colors not only brighten up your dog&#8217;s mood but are also highly visible in meadows or parks.<\/p>\n<p>Whether on walks, playing fetch, or participating in dog sports, these colorful dog balls will give your dog plenty of exercise and fun. The special surface is designed with dogs&#8217; needs in mind (not suitable for tennis!) and ensures safe play without risk of injury.<\/p>\n<p>Perfect accessory for play &#038; exercise<\/p>\n<p>Bright colors for better visibility<\/p>\n<p>Lightweight, durable &#038; dog-friendly<\/p>\n<p>Ideal for dogs of all ages &#8211; order now and enjoy playtime together!<\/p>\n","protected":false},"excerpt":{"rendered":"<p>Colorful Tennis Balls for Dogs &#8211; Set of 3 with Paw Print Design Fun guaranteed for your four-legged friend! These colorful tennis balls for dogs are the perfect toy for active and playful dogs. The practical set of three includes durable balls in different colors, each decorated with a cute paw print design. The bright colors not only brighten up your dog&#8217;s mood but are also highly visible in meadows or parks. Whether on walks,&hellip;<\/p>\n","protected":false},"featured_media":261165,"comment_status":"open","ping_status":"closed","template":"","meta":[],"product_brand":[],"product_cat":[38465,38427],"product_tag":[],"class_list":{"0":"post-248600","1":"product","2":"type-product","3":"status-publish","4":"has-post-thumbnail","6":"product_cat-hundespielzeug","8":"product_shipping_class-global_methods","10":"first","11":"instock","12":"taxable","13":"shipping-taxable","14":"purchasable","15":"product-type-simple"},"yoast_head":"<!-- This site is optimized with the Yoast SEO plugin v27.5 - https:\/\/yoast.com\/product\/yoast-seo-wordpress\/ -->\n<title>Pet Toys 3er Set Tennisb\u00e4lle f\u00fcr Hunde<\/title>\n<meta name=\"description\" content=\"Bunte Tennisb\u00e4lle f\u00fcr Hunde \u2013 3er Set mit Pfoten-Design Spielspa\u00df f\u00fcr Ihren Vierbeiner garantiert! Diese farbenfrohen Tennisb\u00e4lle f\u00fcr Hunde sind das perfekte\" \/>\n<meta name=\"robots\" content=\"index, follow, max-snippet:-1, max-image-preview:large, max-video-preview:-1\" \/>\n<link rel=\"canonical\" href=\"https:\/\/schweizversand.ch\/en\/produkt\/pet-toys-3er-set-tennisbaelle-fuer-hunde\/\" \/>\n<meta property=\"og:locale\" content=\"en_US\" \/>\n<meta property=\"og:type\" content=\"article\" \/>\n<meta property=\"og:title\" content=\"Pet Toys 3er Set Tennisb\u00e4lle f\u00fcr Hunde\" \/>\n<meta property=\"og:description\" content=\"Bunte Tennisb\u00e4lle f\u00fcr Hunde \u2013 3er Set mit Pfoten-Design Spielspa\u00df f\u00fcr Ihren Vierbeiner garantiert! Diese farbenfrohen Tennisb\u00e4lle f\u00fcr Hunde sind das perfekte\" \/>\n<meta property=\"og:url\" content=\"https:\/\/schweizversand.ch\/en\/produkt\/pet-toys-3er-set-tennisbaelle-fuer-hunde\/\" \/>\n<meta property=\"og:site_name\" content=\"Schweizer Shop f\u00fcr Sport, Spiel und Freizeit\" \/>\n<meta property=\"article:publisher\" content=\"https:\/\/www.facebook.com\/Schweizversand\" \/>\n<meta property=\"article:modified_time\" content=\"2026-05-02T00:00:52+00:00\" \/>\n<meta property=\"og:image\" content=\"https:\/\/schweizversand.ch\/wp-content\/uploads\/2026\/02\/5471523650.jpg\" \/>\n\t<meta property=\"og:image:width\" content=\"1024\" \/>\n\t<meta property=\"og:image:height\" content=\"1024\" \/>\n\t<meta property=\"og:image:type\" content=\"image\/jpeg\" \/>\n<meta name=\"twitter:card\" content=\"summary_large_image\" \/>\n<meta name=\"twitter:label1\" content=\"Est. reading time\" \/>\n\t<meta name=\"twitter:data1\" content=\"1 minute\" \/>\n<script type=\"application\/ld+json\" class=\"yoast-schema-graph\">{\"@context\":\"https:\\\/\\\/schema.org\",\"@graph\":[{\"@type\":\"WebPage\",\"@id\":\"https:\\\/\\\/schweizversand.ch\\\/en\\\/produkt\\\/pet-toys-3er-set-tennisbaelle-fuer-hunde\\\/\",\"url\":\"https:\\\/\\\/schweizversand.ch\\\/en\\\/produkt\\\/pet-toys-3er-set-tennisbaelle-fuer-hunde\\\/\",\"name\":\"Pet Toys 3er Set Tennisb\u00e4lle f\u00fcr Hunde\",\"isPartOf\":{\"@id\":\"https:\\\/\\\/schweizversand.ch\\\/en\\\/#website\"},\"primaryImageOfPage\":{\"@id\":\"https:\\\/\\\/schweizversand.ch\\\/en\\\/produkt\\\/pet-toys-3er-set-tennisbaelle-fuer-hunde\\\/#primaryimage\"},\"image\":{\"@id\":\"https:\\\/\\\/schweizversand.ch\\\/en\\\/produkt\\\/pet-toys-3er-set-tennisbaelle-fuer-hunde\\\/#primaryimage\"},\"thumbnailUrl\":\"https:\\\/\\\/schweizversand.ch\\\/wp-content\\\/uploads\\\/2026\\\/02\\\/5471523650.jpg\",\"datePublished\":\"2026-03-14T23:06:00+00:00\",\"dateModified\":\"2026-05-02T00:00:52+00:00\",\"description\":\"Bunte Tennisb\u00e4lle f\u00fcr Hunde \u2013 3er Set mit Pfoten-Design Spielspa\u00df f\u00fcr Ihren Vierbeiner garantiert! Diese farbenfrohen Tennisb\u00e4lle f\u00fcr Hunde sind das perfekte\",\"breadcrumb\":{\"@id\":\"https:\\\/\\\/schweizversand.ch\\\/en\\\/produkt\\\/pet-toys-3er-set-tennisbaelle-fuer-hunde\\\/#breadcrumb\"},\"inLanguage\":\"en-US\",\"potentialAction\":[{\"@type\":\"ReadAction\",\"target\":[\"https:\\\/\\\/schweizversand.ch\\\/en\\\/produkt\\\/pet-toys-3er-set-tennisbaelle-fuer-hunde\\\/\"]}]},{\"@type\":\"ImageObject\",\"inLanguage\":\"en-US\",\"@id\":\"https:\\\/\\\/schweizversand.ch\\\/en\\\/produkt\\\/pet-toys-3er-set-tennisbaelle-fuer-hunde\\\/#primaryimage\",\"url\":\"https:\\\/\\\/schweizversand.ch\\\/wp-content\\\/uploads\\\/2026\\\/02\\\/5471523650.jpg\",\"contentUrl\":\"https:\\\/\\\/schweizversand.ch\\\/wp-content\\\/uploads\\\/2026\\\/02\\\/5471523650.jpg\",\"width\":1024,\"height\":1024},{\"@type\":\"BreadcrumbList\",\"@id\":\"https:\\\/\\\/schweizversand.ch\\\/en\\\/produkt\\\/pet-toys-3er-set-tennisbaelle-fuer-hunde\\\/#breadcrumb\",\"itemListElement\":[{\"@type\":\"ListItem\",\"position\":1,\"name\":\"Startseite\",\"item\":\"https:\\\/\\\/schweizversand.ch\\\/en\\\/\"},{\"@type\":\"ListItem\",\"position\":2,\"name\":\"Shop\",\"item\":\"https:\\\/\\\/schweizversand.ch\\\/en\\\/shop\\\/\"},{\"@type\":\"ListItem\",\"position\":3,\"name\":\"Pet supplies\",\"item\":\"https:\\\/\\\/schweizversand.ch\\\/en\\\/produkt-kategorie\\\/pet-supplies\\\/\"},{\"@type\":\"ListItem\",\"position\":4,\"name\":\"Dog\",\"item\":\"https:\\\/\\\/schweizversand.ch\\\/en\\\/produkt-kategorie\\\/pet-supplies\\\/dog\\\/\"},{\"@type\":\"ListItem\",\"position\":5,\"name\":\"Dog toys\",\"item\":\"https:\\\/\\\/schweizversand.ch\\\/en\\\/produkt-kategorie\\\/pet-supplies\\\/dog\\\/hundespielzeug\\\/\"},{\"@type\":\"ListItem\",\"position\":6,\"name\":\"Pet Toys 3-piece set of tennis balls for dogs\"}]},{\"@type\":\"WebSite\",\"@id\":\"https:\\\/\\\/schweizversand.ch\\\/en\\\/#website\",\"url\":\"https:\\\/\\\/schweizversand.ch\\\/en\\\/\",\"name\":\"Schweizer Shop f\u00fcr Sport, Spiel und Freizeit\",\"description\":\"Gratisversand ab 50.- (netto), ab eigenem schweizer Lager, Lieferung innert 48h\",\"publisher\":{\"@id\":\"https:\\\/\\\/schweizversand.ch\\\/en\\\/#organization\"},\"alternateName\":\"Schweizversand.ch\",\"potentialAction\":[{\"@type\":\"SearchAction\",\"target\":{\"@type\":\"EntryPoint\",\"urlTemplate\":\"https:\\\/\\\/schweizversand.ch\\\/en\\\/?s={search_term_string}\"},\"query-input\":{\"@type\":\"PropertyValueSpecification\",\"valueRequired\":true,\"valueName\":\"search_term_string\"}}],\"inLanguage\":\"en-US\"},{\"@type\":\"Organization\",\"@id\":\"https:\\\/\\\/schweizversand.ch\\\/en\\\/#organization\",\"name\":\"Schweizversand.ch\",\"url\":\"https:\\\/\\\/schweizversand.ch\\\/en\\\/\",\"logo\":{\"@type\":\"ImageObject\",\"inLanguage\":\"en-US\",\"@id\":\"https:\\\/\\\/schweizversand.ch\\\/en\\\/#\\\/schema\\\/logo\\\/image\\\/\",\"url\":\"https:\\\/\\\/schweizversand.ch\\\/wp-content\\\/uploads\\\/2026\\\/03\\\/Logo_Rund_Final-1.png\",\"contentUrl\":\"https:\\\/\\\/schweizversand.ch\\\/wp-content\\\/uploads\\\/2026\\\/03\\\/Logo_Rund_Final-1.png\",\"width\":404,\"height\":404,\"caption\":\"Schweizversand.ch\"},\"image\":{\"@id\":\"https:\\\/\\\/schweizversand.ch\\\/en\\\/#\\\/schema\\\/logo\\\/image\\\/\"},\"sameAs\":[\"https:\\\/\\\/www.facebook.com\\\/Schweizversand\",\"https:\\\/\\\/www.instagram.com\\\/schweizversand.ch\\\/\"]}]}<\/script>\n<!-- \/ Yoast SEO plugin. -->","yoast_head_json":{"title":"Pet Toys 3er Set Tennisb\u00e4lle f\u00fcr Hunde","description":"Bunte Tennisb\u00e4lle f\u00fcr Hunde \u2013 3er Set mit Pfoten-Design Spielspa\u00df f\u00fcr Ihren Vierbeiner garantiert! Diese farbenfrohen Tennisb\u00e4lle f\u00fcr Hunde sind das perfekte","robots":{"index":"index","follow":"follow","max-snippet":"max-snippet:-1","max-image-preview":"max-image-preview:large","max-video-preview":"max-video-preview:-1"},"canonical":"https:\/\/schweizversand.ch\/en\/produkt\/pet-toys-3er-set-tennisbaelle-fuer-hunde\/","og_locale":"en_US","og_type":"article","og_title":"Pet Toys 3er Set Tennisb\u00e4lle f\u00fcr Hunde","og_description":"Bunte Tennisb\u00e4lle f\u00fcr Hunde \u2013 3er Set mit Pfoten-Design Spielspa\u00df f\u00fcr Ihren Vierbeiner garantiert! Diese farbenfrohen Tennisb\u00e4lle f\u00fcr Hunde sind das perfekte","og_url":"https:\/\/schweizversand.ch\/en\/produkt\/pet-toys-3er-set-tennisbaelle-fuer-hunde\/","og_site_name":"Schweizer Shop f\u00fcr Sport, Spiel und Freizeit","article_publisher":"https:\/\/www.facebook.com\/Schweizversand","article_modified_time":"2026-05-02T00:00:52+00:00","og_image":[{"width":1024,"height":1024,"url":"https:\/\/schweizversand.ch\/wp-content\/uploads\/2026\/02\/5471523650.jpg","type":"image\/jpeg"}],"twitter_card":"summary_large_image","twitter_misc":{"Est. reading time":"1 minute"},"schema":{"@context":"https:\/\/schema.org","@graph":[{"@type":"WebPage","@id":"https:\/\/schweizversand.ch\/en\/produkt\/pet-toys-3er-set-tennisbaelle-fuer-hunde\/","url":"https:\/\/schweizversand.ch\/en\/produkt\/pet-toys-3er-set-tennisbaelle-fuer-hunde\/","name":"Pet Toys 3er Set Tennisb\u00e4lle f\u00fcr Hunde","isPartOf":{"@id":"https:\/\/schweizversand.ch\/en\/#website"},"primaryImageOfPage":{"@id":"https:\/\/schweizversand.ch\/en\/produkt\/pet-toys-3er-set-tennisbaelle-fuer-hunde\/#primaryimage"},"image":{"@id":"https:\/\/schweizversand.ch\/en\/produkt\/pet-toys-3er-set-tennisbaelle-fuer-hunde\/#primaryimage"},"thumbnailUrl":"https:\/\/schweizversand.ch\/wp-content\/uploads\/2026\/02\/5471523650.jpg","datePublished":"2026-03-14T23:06:00+00:00","dateModified":"2026-05-02T00:00:52+00:00","description":"Bunte Tennisb\u00e4lle f\u00fcr Hunde \u2013 3er Set mit Pfoten-Design Spielspa\u00df f\u00fcr Ihren Vierbeiner garantiert! Diese farbenfrohen Tennisb\u00e4lle f\u00fcr Hunde sind das perfekte","breadcrumb":{"@id":"https:\/\/schweizversand.ch\/en\/produkt\/pet-toys-3er-set-tennisbaelle-fuer-hunde\/#breadcrumb"},"inLanguage":"en-US","potentialAction":[{"@type":"ReadAction","target":["https:\/\/schweizversand.ch\/en\/produkt\/pet-toys-3er-set-tennisbaelle-fuer-hunde\/"]}]},{"@type":"ImageObject","inLanguage":"en-US","@id":"https:\/\/schweizversand.ch\/en\/produkt\/pet-toys-3er-set-tennisbaelle-fuer-hunde\/#primaryimage","url":"https:\/\/schweizversand.ch\/wp-content\/uploads\/2026\/02\/5471523650.jpg","contentUrl":"https:\/\/schweizversand.ch\/wp-content\/uploads\/2026\/02\/5471523650.jpg","width":1024,"height":1024},{"@type":"BreadcrumbList","@id":"https:\/\/schweizversand.ch\/en\/produkt\/pet-toys-3er-set-tennisbaelle-fuer-hunde\/#breadcrumb","itemListElement":[{"@type":"ListItem","position":1,"name":"Startseite","item":"https:\/\/schweizversand.ch\/en\/"},{"@type":"ListItem","position":2,"name":"Shop","item":"https:\/\/schweizversand.ch\/en\/shop\/"},{"@type":"ListItem","position":3,"name":"Pet supplies","item":"https:\/\/schweizversand.ch\/en\/produkt-kategorie\/pet-supplies\/"},{"@type":"ListItem","position":4,"name":"Dog","item":"https:\/\/schweizversand.ch\/en\/produkt-kategorie\/pet-supplies\/dog\/"},{"@type":"ListItem","position":5,"name":"Dog toys","item":"https:\/\/schweizversand.ch\/en\/produkt-kategorie\/pet-supplies\/dog\/hundespielzeug\/"},{"@type":"ListItem","position":6,"name":"Pet Toys 3-piece set of tennis balls for dogs"}]},{"@type":"WebSite","@id":"https:\/\/schweizversand.ch\/en\/#website","url":"https:\/\/schweizversand.ch\/en\/","name":"Schweizer Shop f\u00fcr Sport, Spiel und Freizeit","description":"Gratisversand ab 50.- (netto), ab eigenem schweizer Lager, Lieferung innert 48h","publisher":{"@id":"https:\/\/schweizversand.ch\/en\/#organization"},"alternateName":"Schweizversand.ch","potentialAction":[{"@type":"SearchAction","target":{"@type":"EntryPoint","urlTemplate":"https:\/\/schweizversand.ch\/en\/?s={search_term_string}"},"query-input":{"@type":"PropertyValueSpecification","valueRequired":true,"valueName":"search_term_string"}}],"inLanguage":"en-US"},{"@type":"Organization","@id":"https:\/\/schweizversand.ch\/en\/#organization","name":"Schweizversand.ch","url":"https:\/\/schweizversand.ch\/en\/","logo":{"@type":"ImageObject","inLanguage":"en-US","@id":"https:\/\/schweizversand.ch\/en\/#\/schema\/logo\/image\/","url":"https:\/\/schweizversand.ch\/wp-content\/uploads\/2026\/03\/Logo_Rund_Final-1.png","contentUrl":"https:\/\/schweizversand.ch\/wp-content\/uploads\/2026\/03\/Logo_Rund_Final-1.png","width":404,"height":404,"caption":"Schweizversand.ch"},"image":{"@id":"https:\/\/schweizversand.ch\/en\/#\/schema\/logo\/image\/"},"sameAs":["https:\/\/www.facebook.com\/Schweizversand","https:\/\/www.instagram.com\/schweizversand.ch\/"]}]}},"jetpack_sharing_enabled":true,"_links":{"self":[{"href":"https:\/\/schweizversand.ch\/en\/wp-json\/wp\/v2\/product\/248600","targetHints":{"allow":["GET"]}}],"collection":[{"href":"https:\/\/schweizversand.ch\/en\/wp-json\/wp\/v2\/product"}],"about":[{"href":"https:\/\/schweizversand.ch\/en\/wp-json\/wp\/v2\/types\/product"}],"replies":[{"embeddable":true,"href":"https:\/\/schweizversand.ch\/en\/wp-json\/wp\/v2\/comments?post=248600"}],"wp:featuredmedia":[{"embeddable":true,"href":"https:\/\/schweizversand.ch\/en\/wp-json\/wp\/v2\/media\/261165"}],"wp:attachment":[{"href":"https:\/\/schweizversand.ch\/en\/wp-json\/wp\/v2\/media?parent=248600"}],"wp:term":[{"taxonomy":"product_brand","embeddable":true,"href":"https:\/\/schweizversand.ch\/en\/wp-json\/wp\/v2\/product_brand?post=248600"},{"taxonomy":"product_cat","embeddable":true,"href":"https:\/\/schweizversand.ch\/en\/wp-json\/wp\/v2\/product_cat?post=248600"},{"taxonomy":"product_tag","embeddable":true,"href":"https:\/\/schweizversand.ch\/en\/wp-json\/wp\/v2\/product_tag?post=248600"}],"curies":[{"name":"wp","href":"https:\/\/api.w.org\/{rel}","templated":true}]}}