{"id":248609,"date":"2026-03-15T00:06:02","date_gmt":"2026-03-14T23:06:02","guid":{"rendered":"https:\/\/schweizversand.ch\/produkt\/champ-lampe-hund\/"},"modified":"2026-04-20T02:00:55","modified_gmt":"2026-04-20T00:00:55","slug":"champ-lampe-hund","status":"publish","type":"product","link":"https:\/\/schweizversand.ch\/en\/produkt\/champ-lampe-hund\/","title":{"rendered":"CHAMP Lamp &#8220;Dog&#8221;"},"content":{"rendered":"<p>Cute Night Light for Children&#8217;s Rooms<br \/>\n<br \/>Soft Light &#038; Sweet Design for Peaceful Nights<\/p>\n<p>The dog-shaped night light brings not only light but also a sense of security to the children&#8217;s room. This lovingly designed night light in the shape of a dog provides a pleasant, calming light \u2013 ideal for falling asleep, dreaming, and feeling good.<\/p>\n<p>Perfect for Children&#8217;s Hands &#038; Small Spaces<\/p>\n<p>With its compact dimensions of 7.5 x 6 x 11 cm, the lamp fits on any bedside table, shelf, or windowsill. The child-friendly design ensures safety and quickly makes the lamp a favorite for little ones.<\/p>\n<p>Wireless &#038; Flexible \u2013 Battery Operated<\/p>\n<p>Thanks to its operation with 3 x LR44 batteries (included), the night light can be placed anywhere \u2013 without a power outlet or bothersome cables. Ideal for flexible use in the children&#8217;s room, while traveling, or camping.<\/p>\n<p>Cordless &#038; Flexible \u2013 Battery Operated<\/p>\n<p>Thanks to its operation with 3 x LR44 batteries (included), the night light can be placed anywhere \u2013 without a power outlet or bothersome cables. Ideal for flexible use in the children&#8217;s room, while traveling, or camping. Easy to use<\/p>\n<p>The convenient on\/off switch makes it easy for even children to use \u2013 all by themselves. This turns turning on the nightlight into a nightly ritual.<\/p>\n<p>Product highlights at a glance:<\/p>\n<p>\u2022 Dog-shaped nightlight \u2013 child-friendly and decorative<\/p>\n<p>\u2022 Soft light for a calming sleep atmosphere<\/p>\n<p>\u2022 Battery operated (3 x LR44 batteries included) \u2013 no power outlet required<\/p>\n<p>\u2022 Compact and portable: 7.5 x 6 x 11 cm<\/p>\n<p>\u2022 Easy on\/off switch<\/p>\n","protected":false},"excerpt":{"rendered":"<p>Cute Night Light for Children&#8217;s Rooms Soft Light &#038; Sweet Design for Peaceful Nights The dog-shaped night light brings not only light but also a sense of security to the children&#8217;s room. This lovingly designed night light in the shape of a dog provides a pleasant, calming light \u2013 ideal for falling asleep, dreaming, and feeling good. Perfect for Children&#8217;s Hands &#038; Small Spaces With its compact dimensions of 7.5 x 6 x 11 cm,&hellip;<\/p>\n","protected":false},"featured_media":261169,"comment_status":"open","ping_status":"closed","template":"","meta":[],"product_brand":[],"product_cat":[38429,38472],"product_tag":[],"class_list":{"0":"post-248609","1":"product","2":"type-product","3":"status-publish","4":"has-post-thumbnail","6":"product_cat-nachtlichter-lampen","8":"product_shipping_class-global_methods","10":"first","11":"instock","12":"taxable","13":"shipping-taxable","14":"purchasable","15":"product-type-simple"},"yoast_head":"<!-- This site is optimized with the Yoast SEO plugin v27.4 - https:\/\/yoast.com\/product\/yoast-seo-wordpress\/ -->\n<title>CHAMP Lampe &quot;Hund&quot;<\/title>\n<meta name=\"description\" content=\"Niedliches Nachtlicht f\u00fcr Kinderzimmer Sanftes Licht &amp; s\u00fc\u00dfes Design f\u00fcr ruhige N\u00e4chte Die Tierlampe Hund bringt nicht nur Licht, sondern auch Geborgenheit ins\" \/>\n<meta name=\"robots\" content=\"index, follow, max-snippet:-1, max-image-preview:large, max-video-preview:-1\" \/>\n<link rel=\"canonical\" href=\"https:\/\/schweizversand.ch\/en\/produkt\/champ-lampe-hund\/\" \/>\n<meta property=\"og:locale\" content=\"en_US\" \/>\n<meta property=\"og:type\" content=\"article\" \/>\n<meta property=\"og:title\" content=\"CHAMP Lampe &quot;Hund&quot;\" \/>\n<meta property=\"og:description\" content=\"Niedliches Nachtlicht f\u00fcr Kinderzimmer Sanftes Licht &amp; s\u00fc\u00dfes Design f\u00fcr ruhige N\u00e4chte Die Tierlampe Hund bringt nicht nur Licht, sondern auch Geborgenheit ins\" \/>\n<meta property=\"og:url\" content=\"https:\/\/schweizversand.ch\/en\/produkt\/champ-lampe-hund\/\" \/>\n<meta property=\"og:site_name\" content=\"Schweizer Shop f\u00fcr Sport, Spiel und Freizeit\" \/>\n<meta property=\"article:publisher\" content=\"https:\/\/www.facebook.com\/Schweizversand\" \/>\n<meta property=\"article:modified_time\" content=\"2026-04-20T00:00:55+00:00\" \/>\n<meta property=\"og:image\" content=\"https:\/\/schweizversand.ch\/wp-content\/uploads\/2026\/02\/5471908480.png\" \/>\n\t<meta property=\"og:image:width\" content=\"1024\" \/>\n\t<meta property=\"og:image:height\" content=\"1024\" \/>\n\t<meta property=\"og:image:type\" content=\"image\/png\" \/>\n<meta name=\"twitter:card\" content=\"summary_large_image\" \/>\n<meta name=\"twitter:label1\" content=\"Est. reading time\" \/>\n\t<meta name=\"twitter:data1\" content=\"1 minute\" \/>\n<script type=\"application\/ld+json\" class=\"yoast-schema-graph\">{\"@context\":\"https:\\\/\\\/schema.org\",\"@graph\":[{\"@type\":\"WebPage\",\"@id\":\"https:\\\/\\\/schweizversand.ch\\\/en\\\/produkt\\\/champ-lampe-hund\\\/\",\"url\":\"https:\\\/\\\/schweizversand.ch\\\/en\\\/produkt\\\/champ-lampe-hund\\\/\",\"name\":\"CHAMP Lampe \\\"Hund\\\"\",\"isPartOf\":{\"@id\":\"https:\\\/\\\/schweizversand.ch\\\/en\\\/#website\"},\"primaryImageOfPage\":{\"@id\":\"https:\\\/\\\/schweizversand.ch\\\/en\\\/produkt\\\/champ-lampe-hund\\\/#primaryimage\"},\"image\":{\"@id\":\"https:\\\/\\\/schweizversand.ch\\\/en\\\/produkt\\\/champ-lampe-hund\\\/#primaryimage\"},\"thumbnailUrl\":\"https:\\\/\\\/schweizversand.ch\\\/wp-content\\\/uploads\\\/2026\\\/02\\\/5471908480.png\",\"datePublished\":\"2026-03-14T23:06:02+00:00\",\"dateModified\":\"2026-04-20T00:00:55+00:00\",\"description\":\"Niedliches Nachtlicht f\u00fcr Kinderzimmer Sanftes Licht & s\u00fc\u00dfes Design f\u00fcr ruhige N\u00e4chte Die Tierlampe Hund bringt nicht nur Licht, sondern auch Geborgenheit ins\",\"breadcrumb\":{\"@id\":\"https:\\\/\\\/schweizversand.ch\\\/en\\\/produkt\\\/champ-lampe-hund\\\/#breadcrumb\"},\"inLanguage\":\"en-US\",\"potentialAction\":[{\"@type\":\"ReadAction\",\"target\":[\"https:\\\/\\\/schweizversand.ch\\\/en\\\/produkt\\\/champ-lampe-hund\\\/\"]}]},{\"@type\":\"ImageObject\",\"inLanguage\":\"en-US\",\"@id\":\"https:\\\/\\\/schweizversand.ch\\\/en\\\/produkt\\\/champ-lampe-hund\\\/#primaryimage\",\"url\":\"https:\\\/\\\/schweizversand.ch\\\/wp-content\\\/uploads\\\/2026\\\/02\\\/5471908480.png\",\"contentUrl\":\"https:\\\/\\\/schweizversand.ch\\\/wp-content\\\/uploads\\\/2026\\\/02\\\/5471908480.png\",\"width\":1024,\"height\":1024},{\"@type\":\"BreadcrumbList\",\"@id\":\"https:\\\/\\\/schweizversand.ch\\\/en\\\/produkt\\\/champ-lampe-hund\\\/#breadcrumb\",\"itemListElement\":[{\"@type\":\"ListItem\",\"position\":1,\"name\":\"Startseite\",\"item\":\"https:\\\/\\\/schweizversand.ch\\\/en\\\/\"},{\"@type\":\"ListItem\",\"position\":2,\"name\":\"Shop\",\"item\":\"https:\\\/\\\/schweizversand.ch\\\/en\\\/shop\\\/\"},{\"@type\":\"ListItem\",\"position\":3,\"name\":\"Baby &amp; Parents\",\"item\":\"https:\\\/\\\/schweizversand.ch\\\/en\\\/produkt-kategorie\\\/baby-parents\\\/\"},{\"@type\":\"ListItem\",\"position\":4,\"name\":\"Baby Toys\",\"item\":\"https:\\\/\\\/schweizversand.ch\\\/en\\\/produkt-kategorie\\\/baby-parents\\\/baby-toys\\\/\"},{\"@type\":\"ListItem\",\"position\":5,\"name\":\"Night Lights &amp; Lamps\",\"item\":\"https:\\\/\\\/schweizversand.ch\\\/en\\\/produkt-kategorie\\\/baby-parents\\\/baby-toys\\\/nachtlichter-lampen\\\/\"},{\"@type\":\"ListItem\",\"position\":6,\"name\":\"CHAMP Lamp &#8222;Dog&#8220;\"}]},{\"@type\":\"WebSite\",\"@id\":\"https:\\\/\\\/schweizversand.ch\\\/en\\\/#website\",\"url\":\"https:\\\/\\\/schweizversand.ch\\\/en\\\/\",\"name\":\"Schweizer Shop f\u00fcr Sport, Spiel und Freizeit\",\"description\":\"Gratisversand ab 50.- (netto), ab eigenem schweizer Lager, Lieferung innert 48h\",\"publisher\":{\"@id\":\"https:\\\/\\\/schweizversand.ch\\\/en\\\/#organization\"},\"alternateName\":\"Schweizversand.ch\",\"potentialAction\":[{\"@type\":\"SearchAction\",\"target\":{\"@type\":\"EntryPoint\",\"urlTemplate\":\"https:\\\/\\\/schweizversand.ch\\\/en\\\/?s={search_term_string}\"},\"query-input\":{\"@type\":\"PropertyValueSpecification\",\"valueRequired\":true,\"valueName\":\"search_term_string\"}}],\"inLanguage\":\"en-US\"},{\"@type\":\"Organization\",\"@id\":\"https:\\\/\\\/schweizversand.ch\\\/en\\\/#organization\",\"name\":\"Schweizversand.ch\",\"url\":\"https:\\\/\\\/schweizversand.ch\\\/en\\\/\",\"logo\":{\"@type\":\"ImageObject\",\"inLanguage\":\"en-US\",\"@id\":\"https:\\\/\\\/schweizversand.ch\\\/en\\\/#\\\/schema\\\/logo\\\/image\\\/\",\"url\":\"https:\\\/\\\/schweizversand.ch\\\/wp-content\\\/uploads\\\/2026\\\/03\\\/Logo_Rund_Final-1.png\",\"contentUrl\":\"https:\\\/\\\/schweizversand.ch\\\/wp-content\\\/uploads\\\/2026\\\/03\\\/Logo_Rund_Final-1.png\",\"width\":404,\"height\":404,\"caption\":\"Schweizversand.ch\"},\"image\":{\"@id\":\"https:\\\/\\\/schweizversand.ch\\\/en\\\/#\\\/schema\\\/logo\\\/image\\\/\"},\"sameAs\":[\"https:\\\/\\\/www.facebook.com\\\/Schweizversand\",\"https:\\\/\\\/www.instagram.com\\\/schweizversand.ch\\\/\"]}]}<\/script>\n<!-- \/ Yoast SEO plugin. -->","yoast_head_json":{"title":"CHAMP Lampe \"Hund\"","description":"Niedliches Nachtlicht f\u00fcr Kinderzimmer Sanftes Licht & s\u00fc\u00dfes Design f\u00fcr ruhige N\u00e4chte Die Tierlampe Hund bringt nicht nur Licht, sondern auch Geborgenheit ins","robots":{"index":"index","follow":"follow","max-snippet":"max-snippet:-1","max-image-preview":"max-image-preview:large","max-video-preview":"max-video-preview:-1"},"canonical":"https:\/\/schweizversand.ch\/en\/produkt\/champ-lampe-hund\/","og_locale":"en_US","og_type":"article","og_title":"CHAMP Lampe \"Hund\"","og_description":"Niedliches Nachtlicht f\u00fcr Kinderzimmer Sanftes Licht & s\u00fc\u00dfes Design f\u00fcr ruhige N\u00e4chte Die Tierlampe Hund bringt nicht nur Licht, sondern auch Geborgenheit ins","og_url":"https:\/\/schweizversand.ch\/en\/produkt\/champ-lampe-hund\/","og_site_name":"Schweizer Shop f\u00fcr Sport, Spiel und Freizeit","article_publisher":"https:\/\/www.facebook.com\/Schweizversand","article_modified_time":"2026-04-20T00:00:55+00:00","og_image":[{"width":1024,"height":1024,"url":"https:\/\/schweizversand.ch\/wp-content\/uploads\/2026\/02\/5471908480.png","type":"image\/png"}],"twitter_card":"summary_large_image","twitter_misc":{"Est. reading time":"1 minute"},"schema":{"@context":"https:\/\/schema.org","@graph":[{"@type":"WebPage","@id":"https:\/\/schweizversand.ch\/en\/produkt\/champ-lampe-hund\/","url":"https:\/\/schweizversand.ch\/en\/produkt\/champ-lampe-hund\/","name":"CHAMP Lampe \"Hund\"","isPartOf":{"@id":"https:\/\/schweizversand.ch\/en\/#website"},"primaryImageOfPage":{"@id":"https:\/\/schweizversand.ch\/en\/produkt\/champ-lampe-hund\/#primaryimage"},"image":{"@id":"https:\/\/schweizversand.ch\/en\/produkt\/champ-lampe-hund\/#primaryimage"},"thumbnailUrl":"https:\/\/schweizversand.ch\/wp-content\/uploads\/2026\/02\/5471908480.png","datePublished":"2026-03-14T23:06:02+00:00","dateModified":"2026-04-20T00:00:55+00:00","description":"Niedliches Nachtlicht f\u00fcr Kinderzimmer Sanftes Licht & s\u00fc\u00dfes Design f\u00fcr ruhige N\u00e4chte Die Tierlampe Hund bringt nicht nur Licht, sondern auch Geborgenheit ins","breadcrumb":{"@id":"https:\/\/schweizversand.ch\/en\/produkt\/champ-lampe-hund\/#breadcrumb"},"inLanguage":"en-US","potentialAction":[{"@type":"ReadAction","target":["https:\/\/schweizversand.ch\/en\/produkt\/champ-lampe-hund\/"]}]},{"@type":"ImageObject","inLanguage":"en-US","@id":"https:\/\/schweizversand.ch\/en\/produkt\/champ-lampe-hund\/#primaryimage","url":"https:\/\/schweizversand.ch\/wp-content\/uploads\/2026\/02\/5471908480.png","contentUrl":"https:\/\/schweizversand.ch\/wp-content\/uploads\/2026\/02\/5471908480.png","width":1024,"height":1024},{"@type":"BreadcrumbList","@id":"https:\/\/schweizversand.ch\/en\/produkt\/champ-lampe-hund\/#breadcrumb","itemListElement":[{"@type":"ListItem","position":1,"name":"Startseite","item":"https:\/\/schweizversand.ch\/en\/"},{"@type":"ListItem","position":2,"name":"Shop","item":"https:\/\/schweizversand.ch\/en\/shop\/"},{"@type":"ListItem","position":3,"name":"Baby &amp; Parents","item":"https:\/\/schweizversand.ch\/en\/produkt-kategorie\/baby-parents\/"},{"@type":"ListItem","position":4,"name":"Baby Toys","item":"https:\/\/schweizversand.ch\/en\/produkt-kategorie\/baby-parents\/baby-toys\/"},{"@type":"ListItem","position":5,"name":"Night Lights &amp; Lamps","item":"https:\/\/schweizversand.ch\/en\/produkt-kategorie\/baby-parents\/baby-toys\/nachtlichter-lampen\/"},{"@type":"ListItem","position":6,"name":"CHAMP Lamp &#8222;Dog&#8220;"}]},{"@type":"WebSite","@id":"https:\/\/schweizversand.ch\/en\/#website","url":"https:\/\/schweizversand.ch\/en\/","name":"Schweizer Shop f\u00fcr Sport, Spiel und Freizeit","description":"Gratisversand ab 50.- (netto), ab eigenem schweizer Lager, Lieferung innert 48h","publisher":{"@id":"https:\/\/schweizversand.ch\/en\/#organization"},"alternateName":"Schweizversand.ch","potentialAction":[{"@type":"SearchAction","target":{"@type":"EntryPoint","urlTemplate":"https:\/\/schweizversand.ch\/en\/?s={search_term_string}"},"query-input":{"@type":"PropertyValueSpecification","valueRequired":true,"valueName":"search_term_string"}}],"inLanguage":"en-US"},{"@type":"Organization","@id":"https:\/\/schweizversand.ch\/en\/#organization","name":"Schweizversand.ch","url":"https:\/\/schweizversand.ch\/en\/","logo":{"@type":"ImageObject","inLanguage":"en-US","@id":"https:\/\/schweizversand.ch\/en\/#\/schema\/logo\/image\/","url":"https:\/\/schweizversand.ch\/wp-content\/uploads\/2026\/03\/Logo_Rund_Final-1.png","contentUrl":"https:\/\/schweizversand.ch\/wp-content\/uploads\/2026\/03\/Logo_Rund_Final-1.png","width":404,"height":404,"caption":"Schweizversand.ch"},"image":{"@id":"https:\/\/schweizversand.ch\/en\/#\/schema\/logo\/image\/"},"sameAs":["https:\/\/www.facebook.com\/Schweizversand","https:\/\/www.instagram.com\/schweizversand.ch\/"]}]}},"jetpack_sharing_enabled":true,"_links":{"self":[{"href":"https:\/\/schweizversand.ch\/en\/wp-json\/wp\/v2\/product\/248609","targetHints":{"allow":["GET"]}}],"collection":[{"href":"https:\/\/schweizversand.ch\/en\/wp-json\/wp\/v2\/product"}],"about":[{"href":"https:\/\/schweizversand.ch\/en\/wp-json\/wp\/v2\/types\/product"}],"replies":[{"embeddable":true,"href":"https:\/\/schweizversand.ch\/en\/wp-json\/wp\/v2\/comments?post=248609"}],"wp:featuredmedia":[{"embeddable":true,"href":"https:\/\/schweizversand.ch\/en\/wp-json\/wp\/v2\/media\/261169"}],"wp:attachment":[{"href":"https:\/\/schweizversand.ch\/en\/wp-json\/wp\/v2\/media?parent=248609"}],"wp:term":[{"taxonomy":"product_brand","embeddable":true,"href":"https:\/\/schweizversand.ch\/en\/wp-json\/wp\/v2\/product_brand?post=248609"},{"taxonomy":"product_cat","embeddable":true,"href":"https:\/\/schweizversand.ch\/en\/wp-json\/wp\/v2\/product_cat?post=248609"},{"taxonomy":"product_tag","embeddable":true,"href":"https:\/\/schweizversand.ch\/en\/wp-json\/wp\/v2\/product_tag?post=248609"}],"curies":[{"name":"wp","href":"https:\/\/api.w.org\/{rel}","templated":true}]}}