{"id":248723,"date":"2026-03-14T23:49:58","date_gmt":"2026-03-14T22:49:58","guid":{"rendered":"https:\/\/schweizversand.ch\/produkt\/hudora-schienbeinschuetzer-mit-knoechelschutz-gr-l\/"},"modified":"2026-04-20T02:02:35","modified_gmt":"2026-04-20T00:02:35","slug":"hudora-schienbeinschuetzer-mit-knoechelschutz-gr-l","status":"publish","type":"product","link":"https:\/\/schweizversand.ch\/en\/produkt\/hudora-schienbeinschuetzer-mit-knoechelschutz-gr-l\/","title":{"rendered":"Hudora shin guards with ankle protection, size L"},"content":{"rendered":"<h1><strong>State-of-the-art shin guards with ankle protection<\/strong><\/h1>\n<div>Boost your safety and performance on the pitch with these state-of-the-art shin guards. Designed to offer maximum protection, these guards minimize the risk of injury, allowing you to fully concentrate on your game.<\/p>\n<\/div>\n<div><strong>Maximum protection and cushioning<\/strong><br \/>These football shin guards are equipped with a foam-encased protective plate that ensures excellent cushioning. The optimized impact protection effectively absorbs hard impacts and reliably protects your shins. The integrated ankle protection offers additional safety for a particularly sensitive area. Perfect fit for intensive training: Thanks to the adjustable elastic band and robust Velcro fastener, the shin guards adapt individually. This guarantees a secure and comfortable fit that won&#8217;t slip, even during intense training. Enjoy freedom of movement with maximum safety. Versatile use and comfort: These shin guards are ideal for football, martial arts, and all sports that place high demands on the legs. Experience maximum comfort and the necessary impact protection to perform at your best in every situation. Product details and features: &#8211; Foam-covered protective plate for optimal cushioning &#8211; Optimized impact protection to minimize injuries &#8211; Adjustable elastic band for a customized fit &#8211; Hook and loop fastener for a secure, non-slip hold. Invest in your safety: Get these premium shin guards now and go into every game or practice well protected.<\/p>\n","protected":false},"excerpt":{"rendered":"<p>State-of-the-art shin guards with ankle protection Boost your safety and performance on the pitch with these state-of-the-art shin guards. Designed to offer maximum protection, these guards minimize the risk of injury, allowing you to fully concentrate on your game. Maximum protection and cushioningThese football shin guards are equipped with a foam-encased protective plate that ensures excellent cushioning. The optimized impact protection effectively absorbs hard impacts and reliably protects your shins. The integrated ankle protection offers&hellip;<\/p>\n","protected":false},"featured_media":165649,"comment_status":"open","ping_status":"closed","template":"","meta":[],"product_brand":[],"product_cat":[38444],"product_tag":[],"class_list":{"0":"post-248723","1":"product","2":"type-product","3":"status-publish","4":"has-post-thumbnail","6":"product_cat-stuetzen-bandagen","7":"product_shipping_class-global_methods","9":"first","10":"instock","11":"taxable","12":"shipping-taxable","13":"purchasable","14":"product-type-simple"},"yoast_head":"<!-- This site is optimized with the Yoast SEO plugin v27.4 - https:\/\/yoast.com\/product\/yoast-seo-wordpress\/ -->\n<title>Hudora Schienbeinsch\u00fctzer mit Kn\u00f6chelschutz, Gr. L | Jetzt kaufen | Schweizversand.ch<\/title>\n<meta name=\"description\" content=\"Hudora Schienbeinsch\u00fctzer mit Kn\u00f6chelschutz, Gr. L g\u00fcnstig kaufen bei Schweizversand.ch. Schnelle Lieferung in der Schweiz. Gratisversand ab CHF 50.\" \/>\n<meta name=\"robots\" content=\"index, follow, max-snippet:-1, max-image-preview:large, max-video-preview:-1\" \/>\n<link rel=\"canonical\" href=\"https:\/\/schweizversand.ch\/en\/produkt\/hudora-schienbeinschuetzer-mit-knoechelschutz-gr-l\/\" \/>\n<meta property=\"og:locale\" content=\"en_US\" \/>\n<meta property=\"og:type\" content=\"article\" \/>\n<meta property=\"og:title\" content=\"Hudora Schienbeinsch\u00fctzer mit Kn\u00f6chelschutz, Gr. L | Jetzt kaufen | Schweizversand.ch\" \/>\n<meta property=\"og:description\" content=\"Hudora Schienbeinsch\u00fctzer mit Kn\u00f6chelschutz, Gr. L g\u00fcnstig kaufen bei Schweizversand.ch. Schnelle Lieferung in der Schweiz. Gratisversand ab CHF 50.\" \/>\n<meta property=\"og:url\" content=\"https:\/\/schweizversand.ch\/en\/produkt\/hudora-schienbeinschuetzer-mit-knoechelschutz-gr-l\/\" \/>\n<meta property=\"og:site_name\" content=\"Schweizer Shop f\u00fcr Sport, Spiel und Freizeit\" \/>\n<meta property=\"article:publisher\" content=\"https:\/\/www.facebook.com\/Schweizversand\" \/>\n<meta property=\"article:modified_time\" content=\"2026-04-20T00:02:35+00:00\" \/>\n<meta property=\"og:image\" content=\"https:\/\/schweizversand.ch\/wp-content\/uploads\/2026\/02\/5568516590.png\" \/>\n\t<meta property=\"og:image:width\" content=\"716\" \/>\n\t<meta property=\"og:image:height\" content=\"1024\" \/>\n\t<meta property=\"og:image:type\" content=\"image\/png\" \/>\n<meta name=\"twitter:card\" content=\"summary_large_image\" \/>\n<meta name=\"twitter:label1\" content=\"Est. reading time\" \/>\n\t<meta name=\"twitter:data1\" content=\"1 minute\" \/>\n<script type=\"application\/ld+json\" class=\"yoast-schema-graph\">{\"@context\":\"https:\\\/\\\/schema.org\",\"@graph\":[{\"@type\":\"WebPage\",\"@id\":\"https:\\\/\\\/schweizversand.ch\\\/en\\\/produkt\\\/hudora-schienbeinschuetzer-mit-knoechelschutz-gr-l\\\/\",\"url\":\"https:\\\/\\\/schweizversand.ch\\\/en\\\/produkt\\\/hudora-schienbeinschuetzer-mit-knoechelschutz-gr-l\\\/\",\"name\":\"Hudora Schienbeinsch\u00fctzer mit Kn\u00f6chelschutz, Gr. L | Jetzt kaufen | Schweizversand.ch\",\"isPartOf\":{\"@id\":\"https:\\\/\\\/schweizversand.ch\\\/en\\\/#website\"},\"primaryImageOfPage\":{\"@id\":\"https:\\\/\\\/schweizversand.ch\\\/en\\\/produkt\\\/hudora-schienbeinschuetzer-mit-knoechelschutz-gr-l\\\/#primaryimage\"},\"image\":{\"@id\":\"https:\\\/\\\/schweizversand.ch\\\/en\\\/produkt\\\/hudora-schienbeinschuetzer-mit-knoechelschutz-gr-l\\\/#primaryimage\"},\"thumbnailUrl\":\"https:\\\/\\\/schweizversand.ch\\\/wp-content\\\/uploads\\\/2026\\\/02\\\/5568516590.png\",\"datePublished\":\"2026-03-14T22:49:58+00:00\",\"dateModified\":\"2026-04-20T00:02:35+00:00\",\"description\":\"Hudora Schienbeinsch\u00fctzer mit Kn\u00f6chelschutz, Gr. L g\u00fcnstig kaufen bei Schweizversand.ch. Schnelle Lieferung in der Schweiz. Gratisversand ab CHF 50.\",\"breadcrumb\":{\"@id\":\"https:\\\/\\\/schweizversand.ch\\\/en\\\/produkt\\\/hudora-schienbeinschuetzer-mit-knoechelschutz-gr-l\\\/#breadcrumb\"},\"inLanguage\":\"en-US\",\"potentialAction\":[{\"@type\":\"ReadAction\",\"target\":[\"https:\\\/\\\/schweizversand.ch\\\/en\\\/produkt\\\/hudora-schienbeinschuetzer-mit-knoechelschutz-gr-l\\\/\"]}]},{\"@type\":\"ImageObject\",\"inLanguage\":\"en-US\",\"@id\":\"https:\\\/\\\/schweizversand.ch\\\/en\\\/produkt\\\/hudora-schienbeinschuetzer-mit-knoechelschutz-gr-l\\\/#primaryimage\",\"url\":\"https:\\\/\\\/schweizversand.ch\\\/wp-content\\\/uploads\\\/2026\\\/02\\\/5568516590.png\",\"contentUrl\":\"https:\\\/\\\/schweizversand.ch\\\/wp-content\\\/uploads\\\/2026\\\/02\\\/5568516590.png\",\"width\":716,\"height\":1024},{\"@type\":\"BreadcrumbList\",\"@id\":\"https:\\\/\\\/schweizversand.ch\\\/en\\\/produkt\\\/hudora-schienbeinschuetzer-mit-knoechelschutz-gr-l\\\/#breadcrumb\",\"itemListElement\":[{\"@type\":\"ListItem\",\"position\":1,\"name\":\"Startseite\",\"item\":\"https:\\\/\\\/schweizversand.ch\\\/en\\\/\"},{\"@type\":\"ListItem\",\"position\":2,\"name\":\"Shop\",\"item\":\"https:\\\/\\\/schweizversand.ch\\\/en\\\/shop\\\/\"},{\"@type\":\"ListItem\",\"position\":3,\"name\":\"Beauty &amp; Health\",\"item\":\"https:\\\/\\\/schweizversand.ch\\\/en\\\/produkt-kategorie\\\/beauty-health\\\/\"},{\"@type\":\"ListItem\",\"position\":4,\"name\":\"Health\",\"item\":\"https:\\\/\\\/schweizversand.ch\\\/en\\\/produkt-kategorie\\\/beauty-health\\\/health\\\/\"},{\"@type\":\"ListItem\",\"position\":5,\"name\":\"Supports &amp; Bandages\",\"item\":\"https:\\\/\\\/schweizversand.ch\\\/en\\\/produkt-kategorie\\\/beauty-health\\\/health\\\/stuetzen-bandagen\\\/\"},{\"@type\":\"ListItem\",\"position\":6,\"name\":\"Hudora shin guards with ankle protection, size L\"}]},{\"@type\":\"WebSite\",\"@id\":\"https:\\\/\\\/schweizversand.ch\\\/en\\\/#website\",\"url\":\"https:\\\/\\\/schweizversand.ch\\\/en\\\/\",\"name\":\"Schweizer Shop f\u00fcr Sport, Spiel und Freizeit\",\"description\":\"Gratisversand ab 50.- (netto), ab eigenem schweizer Lager, Lieferung innert 48h\",\"publisher\":{\"@id\":\"https:\\\/\\\/schweizversand.ch\\\/en\\\/#organization\"},\"alternateName\":\"Schweizversand.ch\",\"potentialAction\":[{\"@type\":\"SearchAction\",\"target\":{\"@type\":\"EntryPoint\",\"urlTemplate\":\"https:\\\/\\\/schweizversand.ch\\\/en\\\/?s={search_term_string}\"},\"query-input\":{\"@type\":\"PropertyValueSpecification\",\"valueRequired\":true,\"valueName\":\"search_term_string\"}}],\"inLanguage\":\"en-US\"},{\"@type\":\"Organization\",\"@id\":\"https:\\\/\\\/schweizversand.ch\\\/en\\\/#organization\",\"name\":\"Schweizversand.ch\",\"url\":\"https:\\\/\\\/schweizversand.ch\\\/en\\\/\",\"logo\":{\"@type\":\"ImageObject\",\"inLanguage\":\"en-US\",\"@id\":\"https:\\\/\\\/schweizversand.ch\\\/en\\\/#\\\/schema\\\/logo\\\/image\\\/\",\"url\":\"https:\\\/\\\/schweizversand.ch\\\/wp-content\\\/uploads\\\/2026\\\/03\\\/Logo_Rund_Final-1.png\",\"contentUrl\":\"https:\\\/\\\/schweizversand.ch\\\/wp-content\\\/uploads\\\/2026\\\/03\\\/Logo_Rund_Final-1.png\",\"width\":404,\"height\":404,\"caption\":\"Schweizversand.ch\"},\"image\":{\"@id\":\"https:\\\/\\\/schweizversand.ch\\\/en\\\/#\\\/schema\\\/logo\\\/image\\\/\"},\"sameAs\":[\"https:\\\/\\\/www.facebook.com\\\/Schweizversand\",\"https:\\\/\\\/www.instagram.com\\\/schweizversand.ch\\\/\"]}]}<\/script>\n<!-- \/ Yoast SEO plugin. -->","yoast_head_json":{"title":"Hudora Schienbeinsch\u00fctzer mit Kn\u00f6chelschutz, Gr. L | Jetzt kaufen | Schweizversand.ch","description":"Hudora Schienbeinsch\u00fctzer mit Kn\u00f6chelschutz, Gr. L g\u00fcnstig kaufen bei Schweizversand.ch. Schnelle Lieferung in der Schweiz. Gratisversand ab CHF 50.","robots":{"index":"index","follow":"follow","max-snippet":"max-snippet:-1","max-image-preview":"max-image-preview:large","max-video-preview":"max-video-preview:-1"},"canonical":"https:\/\/schweizversand.ch\/en\/produkt\/hudora-schienbeinschuetzer-mit-knoechelschutz-gr-l\/","og_locale":"en_US","og_type":"article","og_title":"Hudora Schienbeinsch\u00fctzer mit Kn\u00f6chelschutz, Gr. L | Jetzt kaufen | Schweizversand.ch","og_description":"Hudora Schienbeinsch\u00fctzer mit Kn\u00f6chelschutz, Gr. L g\u00fcnstig kaufen bei Schweizversand.ch. Schnelle Lieferung in der Schweiz. Gratisversand ab CHF 50.","og_url":"https:\/\/schweizversand.ch\/en\/produkt\/hudora-schienbeinschuetzer-mit-knoechelschutz-gr-l\/","og_site_name":"Schweizer Shop f\u00fcr Sport, Spiel und Freizeit","article_publisher":"https:\/\/www.facebook.com\/Schweizversand","article_modified_time":"2026-04-20T00:02:35+00:00","og_image":[{"width":716,"height":1024,"url":"https:\/\/schweizversand.ch\/wp-content\/uploads\/2026\/02\/5568516590.png","type":"image\/png"}],"twitter_card":"summary_large_image","twitter_misc":{"Est. reading time":"1 minute"},"schema":{"@context":"https:\/\/schema.org","@graph":[{"@type":"WebPage","@id":"https:\/\/schweizversand.ch\/en\/produkt\/hudora-schienbeinschuetzer-mit-knoechelschutz-gr-l\/","url":"https:\/\/schweizversand.ch\/en\/produkt\/hudora-schienbeinschuetzer-mit-knoechelschutz-gr-l\/","name":"Hudora Schienbeinsch\u00fctzer mit Kn\u00f6chelschutz, Gr. L | Jetzt kaufen | Schweizversand.ch","isPartOf":{"@id":"https:\/\/schweizversand.ch\/en\/#website"},"primaryImageOfPage":{"@id":"https:\/\/schweizversand.ch\/en\/produkt\/hudora-schienbeinschuetzer-mit-knoechelschutz-gr-l\/#primaryimage"},"image":{"@id":"https:\/\/schweizversand.ch\/en\/produkt\/hudora-schienbeinschuetzer-mit-knoechelschutz-gr-l\/#primaryimage"},"thumbnailUrl":"https:\/\/schweizversand.ch\/wp-content\/uploads\/2026\/02\/5568516590.png","datePublished":"2026-03-14T22:49:58+00:00","dateModified":"2026-04-20T00:02:35+00:00","description":"Hudora Schienbeinsch\u00fctzer mit Kn\u00f6chelschutz, Gr. L g\u00fcnstig kaufen bei Schweizversand.ch. Schnelle Lieferung in der Schweiz. Gratisversand ab CHF 50.","breadcrumb":{"@id":"https:\/\/schweizversand.ch\/en\/produkt\/hudora-schienbeinschuetzer-mit-knoechelschutz-gr-l\/#breadcrumb"},"inLanguage":"en-US","potentialAction":[{"@type":"ReadAction","target":["https:\/\/schweizversand.ch\/en\/produkt\/hudora-schienbeinschuetzer-mit-knoechelschutz-gr-l\/"]}]},{"@type":"ImageObject","inLanguage":"en-US","@id":"https:\/\/schweizversand.ch\/en\/produkt\/hudora-schienbeinschuetzer-mit-knoechelschutz-gr-l\/#primaryimage","url":"https:\/\/schweizversand.ch\/wp-content\/uploads\/2026\/02\/5568516590.png","contentUrl":"https:\/\/schweizversand.ch\/wp-content\/uploads\/2026\/02\/5568516590.png","width":716,"height":1024},{"@type":"BreadcrumbList","@id":"https:\/\/schweizversand.ch\/en\/produkt\/hudora-schienbeinschuetzer-mit-knoechelschutz-gr-l\/#breadcrumb","itemListElement":[{"@type":"ListItem","position":1,"name":"Startseite","item":"https:\/\/schweizversand.ch\/en\/"},{"@type":"ListItem","position":2,"name":"Shop","item":"https:\/\/schweizversand.ch\/en\/shop\/"},{"@type":"ListItem","position":3,"name":"Beauty &amp; Health","item":"https:\/\/schweizversand.ch\/en\/produkt-kategorie\/beauty-health\/"},{"@type":"ListItem","position":4,"name":"Health","item":"https:\/\/schweizversand.ch\/en\/produkt-kategorie\/beauty-health\/health\/"},{"@type":"ListItem","position":5,"name":"Supports &amp; Bandages","item":"https:\/\/schweizversand.ch\/en\/produkt-kategorie\/beauty-health\/health\/stuetzen-bandagen\/"},{"@type":"ListItem","position":6,"name":"Hudora shin guards with ankle protection, size L"}]},{"@type":"WebSite","@id":"https:\/\/schweizversand.ch\/en\/#website","url":"https:\/\/schweizversand.ch\/en\/","name":"Schweizer Shop f\u00fcr Sport, Spiel und Freizeit","description":"Gratisversand ab 50.- (netto), ab eigenem schweizer Lager, Lieferung innert 48h","publisher":{"@id":"https:\/\/schweizversand.ch\/en\/#organization"},"alternateName":"Schweizversand.ch","potentialAction":[{"@type":"SearchAction","target":{"@type":"EntryPoint","urlTemplate":"https:\/\/schweizversand.ch\/en\/?s={search_term_string}"},"query-input":{"@type":"PropertyValueSpecification","valueRequired":true,"valueName":"search_term_string"}}],"inLanguage":"en-US"},{"@type":"Organization","@id":"https:\/\/schweizversand.ch\/en\/#organization","name":"Schweizversand.ch","url":"https:\/\/schweizversand.ch\/en\/","logo":{"@type":"ImageObject","inLanguage":"en-US","@id":"https:\/\/schweizversand.ch\/en\/#\/schema\/logo\/image\/","url":"https:\/\/schweizversand.ch\/wp-content\/uploads\/2026\/03\/Logo_Rund_Final-1.png","contentUrl":"https:\/\/schweizversand.ch\/wp-content\/uploads\/2026\/03\/Logo_Rund_Final-1.png","width":404,"height":404,"caption":"Schweizversand.ch"},"image":{"@id":"https:\/\/schweizversand.ch\/en\/#\/schema\/logo\/image\/"},"sameAs":["https:\/\/www.facebook.com\/Schweizversand","https:\/\/www.instagram.com\/schweizversand.ch\/"]}]}},"jetpack_sharing_enabled":true,"_links":{"self":[{"href":"https:\/\/schweizversand.ch\/en\/wp-json\/wp\/v2\/product\/248723","targetHints":{"allow":["GET"]}}],"collection":[{"href":"https:\/\/schweizversand.ch\/en\/wp-json\/wp\/v2\/product"}],"about":[{"href":"https:\/\/schweizversand.ch\/en\/wp-json\/wp\/v2\/types\/product"}],"replies":[{"embeddable":true,"href":"https:\/\/schweizversand.ch\/en\/wp-json\/wp\/v2\/comments?post=248723"}],"wp:featuredmedia":[{"embeddable":true,"href":"https:\/\/schweizversand.ch\/en\/wp-json\/wp\/v2\/media\/165649"}],"wp:attachment":[{"href":"https:\/\/schweizversand.ch\/en\/wp-json\/wp\/v2\/media?parent=248723"}],"wp:term":[{"taxonomy":"product_brand","embeddable":true,"href":"https:\/\/schweizversand.ch\/en\/wp-json\/wp\/v2\/product_brand?post=248723"},{"taxonomy":"product_cat","embeddable":true,"href":"https:\/\/schweizversand.ch\/en\/wp-json\/wp\/v2\/product_cat?post=248723"},{"taxonomy":"product_tag","embeddable":true,"href":"https:\/\/schweizversand.ch\/en\/wp-json\/wp\/v2\/product_tag?post=248723"}],"curies":[{"name":"wp","href":"https:\/\/api.w.org\/{rel}","templated":true}]}}