{"id":248724,"date":"2026-03-14T23:49:58","date_gmt":"2026-03-14T22:49:58","guid":{"rendered":"https:\/\/schweizversand.ch\/produkt\/hudora-schienbeinschuetzer-mit-knoechelschutz-4\/"},"modified":"2026-04-19T02:02:42","modified_gmt":"2026-04-19T00:02:42","slug":"hudora-schienbeinschuetzer-mit-knoechelschutz-4","status":"publish","type":"product","link":"https:\/\/schweizversand.ch\/en\/produkt\/hudora-schienbeinschuetzer-mit-knoechelschutz-4\/","title":{"rendered":"Hudora shin guards with ankle protection"},"content":{"rendered":"<h1><strong>HUDORA Shin Guards with Ankle Protection<\/strong><\/h1>\n<div>Safety first: With HUDORA shin guards with ankle protection, you&#8217;re optimally equipped for training and matches. This essential football protective gear offers reliable protection and minimizes the risk of injury, allowing you to fully concentrate on your performance.<\/p>\n<\/div>\n<div><strong>Maximum protection and comfort<\/strong><br \/>This shin guard and ankle protection combination is the foundation for every ambitious footballer. They offer effective impact protection to prevent bruises and more serious injuries. The shin guards for children and adults offer a high level of comfort that doesn&#8217;t diminish even during intense matches.<\/p>\n<\/div>\n<div><strong>Perfect Fit and Adjustment<\/strong><br \/>The <strong>HUDORA shin guards<\/strong> are designed to guarantee non-slip and comfortable protection. Thanks to thoughtful details, they adapt perfectly to your leg:<\/p>\n<\/div>\n<div><strong>Product Features<\/strong><br \/>&#8211; Integrated ankle protection for comprehensive safety<br \/>&#8211; Adjustable elastic band for a customized fit<br \/>&#8211; Elastic foot pad for extra support<br \/>&#8211; Strong Velcro closure that prevents the guards from slipping<br \/>&#8211; Robust construction for long-lasting <strong>football shin guards<\/strong> protection<\/p>\n<\/div>\n<div>Invest in your safety on the pitch. With these HUDORA shin guards, you&#8217;re perfectly protected to give your all in every game.<\/p>\n","protected":false},"excerpt":{"rendered":"<p>HUDORA Shin Guards with Ankle Protection Safety first: With HUDORA shin guards with ankle protection, you&#8217;re optimally equipped for training and matches. This essential football protective gear offers reliable protection and minimizes the risk of injury, allowing you to fully concentrate on your performance. Maximum protection and comfortThis shin guard and ankle protection combination is the foundation for every ambitious footballer. They offer effective impact protection to prevent bruises and more serious injuries. The shin&hellip;<\/p>\n","protected":false},"featured_media":165650,"comment_status":"open","ping_status":"closed","template":"","meta":[],"product_brand":[],"product_cat":[38444],"product_tag":[],"class_list":{"0":"post-248724","1":"product","2":"type-product","3":"status-publish","4":"has-post-thumbnail","6":"product_cat-stuetzen-bandagen","7":"product_shipping_class-global_methods","9":"first","10":"instock","11":"taxable","12":"shipping-taxable","13":"purchasable","14":"product-type-simple"},"yoast_head":"<!-- This site is optimized with the Yoast SEO plugin v27.4 - https:\/\/yoast.com\/product\/yoast-seo-wordpress\/ -->\n<title>Hudora Schienbeinsch\u00fctzer mit Kn\u00f6chelschutz | Jetzt kaufen | Schweizversand.ch<\/title>\n<meta name=\"description\" content=\"Hudora Schienbeinsch\u00fctzer mit Kn\u00f6chelschutz g\u00fcnstig kaufen bei Schweizversand.ch. Schnelle Lieferung in der Schweiz. Gratisversand ab CHF 50.\" \/>\n<meta name=\"robots\" content=\"index, follow, max-snippet:-1, max-image-preview:large, max-video-preview:-1\" \/>\n<link rel=\"canonical\" href=\"https:\/\/schweizversand.ch\/en\/produkt\/hudora-schienbeinschuetzer-mit-knoechelschutz-4\/\" \/>\n<meta property=\"og:locale\" content=\"en_US\" \/>\n<meta property=\"og:type\" content=\"article\" \/>\n<meta property=\"og:title\" content=\"Hudora Schienbeinsch\u00fctzer mit Kn\u00f6chelschutz | Jetzt kaufen | Schweizversand.ch\" \/>\n<meta property=\"og:description\" content=\"Hudora Schienbeinsch\u00fctzer mit Kn\u00f6chelschutz g\u00fcnstig kaufen bei Schweizversand.ch. Schnelle Lieferung in der Schweiz. Gratisversand ab CHF 50.\" \/>\n<meta property=\"og:url\" content=\"https:\/\/schweizversand.ch\/en\/produkt\/hudora-schienbeinschuetzer-mit-knoechelschutz-4\/\" \/>\n<meta property=\"og:site_name\" content=\"Schweizer Shop f\u00fcr Sport, Spiel und Freizeit\" \/>\n<meta property=\"article:publisher\" content=\"https:\/\/www.facebook.com\/Schweizversand\" \/>\n<meta property=\"article:modified_time\" content=\"2026-04-19T00:02:42+00:00\" \/>\n<meta property=\"og:image\" content=\"https:\/\/schweizversand.ch\/wp-content\/uploads\/2026\/02\/5471538413.jpg\" \/>\n\t<meta property=\"og:image:width\" content=\"716\" \/>\n\t<meta property=\"og:image:height\" content=\"1024\" \/>\n\t<meta property=\"og:image:type\" content=\"image\/jpeg\" \/>\n<meta name=\"twitter:card\" content=\"summary_large_image\" \/>\n<meta name=\"twitter:label1\" content=\"Est. reading time\" \/>\n\t<meta name=\"twitter:data1\" content=\"1 minute\" \/>\n<script type=\"application\/ld+json\" class=\"yoast-schema-graph\">{\"@context\":\"https:\\\/\\\/schema.org\",\"@graph\":[{\"@type\":\"WebPage\",\"@id\":\"https:\\\/\\\/schweizversand.ch\\\/en\\\/produkt\\\/hudora-schienbeinschuetzer-mit-knoechelschutz-4\\\/\",\"url\":\"https:\\\/\\\/schweizversand.ch\\\/en\\\/produkt\\\/hudora-schienbeinschuetzer-mit-knoechelschutz-4\\\/\",\"name\":\"Hudora Schienbeinsch\u00fctzer mit Kn\u00f6chelschutz | Jetzt kaufen | Schweizversand.ch\",\"isPartOf\":{\"@id\":\"https:\\\/\\\/schweizversand.ch\\\/en\\\/#website\"},\"primaryImageOfPage\":{\"@id\":\"https:\\\/\\\/schweizversand.ch\\\/en\\\/produkt\\\/hudora-schienbeinschuetzer-mit-knoechelschutz-4\\\/#primaryimage\"},\"image\":{\"@id\":\"https:\\\/\\\/schweizversand.ch\\\/en\\\/produkt\\\/hudora-schienbeinschuetzer-mit-knoechelschutz-4\\\/#primaryimage\"},\"thumbnailUrl\":\"https:\\\/\\\/schweizversand.ch\\\/wp-content\\\/uploads\\\/2026\\\/02\\\/5471538413.jpg\",\"datePublished\":\"2026-03-14T22:49:58+00:00\",\"dateModified\":\"2026-04-19T00:02:42+00:00\",\"description\":\"Hudora Schienbeinsch\u00fctzer mit Kn\u00f6chelschutz g\u00fcnstig kaufen bei Schweizversand.ch. Schnelle Lieferung in der Schweiz. Gratisversand ab CHF 50.\",\"breadcrumb\":{\"@id\":\"https:\\\/\\\/schweizversand.ch\\\/en\\\/produkt\\\/hudora-schienbeinschuetzer-mit-knoechelschutz-4\\\/#breadcrumb\"},\"inLanguage\":\"en-US\",\"potentialAction\":[{\"@type\":\"ReadAction\",\"target\":[\"https:\\\/\\\/schweizversand.ch\\\/en\\\/produkt\\\/hudora-schienbeinschuetzer-mit-knoechelschutz-4\\\/\"]}]},{\"@type\":\"ImageObject\",\"inLanguage\":\"en-US\",\"@id\":\"https:\\\/\\\/schweizversand.ch\\\/en\\\/produkt\\\/hudora-schienbeinschuetzer-mit-knoechelschutz-4\\\/#primaryimage\",\"url\":\"https:\\\/\\\/schweizversand.ch\\\/wp-content\\\/uploads\\\/2026\\\/02\\\/5471538413.jpg\",\"contentUrl\":\"https:\\\/\\\/schweizversand.ch\\\/wp-content\\\/uploads\\\/2026\\\/02\\\/5471538413.jpg\",\"width\":716,\"height\":1024},{\"@type\":\"BreadcrumbList\",\"@id\":\"https:\\\/\\\/schweizversand.ch\\\/en\\\/produkt\\\/hudora-schienbeinschuetzer-mit-knoechelschutz-4\\\/#breadcrumb\",\"itemListElement\":[{\"@type\":\"ListItem\",\"position\":1,\"name\":\"Startseite\",\"item\":\"https:\\\/\\\/schweizversand.ch\\\/en\\\/\"},{\"@type\":\"ListItem\",\"position\":2,\"name\":\"Shop\",\"item\":\"https:\\\/\\\/schweizversand.ch\\\/en\\\/shop\\\/\"},{\"@type\":\"ListItem\",\"position\":3,\"name\":\"Beauty &amp; Health\",\"item\":\"https:\\\/\\\/schweizversand.ch\\\/en\\\/produkt-kategorie\\\/beauty-health\\\/\"},{\"@type\":\"ListItem\",\"position\":4,\"name\":\"Health\",\"item\":\"https:\\\/\\\/schweizversand.ch\\\/en\\\/produkt-kategorie\\\/beauty-health\\\/health\\\/\"},{\"@type\":\"ListItem\",\"position\":5,\"name\":\"Supports &amp; Bandages\",\"item\":\"https:\\\/\\\/schweizversand.ch\\\/en\\\/produkt-kategorie\\\/beauty-health\\\/health\\\/stuetzen-bandagen\\\/\"},{\"@type\":\"ListItem\",\"position\":6,\"name\":\"Hudora shin guards with ankle protection\"}]},{\"@type\":\"WebSite\",\"@id\":\"https:\\\/\\\/schweizversand.ch\\\/en\\\/#website\",\"url\":\"https:\\\/\\\/schweizversand.ch\\\/en\\\/\",\"name\":\"Schweizer Shop f\u00fcr Sport, Spiel und Freizeit\",\"description\":\"Gratisversand ab 50.- (netto), ab eigenem schweizer Lager, Lieferung innert 48h\",\"publisher\":{\"@id\":\"https:\\\/\\\/schweizversand.ch\\\/en\\\/#organization\"},\"alternateName\":\"Schweizversand.ch\",\"potentialAction\":[{\"@type\":\"SearchAction\",\"target\":{\"@type\":\"EntryPoint\",\"urlTemplate\":\"https:\\\/\\\/schweizversand.ch\\\/en\\\/?s={search_term_string}\"},\"query-input\":{\"@type\":\"PropertyValueSpecification\",\"valueRequired\":true,\"valueName\":\"search_term_string\"}}],\"inLanguage\":\"en-US\"},{\"@type\":\"Organization\",\"@id\":\"https:\\\/\\\/schweizversand.ch\\\/en\\\/#organization\",\"name\":\"Schweizversand.ch\",\"url\":\"https:\\\/\\\/schweizversand.ch\\\/en\\\/\",\"logo\":{\"@type\":\"ImageObject\",\"inLanguage\":\"en-US\",\"@id\":\"https:\\\/\\\/schweizversand.ch\\\/en\\\/#\\\/schema\\\/logo\\\/image\\\/\",\"url\":\"https:\\\/\\\/schweizversand.ch\\\/wp-content\\\/uploads\\\/2026\\\/03\\\/Logo_Rund_Final-1.png\",\"contentUrl\":\"https:\\\/\\\/schweizversand.ch\\\/wp-content\\\/uploads\\\/2026\\\/03\\\/Logo_Rund_Final-1.png\",\"width\":404,\"height\":404,\"caption\":\"Schweizversand.ch\"},\"image\":{\"@id\":\"https:\\\/\\\/schweizversand.ch\\\/en\\\/#\\\/schema\\\/logo\\\/image\\\/\"},\"sameAs\":[\"https:\\\/\\\/www.facebook.com\\\/Schweizversand\",\"https:\\\/\\\/www.instagram.com\\\/schweizversand.ch\\\/\"]}]}<\/script>\n<!-- \/ Yoast SEO plugin. -->","yoast_head_json":{"title":"Hudora Schienbeinsch\u00fctzer mit Kn\u00f6chelschutz | Jetzt kaufen | Schweizversand.ch","description":"Hudora Schienbeinsch\u00fctzer mit Kn\u00f6chelschutz g\u00fcnstig kaufen bei Schweizversand.ch. Schnelle Lieferung in der Schweiz. Gratisversand ab CHF 50.","robots":{"index":"index","follow":"follow","max-snippet":"max-snippet:-1","max-image-preview":"max-image-preview:large","max-video-preview":"max-video-preview:-1"},"canonical":"https:\/\/schweizversand.ch\/en\/produkt\/hudora-schienbeinschuetzer-mit-knoechelschutz-4\/","og_locale":"en_US","og_type":"article","og_title":"Hudora Schienbeinsch\u00fctzer mit Kn\u00f6chelschutz | Jetzt kaufen | Schweizversand.ch","og_description":"Hudora Schienbeinsch\u00fctzer mit Kn\u00f6chelschutz g\u00fcnstig kaufen bei Schweizversand.ch. Schnelle Lieferung in der Schweiz. Gratisversand ab CHF 50.","og_url":"https:\/\/schweizversand.ch\/en\/produkt\/hudora-schienbeinschuetzer-mit-knoechelschutz-4\/","og_site_name":"Schweizer Shop f\u00fcr Sport, Spiel und Freizeit","article_publisher":"https:\/\/www.facebook.com\/Schweizversand","article_modified_time":"2026-04-19T00:02:42+00:00","og_image":[{"width":716,"height":1024,"url":"https:\/\/schweizversand.ch\/wp-content\/uploads\/2026\/02\/5471538413.jpg","type":"image\/jpeg"}],"twitter_card":"summary_large_image","twitter_misc":{"Est. reading time":"1 minute"},"schema":{"@context":"https:\/\/schema.org","@graph":[{"@type":"WebPage","@id":"https:\/\/schweizversand.ch\/en\/produkt\/hudora-schienbeinschuetzer-mit-knoechelschutz-4\/","url":"https:\/\/schweizversand.ch\/en\/produkt\/hudora-schienbeinschuetzer-mit-knoechelschutz-4\/","name":"Hudora Schienbeinsch\u00fctzer mit Kn\u00f6chelschutz | Jetzt kaufen | Schweizversand.ch","isPartOf":{"@id":"https:\/\/schweizversand.ch\/en\/#website"},"primaryImageOfPage":{"@id":"https:\/\/schweizversand.ch\/en\/produkt\/hudora-schienbeinschuetzer-mit-knoechelschutz-4\/#primaryimage"},"image":{"@id":"https:\/\/schweizversand.ch\/en\/produkt\/hudora-schienbeinschuetzer-mit-knoechelschutz-4\/#primaryimage"},"thumbnailUrl":"https:\/\/schweizversand.ch\/wp-content\/uploads\/2026\/02\/5471538413.jpg","datePublished":"2026-03-14T22:49:58+00:00","dateModified":"2026-04-19T00:02:42+00:00","description":"Hudora Schienbeinsch\u00fctzer mit Kn\u00f6chelschutz g\u00fcnstig kaufen bei Schweizversand.ch. Schnelle Lieferung in der Schweiz. Gratisversand ab CHF 50.","breadcrumb":{"@id":"https:\/\/schweizversand.ch\/en\/produkt\/hudora-schienbeinschuetzer-mit-knoechelschutz-4\/#breadcrumb"},"inLanguage":"en-US","potentialAction":[{"@type":"ReadAction","target":["https:\/\/schweizversand.ch\/en\/produkt\/hudora-schienbeinschuetzer-mit-knoechelschutz-4\/"]}]},{"@type":"ImageObject","inLanguage":"en-US","@id":"https:\/\/schweizversand.ch\/en\/produkt\/hudora-schienbeinschuetzer-mit-knoechelschutz-4\/#primaryimage","url":"https:\/\/schweizversand.ch\/wp-content\/uploads\/2026\/02\/5471538413.jpg","contentUrl":"https:\/\/schweizversand.ch\/wp-content\/uploads\/2026\/02\/5471538413.jpg","width":716,"height":1024},{"@type":"BreadcrumbList","@id":"https:\/\/schweizversand.ch\/en\/produkt\/hudora-schienbeinschuetzer-mit-knoechelschutz-4\/#breadcrumb","itemListElement":[{"@type":"ListItem","position":1,"name":"Startseite","item":"https:\/\/schweizversand.ch\/en\/"},{"@type":"ListItem","position":2,"name":"Shop","item":"https:\/\/schweizversand.ch\/en\/shop\/"},{"@type":"ListItem","position":3,"name":"Beauty &amp; Health","item":"https:\/\/schweizversand.ch\/en\/produkt-kategorie\/beauty-health\/"},{"@type":"ListItem","position":4,"name":"Health","item":"https:\/\/schweizversand.ch\/en\/produkt-kategorie\/beauty-health\/health\/"},{"@type":"ListItem","position":5,"name":"Supports &amp; Bandages","item":"https:\/\/schweizversand.ch\/en\/produkt-kategorie\/beauty-health\/health\/stuetzen-bandagen\/"},{"@type":"ListItem","position":6,"name":"Hudora shin guards with ankle protection"}]},{"@type":"WebSite","@id":"https:\/\/schweizversand.ch\/en\/#website","url":"https:\/\/schweizversand.ch\/en\/","name":"Schweizer Shop f\u00fcr Sport, Spiel und Freizeit","description":"Gratisversand ab 50.- (netto), ab eigenem schweizer Lager, Lieferung innert 48h","publisher":{"@id":"https:\/\/schweizversand.ch\/en\/#organization"},"alternateName":"Schweizversand.ch","potentialAction":[{"@type":"SearchAction","target":{"@type":"EntryPoint","urlTemplate":"https:\/\/schweizversand.ch\/en\/?s={search_term_string}"},"query-input":{"@type":"PropertyValueSpecification","valueRequired":true,"valueName":"search_term_string"}}],"inLanguage":"en-US"},{"@type":"Organization","@id":"https:\/\/schweizversand.ch\/en\/#organization","name":"Schweizversand.ch","url":"https:\/\/schweizversand.ch\/en\/","logo":{"@type":"ImageObject","inLanguage":"en-US","@id":"https:\/\/schweizversand.ch\/en\/#\/schema\/logo\/image\/","url":"https:\/\/schweizversand.ch\/wp-content\/uploads\/2026\/03\/Logo_Rund_Final-1.png","contentUrl":"https:\/\/schweizversand.ch\/wp-content\/uploads\/2026\/03\/Logo_Rund_Final-1.png","width":404,"height":404,"caption":"Schweizversand.ch"},"image":{"@id":"https:\/\/schweizversand.ch\/en\/#\/schema\/logo\/image\/"},"sameAs":["https:\/\/www.facebook.com\/Schweizversand","https:\/\/www.instagram.com\/schweizversand.ch\/"]}]}},"jetpack_sharing_enabled":true,"_links":{"self":[{"href":"https:\/\/schweizversand.ch\/en\/wp-json\/wp\/v2\/product\/248724","targetHints":{"allow":["GET"]}}],"collection":[{"href":"https:\/\/schweizversand.ch\/en\/wp-json\/wp\/v2\/product"}],"about":[{"href":"https:\/\/schweizversand.ch\/en\/wp-json\/wp\/v2\/types\/product"}],"replies":[{"embeddable":true,"href":"https:\/\/schweizversand.ch\/en\/wp-json\/wp\/v2\/comments?post=248724"}],"wp:featuredmedia":[{"embeddable":true,"href":"https:\/\/schweizversand.ch\/en\/wp-json\/wp\/v2\/media\/165650"}],"wp:attachment":[{"href":"https:\/\/schweizversand.ch\/en\/wp-json\/wp\/v2\/media?parent=248724"}],"wp:term":[{"taxonomy":"product_brand","embeddable":true,"href":"https:\/\/schweizversand.ch\/en\/wp-json\/wp\/v2\/product_brand?post=248724"},{"taxonomy":"product_cat","embeddable":true,"href":"https:\/\/schweizversand.ch\/en\/wp-json\/wp\/v2\/product_cat?post=248724"},{"taxonomy":"product_tag","embeddable":true,"href":"https:\/\/schweizversand.ch\/en\/wp-json\/wp\/v2\/product_tag?post=248724"}],"curies":[{"name":"wp","href":"https:\/\/api.w.org\/{rel}","templated":true}]}}