{"id":248769,"date":"2026-03-14T23:50:09","date_gmt":"2026-03-14T22:50:09","guid":{"rendered":"https:\/\/schweizversand.ch\/produkt\/schildkroet-active-games-set-28-teilig\/"},"modified":"2026-04-19T02:02:45","modified_gmt":"2026-04-19T00:02:45","slug":"schildkroet-active-games-set-28-teilig","status":"publish","type":"product","link":"https:\/\/schweizversand.ch\/en\/produkt\/schildkroet-active-games-set-28-teilig\/","title":{"rendered":"Schildkr\u00f6t Active Games Set, 28 pieces"},"content":{"rendered":"<p>Set consists of 2 EVA boards (480 x 480 x 25 mm)<\/p>\n<p>28 pieces can be cut out of the boards.<\/p>\n<p>This allows you to construct various obstacle courses and games.<\/p>\n<p>The material is pleasantly soft and prevents injuries.<\/p>\n<p>Various game ideas.<\/p>\n<p>Includes illustrated instructions.<\/p>\n<p>Suitable for indoor and\/or outdoor use.<\/p>\n<p>Supplied in a zippered mesh bag for storage and easy transport.<\/p>\n<p>Examples of use:<\/p>\n<p>Target and throwing games, obstacle courses, balance and dexterity games.<\/p>\n<p>Suitable for:<\/p>\n<p>Recommended age: 4+<\/p>\n","protected":false},"excerpt":{"rendered":"<p>Set consists of 2 EVA boards (480 x 480 x 25 mm) 28 pieces can be cut out of the boards. This allows you to construct various obstacle courses and games. The material is pleasantly soft and prevents injuries. Various game ideas. Includes illustrated instructions. Suitable for indoor and\/or outdoor use. Supplied in a zippered mesh bag for storage and easy transport. Examples of use: Target and throwing games, obstacle courses, balance and dexterity games.&hellip;<\/p>\n","protected":false},"featured_media":257474,"comment_status":"open","ping_status":"closed","template":"","meta":[],"product_brand":[],"product_cat":[38300],"product_tag":[],"class_list":{"0":"post-248769","1":"product","2":"type-product","3":"status-publish","4":"has-post-thumbnail","6":"product_cat-gartenspielzeug","7":"product_shipping_class-global_methods","9":"first","10":"instock","11":"taxable","12":"shipping-taxable","13":"purchasable","14":"product-type-simple"},"yoast_head":"<!-- This site is optimized with the Yoast SEO plugin v27.4 - https:\/\/yoast.com\/product\/yoast-seo-wordpress\/ -->\n<title>Schildkr\u00f6t Active Games Set, 28-teilig | Jetzt kaufen | Schweizversand.ch<\/title>\n<meta name=\"description\" content=\"Schildkr\u00f6t Active Games Set, 28-teilig g\u00fcnstig kaufen bei Schweizversand.ch. Schnelle Lieferung in der Schweiz. Gratisversand ab CHF 50.\" \/>\n<meta name=\"robots\" content=\"index, follow, max-snippet:-1, max-image-preview:large, max-video-preview:-1\" \/>\n<link rel=\"canonical\" href=\"https:\/\/schweizversand.ch\/en\/produkt\/schildkroet-active-games-set-28-teilig\/\" \/>\n<meta property=\"og:locale\" content=\"en_US\" \/>\n<meta property=\"og:type\" content=\"article\" \/>\n<meta property=\"og:title\" content=\"Schildkr\u00f6t Active Games Set, 28-teilig | Jetzt kaufen | Schweizversand.ch\" \/>\n<meta property=\"og:description\" content=\"Schildkr\u00f6t Active Games Set, 28-teilig g\u00fcnstig kaufen bei Schweizversand.ch. Schnelle Lieferung in der Schweiz. Gratisversand ab CHF 50.\" \/>\n<meta property=\"og:url\" content=\"https:\/\/schweizversand.ch\/en\/produkt\/schildkroet-active-games-set-28-teilig\/\" \/>\n<meta property=\"og:site_name\" content=\"Schweizer Shop f\u00fcr Sport, Spiel und Freizeit\" \/>\n<meta property=\"article:publisher\" content=\"https:\/\/www.facebook.com\/Schweizversand\" \/>\n<meta property=\"article:modified_time\" content=\"2026-04-19T00:02:45+00:00\" \/>\n<meta property=\"og:image\" content=\"https:\/\/schweizversand.ch\/wp-content\/uploads\/2026\/02\/5471742469.jpg\" \/>\n\t<meta property=\"og:image:width\" content=\"1024\" \/>\n\t<meta property=\"og:image:height\" content=\"1024\" \/>\n\t<meta property=\"og:image:type\" content=\"image\/jpeg\" \/>\n<meta name=\"twitter:card\" content=\"summary_large_image\" \/>\n<script type=\"application\/ld+json\" class=\"yoast-schema-graph\">{\"@context\":\"https:\\\/\\\/schema.org\",\"@graph\":[{\"@type\":\"WebPage\",\"@id\":\"https:\\\/\\\/schweizversand.ch\\\/en\\\/produkt\\\/schildkroet-active-games-set-28-teilig\\\/\",\"url\":\"https:\\\/\\\/schweizversand.ch\\\/en\\\/produkt\\\/schildkroet-active-games-set-28-teilig\\\/\",\"name\":\"Schildkr\u00f6t Active Games Set, 28-teilig | Jetzt kaufen | Schweizversand.ch\",\"isPartOf\":{\"@id\":\"https:\\\/\\\/schweizversand.ch\\\/en\\\/#website\"},\"primaryImageOfPage\":{\"@id\":\"https:\\\/\\\/schweizversand.ch\\\/en\\\/produkt\\\/schildkroet-active-games-set-28-teilig\\\/#primaryimage\"},\"image\":{\"@id\":\"https:\\\/\\\/schweizversand.ch\\\/en\\\/produkt\\\/schildkroet-active-games-set-28-teilig\\\/#primaryimage\"},\"thumbnailUrl\":\"https:\\\/\\\/schweizversand.ch\\\/wp-content\\\/uploads\\\/2026\\\/02\\\/5471742469.jpg\",\"datePublished\":\"2026-03-14T22:50:09+00:00\",\"dateModified\":\"2026-04-19T00:02:45+00:00\",\"description\":\"Schildkr\u00f6t Active Games Set, 28-teilig g\u00fcnstig kaufen bei Schweizversand.ch. Schnelle Lieferung in der Schweiz. Gratisversand ab CHF 50.\",\"breadcrumb\":{\"@id\":\"https:\\\/\\\/schweizversand.ch\\\/en\\\/produkt\\\/schildkroet-active-games-set-28-teilig\\\/#breadcrumb\"},\"inLanguage\":\"en-US\",\"potentialAction\":[{\"@type\":\"ReadAction\",\"target\":[\"https:\\\/\\\/schweizversand.ch\\\/en\\\/produkt\\\/schildkroet-active-games-set-28-teilig\\\/\"]}]},{\"@type\":\"ImageObject\",\"inLanguage\":\"en-US\",\"@id\":\"https:\\\/\\\/schweizversand.ch\\\/en\\\/produkt\\\/schildkroet-active-games-set-28-teilig\\\/#primaryimage\",\"url\":\"https:\\\/\\\/schweizversand.ch\\\/wp-content\\\/uploads\\\/2026\\\/02\\\/5471742469.jpg\",\"contentUrl\":\"https:\\\/\\\/schweizversand.ch\\\/wp-content\\\/uploads\\\/2026\\\/02\\\/5471742469.jpg\",\"width\":1024,\"height\":1024},{\"@type\":\"BreadcrumbList\",\"@id\":\"https:\\\/\\\/schweizversand.ch\\\/en\\\/produkt\\\/schildkroet-active-games-set-28-teilig\\\/#breadcrumb\",\"itemListElement\":[{\"@type\":\"ListItem\",\"position\":1,\"name\":\"Startseite\",\"item\":\"https:\\\/\\\/schweizversand.ch\\\/en\\\/\"},{\"@type\":\"ListItem\",\"position\":2,\"name\":\"Shop\",\"item\":\"https:\\\/\\\/schweizversand.ch\\\/en\\\/shop\\\/\"},{\"@type\":\"ListItem\",\"position\":3,\"name\":\"Toys &amp; Games\",\"item\":\"https:\\\/\\\/schweizversand.ch\\\/en\\\/produkt-kategorie\\\/toys-games\\\/\"},{\"@type\":\"ListItem\",\"position\":4,\"name\":\"Outdoor Games\",\"item\":\"https:\\\/\\\/schweizversand.ch\\\/en\\\/produkt-kategorie\\\/toys-games\\\/outdoor-games\\\/\"},{\"@type\":\"ListItem\",\"position\":5,\"name\":\"Garden Toys\",\"item\":\"https:\\\/\\\/schweizversand.ch\\\/en\\\/produkt-kategorie\\\/toys-games\\\/outdoor-games\\\/gartenspielzeug\\\/\"},{\"@type\":\"ListItem\",\"position\":6,\"name\":\"Schildkr\u00f6t Active Games Set, 28 pieces\"}]},{\"@type\":\"WebSite\",\"@id\":\"https:\\\/\\\/schweizversand.ch\\\/en\\\/#website\",\"url\":\"https:\\\/\\\/schweizversand.ch\\\/en\\\/\",\"name\":\"Schweizer Shop f\u00fcr Sport, Spiel und Freizeit\",\"description\":\"Gratisversand ab 50.- (netto), ab eigenem schweizer Lager, Lieferung innert 48h\",\"publisher\":{\"@id\":\"https:\\\/\\\/schweizversand.ch\\\/en\\\/#organization\"},\"alternateName\":\"Schweizversand.ch\",\"potentialAction\":[{\"@type\":\"SearchAction\",\"target\":{\"@type\":\"EntryPoint\",\"urlTemplate\":\"https:\\\/\\\/schweizversand.ch\\\/en\\\/?s={search_term_string}\"},\"query-input\":{\"@type\":\"PropertyValueSpecification\",\"valueRequired\":true,\"valueName\":\"search_term_string\"}}],\"inLanguage\":\"en-US\"},{\"@type\":\"Organization\",\"@id\":\"https:\\\/\\\/schweizversand.ch\\\/en\\\/#organization\",\"name\":\"Schweizversand.ch\",\"url\":\"https:\\\/\\\/schweizversand.ch\\\/en\\\/\",\"logo\":{\"@type\":\"ImageObject\",\"inLanguage\":\"en-US\",\"@id\":\"https:\\\/\\\/schweizversand.ch\\\/en\\\/#\\\/schema\\\/logo\\\/image\\\/\",\"url\":\"https:\\\/\\\/schweizversand.ch\\\/wp-content\\\/uploads\\\/2026\\\/03\\\/Logo_Rund_Final-1.png\",\"contentUrl\":\"https:\\\/\\\/schweizversand.ch\\\/wp-content\\\/uploads\\\/2026\\\/03\\\/Logo_Rund_Final-1.png\",\"width\":404,\"height\":404,\"caption\":\"Schweizversand.ch\"},\"image\":{\"@id\":\"https:\\\/\\\/schweizversand.ch\\\/en\\\/#\\\/schema\\\/logo\\\/image\\\/\"},\"sameAs\":[\"https:\\\/\\\/www.facebook.com\\\/Schweizversand\",\"https:\\\/\\\/www.instagram.com\\\/schweizversand.ch\\\/\"]}]}<\/script>\n<!-- \/ Yoast SEO plugin. -->","yoast_head_json":{"title":"Schildkr\u00f6t Active Games Set, 28-teilig | Jetzt kaufen | Schweizversand.ch","description":"Schildkr\u00f6t Active Games Set, 28-teilig g\u00fcnstig kaufen bei Schweizversand.ch. Schnelle Lieferung in der Schweiz. Gratisversand ab CHF 50.","robots":{"index":"index","follow":"follow","max-snippet":"max-snippet:-1","max-image-preview":"max-image-preview:large","max-video-preview":"max-video-preview:-1"},"canonical":"https:\/\/schweizversand.ch\/en\/produkt\/schildkroet-active-games-set-28-teilig\/","og_locale":"en_US","og_type":"article","og_title":"Schildkr\u00f6t Active Games Set, 28-teilig | Jetzt kaufen | Schweizversand.ch","og_description":"Schildkr\u00f6t Active Games Set, 28-teilig g\u00fcnstig kaufen bei Schweizversand.ch. Schnelle Lieferung in der Schweiz. Gratisversand ab CHF 50.","og_url":"https:\/\/schweizversand.ch\/en\/produkt\/schildkroet-active-games-set-28-teilig\/","og_site_name":"Schweizer Shop f\u00fcr Sport, Spiel und Freizeit","article_publisher":"https:\/\/www.facebook.com\/Schweizversand","article_modified_time":"2026-04-19T00:02:45+00:00","og_image":[{"width":1024,"height":1024,"url":"https:\/\/schweizversand.ch\/wp-content\/uploads\/2026\/02\/5471742469.jpg","type":"image\/jpeg"}],"twitter_card":"summary_large_image","schema":{"@context":"https:\/\/schema.org","@graph":[{"@type":"WebPage","@id":"https:\/\/schweizversand.ch\/en\/produkt\/schildkroet-active-games-set-28-teilig\/","url":"https:\/\/schweizversand.ch\/en\/produkt\/schildkroet-active-games-set-28-teilig\/","name":"Schildkr\u00f6t Active Games Set, 28-teilig | Jetzt kaufen | Schweizversand.ch","isPartOf":{"@id":"https:\/\/schweizversand.ch\/en\/#website"},"primaryImageOfPage":{"@id":"https:\/\/schweizversand.ch\/en\/produkt\/schildkroet-active-games-set-28-teilig\/#primaryimage"},"image":{"@id":"https:\/\/schweizversand.ch\/en\/produkt\/schildkroet-active-games-set-28-teilig\/#primaryimage"},"thumbnailUrl":"https:\/\/schweizversand.ch\/wp-content\/uploads\/2026\/02\/5471742469.jpg","datePublished":"2026-03-14T22:50:09+00:00","dateModified":"2026-04-19T00:02:45+00:00","description":"Schildkr\u00f6t Active Games Set, 28-teilig g\u00fcnstig kaufen bei Schweizversand.ch. Schnelle Lieferung in der Schweiz. Gratisversand ab CHF 50.","breadcrumb":{"@id":"https:\/\/schweizversand.ch\/en\/produkt\/schildkroet-active-games-set-28-teilig\/#breadcrumb"},"inLanguage":"en-US","potentialAction":[{"@type":"ReadAction","target":["https:\/\/schweizversand.ch\/en\/produkt\/schildkroet-active-games-set-28-teilig\/"]}]},{"@type":"ImageObject","inLanguage":"en-US","@id":"https:\/\/schweizversand.ch\/en\/produkt\/schildkroet-active-games-set-28-teilig\/#primaryimage","url":"https:\/\/schweizversand.ch\/wp-content\/uploads\/2026\/02\/5471742469.jpg","contentUrl":"https:\/\/schweizversand.ch\/wp-content\/uploads\/2026\/02\/5471742469.jpg","width":1024,"height":1024},{"@type":"BreadcrumbList","@id":"https:\/\/schweizversand.ch\/en\/produkt\/schildkroet-active-games-set-28-teilig\/#breadcrumb","itemListElement":[{"@type":"ListItem","position":1,"name":"Startseite","item":"https:\/\/schweizversand.ch\/en\/"},{"@type":"ListItem","position":2,"name":"Shop","item":"https:\/\/schweizversand.ch\/en\/shop\/"},{"@type":"ListItem","position":3,"name":"Toys &amp; Games","item":"https:\/\/schweizversand.ch\/en\/produkt-kategorie\/toys-games\/"},{"@type":"ListItem","position":4,"name":"Outdoor Games","item":"https:\/\/schweizversand.ch\/en\/produkt-kategorie\/toys-games\/outdoor-games\/"},{"@type":"ListItem","position":5,"name":"Garden Toys","item":"https:\/\/schweizversand.ch\/en\/produkt-kategorie\/toys-games\/outdoor-games\/gartenspielzeug\/"},{"@type":"ListItem","position":6,"name":"Schildkr\u00f6t Active Games Set, 28 pieces"}]},{"@type":"WebSite","@id":"https:\/\/schweizversand.ch\/en\/#website","url":"https:\/\/schweizversand.ch\/en\/","name":"Schweizer Shop f\u00fcr Sport, Spiel und Freizeit","description":"Gratisversand ab 50.- (netto), ab eigenem schweizer Lager, Lieferung innert 48h","publisher":{"@id":"https:\/\/schweizversand.ch\/en\/#organization"},"alternateName":"Schweizversand.ch","potentialAction":[{"@type":"SearchAction","target":{"@type":"EntryPoint","urlTemplate":"https:\/\/schweizversand.ch\/en\/?s={search_term_string}"},"query-input":{"@type":"PropertyValueSpecification","valueRequired":true,"valueName":"search_term_string"}}],"inLanguage":"en-US"},{"@type":"Organization","@id":"https:\/\/schweizversand.ch\/en\/#organization","name":"Schweizversand.ch","url":"https:\/\/schweizversand.ch\/en\/","logo":{"@type":"ImageObject","inLanguage":"en-US","@id":"https:\/\/schweizversand.ch\/en\/#\/schema\/logo\/image\/","url":"https:\/\/schweizversand.ch\/wp-content\/uploads\/2026\/03\/Logo_Rund_Final-1.png","contentUrl":"https:\/\/schweizversand.ch\/wp-content\/uploads\/2026\/03\/Logo_Rund_Final-1.png","width":404,"height":404,"caption":"Schweizversand.ch"},"image":{"@id":"https:\/\/schweizversand.ch\/en\/#\/schema\/logo\/image\/"},"sameAs":["https:\/\/www.facebook.com\/Schweizversand","https:\/\/www.instagram.com\/schweizversand.ch\/"]}]}},"jetpack_sharing_enabled":true,"_links":{"self":[{"href":"https:\/\/schweizversand.ch\/en\/wp-json\/wp\/v2\/product\/248769","targetHints":{"allow":["GET"]}}],"collection":[{"href":"https:\/\/schweizversand.ch\/en\/wp-json\/wp\/v2\/product"}],"about":[{"href":"https:\/\/schweizversand.ch\/en\/wp-json\/wp\/v2\/types\/product"}],"replies":[{"embeddable":true,"href":"https:\/\/schweizversand.ch\/en\/wp-json\/wp\/v2\/comments?post=248769"}],"wp:featuredmedia":[{"embeddable":true,"href":"https:\/\/schweizversand.ch\/en\/wp-json\/wp\/v2\/media\/257474"}],"wp:attachment":[{"href":"https:\/\/schweizversand.ch\/en\/wp-json\/wp\/v2\/media?parent=248769"}],"wp:term":[{"taxonomy":"product_brand","embeddable":true,"href":"https:\/\/schweizversand.ch\/en\/wp-json\/wp\/v2\/product_brand?post=248769"},{"taxonomy":"product_cat","embeddable":true,"href":"https:\/\/schweizversand.ch\/en\/wp-json\/wp\/v2\/product_cat?post=248769"},{"taxonomy":"product_tag","embeddable":true,"href":"https:\/\/schweizversand.ch\/en\/wp-json\/wp\/v2\/product_tag?post=248769"}],"curies":[{"name":"wp","href":"https:\/\/api.w.org\/{rel}","templated":true}]}}