{"id":249491,"date":"2026-03-15T00:06:15","date_gmt":"2026-03-14T23:06:15","guid":{"rendered":"https:\/\/schweizversand.ch\/produkt\/kitoons-cry-babies-magic-tears-ueberraschungskapsel-serie-flowers\/"},"modified":"2026-04-19T15:32:06","modified_gmt":"2026-04-19T13:32:06","slug":"kitoons-cry-babies-magic-tears-ueberraschungskapsel-serie-flowers","status":"publish","type":"product","link":"https:\/\/schweizversand.ch\/en\/produkt\/kitoons-cry-babies-magic-tears-ueberraschungskapsel-serie-flowers\/","title":{"rendered":"Kitoons Cry Babies Magic Tears Surprise Capsule Series Flowers"},"content":{"rendered":"<h1><strong>Cry Babies Magic Tears Surprise Capsule Flowers Series<\/strong><\/h1>\n<div>Dive into the enchanting world of Cry Babies Magic Tears! This <strong>surprise capsule<\/strong> in the shape of a pretty flowerpot holds a secret waiting to be uncovered by your child. Discover one of the nine exclusive <strong>Cry Babies Flowers collectible dolls<\/strong>, guaranteed to create magical playtime moments.<\/p>\n<\/div>\n<div><strong>The Secret of Cry Babies Magic Tears<\/strong><br \/>Each capsule contains an adorable <strong>mini doll<\/strong> that not only looks sweet but also emits a pleasant floral scent. The special feature: When you give your doll water and press its tummy, it cries real tears. These tears are magical and make a smiley face appear on the capsule&#8217;s flowers \u2013 a fascinating element that sparks the imagination.<\/p>\n<\/div>\n<div><strong>Collectible and Fun<\/strong><br \/>With a total of <strong>9 collectible mini dolls<\/strong>, the Flowers series offers long-lasting fun. Children love discovering the different characters and completing their collection. Each <strong>Cry Babies Magic Tears<\/strong> figure comes with its own accessories, making role-playing even more exciting. This toy makes a great gift and encourages creativity.<\/p>\n<\/div>\n<div><strong>Surprise Capsule Contents<\/strong><br \/>The <strong>surprise capsule<\/strong> is packed with a total of 10 surprises, making unboxing an exciting experience. Your child will not only receive the exclusive <strong>mini doll that cries tears<\/strong>, but also many small extras that will immediately invite playtime.<\/p>\n<\/div>\n<div><strong>Product details and scope of delivery<\/strong><br \/>&#8211; Product: Cry Babies Magic Tears Flowers Series<br \/>&#8211; Format: Surprise capsule in the shape of a flowerpot<br \/>&#8211; Contents: 1 mini doll and 10 surprise accessories<br \/>&#8211; Special feature: Doll cries magical tears and smells of flowers<br \/>&#8211; Collectable fun: 9 different figures available in the series<br \/>&#8211; Recommended age: <strong>suitable toy for ages 3 and up<\/strong><br \/>&#8211; Doll cannot be chosen<br \/>&#8211; Price per piece<\/p>\n<p><\/div>\n<div>Secure this magical <strong>surprise capsule<\/strong> now and give your child unforgettable moments with the popular Cry Babies collectible dolls. Discover the entire Cry Babies Flowers collection!<\/p>\n<\/div>\n<div><\/div>\n","protected":false},"excerpt":{"rendered":"<p>Cry Babies Magic Tears Surprise Capsule Flowers Series Dive into the enchanting world of Cry Babies Magic Tears! This surprise capsule in the shape of a pretty flowerpot holds a secret waiting to be uncovered by your child. Discover one of the nine exclusive Cry Babies Flowers collectible dolls, guaranteed to create magical playtime moments. The Secret of Cry Babies Magic TearsEach capsule contains an adorable mini doll that not only looks sweet but also&hellip;<\/p>\n","protected":false},"featured_media":158343,"comment_status":"open","ping_status":"closed","template":"","meta":[],"product_brand":[],"product_cat":[38414,38313,37993],"product_tag":[],"class_list":{"0":"post-249491","1":"product","2":"type-product","3":"status-publish","4":"has-post-thumbnail","6":"product_cat-puppe","9":"product_shipping_class-global_methods","11":"first","12":"instock","13":"taxable","14":"shipping-taxable","15":"purchasable","16":"product-type-simple"},"yoast_head":"<!-- This site is optimized with the Yoast SEO plugin v27.4 - https:\/\/yoast.com\/product\/yoast-seo-wordpress\/ -->\n<title>Kitoons Cry Babies Magic Tears \u00dcberraschungskapsel Serie Flowers | Jetzt kaufen | Schweizversand.ch<\/title>\n<meta name=\"description\" content=\"Kitoons Cry Babies Magic Tears \u00dcberraschungskapsel Serie Flowers g\u00fcnstig kaufen bei Schweizversand.ch. Schnelle Lieferung in der Schweiz. Gratisversand ab CHF 50.\" \/>\n<meta name=\"robots\" content=\"index, follow, max-snippet:-1, max-image-preview:large, max-video-preview:-1\" \/>\n<link rel=\"canonical\" href=\"https:\/\/schweizversand.ch\/en\/produkt\/kitoons-cry-babies-magic-tears-ueberraschungskapsel-serie-flowers\/\" \/>\n<meta property=\"og:locale\" content=\"en_US\" \/>\n<meta property=\"og:type\" content=\"article\" \/>\n<meta property=\"og:title\" content=\"Kitoons Cry Babies Magic Tears \u00dcberraschungskapsel Serie Flowers | Jetzt kaufen | Schweizversand.ch\" \/>\n<meta property=\"og:description\" content=\"Kitoons Cry Babies Magic Tears \u00dcberraschungskapsel Serie Flowers g\u00fcnstig kaufen bei Schweizversand.ch. Schnelle Lieferung in der Schweiz. Gratisversand ab CHF 50.\" \/>\n<meta property=\"og:url\" content=\"https:\/\/schweizversand.ch\/en\/produkt\/kitoons-cry-babies-magic-tears-ueberraschungskapsel-serie-flowers\/\" \/>\n<meta property=\"og:site_name\" content=\"Schweizer Shop f\u00fcr Sport, Spiel und Freizeit\" \/>\n<meta property=\"article:publisher\" content=\"https:\/\/www.facebook.com\/Schweizversand\" \/>\n<meta property=\"article:modified_time\" content=\"2026-04-19T13:32:06+00:00\" \/>\n<meta property=\"og:image\" content=\"https:\/\/schweizversand.ch\/wp-content\/uploads\/2026\/02\/5472098640.jpg\" \/>\n\t<meta property=\"og:image:width\" content=\"1024\" \/>\n\t<meta property=\"og:image:height\" content=\"1024\" \/>\n\t<meta property=\"og:image:type\" content=\"image\/jpeg\" \/>\n<meta name=\"twitter:card\" content=\"summary_large_image\" \/>\n<meta name=\"twitter:label1\" content=\"Est. reading time\" \/>\n\t<meta name=\"twitter:data1\" content=\"1 minute\" \/>\n<script type=\"application\/ld+json\" class=\"yoast-schema-graph\">{\"@context\":\"https:\\\/\\\/schema.org\",\"@graph\":[{\"@type\":\"WebPage\",\"@id\":\"https:\\\/\\\/schweizversand.ch\\\/en\\\/produkt\\\/kitoons-cry-babies-magic-tears-ueberraschungskapsel-serie-flowers\\\/\",\"url\":\"https:\\\/\\\/schweizversand.ch\\\/en\\\/produkt\\\/kitoons-cry-babies-magic-tears-ueberraschungskapsel-serie-flowers\\\/\",\"name\":\"Kitoons Cry Babies Magic Tears \u00dcberraschungskapsel Serie Flowers | Jetzt kaufen | Schweizversand.ch\",\"isPartOf\":{\"@id\":\"https:\\\/\\\/schweizversand.ch\\\/en\\\/#website\"},\"primaryImageOfPage\":{\"@id\":\"https:\\\/\\\/schweizversand.ch\\\/en\\\/produkt\\\/kitoons-cry-babies-magic-tears-ueberraschungskapsel-serie-flowers\\\/#primaryimage\"},\"image\":{\"@id\":\"https:\\\/\\\/schweizversand.ch\\\/en\\\/produkt\\\/kitoons-cry-babies-magic-tears-ueberraschungskapsel-serie-flowers\\\/#primaryimage\"},\"thumbnailUrl\":\"https:\\\/\\\/schweizversand.ch\\\/wp-content\\\/uploads\\\/2026\\\/02\\\/5472098640.jpg\",\"datePublished\":\"2026-03-14T23:06:15+00:00\",\"dateModified\":\"2026-04-19T13:32:06+00:00\",\"description\":\"Kitoons Cry Babies Magic Tears \u00dcberraschungskapsel Serie Flowers g\u00fcnstig kaufen bei Schweizversand.ch. Schnelle Lieferung in der Schweiz. Gratisversand ab CHF 50.\",\"breadcrumb\":{\"@id\":\"https:\\\/\\\/schweizversand.ch\\\/en\\\/produkt\\\/kitoons-cry-babies-magic-tears-ueberraschungskapsel-serie-flowers\\\/#breadcrumb\"},\"inLanguage\":\"en-US\",\"potentialAction\":[{\"@type\":\"ReadAction\",\"target\":[\"https:\\\/\\\/schweizversand.ch\\\/en\\\/produkt\\\/kitoons-cry-babies-magic-tears-ueberraschungskapsel-serie-flowers\\\/\"]}]},{\"@type\":\"ImageObject\",\"inLanguage\":\"en-US\",\"@id\":\"https:\\\/\\\/schweizversand.ch\\\/en\\\/produkt\\\/kitoons-cry-babies-magic-tears-ueberraschungskapsel-serie-flowers\\\/#primaryimage\",\"url\":\"https:\\\/\\\/schweizversand.ch\\\/wp-content\\\/uploads\\\/2026\\\/02\\\/5472098640.jpg\",\"contentUrl\":\"https:\\\/\\\/schweizversand.ch\\\/wp-content\\\/uploads\\\/2026\\\/02\\\/5472098640.jpg\",\"width\":1024,\"height\":1024},{\"@type\":\"BreadcrumbList\",\"@id\":\"https:\\\/\\\/schweizversand.ch\\\/en\\\/produkt\\\/kitoons-cry-babies-magic-tears-ueberraschungskapsel-serie-flowers\\\/#breadcrumb\",\"itemListElement\":[{\"@type\":\"ListItem\",\"position\":1,\"name\":\"Startseite\",\"item\":\"https:\\\/\\\/schweizversand.ch\\\/en\\\/\"},{\"@type\":\"ListItem\",\"position\":2,\"name\":\"Shop\",\"item\":\"https:\\\/\\\/schweizversand.ch\\\/en\\\/shop\\\/\"},{\"@type\":\"ListItem\",\"position\":3,\"name\":\"Toys &amp; Games\",\"item\":\"https:\\\/\\\/schweizversand.ch\\\/en\\\/produkt-kategorie\\\/toys-games\\\/\"},{\"@type\":\"ListItem\",\"position\":4,\"name\":\"Figures &amp; Dolls\",\"item\":\"https:\\\/\\\/schweizversand.ch\\\/en\\\/produkt-kategorie\\\/toys-games\\\/figures-dolls\\\/\"},{\"@type\":\"ListItem\",\"position\":5,\"name\":\"Doll\",\"item\":\"https:\\\/\\\/schweizversand.ch\\\/en\\\/produkt-kategorie\\\/toys-games\\\/figures-dolls\\\/puppe\\\/\"},{\"@type\":\"ListItem\",\"position\":6,\"name\":\"Kitoons Cry Babies Magic Tears Surprise Capsule Series Flowers\"}]},{\"@type\":\"WebSite\",\"@id\":\"https:\\\/\\\/schweizversand.ch\\\/en\\\/#website\",\"url\":\"https:\\\/\\\/schweizversand.ch\\\/en\\\/\",\"name\":\"Schweizer Shop f\u00fcr Sport, Spiel und Freizeit\",\"description\":\"Gratisversand ab 50.- (netto), ab eigenem schweizer Lager, Lieferung innert 48h\",\"publisher\":{\"@id\":\"https:\\\/\\\/schweizversand.ch\\\/en\\\/#organization\"},\"alternateName\":\"Schweizversand.ch\",\"potentialAction\":[{\"@type\":\"SearchAction\",\"target\":{\"@type\":\"EntryPoint\",\"urlTemplate\":\"https:\\\/\\\/schweizversand.ch\\\/en\\\/?s={search_term_string}\"},\"query-input\":{\"@type\":\"PropertyValueSpecification\",\"valueRequired\":true,\"valueName\":\"search_term_string\"}}],\"inLanguage\":\"en-US\"},{\"@type\":\"Organization\",\"@id\":\"https:\\\/\\\/schweizversand.ch\\\/en\\\/#organization\",\"name\":\"Schweizversand.ch\",\"url\":\"https:\\\/\\\/schweizversand.ch\\\/en\\\/\",\"logo\":{\"@type\":\"ImageObject\",\"inLanguage\":\"en-US\",\"@id\":\"https:\\\/\\\/schweizversand.ch\\\/en\\\/#\\\/schema\\\/logo\\\/image\\\/\",\"url\":\"https:\\\/\\\/schweizversand.ch\\\/wp-content\\\/uploads\\\/2026\\\/03\\\/Logo_Rund_Final-1.png\",\"contentUrl\":\"https:\\\/\\\/schweizversand.ch\\\/wp-content\\\/uploads\\\/2026\\\/03\\\/Logo_Rund_Final-1.png\",\"width\":404,\"height\":404,\"caption\":\"Schweizversand.ch\"},\"image\":{\"@id\":\"https:\\\/\\\/schweizversand.ch\\\/en\\\/#\\\/schema\\\/logo\\\/image\\\/\"},\"sameAs\":[\"https:\\\/\\\/www.facebook.com\\\/Schweizversand\",\"https:\\\/\\\/www.instagram.com\\\/schweizversand.ch\\\/\"]}]}<\/script>\n<!-- \/ Yoast SEO plugin. -->","yoast_head_json":{"title":"Kitoons Cry Babies Magic Tears \u00dcberraschungskapsel Serie Flowers | Jetzt kaufen | Schweizversand.ch","description":"Kitoons Cry Babies Magic Tears \u00dcberraschungskapsel Serie Flowers g\u00fcnstig kaufen bei Schweizversand.ch. Schnelle Lieferung in der Schweiz. Gratisversand ab CHF 50.","robots":{"index":"index","follow":"follow","max-snippet":"max-snippet:-1","max-image-preview":"max-image-preview:large","max-video-preview":"max-video-preview:-1"},"canonical":"https:\/\/schweizversand.ch\/en\/produkt\/kitoons-cry-babies-magic-tears-ueberraschungskapsel-serie-flowers\/","og_locale":"en_US","og_type":"article","og_title":"Kitoons Cry Babies Magic Tears \u00dcberraschungskapsel Serie Flowers | Jetzt kaufen | Schweizversand.ch","og_description":"Kitoons Cry Babies Magic Tears \u00dcberraschungskapsel Serie Flowers g\u00fcnstig kaufen bei Schweizversand.ch. Schnelle Lieferung in der Schweiz. Gratisversand ab CHF 50.","og_url":"https:\/\/schweizversand.ch\/en\/produkt\/kitoons-cry-babies-magic-tears-ueberraschungskapsel-serie-flowers\/","og_site_name":"Schweizer Shop f\u00fcr Sport, Spiel und Freizeit","article_publisher":"https:\/\/www.facebook.com\/Schweizversand","article_modified_time":"2026-04-19T13:32:06+00:00","og_image":[{"width":1024,"height":1024,"url":"https:\/\/schweizversand.ch\/wp-content\/uploads\/2026\/02\/5472098640.jpg","type":"image\/jpeg"}],"twitter_card":"summary_large_image","twitter_misc":{"Est. reading time":"1 minute"},"schema":{"@context":"https:\/\/schema.org","@graph":[{"@type":"WebPage","@id":"https:\/\/schweizversand.ch\/en\/produkt\/kitoons-cry-babies-magic-tears-ueberraschungskapsel-serie-flowers\/","url":"https:\/\/schweizversand.ch\/en\/produkt\/kitoons-cry-babies-magic-tears-ueberraschungskapsel-serie-flowers\/","name":"Kitoons Cry Babies Magic Tears \u00dcberraschungskapsel Serie Flowers | Jetzt kaufen | Schweizversand.ch","isPartOf":{"@id":"https:\/\/schweizversand.ch\/en\/#website"},"primaryImageOfPage":{"@id":"https:\/\/schweizversand.ch\/en\/produkt\/kitoons-cry-babies-magic-tears-ueberraschungskapsel-serie-flowers\/#primaryimage"},"image":{"@id":"https:\/\/schweizversand.ch\/en\/produkt\/kitoons-cry-babies-magic-tears-ueberraschungskapsel-serie-flowers\/#primaryimage"},"thumbnailUrl":"https:\/\/schweizversand.ch\/wp-content\/uploads\/2026\/02\/5472098640.jpg","datePublished":"2026-03-14T23:06:15+00:00","dateModified":"2026-04-19T13:32:06+00:00","description":"Kitoons Cry Babies Magic Tears \u00dcberraschungskapsel Serie Flowers g\u00fcnstig kaufen bei Schweizversand.ch. Schnelle Lieferung in der Schweiz. Gratisversand ab CHF 50.","breadcrumb":{"@id":"https:\/\/schweizversand.ch\/en\/produkt\/kitoons-cry-babies-magic-tears-ueberraschungskapsel-serie-flowers\/#breadcrumb"},"inLanguage":"en-US","potentialAction":[{"@type":"ReadAction","target":["https:\/\/schweizversand.ch\/en\/produkt\/kitoons-cry-babies-magic-tears-ueberraschungskapsel-serie-flowers\/"]}]},{"@type":"ImageObject","inLanguage":"en-US","@id":"https:\/\/schweizversand.ch\/en\/produkt\/kitoons-cry-babies-magic-tears-ueberraschungskapsel-serie-flowers\/#primaryimage","url":"https:\/\/schweizversand.ch\/wp-content\/uploads\/2026\/02\/5472098640.jpg","contentUrl":"https:\/\/schweizversand.ch\/wp-content\/uploads\/2026\/02\/5472098640.jpg","width":1024,"height":1024},{"@type":"BreadcrumbList","@id":"https:\/\/schweizversand.ch\/en\/produkt\/kitoons-cry-babies-magic-tears-ueberraschungskapsel-serie-flowers\/#breadcrumb","itemListElement":[{"@type":"ListItem","position":1,"name":"Startseite","item":"https:\/\/schweizversand.ch\/en\/"},{"@type":"ListItem","position":2,"name":"Shop","item":"https:\/\/schweizversand.ch\/en\/shop\/"},{"@type":"ListItem","position":3,"name":"Toys &amp; Games","item":"https:\/\/schweizversand.ch\/en\/produkt-kategorie\/toys-games\/"},{"@type":"ListItem","position":4,"name":"Figures &amp; Dolls","item":"https:\/\/schweizversand.ch\/en\/produkt-kategorie\/toys-games\/figures-dolls\/"},{"@type":"ListItem","position":5,"name":"Doll","item":"https:\/\/schweizversand.ch\/en\/produkt-kategorie\/toys-games\/figures-dolls\/puppe\/"},{"@type":"ListItem","position":6,"name":"Kitoons Cry Babies Magic Tears Surprise Capsule Series Flowers"}]},{"@type":"WebSite","@id":"https:\/\/schweizversand.ch\/en\/#website","url":"https:\/\/schweizversand.ch\/en\/","name":"Schweizer Shop f\u00fcr Sport, Spiel und Freizeit","description":"Gratisversand ab 50.- (netto), ab eigenem schweizer Lager, Lieferung innert 48h","publisher":{"@id":"https:\/\/schweizversand.ch\/en\/#organization"},"alternateName":"Schweizversand.ch","potentialAction":[{"@type":"SearchAction","target":{"@type":"EntryPoint","urlTemplate":"https:\/\/schweizversand.ch\/en\/?s={search_term_string}"},"query-input":{"@type":"PropertyValueSpecification","valueRequired":true,"valueName":"search_term_string"}}],"inLanguage":"en-US"},{"@type":"Organization","@id":"https:\/\/schweizversand.ch\/en\/#organization","name":"Schweizversand.ch","url":"https:\/\/schweizversand.ch\/en\/","logo":{"@type":"ImageObject","inLanguage":"en-US","@id":"https:\/\/schweizversand.ch\/en\/#\/schema\/logo\/image\/","url":"https:\/\/schweizversand.ch\/wp-content\/uploads\/2026\/03\/Logo_Rund_Final-1.png","contentUrl":"https:\/\/schweizversand.ch\/wp-content\/uploads\/2026\/03\/Logo_Rund_Final-1.png","width":404,"height":404,"caption":"Schweizversand.ch"},"image":{"@id":"https:\/\/schweizversand.ch\/en\/#\/schema\/logo\/image\/"},"sameAs":["https:\/\/www.facebook.com\/Schweizversand","https:\/\/www.instagram.com\/schweizversand.ch\/"]}]}},"jetpack_sharing_enabled":true,"_links":{"self":[{"href":"https:\/\/schweizversand.ch\/en\/wp-json\/wp\/v2\/product\/249491","targetHints":{"allow":["GET"]}}],"collection":[{"href":"https:\/\/schweizversand.ch\/en\/wp-json\/wp\/v2\/product"}],"about":[{"href":"https:\/\/schweizversand.ch\/en\/wp-json\/wp\/v2\/types\/product"}],"replies":[{"embeddable":true,"href":"https:\/\/schweizversand.ch\/en\/wp-json\/wp\/v2\/comments?post=249491"}],"wp:featuredmedia":[{"embeddable":true,"href":"https:\/\/schweizversand.ch\/en\/wp-json\/wp\/v2\/media\/158343"}],"wp:attachment":[{"href":"https:\/\/schweizversand.ch\/en\/wp-json\/wp\/v2\/media?parent=249491"}],"wp:term":[{"taxonomy":"product_brand","embeddable":true,"href":"https:\/\/schweizversand.ch\/en\/wp-json\/wp\/v2\/product_brand?post=249491"},{"taxonomy":"product_cat","embeddable":true,"href":"https:\/\/schweizversand.ch\/en\/wp-json\/wp\/v2\/product_cat?post=249491"},{"taxonomy":"product_tag","embeddable":true,"href":"https:\/\/schweizversand.ch\/en\/wp-json\/wp\/v2\/product_tag?post=249491"}],"curies":[{"name":"wp","href":"https:\/\/api.w.org\/{rel}","templated":true}]}}