{"id":249510,"date":"2026-03-15T00:28:41","date_gmt":"2026-03-14T23:28:41","guid":{"rendered":"https:\/\/schweizversand.ch\/produkt\/hasbro-hydro-pods-dunk-sunk-arena\/"},"modified":"2026-04-19T02:02:21","modified_gmt":"2026-04-19T00:02:21","slug":"hasbro-hydro-pods-dunk-sunk-arena","status":"publish","type":"product","link":"https:\/\/schweizversand.ch\/en\/produkt\/hasbro-hydro-pods-dunk-sunk-arena\/","title":{"rendered":"Hasbro Hydro Pods Dunk &#038; Sunk Arena"},"content":{"rendered":"<p>2 GAME MODES FOR MAXIMUM FUN<br \/>\n<br \/>Experience the ultimate showdown in the Hydro Pods Dunk &#038; Sunk Arena! Choose between Battle Mode for thrilling duels with a friend or practice in the Dunk Pool Mode to improve your aim.<\/p>\n<p>EASY CLEANUP \u2013 NO WATER MESS<\/p>\n<p>The arena and pool are designed to safely contain the water, keeping everything clean even as opponents are repeatedly submerged. (Note: Remove targets and empty pods after playing.)<\/p>\n<p>UNVEILE 2 EXCLUSIVE PIRATE SEA CREATURES<\/p>\n<p>Dip the bowl into the water and attach the target \u2013 and two special figures will appear: Octavia Octopus (purple octopus) and Cecelia Seaside (yellow starfish), available exclusively in this set!<\/p>\n<p>DINNER 2 EXCLUSIVE PIRATE SEA CREATURES<\/p>\n<p>Dip the bowl into the water and attach the target \u2013 and two special figures will appear: Octavia Octopus (purple octopus) and Cecelia Seaside (yellow starfish), available exclusively in this set! <br \/>COMPLETE BATTLE AND COLLECTIBLE SET<\/p>\n<p> A collectible toy and action-packed game all in one! The set includes:<\/p>\n<p>\u2022 1 Arena (approx. 35 cm wide) with a diving pool<br \/>\n<br \/>\u2022 2 Hydro Pod figures (approx. 10 cm tall each)<br \/>\n<br \/>\u2022 2 Targets<br \/>\n<br \/>\u2022 2 Rocket Launchers<br \/>\n<br \/>\u2022 10 Throwing Discs<br \/>\n<br \/>\u2022 2 Interchangeable Tracks<\/p>\n<p>THRILLING BATTLE MODE<\/p>\n<p> An exciting 2-player battle! Place the pods and discs in the launchers, aim them along the tracks at your target, and fire \u2013 hit your opponent&#8217;s target to defeat and sink them!<\/p>\n","protected":false},"excerpt":{"rendered":"<p>2 GAME MODES FOR MAXIMUM FUN Experience the ultimate showdown in the Hydro Pods Dunk &#038; Sunk Arena! Choose between Battle Mode for thrilling duels with a friend or practice in the Dunk Pool Mode to improve your aim. EASY CLEANUP \u2013 NO WATER MESS The arena and pool are designed to safely contain the water, keeping everything clean even as opponents are repeatedly submerged. (Note: Remove targets and empty pods after playing.) UNVEILE 2&hellip;<\/p>\n","protected":false},"featured_media":257362,"comment_status":"open","ping_status":"closed","template":"","meta":[],"product_brand":[],"product_cat":[38315],"product_tag":[],"class_list":{"0":"post-249510","1":"product","2":"type-product","3":"status-publish","4":"has-post-thumbnail","6":"product_cat-wasserspielzeug","7":"product_shipping_class-global_methods","9":"first","10":"instock","11":"taxable","12":"shipping-taxable","13":"purchasable","14":"product-type-simple"},"yoast_head":"<!-- This site is optimized with the Yoast SEO plugin v27.4 - https:\/\/yoast.com\/product\/yoast-seo-wordpress\/ -->\n<title>Hasbro Hydro Pods Dunk &amp; Sunk Arena<\/title>\n<meta name=\"description\" content=\"2 SPIELMODI F\u00dcR MAXIMALEN SPASS Erlebe den ultimativen Showdown in der Hydro Pods Dunk &amp; Sunk Arena! W\u00e4hle zwischen dem Kampfmodus f\u00fcr spannende Duelle mit ein\" \/>\n<meta name=\"robots\" content=\"index, follow, max-snippet:-1, max-image-preview:large, max-video-preview:-1\" \/>\n<link rel=\"canonical\" href=\"https:\/\/schweizversand.ch\/en\/produkt\/hasbro-hydro-pods-dunk-sunk-arena\/\" \/>\n<meta property=\"og:locale\" content=\"en_US\" \/>\n<meta property=\"og:type\" content=\"article\" \/>\n<meta property=\"og:title\" content=\"Hasbro Hydro Pods Dunk &amp; Sunk Arena\" \/>\n<meta property=\"og:description\" content=\"2 SPIELMODI F\u00dcR MAXIMALEN SPASS Erlebe den ultimativen Showdown in der Hydro Pods Dunk &amp; Sunk Arena! W\u00e4hle zwischen dem Kampfmodus f\u00fcr spannende Duelle mit ein\" \/>\n<meta property=\"og:url\" content=\"https:\/\/schweizversand.ch\/en\/produkt\/hasbro-hydro-pods-dunk-sunk-arena\/\" \/>\n<meta property=\"og:site_name\" content=\"Schweizer Shop f\u00fcr Sport, Spiel und Freizeit\" \/>\n<meta property=\"article:publisher\" content=\"https:\/\/www.facebook.com\/Schweizversand\" \/>\n<meta property=\"article:modified_time\" content=\"2026-04-19T00:02:21+00:00\" \/>\n<meta property=\"og:image\" content=\"https:\/\/schweizversand.ch\/wp-content\/uploads\/2026\/02\/5471870113.jpg\" \/>\n\t<meta property=\"og:image:width\" content=\"1024\" \/>\n\t<meta property=\"og:image:height\" content=\"1024\" \/>\n\t<meta property=\"og:image:type\" content=\"image\/jpeg\" \/>\n<meta name=\"twitter:card\" content=\"summary_large_image\" \/>\n<meta name=\"twitter:label1\" content=\"Est. reading time\" \/>\n\t<meta name=\"twitter:data1\" content=\"1 minute\" \/>\n<script type=\"application\/ld+json\" class=\"yoast-schema-graph\">{\"@context\":\"https:\\\/\\\/schema.org\",\"@graph\":[{\"@type\":\"WebPage\",\"@id\":\"https:\\\/\\\/schweizversand.ch\\\/en\\\/produkt\\\/hasbro-hydro-pods-dunk-sunk-arena\\\/\",\"url\":\"https:\\\/\\\/schweizversand.ch\\\/en\\\/produkt\\\/hasbro-hydro-pods-dunk-sunk-arena\\\/\",\"name\":\"Hasbro Hydro Pods Dunk & Sunk Arena\",\"isPartOf\":{\"@id\":\"https:\\\/\\\/schweizversand.ch\\\/en\\\/#website\"},\"primaryImageOfPage\":{\"@id\":\"https:\\\/\\\/schweizversand.ch\\\/en\\\/produkt\\\/hasbro-hydro-pods-dunk-sunk-arena\\\/#primaryimage\"},\"image\":{\"@id\":\"https:\\\/\\\/schweizversand.ch\\\/en\\\/produkt\\\/hasbro-hydro-pods-dunk-sunk-arena\\\/#primaryimage\"},\"thumbnailUrl\":\"https:\\\/\\\/schweizversand.ch\\\/wp-content\\\/uploads\\\/2026\\\/02\\\/5471870113.jpg\",\"datePublished\":\"2026-03-14T23:28:41+00:00\",\"dateModified\":\"2026-04-19T00:02:21+00:00\",\"description\":\"2 SPIELMODI F\u00dcR MAXIMALEN SPASS Erlebe den ultimativen Showdown in der Hydro Pods Dunk & Sunk Arena! W\u00e4hle zwischen dem Kampfmodus f\u00fcr spannende Duelle mit ein\",\"breadcrumb\":{\"@id\":\"https:\\\/\\\/schweizversand.ch\\\/en\\\/produkt\\\/hasbro-hydro-pods-dunk-sunk-arena\\\/#breadcrumb\"},\"inLanguage\":\"en-US\",\"potentialAction\":[{\"@type\":\"ReadAction\",\"target\":[\"https:\\\/\\\/schweizversand.ch\\\/en\\\/produkt\\\/hasbro-hydro-pods-dunk-sunk-arena\\\/\"]}]},{\"@type\":\"ImageObject\",\"inLanguage\":\"en-US\",\"@id\":\"https:\\\/\\\/schweizversand.ch\\\/en\\\/produkt\\\/hasbro-hydro-pods-dunk-sunk-arena\\\/#primaryimage\",\"url\":\"https:\\\/\\\/schweizversand.ch\\\/wp-content\\\/uploads\\\/2026\\\/02\\\/5471870113.jpg\",\"contentUrl\":\"https:\\\/\\\/schweizversand.ch\\\/wp-content\\\/uploads\\\/2026\\\/02\\\/5471870113.jpg\",\"width\":1024,\"height\":1024},{\"@type\":\"BreadcrumbList\",\"@id\":\"https:\\\/\\\/schweizversand.ch\\\/en\\\/produkt\\\/hasbro-hydro-pods-dunk-sunk-arena\\\/#breadcrumb\",\"itemListElement\":[{\"@type\":\"ListItem\",\"position\":1,\"name\":\"Startseite\",\"item\":\"https:\\\/\\\/schweizversand.ch\\\/en\\\/\"},{\"@type\":\"ListItem\",\"position\":2,\"name\":\"Shop\",\"item\":\"https:\\\/\\\/schweizversand.ch\\\/en\\\/shop\\\/\"},{\"@type\":\"ListItem\",\"position\":3,\"name\":\"Toys &amp; Games\",\"item\":\"https:\\\/\\\/schweizversand.ch\\\/en\\\/produkt-kategorie\\\/toys-games\\\/\"},{\"@type\":\"ListItem\",\"position\":4,\"name\":\"Outdoor Games\",\"item\":\"https:\\\/\\\/schweizversand.ch\\\/en\\\/produkt-kategorie\\\/toys-games\\\/outdoor-games\\\/\"},{\"@type\":\"ListItem\",\"position\":5,\"name\":\"Water Toys\",\"item\":\"https:\\\/\\\/schweizversand.ch\\\/en\\\/produkt-kategorie\\\/toys-games\\\/outdoor-games\\\/wasserspielzeug\\\/\"},{\"@type\":\"ListItem\",\"position\":6,\"name\":\"Hasbro Hydro Pods Dunk &#038; Sunk Arena\"}]},{\"@type\":\"WebSite\",\"@id\":\"https:\\\/\\\/schweizversand.ch\\\/en\\\/#website\",\"url\":\"https:\\\/\\\/schweizversand.ch\\\/en\\\/\",\"name\":\"Schweizer Shop f\u00fcr Sport, Spiel und Freizeit\",\"description\":\"Gratisversand ab 50.- (netto), ab eigenem schweizer Lager, Lieferung innert 48h\",\"publisher\":{\"@id\":\"https:\\\/\\\/schweizversand.ch\\\/en\\\/#organization\"},\"alternateName\":\"Schweizversand.ch\",\"potentialAction\":[{\"@type\":\"SearchAction\",\"target\":{\"@type\":\"EntryPoint\",\"urlTemplate\":\"https:\\\/\\\/schweizversand.ch\\\/en\\\/?s={search_term_string}\"},\"query-input\":{\"@type\":\"PropertyValueSpecification\",\"valueRequired\":true,\"valueName\":\"search_term_string\"}}],\"inLanguage\":\"en-US\"},{\"@type\":\"Organization\",\"@id\":\"https:\\\/\\\/schweizversand.ch\\\/en\\\/#organization\",\"name\":\"Schweizversand.ch\",\"url\":\"https:\\\/\\\/schweizversand.ch\\\/en\\\/\",\"logo\":{\"@type\":\"ImageObject\",\"inLanguage\":\"en-US\",\"@id\":\"https:\\\/\\\/schweizversand.ch\\\/en\\\/#\\\/schema\\\/logo\\\/image\\\/\",\"url\":\"https:\\\/\\\/schweizversand.ch\\\/wp-content\\\/uploads\\\/2026\\\/03\\\/Logo_Rund_Final-1.png\",\"contentUrl\":\"https:\\\/\\\/schweizversand.ch\\\/wp-content\\\/uploads\\\/2026\\\/03\\\/Logo_Rund_Final-1.png\",\"width\":404,\"height\":404,\"caption\":\"Schweizversand.ch\"},\"image\":{\"@id\":\"https:\\\/\\\/schweizversand.ch\\\/en\\\/#\\\/schema\\\/logo\\\/image\\\/\"},\"sameAs\":[\"https:\\\/\\\/www.facebook.com\\\/Schweizversand\",\"https:\\\/\\\/www.instagram.com\\\/schweizversand.ch\\\/\"]}]}<\/script>\n<!-- \/ Yoast SEO plugin. -->","yoast_head_json":{"title":"Hasbro Hydro Pods Dunk & Sunk Arena","description":"2 SPIELMODI F\u00dcR MAXIMALEN SPASS Erlebe den ultimativen Showdown in der Hydro Pods Dunk & Sunk Arena! W\u00e4hle zwischen dem Kampfmodus f\u00fcr spannende Duelle mit ein","robots":{"index":"index","follow":"follow","max-snippet":"max-snippet:-1","max-image-preview":"max-image-preview:large","max-video-preview":"max-video-preview:-1"},"canonical":"https:\/\/schweizversand.ch\/en\/produkt\/hasbro-hydro-pods-dunk-sunk-arena\/","og_locale":"en_US","og_type":"article","og_title":"Hasbro Hydro Pods Dunk & Sunk Arena","og_description":"2 SPIELMODI F\u00dcR MAXIMALEN SPASS Erlebe den ultimativen Showdown in der Hydro Pods Dunk & Sunk Arena! W\u00e4hle zwischen dem Kampfmodus f\u00fcr spannende Duelle mit ein","og_url":"https:\/\/schweizversand.ch\/en\/produkt\/hasbro-hydro-pods-dunk-sunk-arena\/","og_site_name":"Schweizer Shop f\u00fcr Sport, Spiel und Freizeit","article_publisher":"https:\/\/www.facebook.com\/Schweizversand","article_modified_time":"2026-04-19T00:02:21+00:00","og_image":[{"width":1024,"height":1024,"url":"https:\/\/schweizversand.ch\/wp-content\/uploads\/2026\/02\/5471870113.jpg","type":"image\/jpeg"}],"twitter_card":"summary_large_image","twitter_misc":{"Est. reading time":"1 minute"},"schema":{"@context":"https:\/\/schema.org","@graph":[{"@type":"WebPage","@id":"https:\/\/schweizversand.ch\/en\/produkt\/hasbro-hydro-pods-dunk-sunk-arena\/","url":"https:\/\/schweizversand.ch\/en\/produkt\/hasbro-hydro-pods-dunk-sunk-arena\/","name":"Hasbro Hydro Pods Dunk & Sunk Arena","isPartOf":{"@id":"https:\/\/schweizversand.ch\/en\/#website"},"primaryImageOfPage":{"@id":"https:\/\/schweizversand.ch\/en\/produkt\/hasbro-hydro-pods-dunk-sunk-arena\/#primaryimage"},"image":{"@id":"https:\/\/schweizversand.ch\/en\/produkt\/hasbro-hydro-pods-dunk-sunk-arena\/#primaryimage"},"thumbnailUrl":"https:\/\/schweizversand.ch\/wp-content\/uploads\/2026\/02\/5471870113.jpg","datePublished":"2026-03-14T23:28:41+00:00","dateModified":"2026-04-19T00:02:21+00:00","description":"2 SPIELMODI F\u00dcR MAXIMALEN SPASS Erlebe den ultimativen Showdown in der Hydro Pods Dunk & Sunk Arena! W\u00e4hle zwischen dem Kampfmodus f\u00fcr spannende Duelle mit ein","breadcrumb":{"@id":"https:\/\/schweizversand.ch\/en\/produkt\/hasbro-hydro-pods-dunk-sunk-arena\/#breadcrumb"},"inLanguage":"en-US","potentialAction":[{"@type":"ReadAction","target":["https:\/\/schweizversand.ch\/en\/produkt\/hasbro-hydro-pods-dunk-sunk-arena\/"]}]},{"@type":"ImageObject","inLanguage":"en-US","@id":"https:\/\/schweizversand.ch\/en\/produkt\/hasbro-hydro-pods-dunk-sunk-arena\/#primaryimage","url":"https:\/\/schweizversand.ch\/wp-content\/uploads\/2026\/02\/5471870113.jpg","contentUrl":"https:\/\/schweizversand.ch\/wp-content\/uploads\/2026\/02\/5471870113.jpg","width":1024,"height":1024},{"@type":"BreadcrumbList","@id":"https:\/\/schweizversand.ch\/en\/produkt\/hasbro-hydro-pods-dunk-sunk-arena\/#breadcrumb","itemListElement":[{"@type":"ListItem","position":1,"name":"Startseite","item":"https:\/\/schweizversand.ch\/en\/"},{"@type":"ListItem","position":2,"name":"Shop","item":"https:\/\/schweizversand.ch\/en\/shop\/"},{"@type":"ListItem","position":3,"name":"Toys &amp; Games","item":"https:\/\/schweizversand.ch\/en\/produkt-kategorie\/toys-games\/"},{"@type":"ListItem","position":4,"name":"Outdoor Games","item":"https:\/\/schweizversand.ch\/en\/produkt-kategorie\/toys-games\/outdoor-games\/"},{"@type":"ListItem","position":5,"name":"Water Toys","item":"https:\/\/schweizversand.ch\/en\/produkt-kategorie\/toys-games\/outdoor-games\/wasserspielzeug\/"},{"@type":"ListItem","position":6,"name":"Hasbro Hydro Pods Dunk &#038; Sunk Arena"}]},{"@type":"WebSite","@id":"https:\/\/schweizversand.ch\/en\/#website","url":"https:\/\/schweizversand.ch\/en\/","name":"Schweizer Shop f\u00fcr Sport, Spiel und Freizeit","description":"Gratisversand ab 50.- (netto), ab eigenem schweizer Lager, Lieferung innert 48h","publisher":{"@id":"https:\/\/schweizversand.ch\/en\/#organization"},"alternateName":"Schweizversand.ch","potentialAction":[{"@type":"SearchAction","target":{"@type":"EntryPoint","urlTemplate":"https:\/\/schweizversand.ch\/en\/?s={search_term_string}"},"query-input":{"@type":"PropertyValueSpecification","valueRequired":true,"valueName":"search_term_string"}}],"inLanguage":"en-US"},{"@type":"Organization","@id":"https:\/\/schweizversand.ch\/en\/#organization","name":"Schweizversand.ch","url":"https:\/\/schweizversand.ch\/en\/","logo":{"@type":"ImageObject","inLanguage":"en-US","@id":"https:\/\/schweizversand.ch\/en\/#\/schema\/logo\/image\/","url":"https:\/\/schweizversand.ch\/wp-content\/uploads\/2026\/03\/Logo_Rund_Final-1.png","contentUrl":"https:\/\/schweizversand.ch\/wp-content\/uploads\/2026\/03\/Logo_Rund_Final-1.png","width":404,"height":404,"caption":"Schweizversand.ch"},"image":{"@id":"https:\/\/schweizversand.ch\/en\/#\/schema\/logo\/image\/"},"sameAs":["https:\/\/www.facebook.com\/Schweizversand","https:\/\/www.instagram.com\/schweizversand.ch\/"]}]}},"jetpack_sharing_enabled":true,"_links":{"self":[{"href":"https:\/\/schweizversand.ch\/en\/wp-json\/wp\/v2\/product\/249510","targetHints":{"allow":["GET"]}}],"collection":[{"href":"https:\/\/schweizversand.ch\/en\/wp-json\/wp\/v2\/product"}],"about":[{"href":"https:\/\/schweizversand.ch\/en\/wp-json\/wp\/v2\/types\/product"}],"replies":[{"embeddable":true,"href":"https:\/\/schweizversand.ch\/en\/wp-json\/wp\/v2\/comments?post=249510"}],"wp:featuredmedia":[{"embeddable":true,"href":"https:\/\/schweizversand.ch\/en\/wp-json\/wp\/v2\/media\/257362"}],"wp:attachment":[{"href":"https:\/\/schweizversand.ch\/en\/wp-json\/wp\/v2\/media?parent=249510"}],"wp:term":[{"taxonomy":"product_brand","embeddable":true,"href":"https:\/\/schweizversand.ch\/en\/wp-json\/wp\/v2\/product_brand?post=249510"},{"taxonomy":"product_cat","embeddable":true,"href":"https:\/\/schweizversand.ch\/en\/wp-json\/wp\/v2\/product_cat?post=249510"},{"taxonomy":"product_tag","embeddable":true,"href":"https:\/\/schweizversand.ch\/en\/wp-json\/wp\/v2\/product_tag?post=249510"}],"curies":[{"name":"wp","href":"https:\/\/api.w.org\/{rel}","templated":true}]}}