{"id":249523,"date":"2026-03-15T00:28:43","date_gmt":"2026-03-14T23:28:43","guid":{"rendered":"https:\/\/schweizversand.ch\/produkt\/meme-music-usb-mikrofon-harry\/"},"modified":"2026-04-19T02:02:22","modified_gmt":"2026-04-19T00:02:22","slug":"meme-music-usb-mikrofon-harry","status":"publish","type":"product","link":"https:\/\/schweizversand.ch\/en\/produkt\/meme-music-usb-mikrofon-harry\/","title":{"rendered":"MeMe Music USB Microphone &#8220;Harry&#8221;"},"content":{"rendered":"<p>MeMe Profy USB Microphone Harry \u2013 For Little Stars with Big Voices!<\/p>\n<p>With the MeMe Profy USB Microphone Harry, children can discover their creative side and feel like real pop stars! This colorful microphone is perfect for singing favorite songs, recording podcasts, or for fun karaoke nights with friends and family.<\/p>\n<p>Thanks to the simple USB connection, the microphone can be quickly and easily connected to a computer, laptop, or tablet \u2013 and then the performance can begin!<\/p>\n<p>The microphone features a practical stand and an on\/off switch, allowing children to control their voice or add fun effects.<\/p>\n<p>Product Highlights:<\/p>\n<p>\u2022 Colorful USB microphone for children<br \/>\n<br \/>\u2022 Easy connection to PC, laptop, or tablet<br \/>\n<br \/>\u2022 With stable microphone stand<br \/>\n<br \/>\u2022 On\/off switch for easy operation and effects<br \/>\n<br \/>\u2022 Ideal for karaoke, podcasts &#038; music games<br \/>\n<br \/>\u2022 Promotes creativity and self-confidence<\/p>\n","protected":false},"excerpt":{"rendered":"<p>MeMe Profy USB Microphone Harry \u2013 For Little Stars with Big Voices! With the MeMe Profy USB Microphone Harry, children can discover their creative side and feel like real pop stars! This colorful microphone is perfect for singing favorite songs, recording podcasts, or for fun karaoke nights with friends and family. Thanks to the simple USB connection, the microphone can be quickly and easily connected to a computer, laptop, or tablet \u2013 and then the&hellip;<\/p>\n","protected":false},"featured_media":261367,"comment_status":"open","ping_status":"closed","template":"","meta":[],"product_brand":[],"product_cat":[38471],"product_tag":[],"class_list":{"0":"post-249523","1":"product","2":"type-product","3":"status-publish","4":"has-post-thumbnail","6":"product_cat-lautsprecher","7":"product_shipping_class-global_methods","9":"first","10":"instock","11":"taxable","12":"shipping-taxable","13":"purchasable","14":"product-type-simple"},"yoast_head":"<!-- This site is optimized with the Yoast SEO plugin v27.4 - https:\/\/yoast.com\/product\/yoast-seo-wordpress\/ -->\n<title>MeMe Music USB Mikrofon &quot;Harry&quot;<\/title>\n<meta name=\"description\" content=\"MeMe Profy USB Mikrofon Harry \u2013 F\u00fcr kleine Stars mit gro\u00dfer Stimme! Mit dem MeMe Profy USB Mikrofon Harry k\u00f6nnen Kinder ihre kreative Seite entdecken und sich\" \/>\n<meta name=\"robots\" content=\"index, follow, max-snippet:-1, max-image-preview:large, max-video-preview:-1\" \/>\n<link rel=\"canonical\" href=\"https:\/\/schweizversand.ch\/en\/produkt\/meme-music-usb-mikrofon-harry\/\" \/>\n<meta property=\"og:locale\" content=\"en_US\" \/>\n<meta property=\"og:type\" content=\"article\" \/>\n<meta property=\"og:title\" content=\"MeMe Music USB Mikrofon &quot;Harry&quot;\" \/>\n<meta property=\"og:description\" content=\"MeMe Profy USB Mikrofon Harry \u2013 F\u00fcr kleine Stars mit gro\u00dfer Stimme! Mit dem MeMe Profy USB Mikrofon Harry k\u00f6nnen Kinder ihre kreative Seite entdecken und sich\" \/>\n<meta property=\"og:url\" content=\"https:\/\/schweizversand.ch\/en\/produkt\/meme-music-usb-mikrofon-harry\/\" \/>\n<meta property=\"og:site_name\" content=\"Schweizer Shop f\u00fcr Sport, Spiel und Freizeit\" \/>\n<meta property=\"article:publisher\" content=\"https:\/\/www.facebook.com\/Schweizversand\" \/>\n<meta property=\"article:modified_time\" content=\"2026-04-19T00:02:22+00:00\" \/>\n<meta property=\"og:image\" content=\"https:\/\/schweizversand.ch\/wp-content\/uploads\/2026\/02\/5471934040.jpg\" \/>\n\t<meta property=\"og:image:width\" content=\"1024\" \/>\n\t<meta property=\"og:image:height\" content=\"990\" \/>\n\t<meta property=\"og:image:type\" content=\"image\/jpeg\" \/>\n<meta name=\"twitter:card\" content=\"summary_large_image\" \/>\n<meta name=\"twitter:label1\" content=\"Est. reading time\" \/>\n\t<meta name=\"twitter:data1\" content=\"1 minute\" \/>\n<script type=\"application\/ld+json\" class=\"yoast-schema-graph\">{\"@context\":\"https:\\\/\\\/schema.org\",\"@graph\":[{\"@type\":\"WebPage\",\"@id\":\"https:\\\/\\\/schweizversand.ch\\\/en\\\/produkt\\\/meme-music-usb-mikrofon-harry\\\/\",\"url\":\"https:\\\/\\\/schweizversand.ch\\\/en\\\/produkt\\\/meme-music-usb-mikrofon-harry\\\/\",\"name\":\"MeMe Music USB Mikrofon \\\"Harry\\\"\",\"isPartOf\":{\"@id\":\"https:\\\/\\\/schweizversand.ch\\\/en\\\/#website\"},\"primaryImageOfPage\":{\"@id\":\"https:\\\/\\\/schweizversand.ch\\\/en\\\/produkt\\\/meme-music-usb-mikrofon-harry\\\/#primaryimage\"},\"image\":{\"@id\":\"https:\\\/\\\/schweizversand.ch\\\/en\\\/produkt\\\/meme-music-usb-mikrofon-harry\\\/#primaryimage\"},\"thumbnailUrl\":\"https:\\\/\\\/schweizversand.ch\\\/wp-content\\\/uploads\\\/2026\\\/02\\\/5471934040.jpg\",\"datePublished\":\"2026-03-14T23:28:43+00:00\",\"dateModified\":\"2026-04-19T00:02:22+00:00\",\"description\":\"MeMe Profy USB Mikrofon Harry \u2013 F\u00fcr kleine Stars mit gro\u00dfer Stimme! Mit dem MeMe Profy USB Mikrofon Harry k\u00f6nnen Kinder ihre kreative Seite entdecken und sich\",\"breadcrumb\":{\"@id\":\"https:\\\/\\\/schweizversand.ch\\\/en\\\/produkt\\\/meme-music-usb-mikrofon-harry\\\/#breadcrumb\"},\"inLanguage\":\"en-US\",\"potentialAction\":[{\"@type\":\"ReadAction\",\"target\":[\"https:\\\/\\\/schweizversand.ch\\\/en\\\/produkt\\\/meme-music-usb-mikrofon-harry\\\/\"]}]},{\"@type\":\"ImageObject\",\"inLanguage\":\"en-US\",\"@id\":\"https:\\\/\\\/schweizversand.ch\\\/en\\\/produkt\\\/meme-music-usb-mikrofon-harry\\\/#primaryimage\",\"url\":\"https:\\\/\\\/schweizversand.ch\\\/wp-content\\\/uploads\\\/2026\\\/02\\\/5471934040.jpg\",\"contentUrl\":\"https:\\\/\\\/schweizversand.ch\\\/wp-content\\\/uploads\\\/2026\\\/02\\\/5471934040.jpg\",\"width\":1024,\"height\":990},{\"@type\":\"BreadcrumbList\",\"@id\":\"https:\\\/\\\/schweizversand.ch\\\/en\\\/produkt\\\/meme-music-usb-mikrofon-harry\\\/#breadcrumb\",\"itemListElement\":[{\"@type\":\"ListItem\",\"position\":1,\"name\":\"Startseite\",\"item\":\"https:\\\/\\\/schweizversand.ch\\\/en\\\/\"},{\"@type\":\"ListItem\",\"position\":2,\"name\":\"Shop\",\"item\":\"https:\\\/\\\/schweizversand.ch\\\/en\\\/shop\\\/\"},{\"@type\":\"ListItem\",\"position\":3,\"name\":\"Electronics\",\"item\":\"https:\\\/\\\/schweizversand.ch\\\/en\\\/produkt-kategorie\\\/electronics\\\/\"},{\"@type\":\"ListItem\",\"position\":4,\"name\":\"Audio\",\"item\":\"https:\\\/\\\/schweizversand.ch\\\/en\\\/produkt-kategorie\\\/electronics\\\/audio\\\/\"},{\"@type\":\"ListItem\",\"position\":5,\"name\":\"Speakers\",\"item\":\"https:\\\/\\\/schweizversand.ch\\\/en\\\/produkt-kategorie\\\/electronics\\\/audio\\\/lautsprecher\\\/\"},{\"@type\":\"ListItem\",\"position\":6,\"name\":\"MeMe Music USB Microphone &#8222;Harry&#8220;\"}]},{\"@type\":\"WebSite\",\"@id\":\"https:\\\/\\\/schweizversand.ch\\\/en\\\/#website\",\"url\":\"https:\\\/\\\/schweizversand.ch\\\/en\\\/\",\"name\":\"Schweizer Shop f\u00fcr Sport, Spiel und Freizeit\",\"description\":\"Gratisversand ab 50.- (netto), ab eigenem schweizer Lager, Lieferung innert 48h\",\"publisher\":{\"@id\":\"https:\\\/\\\/schweizversand.ch\\\/en\\\/#organization\"},\"alternateName\":\"Schweizversand.ch\",\"potentialAction\":[{\"@type\":\"SearchAction\",\"target\":{\"@type\":\"EntryPoint\",\"urlTemplate\":\"https:\\\/\\\/schweizversand.ch\\\/en\\\/?s={search_term_string}\"},\"query-input\":{\"@type\":\"PropertyValueSpecification\",\"valueRequired\":true,\"valueName\":\"search_term_string\"}}],\"inLanguage\":\"en-US\"},{\"@type\":\"Organization\",\"@id\":\"https:\\\/\\\/schweizversand.ch\\\/en\\\/#organization\",\"name\":\"Schweizversand.ch\",\"url\":\"https:\\\/\\\/schweizversand.ch\\\/en\\\/\",\"logo\":{\"@type\":\"ImageObject\",\"inLanguage\":\"en-US\",\"@id\":\"https:\\\/\\\/schweizversand.ch\\\/en\\\/#\\\/schema\\\/logo\\\/image\\\/\",\"url\":\"https:\\\/\\\/schweizversand.ch\\\/wp-content\\\/uploads\\\/2026\\\/03\\\/Logo_Rund_Final-1.png\",\"contentUrl\":\"https:\\\/\\\/schweizversand.ch\\\/wp-content\\\/uploads\\\/2026\\\/03\\\/Logo_Rund_Final-1.png\",\"width\":404,\"height\":404,\"caption\":\"Schweizversand.ch\"},\"image\":{\"@id\":\"https:\\\/\\\/schweizversand.ch\\\/en\\\/#\\\/schema\\\/logo\\\/image\\\/\"},\"sameAs\":[\"https:\\\/\\\/www.facebook.com\\\/Schweizversand\",\"https:\\\/\\\/www.instagram.com\\\/schweizversand.ch\\\/\"]}]}<\/script>\n<!-- \/ Yoast SEO plugin. -->","yoast_head_json":{"title":"MeMe Music USB Mikrofon \"Harry\"","description":"MeMe Profy USB Mikrofon Harry \u2013 F\u00fcr kleine Stars mit gro\u00dfer Stimme! Mit dem MeMe Profy USB Mikrofon Harry k\u00f6nnen Kinder ihre kreative Seite entdecken und sich","robots":{"index":"index","follow":"follow","max-snippet":"max-snippet:-1","max-image-preview":"max-image-preview:large","max-video-preview":"max-video-preview:-1"},"canonical":"https:\/\/schweizversand.ch\/en\/produkt\/meme-music-usb-mikrofon-harry\/","og_locale":"en_US","og_type":"article","og_title":"MeMe Music USB Mikrofon \"Harry\"","og_description":"MeMe Profy USB Mikrofon Harry \u2013 F\u00fcr kleine Stars mit gro\u00dfer Stimme! Mit dem MeMe Profy USB Mikrofon Harry k\u00f6nnen Kinder ihre kreative Seite entdecken und sich","og_url":"https:\/\/schweizversand.ch\/en\/produkt\/meme-music-usb-mikrofon-harry\/","og_site_name":"Schweizer Shop f\u00fcr Sport, Spiel und Freizeit","article_publisher":"https:\/\/www.facebook.com\/Schweizversand","article_modified_time":"2026-04-19T00:02:22+00:00","og_image":[{"width":1024,"height":990,"url":"https:\/\/schweizversand.ch\/wp-content\/uploads\/2026\/02\/5471934040.jpg","type":"image\/jpeg"}],"twitter_card":"summary_large_image","twitter_misc":{"Est. reading time":"1 minute"},"schema":{"@context":"https:\/\/schema.org","@graph":[{"@type":"WebPage","@id":"https:\/\/schweizversand.ch\/en\/produkt\/meme-music-usb-mikrofon-harry\/","url":"https:\/\/schweizversand.ch\/en\/produkt\/meme-music-usb-mikrofon-harry\/","name":"MeMe Music USB Mikrofon \"Harry\"","isPartOf":{"@id":"https:\/\/schweizversand.ch\/en\/#website"},"primaryImageOfPage":{"@id":"https:\/\/schweizversand.ch\/en\/produkt\/meme-music-usb-mikrofon-harry\/#primaryimage"},"image":{"@id":"https:\/\/schweizversand.ch\/en\/produkt\/meme-music-usb-mikrofon-harry\/#primaryimage"},"thumbnailUrl":"https:\/\/schweizversand.ch\/wp-content\/uploads\/2026\/02\/5471934040.jpg","datePublished":"2026-03-14T23:28:43+00:00","dateModified":"2026-04-19T00:02:22+00:00","description":"MeMe Profy USB Mikrofon Harry \u2013 F\u00fcr kleine Stars mit gro\u00dfer Stimme! Mit dem MeMe Profy USB Mikrofon Harry k\u00f6nnen Kinder ihre kreative Seite entdecken und sich","breadcrumb":{"@id":"https:\/\/schweizversand.ch\/en\/produkt\/meme-music-usb-mikrofon-harry\/#breadcrumb"},"inLanguage":"en-US","potentialAction":[{"@type":"ReadAction","target":["https:\/\/schweizversand.ch\/en\/produkt\/meme-music-usb-mikrofon-harry\/"]}]},{"@type":"ImageObject","inLanguage":"en-US","@id":"https:\/\/schweizversand.ch\/en\/produkt\/meme-music-usb-mikrofon-harry\/#primaryimage","url":"https:\/\/schweizversand.ch\/wp-content\/uploads\/2026\/02\/5471934040.jpg","contentUrl":"https:\/\/schweizversand.ch\/wp-content\/uploads\/2026\/02\/5471934040.jpg","width":1024,"height":990},{"@type":"BreadcrumbList","@id":"https:\/\/schweizversand.ch\/en\/produkt\/meme-music-usb-mikrofon-harry\/#breadcrumb","itemListElement":[{"@type":"ListItem","position":1,"name":"Startseite","item":"https:\/\/schweizversand.ch\/en\/"},{"@type":"ListItem","position":2,"name":"Shop","item":"https:\/\/schweizversand.ch\/en\/shop\/"},{"@type":"ListItem","position":3,"name":"Electronics","item":"https:\/\/schweizversand.ch\/en\/produkt-kategorie\/electronics\/"},{"@type":"ListItem","position":4,"name":"Audio","item":"https:\/\/schweizversand.ch\/en\/produkt-kategorie\/electronics\/audio\/"},{"@type":"ListItem","position":5,"name":"Speakers","item":"https:\/\/schweizversand.ch\/en\/produkt-kategorie\/electronics\/audio\/lautsprecher\/"},{"@type":"ListItem","position":6,"name":"MeMe Music USB Microphone &#8222;Harry&#8220;"}]},{"@type":"WebSite","@id":"https:\/\/schweizversand.ch\/en\/#website","url":"https:\/\/schweizversand.ch\/en\/","name":"Schweizer Shop f\u00fcr Sport, Spiel und Freizeit","description":"Gratisversand ab 50.- (netto), ab eigenem schweizer Lager, Lieferung innert 48h","publisher":{"@id":"https:\/\/schweizversand.ch\/en\/#organization"},"alternateName":"Schweizversand.ch","potentialAction":[{"@type":"SearchAction","target":{"@type":"EntryPoint","urlTemplate":"https:\/\/schweizversand.ch\/en\/?s={search_term_string}"},"query-input":{"@type":"PropertyValueSpecification","valueRequired":true,"valueName":"search_term_string"}}],"inLanguage":"en-US"},{"@type":"Organization","@id":"https:\/\/schweizversand.ch\/en\/#organization","name":"Schweizversand.ch","url":"https:\/\/schweizversand.ch\/en\/","logo":{"@type":"ImageObject","inLanguage":"en-US","@id":"https:\/\/schweizversand.ch\/en\/#\/schema\/logo\/image\/","url":"https:\/\/schweizversand.ch\/wp-content\/uploads\/2026\/03\/Logo_Rund_Final-1.png","contentUrl":"https:\/\/schweizversand.ch\/wp-content\/uploads\/2026\/03\/Logo_Rund_Final-1.png","width":404,"height":404,"caption":"Schweizversand.ch"},"image":{"@id":"https:\/\/schweizversand.ch\/en\/#\/schema\/logo\/image\/"},"sameAs":["https:\/\/www.facebook.com\/Schweizversand","https:\/\/www.instagram.com\/schweizversand.ch\/"]}]}},"jetpack_sharing_enabled":true,"_links":{"self":[{"href":"https:\/\/schweizversand.ch\/en\/wp-json\/wp\/v2\/product\/249523","targetHints":{"allow":["GET"]}}],"collection":[{"href":"https:\/\/schweizversand.ch\/en\/wp-json\/wp\/v2\/product"}],"about":[{"href":"https:\/\/schweizversand.ch\/en\/wp-json\/wp\/v2\/types\/product"}],"replies":[{"embeddable":true,"href":"https:\/\/schweizversand.ch\/en\/wp-json\/wp\/v2\/comments?post=249523"}],"wp:featuredmedia":[{"embeddable":true,"href":"https:\/\/schweizversand.ch\/en\/wp-json\/wp\/v2\/media\/261367"}],"wp:attachment":[{"href":"https:\/\/schweizversand.ch\/en\/wp-json\/wp\/v2\/media?parent=249523"}],"wp:term":[{"taxonomy":"product_brand","embeddable":true,"href":"https:\/\/schweizversand.ch\/en\/wp-json\/wp\/v2\/product_brand?post=249523"},{"taxonomy":"product_cat","embeddable":true,"href":"https:\/\/schweizversand.ch\/en\/wp-json\/wp\/v2\/product_cat?post=249523"},{"taxonomy":"product_tag","embeddable":true,"href":"https:\/\/schweizversand.ch\/en\/wp-json\/wp\/v2\/product_tag?post=249523"}],"curies":[{"name":"wp","href":"https:\/\/api.w.org\/{rel}","templated":true}]}}