{"id":249529,"date":"2026-03-15T00:28:44","date_gmt":"2026-03-14T23:28:44","guid":{"rendered":"https:\/\/schweizversand.ch\/produkt\/kidstech-rueckzugsauto-im-massstab-126-mclaren-570s-coupe\/"},"modified":"2026-04-19T02:02:22","modified_gmt":"2026-04-19T00:02:22","slug":"kidstech-rueckzugsauto-im-massstab-126-mclaren-570s-coupe","status":"publish","type":"product","link":"https:\/\/schweizversand.ch\/en\/produkt\/kidstech-rueckzugsauto-im-massstab-126-mclaren-570s-coupe\/","title":{"rendered":"Kidstech 1:26 scale pullback car McLaren 570S Coupe"},"content":{"rendered":"<h1><strong>McLaren 570S Coupe 1:26 Scale Model Car \u2013 The Ultimate Collector&#8217;s Item<\/strong><\/h1>\n<div>Discover the fascinating <strong>McLaren 570S<\/strong> 1:26 scale model car, a detailed replica of the legendary British sports car. This model is not only an impressive collector&#8217;s item, but also offers interactive fun for young and old thanks to the integrated pull-back function. Bring a piece of automotive excellence into your home.<\/p>\n<\/div>\n<div><strong>Exclusive Design and Attention to Detail<\/strong><br \/>This <strong>1\/26 McLaren 570S<\/strong> model impresses with its exceptional attention to detail. From the aerodynamic lines of the coupe to the precisely replicated headlights and rims \u2013 every element reflects the elegance and performance of the original. The high-quality paintwork and authentic logos make this model a must-have for every car enthusiast and collector.<\/p>\n<\/div>\n<div><strong>Interactive Play with Pull-Back Function<\/strong><br \/>Designed as a <strong>pull-back car<\/strong>, this model offers more than just a static display. Simply pull the car back and release it to experience rapid acceleration. This <strong>pull-back car<\/strong> function provides hours of fun and makes the model a perfect gift for children who love fast sports cars. Despite its robust construction, it is a fine <strong>McLaren Coupe toy<\/strong> suitable for both play and display.<\/p>\n<\/div>\n<div><strong>High-Quality Materials and Craftsmanship<\/strong><br \/>The model&#8217;s body is made of a durable zinc alloy, while the internal parts are constructed from robust ABS plastic. This ensures high stability and a long lifespan, even with intensive use. The materials used are non-toxic and safe. Thanks to its high manufacturing quality, this 1:26 scale collector&#8217;s model is an investment that will retain its value. Product Features and Specifications &#8211; Scale: 1:26 (approx. 18.5 cm long) &#8211; Material: Zinc alloy (body) and ABS plastic (interior) &#8211; Function: Pull-back car (pull-back mechanism) &#8211; Details: Highly detailed body, authentic paintwork and interior &#8211; Suitable for: Collectors, enthusiasts and children aged 6 and up &#8211; Doors: Doors open to reveal the detailed interior. The perfect gift for car lovers. Looking for a special gift? This highly detailed McLaren 570S model car is the ideal choice for birthdays, holidays, or as an addition to your own collection. It combines the fascination of the McLaren 570S with the joy of play. Show your passion for supercars with this exquisite piece. Order your 1\/26 scale McLaren 570S model now and experience the perfect combination of precision, quality, and play value.<\/p>\n","protected":false},"excerpt":{"rendered":"<p>McLaren 570S Coupe 1:26 Scale Model Car \u2013 The Ultimate Collector&#8217;s Item Discover the fascinating McLaren 570S 1:26 scale model car, a detailed replica of the legendary British sports car. This model is not only an impressive collector&#8217;s item, but also offers interactive fun for young and old thanks to the integrated pull-back function. Bring a piece of automotive excellence into your home. Exclusive Design and Attention to DetailThis 1\/26 McLaren 570S model impresses with&hellip;<\/p>\n","protected":false},"featured_media":163652,"comment_status":"open","ping_status":"closed","template":"","meta":[],"product_brand":[],"product_cat":[38008],"product_tag":[],"class_list":{"0":"post-249529","1":"product","2":"type-product","3":"status-publish","4":"has-post-thumbnail","6":"product_cat-spielzeugauto","7":"product_shipping_class-global_methods","9":"first","10":"instock","11":"taxable","12":"shipping-taxable","13":"purchasable","14":"product-type-simple"},"yoast_head":"<!-- This site is optimized with the Yoast SEO plugin v27.4 - https:\/\/yoast.com\/product\/yoast-seo-wordpress\/ -->\n<title>Kidstech R\u00fcckzugsauto im Massstab 1:26 McLaren 570S Coupe | Jetzt kaufen | Schweizversand.ch<\/title>\n<meta name=\"description\" content=\"Kidstech R\u00fcckzugsauto im Massstab 1:26 McLaren 570S Coupe g\u00fcnstig kaufen bei Schweizversand.ch. Schnelle Lieferung in der Schweiz. Gratisversand ab CHF 50.\" \/>\n<meta name=\"robots\" content=\"index, follow, max-snippet:-1, max-image-preview:large, max-video-preview:-1\" \/>\n<link rel=\"canonical\" href=\"https:\/\/schweizversand.ch\/en\/produkt\/kidstech-rueckzugsauto-im-massstab-126-mclaren-570s-coupe\/\" \/>\n<meta property=\"og:locale\" content=\"en_US\" \/>\n<meta property=\"og:type\" content=\"article\" \/>\n<meta property=\"og:title\" content=\"Kidstech R\u00fcckzugsauto im Massstab 1:26 McLaren 570S Coupe | Jetzt kaufen | Schweizversand.ch\" \/>\n<meta property=\"og:description\" content=\"Kidstech R\u00fcckzugsauto im Massstab 1:26 McLaren 570S Coupe g\u00fcnstig kaufen bei Schweizversand.ch. Schnelle Lieferung in der Schweiz. Gratisversand ab CHF 50.\" \/>\n<meta property=\"og:url\" content=\"https:\/\/schweizversand.ch\/en\/produkt\/kidstech-rueckzugsauto-im-massstab-126-mclaren-570s-coupe\/\" \/>\n<meta property=\"og:site_name\" content=\"Schweizer Shop f\u00fcr Sport, Spiel und Freizeit\" \/>\n<meta property=\"article:publisher\" content=\"https:\/\/www.facebook.com\/Schweizversand\" \/>\n<meta property=\"article:modified_time\" content=\"2026-04-19T00:02:22+00:00\" \/>\n<meta property=\"og:image\" content=\"https:\/\/schweizversand.ch\/wp-content\/uploads\/2026\/02\/5478797053.png\" \/>\n\t<meta property=\"og:image:width\" content=\"1024\" \/>\n\t<meta property=\"og:image:height\" content=\"612\" \/>\n\t<meta property=\"og:image:type\" content=\"image\/png\" \/>\n<meta name=\"twitter:card\" content=\"summary_large_image\" \/>\n<meta name=\"twitter:label1\" content=\"Est. reading time\" \/>\n\t<meta name=\"twitter:data1\" content=\"2 minutes\" \/>\n<script type=\"application\/ld+json\" class=\"yoast-schema-graph\">{\"@context\":\"https:\\\/\\\/schema.org\",\"@graph\":[{\"@type\":\"WebPage\",\"@id\":\"https:\\\/\\\/schweizversand.ch\\\/en\\\/produkt\\\/kidstech-rueckzugsauto-im-massstab-126-mclaren-570s-coupe\\\/\",\"url\":\"https:\\\/\\\/schweizversand.ch\\\/en\\\/produkt\\\/kidstech-rueckzugsauto-im-massstab-126-mclaren-570s-coupe\\\/\",\"name\":\"Kidstech R\u00fcckzugsauto im Massstab 1:26 McLaren 570S Coupe | Jetzt kaufen | Schweizversand.ch\",\"isPartOf\":{\"@id\":\"https:\\\/\\\/schweizversand.ch\\\/en\\\/#website\"},\"primaryImageOfPage\":{\"@id\":\"https:\\\/\\\/schweizversand.ch\\\/en\\\/produkt\\\/kidstech-rueckzugsauto-im-massstab-126-mclaren-570s-coupe\\\/#primaryimage\"},\"image\":{\"@id\":\"https:\\\/\\\/schweizversand.ch\\\/en\\\/produkt\\\/kidstech-rueckzugsauto-im-massstab-126-mclaren-570s-coupe\\\/#primaryimage\"},\"thumbnailUrl\":\"https:\\\/\\\/schweizversand.ch\\\/wp-content\\\/uploads\\\/2026\\\/02\\\/5478797053.png\",\"datePublished\":\"2026-03-14T23:28:44+00:00\",\"dateModified\":\"2026-04-19T00:02:22+00:00\",\"description\":\"Kidstech R\u00fcckzugsauto im Massstab 1:26 McLaren 570S Coupe g\u00fcnstig kaufen bei Schweizversand.ch. Schnelle Lieferung in der Schweiz. Gratisversand ab CHF 50.\",\"breadcrumb\":{\"@id\":\"https:\\\/\\\/schweizversand.ch\\\/en\\\/produkt\\\/kidstech-rueckzugsauto-im-massstab-126-mclaren-570s-coupe\\\/#breadcrumb\"},\"inLanguage\":\"en-US\",\"potentialAction\":[{\"@type\":\"ReadAction\",\"target\":[\"https:\\\/\\\/schweizversand.ch\\\/en\\\/produkt\\\/kidstech-rueckzugsauto-im-massstab-126-mclaren-570s-coupe\\\/\"]}]},{\"@type\":\"ImageObject\",\"inLanguage\":\"en-US\",\"@id\":\"https:\\\/\\\/schweizversand.ch\\\/en\\\/produkt\\\/kidstech-rueckzugsauto-im-massstab-126-mclaren-570s-coupe\\\/#primaryimage\",\"url\":\"https:\\\/\\\/schweizversand.ch\\\/wp-content\\\/uploads\\\/2026\\\/02\\\/5478797053.png\",\"contentUrl\":\"https:\\\/\\\/schweizversand.ch\\\/wp-content\\\/uploads\\\/2026\\\/02\\\/5478797053.png\",\"width\":1024,\"height\":612},{\"@type\":\"BreadcrumbList\",\"@id\":\"https:\\\/\\\/schweizversand.ch\\\/en\\\/produkt\\\/kidstech-rueckzugsauto-im-massstab-126-mclaren-570s-coupe\\\/#breadcrumb\",\"itemListElement\":[{\"@type\":\"ListItem\",\"position\":1,\"name\":\"Startseite\",\"item\":\"https:\\\/\\\/schweizversand.ch\\\/en\\\/\"},{\"@type\":\"ListItem\",\"position\":2,\"name\":\"Shop\",\"item\":\"https:\\\/\\\/schweizversand.ch\\\/en\\\/shop\\\/\"},{\"@type\":\"ListItem\",\"position\":3,\"name\":\"Toys &amp; Games\",\"item\":\"https:\\\/\\\/schweizversand.ch\\\/en\\\/produkt-kategorie\\\/toys-games\\\/\"},{\"@type\":\"ListItem\",\"position\":4,\"name\":\"Toy Vehicles\",\"item\":\"https:\\\/\\\/schweizversand.ch\\\/en\\\/produkt-kategorie\\\/toys-games\\\/toy-vehicles\\\/\"},{\"@type\":\"ListItem\",\"position\":5,\"name\":\"Toy Cars\",\"item\":\"https:\\\/\\\/schweizversand.ch\\\/en\\\/produkt-kategorie\\\/toys-games\\\/toy-vehicles\\\/spielzeugauto\\\/\"},{\"@type\":\"ListItem\",\"position\":6,\"name\":\"Kidstech 1:26 scale pullback car McLaren 570S Coupe\"}]},{\"@type\":\"WebSite\",\"@id\":\"https:\\\/\\\/schweizversand.ch\\\/en\\\/#website\",\"url\":\"https:\\\/\\\/schweizversand.ch\\\/en\\\/\",\"name\":\"Schweizer Shop f\u00fcr Sport, Spiel und Freizeit\",\"description\":\"Gratisversand ab 50.- (netto), ab eigenem schweizer Lager, Lieferung innert 48h\",\"publisher\":{\"@id\":\"https:\\\/\\\/schweizversand.ch\\\/en\\\/#organization\"},\"alternateName\":\"Schweizversand.ch\",\"potentialAction\":[{\"@type\":\"SearchAction\",\"target\":{\"@type\":\"EntryPoint\",\"urlTemplate\":\"https:\\\/\\\/schweizversand.ch\\\/en\\\/?s={search_term_string}\"},\"query-input\":{\"@type\":\"PropertyValueSpecification\",\"valueRequired\":true,\"valueName\":\"search_term_string\"}}],\"inLanguage\":\"en-US\"},{\"@type\":\"Organization\",\"@id\":\"https:\\\/\\\/schweizversand.ch\\\/en\\\/#organization\",\"name\":\"Schweizversand.ch\",\"url\":\"https:\\\/\\\/schweizversand.ch\\\/en\\\/\",\"logo\":{\"@type\":\"ImageObject\",\"inLanguage\":\"en-US\",\"@id\":\"https:\\\/\\\/schweizversand.ch\\\/en\\\/#\\\/schema\\\/logo\\\/image\\\/\",\"url\":\"https:\\\/\\\/schweizversand.ch\\\/wp-content\\\/uploads\\\/2026\\\/03\\\/Logo_Rund_Final-1.png\",\"contentUrl\":\"https:\\\/\\\/schweizversand.ch\\\/wp-content\\\/uploads\\\/2026\\\/03\\\/Logo_Rund_Final-1.png\",\"width\":404,\"height\":404,\"caption\":\"Schweizversand.ch\"},\"image\":{\"@id\":\"https:\\\/\\\/schweizversand.ch\\\/en\\\/#\\\/schema\\\/logo\\\/image\\\/\"},\"sameAs\":[\"https:\\\/\\\/www.facebook.com\\\/Schweizversand\",\"https:\\\/\\\/www.instagram.com\\\/schweizversand.ch\\\/\"]}]}<\/script>\n<!-- \/ Yoast SEO plugin. -->","yoast_head_json":{"title":"Kidstech R\u00fcckzugsauto im Massstab 1:26 McLaren 570S Coupe | Jetzt kaufen | Schweizversand.ch","description":"Kidstech R\u00fcckzugsauto im Massstab 1:26 McLaren 570S Coupe g\u00fcnstig kaufen bei Schweizversand.ch. Schnelle Lieferung in der Schweiz. Gratisversand ab CHF 50.","robots":{"index":"index","follow":"follow","max-snippet":"max-snippet:-1","max-image-preview":"max-image-preview:large","max-video-preview":"max-video-preview:-1"},"canonical":"https:\/\/schweizversand.ch\/en\/produkt\/kidstech-rueckzugsauto-im-massstab-126-mclaren-570s-coupe\/","og_locale":"en_US","og_type":"article","og_title":"Kidstech R\u00fcckzugsauto im Massstab 1:26 McLaren 570S Coupe | Jetzt kaufen | Schweizversand.ch","og_description":"Kidstech R\u00fcckzugsauto im Massstab 1:26 McLaren 570S Coupe g\u00fcnstig kaufen bei Schweizversand.ch. Schnelle Lieferung in der Schweiz. Gratisversand ab CHF 50.","og_url":"https:\/\/schweizversand.ch\/en\/produkt\/kidstech-rueckzugsauto-im-massstab-126-mclaren-570s-coupe\/","og_site_name":"Schweizer Shop f\u00fcr Sport, Spiel und Freizeit","article_publisher":"https:\/\/www.facebook.com\/Schweizversand","article_modified_time":"2026-04-19T00:02:22+00:00","og_image":[{"width":1024,"height":612,"url":"https:\/\/schweizversand.ch\/wp-content\/uploads\/2026\/02\/5478797053.png","type":"image\/png"}],"twitter_card":"summary_large_image","twitter_misc":{"Est. reading time":"2 minutes"},"schema":{"@context":"https:\/\/schema.org","@graph":[{"@type":"WebPage","@id":"https:\/\/schweizversand.ch\/en\/produkt\/kidstech-rueckzugsauto-im-massstab-126-mclaren-570s-coupe\/","url":"https:\/\/schweizversand.ch\/en\/produkt\/kidstech-rueckzugsauto-im-massstab-126-mclaren-570s-coupe\/","name":"Kidstech R\u00fcckzugsauto im Massstab 1:26 McLaren 570S Coupe | Jetzt kaufen | Schweizversand.ch","isPartOf":{"@id":"https:\/\/schweizversand.ch\/en\/#website"},"primaryImageOfPage":{"@id":"https:\/\/schweizversand.ch\/en\/produkt\/kidstech-rueckzugsauto-im-massstab-126-mclaren-570s-coupe\/#primaryimage"},"image":{"@id":"https:\/\/schweizversand.ch\/en\/produkt\/kidstech-rueckzugsauto-im-massstab-126-mclaren-570s-coupe\/#primaryimage"},"thumbnailUrl":"https:\/\/schweizversand.ch\/wp-content\/uploads\/2026\/02\/5478797053.png","datePublished":"2026-03-14T23:28:44+00:00","dateModified":"2026-04-19T00:02:22+00:00","description":"Kidstech R\u00fcckzugsauto im Massstab 1:26 McLaren 570S Coupe g\u00fcnstig kaufen bei Schweizversand.ch. Schnelle Lieferung in der Schweiz. Gratisversand ab CHF 50.","breadcrumb":{"@id":"https:\/\/schweizversand.ch\/en\/produkt\/kidstech-rueckzugsauto-im-massstab-126-mclaren-570s-coupe\/#breadcrumb"},"inLanguage":"en-US","potentialAction":[{"@type":"ReadAction","target":["https:\/\/schweizversand.ch\/en\/produkt\/kidstech-rueckzugsauto-im-massstab-126-mclaren-570s-coupe\/"]}]},{"@type":"ImageObject","inLanguage":"en-US","@id":"https:\/\/schweizversand.ch\/en\/produkt\/kidstech-rueckzugsauto-im-massstab-126-mclaren-570s-coupe\/#primaryimage","url":"https:\/\/schweizversand.ch\/wp-content\/uploads\/2026\/02\/5478797053.png","contentUrl":"https:\/\/schweizversand.ch\/wp-content\/uploads\/2026\/02\/5478797053.png","width":1024,"height":612},{"@type":"BreadcrumbList","@id":"https:\/\/schweizversand.ch\/en\/produkt\/kidstech-rueckzugsauto-im-massstab-126-mclaren-570s-coupe\/#breadcrumb","itemListElement":[{"@type":"ListItem","position":1,"name":"Startseite","item":"https:\/\/schweizversand.ch\/en\/"},{"@type":"ListItem","position":2,"name":"Shop","item":"https:\/\/schweizversand.ch\/en\/shop\/"},{"@type":"ListItem","position":3,"name":"Toys &amp; Games","item":"https:\/\/schweizversand.ch\/en\/produkt-kategorie\/toys-games\/"},{"@type":"ListItem","position":4,"name":"Toy Vehicles","item":"https:\/\/schweizversand.ch\/en\/produkt-kategorie\/toys-games\/toy-vehicles\/"},{"@type":"ListItem","position":5,"name":"Toy Cars","item":"https:\/\/schweizversand.ch\/en\/produkt-kategorie\/toys-games\/toy-vehicles\/spielzeugauto\/"},{"@type":"ListItem","position":6,"name":"Kidstech 1:26 scale pullback car McLaren 570S Coupe"}]},{"@type":"WebSite","@id":"https:\/\/schweizversand.ch\/en\/#website","url":"https:\/\/schweizversand.ch\/en\/","name":"Schweizer Shop f\u00fcr Sport, Spiel und Freizeit","description":"Gratisversand ab 50.- (netto), ab eigenem schweizer Lager, Lieferung innert 48h","publisher":{"@id":"https:\/\/schweizversand.ch\/en\/#organization"},"alternateName":"Schweizversand.ch","potentialAction":[{"@type":"SearchAction","target":{"@type":"EntryPoint","urlTemplate":"https:\/\/schweizversand.ch\/en\/?s={search_term_string}"},"query-input":{"@type":"PropertyValueSpecification","valueRequired":true,"valueName":"search_term_string"}}],"inLanguage":"en-US"},{"@type":"Organization","@id":"https:\/\/schweizversand.ch\/en\/#organization","name":"Schweizversand.ch","url":"https:\/\/schweizversand.ch\/en\/","logo":{"@type":"ImageObject","inLanguage":"en-US","@id":"https:\/\/schweizversand.ch\/en\/#\/schema\/logo\/image\/","url":"https:\/\/schweizversand.ch\/wp-content\/uploads\/2026\/03\/Logo_Rund_Final-1.png","contentUrl":"https:\/\/schweizversand.ch\/wp-content\/uploads\/2026\/03\/Logo_Rund_Final-1.png","width":404,"height":404,"caption":"Schweizversand.ch"},"image":{"@id":"https:\/\/schweizversand.ch\/en\/#\/schema\/logo\/image\/"},"sameAs":["https:\/\/www.facebook.com\/Schweizversand","https:\/\/www.instagram.com\/schweizversand.ch\/"]}]}},"jetpack_sharing_enabled":true,"_links":{"self":[{"href":"https:\/\/schweizversand.ch\/en\/wp-json\/wp\/v2\/product\/249529","targetHints":{"allow":["GET"]}}],"collection":[{"href":"https:\/\/schweizversand.ch\/en\/wp-json\/wp\/v2\/product"}],"about":[{"href":"https:\/\/schweizversand.ch\/en\/wp-json\/wp\/v2\/types\/product"}],"replies":[{"embeddable":true,"href":"https:\/\/schweizversand.ch\/en\/wp-json\/wp\/v2\/comments?post=249529"}],"wp:featuredmedia":[{"embeddable":true,"href":"https:\/\/schweizversand.ch\/en\/wp-json\/wp\/v2\/media\/163652"}],"wp:attachment":[{"href":"https:\/\/schweizversand.ch\/en\/wp-json\/wp\/v2\/media?parent=249529"}],"wp:term":[{"taxonomy":"product_brand","embeddable":true,"href":"https:\/\/schweizversand.ch\/en\/wp-json\/wp\/v2\/product_brand?post=249529"},{"taxonomy":"product_cat","embeddable":true,"href":"https:\/\/schweizversand.ch\/en\/wp-json\/wp\/v2\/product_cat?post=249529"},{"taxonomy":"product_tag","embeddable":true,"href":"https:\/\/schweizversand.ch\/en\/wp-json\/wp\/v2\/product_tag?post=249529"}],"curies":[{"name":"wp","href":"https:\/\/api.w.org\/{rel}","templated":true}]}}