{"id":249567,"date":"2026-03-15T00:28:53","date_gmt":"2026-03-14T23:28:53","guid":{"rendered":"https:\/\/schweizversand.ch\/produkt\/tec-take-maedchenkostuem-marine-girl\/"},"modified":"2026-04-20T02:02:18","modified_gmt":"2026-04-20T00:02:18","slug":"tec-take-maedchenkostuem-marine-girl","status":"publish","type":"product","link":"https:\/\/schweizversand.ch\/en\/produkt\/tec-take-maedchenkostuem-marine-girl\/","title":{"rendered":"Tec Take Girls&#8217; Costume &#8211; Marine Girl"},"content":{"rendered":"<p>Marine Girl \u2013 Girls&#8217; Costume in a Nautical Style for Carnival &#038; Theme Parties<\/p>\n<p>Ahoy, matey! With the &#8220;Marine Set&#8221; girls&#8217; costume, you&#8217;ll set sail in style and be the center of attention at every carnival or theme party. This charming outfit combines classic nautical style with a sassy, \u200b\u200bgirly look that&#8217;s guaranteed to turn heads.<\/p>\n<p>The costume consists of a short-sleeved top with a typical striped sailor collar and red ribbons that can be tied into a pretty bow. The short skirt is decorated with four decorative buttons at the front, perfectly completing the outfit. The matching sailor hat with anchor emblem provides the authentic finish and completes the nautical girl look.<\/p>\n<p>Made from 100% polyester, this costume offers comfortable wear and is ideal for children&#8217;s carnivals, school plays, or themed parties.<\/p>\n<p>Highlights<\/p>\n<p>Cheeky sailor costume for girls<br \/>\nStriped top with sailor collar and red bow<br \/>\nShort skirt with buttons at the front<br \/>\nIncludes hat with anchor emblem<br \/>\nComfortable material and high wearing comfort<\/p>\n<p>Perfect for: Children&#8217;s carnivals, Mardi Gras, themed parties<\/p>\n<p>Material: 100% polyester<\/p>\n<p>Includes: Top<br \/>\nSkirt<br \/>\nHat<br \/>\nNote: Handbag and tights are not included.<\/p>\n","protected":false},"excerpt":{"rendered":"<p>Marine Girl \u2013 Girls&#8217; Costume in a Nautical Style for Carnival &#038; Theme Parties Ahoy, matey! With the &#8220;Marine Set&#8221; girls&#8217; costume, you&#8217;ll set sail in style and be the center of attention at every carnival or theme party. This charming outfit combines classic nautical style with a sassy, \u200b\u200bgirly look that&#8217;s guaranteed to turn heads. The costume consists of a short-sleeved top with a typical striped sailor collar and red ribbons that can be&hellip;<\/p>\n","protected":false},"featured_media":261376,"comment_status":"open","ping_status":"closed","template":"","meta":[],"product_brand":[],"product_cat":[38028],"product_tag":[],"class_list":{"0":"post-249567","1":"product","2":"type-product","3":"status-publish","4":"has-post-thumbnail","6":"product_cat-kostueme","7":"product_shipping_class-global_methods","9":"first","10":"instock","11":"taxable","12":"shipping-taxable","13":"purchasable","14":"product-type-simple"},"yoast_head":"<!-- This site is optimized with the Yoast SEO plugin v27.4 - https:\/\/yoast.com\/product\/yoast-seo-wordpress\/ -->\n<title>Tec Take M\u00e4dchenkost\u00fcm Marine-Girl<\/title>\n<meta name=\"description\" content=\"Marine-Girl \u2013 M\u00e4dchenkost\u00fcm im Marinelook f\u00fcr Fasching &amp; Mottopartys Ahoi Matrosin! Mit dem M\u00e4dchenkost\u00fcm \u201eMarine-Set\u201c stichst Du stilvoll in See und wirst a\" \/>\n<meta name=\"robots\" content=\"index, follow, max-snippet:-1, max-image-preview:large, max-video-preview:-1\" \/>\n<link rel=\"canonical\" href=\"https:\/\/schweizversand.ch\/en\/produkt\/tec-take-maedchenkostuem-marine-girl\/\" \/>\n<meta property=\"og:locale\" content=\"en_US\" \/>\n<meta property=\"og:type\" content=\"article\" \/>\n<meta property=\"og:title\" content=\"Tec Take M\u00e4dchenkost\u00fcm Marine-Girl\" \/>\n<meta property=\"og:description\" content=\"Marine-Girl \u2013 M\u00e4dchenkost\u00fcm im Marinelook f\u00fcr Fasching &amp; Mottopartys Ahoi Matrosin! Mit dem M\u00e4dchenkost\u00fcm \u201eMarine-Set\u201c stichst Du stilvoll in See und wirst a\" \/>\n<meta property=\"og:url\" content=\"https:\/\/schweizversand.ch\/en\/produkt\/tec-take-maedchenkostuem-marine-girl\/\" \/>\n<meta property=\"og:site_name\" content=\"Schweizer Shop f\u00fcr Sport, Spiel und Freizeit\" \/>\n<meta property=\"article:publisher\" content=\"https:\/\/www.facebook.com\/Schweizversand\" \/>\n<meta property=\"article:modified_time\" content=\"2026-04-20T00:02:18+00:00\" \/>\n<meta property=\"og:image\" content=\"https:\/\/schweizversand.ch\/wp-content\/uploads\/2026\/02\/5592031138.png\" \/>\n\t<meta property=\"og:image:width\" content=\"457\" \/>\n\t<meta property=\"og:image:height\" content=\"1024\" \/>\n\t<meta property=\"og:image:type\" content=\"image\/png\" \/>\n<meta name=\"twitter:card\" content=\"summary_large_image\" \/>\n<meta name=\"twitter:label1\" content=\"Est. reading time\" \/>\n\t<meta name=\"twitter:data1\" content=\"1 minute\" \/>\n<script type=\"application\/ld+json\" class=\"yoast-schema-graph\">{\"@context\":\"https:\\\/\\\/schema.org\",\"@graph\":[{\"@type\":\"WebPage\",\"@id\":\"https:\\\/\\\/schweizversand.ch\\\/en\\\/produkt\\\/tec-take-maedchenkostuem-marine-girl\\\/\",\"url\":\"https:\\\/\\\/schweizversand.ch\\\/en\\\/produkt\\\/tec-take-maedchenkostuem-marine-girl\\\/\",\"name\":\"Tec Take M\u00e4dchenkost\u00fcm Marine-Girl\",\"isPartOf\":{\"@id\":\"https:\\\/\\\/schweizversand.ch\\\/en\\\/#website\"},\"primaryImageOfPage\":{\"@id\":\"https:\\\/\\\/schweizversand.ch\\\/en\\\/produkt\\\/tec-take-maedchenkostuem-marine-girl\\\/#primaryimage\"},\"image\":{\"@id\":\"https:\\\/\\\/schweizversand.ch\\\/en\\\/produkt\\\/tec-take-maedchenkostuem-marine-girl\\\/#primaryimage\"},\"thumbnailUrl\":\"https:\\\/\\\/schweizversand.ch\\\/wp-content\\\/uploads\\\/2026\\\/02\\\/5592031138.png\",\"datePublished\":\"2026-03-14T23:28:53+00:00\",\"dateModified\":\"2026-04-20T00:02:18+00:00\",\"description\":\"Marine-Girl \u2013 M\u00e4dchenkost\u00fcm im Marinelook f\u00fcr Fasching & Mottopartys Ahoi Matrosin! Mit dem M\u00e4dchenkost\u00fcm \u201eMarine-Set\u201c stichst Du stilvoll in See und wirst a\",\"breadcrumb\":{\"@id\":\"https:\\\/\\\/schweizversand.ch\\\/en\\\/produkt\\\/tec-take-maedchenkostuem-marine-girl\\\/#breadcrumb\"},\"inLanguage\":\"en-US\",\"potentialAction\":[{\"@type\":\"ReadAction\",\"target\":[\"https:\\\/\\\/schweizversand.ch\\\/en\\\/produkt\\\/tec-take-maedchenkostuem-marine-girl\\\/\"]}]},{\"@type\":\"ImageObject\",\"inLanguage\":\"en-US\",\"@id\":\"https:\\\/\\\/schweizversand.ch\\\/en\\\/produkt\\\/tec-take-maedchenkostuem-marine-girl\\\/#primaryimage\",\"url\":\"https:\\\/\\\/schweizversand.ch\\\/wp-content\\\/uploads\\\/2026\\\/02\\\/5592031138.png\",\"contentUrl\":\"https:\\\/\\\/schweizversand.ch\\\/wp-content\\\/uploads\\\/2026\\\/02\\\/5592031138.png\",\"width\":457,\"height\":1024},{\"@type\":\"BreadcrumbList\",\"@id\":\"https:\\\/\\\/schweizversand.ch\\\/en\\\/produkt\\\/tec-take-maedchenkostuem-marine-girl\\\/#breadcrumb\",\"itemListElement\":[{\"@type\":\"ListItem\",\"position\":1,\"name\":\"Startseite\",\"item\":\"https:\\\/\\\/schweizversand.ch\\\/en\\\/\"},{\"@type\":\"ListItem\",\"position\":2,\"name\":\"Shop\",\"item\":\"https:\\\/\\\/schweizversand.ch\\\/en\\\/shop\\\/\"},{\"@type\":\"ListItem\",\"position\":3,\"name\":\"Fashion\",\"item\":\"https:\\\/\\\/schweizversand.ch\\\/en\\\/produkt-kategorie\\\/fashion\\\/\"},{\"@type\":\"ListItem\",\"position\":4,\"name\":\"Unisex Fashion\",\"item\":\"https:\\\/\\\/schweizversand.ch\\\/en\\\/produkt-kategorie\\\/fashion\\\/unisex-fashion\\\/\"},{\"@type\":\"ListItem\",\"position\":5,\"name\":\"Costumes\",\"item\":\"https:\\\/\\\/schweizversand.ch\\\/en\\\/produkt-kategorie\\\/fashion\\\/unisex-fashion\\\/kostueme\\\/\"},{\"@type\":\"ListItem\",\"position\":6,\"name\":\"Tec Take Girls&#8216; Costume &#8211; Marine Girl\"}]},{\"@type\":\"WebSite\",\"@id\":\"https:\\\/\\\/schweizversand.ch\\\/en\\\/#website\",\"url\":\"https:\\\/\\\/schweizversand.ch\\\/en\\\/\",\"name\":\"Schweizer Shop f\u00fcr Sport, Spiel und Freizeit\",\"description\":\"Gratisversand ab 50.- (netto), ab eigenem schweizer Lager, Lieferung innert 48h\",\"publisher\":{\"@id\":\"https:\\\/\\\/schweizversand.ch\\\/en\\\/#organization\"},\"alternateName\":\"Schweizversand.ch\",\"potentialAction\":[{\"@type\":\"SearchAction\",\"target\":{\"@type\":\"EntryPoint\",\"urlTemplate\":\"https:\\\/\\\/schweizversand.ch\\\/en\\\/?s={search_term_string}\"},\"query-input\":{\"@type\":\"PropertyValueSpecification\",\"valueRequired\":true,\"valueName\":\"search_term_string\"}}],\"inLanguage\":\"en-US\"},{\"@type\":\"Organization\",\"@id\":\"https:\\\/\\\/schweizversand.ch\\\/en\\\/#organization\",\"name\":\"Schweizversand.ch\",\"url\":\"https:\\\/\\\/schweizversand.ch\\\/en\\\/\",\"logo\":{\"@type\":\"ImageObject\",\"inLanguage\":\"en-US\",\"@id\":\"https:\\\/\\\/schweizversand.ch\\\/en\\\/#\\\/schema\\\/logo\\\/image\\\/\",\"url\":\"https:\\\/\\\/schweizversand.ch\\\/wp-content\\\/uploads\\\/2026\\\/03\\\/Logo_Rund_Final-1.png\",\"contentUrl\":\"https:\\\/\\\/schweizversand.ch\\\/wp-content\\\/uploads\\\/2026\\\/03\\\/Logo_Rund_Final-1.png\",\"width\":404,\"height\":404,\"caption\":\"Schweizversand.ch\"},\"image\":{\"@id\":\"https:\\\/\\\/schweizversand.ch\\\/en\\\/#\\\/schema\\\/logo\\\/image\\\/\"},\"sameAs\":[\"https:\\\/\\\/www.facebook.com\\\/Schweizversand\",\"https:\\\/\\\/www.instagram.com\\\/schweizversand.ch\\\/\"]}]}<\/script>\n<!-- \/ Yoast SEO plugin. -->","yoast_head_json":{"title":"Tec Take M\u00e4dchenkost\u00fcm Marine-Girl","description":"Marine-Girl \u2013 M\u00e4dchenkost\u00fcm im Marinelook f\u00fcr Fasching & Mottopartys Ahoi Matrosin! Mit dem M\u00e4dchenkost\u00fcm \u201eMarine-Set\u201c stichst Du stilvoll in See und wirst a","robots":{"index":"index","follow":"follow","max-snippet":"max-snippet:-1","max-image-preview":"max-image-preview:large","max-video-preview":"max-video-preview:-1"},"canonical":"https:\/\/schweizversand.ch\/en\/produkt\/tec-take-maedchenkostuem-marine-girl\/","og_locale":"en_US","og_type":"article","og_title":"Tec Take M\u00e4dchenkost\u00fcm Marine-Girl","og_description":"Marine-Girl \u2013 M\u00e4dchenkost\u00fcm im Marinelook f\u00fcr Fasching & Mottopartys Ahoi Matrosin! Mit dem M\u00e4dchenkost\u00fcm \u201eMarine-Set\u201c stichst Du stilvoll in See und wirst a","og_url":"https:\/\/schweizversand.ch\/en\/produkt\/tec-take-maedchenkostuem-marine-girl\/","og_site_name":"Schweizer Shop f\u00fcr Sport, Spiel und Freizeit","article_publisher":"https:\/\/www.facebook.com\/Schweizversand","article_modified_time":"2026-04-20T00:02:18+00:00","og_image":[{"width":457,"height":1024,"url":"https:\/\/schweizversand.ch\/wp-content\/uploads\/2026\/02\/5592031138.png","type":"image\/png"}],"twitter_card":"summary_large_image","twitter_misc":{"Est. reading time":"1 minute"},"schema":{"@context":"https:\/\/schema.org","@graph":[{"@type":"WebPage","@id":"https:\/\/schweizversand.ch\/en\/produkt\/tec-take-maedchenkostuem-marine-girl\/","url":"https:\/\/schweizversand.ch\/en\/produkt\/tec-take-maedchenkostuem-marine-girl\/","name":"Tec Take M\u00e4dchenkost\u00fcm Marine-Girl","isPartOf":{"@id":"https:\/\/schweizversand.ch\/en\/#website"},"primaryImageOfPage":{"@id":"https:\/\/schweizversand.ch\/en\/produkt\/tec-take-maedchenkostuem-marine-girl\/#primaryimage"},"image":{"@id":"https:\/\/schweizversand.ch\/en\/produkt\/tec-take-maedchenkostuem-marine-girl\/#primaryimage"},"thumbnailUrl":"https:\/\/schweizversand.ch\/wp-content\/uploads\/2026\/02\/5592031138.png","datePublished":"2026-03-14T23:28:53+00:00","dateModified":"2026-04-20T00:02:18+00:00","description":"Marine-Girl \u2013 M\u00e4dchenkost\u00fcm im Marinelook f\u00fcr Fasching & Mottopartys Ahoi Matrosin! Mit dem M\u00e4dchenkost\u00fcm \u201eMarine-Set\u201c stichst Du stilvoll in See und wirst a","breadcrumb":{"@id":"https:\/\/schweizversand.ch\/en\/produkt\/tec-take-maedchenkostuem-marine-girl\/#breadcrumb"},"inLanguage":"en-US","potentialAction":[{"@type":"ReadAction","target":["https:\/\/schweizversand.ch\/en\/produkt\/tec-take-maedchenkostuem-marine-girl\/"]}]},{"@type":"ImageObject","inLanguage":"en-US","@id":"https:\/\/schweizversand.ch\/en\/produkt\/tec-take-maedchenkostuem-marine-girl\/#primaryimage","url":"https:\/\/schweizversand.ch\/wp-content\/uploads\/2026\/02\/5592031138.png","contentUrl":"https:\/\/schweizversand.ch\/wp-content\/uploads\/2026\/02\/5592031138.png","width":457,"height":1024},{"@type":"BreadcrumbList","@id":"https:\/\/schweizversand.ch\/en\/produkt\/tec-take-maedchenkostuem-marine-girl\/#breadcrumb","itemListElement":[{"@type":"ListItem","position":1,"name":"Startseite","item":"https:\/\/schweizversand.ch\/en\/"},{"@type":"ListItem","position":2,"name":"Shop","item":"https:\/\/schweizversand.ch\/en\/shop\/"},{"@type":"ListItem","position":3,"name":"Fashion","item":"https:\/\/schweizversand.ch\/en\/produkt-kategorie\/fashion\/"},{"@type":"ListItem","position":4,"name":"Unisex Fashion","item":"https:\/\/schweizversand.ch\/en\/produkt-kategorie\/fashion\/unisex-fashion\/"},{"@type":"ListItem","position":5,"name":"Costumes","item":"https:\/\/schweizversand.ch\/en\/produkt-kategorie\/fashion\/unisex-fashion\/kostueme\/"},{"@type":"ListItem","position":6,"name":"Tec Take Girls&#8216; Costume &#8211; Marine Girl"}]},{"@type":"WebSite","@id":"https:\/\/schweizversand.ch\/en\/#website","url":"https:\/\/schweizversand.ch\/en\/","name":"Schweizer Shop f\u00fcr Sport, Spiel und Freizeit","description":"Gratisversand ab 50.- (netto), ab eigenem schweizer Lager, Lieferung innert 48h","publisher":{"@id":"https:\/\/schweizversand.ch\/en\/#organization"},"alternateName":"Schweizversand.ch","potentialAction":[{"@type":"SearchAction","target":{"@type":"EntryPoint","urlTemplate":"https:\/\/schweizversand.ch\/en\/?s={search_term_string}"},"query-input":{"@type":"PropertyValueSpecification","valueRequired":true,"valueName":"search_term_string"}}],"inLanguage":"en-US"},{"@type":"Organization","@id":"https:\/\/schweizversand.ch\/en\/#organization","name":"Schweizversand.ch","url":"https:\/\/schweizversand.ch\/en\/","logo":{"@type":"ImageObject","inLanguage":"en-US","@id":"https:\/\/schweizversand.ch\/en\/#\/schema\/logo\/image\/","url":"https:\/\/schweizversand.ch\/wp-content\/uploads\/2026\/03\/Logo_Rund_Final-1.png","contentUrl":"https:\/\/schweizversand.ch\/wp-content\/uploads\/2026\/03\/Logo_Rund_Final-1.png","width":404,"height":404,"caption":"Schweizversand.ch"},"image":{"@id":"https:\/\/schweizversand.ch\/en\/#\/schema\/logo\/image\/"},"sameAs":["https:\/\/www.facebook.com\/Schweizversand","https:\/\/www.instagram.com\/schweizversand.ch\/"]}]}},"jetpack_sharing_enabled":true,"_links":{"self":[{"href":"https:\/\/schweizversand.ch\/en\/wp-json\/wp\/v2\/product\/249567","targetHints":{"allow":["GET"]}}],"collection":[{"href":"https:\/\/schweizversand.ch\/en\/wp-json\/wp\/v2\/product"}],"about":[{"href":"https:\/\/schweizversand.ch\/en\/wp-json\/wp\/v2\/types\/product"}],"replies":[{"embeddable":true,"href":"https:\/\/schweizversand.ch\/en\/wp-json\/wp\/v2\/comments?post=249567"}],"wp:featuredmedia":[{"embeddable":true,"href":"https:\/\/schweizversand.ch\/en\/wp-json\/wp\/v2\/media\/261376"}],"wp:attachment":[{"href":"https:\/\/schweizversand.ch\/en\/wp-json\/wp\/v2\/media?parent=249567"}],"wp:term":[{"taxonomy":"product_brand","embeddable":true,"href":"https:\/\/schweizversand.ch\/en\/wp-json\/wp\/v2\/product_brand?post=249567"},{"taxonomy":"product_cat","embeddable":true,"href":"https:\/\/schweizversand.ch\/en\/wp-json\/wp\/v2\/product_cat?post=249567"},{"taxonomy":"product_tag","embeddable":true,"href":"https:\/\/schweizversand.ch\/en\/wp-json\/wp\/v2\/product_tag?post=249567"}],"curies":[{"name":"wp","href":"https:\/\/api.w.org\/{rel}","templated":true}]}}