{"id":249584,"date":"2026-03-15T00:28:58","date_gmt":"2026-03-14T23:28:58","guid":{"rendered":"https:\/\/schweizversand.ch\/produkt\/dress-for-fun-kostuem-zombie-3\/"},"modified":"2026-04-20T02:02:19","modified_gmt":"2026-04-20T00:02:19","slug":"dress-for-fun-kostuem-zombie-3","status":"publish","type":"product","link":"https:\/\/schweizversand.ch\/en\/produkt\/dress-for-fun-kostuem-zombie-3\/","title":{"rendered":"Dress for fun costume &#8220;Zombie&#8221;"},"content":{"rendered":"<p>Sexy Zombie Costume for Women \u2013 Creepy, Seductive &#038; Eye-catching<\/p>\n<p>Transform yourself into an irresistible undead creature with style with this sexy zombie costume for women! The outfit combines spooky horror with seductive charm, making you the absolute center of attention at any Halloween or carnival party.<\/p>\n<p>The costume consists of a chic coat, a blouse, and a short skirt, all adorned with realistic-looking blood splatters \u2013 for an authentic zombie look. Sexy stockings and a matching scarf complete the outfit perfectly.<\/p>\n<p>The high-quality polyester fabric ensures comfortable wear and freedom of movement, so you can dance the night away \u2013 whether at Carnival, Halloween, or a themed party.<\/p>\n<p>This exciting zombie outfit is a stylish alternative to classic vampire or witch costumes and is guaranteed to turn heads and send shivers down your spine.<\/p>\n<p>Highlights:<\/p>\n<p>Sexy women&#8217;s zombie costume \u2013 creepy &#038; seductive<br \/>\n<br \/>Chic coat, pretty blouse &#038; short skirt<br \/>\n<br \/>Blood splatter design for a real horror factor<br \/>\n<br \/>Sexy stockings &#038; scarf included<\/p>\n<p>Comfortable &#038; durable thanks to 100% polyester<\/p>\n<p>Ideal for Halloween, Carnival &#038; Theme Parties<\/p>\n<p>Material:<\/p>\n<p>100% Polyester<\/p>\n<p>Includes:<\/p>\n<p>Coat<br \/>\n<br \/>Blouse<br \/>\n<br \/>Skirt<br \/>\n<br \/>Stockings<br \/>\n<br \/>Scarf<\/p>\n<p>Note: Shoes are not included.<\/p>\n","protected":false},"excerpt":{"rendered":"<p>Sexy Zombie Costume for Women \u2013 Creepy, Seductive &#038; Eye-catching Transform yourself into an irresistible undead creature with style with this sexy zombie costume for women! The outfit combines spooky horror with seductive charm, making you the absolute center of attention at any Halloween or carnival party. The costume consists of a chic coat, a blouse, and a short skirt, all adorned with realistic-looking blood splatters \u2013 for an authentic zombie look. Sexy stockings and&hellip;<\/p>\n","protected":false},"featured_media":257377,"comment_status":"open","ping_status":"closed","template":"","meta":[],"product_brand":[],"product_cat":[38028],"product_tag":[],"class_list":{"0":"post-249584","1":"product","2":"type-product","3":"status-publish","4":"has-post-thumbnail","6":"product_cat-kostueme","7":"product_shipping_class-global_methods","9":"first","10":"instock","11":"taxable","12":"shipping-taxable","13":"purchasable","14":"product-type-simple"},"yoast_head":"<!-- This site is optimized with the Yoast SEO plugin v27.4 - https:\/\/yoast.com\/product\/yoast-seo-wordpress\/ -->\n<title>Dress for fun Kost\u00fcm &quot;Zombie&quot;<\/title>\n<meta name=\"description\" content=\"Sexy Zombie Damenkost\u00fcm \u2013 Gruselig, verf\u00fchrerisch &amp; auff\u00e4llig Mit dem sexy Zombie-Kost\u00fcm f\u00fcr Damen verwandelst Du Dich in eine unwiderstehliche Untote mit St\" \/>\n<meta name=\"robots\" content=\"index, follow, max-snippet:-1, max-image-preview:large, max-video-preview:-1\" \/>\n<link rel=\"canonical\" href=\"https:\/\/schweizversand.ch\/en\/produkt\/dress-for-fun-kostuem-zombie-3\/\" \/>\n<meta property=\"og:locale\" content=\"en_US\" \/>\n<meta property=\"og:type\" content=\"article\" \/>\n<meta property=\"og:title\" content=\"Dress for fun Kost\u00fcm &quot;Zombie&quot;\" \/>\n<meta property=\"og:description\" content=\"Sexy Zombie Damenkost\u00fcm \u2013 Gruselig, verf\u00fchrerisch &amp; auff\u00e4llig Mit dem sexy Zombie-Kost\u00fcm f\u00fcr Damen verwandelst Du Dich in eine unwiderstehliche Untote mit St\" \/>\n<meta property=\"og:url\" content=\"https:\/\/schweizversand.ch\/en\/produkt\/dress-for-fun-kostuem-zombie-3\/\" \/>\n<meta property=\"og:site_name\" content=\"Schweizer Shop f\u00fcr Sport, Spiel und Freizeit\" \/>\n<meta property=\"article:publisher\" content=\"https:\/\/www.facebook.com\/Schweizversand\" \/>\n<meta property=\"article:modified_time\" content=\"2026-04-20T00:02:19+00:00\" \/>\n<meta property=\"og:image\" content=\"https:\/\/schweizversand.ch\/wp-content\/uploads\/2026\/02\/5471998515.jpg\" \/>\n\t<meta property=\"og:image:width\" content=\"333\" \/>\n\t<meta property=\"og:image:height\" content=\"1024\" \/>\n\t<meta property=\"og:image:type\" content=\"image\/jpeg\" \/>\n<meta name=\"twitter:card\" content=\"summary_large_image\" \/>\n<meta name=\"twitter:label1\" content=\"Est. reading time\" \/>\n\t<meta name=\"twitter:data1\" content=\"1 minute\" \/>\n<script type=\"application\/ld+json\" class=\"yoast-schema-graph\">{\"@context\":\"https:\\\/\\\/schema.org\",\"@graph\":[{\"@type\":\"WebPage\",\"@id\":\"https:\\\/\\\/schweizversand.ch\\\/en\\\/produkt\\\/dress-for-fun-kostuem-zombie-3\\\/\",\"url\":\"https:\\\/\\\/schweizversand.ch\\\/en\\\/produkt\\\/dress-for-fun-kostuem-zombie-3\\\/\",\"name\":\"Dress for fun Kost\u00fcm \\\"Zombie\\\"\",\"isPartOf\":{\"@id\":\"https:\\\/\\\/schweizversand.ch\\\/en\\\/#website\"},\"primaryImageOfPage\":{\"@id\":\"https:\\\/\\\/schweizversand.ch\\\/en\\\/produkt\\\/dress-for-fun-kostuem-zombie-3\\\/#primaryimage\"},\"image\":{\"@id\":\"https:\\\/\\\/schweizversand.ch\\\/en\\\/produkt\\\/dress-for-fun-kostuem-zombie-3\\\/#primaryimage\"},\"thumbnailUrl\":\"https:\\\/\\\/schweizversand.ch\\\/wp-content\\\/uploads\\\/2026\\\/02\\\/5471998515.jpg\",\"datePublished\":\"2026-03-14T23:28:58+00:00\",\"dateModified\":\"2026-04-20T00:02:19+00:00\",\"description\":\"Sexy Zombie Damenkost\u00fcm \u2013 Gruselig, verf\u00fchrerisch & auff\u00e4llig Mit dem sexy Zombie-Kost\u00fcm f\u00fcr Damen verwandelst Du Dich in eine unwiderstehliche Untote mit St\",\"breadcrumb\":{\"@id\":\"https:\\\/\\\/schweizversand.ch\\\/en\\\/produkt\\\/dress-for-fun-kostuem-zombie-3\\\/#breadcrumb\"},\"inLanguage\":\"en-US\",\"potentialAction\":[{\"@type\":\"ReadAction\",\"target\":[\"https:\\\/\\\/schweizversand.ch\\\/en\\\/produkt\\\/dress-for-fun-kostuem-zombie-3\\\/\"]}]},{\"@type\":\"ImageObject\",\"inLanguage\":\"en-US\",\"@id\":\"https:\\\/\\\/schweizversand.ch\\\/en\\\/produkt\\\/dress-for-fun-kostuem-zombie-3\\\/#primaryimage\",\"url\":\"https:\\\/\\\/schweizversand.ch\\\/wp-content\\\/uploads\\\/2026\\\/02\\\/5471998515.jpg\",\"contentUrl\":\"https:\\\/\\\/schweizversand.ch\\\/wp-content\\\/uploads\\\/2026\\\/02\\\/5471998515.jpg\",\"width\":333,\"height\":1024},{\"@type\":\"BreadcrumbList\",\"@id\":\"https:\\\/\\\/schweizversand.ch\\\/en\\\/produkt\\\/dress-for-fun-kostuem-zombie-3\\\/#breadcrumb\",\"itemListElement\":[{\"@type\":\"ListItem\",\"position\":1,\"name\":\"Startseite\",\"item\":\"https:\\\/\\\/schweizversand.ch\\\/en\\\/\"},{\"@type\":\"ListItem\",\"position\":2,\"name\":\"Shop\",\"item\":\"https:\\\/\\\/schweizversand.ch\\\/en\\\/shop\\\/\"},{\"@type\":\"ListItem\",\"position\":3,\"name\":\"Fashion\",\"item\":\"https:\\\/\\\/schweizversand.ch\\\/en\\\/produkt-kategorie\\\/fashion\\\/\"},{\"@type\":\"ListItem\",\"position\":4,\"name\":\"Unisex Fashion\",\"item\":\"https:\\\/\\\/schweizversand.ch\\\/en\\\/produkt-kategorie\\\/fashion\\\/unisex-fashion\\\/\"},{\"@type\":\"ListItem\",\"position\":5,\"name\":\"Costumes\",\"item\":\"https:\\\/\\\/schweizversand.ch\\\/en\\\/produkt-kategorie\\\/fashion\\\/unisex-fashion\\\/kostueme\\\/\"},{\"@type\":\"ListItem\",\"position\":6,\"name\":\"Dress for fun costume &#8222;Zombie&#8220;\"}]},{\"@type\":\"WebSite\",\"@id\":\"https:\\\/\\\/schweizversand.ch\\\/en\\\/#website\",\"url\":\"https:\\\/\\\/schweizversand.ch\\\/en\\\/\",\"name\":\"Schweizer Shop f\u00fcr Sport, Spiel und Freizeit\",\"description\":\"Gratisversand ab 50.- (netto), ab eigenem schweizer Lager, Lieferung innert 48h\",\"publisher\":{\"@id\":\"https:\\\/\\\/schweizversand.ch\\\/en\\\/#organization\"},\"alternateName\":\"Schweizversand.ch\",\"potentialAction\":[{\"@type\":\"SearchAction\",\"target\":{\"@type\":\"EntryPoint\",\"urlTemplate\":\"https:\\\/\\\/schweizversand.ch\\\/en\\\/?s={search_term_string}\"},\"query-input\":{\"@type\":\"PropertyValueSpecification\",\"valueRequired\":true,\"valueName\":\"search_term_string\"}}],\"inLanguage\":\"en-US\"},{\"@type\":\"Organization\",\"@id\":\"https:\\\/\\\/schweizversand.ch\\\/en\\\/#organization\",\"name\":\"Schweizversand.ch\",\"url\":\"https:\\\/\\\/schweizversand.ch\\\/en\\\/\",\"logo\":{\"@type\":\"ImageObject\",\"inLanguage\":\"en-US\",\"@id\":\"https:\\\/\\\/schweizversand.ch\\\/en\\\/#\\\/schema\\\/logo\\\/image\\\/\",\"url\":\"https:\\\/\\\/schweizversand.ch\\\/wp-content\\\/uploads\\\/2026\\\/03\\\/Logo_Rund_Final-1.png\",\"contentUrl\":\"https:\\\/\\\/schweizversand.ch\\\/wp-content\\\/uploads\\\/2026\\\/03\\\/Logo_Rund_Final-1.png\",\"width\":404,\"height\":404,\"caption\":\"Schweizversand.ch\"},\"image\":{\"@id\":\"https:\\\/\\\/schweizversand.ch\\\/en\\\/#\\\/schema\\\/logo\\\/image\\\/\"},\"sameAs\":[\"https:\\\/\\\/www.facebook.com\\\/Schweizversand\",\"https:\\\/\\\/www.instagram.com\\\/schweizversand.ch\\\/\"]}]}<\/script>\n<!-- \/ Yoast SEO plugin. -->","yoast_head_json":{"title":"Dress for fun Kost\u00fcm \"Zombie\"","description":"Sexy Zombie Damenkost\u00fcm \u2013 Gruselig, verf\u00fchrerisch & auff\u00e4llig Mit dem sexy Zombie-Kost\u00fcm f\u00fcr Damen verwandelst Du Dich in eine unwiderstehliche Untote mit St","robots":{"index":"index","follow":"follow","max-snippet":"max-snippet:-1","max-image-preview":"max-image-preview:large","max-video-preview":"max-video-preview:-1"},"canonical":"https:\/\/schweizversand.ch\/en\/produkt\/dress-for-fun-kostuem-zombie-3\/","og_locale":"en_US","og_type":"article","og_title":"Dress for fun Kost\u00fcm \"Zombie\"","og_description":"Sexy Zombie Damenkost\u00fcm \u2013 Gruselig, verf\u00fchrerisch & auff\u00e4llig Mit dem sexy Zombie-Kost\u00fcm f\u00fcr Damen verwandelst Du Dich in eine unwiderstehliche Untote mit St","og_url":"https:\/\/schweizversand.ch\/en\/produkt\/dress-for-fun-kostuem-zombie-3\/","og_site_name":"Schweizer Shop f\u00fcr Sport, Spiel und Freizeit","article_publisher":"https:\/\/www.facebook.com\/Schweizversand","article_modified_time":"2026-04-20T00:02:19+00:00","og_image":[{"width":333,"height":1024,"url":"https:\/\/schweizversand.ch\/wp-content\/uploads\/2026\/02\/5471998515.jpg","type":"image\/jpeg"}],"twitter_card":"summary_large_image","twitter_misc":{"Est. reading time":"1 minute"},"schema":{"@context":"https:\/\/schema.org","@graph":[{"@type":"WebPage","@id":"https:\/\/schweizversand.ch\/en\/produkt\/dress-for-fun-kostuem-zombie-3\/","url":"https:\/\/schweizversand.ch\/en\/produkt\/dress-for-fun-kostuem-zombie-3\/","name":"Dress for fun Kost\u00fcm \"Zombie\"","isPartOf":{"@id":"https:\/\/schweizversand.ch\/en\/#website"},"primaryImageOfPage":{"@id":"https:\/\/schweizversand.ch\/en\/produkt\/dress-for-fun-kostuem-zombie-3\/#primaryimage"},"image":{"@id":"https:\/\/schweizversand.ch\/en\/produkt\/dress-for-fun-kostuem-zombie-3\/#primaryimage"},"thumbnailUrl":"https:\/\/schweizversand.ch\/wp-content\/uploads\/2026\/02\/5471998515.jpg","datePublished":"2026-03-14T23:28:58+00:00","dateModified":"2026-04-20T00:02:19+00:00","description":"Sexy Zombie Damenkost\u00fcm \u2013 Gruselig, verf\u00fchrerisch & auff\u00e4llig Mit dem sexy Zombie-Kost\u00fcm f\u00fcr Damen verwandelst Du Dich in eine unwiderstehliche Untote mit St","breadcrumb":{"@id":"https:\/\/schweizversand.ch\/en\/produkt\/dress-for-fun-kostuem-zombie-3\/#breadcrumb"},"inLanguage":"en-US","potentialAction":[{"@type":"ReadAction","target":["https:\/\/schweizversand.ch\/en\/produkt\/dress-for-fun-kostuem-zombie-3\/"]}]},{"@type":"ImageObject","inLanguage":"en-US","@id":"https:\/\/schweizversand.ch\/en\/produkt\/dress-for-fun-kostuem-zombie-3\/#primaryimage","url":"https:\/\/schweizversand.ch\/wp-content\/uploads\/2026\/02\/5471998515.jpg","contentUrl":"https:\/\/schweizversand.ch\/wp-content\/uploads\/2026\/02\/5471998515.jpg","width":333,"height":1024},{"@type":"BreadcrumbList","@id":"https:\/\/schweizversand.ch\/en\/produkt\/dress-for-fun-kostuem-zombie-3\/#breadcrumb","itemListElement":[{"@type":"ListItem","position":1,"name":"Startseite","item":"https:\/\/schweizversand.ch\/en\/"},{"@type":"ListItem","position":2,"name":"Shop","item":"https:\/\/schweizversand.ch\/en\/shop\/"},{"@type":"ListItem","position":3,"name":"Fashion","item":"https:\/\/schweizversand.ch\/en\/produkt-kategorie\/fashion\/"},{"@type":"ListItem","position":4,"name":"Unisex Fashion","item":"https:\/\/schweizversand.ch\/en\/produkt-kategorie\/fashion\/unisex-fashion\/"},{"@type":"ListItem","position":5,"name":"Costumes","item":"https:\/\/schweizversand.ch\/en\/produkt-kategorie\/fashion\/unisex-fashion\/kostueme\/"},{"@type":"ListItem","position":6,"name":"Dress for fun costume &#8222;Zombie&#8220;"}]},{"@type":"WebSite","@id":"https:\/\/schweizversand.ch\/en\/#website","url":"https:\/\/schweizversand.ch\/en\/","name":"Schweizer Shop f\u00fcr Sport, Spiel und Freizeit","description":"Gratisversand ab 50.- (netto), ab eigenem schweizer Lager, Lieferung innert 48h","publisher":{"@id":"https:\/\/schweizversand.ch\/en\/#organization"},"alternateName":"Schweizversand.ch","potentialAction":[{"@type":"SearchAction","target":{"@type":"EntryPoint","urlTemplate":"https:\/\/schweizversand.ch\/en\/?s={search_term_string}"},"query-input":{"@type":"PropertyValueSpecification","valueRequired":true,"valueName":"search_term_string"}}],"inLanguage":"en-US"},{"@type":"Organization","@id":"https:\/\/schweizversand.ch\/en\/#organization","name":"Schweizversand.ch","url":"https:\/\/schweizversand.ch\/en\/","logo":{"@type":"ImageObject","inLanguage":"en-US","@id":"https:\/\/schweizversand.ch\/en\/#\/schema\/logo\/image\/","url":"https:\/\/schweizversand.ch\/wp-content\/uploads\/2026\/03\/Logo_Rund_Final-1.png","contentUrl":"https:\/\/schweizversand.ch\/wp-content\/uploads\/2026\/03\/Logo_Rund_Final-1.png","width":404,"height":404,"caption":"Schweizversand.ch"},"image":{"@id":"https:\/\/schweizversand.ch\/en\/#\/schema\/logo\/image\/"},"sameAs":["https:\/\/www.facebook.com\/Schweizversand","https:\/\/www.instagram.com\/schweizversand.ch\/"]}]}},"jetpack_sharing_enabled":true,"_links":{"self":[{"href":"https:\/\/schweizversand.ch\/en\/wp-json\/wp\/v2\/product\/249584","targetHints":{"allow":["GET"]}}],"collection":[{"href":"https:\/\/schweizversand.ch\/en\/wp-json\/wp\/v2\/product"}],"about":[{"href":"https:\/\/schweizversand.ch\/en\/wp-json\/wp\/v2\/types\/product"}],"replies":[{"embeddable":true,"href":"https:\/\/schweizversand.ch\/en\/wp-json\/wp\/v2\/comments?post=249584"}],"wp:featuredmedia":[{"embeddable":true,"href":"https:\/\/schweizversand.ch\/en\/wp-json\/wp\/v2\/media\/257377"}],"wp:attachment":[{"href":"https:\/\/schweizversand.ch\/en\/wp-json\/wp\/v2\/media?parent=249584"}],"wp:term":[{"taxonomy":"product_brand","embeddable":true,"href":"https:\/\/schweizversand.ch\/en\/wp-json\/wp\/v2\/product_brand?post=249584"},{"taxonomy":"product_cat","embeddable":true,"href":"https:\/\/schweizversand.ch\/en\/wp-json\/wp\/v2\/product_cat?post=249584"},{"taxonomy":"product_tag","embeddable":true,"href":"https:\/\/schweizversand.ch\/en\/wp-json\/wp\/v2\/product_tag?post=249584"}],"curies":[{"name":"wp","href":"https:\/\/api.w.org\/{rel}","templated":true}]}}