{"id":251675,"date":"2026-03-14T23:49:14","date_gmt":"2026-03-14T22:49:14","guid":{"rendered":"https:\/\/schweizversand.ch\/produkt\/pro-garden-insektenschutz-vorhang-fuer-die-tuer\/"},"modified":"2026-04-20T15:31:31","modified_gmt":"2026-04-20T13:31:31","slug":"pro-garden-insektenschutz-vorhang-fuer-die-tuer","status":"publish","type":"product","link":"https:\/\/schweizversand.ch\/en\/produkt\/pro-garden-insektenschutz-vorhang-fuer-die-tuer\/","title":{"rendered":"Pro Garden Insect Screen Curtain for Doors"},"content":{"rendered":"<h1><strong>Pro Garden Insect Screen Door Curtain \u2013 Magnetic and Drill-Free<\/strong><\/h1>\n<div>No more annoying insects! With the <strong>Pro Garden Insect Screen Door Curtain<\/strong>, you secure an effective and convenient solution to keep your home, balcony, or <strong>caravan<\/strong> mosquito-free. This practical <strong>no-drill fly screen door<\/strong> combines maximum functionality with incredibly easy installation.<\/p>\n<\/div>\n<div><strong>Perfect protection and easy handling<\/strong><br \/>This two-part <strong>magnetic insect screen curtain<\/strong> reliably prevents flies, mosquitoes, and other pests from entering. Thanks to the self-closing function, the curtain closes immediately after each passage, ensuring protection at all times. This makes it ideal for households with children and pets, who can easily come and go. Installation without drilling: Installing the <strong>balcony door fly screen curtain<\/strong> is incredibly easy and requires no tools whatsoever. You don&#8217;t need to drill or screw anything. The insect screen door curtain is quick and easy to attach using the adhesive backing, making it the perfect, residue-free solution for rental apartments and temporary use. Product Features and Dimensions: &#8211; Material: Durable polyester &#8211; Curtain design: Two-piece, magnetically self-closing &#8211; Dimensions per curtain: approx. 75 cm x 220 cm (total width approx. 150 cm) &#8211; Adhesive strip length: approx. 600 cm &#8211; Installation: Completely drill-free, ideal as a mosquito screen door. Get your Pro Garden insect screen door curtain now and enjoy summer to the fullest \u2013 with fresh air, but without unwanted guests.<\/p>\n","protected":false},"excerpt":{"rendered":"<p>Pro Garden Insect Screen Door Curtain \u2013 Magnetic and Drill-Free No more annoying insects! With the Pro Garden Insect Screen Door Curtain, you secure an effective and convenient solution to keep your home, balcony, or caravan mosquito-free. This practical no-drill fly screen door combines maximum functionality with incredibly easy installation. Perfect protection and easy handlingThis two-part magnetic insect screen curtain reliably prevents flies, mosquitoes, and other pests from entering. Thanks to the self-closing function, the&hellip;<\/p>\n","protected":false},"featured_media":230487,"comment_status":"open","ping_status":"closed","template":"","meta":[],"product_brand":[],"product_cat":[38698,38259,38740],"product_tag":[],"class_list":{"0":"post-251675","1":"product","2":"type-product","3":"status-publish","4":"has-post-thumbnail","6":"product_cat-insektenschutz-2","7":"product_cat-insektenschutz","9":"product_shipping_class-global_methods","11":"first","12":"instock","13":"taxable","14":"shipping-taxable","15":"purchasable","16":"product-type-simple"},"yoast_head":"<!-- This site is optimized with the Yoast SEO plugin v27.4 - https:\/\/yoast.com\/product\/yoast-seo-wordpress\/ -->\n<title>Pro Garden Insektenschutz Vorhang f\u00fcr die T\u00fcr | Jetzt kaufen | Schweizversand.ch<\/title>\n<meta name=\"description\" content=\"Pro Garden Insektenschutz Vorhang f\u00fcr die T\u00fcr g\u00fcnstig kaufen bei Schweizversand.ch. Schnelle Lieferung in der Schweiz. Gratisversand ab CHF 50.\" \/>\n<meta name=\"robots\" content=\"index, follow, max-snippet:-1, max-image-preview:large, max-video-preview:-1\" \/>\n<link rel=\"canonical\" href=\"https:\/\/schweizversand.ch\/en\/produkt\/pro-garden-insektenschutz-vorhang-fuer-die-tuer\/\" \/>\n<meta property=\"og:locale\" content=\"en_US\" \/>\n<meta property=\"og:type\" content=\"article\" \/>\n<meta property=\"og:title\" content=\"Pro Garden Insektenschutz Vorhang f\u00fcr die T\u00fcr | Jetzt kaufen | Schweizversand.ch\" \/>\n<meta property=\"og:description\" content=\"Pro Garden Insektenschutz Vorhang f\u00fcr die T\u00fcr g\u00fcnstig kaufen bei Schweizversand.ch. Schnelle Lieferung in der Schweiz. Gratisversand ab CHF 50.\" \/>\n<meta property=\"og:url\" content=\"https:\/\/schweizversand.ch\/en\/produkt\/pro-garden-insektenschutz-vorhang-fuer-die-tuer\/\" \/>\n<meta property=\"og:site_name\" content=\"Schweizer Shop f\u00fcr Sport, Spiel und Freizeit\" \/>\n<meta property=\"article:publisher\" content=\"https:\/\/www.facebook.com\/Schweizversand\" \/>\n<meta property=\"article:modified_time\" content=\"2026-04-20T13:31:31+00:00\" \/>\n<meta property=\"og:image\" content=\"https:\/\/schweizversand.ch\/wp-content\/uploads\/2026\/03\/5633133684.jpg\" \/>\n\t<meta property=\"og:image:width\" content=\"1024\" \/>\n\t<meta property=\"og:image:height\" content=\"1024\" \/>\n\t<meta property=\"og:image:type\" content=\"image\/jpeg\" \/>\n<meta name=\"twitter:card\" content=\"summary_large_image\" \/>\n<meta name=\"twitter:label1\" content=\"Est. reading time\" \/>\n\t<meta name=\"twitter:data1\" content=\"1 minute\" \/>\n<script type=\"application\/ld+json\" class=\"yoast-schema-graph\">{\"@context\":\"https:\\\/\\\/schema.org\",\"@graph\":[{\"@type\":\"WebPage\",\"@id\":\"https:\\\/\\\/schweizversand.ch\\\/en\\\/produkt\\\/pro-garden-insektenschutz-vorhang-fuer-die-tuer\\\/\",\"url\":\"https:\\\/\\\/schweizversand.ch\\\/en\\\/produkt\\\/pro-garden-insektenschutz-vorhang-fuer-die-tuer\\\/\",\"name\":\"Pro Garden Insektenschutz Vorhang f\u00fcr die T\u00fcr | Jetzt kaufen | Schweizversand.ch\",\"isPartOf\":{\"@id\":\"https:\\\/\\\/schweizversand.ch\\\/en\\\/#website\"},\"primaryImageOfPage\":{\"@id\":\"https:\\\/\\\/schweizversand.ch\\\/en\\\/produkt\\\/pro-garden-insektenschutz-vorhang-fuer-die-tuer\\\/#primaryimage\"},\"image\":{\"@id\":\"https:\\\/\\\/schweizversand.ch\\\/en\\\/produkt\\\/pro-garden-insektenschutz-vorhang-fuer-die-tuer\\\/#primaryimage\"},\"thumbnailUrl\":\"https:\\\/\\\/schweizversand.ch\\\/wp-content\\\/uploads\\\/2026\\\/03\\\/5633133684.jpg\",\"datePublished\":\"2026-03-14T22:49:14+00:00\",\"dateModified\":\"2026-04-20T13:31:31+00:00\",\"description\":\"Pro Garden Insektenschutz Vorhang f\u00fcr die T\u00fcr g\u00fcnstig kaufen bei Schweizversand.ch. Schnelle Lieferung in der Schweiz. Gratisversand ab CHF 50.\",\"breadcrumb\":{\"@id\":\"https:\\\/\\\/schweizversand.ch\\\/en\\\/produkt\\\/pro-garden-insektenschutz-vorhang-fuer-die-tuer\\\/#breadcrumb\"},\"inLanguage\":\"en-US\",\"potentialAction\":[{\"@type\":\"ReadAction\",\"target\":[\"https:\\\/\\\/schweizversand.ch\\\/en\\\/produkt\\\/pro-garden-insektenschutz-vorhang-fuer-die-tuer\\\/\"]}]},{\"@type\":\"ImageObject\",\"inLanguage\":\"en-US\",\"@id\":\"https:\\\/\\\/schweizversand.ch\\\/en\\\/produkt\\\/pro-garden-insektenschutz-vorhang-fuer-die-tuer\\\/#primaryimage\",\"url\":\"https:\\\/\\\/schweizversand.ch\\\/wp-content\\\/uploads\\\/2026\\\/03\\\/5633133684.jpg\",\"contentUrl\":\"https:\\\/\\\/schweizversand.ch\\\/wp-content\\\/uploads\\\/2026\\\/03\\\/5633133684.jpg\",\"width\":1024,\"height\":1024},{\"@type\":\"BreadcrumbList\",\"@id\":\"https:\\\/\\\/schweizversand.ch\\\/en\\\/produkt\\\/pro-garden-insektenschutz-vorhang-fuer-die-tuer\\\/#breadcrumb\",\"itemListElement\":[{\"@type\":\"ListItem\",\"position\":1,\"name\":\"Startseite\",\"item\":\"https:\\\/\\\/schweizversand.ch\\\/en\\\/\"},{\"@type\":\"ListItem\",\"position\":2,\"name\":\"Shop\",\"item\":\"https:\\\/\\\/schweizversand.ch\\\/en\\\/shop\\\/\"},{\"@type\":\"ListItem\",\"position\":3,\"name\":\"Home &amp; Garden\",\"item\":\"https:\\\/\\\/schweizversand.ch\\\/en\\\/produkt-kategorie\\\/home-garden\\\/\"},{\"@type\":\"ListItem\",\"position\":4,\"name\":\"Horticulture &amp; Technology\",\"item\":\"https:\\\/\\\/schweizversand.ch\\\/en\\\/produkt-kategorie\\\/home-garden\\\/horticulture-technology\\\/\"},{\"@type\":\"ListItem\",\"position\":5,\"name\":\"Insect Protection\",\"item\":\"https:\\\/\\\/schweizversand.ch\\\/en\\\/produkt-kategorie\\\/home-garden\\\/horticulture-technology\\\/insektenschutz-2\\\/\"},{\"@type\":\"ListItem\",\"position\":6,\"name\":\"Pro Garden Insect Screen Curtain for Doors\"}]},{\"@type\":\"WebSite\",\"@id\":\"https:\\\/\\\/schweizversand.ch\\\/en\\\/#website\",\"url\":\"https:\\\/\\\/schweizversand.ch\\\/en\\\/\",\"name\":\"Schweizer Shop f\u00fcr Sport, Spiel und Freizeit\",\"description\":\"Gratisversand ab 50.- (netto), ab eigenem schweizer Lager, Lieferung innert 48h\",\"publisher\":{\"@id\":\"https:\\\/\\\/schweizversand.ch\\\/en\\\/#organization\"},\"alternateName\":\"Schweizversand.ch\",\"potentialAction\":[{\"@type\":\"SearchAction\",\"target\":{\"@type\":\"EntryPoint\",\"urlTemplate\":\"https:\\\/\\\/schweizversand.ch\\\/en\\\/?s={search_term_string}\"},\"query-input\":{\"@type\":\"PropertyValueSpecification\",\"valueRequired\":true,\"valueName\":\"search_term_string\"}}],\"inLanguage\":\"en-US\"},{\"@type\":\"Organization\",\"@id\":\"https:\\\/\\\/schweizversand.ch\\\/en\\\/#organization\",\"name\":\"Schweizversand.ch\",\"url\":\"https:\\\/\\\/schweizversand.ch\\\/en\\\/\",\"logo\":{\"@type\":\"ImageObject\",\"inLanguage\":\"en-US\",\"@id\":\"https:\\\/\\\/schweizversand.ch\\\/en\\\/#\\\/schema\\\/logo\\\/image\\\/\",\"url\":\"https:\\\/\\\/schweizversand.ch\\\/wp-content\\\/uploads\\\/2026\\\/03\\\/Logo_Rund_Final-1.png\",\"contentUrl\":\"https:\\\/\\\/schweizversand.ch\\\/wp-content\\\/uploads\\\/2026\\\/03\\\/Logo_Rund_Final-1.png\",\"width\":404,\"height\":404,\"caption\":\"Schweizversand.ch\"},\"image\":{\"@id\":\"https:\\\/\\\/schweizversand.ch\\\/en\\\/#\\\/schema\\\/logo\\\/image\\\/\"},\"sameAs\":[\"https:\\\/\\\/www.facebook.com\\\/Schweizversand\",\"https:\\\/\\\/www.instagram.com\\\/schweizversand.ch\\\/\"]}]}<\/script>\n<!-- \/ Yoast SEO plugin. -->","yoast_head_json":{"title":"Pro Garden Insektenschutz Vorhang f\u00fcr die T\u00fcr | Jetzt kaufen | Schweizversand.ch","description":"Pro Garden Insektenschutz Vorhang f\u00fcr die T\u00fcr g\u00fcnstig kaufen bei Schweizversand.ch. Schnelle Lieferung in der Schweiz. Gratisversand ab CHF 50.","robots":{"index":"index","follow":"follow","max-snippet":"max-snippet:-1","max-image-preview":"max-image-preview:large","max-video-preview":"max-video-preview:-1"},"canonical":"https:\/\/schweizversand.ch\/en\/produkt\/pro-garden-insektenschutz-vorhang-fuer-die-tuer\/","og_locale":"en_US","og_type":"article","og_title":"Pro Garden Insektenschutz Vorhang f\u00fcr die T\u00fcr | Jetzt kaufen | Schweizversand.ch","og_description":"Pro Garden Insektenschutz Vorhang f\u00fcr die T\u00fcr g\u00fcnstig kaufen bei Schweizversand.ch. Schnelle Lieferung in der Schweiz. Gratisversand ab CHF 50.","og_url":"https:\/\/schweizversand.ch\/en\/produkt\/pro-garden-insektenschutz-vorhang-fuer-die-tuer\/","og_site_name":"Schweizer Shop f\u00fcr Sport, Spiel und Freizeit","article_publisher":"https:\/\/www.facebook.com\/Schweizversand","article_modified_time":"2026-04-20T13:31:31+00:00","og_image":[{"width":1024,"height":1024,"url":"https:\/\/schweizversand.ch\/wp-content\/uploads\/2026\/03\/5633133684.jpg","type":"image\/jpeg"}],"twitter_card":"summary_large_image","twitter_misc":{"Est. reading time":"1 minute"},"schema":{"@context":"https:\/\/schema.org","@graph":[{"@type":"WebPage","@id":"https:\/\/schweizversand.ch\/en\/produkt\/pro-garden-insektenschutz-vorhang-fuer-die-tuer\/","url":"https:\/\/schweizversand.ch\/en\/produkt\/pro-garden-insektenschutz-vorhang-fuer-die-tuer\/","name":"Pro Garden Insektenschutz Vorhang f\u00fcr die T\u00fcr | Jetzt kaufen | Schweizversand.ch","isPartOf":{"@id":"https:\/\/schweizversand.ch\/en\/#website"},"primaryImageOfPage":{"@id":"https:\/\/schweizversand.ch\/en\/produkt\/pro-garden-insektenschutz-vorhang-fuer-die-tuer\/#primaryimage"},"image":{"@id":"https:\/\/schweizversand.ch\/en\/produkt\/pro-garden-insektenschutz-vorhang-fuer-die-tuer\/#primaryimage"},"thumbnailUrl":"https:\/\/schweizversand.ch\/wp-content\/uploads\/2026\/03\/5633133684.jpg","datePublished":"2026-03-14T22:49:14+00:00","dateModified":"2026-04-20T13:31:31+00:00","description":"Pro Garden Insektenschutz Vorhang f\u00fcr die T\u00fcr g\u00fcnstig kaufen bei Schweizversand.ch. Schnelle Lieferung in der Schweiz. Gratisversand ab CHF 50.","breadcrumb":{"@id":"https:\/\/schweizversand.ch\/en\/produkt\/pro-garden-insektenschutz-vorhang-fuer-die-tuer\/#breadcrumb"},"inLanguage":"en-US","potentialAction":[{"@type":"ReadAction","target":["https:\/\/schweizversand.ch\/en\/produkt\/pro-garden-insektenschutz-vorhang-fuer-die-tuer\/"]}]},{"@type":"ImageObject","inLanguage":"en-US","@id":"https:\/\/schweizversand.ch\/en\/produkt\/pro-garden-insektenschutz-vorhang-fuer-die-tuer\/#primaryimage","url":"https:\/\/schweizversand.ch\/wp-content\/uploads\/2026\/03\/5633133684.jpg","contentUrl":"https:\/\/schweizversand.ch\/wp-content\/uploads\/2026\/03\/5633133684.jpg","width":1024,"height":1024},{"@type":"BreadcrumbList","@id":"https:\/\/schweizversand.ch\/en\/produkt\/pro-garden-insektenschutz-vorhang-fuer-die-tuer\/#breadcrumb","itemListElement":[{"@type":"ListItem","position":1,"name":"Startseite","item":"https:\/\/schweizversand.ch\/en\/"},{"@type":"ListItem","position":2,"name":"Shop","item":"https:\/\/schweizversand.ch\/en\/shop\/"},{"@type":"ListItem","position":3,"name":"Home &amp; Garden","item":"https:\/\/schweizversand.ch\/en\/produkt-kategorie\/home-garden\/"},{"@type":"ListItem","position":4,"name":"Horticulture &amp; Technology","item":"https:\/\/schweizversand.ch\/en\/produkt-kategorie\/home-garden\/horticulture-technology\/"},{"@type":"ListItem","position":5,"name":"Insect Protection","item":"https:\/\/schweizversand.ch\/en\/produkt-kategorie\/home-garden\/horticulture-technology\/insektenschutz-2\/"},{"@type":"ListItem","position":6,"name":"Pro Garden Insect Screen Curtain for Doors"}]},{"@type":"WebSite","@id":"https:\/\/schweizversand.ch\/en\/#website","url":"https:\/\/schweizversand.ch\/en\/","name":"Schweizer Shop f\u00fcr Sport, Spiel und Freizeit","description":"Gratisversand ab 50.- (netto), ab eigenem schweizer Lager, Lieferung innert 48h","publisher":{"@id":"https:\/\/schweizversand.ch\/en\/#organization"},"alternateName":"Schweizversand.ch","potentialAction":[{"@type":"SearchAction","target":{"@type":"EntryPoint","urlTemplate":"https:\/\/schweizversand.ch\/en\/?s={search_term_string}"},"query-input":{"@type":"PropertyValueSpecification","valueRequired":true,"valueName":"search_term_string"}}],"inLanguage":"en-US"},{"@type":"Organization","@id":"https:\/\/schweizversand.ch\/en\/#organization","name":"Schweizversand.ch","url":"https:\/\/schweizversand.ch\/en\/","logo":{"@type":"ImageObject","inLanguage":"en-US","@id":"https:\/\/schweizversand.ch\/en\/#\/schema\/logo\/image\/","url":"https:\/\/schweizversand.ch\/wp-content\/uploads\/2026\/03\/Logo_Rund_Final-1.png","contentUrl":"https:\/\/schweizversand.ch\/wp-content\/uploads\/2026\/03\/Logo_Rund_Final-1.png","width":404,"height":404,"caption":"Schweizversand.ch"},"image":{"@id":"https:\/\/schweizversand.ch\/en\/#\/schema\/logo\/image\/"},"sameAs":["https:\/\/www.facebook.com\/Schweizversand","https:\/\/www.instagram.com\/schweizversand.ch\/"]}]}},"jetpack_sharing_enabled":true,"_links":{"self":[{"href":"https:\/\/schweizversand.ch\/en\/wp-json\/wp\/v2\/product\/251675","targetHints":{"allow":["GET"]}}],"collection":[{"href":"https:\/\/schweizversand.ch\/en\/wp-json\/wp\/v2\/product"}],"about":[{"href":"https:\/\/schweizversand.ch\/en\/wp-json\/wp\/v2\/types\/product"}],"replies":[{"embeddable":true,"href":"https:\/\/schweizversand.ch\/en\/wp-json\/wp\/v2\/comments?post=251675"}],"wp:featuredmedia":[{"embeddable":true,"href":"https:\/\/schweizversand.ch\/en\/wp-json\/wp\/v2\/media\/230487"}],"wp:attachment":[{"href":"https:\/\/schweizversand.ch\/en\/wp-json\/wp\/v2\/media?parent=251675"}],"wp:term":[{"taxonomy":"product_brand","embeddable":true,"href":"https:\/\/schweizversand.ch\/en\/wp-json\/wp\/v2\/product_brand?post=251675"},{"taxonomy":"product_cat","embeddable":true,"href":"https:\/\/schweizversand.ch\/en\/wp-json\/wp\/v2\/product_cat?post=251675"},{"taxonomy":"product_tag","embeddable":true,"href":"https:\/\/schweizversand.ch\/en\/wp-json\/wp\/v2\/product_tag?post=251675"}],"curies":[{"name":"wp","href":"https:\/\/api.w.org\/{rel}","templated":true}]}}