{"id":251709,"date":"2026-03-15T00:27:51","date_gmt":"2026-03-14T23:27:51","guid":{"rendered":"https:\/\/schweizversand.ch\/produkt\/joy-fragrances-auto-lufterfrischer-3\/"},"modified":"2026-04-19T02:08:30","modified_gmt":"2026-04-19T00:08:30","slug":"joy-fragrances-auto-lufterfrischer-3","status":"publish","type":"product","link":"https:\/\/schweizversand.ch\/en\/produkt\/joy-fragrances-auto-lufterfrischer-3\/","title":{"rendered":"Joy Fragrances Auto-Lufterfrischer"},"content":{"rendered":"<h1><strong>Mr&amp;Mrs Fragrance NIKI \u2013 Auto Lufterfrischer Black Orchid<\/strong><\/h1>\n<div>Verleihen Sie Ihrem Fahrzeug eine ganz besondere Note mit dem <strong>Mr&amp;Mrs Fragrance NIKI Auto Lufterfrischer<\/strong>. Dieses charmante <strong>Auto Duftm\u00e4nnchen<\/strong> ist nicht nur ein stilvolles Accessoire, sondern sorgt auch f\u00fcr einen langanhaltend angenehmen Duft in Ihrem <strong>Auto Innenraum<\/strong>.<\/p>\n<\/div>\n<div><strong>Einzigartiges Design und einfache Anwendung<\/strong><br \/>Der NIKI <strong>Auto Lufterfrischer<\/strong> besticht durch sein <strong>stylishes Design<\/strong> und l\u00e4sst sich m\u00fchelos an jeder L\u00fcftungsd\u00fcse befestigen. So ist Ihr <strong>Auto Duft<\/strong> stets pr\u00e4sent und verteilt sich optimal im gesamten Fahrzeug.<\/p>\n<\/div>\n<div><strong>Nachhaltigkeit und Duft<\/strong><br \/>NIKI ist ein <strong>nachf\u00fcllbarer Auto Duft<\/strong>, was ihn zu einer <strong>nachhaltigen Wahl<\/strong> macht. Dieser spezielle NIKI wird mit dem faszinierenden Duft <strong>Black Orchid<\/strong> geliefert, der eine luxuri\u00f6se und einladende Atmosph\u00e4re schafft. Erleben Sie, wie der <strong>Auto Duft<\/strong> NIKI Ihr Fahrerlebnis bereichert und immer wieder f\u00fcr Frische sorgt.<\/p>\n<\/div>\n<div>Entdecken Sie den Unterschied, den ein hochwertiger <strong>Auto Duft<\/strong> wie NIKI in Ihrem Fahrzeug machen kann, und geniessen Sie jede Fahrt in vollen Z\u00fcgen.<\/p>\n<\/div>\n<div>\n<\/div>\n","protected":false},"excerpt":{"rendered":"<p>Joy Fragrances Auto-Lufterfrischer NIKI sorgt mit Black Orchid Duft f\u00fcr frische Luft, stylishes Design und nachhaltige Nachf\u00fcllbarkeit \u2013 der perfekte Begleiter f\u00fcr Ihr Auto.<\/p>\n","protected":false},"featured_media":158421,"comment_status":"open","ping_status":"closed","template":"","meta":[],"product_brand":[],"product_cat":[39033],"product_tag":[],"class_list":{"0":"post-251709","1":"product","2":"type-product","3":"status-publish","4":"has-post-thumbnail","6":"product_cat-diverse","7":"product_shipping_class-global_methods","9":"first","10":"instock","11":"taxable","12":"shipping-taxable","13":"purchasable","14":"product-type-simple"},"yoast_head":"<!-- This site is optimized with the Yoast SEO plugin v27.4 - https:\/\/yoast.com\/product\/yoast-seo-wordpress\/ -->\n<title>Joy Fragrances Auto-Lufterfrischer<\/title>\n<meta name=\"description\" content=\"Frischer Duft trifft stylishes Design \u2013 NIKI von Mr&amp;Mrs Fragrance Ein blitzblankes Auto verdient nicht nur einen gl\u00e4nzenden Auftritt, sondern auch einen angene\" \/>\n<meta name=\"robots\" content=\"index, follow, max-snippet:-1, max-image-preview:large, max-video-preview:-1\" \/>\n<link rel=\"canonical\" href=\"https:\/\/schweizversand.ch\/en\/produkt\/joy-fragrances-auto-lufterfrischer-3\/\" \/>\n<meta property=\"og:locale\" content=\"en_US\" \/>\n<meta property=\"og:type\" content=\"article\" \/>\n<meta property=\"og:title\" content=\"Joy Fragrances Auto-Lufterfrischer\" \/>\n<meta property=\"og:description\" content=\"Frischer Duft trifft stylishes Design \u2013 NIKI von Mr&amp;Mrs Fragrance Ein blitzblankes Auto verdient nicht nur einen gl\u00e4nzenden Auftritt, sondern auch einen angene\" \/>\n<meta property=\"og:url\" content=\"https:\/\/schweizversand.ch\/en\/produkt\/joy-fragrances-auto-lufterfrischer-3\/\" \/>\n<meta property=\"og:site_name\" content=\"Schweizer Shop f\u00fcr Sport, Spiel und Freizeit\" \/>\n<meta property=\"article:publisher\" content=\"https:\/\/www.facebook.com\/Schweizversand\" \/>\n<meta property=\"article:modified_time\" content=\"2026-04-19T00:08:30+00:00\" \/>\n<meta property=\"og:image\" content=\"https:\/\/schweizversand.ch\/wp-content\/uploads\/2026\/02\/5471870169.jpg\" \/>\n\t<meta property=\"og:image:width\" content=\"798\" \/>\n\t<meta property=\"og:image:height\" content=\"1024\" \/>\n\t<meta property=\"og:image:type\" content=\"image\/jpeg\" \/>\n<meta name=\"twitter:card\" content=\"summary_large_image\" \/>\n<meta name=\"twitter:label1\" content=\"Est. reading time\" \/>\n\t<meta name=\"twitter:data1\" content=\"1 minute\" \/>\n<script type=\"application\/ld+json\" class=\"yoast-schema-graph\">{\"@context\":\"https:\\\/\\\/schema.org\",\"@graph\":[{\"@type\":\"WebPage\",\"@id\":\"https:\\\/\\\/schweizversand.ch\\\/en\\\/produkt\\\/joy-fragrances-auto-lufterfrischer-3\\\/\",\"url\":\"https:\\\/\\\/schweizversand.ch\\\/en\\\/produkt\\\/joy-fragrances-auto-lufterfrischer-3\\\/\",\"name\":\"Joy Fragrances Auto-Lufterfrischer\",\"isPartOf\":{\"@id\":\"https:\\\/\\\/schweizversand.ch\\\/en\\\/#website\"},\"primaryImageOfPage\":{\"@id\":\"https:\\\/\\\/schweizversand.ch\\\/en\\\/produkt\\\/joy-fragrances-auto-lufterfrischer-3\\\/#primaryimage\"},\"image\":{\"@id\":\"https:\\\/\\\/schweizversand.ch\\\/en\\\/produkt\\\/joy-fragrances-auto-lufterfrischer-3\\\/#primaryimage\"},\"thumbnailUrl\":\"https:\\\/\\\/schweizversand.ch\\\/wp-content\\\/uploads\\\/2026\\\/02\\\/5471870169.jpg\",\"datePublished\":\"2026-03-14T23:27:51+00:00\",\"dateModified\":\"2026-04-19T00:08:30+00:00\",\"description\":\"Frischer Duft trifft stylishes Design \u2013 NIKI von Mr&Mrs Fragrance Ein blitzblankes Auto verdient nicht nur einen gl\u00e4nzenden Auftritt, sondern auch einen angene\",\"breadcrumb\":{\"@id\":\"https:\\\/\\\/schweizversand.ch\\\/en\\\/produkt\\\/joy-fragrances-auto-lufterfrischer-3\\\/#breadcrumb\"},\"inLanguage\":\"en-US\",\"potentialAction\":[{\"@type\":\"ReadAction\",\"target\":[\"https:\\\/\\\/schweizversand.ch\\\/en\\\/produkt\\\/joy-fragrances-auto-lufterfrischer-3\\\/\"]}]},{\"@type\":\"ImageObject\",\"inLanguage\":\"en-US\",\"@id\":\"https:\\\/\\\/schweizversand.ch\\\/en\\\/produkt\\\/joy-fragrances-auto-lufterfrischer-3\\\/#primaryimage\",\"url\":\"https:\\\/\\\/schweizversand.ch\\\/wp-content\\\/uploads\\\/2026\\\/02\\\/5471870169.jpg\",\"contentUrl\":\"https:\\\/\\\/schweizversand.ch\\\/wp-content\\\/uploads\\\/2026\\\/02\\\/5471870169.jpg\",\"width\":798,\"height\":1024},{\"@type\":\"BreadcrumbList\",\"@id\":\"https:\\\/\\\/schweizversand.ch\\\/en\\\/produkt\\\/joy-fragrances-auto-lufterfrischer-3\\\/#breadcrumb\",\"itemListElement\":[{\"@type\":\"ListItem\",\"position\":1,\"name\":\"Startseite\",\"item\":\"https:\\\/\\\/schweizversand.ch\\\/en\\\/\"},{\"@type\":\"ListItem\",\"position\":2,\"name\":\"Shop\",\"item\":\"https:\\\/\\\/schweizversand.ch\\\/en\\\/shop\\\/\"},{\"@type\":\"ListItem\",\"position\":3,\"name\":\"Vehicle Supplies\",\"item\":\"https:\\\/\\\/schweizversand.ch\\\/en\\\/produkt-kategorie\\\/vehicle-supplies\\\/\"},{\"@type\":\"ListItem\",\"position\":4,\"name\":\"Car\",\"item\":\"https:\\\/\\\/schweizversand.ch\\\/en\\\/produkt-kategorie\\\/vehicle-supplies\\\/car\\\/\"},{\"@type\":\"ListItem\",\"position\":5,\"name\":\"Miscellaneous\",\"item\":\"https:\\\/\\\/schweizversand.ch\\\/en\\\/produkt-kategorie\\\/vehicle-supplies\\\/car\\\/diverse\\\/\"},{\"@type\":\"ListItem\",\"position\":6,\"name\":\"Joy Fragrances Auto-Lufterfrischer\"}]},{\"@type\":\"WebSite\",\"@id\":\"https:\\\/\\\/schweizversand.ch\\\/en\\\/#website\",\"url\":\"https:\\\/\\\/schweizversand.ch\\\/en\\\/\",\"name\":\"Schweizer Shop f\u00fcr Sport, Spiel und Freizeit\",\"description\":\"Gratisversand ab 50.- (netto), ab eigenem schweizer Lager, Lieferung innert 48h\",\"publisher\":{\"@id\":\"https:\\\/\\\/schweizversand.ch\\\/en\\\/#organization\"},\"alternateName\":\"Schweizversand.ch\",\"potentialAction\":[{\"@type\":\"SearchAction\",\"target\":{\"@type\":\"EntryPoint\",\"urlTemplate\":\"https:\\\/\\\/schweizversand.ch\\\/en\\\/?s={search_term_string}\"},\"query-input\":{\"@type\":\"PropertyValueSpecification\",\"valueRequired\":true,\"valueName\":\"search_term_string\"}}],\"inLanguage\":\"en-US\"},{\"@type\":\"Organization\",\"@id\":\"https:\\\/\\\/schweizversand.ch\\\/en\\\/#organization\",\"name\":\"Schweizversand.ch\",\"url\":\"https:\\\/\\\/schweizversand.ch\\\/en\\\/\",\"logo\":{\"@type\":\"ImageObject\",\"inLanguage\":\"en-US\",\"@id\":\"https:\\\/\\\/schweizversand.ch\\\/en\\\/#\\\/schema\\\/logo\\\/image\\\/\",\"url\":\"https:\\\/\\\/schweizversand.ch\\\/wp-content\\\/uploads\\\/2026\\\/03\\\/Logo_Rund_Final-1.png\",\"contentUrl\":\"https:\\\/\\\/schweizversand.ch\\\/wp-content\\\/uploads\\\/2026\\\/03\\\/Logo_Rund_Final-1.png\",\"width\":404,\"height\":404,\"caption\":\"Schweizversand.ch\"},\"image\":{\"@id\":\"https:\\\/\\\/schweizversand.ch\\\/en\\\/#\\\/schema\\\/logo\\\/image\\\/\"},\"sameAs\":[\"https:\\\/\\\/www.facebook.com\\\/Schweizversand\",\"https:\\\/\\\/www.instagram.com\\\/schweizversand.ch\\\/\"]}]}<\/script>\n<!-- \/ Yoast SEO plugin. -->","yoast_head_json":{"title":"Joy Fragrances Auto-Lufterfrischer","description":"Frischer Duft trifft stylishes Design \u2013 NIKI von Mr&Mrs Fragrance Ein blitzblankes Auto verdient nicht nur einen gl\u00e4nzenden Auftritt, sondern auch einen angene","robots":{"index":"index","follow":"follow","max-snippet":"max-snippet:-1","max-image-preview":"max-image-preview:large","max-video-preview":"max-video-preview:-1"},"canonical":"https:\/\/schweizversand.ch\/en\/produkt\/joy-fragrances-auto-lufterfrischer-3\/","og_locale":"en_US","og_type":"article","og_title":"Joy Fragrances Auto-Lufterfrischer","og_description":"Frischer Duft trifft stylishes Design \u2013 NIKI von Mr&Mrs Fragrance Ein blitzblankes Auto verdient nicht nur einen gl\u00e4nzenden Auftritt, sondern auch einen angene","og_url":"https:\/\/schweizversand.ch\/en\/produkt\/joy-fragrances-auto-lufterfrischer-3\/","og_site_name":"Schweizer Shop f\u00fcr Sport, Spiel und Freizeit","article_publisher":"https:\/\/www.facebook.com\/Schweizversand","article_modified_time":"2026-04-19T00:08:30+00:00","og_image":[{"width":798,"height":1024,"url":"https:\/\/schweizversand.ch\/wp-content\/uploads\/2026\/02\/5471870169.jpg","type":"image\/jpeg"}],"twitter_card":"summary_large_image","twitter_misc":{"Est. reading time":"1 minute"},"schema":{"@context":"https:\/\/schema.org","@graph":[{"@type":"WebPage","@id":"https:\/\/schweizversand.ch\/en\/produkt\/joy-fragrances-auto-lufterfrischer-3\/","url":"https:\/\/schweizversand.ch\/en\/produkt\/joy-fragrances-auto-lufterfrischer-3\/","name":"Joy Fragrances Auto-Lufterfrischer","isPartOf":{"@id":"https:\/\/schweizversand.ch\/en\/#website"},"primaryImageOfPage":{"@id":"https:\/\/schweizversand.ch\/en\/produkt\/joy-fragrances-auto-lufterfrischer-3\/#primaryimage"},"image":{"@id":"https:\/\/schweizversand.ch\/en\/produkt\/joy-fragrances-auto-lufterfrischer-3\/#primaryimage"},"thumbnailUrl":"https:\/\/schweizversand.ch\/wp-content\/uploads\/2026\/02\/5471870169.jpg","datePublished":"2026-03-14T23:27:51+00:00","dateModified":"2026-04-19T00:08:30+00:00","description":"Frischer Duft trifft stylishes Design \u2013 NIKI von Mr&Mrs Fragrance Ein blitzblankes Auto verdient nicht nur einen gl\u00e4nzenden Auftritt, sondern auch einen angene","breadcrumb":{"@id":"https:\/\/schweizversand.ch\/en\/produkt\/joy-fragrances-auto-lufterfrischer-3\/#breadcrumb"},"inLanguage":"en-US","potentialAction":[{"@type":"ReadAction","target":["https:\/\/schweizversand.ch\/en\/produkt\/joy-fragrances-auto-lufterfrischer-3\/"]}]},{"@type":"ImageObject","inLanguage":"en-US","@id":"https:\/\/schweizversand.ch\/en\/produkt\/joy-fragrances-auto-lufterfrischer-3\/#primaryimage","url":"https:\/\/schweizversand.ch\/wp-content\/uploads\/2026\/02\/5471870169.jpg","contentUrl":"https:\/\/schweizversand.ch\/wp-content\/uploads\/2026\/02\/5471870169.jpg","width":798,"height":1024},{"@type":"BreadcrumbList","@id":"https:\/\/schweizversand.ch\/en\/produkt\/joy-fragrances-auto-lufterfrischer-3\/#breadcrumb","itemListElement":[{"@type":"ListItem","position":1,"name":"Startseite","item":"https:\/\/schweizversand.ch\/en\/"},{"@type":"ListItem","position":2,"name":"Shop","item":"https:\/\/schweizversand.ch\/en\/shop\/"},{"@type":"ListItem","position":3,"name":"Vehicle Supplies","item":"https:\/\/schweizversand.ch\/en\/produkt-kategorie\/vehicle-supplies\/"},{"@type":"ListItem","position":4,"name":"Car","item":"https:\/\/schweizversand.ch\/en\/produkt-kategorie\/vehicle-supplies\/car\/"},{"@type":"ListItem","position":5,"name":"Miscellaneous","item":"https:\/\/schweizversand.ch\/en\/produkt-kategorie\/vehicle-supplies\/car\/diverse\/"},{"@type":"ListItem","position":6,"name":"Joy Fragrances Auto-Lufterfrischer"}]},{"@type":"WebSite","@id":"https:\/\/schweizversand.ch\/en\/#website","url":"https:\/\/schweizversand.ch\/en\/","name":"Schweizer Shop f\u00fcr Sport, Spiel und Freizeit","description":"Gratisversand ab 50.- (netto), ab eigenem schweizer Lager, Lieferung innert 48h","publisher":{"@id":"https:\/\/schweizversand.ch\/en\/#organization"},"alternateName":"Schweizversand.ch","potentialAction":[{"@type":"SearchAction","target":{"@type":"EntryPoint","urlTemplate":"https:\/\/schweizversand.ch\/en\/?s={search_term_string}"},"query-input":{"@type":"PropertyValueSpecification","valueRequired":true,"valueName":"search_term_string"}}],"inLanguage":"en-US"},{"@type":"Organization","@id":"https:\/\/schweizversand.ch\/en\/#organization","name":"Schweizversand.ch","url":"https:\/\/schweizversand.ch\/en\/","logo":{"@type":"ImageObject","inLanguage":"en-US","@id":"https:\/\/schweizversand.ch\/en\/#\/schema\/logo\/image\/","url":"https:\/\/schweizversand.ch\/wp-content\/uploads\/2026\/03\/Logo_Rund_Final-1.png","contentUrl":"https:\/\/schweizversand.ch\/wp-content\/uploads\/2026\/03\/Logo_Rund_Final-1.png","width":404,"height":404,"caption":"Schweizversand.ch"},"image":{"@id":"https:\/\/schweizversand.ch\/en\/#\/schema\/logo\/image\/"},"sameAs":["https:\/\/www.facebook.com\/Schweizversand","https:\/\/www.instagram.com\/schweizversand.ch\/"]}]}},"jetpack_sharing_enabled":true,"_links":{"self":[{"href":"https:\/\/schweizversand.ch\/en\/wp-json\/wp\/v2\/product\/251709","targetHints":{"allow":["GET"]}}],"collection":[{"href":"https:\/\/schweizversand.ch\/en\/wp-json\/wp\/v2\/product"}],"about":[{"href":"https:\/\/schweizversand.ch\/en\/wp-json\/wp\/v2\/types\/product"}],"replies":[{"embeddable":true,"href":"https:\/\/schweizversand.ch\/en\/wp-json\/wp\/v2\/comments?post=251709"}],"wp:featuredmedia":[{"embeddable":true,"href":"https:\/\/schweizversand.ch\/en\/wp-json\/wp\/v2\/media\/158421"}],"wp:attachment":[{"href":"https:\/\/schweizversand.ch\/en\/wp-json\/wp\/v2\/media?parent=251709"}],"wp:term":[{"taxonomy":"product_brand","embeddable":true,"href":"https:\/\/schweizversand.ch\/en\/wp-json\/wp\/v2\/product_brand?post=251709"},{"taxonomy":"product_cat","embeddable":true,"href":"https:\/\/schweizversand.ch\/en\/wp-json\/wp\/v2\/product_cat?post=251709"},{"taxonomy":"product_tag","embeddable":true,"href":"https:\/\/schweizversand.ch\/en\/wp-json\/wp\/v2\/product_tag?post=251709"}],"curies":[{"name":"wp","href":"https:\/\/api.w.org\/{rel}","templated":true}]}}