{"id":251712,"date":"2026-03-15T00:27:51","date_gmt":"2026-03-14T23:27:51","guid":{"rendered":"https:\/\/schweizversand.ch\/produkt\/joy-fragrances-auto-lufterfrischer-6\/"},"modified":"2026-04-19T02:08:30","modified_gmt":"2026-04-19T00:08:30","slug":"joy-fragrances-auto-lufterfrischer-6","status":"publish","type":"product","link":"https:\/\/schweizversand.ch\/en\/produkt\/joy-fragrances-auto-lufterfrischer-6\/","title":{"rendered":"Joy Fragrances Auto-Lufterfrischer"},"content":{"rendered":"<p>Frischer Duft trifft stylishes Design \u2013 NIKI von Mr&amp;Mrs Fragrance<\/p>\n<p>&nbsp;Ein blitzblankes Auto verdient nicht nur einen gl\u00e4nzenden Auftritt, sondern auch einen angenehmen Duft im Innenraum. Die Duftprofis von Mr&amp;Mrs Fragrance pr\u00e4sentieren: NIKI \u2013 der coole Begleiter f\u00fcr unterwegs!<br \/>\n<br \/>Das charmante M\u00e4nnchen l\u00e4sst sich ganz einfach an jeder L\u00fcftungsd\u00fcse befestigen und sorgt sofort f\u00fcr feinste Frische im Fahrzeug. Doch NIKI kann mehr als nur gut riechen: Er ist nachf\u00fcllbar, nachhaltig und immer wieder einsatzbereit.<\/p>\n<p>Duft: Spritz<br \/>\n<br \/>NIKI \u2013 Der Duft, der mitf\u00e4hrt.<\/p>\n","protected":false},"excerpt":{"rendered":"<p>Joy Fragrances Auto-Lufterfrischer NIKI vereint stylishes Design und nachhaltige Frische. Einfach an L\u00fcftung befestigen, nachf\u00fcllbar und sorgt jederzeit f\u00fcr spritzigen Duft.<\/p>\n","protected":false},"featured_media":158431,"comment_status":"open","ping_status":"closed","template":"","meta":[],"product_brand":[],"product_cat":[39033],"product_tag":[],"class_list":{"0":"post-251712","1":"product","2":"type-product","3":"status-publish","4":"has-post-thumbnail","6":"product_cat-diverse","7":"product_shipping_class-global_methods","9":"first","10":"instock","11":"taxable","12":"shipping-taxable","13":"purchasable","14":"product-type-simple"},"yoast_head":"<!-- This site is optimized with the Yoast SEO plugin v27.4 - https:\/\/yoast.com\/product\/yoast-seo-wordpress\/ -->\n<title>Joy Fragrances Auto-Lufterfrischer<\/title>\n<meta name=\"description\" content=\"Frischer Duft trifft stylishes Design \u2013 NIKI von Mr&amp;Mrs Fragrance \u00a0Ein blitzblankes Auto verdient nicht nur einen gl\u00e4nzenden Auftritt, sondern auch einen ang\" \/>\n<meta name=\"robots\" content=\"index, follow, max-snippet:-1, max-image-preview:large, max-video-preview:-1\" \/>\n<link rel=\"canonical\" href=\"https:\/\/schweizversand.ch\/en\/produkt\/joy-fragrances-auto-lufterfrischer-6\/\" \/>\n<meta property=\"og:locale\" content=\"en_US\" \/>\n<meta property=\"og:type\" content=\"article\" \/>\n<meta property=\"og:title\" content=\"Joy Fragrances Auto-Lufterfrischer\" \/>\n<meta property=\"og:description\" content=\"Frischer Duft trifft stylishes Design \u2013 NIKI von Mr&amp;Mrs Fragrance \u00a0Ein blitzblankes Auto verdient nicht nur einen gl\u00e4nzenden Auftritt, sondern auch einen ang\" \/>\n<meta property=\"og:url\" content=\"https:\/\/schweizversand.ch\/en\/produkt\/joy-fragrances-auto-lufterfrischer-6\/\" \/>\n<meta property=\"og:site_name\" content=\"Schweizer Shop f\u00fcr Sport, Spiel und Freizeit\" \/>\n<meta property=\"article:publisher\" content=\"https:\/\/www.facebook.com\/Schweizversand\" \/>\n<meta property=\"article:modified_time\" content=\"2026-04-19T00:08:30+00:00\" \/>\n<meta property=\"og:image\" content=\"https:\/\/schweizversand.ch\/wp-content\/uploads\/2026\/02\/5471870399.jpg\" \/>\n\t<meta property=\"og:image:width\" content=\"1024\" \/>\n\t<meta property=\"og:image:height\" content=\"1024\" \/>\n\t<meta property=\"og:image:type\" content=\"image\/jpeg\" \/>\n<meta name=\"twitter:card\" content=\"summary_large_image\" \/>\n<script type=\"application\/ld+json\" class=\"yoast-schema-graph\">{\"@context\":\"https:\\\/\\\/schema.org\",\"@graph\":[{\"@type\":\"WebPage\",\"@id\":\"https:\\\/\\\/schweizversand.ch\\\/en\\\/produkt\\\/joy-fragrances-auto-lufterfrischer-6\\\/\",\"url\":\"https:\\\/\\\/schweizversand.ch\\\/en\\\/produkt\\\/joy-fragrances-auto-lufterfrischer-6\\\/\",\"name\":\"Joy Fragrances Auto-Lufterfrischer\",\"isPartOf\":{\"@id\":\"https:\\\/\\\/schweizversand.ch\\\/en\\\/#website\"},\"primaryImageOfPage\":{\"@id\":\"https:\\\/\\\/schweizversand.ch\\\/en\\\/produkt\\\/joy-fragrances-auto-lufterfrischer-6\\\/#primaryimage\"},\"image\":{\"@id\":\"https:\\\/\\\/schweizversand.ch\\\/en\\\/produkt\\\/joy-fragrances-auto-lufterfrischer-6\\\/#primaryimage\"},\"thumbnailUrl\":\"https:\\\/\\\/schweizversand.ch\\\/wp-content\\\/uploads\\\/2026\\\/02\\\/5471870399.jpg\",\"datePublished\":\"2026-03-14T23:27:51+00:00\",\"dateModified\":\"2026-04-19T00:08:30+00:00\",\"description\":\"Frischer Duft trifft stylishes Design \u2013 NIKI von Mr&Mrs Fragrance \u00a0Ein blitzblankes Auto verdient nicht nur einen gl\u00e4nzenden Auftritt, sondern auch einen ang\",\"breadcrumb\":{\"@id\":\"https:\\\/\\\/schweizversand.ch\\\/en\\\/produkt\\\/joy-fragrances-auto-lufterfrischer-6\\\/#breadcrumb\"},\"inLanguage\":\"en-US\",\"potentialAction\":[{\"@type\":\"ReadAction\",\"target\":[\"https:\\\/\\\/schweizversand.ch\\\/en\\\/produkt\\\/joy-fragrances-auto-lufterfrischer-6\\\/\"]}]},{\"@type\":\"ImageObject\",\"inLanguage\":\"en-US\",\"@id\":\"https:\\\/\\\/schweizversand.ch\\\/en\\\/produkt\\\/joy-fragrances-auto-lufterfrischer-6\\\/#primaryimage\",\"url\":\"https:\\\/\\\/schweizversand.ch\\\/wp-content\\\/uploads\\\/2026\\\/02\\\/5471870399.jpg\",\"contentUrl\":\"https:\\\/\\\/schweizversand.ch\\\/wp-content\\\/uploads\\\/2026\\\/02\\\/5471870399.jpg\",\"width\":1024,\"height\":1024},{\"@type\":\"BreadcrumbList\",\"@id\":\"https:\\\/\\\/schweizversand.ch\\\/en\\\/produkt\\\/joy-fragrances-auto-lufterfrischer-6\\\/#breadcrumb\",\"itemListElement\":[{\"@type\":\"ListItem\",\"position\":1,\"name\":\"Startseite\",\"item\":\"https:\\\/\\\/schweizversand.ch\\\/en\\\/\"},{\"@type\":\"ListItem\",\"position\":2,\"name\":\"Shop\",\"item\":\"https:\\\/\\\/schweizversand.ch\\\/en\\\/shop\\\/\"},{\"@type\":\"ListItem\",\"position\":3,\"name\":\"Vehicle Supplies\",\"item\":\"https:\\\/\\\/schweizversand.ch\\\/en\\\/produkt-kategorie\\\/vehicle-supplies\\\/\"},{\"@type\":\"ListItem\",\"position\":4,\"name\":\"Car\",\"item\":\"https:\\\/\\\/schweizversand.ch\\\/en\\\/produkt-kategorie\\\/vehicle-supplies\\\/car\\\/\"},{\"@type\":\"ListItem\",\"position\":5,\"name\":\"Miscellaneous\",\"item\":\"https:\\\/\\\/schweizversand.ch\\\/en\\\/produkt-kategorie\\\/vehicle-supplies\\\/car\\\/diverse\\\/\"},{\"@type\":\"ListItem\",\"position\":6,\"name\":\"Joy Fragrances Auto-Lufterfrischer\"}]},{\"@type\":\"WebSite\",\"@id\":\"https:\\\/\\\/schweizversand.ch\\\/en\\\/#website\",\"url\":\"https:\\\/\\\/schweizversand.ch\\\/en\\\/\",\"name\":\"Schweizer Shop f\u00fcr Sport, Spiel und Freizeit\",\"description\":\"Gratisversand ab 50.- (netto), ab eigenem schweizer Lager, Lieferung innert 48h\",\"publisher\":{\"@id\":\"https:\\\/\\\/schweizversand.ch\\\/en\\\/#organization\"},\"alternateName\":\"Schweizversand.ch\",\"potentialAction\":[{\"@type\":\"SearchAction\",\"target\":{\"@type\":\"EntryPoint\",\"urlTemplate\":\"https:\\\/\\\/schweizversand.ch\\\/en\\\/?s={search_term_string}\"},\"query-input\":{\"@type\":\"PropertyValueSpecification\",\"valueRequired\":true,\"valueName\":\"search_term_string\"}}],\"inLanguage\":\"en-US\"},{\"@type\":\"Organization\",\"@id\":\"https:\\\/\\\/schweizversand.ch\\\/en\\\/#organization\",\"name\":\"Schweizversand.ch\",\"url\":\"https:\\\/\\\/schweizversand.ch\\\/en\\\/\",\"logo\":{\"@type\":\"ImageObject\",\"inLanguage\":\"en-US\",\"@id\":\"https:\\\/\\\/schweizversand.ch\\\/en\\\/#\\\/schema\\\/logo\\\/image\\\/\",\"url\":\"https:\\\/\\\/schweizversand.ch\\\/wp-content\\\/uploads\\\/2026\\\/03\\\/Logo_Rund_Final-1.png\",\"contentUrl\":\"https:\\\/\\\/schweizversand.ch\\\/wp-content\\\/uploads\\\/2026\\\/03\\\/Logo_Rund_Final-1.png\",\"width\":404,\"height\":404,\"caption\":\"Schweizversand.ch\"},\"image\":{\"@id\":\"https:\\\/\\\/schweizversand.ch\\\/en\\\/#\\\/schema\\\/logo\\\/image\\\/\"},\"sameAs\":[\"https:\\\/\\\/www.facebook.com\\\/Schweizversand\",\"https:\\\/\\\/www.instagram.com\\\/schweizversand.ch\\\/\"]}]}<\/script>\n<!-- \/ Yoast SEO plugin. -->","yoast_head_json":{"title":"Joy Fragrances Auto-Lufterfrischer","description":"Frischer Duft trifft stylishes Design \u2013 NIKI von Mr&Mrs Fragrance \u00a0Ein blitzblankes Auto verdient nicht nur einen gl\u00e4nzenden Auftritt, sondern auch einen ang","robots":{"index":"index","follow":"follow","max-snippet":"max-snippet:-1","max-image-preview":"max-image-preview:large","max-video-preview":"max-video-preview:-1"},"canonical":"https:\/\/schweizversand.ch\/en\/produkt\/joy-fragrances-auto-lufterfrischer-6\/","og_locale":"en_US","og_type":"article","og_title":"Joy Fragrances Auto-Lufterfrischer","og_description":"Frischer Duft trifft stylishes Design \u2013 NIKI von Mr&Mrs Fragrance \u00a0Ein blitzblankes Auto verdient nicht nur einen gl\u00e4nzenden Auftritt, sondern auch einen ang","og_url":"https:\/\/schweizversand.ch\/en\/produkt\/joy-fragrances-auto-lufterfrischer-6\/","og_site_name":"Schweizer Shop f\u00fcr Sport, Spiel und Freizeit","article_publisher":"https:\/\/www.facebook.com\/Schweizversand","article_modified_time":"2026-04-19T00:08:30+00:00","og_image":[{"width":1024,"height":1024,"url":"https:\/\/schweizversand.ch\/wp-content\/uploads\/2026\/02\/5471870399.jpg","type":"image\/jpeg"}],"twitter_card":"summary_large_image","schema":{"@context":"https:\/\/schema.org","@graph":[{"@type":"WebPage","@id":"https:\/\/schweizversand.ch\/en\/produkt\/joy-fragrances-auto-lufterfrischer-6\/","url":"https:\/\/schweizversand.ch\/en\/produkt\/joy-fragrances-auto-lufterfrischer-6\/","name":"Joy Fragrances Auto-Lufterfrischer","isPartOf":{"@id":"https:\/\/schweizversand.ch\/en\/#website"},"primaryImageOfPage":{"@id":"https:\/\/schweizversand.ch\/en\/produkt\/joy-fragrances-auto-lufterfrischer-6\/#primaryimage"},"image":{"@id":"https:\/\/schweizversand.ch\/en\/produkt\/joy-fragrances-auto-lufterfrischer-6\/#primaryimage"},"thumbnailUrl":"https:\/\/schweizversand.ch\/wp-content\/uploads\/2026\/02\/5471870399.jpg","datePublished":"2026-03-14T23:27:51+00:00","dateModified":"2026-04-19T00:08:30+00:00","description":"Frischer Duft trifft stylishes Design \u2013 NIKI von Mr&Mrs Fragrance \u00a0Ein blitzblankes Auto verdient nicht nur einen gl\u00e4nzenden Auftritt, sondern auch einen ang","breadcrumb":{"@id":"https:\/\/schweizversand.ch\/en\/produkt\/joy-fragrances-auto-lufterfrischer-6\/#breadcrumb"},"inLanguage":"en-US","potentialAction":[{"@type":"ReadAction","target":["https:\/\/schweizversand.ch\/en\/produkt\/joy-fragrances-auto-lufterfrischer-6\/"]}]},{"@type":"ImageObject","inLanguage":"en-US","@id":"https:\/\/schweizversand.ch\/en\/produkt\/joy-fragrances-auto-lufterfrischer-6\/#primaryimage","url":"https:\/\/schweizversand.ch\/wp-content\/uploads\/2026\/02\/5471870399.jpg","contentUrl":"https:\/\/schweizversand.ch\/wp-content\/uploads\/2026\/02\/5471870399.jpg","width":1024,"height":1024},{"@type":"BreadcrumbList","@id":"https:\/\/schweizversand.ch\/en\/produkt\/joy-fragrances-auto-lufterfrischer-6\/#breadcrumb","itemListElement":[{"@type":"ListItem","position":1,"name":"Startseite","item":"https:\/\/schweizversand.ch\/en\/"},{"@type":"ListItem","position":2,"name":"Shop","item":"https:\/\/schweizversand.ch\/en\/shop\/"},{"@type":"ListItem","position":3,"name":"Vehicle Supplies","item":"https:\/\/schweizversand.ch\/en\/produkt-kategorie\/vehicle-supplies\/"},{"@type":"ListItem","position":4,"name":"Car","item":"https:\/\/schweizversand.ch\/en\/produkt-kategorie\/vehicle-supplies\/car\/"},{"@type":"ListItem","position":5,"name":"Miscellaneous","item":"https:\/\/schweizversand.ch\/en\/produkt-kategorie\/vehicle-supplies\/car\/diverse\/"},{"@type":"ListItem","position":6,"name":"Joy Fragrances Auto-Lufterfrischer"}]},{"@type":"WebSite","@id":"https:\/\/schweizversand.ch\/en\/#website","url":"https:\/\/schweizversand.ch\/en\/","name":"Schweizer Shop f\u00fcr Sport, Spiel und Freizeit","description":"Gratisversand ab 50.- (netto), ab eigenem schweizer Lager, Lieferung innert 48h","publisher":{"@id":"https:\/\/schweizversand.ch\/en\/#organization"},"alternateName":"Schweizversand.ch","potentialAction":[{"@type":"SearchAction","target":{"@type":"EntryPoint","urlTemplate":"https:\/\/schweizversand.ch\/en\/?s={search_term_string}"},"query-input":{"@type":"PropertyValueSpecification","valueRequired":true,"valueName":"search_term_string"}}],"inLanguage":"en-US"},{"@type":"Organization","@id":"https:\/\/schweizversand.ch\/en\/#organization","name":"Schweizversand.ch","url":"https:\/\/schweizversand.ch\/en\/","logo":{"@type":"ImageObject","inLanguage":"en-US","@id":"https:\/\/schweizversand.ch\/en\/#\/schema\/logo\/image\/","url":"https:\/\/schweizversand.ch\/wp-content\/uploads\/2026\/03\/Logo_Rund_Final-1.png","contentUrl":"https:\/\/schweizversand.ch\/wp-content\/uploads\/2026\/03\/Logo_Rund_Final-1.png","width":404,"height":404,"caption":"Schweizversand.ch"},"image":{"@id":"https:\/\/schweizversand.ch\/en\/#\/schema\/logo\/image\/"},"sameAs":["https:\/\/www.facebook.com\/Schweizversand","https:\/\/www.instagram.com\/schweizversand.ch\/"]}]}},"jetpack_sharing_enabled":true,"_links":{"self":[{"href":"https:\/\/schweizversand.ch\/en\/wp-json\/wp\/v2\/product\/251712","targetHints":{"allow":["GET"]}}],"collection":[{"href":"https:\/\/schweizversand.ch\/en\/wp-json\/wp\/v2\/product"}],"about":[{"href":"https:\/\/schweizversand.ch\/en\/wp-json\/wp\/v2\/types\/product"}],"replies":[{"embeddable":true,"href":"https:\/\/schweizversand.ch\/en\/wp-json\/wp\/v2\/comments?post=251712"}],"wp:featuredmedia":[{"embeddable":true,"href":"https:\/\/schweizversand.ch\/en\/wp-json\/wp\/v2\/media\/158431"}],"wp:attachment":[{"href":"https:\/\/schweizversand.ch\/en\/wp-json\/wp\/v2\/media?parent=251712"}],"wp:term":[{"taxonomy":"product_brand","embeddable":true,"href":"https:\/\/schweizversand.ch\/en\/wp-json\/wp\/v2\/product_brand?post=251712"},{"taxonomy":"product_cat","embeddable":true,"href":"https:\/\/schweizversand.ch\/en\/wp-json\/wp\/v2\/product_cat?post=251712"},{"taxonomy":"product_tag","embeddable":true,"href":"https:\/\/schweizversand.ch\/en\/wp-json\/wp\/v2\/product_tag?post=251712"}],"curies":[{"name":"wp","href":"https:\/\/api.w.org\/{rel}","templated":true}]}}