{"id":251819,"date":"2026-03-15T00:54:14","date_gmt":"2026-03-14T23:54:14","guid":{"rendered":"https:\/\/schweizversand.ch\/produkt\/champ-tragbarer-parfuemzerstaeuber-3\/"},"modified":"2026-04-19T02:01:16","modified_gmt":"2026-04-19T00:01:16","slug":"champ-tragbarer-parfuemzerstaeuber-3","status":"publish","type":"product","link":"https:\/\/schweizversand.ch\/en\/produkt\/champ-tragbarer-parfuemzerstaeuber-3\/","title":{"rendered":"CHAMP Portable Perfume Atomizer"},"content":{"rendered":"<h1><strong>Refillable Perfume Atomizer \u2013 Mini Perfume Bottle Red (5 ml)<\/strong><\/h1>\n<div>Discover the ideal companion for your favorite fragrances: This portable refillable perfume atomizer combines elegant design with maximum practicality. The mini perfume bottle in vibrant red is the perfect accessory for the style-conscious individual who doesn&#8217;t want to be without their fragrance, even on the go.<\/p>\n<\/div>\n<div><strong>Perfect for Travel<\/strong><br \/>This compact travel atomizer is the ultimate solution for always having your fragrance at hand. Thanks to its light weight and compact size, the pocket atomizer fits effortlessly into any handbag, trouser pocket, or toiletry bag. Enjoy the freedom to take your favorite fragrance with you everywhere, without having to carry large, heavy bottles. High-quality function and design: The integrated, professional nozzle ensures excellent atomization. A fine mist distributes your fragrance evenly, guaranteeing a pleasant fragrance experience. The striking, vibrant red atomizer gives the bottle a fashionable touch and makes it a real eye-catcher. Product Features and Dimensions: &#8211; Capacity: 5 ml, ideal for travel and everyday use &#8211; Dimensions: approx. 8.1 cm high, approx. 1.7 cm wide &#8211; Color: Vibrant red &#8211; Function: Easily refillable and reusable &#8211; Advantage: High-quality nozzle for fine mist. Your Advantage: This travel perfume bottle is not only practical but also an elegant gift for travelers or a thoughtful little something. Stay fresh and fragrant at all times with this must-have accessory that combines functionality and style.<\/p>\n","protected":false},"excerpt":{"rendered":"<p>Refillable Perfume Atomizer \u2013 Mini Perfume Bottle Red (5 ml) Discover the ideal companion for your favorite fragrances: This portable refillable perfume atomizer combines elegant design with maximum practicality. The mini perfume bottle in vibrant red is the perfect accessory for the style-conscious individual who doesn&#8217;t want to be without their fragrance, even on the go. Perfect for TravelThis compact travel atomizer is the ultimate solution for always having your fragrance at hand. Thanks to&hellip;<\/p>\n","protected":false},"featured_media":158783,"comment_status":"open","ping_status":"closed","template":"","meta":[],"product_brand":[],"product_cat":[38715],"product_tag":[],"class_list":{"0":"post-251819","1":"product","2":"type-product","3":"status-publish","4":"has-post-thumbnail","6":"product_cat-parfuem-zerstaeuber","7":"product_shipping_class-global_methods","9":"first","10":"instock","11":"taxable","12":"shipping-taxable","13":"purchasable","14":"product-type-simple"},"yoast_head":"<!-- This site is optimized with the Yoast SEO plugin v27.4 - https:\/\/yoast.com\/product\/yoast-seo-wordpress\/ -->\n<title>CHAMP Tragbarer Parf\u00fcmzerst\u00e4uber | Jetzt kaufen | Schweizversand.ch<\/title>\n<meta name=\"description\" content=\"CHAMP Tragbarer Parf\u00fcmzerst\u00e4uber g\u00fcnstig kaufen bei Schweizversand.ch. Schnelle Lieferung in der Schweiz. Gratisversand ab CHF 50.\" \/>\n<meta name=\"robots\" content=\"index, follow, max-snippet:-1, max-image-preview:large, max-video-preview:-1\" \/>\n<link rel=\"canonical\" href=\"https:\/\/schweizversand.ch\/en\/produkt\/champ-tragbarer-parfuemzerstaeuber-3\/\" \/>\n<meta property=\"og:locale\" content=\"en_US\" \/>\n<meta property=\"og:type\" content=\"article\" \/>\n<meta property=\"og:title\" content=\"CHAMP Tragbarer Parf\u00fcmzerst\u00e4uber | Jetzt kaufen | Schweizversand.ch\" \/>\n<meta property=\"og:description\" content=\"CHAMP Tragbarer Parf\u00fcmzerst\u00e4uber g\u00fcnstig kaufen bei Schweizversand.ch. Schnelle Lieferung in der Schweiz. Gratisversand ab CHF 50.\" \/>\n<meta property=\"og:url\" content=\"https:\/\/schweizversand.ch\/en\/produkt\/champ-tragbarer-parfuemzerstaeuber-3\/\" \/>\n<meta property=\"og:site_name\" content=\"Schweizer Shop f\u00fcr Sport, Spiel und Freizeit\" \/>\n<meta property=\"article:publisher\" content=\"https:\/\/www.facebook.com\/Schweizversand\" \/>\n<meta property=\"article:modified_time\" content=\"2026-04-19T00:01:16+00:00\" \/>\n<meta name=\"twitter:card\" content=\"summary_large_image\" \/>\n<meta name=\"twitter:label1\" content=\"Est. reading time\" \/>\n\t<meta name=\"twitter:data1\" content=\"1 minute\" \/>\n<script type=\"application\/ld+json\" class=\"yoast-schema-graph\">{\"@context\":\"https:\\\/\\\/schema.org\",\"@graph\":[{\"@type\":\"WebPage\",\"@id\":\"https:\\\/\\\/schweizversand.ch\\\/en\\\/produkt\\\/champ-tragbarer-parfuemzerstaeuber-3\\\/\",\"url\":\"https:\\\/\\\/schweizversand.ch\\\/en\\\/produkt\\\/champ-tragbarer-parfuemzerstaeuber-3\\\/\",\"name\":\"CHAMP Tragbarer Parf\u00fcmzerst\u00e4uber | Jetzt kaufen | Schweizversand.ch\",\"isPartOf\":{\"@id\":\"https:\\\/\\\/schweizversand.ch\\\/en\\\/#website\"},\"primaryImageOfPage\":{\"@id\":\"https:\\\/\\\/schweizversand.ch\\\/en\\\/produkt\\\/champ-tragbarer-parfuemzerstaeuber-3\\\/#primaryimage\"},\"image\":{\"@id\":\"https:\\\/\\\/schweizversand.ch\\\/en\\\/produkt\\\/champ-tragbarer-parfuemzerstaeuber-3\\\/#primaryimage\"},\"thumbnailUrl\":\"https:\\\/\\\/schweizversand.ch\\\/wp-content\\\/uploads\\\/2026\\\/02\\\/5471712892.jpg\",\"datePublished\":\"2026-03-14T23:54:14+00:00\",\"dateModified\":\"2026-04-19T00:01:16+00:00\",\"description\":\"CHAMP Tragbarer Parf\u00fcmzerst\u00e4uber g\u00fcnstig kaufen bei Schweizversand.ch. Schnelle Lieferung in der Schweiz. Gratisversand ab CHF 50.\",\"breadcrumb\":{\"@id\":\"https:\\\/\\\/schweizversand.ch\\\/en\\\/produkt\\\/champ-tragbarer-parfuemzerstaeuber-3\\\/#breadcrumb\"},\"inLanguage\":\"en-US\",\"potentialAction\":[{\"@type\":\"ReadAction\",\"target\":[\"https:\\\/\\\/schweizversand.ch\\\/en\\\/produkt\\\/champ-tragbarer-parfuemzerstaeuber-3\\\/\"]}]},{\"@type\":\"ImageObject\",\"inLanguage\":\"en-US\",\"@id\":\"https:\\\/\\\/schweizversand.ch\\\/en\\\/produkt\\\/champ-tragbarer-parfuemzerstaeuber-3\\\/#primaryimage\",\"url\":\"https:\\\/\\\/schweizversand.ch\\\/wp-content\\\/uploads\\\/2026\\\/02\\\/5471712892.jpg\",\"contentUrl\":\"https:\\\/\\\/schweizversand.ch\\\/wp-content\\\/uploads\\\/2026\\\/02\\\/5471712892.jpg\",\"width\":1024,\"height\":977},{\"@type\":\"BreadcrumbList\",\"@id\":\"https:\\\/\\\/schweizversand.ch\\\/en\\\/produkt\\\/champ-tragbarer-parfuemzerstaeuber-3\\\/#breadcrumb\",\"itemListElement\":[{\"@type\":\"ListItem\",\"position\":1,\"name\":\"Startseite\",\"item\":\"https:\\\/\\\/schweizversand.ch\\\/en\\\/\"},{\"@type\":\"ListItem\",\"position\":2,\"name\":\"Shop\",\"item\":\"https:\\\/\\\/schweizversand.ch\\\/en\\\/shop\\\/\"},{\"@type\":\"ListItem\",\"position\":3,\"name\":\"Beauty &amp; Health\",\"item\":\"https:\\\/\\\/schweizversand.ch\\\/en\\\/produkt-kategorie\\\/beauty-health\\\/\"},{\"@type\":\"ListItem\",\"position\":4,\"name\":\"Body Care\",\"item\":\"https:\\\/\\\/schweizversand.ch\\\/en\\\/produkt-kategorie\\\/beauty-health\\\/body-care\\\/\"},{\"@type\":\"ListItem\",\"position\":5,\"name\":\"Perfume &amp; Atomizers\",\"item\":\"https:\\\/\\\/schweizversand.ch\\\/en\\\/produkt-kategorie\\\/beauty-health\\\/body-care\\\/parfuem-zerstaeuber\\\/\"},{\"@type\":\"ListItem\",\"position\":6,\"name\":\"CHAMP Portable Perfume Atomizer\"}]},{\"@type\":\"WebSite\",\"@id\":\"https:\\\/\\\/schweizversand.ch\\\/en\\\/#website\",\"url\":\"https:\\\/\\\/schweizversand.ch\\\/en\\\/\",\"name\":\"Schweizer Shop f\u00fcr Sport, Spiel und Freizeit\",\"description\":\"Gratisversand ab 50.- (netto), ab eigenem schweizer Lager, Lieferung innert 48h\",\"publisher\":{\"@id\":\"https:\\\/\\\/schweizversand.ch\\\/en\\\/#organization\"},\"alternateName\":\"Schweizversand.ch\",\"potentialAction\":[{\"@type\":\"SearchAction\",\"target\":{\"@type\":\"EntryPoint\",\"urlTemplate\":\"https:\\\/\\\/schweizversand.ch\\\/en\\\/?s={search_term_string}\"},\"query-input\":{\"@type\":\"PropertyValueSpecification\",\"valueRequired\":true,\"valueName\":\"search_term_string\"}}],\"inLanguage\":\"en-US\"},{\"@type\":\"Organization\",\"@id\":\"https:\\\/\\\/schweizversand.ch\\\/en\\\/#organization\",\"name\":\"Schweizversand.ch\",\"url\":\"https:\\\/\\\/schweizversand.ch\\\/en\\\/\",\"logo\":{\"@type\":\"ImageObject\",\"inLanguage\":\"en-US\",\"@id\":\"https:\\\/\\\/schweizversand.ch\\\/en\\\/#\\\/schema\\\/logo\\\/image\\\/\",\"url\":\"https:\\\/\\\/schweizversand.ch\\\/wp-content\\\/uploads\\\/2026\\\/03\\\/Logo_Rund_Final-1.png\",\"contentUrl\":\"https:\\\/\\\/schweizversand.ch\\\/wp-content\\\/uploads\\\/2026\\\/03\\\/Logo_Rund_Final-1.png\",\"width\":404,\"height\":404,\"caption\":\"Schweizversand.ch\"},\"image\":{\"@id\":\"https:\\\/\\\/schweizversand.ch\\\/en\\\/#\\\/schema\\\/logo\\\/image\\\/\"},\"sameAs\":[\"https:\\\/\\\/www.facebook.com\\\/Schweizversand\",\"https:\\\/\\\/www.instagram.com\\\/schweizversand.ch\\\/\"]}]}<\/script>\n<!-- \/ Yoast SEO plugin. -->","yoast_head_json":{"title":"CHAMP Tragbarer Parf\u00fcmzerst\u00e4uber | Jetzt kaufen | Schweizversand.ch","description":"CHAMP Tragbarer Parf\u00fcmzerst\u00e4uber g\u00fcnstig kaufen bei Schweizversand.ch. Schnelle Lieferung in der Schweiz. Gratisversand ab CHF 50.","robots":{"index":"index","follow":"follow","max-snippet":"max-snippet:-1","max-image-preview":"max-image-preview:large","max-video-preview":"max-video-preview:-1"},"canonical":"https:\/\/schweizversand.ch\/en\/produkt\/champ-tragbarer-parfuemzerstaeuber-3\/","og_locale":"en_US","og_type":"article","og_title":"CHAMP Tragbarer Parf\u00fcmzerst\u00e4uber | Jetzt kaufen | Schweizversand.ch","og_description":"CHAMP Tragbarer Parf\u00fcmzerst\u00e4uber g\u00fcnstig kaufen bei Schweizversand.ch. Schnelle Lieferung in der Schweiz. Gratisversand ab CHF 50.","og_url":"https:\/\/schweizversand.ch\/en\/produkt\/champ-tragbarer-parfuemzerstaeuber-3\/","og_site_name":"Schweizer Shop f\u00fcr Sport, Spiel und Freizeit","article_publisher":"https:\/\/www.facebook.com\/Schweizversand","article_modified_time":"2026-04-19T00:01:16+00:00","twitter_card":"summary_large_image","twitter_misc":{"Est. reading time":"1 minute"},"schema":{"@context":"https:\/\/schema.org","@graph":[{"@type":"WebPage","@id":"https:\/\/schweizversand.ch\/en\/produkt\/champ-tragbarer-parfuemzerstaeuber-3\/","url":"https:\/\/schweizversand.ch\/en\/produkt\/champ-tragbarer-parfuemzerstaeuber-3\/","name":"CHAMP Tragbarer Parf\u00fcmzerst\u00e4uber | Jetzt kaufen | Schweizversand.ch","isPartOf":{"@id":"https:\/\/schweizversand.ch\/en\/#website"},"primaryImageOfPage":{"@id":"https:\/\/schweizversand.ch\/en\/produkt\/champ-tragbarer-parfuemzerstaeuber-3\/#primaryimage"},"image":{"@id":"https:\/\/schweizversand.ch\/en\/produkt\/champ-tragbarer-parfuemzerstaeuber-3\/#primaryimage"},"thumbnailUrl":"https:\/\/schweizversand.ch\/wp-content\/uploads\/2026\/02\/5471712892.jpg","datePublished":"2026-03-14T23:54:14+00:00","dateModified":"2026-04-19T00:01:16+00:00","description":"CHAMP Tragbarer Parf\u00fcmzerst\u00e4uber g\u00fcnstig kaufen bei Schweizversand.ch. Schnelle Lieferung in der Schweiz. Gratisversand ab CHF 50.","breadcrumb":{"@id":"https:\/\/schweizversand.ch\/en\/produkt\/champ-tragbarer-parfuemzerstaeuber-3\/#breadcrumb"},"inLanguage":"en-US","potentialAction":[{"@type":"ReadAction","target":["https:\/\/schweizversand.ch\/en\/produkt\/champ-tragbarer-parfuemzerstaeuber-3\/"]}]},{"@type":"ImageObject","inLanguage":"en-US","@id":"https:\/\/schweizversand.ch\/en\/produkt\/champ-tragbarer-parfuemzerstaeuber-3\/#primaryimage","url":"https:\/\/schweizversand.ch\/wp-content\/uploads\/2026\/02\/5471712892.jpg","contentUrl":"https:\/\/schweizversand.ch\/wp-content\/uploads\/2026\/02\/5471712892.jpg","width":1024,"height":977},{"@type":"BreadcrumbList","@id":"https:\/\/schweizversand.ch\/en\/produkt\/champ-tragbarer-parfuemzerstaeuber-3\/#breadcrumb","itemListElement":[{"@type":"ListItem","position":1,"name":"Startseite","item":"https:\/\/schweizversand.ch\/en\/"},{"@type":"ListItem","position":2,"name":"Shop","item":"https:\/\/schweizversand.ch\/en\/shop\/"},{"@type":"ListItem","position":3,"name":"Beauty &amp; Health","item":"https:\/\/schweizversand.ch\/en\/produkt-kategorie\/beauty-health\/"},{"@type":"ListItem","position":4,"name":"Body Care","item":"https:\/\/schweizversand.ch\/en\/produkt-kategorie\/beauty-health\/body-care\/"},{"@type":"ListItem","position":5,"name":"Perfume &amp; Atomizers","item":"https:\/\/schweizversand.ch\/en\/produkt-kategorie\/beauty-health\/body-care\/parfuem-zerstaeuber\/"},{"@type":"ListItem","position":6,"name":"CHAMP Portable Perfume Atomizer"}]},{"@type":"WebSite","@id":"https:\/\/schweizversand.ch\/en\/#website","url":"https:\/\/schweizversand.ch\/en\/","name":"Schweizer Shop f\u00fcr Sport, Spiel und Freizeit","description":"Gratisversand ab 50.- (netto), ab eigenem schweizer Lager, Lieferung innert 48h","publisher":{"@id":"https:\/\/schweizversand.ch\/en\/#organization"},"alternateName":"Schweizversand.ch","potentialAction":[{"@type":"SearchAction","target":{"@type":"EntryPoint","urlTemplate":"https:\/\/schweizversand.ch\/en\/?s={search_term_string}"},"query-input":{"@type":"PropertyValueSpecification","valueRequired":true,"valueName":"search_term_string"}}],"inLanguage":"en-US"},{"@type":"Organization","@id":"https:\/\/schweizversand.ch\/en\/#organization","name":"Schweizversand.ch","url":"https:\/\/schweizversand.ch\/en\/","logo":{"@type":"ImageObject","inLanguage":"en-US","@id":"https:\/\/schweizversand.ch\/en\/#\/schema\/logo\/image\/","url":"https:\/\/schweizversand.ch\/wp-content\/uploads\/2026\/03\/Logo_Rund_Final-1.png","contentUrl":"https:\/\/schweizversand.ch\/wp-content\/uploads\/2026\/03\/Logo_Rund_Final-1.png","width":404,"height":404,"caption":"Schweizversand.ch"},"image":{"@id":"https:\/\/schweizversand.ch\/en\/#\/schema\/logo\/image\/"},"sameAs":["https:\/\/www.facebook.com\/Schweizversand","https:\/\/www.instagram.com\/schweizversand.ch\/"]}]}},"jetpack_sharing_enabled":true,"_links":{"self":[{"href":"https:\/\/schweizversand.ch\/en\/wp-json\/wp\/v2\/product\/251819","targetHints":{"allow":["GET"]}}],"collection":[{"href":"https:\/\/schweizversand.ch\/en\/wp-json\/wp\/v2\/product"}],"about":[{"href":"https:\/\/schweizversand.ch\/en\/wp-json\/wp\/v2\/types\/product"}],"replies":[{"embeddable":true,"href":"https:\/\/schweizversand.ch\/en\/wp-json\/wp\/v2\/comments?post=251819"}],"wp:featuredmedia":[{"embeddable":true,"href":"https:\/\/schweizversand.ch\/en\/wp-json\/wp\/v2\/media\/158783"}],"wp:attachment":[{"href":"https:\/\/schweizversand.ch\/en\/wp-json\/wp\/v2\/media?parent=251819"}],"wp:term":[{"taxonomy":"product_brand","embeddable":true,"href":"https:\/\/schweizversand.ch\/en\/wp-json\/wp\/v2\/product_brand?post=251819"},{"taxonomy":"product_cat","embeddable":true,"href":"https:\/\/schweizversand.ch\/en\/wp-json\/wp\/v2\/product_cat?post=251819"},{"taxonomy":"product_tag","embeddable":true,"href":"https:\/\/schweizversand.ch\/en\/wp-json\/wp\/v2\/product_tag?post=251819"}],"curies":[{"name":"wp","href":"https:\/\/api.w.org\/{rel}","templated":true}]}}