{"id":252559,"date":"2026-03-14T23:20:42","date_gmt":"2026-03-14T22:20:42","guid":{"rendered":"https:\/\/schweizversand.ch\/produkt\/plan-toys-gummi-strassen-schienenset\/"},"modified":"2026-04-19T15:31:42","modified_gmt":"2026-04-19T13:31:42","slug":"plan-toys-gummi-strassen-schienenset","status":"publish","type":"product","link":"https:\/\/schweizversand.ch\/en\/produkt\/plan-toys-gummi-strassen-schienenset\/","title":{"rendered":"Plan Toys Rubber Road &#038; Rail Set"},"content":{"rendered":"<h1><strong>Plantoys | Rubber Road Set &#8211; Small<\/strong><\/h1>\n<div>Discover the <strong>Rubber Road Set<\/strong>, the small version of the popular Rubber Road &#038; Rail System. This innovative toy gives children the opportunity to build their own flexible city structures, fostering creativity and spatial thinking.<\/p>\n<\/div>\n<div><strong>Sustainability and Materials<\/strong><br \/>This <strong>sustainable children&#8217;s toy<\/strong> is made in Thailand from chemical-free rubberwood. Plantoys is committed to environmental responsibility, using formaldehyde-free adhesives, organic pigments, and water-based dyes. With this <strong>eco-friendly toy<\/strong>, you are making a conscious choice for the environment.<\/p>\n<\/div>\n<div><strong>Flexible Play Experience<\/strong><br \/>The flexibility of the rubber material allows your child to create unique road layouts and infrastructure. The Rubber Road Set is ideal for expanding the toy car track experience. It is also compatible with other transport systems in the PlanWorld series, opening up endless play possibilities. Contents of the Set: This compact Rubber Road &amp; Rail set includes everything little builders need:<\/p>\n<\/div>\n<div><strong>Scope of delivery<\/strong><br \/>&#8211; 6 double-sided rubber tracks<br \/>&#8211; 1 car<br \/>&#8211; 2 buildings (consisting of 4 parts)<br \/>&#8211; 2 bushes<br \/>&#8211; Total: 13 pieces<\/p>\n<\/div>\n<div><strong>Product details<\/strong><br \/>Here are the key details for this <strong>wooden toy train<\/strong> accessory:<\/p>\n<\/div>\n<div><strong>Technical specifications<\/strong><br \/>&#8211; Material: Rubberwood<br \/>&#8211; Number of pieces: 6 (tracks)<br \/>&#8211; Dimensions (total): 0.66 cm (H) x 51.4 cm (W) x 51.4 cm (D)<br \/>&#8211; Weight: 30 grams<br \/>&#8211; Recommended age: 3 years and up<\/p>\n<\/div>\n<div>Get this high-quality and sustainable children&#8217;s toys, allowing your child unlimited fun as they build their own world.<\/p>\n","protected":false},"excerpt":{"rendered":"<p>Plantoys | Rubber Road Set &#8211; Small Discover the Rubber Road Set, the small version of the popular Rubber Road &#038; Rail System. This innovative toy gives children the opportunity to build their own flexible city structures, fostering creativity and spatial thinking. Sustainability and MaterialsThis sustainable children&#8217;s toy is made in Thailand from chemical-free rubberwood. Plantoys is committed to environmental responsibility, using formaldehyde-free adhesives, organic pigments, and water-based dyes. With this eco-friendly toy, you are&hellip;<\/p>\n","protected":false},"featured_media":257211,"comment_status":"open","ping_status":"closed","template":"","meta":[],"product_brand":[],"product_cat":[38027,37891],"product_tag":[],"class_list":{"0":"post-252559","1":"product","2":"type-product","3":"status-publish","4":"has-post-thumbnail","6":"product_cat-spielsets","8":"product_shipping_class-global_methods","10":"first","11":"instock","12":"taxable","13":"shipping-taxable","14":"purchasable","15":"product-type-simple"},"yoast_head":"<!-- This site is optimized with the Yoast SEO plugin v27.4 - https:\/\/yoast.com\/product\/yoast-seo-wordpress\/ -->\n<title>Plan Toys Gummi-Stra\u00dfen- &amp; Schienenset | Jetzt kaufen | Schweizversand.ch<\/title>\n<meta name=\"description\" content=\"Plan Toys Gummi-Stra\u00dfen- &amp; Schienenset g\u00fcnstig kaufen bei Schweizversand.ch. Schnelle Lieferung in der Schweiz. Gratisversand ab CHF 50.\" \/>\n<meta name=\"robots\" content=\"index, follow, max-snippet:-1, max-image-preview:large, max-video-preview:-1\" \/>\n<link rel=\"canonical\" href=\"https:\/\/schweizversand.ch\/en\/produkt\/plan-toys-gummi-strassen-schienenset\/\" \/>\n<meta property=\"og:locale\" content=\"en_US\" \/>\n<meta property=\"og:type\" content=\"article\" \/>\n<meta property=\"og:title\" content=\"Plan Toys Gummi-Stra\u00dfen- &amp; Schienenset | Jetzt kaufen | Schweizversand.ch\" \/>\n<meta property=\"og:description\" content=\"Plan Toys Gummi-Stra\u00dfen- &amp; Schienenset g\u00fcnstig kaufen bei Schweizversand.ch. Schnelle Lieferung in der Schweiz. Gratisversand ab CHF 50.\" \/>\n<meta property=\"og:url\" content=\"https:\/\/schweizversand.ch\/en\/produkt\/plan-toys-gummi-strassen-schienenset\/\" \/>\n<meta property=\"og:site_name\" content=\"Schweizer Shop f\u00fcr Sport, Spiel und Freizeit\" \/>\n<meta property=\"article:publisher\" content=\"https:\/\/www.facebook.com\/Schweizversand\" \/>\n<meta property=\"article:modified_time\" content=\"2026-04-19T13:31:42+00:00\" \/>\n<meta property=\"og:image\" content=\"https:\/\/schweizversand.ch\/wp-content\/uploads\/2026\/02\/5472082988.jpg\" \/>\n\t<meta property=\"og:image:width\" content=\"1024\" \/>\n\t<meta property=\"og:image:height\" content=\"658\" \/>\n\t<meta property=\"og:image:type\" content=\"image\/jpeg\" \/>\n<meta name=\"twitter:card\" content=\"summary_large_image\" \/>\n<meta name=\"twitter:label1\" content=\"Est. reading time\" \/>\n\t<meta name=\"twitter:data1\" content=\"1 minute\" \/>\n<script type=\"application\/ld+json\" class=\"yoast-schema-graph\">{\"@context\":\"https:\\\/\\\/schema.org\",\"@graph\":[{\"@type\":\"WebPage\",\"@id\":\"https:\\\/\\\/schweizversand.ch\\\/en\\\/produkt\\\/plan-toys-gummi-strassen-schienenset\\\/\",\"url\":\"https:\\\/\\\/schweizversand.ch\\\/en\\\/produkt\\\/plan-toys-gummi-strassen-schienenset\\\/\",\"name\":\"Plan Toys Gummi-Stra\u00dfen- & Schienenset | Jetzt kaufen | Schweizversand.ch\",\"isPartOf\":{\"@id\":\"https:\\\/\\\/schweizversand.ch\\\/en\\\/#website\"},\"primaryImageOfPage\":{\"@id\":\"https:\\\/\\\/schweizversand.ch\\\/en\\\/produkt\\\/plan-toys-gummi-strassen-schienenset\\\/#primaryimage\"},\"image\":{\"@id\":\"https:\\\/\\\/schweizversand.ch\\\/en\\\/produkt\\\/plan-toys-gummi-strassen-schienenset\\\/#primaryimage\"},\"thumbnailUrl\":\"https:\\\/\\\/schweizversand.ch\\\/wp-content\\\/uploads\\\/2026\\\/02\\\/5472082988.jpg\",\"datePublished\":\"2026-03-14T22:20:42+00:00\",\"dateModified\":\"2026-04-19T13:31:42+00:00\",\"description\":\"Plan Toys Gummi-Stra\u00dfen- & Schienenset g\u00fcnstig kaufen bei Schweizversand.ch. Schnelle Lieferung in der Schweiz. Gratisversand ab CHF 50.\",\"breadcrumb\":{\"@id\":\"https:\\\/\\\/schweizversand.ch\\\/en\\\/produkt\\\/plan-toys-gummi-strassen-schienenset\\\/#breadcrumb\"},\"inLanguage\":\"en-US\",\"potentialAction\":[{\"@type\":\"ReadAction\",\"target\":[\"https:\\\/\\\/schweizversand.ch\\\/en\\\/produkt\\\/plan-toys-gummi-strassen-schienenset\\\/\"]}]},{\"@type\":\"ImageObject\",\"inLanguage\":\"en-US\",\"@id\":\"https:\\\/\\\/schweizversand.ch\\\/en\\\/produkt\\\/plan-toys-gummi-strassen-schienenset\\\/#primaryimage\",\"url\":\"https:\\\/\\\/schweizversand.ch\\\/wp-content\\\/uploads\\\/2026\\\/02\\\/5472082988.jpg\",\"contentUrl\":\"https:\\\/\\\/schweizversand.ch\\\/wp-content\\\/uploads\\\/2026\\\/02\\\/5472082988.jpg\",\"width\":1024,\"height\":658},{\"@type\":\"BreadcrumbList\",\"@id\":\"https:\\\/\\\/schweizversand.ch\\\/en\\\/produkt\\\/plan-toys-gummi-strassen-schienenset\\\/#breadcrumb\",\"itemListElement\":[{\"@type\":\"ListItem\",\"position\":1,\"name\":\"Startseite\",\"item\":\"https:\\\/\\\/schweizversand.ch\\\/en\\\/\"},{\"@type\":\"ListItem\",\"position\":2,\"name\":\"Shop\",\"item\":\"https:\\\/\\\/schweizversand.ch\\\/en\\\/shop\\\/\"},{\"@type\":\"ListItem\",\"position\":3,\"name\":\"Baby &amp; Parents\",\"item\":\"https:\\\/\\\/schweizversand.ch\\\/en\\\/produkt-kategorie\\\/baby-parents\\\/\"},{\"@type\":\"ListItem\",\"position\":4,\"name\":\"Baby Toys\",\"item\":\"https:\\\/\\\/schweizversand.ch\\\/en\\\/produkt-kategorie\\\/baby-parents\\\/baby-toys\\\/\"},{\"@type\":\"ListItem\",\"position\":5,\"name\":\"Playsets\",\"item\":\"https:\\\/\\\/schweizversand.ch\\\/en\\\/produkt-kategorie\\\/baby-parents\\\/baby-toys\\\/spielsets\\\/\"},{\"@type\":\"ListItem\",\"position\":6,\"name\":\"Plan Toys Rubber Road &#038; Rail Set\"}]},{\"@type\":\"WebSite\",\"@id\":\"https:\\\/\\\/schweizversand.ch\\\/en\\\/#website\",\"url\":\"https:\\\/\\\/schweizversand.ch\\\/en\\\/\",\"name\":\"Schweizer Shop f\u00fcr Sport, Spiel und Freizeit\",\"description\":\"Gratisversand ab 50.- (netto), ab eigenem schweizer Lager, Lieferung innert 48h\",\"publisher\":{\"@id\":\"https:\\\/\\\/schweizversand.ch\\\/en\\\/#organization\"},\"alternateName\":\"Schweizversand.ch\",\"potentialAction\":[{\"@type\":\"SearchAction\",\"target\":{\"@type\":\"EntryPoint\",\"urlTemplate\":\"https:\\\/\\\/schweizversand.ch\\\/en\\\/?s={search_term_string}\"},\"query-input\":{\"@type\":\"PropertyValueSpecification\",\"valueRequired\":true,\"valueName\":\"search_term_string\"}}],\"inLanguage\":\"en-US\"},{\"@type\":\"Organization\",\"@id\":\"https:\\\/\\\/schweizversand.ch\\\/en\\\/#organization\",\"name\":\"Schweizversand.ch\",\"url\":\"https:\\\/\\\/schweizversand.ch\\\/en\\\/\",\"logo\":{\"@type\":\"ImageObject\",\"inLanguage\":\"en-US\",\"@id\":\"https:\\\/\\\/schweizversand.ch\\\/en\\\/#\\\/schema\\\/logo\\\/image\\\/\",\"url\":\"https:\\\/\\\/schweizversand.ch\\\/wp-content\\\/uploads\\\/2026\\\/03\\\/Logo_Rund_Final-1.png\",\"contentUrl\":\"https:\\\/\\\/schweizversand.ch\\\/wp-content\\\/uploads\\\/2026\\\/03\\\/Logo_Rund_Final-1.png\",\"width\":404,\"height\":404,\"caption\":\"Schweizversand.ch\"},\"image\":{\"@id\":\"https:\\\/\\\/schweizversand.ch\\\/en\\\/#\\\/schema\\\/logo\\\/image\\\/\"},\"sameAs\":[\"https:\\\/\\\/www.facebook.com\\\/Schweizversand\",\"https:\\\/\\\/www.instagram.com\\\/schweizversand.ch\\\/\"]}]}<\/script>\n<!-- \/ Yoast SEO plugin. -->","yoast_head_json":{"title":"Plan Toys Gummi-Stra\u00dfen- & Schienenset | Jetzt kaufen | Schweizversand.ch","description":"Plan Toys Gummi-Stra\u00dfen- & Schienenset g\u00fcnstig kaufen bei Schweizversand.ch. Schnelle Lieferung in der Schweiz. Gratisversand ab CHF 50.","robots":{"index":"index","follow":"follow","max-snippet":"max-snippet:-1","max-image-preview":"max-image-preview:large","max-video-preview":"max-video-preview:-1"},"canonical":"https:\/\/schweizversand.ch\/en\/produkt\/plan-toys-gummi-strassen-schienenset\/","og_locale":"en_US","og_type":"article","og_title":"Plan Toys Gummi-Stra\u00dfen- & Schienenset | Jetzt kaufen | Schweizversand.ch","og_description":"Plan Toys Gummi-Stra\u00dfen- & Schienenset g\u00fcnstig kaufen bei Schweizversand.ch. Schnelle Lieferung in der Schweiz. Gratisversand ab CHF 50.","og_url":"https:\/\/schweizversand.ch\/en\/produkt\/plan-toys-gummi-strassen-schienenset\/","og_site_name":"Schweizer Shop f\u00fcr Sport, Spiel und Freizeit","article_publisher":"https:\/\/www.facebook.com\/Schweizversand","article_modified_time":"2026-04-19T13:31:42+00:00","og_image":[{"width":1024,"height":658,"url":"https:\/\/schweizversand.ch\/wp-content\/uploads\/2026\/02\/5472082988.jpg","type":"image\/jpeg"}],"twitter_card":"summary_large_image","twitter_misc":{"Est. reading time":"1 minute"},"schema":{"@context":"https:\/\/schema.org","@graph":[{"@type":"WebPage","@id":"https:\/\/schweizversand.ch\/en\/produkt\/plan-toys-gummi-strassen-schienenset\/","url":"https:\/\/schweizversand.ch\/en\/produkt\/plan-toys-gummi-strassen-schienenset\/","name":"Plan Toys Gummi-Stra\u00dfen- & Schienenset | Jetzt kaufen | Schweizversand.ch","isPartOf":{"@id":"https:\/\/schweizversand.ch\/en\/#website"},"primaryImageOfPage":{"@id":"https:\/\/schweizversand.ch\/en\/produkt\/plan-toys-gummi-strassen-schienenset\/#primaryimage"},"image":{"@id":"https:\/\/schweizversand.ch\/en\/produkt\/plan-toys-gummi-strassen-schienenset\/#primaryimage"},"thumbnailUrl":"https:\/\/schweizversand.ch\/wp-content\/uploads\/2026\/02\/5472082988.jpg","datePublished":"2026-03-14T22:20:42+00:00","dateModified":"2026-04-19T13:31:42+00:00","description":"Plan Toys Gummi-Stra\u00dfen- & Schienenset g\u00fcnstig kaufen bei Schweizversand.ch. Schnelle Lieferung in der Schweiz. Gratisversand ab CHF 50.","breadcrumb":{"@id":"https:\/\/schweizversand.ch\/en\/produkt\/plan-toys-gummi-strassen-schienenset\/#breadcrumb"},"inLanguage":"en-US","potentialAction":[{"@type":"ReadAction","target":["https:\/\/schweizversand.ch\/en\/produkt\/plan-toys-gummi-strassen-schienenset\/"]}]},{"@type":"ImageObject","inLanguage":"en-US","@id":"https:\/\/schweizversand.ch\/en\/produkt\/plan-toys-gummi-strassen-schienenset\/#primaryimage","url":"https:\/\/schweizversand.ch\/wp-content\/uploads\/2026\/02\/5472082988.jpg","contentUrl":"https:\/\/schweizversand.ch\/wp-content\/uploads\/2026\/02\/5472082988.jpg","width":1024,"height":658},{"@type":"BreadcrumbList","@id":"https:\/\/schweizversand.ch\/en\/produkt\/plan-toys-gummi-strassen-schienenset\/#breadcrumb","itemListElement":[{"@type":"ListItem","position":1,"name":"Startseite","item":"https:\/\/schweizversand.ch\/en\/"},{"@type":"ListItem","position":2,"name":"Shop","item":"https:\/\/schweizversand.ch\/en\/shop\/"},{"@type":"ListItem","position":3,"name":"Baby &amp; Parents","item":"https:\/\/schweizversand.ch\/en\/produkt-kategorie\/baby-parents\/"},{"@type":"ListItem","position":4,"name":"Baby Toys","item":"https:\/\/schweizversand.ch\/en\/produkt-kategorie\/baby-parents\/baby-toys\/"},{"@type":"ListItem","position":5,"name":"Playsets","item":"https:\/\/schweizversand.ch\/en\/produkt-kategorie\/baby-parents\/baby-toys\/spielsets\/"},{"@type":"ListItem","position":6,"name":"Plan Toys Rubber Road &#038; Rail Set"}]},{"@type":"WebSite","@id":"https:\/\/schweizversand.ch\/en\/#website","url":"https:\/\/schweizversand.ch\/en\/","name":"Schweizer Shop f\u00fcr Sport, Spiel und Freizeit","description":"Gratisversand ab 50.- (netto), ab eigenem schweizer Lager, Lieferung innert 48h","publisher":{"@id":"https:\/\/schweizversand.ch\/en\/#organization"},"alternateName":"Schweizversand.ch","potentialAction":[{"@type":"SearchAction","target":{"@type":"EntryPoint","urlTemplate":"https:\/\/schweizversand.ch\/en\/?s={search_term_string}"},"query-input":{"@type":"PropertyValueSpecification","valueRequired":true,"valueName":"search_term_string"}}],"inLanguage":"en-US"},{"@type":"Organization","@id":"https:\/\/schweizversand.ch\/en\/#organization","name":"Schweizversand.ch","url":"https:\/\/schweizversand.ch\/en\/","logo":{"@type":"ImageObject","inLanguage":"en-US","@id":"https:\/\/schweizversand.ch\/en\/#\/schema\/logo\/image\/","url":"https:\/\/schweizversand.ch\/wp-content\/uploads\/2026\/03\/Logo_Rund_Final-1.png","contentUrl":"https:\/\/schweizversand.ch\/wp-content\/uploads\/2026\/03\/Logo_Rund_Final-1.png","width":404,"height":404,"caption":"Schweizversand.ch"},"image":{"@id":"https:\/\/schweizversand.ch\/en\/#\/schema\/logo\/image\/"},"sameAs":["https:\/\/www.facebook.com\/Schweizversand","https:\/\/www.instagram.com\/schweizversand.ch\/"]}]}},"jetpack_sharing_enabled":true,"_links":{"self":[{"href":"https:\/\/schweizversand.ch\/en\/wp-json\/wp\/v2\/product\/252559","targetHints":{"allow":["GET"]}}],"collection":[{"href":"https:\/\/schweizversand.ch\/en\/wp-json\/wp\/v2\/product"}],"about":[{"href":"https:\/\/schweizversand.ch\/en\/wp-json\/wp\/v2\/types\/product"}],"replies":[{"embeddable":true,"href":"https:\/\/schweizversand.ch\/en\/wp-json\/wp\/v2\/comments?post=252559"}],"wp:featuredmedia":[{"embeddable":true,"href":"https:\/\/schweizversand.ch\/en\/wp-json\/wp\/v2\/media\/257211"}],"wp:attachment":[{"href":"https:\/\/schweizversand.ch\/en\/wp-json\/wp\/v2\/media?parent=252559"}],"wp:term":[{"taxonomy":"product_brand","embeddable":true,"href":"https:\/\/schweizversand.ch\/en\/wp-json\/wp\/v2\/product_brand?post=252559"},{"taxonomy":"product_cat","embeddable":true,"href":"https:\/\/schweizversand.ch\/en\/wp-json\/wp\/v2\/product_cat?post=252559"},{"taxonomy":"product_tag","embeddable":true,"href":"https:\/\/schweizversand.ch\/en\/wp-json\/wp\/v2\/product_tag?post=252559"}],"curies":[{"name":"wp","href":"https:\/\/api.w.org\/{rel}","templated":true}]}}