{"id":252606,"date":"2026-03-15T00:05:56","date_gmt":"2026-03-14T23:05:56","guid":{"rendered":"https:\/\/schweizversand.ch\/produkt\/kinzo-duebel-set-a-60-stueck\/"},"modified":"2026-04-20T15:31:35","modified_gmt":"2026-04-20T13:31:35","slug":"kinzo-duebel-set-a-60-stueck","status":"publish","type":"product","link":"https:\/\/schweizversand.ch\/en\/produkt\/kinzo-duebel-set-a-60-stueck\/","title":{"rendered":"Kinzo dowels &#8211; set of 60 pieces"},"content":{"rendered":"<h1><strong>Expansion Anchor Set 8&#215;40 mm (60 pieces)<\/strong><\/h1>\n<div>Looking for a reliable and stable fastening solution for your projects? This <strong>anchor set<\/strong> offers you 60 high-quality <strong>wall anchors<\/strong> in the common <strong>anchor size 8&#215;40<\/strong> mm, perfect for secure and long-lasting installations.<\/p>\n<\/div>\n<div><strong>Perfect fastening for your projects<\/strong><br \/>These robust expansion anchors are the ideal choice for securely fastening medium-weight loads to walls and panels. Whether you want to hang picture frames, decorations, or small shelves \u2013 with these <strong>8mm anchors<\/strong> you will always achieve a <strong>firm and lasting anchor<\/strong>.<\/p>\n<\/div>\n<div><strong>Quality and reliability<\/strong><br \/>We value excellent value for money. These expansion anchors are made of durable material that ensures high pull-out strength. They offer the necessary security so that your installations remain reliable and stable. Product details and scope of delivery: &#8211; Type: Expansion anchor \/ wall anchor &#8211; Dimensions: 8 x 40 mm (Diameter: 8 mm, Length: 40 mm) &#8211; Material: High-quality plastic &#8211; Application: Concrete, solid brick, sand-lime brick, and other solid building materials &#8211; Contents: 60 pieces in a practical anchor set. Easy application for everyone: This set is a must-have for every DIY enthusiast and professional. Thanks to the standardized 8 mm anchor size, they are quick and easy to use. Invest in quality and ensure your fixings can withstand the demands of everyday use.<\/p>\n<\/div>\n<div><\/div>\n","protected":false},"excerpt":{"rendered":"<p>Expansion Anchor Set 8&#215;40 mm (60 pieces) Looking for a reliable and stable fastening solution for your projects? This anchor set offers you 60 high-quality wall anchors in the common anchor size 8&#215;40 mm, perfect for secure and long-lasting installations. Perfect fastening for your projectsThese robust expansion anchors are the ideal choice for securely fastening medium-weight loads to walls and panels. Whether you want to hang picture frames, decorations, or small shelves \u2013 with these&hellip;<\/p>\n","protected":false},"featured_media":157852,"comment_status":"open","ping_status":"closed","template":"","meta":[],"product_brand":[],"product_cat":[38420,38971,38778],"product_tag":[],"class_list":{"0":"post-252606","1":"product","2":"type-product","3":"status-publish","4":"has-post-thumbnail","6":"product_cat-eisenwaren","9":"product_shipping_class-global_methods","11":"first","12":"instock","13":"taxable","14":"shipping-taxable","15":"purchasable","16":"product-type-simple"},"yoast_head":"<!-- This site is optimized with the Yoast SEO plugin v27.4 - https:\/\/yoast.com\/product\/yoast-seo-wordpress\/ -->\n<title>Kinzo D\u00fcbel - Set \u00e0 60 St\u00fcck | Jetzt kaufen | Schweizversand.ch<\/title>\n<meta name=\"description\" content=\"Kinzo D\u00fcbel - Set \u00e0 60 St\u00fcck g\u00fcnstig kaufen bei Schweizversand.ch. Schnelle Lieferung in der Schweiz. Gratisversand ab CHF 50.\" \/>\n<meta name=\"robots\" content=\"index, follow, max-snippet:-1, max-image-preview:large, max-video-preview:-1\" \/>\n<link rel=\"canonical\" href=\"https:\/\/schweizversand.ch\/en\/produkt\/kinzo-duebel-set-a-60-stueck\/\" \/>\n<meta property=\"og:locale\" content=\"en_US\" \/>\n<meta property=\"og:type\" content=\"article\" \/>\n<meta property=\"og:title\" content=\"Kinzo D\u00fcbel - Set \u00e0 60 St\u00fcck | Jetzt kaufen | Schweizversand.ch\" \/>\n<meta property=\"og:description\" content=\"Kinzo D\u00fcbel - Set \u00e0 60 St\u00fcck g\u00fcnstig kaufen bei Schweizversand.ch. Schnelle Lieferung in der Schweiz. Gratisversand ab CHF 50.\" \/>\n<meta property=\"og:url\" content=\"https:\/\/schweizversand.ch\/en\/produkt\/kinzo-duebel-set-a-60-stueck\/\" \/>\n<meta property=\"og:site_name\" content=\"Schweizer Shop f\u00fcr Sport, Spiel und Freizeit\" \/>\n<meta property=\"article:publisher\" content=\"https:\/\/www.facebook.com\/Schweizversand\" \/>\n<meta property=\"article:modified_time\" content=\"2026-04-20T13:31:35+00:00\" \/>\n<meta property=\"og:image\" content=\"https:\/\/schweizversand.ch\/wp-content\/uploads\/2026\/02\/5471773976.jpg\" \/>\n\t<meta property=\"og:image:width\" content=\"788\" \/>\n\t<meta property=\"og:image:height\" content=\"1024\" \/>\n\t<meta property=\"og:image:type\" content=\"image\/jpeg\" \/>\n<meta name=\"twitter:card\" content=\"summary_large_image\" \/>\n<meta name=\"twitter:label1\" content=\"Est. reading time\" \/>\n\t<meta name=\"twitter:data1\" content=\"1 minute\" \/>\n<script type=\"application\/ld+json\" class=\"yoast-schema-graph\">{\"@context\":\"https:\\\/\\\/schema.org\",\"@graph\":[{\"@type\":\"WebPage\",\"@id\":\"https:\\\/\\\/schweizversand.ch\\\/en\\\/produkt\\\/kinzo-duebel-set-a-60-stueck\\\/\",\"url\":\"https:\\\/\\\/schweizversand.ch\\\/en\\\/produkt\\\/kinzo-duebel-set-a-60-stueck\\\/\",\"name\":\"Kinzo D\u00fcbel - Set \u00e0 60 St\u00fcck | Jetzt kaufen | Schweizversand.ch\",\"isPartOf\":{\"@id\":\"https:\\\/\\\/schweizversand.ch\\\/en\\\/#website\"},\"primaryImageOfPage\":{\"@id\":\"https:\\\/\\\/schweizversand.ch\\\/en\\\/produkt\\\/kinzo-duebel-set-a-60-stueck\\\/#primaryimage\"},\"image\":{\"@id\":\"https:\\\/\\\/schweizversand.ch\\\/en\\\/produkt\\\/kinzo-duebel-set-a-60-stueck\\\/#primaryimage\"},\"thumbnailUrl\":\"https:\\\/\\\/schweizversand.ch\\\/wp-content\\\/uploads\\\/2026\\\/02\\\/5471773976.jpg\",\"datePublished\":\"2026-03-14T23:05:56+00:00\",\"dateModified\":\"2026-04-20T13:31:35+00:00\",\"description\":\"Kinzo D\u00fcbel - Set \u00e0 60 St\u00fcck g\u00fcnstig kaufen bei Schweizversand.ch. Schnelle Lieferung in der Schweiz. Gratisversand ab CHF 50.\",\"breadcrumb\":{\"@id\":\"https:\\\/\\\/schweizversand.ch\\\/en\\\/produkt\\\/kinzo-duebel-set-a-60-stueck\\\/#breadcrumb\"},\"inLanguage\":\"en-US\",\"potentialAction\":[{\"@type\":\"ReadAction\",\"target\":[\"https:\\\/\\\/schweizversand.ch\\\/en\\\/produkt\\\/kinzo-duebel-set-a-60-stueck\\\/\"]}]},{\"@type\":\"ImageObject\",\"inLanguage\":\"en-US\",\"@id\":\"https:\\\/\\\/schweizversand.ch\\\/en\\\/produkt\\\/kinzo-duebel-set-a-60-stueck\\\/#primaryimage\",\"url\":\"https:\\\/\\\/schweizversand.ch\\\/wp-content\\\/uploads\\\/2026\\\/02\\\/5471773976.jpg\",\"contentUrl\":\"https:\\\/\\\/schweizversand.ch\\\/wp-content\\\/uploads\\\/2026\\\/02\\\/5471773976.jpg\",\"width\":788,\"height\":1024},{\"@type\":\"BreadcrumbList\",\"@id\":\"https:\\\/\\\/schweizversand.ch\\\/en\\\/produkt\\\/kinzo-duebel-set-a-60-stueck\\\/#breadcrumb\",\"itemListElement\":[{\"@type\":\"ListItem\",\"position\":1,\"name\":\"Startseite\",\"item\":\"https:\\\/\\\/schweizversand.ch\\\/en\\\/\"},{\"@type\":\"ListItem\",\"position\":2,\"name\":\"Shop\",\"item\":\"https:\\\/\\\/schweizversand.ch\\\/en\\\/shop\\\/\"},{\"@type\":\"ListItem\",\"position\":3,\"name\":\"Home &amp; Garden\",\"item\":\"https:\\\/\\\/schweizversand.ch\\\/en\\\/produkt-kategorie\\\/home-garden\\\/\"},{\"@type\":\"ListItem\",\"position\":4,\"name\":\"Tools &amp; Workshop\",\"item\":\"https:\\\/\\\/schweizversand.ch\\\/en\\\/produkt-kategorie\\\/home-garden\\\/tools-workshop\\\/\"},{\"@type\":\"ListItem\",\"position\":5,\"name\":\"Hardware\",\"item\":\"https:\\\/\\\/schweizversand.ch\\\/en\\\/produkt-kategorie\\\/home-garden\\\/tools-workshop\\\/eisenwaren\\\/\"},{\"@type\":\"ListItem\",\"position\":6,\"name\":\"Kinzo dowels &#8211; set of 60 pieces\"}]},{\"@type\":\"WebSite\",\"@id\":\"https:\\\/\\\/schweizversand.ch\\\/en\\\/#website\",\"url\":\"https:\\\/\\\/schweizversand.ch\\\/en\\\/\",\"name\":\"Schweizer Shop f\u00fcr Sport, Spiel und Freizeit\",\"description\":\"Gratisversand ab 50.- (netto), ab eigenem schweizer Lager, Lieferung innert 48h\",\"publisher\":{\"@id\":\"https:\\\/\\\/schweizversand.ch\\\/en\\\/#organization\"},\"alternateName\":\"Schweizversand.ch\",\"potentialAction\":[{\"@type\":\"SearchAction\",\"target\":{\"@type\":\"EntryPoint\",\"urlTemplate\":\"https:\\\/\\\/schweizversand.ch\\\/en\\\/?s={search_term_string}\"},\"query-input\":{\"@type\":\"PropertyValueSpecification\",\"valueRequired\":true,\"valueName\":\"search_term_string\"}}],\"inLanguage\":\"en-US\"},{\"@type\":\"Organization\",\"@id\":\"https:\\\/\\\/schweizversand.ch\\\/en\\\/#organization\",\"name\":\"Schweizversand.ch\",\"url\":\"https:\\\/\\\/schweizversand.ch\\\/en\\\/\",\"logo\":{\"@type\":\"ImageObject\",\"inLanguage\":\"en-US\",\"@id\":\"https:\\\/\\\/schweizversand.ch\\\/en\\\/#\\\/schema\\\/logo\\\/image\\\/\",\"url\":\"https:\\\/\\\/schweizversand.ch\\\/wp-content\\\/uploads\\\/2026\\\/03\\\/Logo_Rund_Final-1.png\",\"contentUrl\":\"https:\\\/\\\/schweizversand.ch\\\/wp-content\\\/uploads\\\/2026\\\/03\\\/Logo_Rund_Final-1.png\",\"width\":404,\"height\":404,\"caption\":\"Schweizversand.ch\"},\"image\":{\"@id\":\"https:\\\/\\\/schweizversand.ch\\\/en\\\/#\\\/schema\\\/logo\\\/image\\\/\"},\"sameAs\":[\"https:\\\/\\\/www.facebook.com\\\/Schweizversand\",\"https:\\\/\\\/www.instagram.com\\\/schweizversand.ch\\\/\"]}]}<\/script>\n<!-- \/ Yoast SEO plugin. -->","yoast_head_json":{"title":"Kinzo D\u00fcbel - Set \u00e0 60 St\u00fcck | Jetzt kaufen | Schweizversand.ch","description":"Kinzo D\u00fcbel - Set \u00e0 60 St\u00fcck g\u00fcnstig kaufen bei Schweizversand.ch. Schnelle Lieferung in der Schweiz. Gratisversand ab CHF 50.","robots":{"index":"index","follow":"follow","max-snippet":"max-snippet:-1","max-image-preview":"max-image-preview:large","max-video-preview":"max-video-preview:-1"},"canonical":"https:\/\/schweizversand.ch\/en\/produkt\/kinzo-duebel-set-a-60-stueck\/","og_locale":"en_US","og_type":"article","og_title":"Kinzo D\u00fcbel - Set \u00e0 60 St\u00fcck | Jetzt kaufen | Schweizversand.ch","og_description":"Kinzo D\u00fcbel - Set \u00e0 60 St\u00fcck g\u00fcnstig kaufen bei Schweizversand.ch. Schnelle Lieferung in der Schweiz. Gratisversand ab CHF 50.","og_url":"https:\/\/schweizversand.ch\/en\/produkt\/kinzo-duebel-set-a-60-stueck\/","og_site_name":"Schweizer Shop f\u00fcr Sport, Spiel und Freizeit","article_publisher":"https:\/\/www.facebook.com\/Schweizversand","article_modified_time":"2026-04-20T13:31:35+00:00","og_image":[{"width":788,"height":1024,"url":"https:\/\/schweizversand.ch\/wp-content\/uploads\/2026\/02\/5471773976.jpg","type":"image\/jpeg"}],"twitter_card":"summary_large_image","twitter_misc":{"Est. reading time":"1 minute"},"schema":{"@context":"https:\/\/schema.org","@graph":[{"@type":"WebPage","@id":"https:\/\/schweizversand.ch\/en\/produkt\/kinzo-duebel-set-a-60-stueck\/","url":"https:\/\/schweizversand.ch\/en\/produkt\/kinzo-duebel-set-a-60-stueck\/","name":"Kinzo D\u00fcbel - Set \u00e0 60 St\u00fcck | Jetzt kaufen | Schweizversand.ch","isPartOf":{"@id":"https:\/\/schweizversand.ch\/en\/#website"},"primaryImageOfPage":{"@id":"https:\/\/schweizversand.ch\/en\/produkt\/kinzo-duebel-set-a-60-stueck\/#primaryimage"},"image":{"@id":"https:\/\/schweizversand.ch\/en\/produkt\/kinzo-duebel-set-a-60-stueck\/#primaryimage"},"thumbnailUrl":"https:\/\/schweizversand.ch\/wp-content\/uploads\/2026\/02\/5471773976.jpg","datePublished":"2026-03-14T23:05:56+00:00","dateModified":"2026-04-20T13:31:35+00:00","description":"Kinzo D\u00fcbel - Set \u00e0 60 St\u00fcck g\u00fcnstig kaufen bei Schweizversand.ch. Schnelle Lieferung in der Schweiz. Gratisversand ab CHF 50.","breadcrumb":{"@id":"https:\/\/schweizversand.ch\/en\/produkt\/kinzo-duebel-set-a-60-stueck\/#breadcrumb"},"inLanguage":"en-US","potentialAction":[{"@type":"ReadAction","target":["https:\/\/schweizversand.ch\/en\/produkt\/kinzo-duebel-set-a-60-stueck\/"]}]},{"@type":"ImageObject","inLanguage":"en-US","@id":"https:\/\/schweizversand.ch\/en\/produkt\/kinzo-duebel-set-a-60-stueck\/#primaryimage","url":"https:\/\/schweizversand.ch\/wp-content\/uploads\/2026\/02\/5471773976.jpg","contentUrl":"https:\/\/schweizversand.ch\/wp-content\/uploads\/2026\/02\/5471773976.jpg","width":788,"height":1024},{"@type":"BreadcrumbList","@id":"https:\/\/schweizversand.ch\/en\/produkt\/kinzo-duebel-set-a-60-stueck\/#breadcrumb","itemListElement":[{"@type":"ListItem","position":1,"name":"Startseite","item":"https:\/\/schweizversand.ch\/en\/"},{"@type":"ListItem","position":2,"name":"Shop","item":"https:\/\/schweizversand.ch\/en\/shop\/"},{"@type":"ListItem","position":3,"name":"Home &amp; Garden","item":"https:\/\/schweizversand.ch\/en\/produkt-kategorie\/home-garden\/"},{"@type":"ListItem","position":4,"name":"Tools &amp; Workshop","item":"https:\/\/schweizversand.ch\/en\/produkt-kategorie\/home-garden\/tools-workshop\/"},{"@type":"ListItem","position":5,"name":"Hardware","item":"https:\/\/schweizversand.ch\/en\/produkt-kategorie\/home-garden\/tools-workshop\/eisenwaren\/"},{"@type":"ListItem","position":6,"name":"Kinzo dowels &#8211; set of 60 pieces"}]},{"@type":"WebSite","@id":"https:\/\/schweizversand.ch\/en\/#website","url":"https:\/\/schweizversand.ch\/en\/","name":"Schweizer Shop f\u00fcr Sport, Spiel und Freizeit","description":"Gratisversand ab 50.- (netto), ab eigenem schweizer Lager, Lieferung innert 48h","publisher":{"@id":"https:\/\/schweizversand.ch\/en\/#organization"},"alternateName":"Schweizversand.ch","potentialAction":[{"@type":"SearchAction","target":{"@type":"EntryPoint","urlTemplate":"https:\/\/schweizversand.ch\/en\/?s={search_term_string}"},"query-input":{"@type":"PropertyValueSpecification","valueRequired":true,"valueName":"search_term_string"}}],"inLanguage":"en-US"},{"@type":"Organization","@id":"https:\/\/schweizversand.ch\/en\/#organization","name":"Schweizversand.ch","url":"https:\/\/schweizversand.ch\/en\/","logo":{"@type":"ImageObject","inLanguage":"en-US","@id":"https:\/\/schweizversand.ch\/en\/#\/schema\/logo\/image\/","url":"https:\/\/schweizversand.ch\/wp-content\/uploads\/2026\/03\/Logo_Rund_Final-1.png","contentUrl":"https:\/\/schweizversand.ch\/wp-content\/uploads\/2026\/03\/Logo_Rund_Final-1.png","width":404,"height":404,"caption":"Schweizversand.ch"},"image":{"@id":"https:\/\/schweizversand.ch\/en\/#\/schema\/logo\/image\/"},"sameAs":["https:\/\/www.facebook.com\/Schweizversand","https:\/\/www.instagram.com\/schweizversand.ch\/"]}]}},"jetpack_sharing_enabled":true,"_links":{"self":[{"href":"https:\/\/schweizversand.ch\/en\/wp-json\/wp\/v2\/product\/252606","targetHints":{"allow":["GET"]}}],"collection":[{"href":"https:\/\/schweizversand.ch\/en\/wp-json\/wp\/v2\/product"}],"about":[{"href":"https:\/\/schweizversand.ch\/en\/wp-json\/wp\/v2\/types\/product"}],"replies":[{"embeddable":true,"href":"https:\/\/schweizversand.ch\/en\/wp-json\/wp\/v2\/comments?post=252606"}],"wp:featuredmedia":[{"embeddable":true,"href":"https:\/\/schweizversand.ch\/en\/wp-json\/wp\/v2\/media\/157852"}],"wp:attachment":[{"href":"https:\/\/schweizversand.ch\/en\/wp-json\/wp\/v2\/media?parent=252606"}],"wp:term":[{"taxonomy":"product_brand","embeddable":true,"href":"https:\/\/schweizversand.ch\/en\/wp-json\/wp\/v2\/product_brand?post=252606"},{"taxonomy":"product_cat","embeddable":true,"href":"https:\/\/schweizversand.ch\/en\/wp-json\/wp\/v2\/product_cat?post=252606"},{"taxonomy":"product_tag","embeddable":true,"href":"https:\/\/schweizversand.ch\/en\/wp-json\/wp\/v2\/product_tag?post=252606"}],"curies":[{"name":"wp","href":"https:\/\/api.w.org\/{rel}","templated":true}]}}