{"id":252607,"date":"2026-03-15T00:05:56","date_gmt":"2026-03-14T23:05:56","guid":{"rendered":"https:\/\/schweizversand.ch\/produkt\/kinzo-duebel-set-a-160-stueck\/"},"modified":"2026-04-20T15:31:35","modified_gmt":"2026-04-20T13:31:35","slug":"kinzo-duebel-set-a-160-stueck","status":"publish","type":"product","link":"https:\/\/schweizversand.ch\/en\/produkt\/kinzo-duebel-set-a-160-stueck\/","title":{"rendered":"Kinzo dowels &#8211; set of 160 pieces"},"content":{"rendered":"<div>6 x 30 mm Wall Plugs \u2013 Stable Hold for Every Fixing!<br \/>These high-quality wall plugs (6 mm x 30 mm) offer reliable support for a wide variety of applications \u2013 whether hanging pictures, decorations, small shelves, or other household items. Thanks to their robust construction, they ensure a durable and secure fastening in walls, concrete, or drywall.<br \/>With 160 pieces per pack, you get excellent value for money \u2013 ideal for DIY enthusiasts, tradespeople, or professionals who value quality and stability. The wall plugs are easy to use and offer optimal hold, even under frequent loads.<br \/>Product Benefits at a Glance:<br \/>\u2022 Size: 6 mm diameter, 30 mm length<br \/>\u2022 Quantity: 160 pieces per pack<br \/>\u2022 Stable &#038; Durable: For a secure hold in walls, masonry, or panels<br \/>\u2022 Versatile: Ideal for pictures, decorations, shelves, and more<br \/>\u2022 Easy to use: Perfect for DIY enthusiasts and professionals alike<br \/>\u2022 Excellent value for money: High quality at a fair price<\/p>\n<\/div>\n<div>Whether renovating, decorating, or mounting \u2013 with these 6 x 30 mm wall plugs, every fastening is secure, quick, and permanent.<\/p>\n<\/div>\n","protected":false},"excerpt":{"rendered":"<p>6 x 30 mm Wall Plugs \u2013 Stable Hold for Every Fixing!These high-quality wall plugs (6 mm x 30 mm) offer reliable support for a wide variety of applications \u2013 whether hanging pictures, decorations, small shelves, or other household items. Thanks to their robust construction, they ensure a durable and secure fastening in walls, concrete, or drywall.With 160 pieces per pack, you get excellent value for money \u2013 ideal for DIY enthusiasts, tradespeople, or professionals&hellip;<\/p>\n","protected":false},"featured_media":261163,"comment_status":"open","ping_status":"closed","template":"","meta":[],"product_brand":[],"product_cat":[38420,38971,38778],"product_tag":[],"class_list":{"0":"post-252607","1":"product","2":"type-product","3":"status-publish","4":"has-post-thumbnail","6":"product_cat-eisenwaren","9":"product_shipping_class-global_methods","11":"first","12":"instock","13":"taxable","14":"shipping-taxable","15":"purchasable","16":"product-type-simple"},"yoast_head":"<!-- This site is optimized with the Yoast SEO plugin v27.4 - https:\/\/yoast.com\/product\/yoast-seo-wordpress\/ -->\n<title>Kinzo D\u00fcbel - Set \u00e0 160 St\u00fcck<\/title>\n<meta name=\"description\" content=\"D\u00fcbel 6 x 30 mm \u2013 Stabiler Halt f\u00fcr jede Befestigung!\u00a0 Diese hochwertigen D\u00fcbel (6 mm x 30 mm) bieten zuverl\u00e4ssigen Halt f\u00fcr eine Vielzahl von Anwendungen \u2013 ob\" \/>\n<meta name=\"robots\" content=\"index, follow, max-snippet:-1, max-image-preview:large, max-video-preview:-1\" \/>\n<link rel=\"canonical\" href=\"https:\/\/schweizversand.ch\/en\/produkt\/kinzo-duebel-set-a-160-stueck\/\" \/>\n<meta property=\"og:locale\" content=\"en_US\" \/>\n<meta property=\"og:type\" content=\"article\" \/>\n<meta property=\"og:title\" content=\"Kinzo D\u00fcbel - Set \u00e0 160 St\u00fcck\" \/>\n<meta property=\"og:description\" content=\"D\u00fcbel 6 x 30 mm \u2013 Stabiler Halt f\u00fcr jede Befestigung!\u00a0 Diese hochwertigen D\u00fcbel (6 mm x 30 mm) bieten zuverl\u00e4ssigen Halt f\u00fcr eine Vielzahl von Anwendungen \u2013 ob\" \/>\n<meta property=\"og:url\" content=\"https:\/\/schweizversand.ch\/en\/produkt\/kinzo-duebel-set-a-160-stueck\/\" \/>\n<meta property=\"og:site_name\" content=\"Schweizer Shop f\u00fcr Sport, Spiel und Freizeit\" \/>\n<meta property=\"article:publisher\" content=\"https:\/\/www.facebook.com\/Schweizversand\" \/>\n<meta property=\"article:modified_time\" content=\"2026-04-20T13:31:35+00:00\" \/>\n<meta property=\"og:image\" content=\"https:\/\/schweizversand.ch\/wp-content\/uploads\/2026\/02\/5471775290.jpg\" \/>\n\t<meta property=\"og:image:width\" content=\"779\" \/>\n\t<meta property=\"og:image:height\" content=\"1024\" \/>\n\t<meta property=\"og:image:type\" content=\"image\/jpeg\" \/>\n<meta name=\"twitter:card\" content=\"summary_large_image\" \/>\n<meta name=\"twitter:label1\" content=\"Est. reading time\" \/>\n\t<meta name=\"twitter:data1\" content=\"1 minute\" \/>\n<script type=\"application\/ld+json\" class=\"yoast-schema-graph\">{\"@context\":\"https:\\\/\\\/schema.org\",\"@graph\":[{\"@type\":\"WebPage\",\"@id\":\"https:\\\/\\\/schweizversand.ch\\\/en\\\/produkt\\\/kinzo-duebel-set-a-160-stueck\\\/\",\"url\":\"https:\\\/\\\/schweizversand.ch\\\/en\\\/produkt\\\/kinzo-duebel-set-a-160-stueck\\\/\",\"name\":\"Kinzo D\u00fcbel - Set \u00e0 160 St\u00fcck\",\"isPartOf\":{\"@id\":\"https:\\\/\\\/schweizversand.ch\\\/en\\\/#website\"},\"primaryImageOfPage\":{\"@id\":\"https:\\\/\\\/schweizversand.ch\\\/en\\\/produkt\\\/kinzo-duebel-set-a-160-stueck\\\/#primaryimage\"},\"image\":{\"@id\":\"https:\\\/\\\/schweizversand.ch\\\/en\\\/produkt\\\/kinzo-duebel-set-a-160-stueck\\\/#primaryimage\"},\"thumbnailUrl\":\"https:\\\/\\\/schweizversand.ch\\\/wp-content\\\/uploads\\\/2026\\\/02\\\/5471775290.jpg\",\"datePublished\":\"2026-03-14T23:05:56+00:00\",\"dateModified\":\"2026-04-20T13:31:35+00:00\",\"description\":\"D\u00fcbel 6 x 30 mm \u2013 Stabiler Halt f\u00fcr jede Befestigung!\u00a0 Diese hochwertigen D\u00fcbel (6 mm x 30 mm) bieten zuverl\u00e4ssigen Halt f\u00fcr eine Vielzahl von Anwendungen \u2013 ob\",\"breadcrumb\":{\"@id\":\"https:\\\/\\\/schweizversand.ch\\\/en\\\/produkt\\\/kinzo-duebel-set-a-160-stueck\\\/#breadcrumb\"},\"inLanguage\":\"en-US\",\"potentialAction\":[{\"@type\":\"ReadAction\",\"target\":[\"https:\\\/\\\/schweizversand.ch\\\/en\\\/produkt\\\/kinzo-duebel-set-a-160-stueck\\\/\"]}]},{\"@type\":\"ImageObject\",\"inLanguage\":\"en-US\",\"@id\":\"https:\\\/\\\/schweizversand.ch\\\/en\\\/produkt\\\/kinzo-duebel-set-a-160-stueck\\\/#primaryimage\",\"url\":\"https:\\\/\\\/schweizversand.ch\\\/wp-content\\\/uploads\\\/2026\\\/02\\\/5471775290.jpg\",\"contentUrl\":\"https:\\\/\\\/schweizversand.ch\\\/wp-content\\\/uploads\\\/2026\\\/02\\\/5471775290.jpg\",\"width\":779,\"height\":1024},{\"@type\":\"BreadcrumbList\",\"@id\":\"https:\\\/\\\/schweizversand.ch\\\/en\\\/produkt\\\/kinzo-duebel-set-a-160-stueck\\\/#breadcrumb\",\"itemListElement\":[{\"@type\":\"ListItem\",\"position\":1,\"name\":\"Startseite\",\"item\":\"https:\\\/\\\/schweizversand.ch\\\/en\\\/\"},{\"@type\":\"ListItem\",\"position\":2,\"name\":\"Shop\",\"item\":\"https:\\\/\\\/schweizversand.ch\\\/en\\\/shop\\\/\"},{\"@type\":\"ListItem\",\"position\":3,\"name\":\"Home &amp; Garden\",\"item\":\"https:\\\/\\\/schweizversand.ch\\\/en\\\/produkt-kategorie\\\/home-garden\\\/\"},{\"@type\":\"ListItem\",\"position\":4,\"name\":\"Tools &amp; Workshop\",\"item\":\"https:\\\/\\\/schweizversand.ch\\\/en\\\/produkt-kategorie\\\/home-garden\\\/tools-workshop\\\/\"},{\"@type\":\"ListItem\",\"position\":5,\"name\":\"Ferramenta\",\"item\":\"https:\\\/\\\/schweizversand.ch\\\/en\\\/produkt-kategorie\\\/eisenwaren\\\/\"},{\"@type\":\"ListItem\",\"position\":6,\"name\":\"Kinzo dowels &#8211; set of 160 pieces\"}]},{\"@type\":\"WebSite\",\"@id\":\"https:\\\/\\\/schweizversand.ch\\\/en\\\/#website\",\"url\":\"https:\\\/\\\/schweizversand.ch\\\/en\\\/\",\"name\":\"Schweizer Shop f\u00fcr Sport, Spiel und Freizeit\",\"description\":\"Gratisversand ab 50.- (netto), ab eigenem schweizer Lager, Lieferung innert 48h\",\"publisher\":{\"@id\":\"https:\\\/\\\/schweizversand.ch\\\/en\\\/#organization\"},\"alternateName\":\"Schweizversand.ch\",\"potentialAction\":[{\"@type\":\"SearchAction\",\"target\":{\"@type\":\"EntryPoint\",\"urlTemplate\":\"https:\\\/\\\/schweizversand.ch\\\/en\\\/?s={search_term_string}\"},\"query-input\":{\"@type\":\"PropertyValueSpecification\",\"valueRequired\":true,\"valueName\":\"search_term_string\"}}],\"inLanguage\":\"en-US\"},{\"@type\":\"Organization\",\"@id\":\"https:\\\/\\\/schweizversand.ch\\\/en\\\/#organization\",\"name\":\"Schweizversand.ch\",\"url\":\"https:\\\/\\\/schweizversand.ch\\\/en\\\/\",\"logo\":{\"@type\":\"ImageObject\",\"inLanguage\":\"en-US\",\"@id\":\"https:\\\/\\\/schweizversand.ch\\\/en\\\/#\\\/schema\\\/logo\\\/image\\\/\",\"url\":\"https:\\\/\\\/schweizversand.ch\\\/wp-content\\\/uploads\\\/2026\\\/03\\\/Logo_Rund_Final-1.png\",\"contentUrl\":\"https:\\\/\\\/schweizversand.ch\\\/wp-content\\\/uploads\\\/2026\\\/03\\\/Logo_Rund_Final-1.png\",\"width\":404,\"height\":404,\"caption\":\"Schweizversand.ch\"},\"image\":{\"@id\":\"https:\\\/\\\/schweizversand.ch\\\/en\\\/#\\\/schema\\\/logo\\\/image\\\/\"},\"sameAs\":[\"https:\\\/\\\/www.facebook.com\\\/Schweizversand\",\"https:\\\/\\\/www.instagram.com\\\/schweizversand.ch\\\/\"]}]}<\/script>\n<!-- \/ Yoast SEO plugin. -->","yoast_head_json":{"title":"Kinzo D\u00fcbel - Set \u00e0 160 St\u00fcck","description":"D\u00fcbel 6 x 30 mm \u2013 Stabiler Halt f\u00fcr jede Befestigung!\u00a0 Diese hochwertigen D\u00fcbel (6 mm x 30 mm) bieten zuverl\u00e4ssigen Halt f\u00fcr eine Vielzahl von Anwendungen \u2013 ob","robots":{"index":"index","follow":"follow","max-snippet":"max-snippet:-1","max-image-preview":"max-image-preview:large","max-video-preview":"max-video-preview:-1"},"canonical":"https:\/\/schweizversand.ch\/en\/produkt\/kinzo-duebel-set-a-160-stueck\/","og_locale":"en_US","og_type":"article","og_title":"Kinzo D\u00fcbel - Set \u00e0 160 St\u00fcck","og_description":"D\u00fcbel 6 x 30 mm \u2013 Stabiler Halt f\u00fcr jede Befestigung!\u00a0 Diese hochwertigen D\u00fcbel (6 mm x 30 mm) bieten zuverl\u00e4ssigen Halt f\u00fcr eine Vielzahl von Anwendungen \u2013 ob","og_url":"https:\/\/schweizversand.ch\/en\/produkt\/kinzo-duebel-set-a-160-stueck\/","og_site_name":"Schweizer Shop f\u00fcr Sport, Spiel und Freizeit","article_publisher":"https:\/\/www.facebook.com\/Schweizversand","article_modified_time":"2026-04-20T13:31:35+00:00","og_image":[{"width":779,"height":1024,"url":"https:\/\/schweizversand.ch\/wp-content\/uploads\/2026\/02\/5471775290.jpg","type":"image\/jpeg"}],"twitter_card":"summary_large_image","twitter_misc":{"Est. reading time":"1 minute"},"schema":{"@context":"https:\/\/schema.org","@graph":[{"@type":"WebPage","@id":"https:\/\/schweizversand.ch\/en\/produkt\/kinzo-duebel-set-a-160-stueck\/","url":"https:\/\/schweizversand.ch\/en\/produkt\/kinzo-duebel-set-a-160-stueck\/","name":"Kinzo D\u00fcbel - Set \u00e0 160 St\u00fcck","isPartOf":{"@id":"https:\/\/schweizversand.ch\/en\/#website"},"primaryImageOfPage":{"@id":"https:\/\/schweizversand.ch\/en\/produkt\/kinzo-duebel-set-a-160-stueck\/#primaryimage"},"image":{"@id":"https:\/\/schweizversand.ch\/en\/produkt\/kinzo-duebel-set-a-160-stueck\/#primaryimage"},"thumbnailUrl":"https:\/\/schweizversand.ch\/wp-content\/uploads\/2026\/02\/5471775290.jpg","datePublished":"2026-03-14T23:05:56+00:00","dateModified":"2026-04-20T13:31:35+00:00","description":"D\u00fcbel 6 x 30 mm \u2013 Stabiler Halt f\u00fcr jede Befestigung!\u00a0 Diese hochwertigen D\u00fcbel (6 mm x 30 mm) bieten zuverl\u00e4ssigen Halt f\u00fcr eine Vielzahl von Anwendungen \u2013 ob","breadcrumb":{"@id":"https:\/\/schweizversand.ch\/en\/produkt\/kinzo-duebel-set-a-160-stueck\/#breadcrumb"},"inLanguage":"en-US","potentialAction":[{"@type":"ReadAction","target":["https:\/\/schweizversand.ch\/en\/produkt\/kinzo-duebel-set-a-160-stueck\/"]}]},{"@type":"ImageObject","inLanguage":"en-US","@id":"https:\/\/schweizversand.ch\/en\/produkt\/kinzo-duebel-set-a-160-stueck\/#primaryimage","url":"https:\/\/schweizversand.ch\/wp-content\/uploads\/2026\/02\/5471775290.jpg","contentUrl":"https:\/\/schweizversand.ch\/wp-content\/uploads\/2026\/02\/5471775290.jpg","width":779,"height":1024},{"@type":"BreadcrumbList","@id":"https:\/\/schweizversand.ch\/en\/produkt\/kinzo-duebel-set-a-160-stueck\/#breadcrumb","itemListElement":[{"@type":"ListItem","position":1,"name":"Startseite","item":"https:\/\/schweizversand.ch\/en\/"},{"@type":"ListItem","position":2,"name":"Shop","item":"https:\/\/schweizversand.ch\/en\/shop\/"},{"@type":"ListItem","position":3,"name":"Home &amp; Garden","item":"https:\/\/schweizversand.ch\/en\/produkt-kategorie\/home-garden\/"},{"@type":"ListItem","position":4,"name":"Tools &amp; Workshop","item":"https:\/\/schweizversand.ch\/en\/produkt-kategorie\/home-garden\/tools-workshop\/"},{"@type":"ListItem","position":5,"name":"Ferramenta","item":"https:\/\/schweizversand.ch\/en\/produkt-kategorie\/eisenwaren\/"},{"@type":"ListItem","position":6,"name":"Kinzo dowels &#8211; set of 160 pieces"}]},{"@type":"WebSite","@id":"https:\/\/schweizversand.ch\/en\/#website","url":"https:\/\/schweizversand.ch\/en\/","name":"Schweizer Shop f\u00fcr Sport, Spiel und Freizeit","description":"Gratisversand ab 50.- (netto), ab eigenem schweizer Lager, Lieferung innert 48h","publisher":{"@id":"https:\/\/schweizversand.ch\/en\/#organization"},"alternateName":"Schweizversand.ch","potentialAction":[{"@type":"SearchAction","target":{"@type":"EntryPoint","urlTemplate":"https:\/\/schweizversand.ch\/en\/?s={search_term_string}"},"query-input":{"@type":"PropertyValueSpecification","valueRequired":true,"valueName":"search_term_string"}}],"inLanguage":"en-US"},{"@type":"Organization","@id":"https:\/\/schweizversand.ch\/en\/#organization","name":"Schweizversand.ch","url":"https:\/\/schweizversand.ch\/en\/","logo":{"@type":"ImageObject","inLanguage":"en-US","@id":"https:\/\/schweizversand.ch\/en\/#\/schema\/logo\/image\/","url":"https:\/\/schweizversand.ch\/wp-content\/uploads\/2026\/03\/Logo_Rund_Final-1.png","contentUrl":"https:\/\/schweizversand.ch\/wp-content\/uploads\/2026\/03\/Logo_Rund_Final-1.png","width":404,"height":404,"caption":"Schweizversand.ch"},"image":{"@id":"https:\/\/schweizversand.ch\/en\/#\/schema\/logo\/image\/"},"sameAs":["https:\/\/www.facebook.com\/Schweizversand","https:\/\/www.instagram.com\/schweizversand.ch\/"]}]}},"jetpack_sharing_enabled":true,"_links":{"self":[{"href":"https:\/\/schweizversand.ch\/en\/wp-json\/wp\/v2\/product\/252607","targetHints":{"allow":["GET"]}}],"collection":[{"href":"https:\/\/schweizversand.ch\/en\/wp-json\/wp\/v2\/product"}],"about":[{"href":"https:\/\/schweizversand.ch\/en\/wp-json\/wp\/v2\/types\/product"}],"replies":[{"embeddable":true,"href":"https:\/\/schweizversand.ch\/en\/wp-json\/wp\/v2\/comments?post=252607"}],"wp:featuredmedia":[{"embeddable":true,"href":"https:\/\/schweizversand.ch\/en\/wp-json\/wp\/v2\/media\/261163"}],"wp:attachment":[{"href":"https:\/\/schweizversand.ch\/en\/wp-json\/wp\/v2\/media?parent=252607"}],"wp:term":[{"taxonomy":"product_brand","embeddable":true,"href":"https:\/\/schweizversand.ch\/en\/wp-json\/wp\/v2\/product_brand?post=252607"},{"taxonomy":"product_cat","embeddable":true,"href":"https:\/\/schweizversand.ch\/en\/wp-json\/wp\/v2\/product_cat?post=252607"},{"taxonomy":"product_tag","embeddable":true,"href":"https:\/\/schweizversand.ch\/en\/wp-json\/wp\/v2\/product_tag?post=252607"}],"curies":[{"name":"wp","href":"https:\/\/api.w.org\/{rel}","templated":true}]}}