{"id":252615,"date":"2026-03-15T00:05:58","date_gmt":"2026-03-14T23:05:58","guid":{"rendered":"https:\/\/schweizversand.ch\/produkt\/dirt-devil-kleiderbuegel-10-er-set\/"},"modified":"2026-04-21T02:00:57","modified_gmt":"2026-04-21T00:00:57","slug":"dirt-devil-kleiderbuegel-10-er-set","status":"publish","type":"product","link":"https:\/\/schweizversand.ch\/en\/produkt\/dirt-devil-kleiderbuegel-10-er-set\/","title":{"rendered":"Dirt Devil Clothes Hangers, Set of 10"},"content":{"rendered":"<p>Optimize your wardrobe or clothes rack with these versatile and sturdy hangers from Dirt Devil. These hangers are ideal for hanging T-shirts, blouses, jackets, trousers, and more. With their simple design and dual function for jackets and trousers, they are the perfect choice for any wardrobe.<\/p>\n<p>Benefits of this item:<\/p>\n<p>\u2022 Simple design: Timeless and suitable for any wardrobe.<\/p>\n<p>\u2022 Dual function: Perfect for hanging jackets and trousers.<\/p>\n<p>\u2022 Sturdy plastic: Durable and robust, ideal for everyday use.<\/p>\n<p>\u2022 Material: High-quality polypropylene plastic<\/p>\n<p>\u2022 Length: 36 cm<\/p>\n<p>\u2022 Width: 1.5 cm<\/p>\n<p>\u2022 Height: 21 cm<\/p>\n<p>Specifications:<\/p>\n<p>\u2022 Set: 10 clothes hangers<\/p>\n<p>\u2022 Rotating hook: For easy hanging and flexible use<\/p>\n<p>\u2022 Trouser bar: Additional space for trousers or accessories<\/p>\n<p>These clothes hangers are not only functional but also space-saving, allowing you to optimally organize your wardrobe. The rotating hook enables flexible handling and easy storage.<\/p>\n<p>Equip your wardrobe or clothes rack with these practical and sturdy clothes hangers from Dirt Devil and create order and clarity.<\/p>\n","protected":false},"excerpt":{"rendered":"<p>Optimize your wardrobe or clothes rack with these versatile and sturdy hangers from Dirt Devil. These hangers are ideal for hanging T-shirts, blouses, jackets, trousers, and more. With their simple design and dual function for jackets and trousers, they are the perfect choice for any wardrobe. Benefits of this item: \u2022 Simple design: Timeless and suitable for any wardrobe. \u2022 Dual function: Perfect for hanging jackets and trousers. \u2022 Sturdy plastic: Durable and robust, ideal&hellip;<\/p>\n","protected":false},"featured_media":157906,"comment_status":"open","ping_status":"closed","template":"","meta":[],"product_brand":[],"product_cat":[38779,38783,38892],"product_tag":[],"class_list":{"0":"post-252615","1":"product","2":"type-product","3":"status-publish","4":"has-post-thumbnail","6":"product_cat-kleideraufbewahrung","7":"product_cat-clothes-storage","9":"product_shipping_class-global_methods","11":"first","12":"instock","13":"taxable","14":"shipping-taxable","15":"purchasable","16":"product-type-simple"},"yoast_head":"<!-- This site is optimized with the Yoast SEO plugin v27.4 - https:\/\/yoast.com\/product\/yoast-seo-wordpress\/ -->\n<title>Dirt Devil Kleiderb\u00fcgel 10-er Set | Jetzt kaufen | Schweizversand.ch<\/title>\n<meta name=\"description\" content=\"Dirt Devil Kleiderb\u00fcgel 10-er Set g\u00fcnstig kaufen bei Schweizversand.ch. Schnelle Lieferung in der Schweiz. Gratisversand ab CHF 50.\" \/>\n<meta name=\"robots\" content=\"index, follow, max-snippet:-1, max-image-preview:large, max-video-preview:-1\" \/>\n<link rel=\"canonical\" href=\"https:\/\/schweizversand.ch\/en\/produkt\/dirt-devil-kleiderbuegel-10-er-set\/\" \/>\n<meta property=\"og:locale\" content=\"en_US\" \/>\n<meta property=\"og:type\" content=\"article\" \/>\n<meta property=\"og:title\" content=\"Dirt Devil Kleiderb\u00fcgel 10-er Set | Jetzt kaufen | Schweizversand.ch\" \/>\n<meta property=\"og:description\" content=\"Dirt Devil Kleiderb\u00fcgel 10-er Set g\u00fcnstig kaufen bei Schweizversand.ch. Schnelle Lieferung in der Schweiz. Gratisversand ab CHF 50.\" \/>\n<meta property=\"og:url\" content=\"https:\/\/schweizversand.ch\/en\/produkt\/dirt-devil-kleiderbuegel-10-er-set\/\" \/>\n<meta property=\"og:site_name\" content=\"Schweizer Shop f\u00fcr Sport, Spiel und Freizeit\" \/>\n<meta property=\"article:publisher\" content=\"https:\/\/www.facebook.com\/Schweizversand\" \/>\n<meta property=\"article:modified_time\" content=\"2026-04-21T00:00:57+00:00\" \/>\n<meta property=\"og:image\" content=\"https:\/\/schweizversand.ch\/wp-content\/uploads\/2026\/02\/5471753734.jpg\" \/>\n\t<meta property=\"og:image:width\" content=\"1024\" \/>\n\t<meta property=\"og:image:height\" content=\"589\" \/>\n\t<meta property=\"og:image:type\" content=\"image\/jpeg\" \/>\n<meta name=\"twitter:card\" content=\"summary_large_image\" \/>\n<meta name=\"twitter:label1\" content=\"Est. reading time\" \/>\n\t<meta name=\"twitter:data1\" content=\"1 minute\" \/>\n<script type=\"application\/ld+json\" class=\"yoast-schema-graph\">{\"@context\":\"https:\\\/\\\/schema.org\",\"@graph\":[{\"@type\":\"WebPage\",\"@id\":\"https:\\\/\\\/schweizversand.ch\\\/en\\\/produkt\\\/dirt-devil-kleiderbuegel-10-er-set\\\/\",\"url\":\"https:\\\/\\\/schweizversand.ch\\\/en\\\/produkt\\\/dirt-devil-kleiderbuegel-10-er-set\\\/\",\"name\":\"Dirt Devil Kleiderb\u00fcgel 10-er Set | Jetzt kaufen | Schweizversand.ch\",\"isPartOf\":{\"@id\":\"https:\\\/\\\/schweizversand.ch\\\/en\\\/#website\"},\"primaryImageOfPage\":{\"@id\":\"https:\\\/\\\/schweizversand.ch\\\/en\\\/produkt\\\/dirt-devil-kleiderbuegel-10-er-set\\\/#primaryimage\"},\"image\":{\"@id\":\"https:\\\/\\\/schweizversand.ch\\\/en\\\/produkt\\\/dirt-devil-kleiderbuegel-10-er-set\\\/#primaryimage\"},\"thumbnailUrl\":\"https:\\\/\\\/schweizversand.ch\\\/wp-content\\\/uploads\\\/2026\\\/02\\\/5471753734.jpg\",\"datePublished\":\"2026-03-14T23:05:58+00:00\",\"dateModified\":\"2026-04-21T00:00:57+00:00\",\"description\":\"Dirt Devil Kleiderb\u00fcgel 10-er Set g\u00fcnstig kaufen bei Schweizversand.ch. Schnelle Lieferung in der Schweiz. Gratisversand ab CHF 50.\",\"breadcrumb\":{\"@id\":\"https:\\\/\\\/schweizversand.ch\\\/en\\\/produkt\\\/dirt-devil-kleiderbuegel-10-er-set\\\/#breadcrumb\"},\"inLanguage\":\"en-US\",\"potentialAction\":[{\"@type\":\"ReadAction\",\"target\":[\"https:\\\/\\\/schweizversand.ch\\\/en\\\/produkt\\\/dirt-devil-kleiderbuegel-10-er-set\\\/\"]}]},{\"@type\":\"ImageObject\",\"inLanguage\":\"en-US\",\"@id\":\"https:\\\/\\\/schweizversand.ch\\\/en\\\/produkt\\\/dirt-devil-kleiderbuegel-10-er-set\\\/#primaryimage\",\"url\":\"https:\\\/\\\/schweizversand.ch\\\/wp-content\\\/uploads\\\/2026\\\/02\\\/5471753734.jpg\",\"contentUrl\":\"https:\\\/\\\/schweizversand.ch\\\/wp-content\\\/uploads\\\/2026\\\/02\\\/5471753734.jpg\",\"width\":1024,\"height\":589},{\"@type\":\"BreadcrumbList\",\"@id\":\"https:\\\/\\\/schweizversand.ch\\\/en\\\/produkt\\\/dirt-devil-kleiderbuegel-10-er-set\\\/#breadcrumb\",\"itemListElement\":[{\"@type\":\"ListItem\",\"position\":1,\"name\":\"Startseite\",\"item\":\"https:\\\/\\\/schweizversand.ch\\\/en\\\/\"},{\"@type\":\"ListItem\",\"position\":2,\"name\":\"Shop\",\"item\":\"https:\\\/\\\/schweizversand.ch\\\/en\\\/shop\\\/\"},{\"@type\":\"ListItem\",\"position\":3,\"name\":\"Home\",\"item\":\"https:\\\/\\\/schweizversand.ch\\\/en\\\/produkt-kategorie\\\/home\\\/\"},{\"@type\":\"ListItem\",\"position\":4,\"name\":\"Living\",\"item\":\"https:\\\/\\\/schweizversand.ch\\\/en\\\/produkt-kategorie\\\/home\\\/living\\\/\"},{\"@type\":\"ListItem\",\"position\":5,\"name\":\"Storage &amp; Organization\",\"item\":\"https:\\\/\\\/schweizversand.ch\\\/en\\\/produkt-kategorie\\\/home\\\/living\\\/storage-organization\\\/\"},{\"@type\":\"ListItem\",\"position\":6,\"name\":\"Clothes Storage\",\"item\":\"https:\\\/\\\/schweizversand.ch\\\/en\\\/produkt-kategorie\\\/home\\\/living\\\/storage-organization\\\/clothes-storage\\\/\"},{\"@type\":\"ListItem\",\"position\":7,\"name\":\"Dirt Devil Clothes Hangers, Set of 10\"}]},{\"@type\":\"WebSite\",\"@id\":\"https:\\\/\\\/schweizversand.ch\\\/en\\\/#website\",\"url\":\"https:\\\/\\\/schweizversand.ch\\\/en\\\/\",\"name\":\"Schweizer Shop f\u00fcr Sport, Spiel und Freizeit\",\"description\":\"Gratisversand ab 50.- (netto), ab eigenem schweizer Lager, Lieferung innert 48h\",\"publisher\":{\"@id\":\"https:\\\/\\\/schweizversand.ch\\\/en\\\/#organization\"},\"alternateName\":\"Schweizversand.ch\",\"potentialAction\":[{\"@type\":\"SearchAction\",\"target\":{\"@type\":\"EntryPoint\",\"urlTemplate\":\"https:\\\/\\\/schweizversand.ch\\\/en\\\/?s={search_term_string}\"},\"query-input\":{\"@type\":\"PropertyValueSpecification\",\"valueRequired\":true,\"valueName\":\"search_term_string\"}}],\"inLanguage\":\"en-US\"},{\"@type\":\"Organization\",\"@id\":\"https:\\\/\\\/schweizversand.ch\\\/en\\\/#organization\",\"name\":\"Schweizversand.ch\",\"url\":\"https:\\\/\\\/schweizversand.ch\\\/en\\\/\",\"logo\":{\"@type\":\"ImageObject\",\"inLanguage\":\"en-US\",\"@id\":\"https:\\\/\\\/schweizversand.ch\\\/en\\\/#\\\/schema\\\/logo\\\/image\\\/\",\"url\":\"https:\\\/\\\/schweizversand.ch\\\/wp-content\\\/uploads\\\/2026\\\/03\\\/Logo_Rund_Final-1.png\",\"contentUrl\":\"https:\\\/\\\/schweizversand.ch\\\/wp-content\\\/uploads\\\/2026\\\/03\\\/Logo_Rund_Final-1.png\",\"width\":404,\"height\":404,\"caption\":\"Schweizversand.ch\"},\"image\":{\"@id\":\"https:\\\/\\\/schweizversand.ch\\\/en\\\/#\\\/schema\\\/logo\\\/image\\\/\"},\"sameAs\":[\"https:\\\/\\\/www.facebook.com\\\/Schweizversand\",\"https:\\\/\\\/www.instagram.com\\\/schweizversand.ch\\\/\"]}]}<\/script>\n<!-- \/ Yoast SEO plugin. -->","yoast_head_json":{"title":"Dirt Devil Kleiderb\u00fcgel 10-er Set | Jetzt kaufen | Schweizversand.ch","description":"Dirt Devil Kleiderb\u00fcgel 10-er Set g\u00fcnstig kaufen bei Schweizversand.ch. Schnelle Lieferung in der Schweiz. Gratisversand ab CHF 50.","robots":{"index":"index","follow":"follow","max-snippet":"max-snippet:-1","max-image-preview":"max-image-preview:large","max-video-preview":"max-video-preview:-1"},"canonical":"https:\/\/schweizversand.ch\/en\/produkt\/dirt-devil-kleiderbuegel-10-er-set\/","og_locale":"en_US","og_type":"article","og_title":"Dirt Devil Kleiderb\u00fcgel 10-er Set | Jetzt kaufen | Schweizversand.ch","og_description":"Dirt Devil Kleiderb\u00fcgel 10-er Set g\u00fcnstig kaufen bei Schweizversand.ch. Schnelle Lieferung in der Schweiz. Gratisversand ab CHF 50.","og_url":"https:\/\/schweizversand.ch\/en\/produkt\/dirt-devil-kleiderbuegel-10-er-set\/","og_site_name":"Schweizer Shop f\u00fcr Sport, Spiel und Freizeit","article_publisher":"https:\/\/www.facebook.com\/Schweizversand","article_modified_time":"2026-04-21T00:00:57+00:00","og_image":[{"width":1024,"height":589,"url":"https:\/\/schweizversand.ch\/wp-content\/uploads\/2026\/02\/5471753734.jpg","type":"image\/jpeg"}],"twitter_card":"summary_large_image","twitter_misc":{"Est. reading time":"1 minute"},"schema":{"@context":"https:\/\/schema.org","@graph":[{"@type":"WebPage","@id":"https:\/\/schweizversand.ch\/en\/produkt\/dirt-devil-kleiderbuegel-10-er-set\/","url":"https:\/\/schweizversand.ch\/en\/produkt\/dirt-devil-kleiderbuegel-10-er-set\/","name":"Dirt Devil Kleiderb\u00fcgel 10-er Set | Jetzt kaufen | Schweizversand.ch","isPartOf":{"@id":"https:\/\/schweizversand.ch\/en\/#website"},"primaryImageOfPage":{"@id":"https:\/\/schweizversand.ch\/en\/produkt\/dirt-devil-kleiderbuegel-10-er-set\/#primaryimage"},"image":{"@id":"https:\/\/schweizversand.ch\/en\/produkt\/dirt-devil-kleiderbuegel-10-er-set\/#primaryimage"},"thumbnailUrl":"https:\/\/schweizversand.ch\/wp-content\/uploads\/2026\/02\/5471753734.jpg","datePublished":"2026-03-14T23:05:58+00:00","dateModified":"2026-04-21T00:00:57+00:00","description":"Dirt Devil Kleiderb\u00fcgel 10-er Set g\u00fcnstig kaufen bei Schweizversand.ch. Schnelle Lieferung in der Schweiz. Gratisversand ab CHF 50.","breadcrumb":{"@id":"https:\/\/schweizversand.ch\/en\/produkt\/dirt-devil-kleiderbuegel-10-er-set\/#breadcrumb"},"inLanguage":"en-US","potentialAction":[{"@type":"ReadAction","target":["https:\/\/schweizversand.ch\/en\/produkt\/dirt-devil-kleiderbuegel-10-er-set\/"]}]},{"@type":"ImageObject","inLanguage":"en-US","@id":"https:\/\/schweizversand.ch\/en\/produkt\/dirt-devil-kleiderbuegel-10-er-set\/#primaryimage","url":"https:\/\/schweizversand.ch\/wp-content\/uploads\/2026\/02\/5471753734.jpg","contentUrl":"https:\/\/schweizversand.ch\/wp-content\/uploads\/2026\/02\/5471753734.jpg","width":1024,"height":589},{"@type":"BreadcrumbList","@id":"https:\/\/schweizversand.ch\/en\/produkt\/dirt-devil-kleiderbuegel-10-er-set\/#breadcrumb","itemListElement":[{"@type":"ListItem","position":1,"name":"Startseite","item":"https:\/\/schweizversand.ch\/en\/"},{"@type":"ListItem","position":2,"name":"Shop","item":"https:\/\/schweizversand.ch\/en\/shop\/"},{"@type":"ListItem","position":3,"name":"Home","item":"https:\/\/schweizversand.ch\/en\/produkt-kategorie\/home\/"},{"@type":"ListItem","position":4,"name":"Living","item":"https:\/\/schweizversand.ch\/en\/produkt-kategorie\/home\/living\/"},{"@type":"ListItem","position":5,"name":"Storage &amp; Organization","item":"https:\/\/schweizversand.ch\/en\/produkt-kategorie\/home\/living\/storage-organization\/"},{"@type":"ListItem","position":6,"name":"Clothes Storage","item":"https:\/\/schweizversand.ch\/en\/produkt-kategorie\/home\/living\/storage-organization\/clothes-storage\/"},{"@type":"ListItem","position":7,"name":"Dirt Devil Clothes Hangers, Set of 10"}]},{"@type":"WebSite","@id":"https:\/\/schweizversand.ch\/en\/#website","url":"https:\/\/schweizversand.ch\/en\/","name":"Schweizer Shop f\u00fcr Sport, Spiel und Freizeit","description":"Gratisversand ab 50.- (netto), ab eigenem schweizer Lager, Lieferung innert 48h","publisher":{"@id":"https:\/\/schweizversand.ch\/en\/#organization"},"alternateName":"Schweizversand.ch","potentialAction":[{"@type":"SearchAction","target":{"@type":"EntryPoint","urlTemplate":"https:\/\/schweizversand.ch\/en\/?s={search_term_string}"},"query-input":{"@type":"PropertyValueSpecification","valueRequired":true,"valueName":"search_term_string"}}],"inLanguage":"en-US"},{"@type":"Organization","@id":"https:\/\/schweizversand.ch\/en\/#organization","name":"Schweizversand.ch","url":"https:\/\/schweizversand.ch\/en\/","logo":{"@type":"ImageObject","inLanguage":"en-US","@id":"https:\/\/schweizversand.ch\/en\/#\/schema\/logo\/image\/","url":"https:\/\/schweizversand.ch\/wp-content\/uploads\/2026\/03\/Logo_Rund_Final-1.png","contentUrl":"https:\/\/schweizversand.ch\/wp-content\/uploads\/2026\/03\/Logo_Rund_Final-1.png","width":404,"height":404,"caption":"Schweizversand.ch"},"image":{"@id":"https:\/\/schweizversand.ch\/en\/#\/schema\/logo\/image\/"},"sameAs":["https:\/\/www.facebook.com\/Schweizversand","https:\/\/www.instagram.com\/schweizversand.ch\/"]}]}},"jetpack_sharing_enabled":true,"_links":{"self":[{"href":"https:\/\/schweizversand.ch\/en\/wp-json\/wp\/v2\/product\/252615","targetHints":{"allow":["GET"]}}],"collection":[{"href":"https:\/\/schweizversand.ch\/en\/wp-json\/wp\/v2\/product"}],"about":[{"href":"https:\/\/schweizversand.ch\/en\/wp-json\/wp\/v2\/types\/product"}],"replies":[{"embeddable":true,"href":"https:\/\/schweizversand.ch\/en\/wp-json\/wp\/v2\/comments?post=252615"}],"wp:featuredmedia":[{"embeddable":true,"href":"https:\/\/schweizversand.ch\/en\/wp-json\/wp\/v2\/media\/157906"}],"wp:attachment":[{"href":"https:\/\/schweizversand.ch\/en\/wp-json\/wp\/v2\/media?parent=252615"}],"wp:term":[{"taxonomy":"product_brand","embeddable":true,"href":"https:\/\/schweizversand.ch\/en\/wp-json\/wp\/v2\/product_brand?post=252615"},{"taxonomy":"product_cat","embeddable":true,"href":"https:\/\/schweizversand.ch\/en\/wp-json\/wp\/v2\/product_cat?post=252615"},{"taxonomy":"product_tag","embeddable":true,"href":"https:\/\/schweizversand.ch\/en\/wp-json\/wp\/v2\/product_tag?post=252615"}],"curies":[{"name":"wp","href":"https:\/\/api.w.org\/{rel}","templated":true}]}}