{"id":252635,"date":"2026-03-15T00:28:07","date_gmt":"2026-03-14T23:28:07","guid":{"rendered":"https:\/\/schweizversand.ch\/produkt\/joy-fragrances-nachfuellpackung-niki-ambre-musk\/"},"modified":"2026-04-22T15:31:41","modified_gmt":"2026-04-22T13:31:41","slug":"joy-fragrances-nachfuellpackung-niki-ambre-musk","status":"publish","type":"product","link":"https:\/\/schweizversand.ch\/en\/produkt\/joy-fragrances-nachfuellpackung-niki-ambre-musk\/","title":{"rendered":"Joy Fragrances Refill Pack Niki Ambre Musk"},"content":{"rendered":"<h1><strong>Niki Car Air Freshener Refill Ambre Musk<\/strong><\/h1>\n<div>Discover the luxurious NIKI air freshener refill in the captivating Ambre Musk fragrance. This high-quality refill is perfect for giving your vehicle or rooms a long-lasting, pleasant scent and always ensures a fresh ambiance.<\/p>\n<\/div>\n<div><strong>A Unique Fragrance Experience<\/strong><br \/>Immerse yourself in the sensual world of <strong>Ambre Musk<\/strong>. This sophisticated fragrance combines warm, resinous amber notes with the delicate, powdery elegance of musk. It creates an atmosphere of comfort and luxury that is both calming and invigorating. With this <strong>car fragrance<\/strong>, every drive becomes a special experience.<\/p>\n<\/div>\n<div><strong>Universal Compatibility<\/strong> The NIKI fragrance refill is specially designed to be <strong>universally<\/strong> compatible with all NIKI and NIKI Fashion fragrance dispensers. This allows you to easily and conveniently change your favorite scent without having to switch to a new dispenser. This makes it the ideal choice for all owners of a NIKI or <strong>NIKI Fashion<\/strong> fragrance accessory.<\/p>\n<\/div>\n<div><strong>Easy Application and Long-Lasting<\/strong> Installing the <strong>air freshener refill<\/strong> is incredibly easy and takes only a few seconds. Thanks to its high-quality fragrance composition, the NIKI fragrance guarantees long-lasting scent release, filling your surroundings with the irresistible aroma of Ambre Musk for an extended period. Enjoy consistently fresh air wherever you are.<\/p>\n<\/div>\n<div><strong>Your benefits at a glance<\/strong><br \/>&#8211; <strong>Luxurious fragrance<\/strong>: Ambre Musk for a sensual atmosphere<br \/>&#8211; <strong>Universally applicable<\/strong>: Compatible with all NIKI and NIKI Fashion fragrance dispensers<br \/>&#8211; <strong>Easy replacement<\/strong>: Quick and easy to use<br \/>&#8211; <strong>Long-lasting<\/strong>: Guaranteed continuous fragrance release<br \/>&#8211; <strong>High-quality<\/strong>: A premium product for discerning customers<\/p>\n<\/div>\n<div>Add a touch of elegance and freshness to your car or rooms with the NIKI Ambre Musk fragrance refill. Order now and experience the difference!<\/p>\n<\/div>\n<div><\/div>\n","protected":false},"excerpt":{"rendered":"<p>Niki Car Air Freshener Refill Ambre Musk Discover the luxurious NIKI air freshener refill in the captivating Ambre Musk fragrance. This high-quality refill is perfect for giving your vehicle or rooms a long-lasting, pleasant scent and always ensures a fresh ambiance. A Unique Fragrance ExperienceImmerse yourself in the sensual world of Ambre Musk. This sophisticated fragrance combines warm, resinous amber notes with the delicate, powdery elegance of musk. It creates an atmosphere of comfort and&hellip;<\/p>\n","protected":false},"featured_media":158444,"comment_status":"open","ping_status":"closed","template":"","meta":[],"product_brand":[],"product_cat":[38390,37946,38287,38697],"product_tag":[],"class_list":{"0":"post-252635","1":"product","2":"type-product","3":"status-publish","4":"has-post-thumbnail","6":"product_cat-raumduft","9":"product_cat-room-fragrance","10":"product_shipping_class-global_methods","12":"first","13":"instock","14":"taxable","15":"shipping-taxable","16":"purchasable","17":"product-type-simple"},"yoast_head":"<!-- This site is optimized with the Yoast SEO plugin v27.4 - https:\/\/yoast.com\/product\/yoast-seo-wordpress\/ -->\n<title>Joy Fragrances Nachf\u00fcllpackung Niki Ambre Musk | Jetzt kaufen | Schweizversand.ch<\/title>\n<meta name=\"description\" content=\"Joy Fragrances Nachf\u00fcllpackung Niki Ambre Musk g\u00fcnstig kaufen bei Schweizversand.ch. Schnelle Lieferung in der Schweiz. Gratisversand ab CHF 50.\" \/>\n<meta name=\"robots\" content=\"index, follow, max-snippet:-1, max-image-preview:large, max-video-preview:-1\" \/>\n<link rel=\"canonical\" href=\"https:\/\/schweizversand.ch\/en\/produkt\/joy-fragrances-nachfuellpackung-niki-ambre-musk\/\" \/>\n<meta property=\"og:locale\" content=\"en_US\" \/>\n<meta property=\"og:type\" content=\"article\" \/>\n<meta property=\"og:title\" content=\"Joy Fragrances Nachf\u00fcllpackung Niki Ambre Musk | Jetzt kaufen | Schweizversand.ch\" \/>\n<meta property=\"og:description\" content=\"Joy Fragrances Nachf\u00fcllpackung Niki Ambre Musk g\u00fcnstig kaufen bei Schweizversand.ch. Schnelle Lieferung in der Schweiz. Gratisversand ab CHF 50.\" \/>\n<meta property=\"og:url\" content=\"https:\/\/schweizversand.ch\/en\/produkt\/joy-fragrances-nachfuellpackung-niki-ambre-musk\/\" \/>\n<meta property=\"og:site_name\" content=\"Schweizer Shop f\u00fcr Sport, Spiel und Freizeit\" \/>\n<meta property=\"article:publisher\" content=\"https:\/\/www.facebook.com\/Schweizversand\" \/>\n<meta property=\"article:modified_time\" content=\"2026-04-22T13:31:41+00:00\" \/>\n<meta property=\"og:image\" content=\"https:\/\/schweizversand.ch\/wp-content\/uploads\/2026\/02\/5513372876.jpg\" \/>\n\t<meta property=\"og:image:width\" content=\"760\" \/>\n\t<meta property=\"og:image:height\" content=\"1024\" \/>\n\t<meta property=\"og:image:type\" content=\"image\/jpeg\" \/>\n<meta name=\"twitter:card\" content=\"summary_large_image\" \/>\n<meta name=\"twitter:label1\" content=\"Est. reading time\" \/>\n\t<meta name=\"twitter:data1\" content=\"1 minute\" \/>\n<script type=\"application\/ld+json\" class=\"yoast-schema-graph\">{\"@context\":\"https:\\\/\\\/schema.org\",\"@graph\":[{\"@type\":\"WebPage\",\"@id\":\"https:\\\/\\\/schweizversand.ch\\\/en\\\/produkt\\\/joy-fragrances-nachfuellpackung-niki-ambre-musk\\\/\",\"url\":\"https:\\\/\\\/schweizversand.ch\\\/en\\\/produkt\\\/joy-fragrances-nachfuellpackung-niki-ambre-musk\\\/\",\"name\":\"Joy Fragrances Nachf\u00fcllpackung Niki Ambre Musk | Jetzt kaufen | Schweizversand.ch\",\"isPartOf\":{\"@id\":\"https:\\\/\\\/schweizversand.ch\\\/en\\\/#website\"},\"primaryImageOfPage\":{\"@id\":\"https:\\\/\\\/schweizversand.ch\\\/en\\\/produkt\\\/joy-fragrances-nachfuellpackung-niki-ambre-musk\\\/#primaryimage\"},\"image\":{\"@id\":\"https:\\\/\\\/schweizversand.ch\\\/en\\\/produkt\\\/joy-fragrances-nachfuellpackung-niki-ambre-musk\\\/#primaryimage\"},\"thumbnailUrl\":\"https:\\\/\\\/schweizversand.ch\\\/wp-content\\\/uploads\\\/2026\\\/02\\\/5513372876.jpg\",\"datePublished\":\"2026-03-14T23:28:07+00:00\",\"dateModified\":\"2026-04-22T13:31:41+00:00\",\"description\":\"Joy Fragrances Nachf\u00fcllpackung Niki Ambre Musk g\u00fcnstig kaufen bei Schweizversand.ch. Schnelle Lieferung in der Schweiz. Gratisversand ab CHF 50.\",\"breadcrumb\":{\"@id\":\"https:\\\/\\\/schweizversand.ch\\\/en\\\/produkt\\\/joy-fragrances-nachfuellpackung-niki-ambre-musk\\\/#breadcrumb\"},\"inLanguage\":\"en-US\",\"potentialAction\":[{\"@type\":\"ReadAction\",\"target\":[\"https:\\\/\\\/schweizversand.ch\\\/en\\\/produkt\\\/joy-fragrances-nachfuellpackung-niki-ambre-musk\\\/\"]}]},{\"@type\":\"ImageObject\",\"inLanguage\":\"en-US\",\"@id\":\"https:\\\/\\\/schweizversand.ch\\\/en\\\/produkt\\\/joy-fragrances-nachfuellpackung-niki-ambre-musk\\\/#primaryimage\",\"url\":\"https:\\\/\\\/schweizversand.ch\\\/wp-content\\\/uploads\\\/2026\\\/02\\\/5513372876.jpg\",\"contentUrl\":\"https:\\\/\\\/schweizversand.ch\\\/wp-content\\\/uploads\\\/2026\\\/02\\\/5513372876.jpg\",\"width\":760,\"height\":1024},{\"@type\":\"BreadcrumbList\",\"@id\":\"https:\\\/\\\/schweizversand.ch\\\/en\\\/produkt\\\/joy-fragrances-nachfuellpackung-niki-ambre-musk\\\/#breadcrumb\",\"itemListElement\":[{\"@type\":\"ListItem\",\"position\":1,\"name\":\"Startseite\",\"item\":\"https:\\\/\\\/schweizversand.ch\\\/en\\\/\"},{\"@type\":\"ListItem\",\"position\":2,\"name\":\"Shop\",\"item\":\"https:\\\/\\\/schweizversand.ch\\\/en\\\/shop\\\/\"},{\"@type\":\"ListItem\",\"position\":3,\"name\":\"Home\",\"item\":\"https:\\\/\\\/schweizversand.ch\\\/en\\\/produkt-kategorie\\\/home\\\/\"},{\"@type\":\"ListItem\",\"position\":4,\"name\":\"Decor &amp; Accessories\",\"item\":\"https:\\\/\\\/schweizversand.ch\\\/en\\\/produkt-kategorie\\\/home\\\/decor-accessories\\\/\"},{\"@type\":\"ListItem\",\"position\":5,\"name\":\"Room Fragrance\",\"item\":\"https:\\\/\\\/schweizversand.ch\\\/en\\\/produkt-kategorie\\\/home\\\/decor-accessories\\\/room-fragrance\\\/\"},{\"@type\":\"ListItem\",\"position\":6,\"name\":\"Joy Fragrances Refill Pack Niki Ambre Musk\"}]},{\"@type\":\"WebSite\",\"@id\":\"https:\\\/\\\/schweizversand.ch\\\/en\\\/#website\",\"url\":\"https:\\\/\\\/schweizversand.ch\\\/en\\\/\",\"name\":\"Schweizer Shop f\u00fcr Sport, Spiel und Freizeit\",\"description\":\"Gratisversand ab 50.- (netto), ab eigenem schweizer Lager, Lieferung innert 48h\",\"publisher\":{\"@id\":\"https:\\\/\\\/schweizversand.ch\\\/en\\\/#organization\"},\"alternateName\":\"Schweizversand.ch\",\"potentialAction\":[{\"@type\":\"SearchAction\",\"target\":{\"@type\":\"EntryPoint\",\"urlTemplate\":\"https:\\\/\\\/schweizversand.ch\\\/en\\\/?s={search_term_string}\"},\"query-input\":{\"@type\":\"PropertyValueSpecification\",\"valueRequired\":true,\"valueName\":\"search_term_string\"}}],\"inLanguage\":\"en-US\"},{\"@type\":\"Organization\",\"@id\":\"https:\\\/\\\/schweizversand.ch\\\/en\\\/#organization\",\"name\":\"Schweizversand.ch\",\"url\":\"https:\\\/\\\/schweizversand.ch\\\/en\\\/\",\"logo\":{\"@type\":\"ImageObject\",\"inLanguage\":\"en-US\",\"@id\":\"https:\\\/\\\/schweizversand.ch\\\/en\\\/#\\\/schema\\\/logo\\\/image\\\/\",\"url\":\"https:\\\/\\\/schweizversand.ch\\\/wp-content\\\/uploads\\\/2026\\\/03\\\/Logo_Rund_Final-1.png\",\"contentUrl\":\"https:\\\/\\\/schweizversand.ch\\\/wp-content\\\/uploads\\\/2026\\\/03\\\/Logo_Rund_Final-1.png\",\"width\":404,\"height\":404,\"caption\":\"Schweizversand.ch\"},\"image\":{\"@id\":\"https:\\\/\\\/schweizversand.ch\\\/en\\\/#\\\/schema\\\/logo\\\/image\\\/\"},\"sameAs\":[\"https:\\\/\\\/www.facebook.com\\\/Schweizversand\",\"https:\\\/\\\/www.instagram.com\\\/schweizversand.ch\\\/\"]}]}<\/script>\n<!-- \/ Yoast SEO plugin. -->","yoast_head_json":{"title":"Joy Fragrances Nachf\u00fcllpackung Niki Ambre Musk | Jetzt kaufen | Schweizversand.ch","description":"Joy Fragrances Nachf\u00fcllpackung Niki Ambre Musk g\u00fcnstig kaufen bei Schweizversand.ch. Schnelle Lieferung in der Schweiz. Gratisversand ab CHF 50.","robots":{"index":"index","follow":"follow","max-snippet":"max-snippet:-1","max-image-preview":"max-image-preview:large","max-video-preview":"max-video-preview:-1"},"canonical":"https:\/\/schweizversand.ch\/en\/produkt\/joy-fragrances-nachfuellpackung-niki-ambre-musk\/","og_locale":"en_US","og_type":"article","og_title":"Joy Fragrances Nachf\u00fcllpackung Niki Ambre Musk | Jetzt kaufen | Schweizversand.ch","og_description":"Joy Fragrances Nachf\u00fcllpackung Niki Ambre Musk g\u00fcnstig kaufen bei Schweizversand.ch. Schnelle Lieferung in der Schweiz. Gratisversand ab CHF 50.","og_url":"https:\/\/schweizversand.ch\/en\/produkt\/joy-fragrances-nachfuellpackung-niki-ambre-musk\/","og_site_name":"Schweizer Shop f\u00fcr Sport, Spiel und Freizeit","article_publisher":"https:\/\/www.facebook.com\/Schweizversand","article_modified_time":"2026-04-22T13:31:41+00:00","og_image":[{"width":760,"height":1024,"url":"https:\/\/schweizversand.ch\/wp-content\/uploads\/2026\/02\/5513372876.jpg","type":"image\/jpeg"}],"twitter_card":"summary_large_image","twitter_misc":{"Est. reading time":"1 minute"},"schema":{"@context":"https:\/\/schema.org","@graph":[{"@type":"WebPage","@id":"https:\/\/schweizversand.ch\/en\/produkt\/joy-fragrances-nachfuellpackung-niki-ambre-musk\/","url":"https:\/\/schweizversand.ch\/en\/produkt\/joy-fragrances-nachfuellpackung-niki-ambre-musk\/","name":"Joy Fragrances Nachf\u00fcllpackung Niki Ambre Musk | Jetzt kaufen | Schweizversand.ch","isPartOf":{"@id":"https:\/\/schweizversand.ch\/en\/#website"},"primaryImageOfPage":{"@id":"https:\/\/schweizversand.ch\/en\/produkt\/joy-fragrances-nachfuellpackung-niki-ambre-musk\/#primaryimage"},"image":{"@id":"https:\/\/schweizversand.ch\/en\/produkt\/joy-fragrances-nachfuellpackung-niki-ambre-musk\/#primaryimage"},"thumbnailUrl":"https:\/\/schweizversand.ch\/wp-content\/uploads\/2026\/02\/5513372876.jpg","datePublished":"2026-03-14T23:28:07+00:00","dateModified":"2026-04-22T13:31:41+00:00","description":"Joy Fragrances Nachf\u00fcllpackung Niki Ambre Musk g\u00fcnstig kaufen bei Schweizversand.ch. Schnelle Lieferung in der Schweiz. Gratisversand ab CHF 50.","breadcrumb":{"@id":"https:\/\/schweizversand.ch\/en\/produkt\/joy-fragrances-nachfuellpackung-niki-ambre-musk\/#breadcrumb"},"inLanguage":"en-US","potentialAction":[{"@type":"ReadAction","target":["https:\/\/schweizversand.ch\/en\/produkt\/joy-fragrances-nachfuellpackung-niki-ambre-musk\/"]}]},{"@type":"ImageObject","inLanguage":"en-US","@id":"https:\/\/schweizversand.ch\/en\/produkt\/joy-fragrances-nachfuellpackung-niki-ambre-musk\/#primaryimage","url":"https:\/\/schweizversand.ch\/wp-content\/uploads\/2026\/02\/5513372876.jpg","contentUrl":"https:\/\/schweizversand.ch\/wp-content\/uploads\/2026\/02\/5513372876.jpg","width":760,"height":1024},{"@type":"BreadcrumbList","@id":"https:\/\/schweizversand.ch\/en\/produkt\/joy-fragrances-nachfuellpackung-niki-ambre-musk\/#breadcrumb","itemListElement":[{"@type":"ListItem","position":1,"name":"Startseite","item":"https:\/\/schweizversand.ch\/en\/"},{"@type":"ListItem","position":2,"name":"Shop","item":"https:\/\/schweizversand.ch\/en\/shop\/"},{"@type":"ListItem","position":3,"name":"Home","item":"https:\/\/schweizversand.ch\/en\/produkt-kategorie\/home\/"},{"@type":"ListItem","position":4,"name":"Decor &amp; Accessories","item":"https:\/\/schweizversand.ch\/en\/produkt-kategorie\/home\/decor-accessories\/"},{"@type":"ListItem","position":5,"name":"Room Fragrance","item":"https:\/\/schweizversand.ch\/en\/produkt-kategorie\/home\/decor-accessories\/room-fragrance\/"},{"@type":"ListItem","position":6,"name":"Joy Fragrances Refill Pack Niki Ambre Musk"}]},{"@type":"WebSite","@id":"https:\/\/schweizversand.ch\/en\/#website","url":"https:\/\/schweizversand.ch\/en\/","name":"Schweizer Shop f\u00fcr Sport, Spiel und Freizeit","description":"Gratisversand ab 50.- (netto), ab eigenem schweizer Lager, Lieferung innert 48h","publisher":{"@id":"https:\/\/schweizversand.ch\/en\/#organization"},"alternateName":"Schweizversand.ch","potentialAction":[{"@type":"SearchAction","target":{"@type":"EntryPoint","urlTemplate":"https:\/\/schweizversand.ch\/en\/?s={search_term_string}"},"query-input":{"@type":"PropertyValueSpecification","valueRequired":true,"valueName":"search_term_string"}}],"inLanguage":"en-US"},{"@type":"Organization","@id":"https:\/\/schweizversand.ch\/en\/#organization","name":"Schweizversand.ch","url":"https:\/\/schweizversand.ch\/en\/","logo":{"@type":"ImageObject","inLanguage":"en-US","@id":"https:\/\/schweizversand.ch\/en\/#\/schema\/logo\/image\/","url":"https:\/\/schweizversand.ch\/wp-content\/uploads\/2026\/03\/Logo_Rund_Final-1.png","contentUrl":"https:\/\/schweizversand.ch\/wp-content\/uploads\/2026\/03\/Logo_Rund_Final-1.png","width":404,"height":404,"caption":"Schweizversand.ch"},"image":{"@id":"https:\/\/schweizversand.ch\/en\/#\/schema\/logo\/image\/"},"sameAs":["https:\/\/www.facebook.com\/Schweizversand","https:\/\/www.instagram.com\/schweizversand.ch\/"]}]}},"jetpack_sharing_enabled":true,"_links":{"self":[{"href":"https:\/\/schweizversand.ch\/en\/wp-json\/wp\/v2\/product\/252635","targetHints":{"allow":["GET"]}}],"collection":[{"href":"https:\/\/schweizversand.ch\/en\/wp-json\/wp\/v2\/product"}],"about":[{"href":"https:\/\/schweizversand.ch\/en\/wp-json\/wp\/v2\/types\/product"}],"replies":[{"embeddable":true,"href":"https:\/\/schweizversand.ch\/en\/wp-json\/wp\/v2\/comments?post=252635"}],"wp:featuredmedia":[{"embeddable":true,"href":"https:\/\/schweizversand.ch\/en\/wp-json\/wp\/v2\/media\/158444"}],"wp:attachment":[{"href":"https:\/\/schweizversand.ch\/en\/wp-json\/wp\/v2\/media?parent=252635"}],"wp:term":[{"taxonomy":"product_brand","embeddable":true,"href":"https:\/\/schweizversand.ch\/en\/wp-json\/wp\/v2\/product_brand?post=252635"},{"taxonomy":"product_cat","embeddable":true,"href":"https:\/\/schweizversand.ch\/en\/wp-json\/wp\/v2\/product_cat?post=252635"},{"taxonomy":"product_tag","embeddable":true,"href":"https:\/\/schweizversand.ch\/en\/wp-json\/wp\/v2\/product_tag?post=252635"}],"curies":[{"name":"wp","href":"https:\/\/api.w.org\/{rel}","templated":true}]}}