{"id":252637,"date":"2026-03-15T00:28:08","date_gmt":"2026-03-14T23:28:08","guid":{"rendered":"https:\/\/schweizversand.ch\/produkt\/pierre-cardin-fuesslinge-1-paar\/"},"modified":"2026-04-19T15:32:12","modified_gmt":"2026-04-19T13:32:12","slug":"pierre-cardin-fuesslinge-1-paar","status":"publish","type":"product","link":"https:\/\/schweizversand.ch\/en\/produkt\/pierre-cardin-fuesslinge-1-paar\/","title":{"rendered":"Pierre Cardin Footies 1-pair"},"content":{"rendered":"<h1><strong>Classic Cotton Footies with Comfort Cuff<\/strong><\/h1>\n<div>Discover our <strong>classic cotton footies<\/strong>, specially designed for optimal comfort and a comfortable fit. These <strong>footies<\/strong> are the ideal companion for everyday life, especially in the warmer months.<\/p>\n<\/div>\n<div><strong>Perfect Comfort<\/strong><br \/>These <strong>comfort footies<\/strong> are characterized by their fine, <strong>elastic comfort cuff<\/strong>. Thanks to the addition of elastane, these women&#8217;s footies adapt perfectly to your foot and offer excellent support all day long without slipping. Ideal for summer: Made from a high percentage of cotton, these cotton footies are particularly breathable and soft against the skin. They are the perfect choice as summer socks, as they ensure a comfortable foot climate and effectively wick away moisture. Enjoy a light and fresh feeling, even on hot days.<\/p>\n<\/div>\n<div><strong>Material composition<\/strong><br \/>&#8211; 95% cotton<br \/>&#8211; 5% elastane<\/p>\n<\/div>\n<div>Invest in these versatile and comfortable <strong>footies<\/strong> that will pamper your feet and make your everyday life noticeably more pleasant.<\/p>\n<\/div>\n<div><\/div>\n","protected":false},"excerpt":{"rendered":"<p>Classic Cotton Footies with Comfort Cuff Discover our classic cotton footies, specially designed for optimal comfort and a comfortable fit. These footies are the ideal companion for everyday life, especially in the warmer months. Perfect ComfortThese comfort footies are characterized by their fine, elastic comfort cuff. Thanks to the addition of elastane, these women&#8217;s footies adapt perfectly to your foot and offer excellent support all day long without slipping. Ideal for summer: Made from a&hellip;<\/p>\n","protected":false},"featured_media":175392,"comment_status":"open","ping_status":"closed","template":"","meta":[],"product_brand":[],"product_cat":[38615],"product_tag":[],"class_list":{"0":"post-252637","1":"product","2":"type-product","3":"status-publish","4":"has-post-thumbnail","6":"product_cat-damenwaesche","7":"product_shipping_class-global_methods","9":"first","10":"instock","11":"taxable","12":"shipping-taxable","13":"purchasable","14":"product-type-simple"},"yoast_head":"<!-- This site is optimized with the Yoast SEO plugin v27.4 - https:\/\/yoast.com\/product\/yoast-seo-wordpress\/ -->\n<title>Pierre Cardin F\u00fcsslinge 1-Paar | Jetzt kaufen | Schweizversand.ch<\/title>\n<meta name=\"description\" content=\"Pierre Cardin F\u00fcsslinge 1-Paar g\u00fcnstig kaufen bei Schweizversand.ch. Schnelle Lieferung in der Schweiz. Gratisversand ab CHF 50.\" \/>\n<meta name=\"robots\" content=\"index, follow, max-snippet:-1, max-image-preview:large, max-video-preview:-1\" \/>\n<link rel=\"canonical\" href=\"https:\/\/schweizversand.ch\/en\/produkt\/pierre-cardin-fuesslinge-1-paar\/\" \/>\n<meta property=\"og:locale\" content=\"en_US\" \/>\n<meta property=\"og:type\" content=\"article\" \/>\n<meta property=\"og:title\" content=\"Pierre Cardin F\u00fcsslinge 1-Paar | Jetzt kaufen | Schweizversand.ch\" \/>\n<meta property=\"og:description\" content=\"Pierre Cardin F\u00fcsslinge 1-Paar g\u00fcnstig kaufen bei Schweizversand.ch. Schnelle Lieferung in der Schweiz. Gratisversand ab CHF 50.\" \/>\n<meta property=\"og:url\" content=\"https:\/\/schweizversand.ch\/en\/produkt\/pierre-cardin-fuesslinge-1-paar\/\" \/>\n<meta property=\"og:site_name\" content=\"Schweizer Shop f\u00fcr Sport, Spiel und Freizeit\" \/>\n<meta property=\"article:publisher\" content=\"https:\/\/www.facebook.com\/Schweizversand\" \/>\n<meta property=\"article:modified_time\" content=\"2026-04-19T13:32:12+00:00\" \/>\n<meta property=\"og:image\" content=\"https:\/\/schweizversand.ch\/wp-content\/uploads\/2026\/02\/5606229400.jpg\" \/>\n\t<meta property=\"og:image:width\" content=\"768\" \/>\n\t<meta property=\"og:image:height\" content=\"1024\" \/>\n\t<meta property=\"og:image:type\" content=\"image\/jpeg\" \/>\n<meta name=\"twitter:card\" content=\"summary_large_image\" \/>\n<meta name=\"twitter:label1\" content=\"Est. reading time\" \/>\n\t<meta name=\"twitter:data1\" content=\"1 minute\" \/>\n<script type=\"application\/ld+json\" class=\"yoast-schema-graph\">{\"@context\":\"https:\\\/\\\/schema.org\",\"@graph\":[{\"@type\":\"WebPage\",\"@id\":\"https:\\\/\\\/schweizversand.ch\\\/en\\\/produkt\\\/pierre-cardin-fuesslinge-1-paar\\\/\",\"url\":\"https:\\\/\\\/schweizversand.ch\\\/en\\\/produkt\\\/pierre-cardin-fuesslinge-1-paar\\\/\",\"name\":\"Pierre Cardin F\u00fcsslinge 1-Paar | Jetzt kaufen | Schweizversand.ch\",\"isPartOf\":{\"@id\":\"https:\\\/\\\/schweizversand.ch\\\/en\\\/#website\"},\"primaryImageOfPage\":{\"@id\":\"https:\\\/\\\/schweizversand.ch\\\/en\\\/produkt\\\/pierre-cardin-fuesslinge-1-paar\\\/#primaryimage\"},\"image\":{\"@id\":\"https:\\\/\\\/schweizversand.ch\\\/en\\\/produkt\\\/pierre-cardin-fuesslinge-1-paar\\\/#primaryimage\"},\"thumbnailUrl\":\"https:\\\/\\\/schweizversand.ch\\\/wp-content\\\/uploads\\\/2026\\\/02\\\/5606229400.jpg\",\"datePublished\":\"2026-03-14T23:28:08+00:00\",\"dateModified\":\"2026-04-19T13:32:12+00:00\",\"description\":\"Pierre Cardin F\u00fcsslinge 1-Paar g\u00fcnstig kaufen bei Schweizversand.ch. Schnelle Lieferung in der Schweiz. Gratisversand ab CHF 50.\",\"breadcrumb\":{\"@id\":\"https:\\\/\\\/schweizversand.ch\\\/en\\\/produkt\\\/pierre-cardin-fuesslinge-1-paar\\\/#breadcrumb\"},\"inLanguage\":\"en-US\",\"potentialAction\":[{\"@type\":\"ReadAction\",\"target\":[\"https:\\\/\\\/schweizversand.ch\\\/en\\\/produkt\\\/pierre-cardin-fuesslinge-1-paar\\\/\"]}]},{\"@type\":\"ImageObject\",\"inLanguage\":\"en-US\",\"@id\":\"https:\\\/\\\/schweizversand.ch\\\/en\\\/produkt\\\/pierre-cardin-fuesslinge-1-paar\\\/#primaryimage\",\"url\":\"https:\\\/\\\/schweizversand.ch\\\/wp-content\\\/uploads\\\/2026\\\/02\\\/5606229400.jpg\",\"contentUrl\":\"https:\\\/\\\/schweizversand.ch\\\/wp-content\\\/uploads\\\/2026\\\/02\\\/5606229400.jpg\",\"width\":768,\"height\":1024},{\"@type\":\"BreadcrumbList\",\"@id\":\"https:\\\/\\\/schweizversand.ch\\\/en\\\/produkt\\\/pierre-cardin-fuesslinge-1-paar\\\/#breadcrumb\",\"itemListElement\":[{\"@type\":\"ListItem\",\"position\":1,\"name\":\"Startseite\",\"item\":\"https:\\\/\\\/schweizversand.ch\\\/en\\\/\"},{\"@type\":\"ListItem\",\"position\":2,\"name\":\"Shop\",\"item\":\"https:\\\/\\\/schweizversand.ch\\\/en\\\/shop\\\/\"},{\"@type\":\"ListItem\",\"position\":3,\"name\":\"Fashion\",\"item\":\"https:\\\/\\\/schweizversand.ch\\\/en\\\/produkt-kategorie\\\/fashion\\\/\"},{\"@type\":\"ListItem\",\"position\":4,\"name\":\"Women's Fashion\",\"item\":\"https:\\\/\\\/schweizversand.ch\\\/en\\\/produkt-kategorie\\\/fashion\\\/womens-fashion\\\/\"},{\"@type\":\"ListItem\",\"position\":5,\"name\":\"Women's Lingerie\",\"item\":\"https:\\\/\\\/schweizversand.ch\\\/en\\\/produkt-kategorie\\\/fashion\\\/womens-fashion\\\/damenwaesche\\\/\"},{\"@type\":\"ListItem\",\"position\":6,\"name\":\"Pierre Cardin Footies 1-pair\"}]},{\"@type\":\"WebSite\",\"@id\":\"https:\\\/\\\/schweizversand.ch\\\/en\\\/#website\",\"url\":\"https:\\\/\\\/schweizversand.ch\\\/en\\\/\",\"name\":\"Schweizer Shop f\u00fcr Sport, Spiel und Freizeit\",\"description\":\"Gratisversand ab 50.- (netto), ab eigenem schweizer Lager, Lieferung innert 48h\",\"publisher\":{\"@id\":\"https:\\\/\\\/schweizversand.ch\\\/en\\\/#organization\"},\"alternateName\":\"Schweizversand.ch\",\"potentialAction\":[{\"@type\":\"SearchAction\",\"target\":{\"@type\":\"EntryPoint\",\"urlTemplate\":\"https:\\\/\\\/schweizversand.ch\\\/en\\\/?s={search_term_string}\"},\"query-input\":{\"@type\":\"PropertyValueSpecification\",\"valueRequired\":true,\"valueName\":\"search_term_string\"}}],\"inLanguage\":\"en-US\"},{\"@type\":\"Organization\",\"@id\":\"https:\\\/\\\/schweizversand.ch\\\/en\\\/#organization\",\"name\":\"Schweizversand.ch\",\"url\":\"https:\\\/\\\/schweizversand.ch\\\/en\\\/\",\"logo\":{\"@type\":\"ImageObject\",\"inLanguage\":\"en-US\",\"@id\":\"https:\\\/\\\/schweizversand.ch\\\/en\\\/#\\\/schema\\\/logo\\\/image\\\/\",\"url\":\"https:\\\/\\\/schweizversand.ch\\\/wp-content\\\/uploads\\\/2026\\\/03\\\/Logo_Rund_Final-1.png\",\"contentUrl\":\"https:\\\/\\\/schweizversand.ch\\\/wp-content\\\/uploads\\\/2026\\\/03\\\/Logo_Rund_Final-1.png\",\"width\":404,\"height\":404,\"caption\":\"Schweizversand.ch\"},\"image\":{\"@id\":\"https:\\\/\\\/schweizversand.ch\\\/en\\\/#\\\/schema\\\/logo\\\/image\\\/\"},\"sameAs\":[\"https:\\\/\\\/www.facebook.com\\\/Schweizversand\",\"https:\\\/\\\/www.instagram.com\\\/schweizversand.ch\\\/\"]}]}<\/script>\n<!-- \/ Yoast SEO plugin. -->","yoast_head_json":{"title":"Pierre Cardin F\u00fcsslinge 1-Paar | Jetzt kaufen | Schweizversand.ch","description":"Pierre Cardin F\u00fcsslinge 1-Paar g\u00fcnstig kaufen bei Schweizversand.ch. Schnelle Lieferung in der Schweiz. Gratisversand ab CHF 50.","robots":{"index":"index","follow":"follow","max-snippet":"max-snippet:-1","max-image-preview":"max-image-preview:large","max-video-preview":"max-video-preview:-1"},"canonical":"https:\/\/schweizversand.ch\/en\/produkt\/pierre-cardin-fuesslinge-1-paar\/","og_locale":"en_US","og_type":"article","og_title":"Pierre Cardin F\u00fcsslinge 1-Paar | Jetzt kaufen | Schweizversand.ch","og_description":"Pierre Cardin F\u00fcsslinge 1-Paar g\u00fcnstig kaufen bei Schweizversand.ch. Schnelle Lieferung in der Schweiz. Gratisversand ab CHF 50.","og_url":"https:\/\/schweizversand.ch\/en\/produkt\/pierre-cardin-fuesslinge-1-paar\/","og_site_name":"Schweizer Shop f\u00fcr Sport, Spiel und Freizeit","article_publisher":"https:\/\/www.facebook.com\/Schweizversand","article_modified_time":"2026-04-19T13:32:12+00:00","og_image":[{"width":768,"height":1024,"url":"https:\/\/schweizversand.ch\/wp-content\/uploads\/2026\/02\/5606229400.jpg","type":"image\/jpeg"}],"twitter_card":"summary_large_image","twitter_misc":{"Est. reading time":"1 minute"},"schema":{"@context":"https:\/\/schema.org","@graph":[{"@type":"WebPage","@id":"https:\/\/schweizversand.ch\/en\/produkt\/pierre-cardin-fuesslinge-1-paar\/","url":"https:\/\/schweizversand.ch\/en\/produkt\/pierre-cardin-fuesslinge-1-paar\/","name":"Pierre Cardin F\u00fcsslinge 1-Paar | Jetzt kaufen | Schweizversand.ch","isPartOf":{"@id":"https:\/\/schweizversand.ch\/en\/#website"},"primaryImageOfPage":{"@id":"https:\/\/schweizversand.ch\/en\/produkt\/pierre-cardin-fuesslinge-1-paar\/#primaryimage"},"image":{"@id":"https:\/\/schweizversand.ch\/en\/produkt\/pierre-cardin-fuesslinge-1-paar\/#primaryimage"},"thumbnailUrl":"https:\/\/schweizversand.ch\/wp-content\/uploads\/2026\/02\/5606229400.jpg","datePublished":"2026-03-14T23:28:08+00:00","dateModified":"2026-04-19T13:32:12+00:00","description":"Pierre Cardin F\u00fcsslinge 1-Paar g\u00fcnstig kaufen bei Schweizversand.ch. Schnelle Lieferung in der Schweiz. Gratisversand ab CHF 50.","breadcrumb":{"@id":"https:\/\/schweizversand.ch\/en\/produkt\/pierre-cardin-fuesslinge-1-paar\/#breadcrumb"},"inLanguage":"en-US","potentialAction":[{"@type":"ReadAction","target":["https:\/\/schweizversand.ch\/en\/produkt\/pierre-cardin-fuesslinge-1-paar\/"]}]},{"@type":"ImageObject","inLanguage":"en-US","@id":"https:\/\/schweizversand.ch\/en\/produkt\/pierre-cardin-fuesslinge-1-paar\/#primaryimage","url":"https:\/\/schweizversand.ch\/wp-content\/uploads\/2026\/02\/5606229400.jpg","contentUrl":"https:\/\/schweizversand.ch\/wp-content\/uploads\/2026\/02\/5606229400.jpg","width":768,"height":1024},{"@type":"BreadcrumbList","@id":"https:\/\/schweizversand.ch\/en\/produkt\/pierre-cardin-fuesslinge-1-paar\/#breadcrumb","itemListElement":[{"@type":"ListItem","position":1,"name":"Startseite","item":"https:\/\/schweizversand.ch\/en\/"},{"@type":"ListItem","position":2,"name":"Shop","item":"https:\/\/schweizversand.ch\/en\/shop\/"},{"@type":"ListItem","position":3,"name":"Fashion","item":"https:\/\/schweizversand.ch\/en\/produkt-kategorie\/fashion\/"},{"@type":"ListItem","position":4,"name":"Women's Fashion","item":"https:\/\/schweizversand.ch\/en\/produkt-kategorie\/fashion\/womens-fashion\/"},{"@type":"ListItem","position":5,"name":"Women's Lingerie","item":"https:\/\/schweizversand.ch\/en\/produkt-kategorie\/fashion\/womens-fashion\/damenwaesche\/"},{"@type":"ListItem","position":6,"name":"Pierre Cardin Footies 1-pair"}]},{"@type":"WebSite","@id":"https:\/\/schweizversand.ch\/en\/#website","url":"https:\/\/schweizversand.ch\/en\/","name":"Schweizer Shop f\u00fcr Sport, Spiel und Freizeit","description":"Gratisversand ab 50.- (netto), ab eigenem schweizer Lager, Lieferung innert 48h","publisher":{"@id":"https:\/\/schweizversand.ch\/en\/#organization"},"alternateName":"Schweizversand.ch","potentialAction":[{"@type":"SearchAction","target":{"@type":"EntryPoint","urlTemplate":"https:\/\/schweizversand.ch\/en\/?s={search_term_string}"},"query-input":{"@type":"PropertyValueSpecification","valueRequired":true,"valueName":"search_term_string"}}],"inLanguage":"en-US"},{"@type":"Organization","@id":"https:\/\/schweizversand.ch\/en\/#organization","name":"Schweizversand.ch","url":"https:\/\/schweizversand.ch\/en\/","logo":{"@type":"ImageObject","inLanguage":"en-US","@id":"https:\/\/schweizversand.ch\/en\/#\/schema\/logo\/image\/","url":"https:\/\/schweizversand.ch\/wp-content\/uploads\/2026\/03\/Logo_Rund_Final-1.png","contentUrl":"https:\/\/schweizversand.ch\/wp-content\/uploads\/2026\/03\/Logo_Rund_Final-1.png","width":404,"height":404,"caption":"Schweizversand.ch"},"image":{"@id":"https:\/\/schweizversand.ch\/en\/#\/schema\/logo\/image\/"},"sameAs":["https:\/\/www.facebook.com\/Schweizversand","https:\/\/www.instagram.com\/schweizversand.ch\/"]}]}},"jetpack_sharing_enabled":true,"_links":{"self":[{"href":"https:\/\/schweizversand.ch\/en\/wp-json\/wp\/v2\/product\/252637","targetHints":{"allow":["GET"]}}],"collection":[{"href":"https:\/\/schweizversand.ch\/en\/wp-json\/wp\/v2\/product"}],"about":[{"href":"https:\/\/schweizversand.ch\/en\/wp-json\/wp\/v2\/types\/product"}],"replies":[{"embeddable":true,"href":"https:\/\/schweizversand.ch\/en\/wp-json\/wp\/v2\/comments?post=252637"}],"wp:featuredmedia":[{"embeddable":true,"href":"https:\/\/schweizversand.ch\/en\/wp-json\/wp\/v2\/media\/175392"}],"wp:attachment":[{"href":"https:\/\/schweizversand.ch\/en\/wp-json\/wp\/v2\/media?parent=252637"}],"wp:term":[{"taxonomy":"product_brand","embeddable":true,"href":"https:\/\/schweizversand.ch\/en\/wp-json\/wp\/v2\/product_brand?post=252637"},{"taxonomy":"product_cat","embeddable":true,"href":"https:\/\/schweizversand.ch\/en\/wp-json\/wp\/v2\/product_cat?post=252637"},{"taxonomy":"product_tag","embeddable":true,"href":"https:\/\/schweizversand.ch\/en\/wp-json\/wp\/v2\/product_tag?post=252637"}],"curies":[{"name":"wp","href":"https:\/\/api.w.org\/{rel}","templated":true}]}}