{"id":252640,"date":"2026-03-15T00:54:08","date_gmt":"2026-03-14T23:54:08","guid":{"rendered":"https:\/\/schweizversand.ch\/produkt\/hudora-1-schraubenset-fuer-vario-ergaenzungsmodul-gondel\/"},"modified":"2026-04-19T02:01:14","modified_gmt":"2026-04-19T00:01:14","slug":"hudora-1-schraubenset-fuer-vario-ergaenzungsmodul-gondel","status":"publish","type":"product","link":"https:\/\/schweizversand.ch\/en\/produkt\/hudora-1-schraubenset-fuer-vario-ergaenzungsmodul-gondel\/","title":{"rendered":"Hudora 1 screw set for Vario add-on module gondola"},"content":{"rendered":"<h1><strong>Vario Extension Module Screw Set (Art. 64026)<\/strong><\/h1>\n<div>This essential <strong>screw set<\/strong> was specially developed for the <strong>Vario Extension Module Gondola<\/strong> (Art. 64026). It ensures that you have all the necessary <strong>Vario replacement screws<\/strong> on hand to mount or maintain your gondola module securely and reliably at all times.<\/p>\n<\/div>\n<div><strong>Perfect Fit and Quality<\/strong><br \/>Rely on <strong>high-quality replacement parts<\/strong> that are precisely tailored to the requirements of your Vario system. This set guarantees the longevity and full functionality of your system. The precise assembly prevents unnecessary search times and guarantees a quick repair.<\/p>\n<\/div>\n<div><strong>Comprehensive Scope of Delivery<\/strong><br \/>The <strong>Screw Set 64026<\/strong> includes a complete selection of fasteners required for assembling the <strong>Screw Gondola Module<\/strong>. You will receive all necessary <strong>gondola spare parts<\/strong> in a practical package:<\/p>\n<\/div>\n<div><strong>Contents of the screw set<\/strong><br \/>&#8211; 4 x screw type 17<br \/>&#8211; 2 x screw type 19<br \/>&#8211; 6 x screw type 21<br \/>&#8211; 6 x screw type 22<br \/>&#8211; 2 x screw type 23<br \/>&#8211; 1 x screw type 26<\/p>\n<\/div>\n<div>Secure this essential <strong>screw set<\/strong> to ensure the long-term stability and reliability of your <strong>Vario add-on module gondola<\/strong>.<\/p>\n<\/div>\n<div><\/div>\n","protected":false},"excerpt":{"rendered":"<p>Vario Extension Module Screw Set (Art. 64026) This essential screw set was specially developed for the Vario Extension Module Gondola (Art. 64026). It ensures that you have all the necessary Vario replacement screws on hand to mount or maintain your gondola module securely and reliably at all times. Perfect Fit and QualityRely on high-quality replacement parts that are precisely tailored to the requirements of your Vario system. This set guarantees the longevity and full functionality&hellip;<\/p>\n","protected":false},"featured_media":158612,"comment_status":"open","ping_status":"closed","template":"","meta":[],"product_brand":[],"product_cat":[38322],"product_tag":[],"class_list":{"0":"post-252640","1":"product","2":"type-product","3":"status-publish","4":"has-post-thumbnail","6":"product_cat-diverses","7":"product_shipping_class-global_methods","9":"first","10":"instock","11":"taxable","12":"shipping-taxable","13":"purchasable","14":"product-type-simple"},"yoast_head":"<!-- This site is optimized with the Yoast SEO plugin v27.4 - https:\/\/yoast.com\/product\/yoast-seo-wordpress\/ -->\n<title>Hudora 1 Schraubenset f\u00fcr Vario Erg\u00e4nzungsmodul Gondel | Jetzt kaufen | Schweizversand.ch<\/title>\n<meta name=\"description\" content=\"Hudora 1 Schraubenset f\u00fcr Vario Erg\u00e4nzungsmodul Gondel g\u00fcnstig kaufen bei Schweizversand.ch. Schnelle Lieferung in der Schweiz. Gratisversand ab CHF 50.\" \/>\n<meta name=\"robots\" content=\"index, follow, max-snippet:-1, max-image-preview:large, max-video-preview:-1\" \/>\n<link rel=\"canonical\" href=\"https:\/\/schweizversand.ch\/en\/produkt\/hudora-1-schraubenset-fuer-vario-ergaenzungsmodul-gondel\/\" \/>\n<meta property=\"og:locale\" content=\"en_US\" \/>\n<meta property=\"og:type\" content=\"article\" \/>\n<meta property=\"og:title\" content=\"Hudora 1 Schraubenset f\u00fcr Vario Erg\u00e4nzungsmodul Gondel | Jetzt kaufen | Schweizversand.ch\" \/>\n<meta property=\"og:description\" content=\"Hudora 1 Schraubenset f\u00fcr Vario Erg\u00e4nzungsmodul Gondel g\u00fcnstig kaufen bei Schweizversand.ch. Schnelle Lieferung in der Schweiz. Gratisversand ab CHF 50.\" \/>\n<meta property=\"og:url\" content=\"https:\/\/schweizversand.ch\/en\/produkt\/hudora-1-schraubenset-fuer-vario-ergaenzungsmodul-gondel\/\" \/>\n<meta property=\"og:site_name\" content=\"Schweizer Shop f\u00fcr Sport, Spiel und Freizeit\" \/>\n<meta property=\"article:publisher\" content=\"https:\/\/www.facebook.com\/Schweizversand\" \/>\n<meta property=\"article:modified_time\" content=\"2026-04-19T00:01:14+00:00\" \/>\n<meta name=\"twitter:card\" content=\"summary_large_image\" \/>\n<meta name=\"twitter:label1\" content=\"Est. reading time\" \/>\n\t<meta name=\"twitter:data1\" content=\"1 minute\" \/>\n<script type=\"application\/ld+json\" class=\"yoast-schema-graph\">{\"@context\":\"https:\\\/\\\/schema.org\",\"@graph\":[{\"@type\":\"WebPage\",\"@id\":\"https:\\\/\\\/schweizversand.ch\\\/en\\\/produkt\\\/hudora-1-schraubenset-fuer-vario-ergaenzungsmodul-gondel\\\/\",\"url\":\"https:\\\/\\\/schweizversand.ch\\\/en\\\/produkt\\\/hudora-1-schraubenset-fuer-vario-ergaenzungsmodul-gondel\\\/\",\"name\":\"Hudora 1 Schraubenset f\u00fcr Vario Erg\u00e4nzungsmodul Gondel | Jetzt kaufen | Schweizversand.ch\",\"isPartOf\":{\"@id\":\"https:\\\/\\\/schweizversand.ch\\\/en\\\/#website\"},\"primaryImageOfPage\":{\"@id\":\"https:\\\/\\\/schweizversand.ch\\\/en\\\/produkt\\\/hudora-1-schraubenset-fuer-vario-ergaenzungsmodul-gondel\\\/#primaryimage\"},\"image\":{\"@id\":\"https:\\\/\\\/schweizversand.ch\\\/en\\\/produkt\\\/hudora-1-schraubenset-fuer-vario-ergaenzungsmodul-gondel\\\/#primaryimage\"},\"thumbnailUrl\":\"https:\\\/\\\/schweizversand.ch\\\/wp-content\\\/uploads\\\/2026\\\/02\\\/5472099101.png\",\"datePublished\":\"2026-03-14T23:54:08+00:00\",\"dateModified\":\"2026-04-19T00:01:14+00:00\",\"description\":\"Hudora 1 Schraubenset f\u00fcr Vario Erg\u00e4nzungsmodul Gondel g\u00fcnstig kaufen bei Schweizversand.ch. Schnelle Lieferung in der Schweiz. Gratisversand ab CHF 50.\",\"breadcrumb\":{\"@id\":\"https:\\\/\\\/schweizversand.ch\\\/en\\\/produkt\\\/hudora-1-schraubenset-fuer-vario-ergaenzungsmodul-gondel\\\/#breadcrumb\"},\"inLanguage\":\"en-US\",\"potentialAction\":[{\"@type\":\"ReadAction\",\"target\":[\"https:\\\/\\\/schweizversand.ch\\\/en\\\/produkt\\\/hudora-1-schraubenset-fuer-vario-ergaenzungsmodul-gondel\\\/\"]}]},{\"@type\":\"ImageObject\",\"inLanguage\":\"en-US\",\"@id\":\"https:\\\/\\\/schweizversand.ch\\\/en\\\/produkt\\\/hudora-1-schraubenset-fuer-vario-ergaenzungsmodul-gondel\\\/#primaryimage\",\"url\":\"https:\\\/\\\/schweizversand.ch\\\/wp-content\\\/uploads\\\/2026\\\/02\\\/5472099101.png\",\"contentUrl\":\"https:\\\/\\\/schweizversand.ch\\\/wp-content\\\/uploads\\\/2026\\\/02\\\/5472099101.png\",\"width\":1024,\"height\":1024},{\"@type\":\"BreadcrumbList\",\"@id\":\"https:\\\/\\\/schweizversand.ch\\\/en\\\/produkt\\\/hudora-1-schraubenset-fuer-vario-ergaenzungsmodul-gondel\\\/#breadcrumb\",\"itemListElement\":[{\"@type\":\"ListItem\",\"position\":1,\"name\":\"Startseite\",\"item\":\"https:\\\/\\\/schweizversand.ch\\\/en\\\/\"},{\"@type\":\"ListItem\",\"position\":2,\"name\":\"Shop\",\"item\":\"https:\\\/\\\/schweizversand.ch\\\/en\\\/shop\\\/\"},{\"@type\":\"ListItem\",\"position\":3,\"name\":\"Spare parts\",\"item\":\"https:\\\/\\\/schweizversand.ch\\\/en\\\/produkt-kategorie\\\/spare-parts\\\/\"},{\"@type\":\"ListItem\",\"position\":4,\"name\":\"Hudora\",\"item\":\"https:\\\/\\\/schweizversand.ch\\\/en\\\/produkt-kategorie\\\/spare-parts\\\/hudora\\\/\"},{\"@type\":\"ListItem\",\"position\":5,\"name\":\"Miscellaneous\",\"item\":\"https:\\\/\\\/schweizversand.ch\\\/en\\\/produkt-kategorie\\\/spare-parts\\\/hudora\\\/diverses\\\/\"},{\"@type\":\"ListItem\",\"position\":6,\"name\":\"Hudora 1 screw set for Vario add-on module gondola\"}]},{\"@type\":\"WebSite\",\"@id\":\"https:\\\/\\\/schweizversand.ch\\\/en\\\/#website\",\"url\":\"https:\\\/\\\/schweizversand.ch\\\/en\\\/\",\"name\":\"Schweizer Shop f\u00fcr Sport, Spiel und Freizeit\",\"description\":\"Gratisversand ab 50.- (netto), ab eigenem schweizer Lager, Lieferung innert 48h\",\"publisher\":{\"@id\":\"https:\\\/\\\/schweizversand.ch\\\/en\\\/#organization\"},\"alternateName\":\"Schweizversand.ch\",\"potentialAction\":[{\"@type\":\"SearchAction\",\"target\":{\"@type\":\"EntryPoint\",\"urlTemplate\":\"https:\\\/\\\/schweizversand.ch\\\/en\\\/?s={search_term_string}\"},\"query-input\":{\"@type\":\"PropertyValueSpecification\",\"valueRequired\":true,\"valueName\":\"search_term_string\"}}],\"inLanguage\":\"en-US\"},{\"@type\":\"Organization\",\"@id\":\"https:\\\/\\\/schweizversand.ch\\\/en\\\/#organization\",\"name\":\"Schweizversand.ch\",\"url\":\"https:\\\/\\\/schweizversand.ch\\\/en\\\/\",\"logo\":{\"@type\":\"ImageObject\",\"inLanguage\":\"en-US\",\"@id\":\"https:\\\/\\\/schweizversand.ch\\\/en\\\/#\\\/schema\\\/logo\\\/image\\\/\",\"url\":\"https:\\\/\\\/schweizversand.ch\\\/wp-content\\\/uploads\\\/2026\\\/03\\\/Logo_Rund_Final-1.png\",\"contentUrl\":\"https:\\\/\\\/schweizversand.ch\\\/wp-content\\\/uploads\\\/2026\\\/03\\\/Logo_Rund_Final-1.png\",\"width\":404,\"height\":404,\"caption\":\"Schweizversand.ch\"},\"image\":{\"@id\":\"https:\\\/\\\/schweizversand.ch\\\/en\\\/#\\\/schema\\\/logo\\\/image\\\/\"},\"sameAs\":[\"https:\\\/\\\/www.facebook.com\\\/Schweizversand\",\"https:\\\/\\\/www.instagram.com\\\/schweizversand.ch\\\/\"]}]}<\/script>\n<!-- \/ Yoast SEO plugin. -->","yoast_head_json":{"title":"Hudora 1 Schraubenset f\u00fcr Vario Erg\u00e4nzungsmodul Gondel | Jetzt kaufen | Schweizversand.ch","description":"Hudora 1 Schraubenset f\u00fcr Vario Erg\u00e4nzungsmodul Gondel g\u00fcnstig kaufen bei Schweizversand.ch. Schnelle Lieferung in der Schweiz. Gratisversand ab CHF 50.","robots":{"index":"index","follow":"follow","max-snippet":"max-snippet:-1","max-image-preview":"max-image-preview:large","max-video-preview":"max-video-preview:-1"},"canonical":"https:\/\/schweizversand.ch\/en\/produkt\/hudora-1-schraubenset-fuer-vario-ergaenzungsmodul-gondel\/","og_locale":"en_US","og_type":"article","og_title":"Hudora 1 Schraubenset f\u00fcr Vario Erg\u00e4nzungsmodul Gondel | Jetzt kaufen | Schweizversand.ch","og_description":"Hudora 1 Schraubenset f\u00fcr Vario Erg\u00e4nzungsmodul Gondel g\u00fcnstig kaufen bei Schweizversand.ch. Schnelle Lieferung in der Schweiz. Gratisversand ab CHF 50.","og_url":"https:\/\/schweizversand.ch\/en\/produkt\/hudora-1-schraubenset-fuer-vario-ergaenzungsmodul-gondel\/","og_site_name":"Schweizer Shop f\u00fcr Sport, Spiel und Freizeit","article_publisher":"https:\/\/www.facebook.com\/Schweizversand","article_modified_time":"2026-04-19T00:01:14+00:00","twitter_card":"summary_large_image","twitter_misc":{"Est. reading time":"1 minute"},"schema":{"@context":"https:\/\/schema.org","@graph":[{"@type":"WebPage","@id":"https:\/\/schweizversand.ch\/en\/produkt\/hudora-1-schraubenset-fuer-vario-ergaenzungsmodul-gondel\/","url":"https:\/\/schweizversand.ch\/en\/produkt\/hudora-1-schraubenset-fuer-vario-ergaenzungsmodul-gondel\/","name":"Hudora 1 Schraubenset f\u00fcr Vario Erg\u00e4nzungsmodul Gondel | Jetzt kaufen | Schweizversand.ch","isPartOf":{"@id":"https:\/\/schweizversand.ch\/en\/#website"},"primaryImageOfPage":{"@id":"https:\/\/schweizversand.ch\/en\/produkt\/hudora-1-schraubenset-fuer-vario-ergaenzungsmodul-gondel\/#primaryimage"},"image":{"@id":"https:\/\/schweizversand.ch\/en\/produkt\/hudora-1-schraubenset-fuer-vario-ergaenzungsmodul-gondel\/#primaryimage"},"thumbnailUrl":"https:\/\/schweizversand.ch\/wp-content\/uploads\/2026\/02\/5472099101.png","datePublished":"2026-03-14T23:54:08+00:00","dateModified":"2026-04-19T00:01:14+00:00","description":"Hudora 1 Schraubenset f\u00fcr Vario Erg\u00e4nzungsmodul Gondel g\u00fcnstig kaufen bei Schweizversand.ch. Schnelle Lieferung in der Schweiz. Gratisversand ab CHF 50.","breadcrumb":{"@id":"https:\/\/schweizversand.ch\/en\/produkt\/hudora-1-schraubenset-fuer-vario-ergaenzungsmodul-gondel\/#breadcrumb"},"inLanguage":"en-US","potentialAction":[{"@type":"ReadAction","target":["https:\/\/schweizversand.ch\/en\/produkt\/hudora-1-schraubenset-fuer-vario-ergaenzungsmodul-gondel\/"]}]},{"@type":"ImageObject","inLanguage":"en-US","@id":"https:\/\/schweizversand.ch\/en\/produkt\/hudora-1-schraubenset-fuer-vario-ergaenzungsmodul-gondel\/#primaryimage","url":"https:\/\/schweizversand.ch\/wp-content\/uploads\/2026\/02\/5472099101.png","contentUrl":"https:\/\/schweizversand.ch\/wp-content\/uploads\/2026\/02\/5472099101.png","width":1024,"height":1024},{"@type":"BreadcrumbList","@id":"https:\/\/schweizversand.ch\/en\/produkt\/hudora-1-schraubenset-fuer-vario-ergaenzungsmodul-gondel\/#breadcrumb","itemListElement":[{"@type":"ListItem","position":1,"name":"Startseite","item":"https:\/\/schweizversand.ch\/en\/"},{"@type":"ListItem","position":2,"name":"Shop","item":"https:\/\/schweizversand.ch\/en\/shop\/"},{"@type":"ListItem","position":3,"name":"Spare parts","item":"https:\/\/schweizversand.ch\/en\/produkt-kategorie\/spare-parts\/"},{"@type":"ListItem","position":4,"name":"Hudora","item":"https:\/\/schweizversand.ch\/en\/produkt-kategorie\/spare-parts\/hudora\/"},{"@type":"ListItem","position":5,"name":"Miscellaneous","item":"https:\/\/schweizversand.ch\/en\/produkt-kategorie\/spare-parts\/hudora\/diverses\/"},{"@type":"ListItem","position":6,"name":"Hudora 1 screw set for Vario add-on module gondola"}]},{"@type":"WebSite","@id":"https:\/\/schweizversand.ch\/en\/#website","url":"https:\/\/schweizversand.ch\/en\/","name":"Schweizer Shop f\u00fcr Sport, Spiel und Freizeit","description":"Gratisversand ab 50.- (netto), ab eigenem schweizer Lager, Lieferung innert 48h","publisher":{"@id":"https:\/\/schweizversand.ch\/en\/#organization"},"alternateName":"Schweizversand.ch","potentialAction":[{"@type":"SearchAction","target":{"@type":"EntryPoint","urlTemplate":"https:\/\/schweizversand.ch\/en\/?s={search_term_string}"},"query-input":{"@type":"PropertyValueSpecification","valueRequired":true,"valueName":"search_term_string"}}],"inLanguage":"en-US"},{"@type":"Organization","@id":"https:\/\/schweizversand.ch\/en\/#organization","name":"Schweizversand.ch","url":"https:\/\/schweizversand.ch\/en\/","logo":{"@type":"ImageObject","inLanguage":"en-US","@id":"https:\/\/schweizversand.ch\/en\/#\/schema\/logo\/image\/","url":"https:\/\/schweizversand.ch\/wp-content\/uploads\/2026\/03\/Logo_Rund_Final-1.png","contentUrl":"https:\/\/schweizversand.ch\/wp-content\/uploads\/2026\/03\/Logo_Rund_Final-1.png","width":404,"height":404,"caption":"Schweizversand.ch"},"image":{"@id":"https:\/\/schweizversand.ch\/en\/#\/schema\/logo\/image\/"},"sameAs":["https:\/\/www.facebook.com\/Schweizversand","https:\/\/www.instagram.com\/schweizversand.ch\/"]}]}},"jetpack_sharing_enabled":true,"_links":{"self":[{"href":"https:\/\/schweizversand.ch\/en\/wp-json\/wp\/v2\/product\/252640","targetHints":{"allow":["GET"]}}],"collection":[{"href":"https:\/\/schweizversand.ch\/en\/wp-json\/wp\/v2\/product"}],"about":[{"href":"https:\/\/schweizversand.ch\/en\/wp-json\/wp\/v2\/types\/product"}],"replies":[{"embeddable":true,"href":"https:\/\/schweizversand.ch\/en\/wp-json\/wp\/v2\/comments?post=252640"}],"wp:featuredmedia":[{"embeddable":true,"href":"https:\/\/schweizversand.ch\/en\/wp-json\/wp\/v2\/media\/158612"}],"wp:attachment":[{"href":"https:\/\/schweizversand.ch\/en\/wp-json\/wp\/v2\/media?parent=252640"}],"wp:term":[{"taxonomy":"product_brand","embeddable":true,"href":"https:\/\/schweizversand.ch\/en\/wp-json\/wp\/v2\/product_brand?post=252640"},{"taxonomy":"product_cat","embeddable":true,"href":"https:\/\/schweizversand.ch\/en\/wp-json\/wp\/v2\/product_cat?post=252640"},{"taxonomy":"product_tag","embeddable":true,"href":"https:\/\/schweizversand.ch\/en\/wp-json\/wp\/v2\/product_tag?post=252640"}],"curies":[{"name":"wp","href":"https:\/\/api.w.org\/{rel}","templated":true}]}}