{"id":252696,"date":"2026-03-15T00:55:34","date_gmt":"2026-03-14T23:55:34","guid":{"rendered":"https:\/\/schweizversand.ch\/produkt\/jilong-sup-leine\/"},"modified":"2026-04-19T02:01:53","modified_gmt":"2026-04-19T00:01:53","slug":"jilong-sup-leine","status":"publish","type":"product","link":"https:\/\/schweizversand.ch\/en\/produkt\/jilong-sup-leine\/","title":{"rendered":"Jilong SUP leash"},"content":{"rendered":"<div>SUP Leash 3m \u2013 Securely connected on any body of water!<br \/>This high-quality SUP leash is an essential accessory for every stand-up paddleboarder. It ensures your board always stays close \u2013 whether on calm lakes, rivers, or the sea. Made from robust TPU (thermoplastic polyurethane), it offers maximum durability, flexibility, and safety on every trip.<br \/>With a length of 3 meters, the leash guarantees ample freedom of movement, while the 0.65 cm diameter creates an ideal balance between stability and elasticity. Despite its light weight of only 250 grams, it is extremely durable and reliable \u2013 for carefree paddling fun with a secure feeling. Product advantages at a glance: \u2022 Material: High-quality TPU \u2013 durable, elastic and long-lasting \u2022 Length: 3 m \u2013 optimal reach for freedom of movement \u2022 Diameter: 0.65 cm \u2013 perfect combination of strength and flexibility \u2022 Weight: 250 g \u2013 light but robust \u2022 Safety: Reliably connects board and paddler, even in the event of falls \u2022 Universally applicable: Ideal for stand-up paddling on lakes, rivers &#038; Coastal<\/p>\n<\/div>\n<div>Stay securely connected to your board at all times \u2013 with the TPU SUP leash, you&#8217;ll enjoy stability, comfort, and confidence with every paddle stroke.<\/p>\n<\/div>\n","protected":false},"excerpt":{"rendered":"<p>SUP Leash 3m \u2013 Securely connected on any body of water!This high-quality SUP leash is an essential accessory for every stand-up paddleboarder. It ensures your board always stays close \u2013 whether on calm lakes, rivers, or the sea. Made from robust TPU (thermoplastic polyurethane), it offers maximum durability, flexibility, and safety on every trip.With a length of 3 meters, the leash guarantees ample freedom of movement, while the 0.65 cm diameter creates an ideal balance&hellip;<\/p>\n","protected":false},"featured_media":261266,"comment_status":"open","ping_status":"closed","template":"","meta":[],"product_brand":[],"product_cat":[38785,38786],"product_tag":[],"class_list":{"0":"post-252696","1":"product","2":"type-product","3":"status-publish","4":"has-post-thumbnail","6":"product_cat-stand-up-paddling","8":"product_shipping_class-global_methods","10":"first","11":"instock","12":"taxable","13":"shipping-taxable","14":"purchasable","15":"product-type-simple"},"yoast_head":"<!-- This site is optimized with the Yoast SEO plugin v27.4 - https:\/\/yoast.com\/product\/yoast-seo-wordpress\/ -->\n<title>Jilong SUP Leine<\/title>\n<meta name=\"description\" content=\"SUP-Leine 3 m \u2013 Sicher verbunden auf jedem Gew\u00e4sser!\u00a0 Diese hochwertige SUP-Leine ist ein unverzichtbares Zubeh\u00f6r f\u00fcr jeden Stand-Up-Paddler. Sie sorgt daf\u00fcr, d\" \/>\n<meta name=\"robots\" content=\"index, follow, max-snippet:-1, max-image-preview:large, max-video-preview:-1\" \/>\n<link rel=\"canonical\" href=\"https:\/\/schweizversand.ch\/en\/produkt\/jilong-sup-leine\/\" \/>\n<meta property=\"og:locale\" content=\"en_US\" \/>\n<meta property=\"og:type\" content=\"article\" \/>\n<meta property=\"og:title\" content=\"Jilong SUP Leine\" \/>\n<meta property=\"og:description\" content=\"SUP-Leine 3 m \u2013 Sicher verbunden auf jedem Gew\u00e4sser!\u00a0 Diese hochwertige SUP-Leine ist ein unverzichtbares Zubeh\u00f6r f\u00fcr jeden Stand-Up-Paddler. Sie sorgt daf\u00fcr, d\" \/>\n<meta property=\"og:url\" content=\"https:\/\/schweizversand.ch\/en\/produkt\/jilong-sup-leine\/\" \/>\n<meta property=\"og:site_name\" content=\"Schweizer Shop f\u00fcr Sport, Spiel und Freizeit\" \/>\n<meta property=\"article:publisher\" content=\"https:\/\/www.facebook.com\/Schweizversand\" \/>\n<meta property=\"article:modified_time\" content=\"2026-04-19T00:01:53+00:00\" \/>\n<meta property=\"og:image\" content=\"https:\/\/schweizversand.ch\/wp-content\/uploads\/2026\/02\/5471482096.jpg\" \/>\n\t<meta property=\"og:image:width\" content=\"410\" \/>\n\t<meta property=\"og:image:height\" content=\"1024\" \/>\n\t<meta property=\"og:image:type\" content=\"image\/jpeg\" \/>\n<meta name=\"twitter:card\" content=\"summary_large_image\" \/>\n<meta name=\"twitter:label1\" content=\"Est. reading time\" \/>\n\t<meta name=\"twitter:data1\" content=\"1 minute\" \/>\n<script type=\"application\/ld+json\" class=\"yoast-schema-graph\">{\"@context\":\"https:\\\/\\\/schema.org\",\"@graph\":[{\"@type\":\"WebPage\",\"@id\":\"https:\\\/\\\/schweizversand.ch\\\/en\\\/produkt\\\/jilong-sup-leine\\\/\",\"url\":\"https:\\\/\\\/schweizversand.ch\\\/en\\\/produkt\\\/jilong-sup-leine\\\/\",\"name\":\"Jilong SUP Leine\",\"isPartOf\":{\"@id\":\"https:\\\/\\\/schweizversand.ch\\\/en\\\/#website\"},\"primaryImageOfPage\":{\"@id\":\"https:\\\/\\\/schweizversand.ch\\\/en\\\/produkt\\\/jilong-sup-leine\\\/#primaryimage\"},\"image\":{\"@id\":\"https:\\\/\\\/schweizversand.ch\\\/en\\\/produkt\\\/jilong-sup-leine\\\/#primaryimage\"},\"thumbnailUrl\":\"https:\\\/\\\/schweizversand.ch\\\/wp-content\\\/uploads\\\/2026\\\/02\\\/5471482096.jpg\",\"datePublished\":\"2026-03-14T23:55:34+00:00\",\"dateModified\":\"2026-04-19T00:01:53+00:00\",\"description\":\"SUP-Leine 3 m \u2013 Sicher verbunden auf jedem Gew\u00e4sser!\u00a0 Diese hochwertige SUP-Leine ist ein unverzichtbares Zubeh\u00f6r f\u00fcr jeden Stand-Up-Paddler. Sie sorgt daf\u00fcr, d\",\"breadcrumb\":{\"@id\":\"https:\\\/\\\/schweizversand.ch\\\/en\\\/produkt\\\/jilong-sup-leine\\\/#breadcrumb\"},\"inLanguage\":\"en-US\",\"potentialAction\":[{\"@type\":\"ReadAction\",\"target\":[\"https:\\\/\\\/schweizversand.ch\\\/en\\\/produkt\\\/jilong-sup-leine\\\/\"]}]},{\"@type\":\"ImageObject\",\"inLanguage\":\"en-US\",\"@id\":\"https:\\\/\\\/schweizversand.ch\\\/en\\\/produkt\\\/jilong-sup-leine\\\/#primaryimage\",\"url\":\"https:\\\/\\\/schweizversand.ch\\\/wp-content\\\/uploads\\\/2026\\\/02\\\/5471482096.jpg\",\"contentUrl\":\"https:\\\/\\\/schweizversand.ch\\\/wp-content\\\/uploads\\\/2026\\\/02\\\/5471482096.jpg\",\"width\":410,\"height\":1024},{\"@type\":\"BreadcrumbList\",\"@id\":\"https:\\\/\\\/schweizversand.ch\\\/en\\\/produkt\\\/jilong-sup-leine\\\/#breadcrumb\",\"itemListElement\":[{\"@type\":\"ListItem\",\"position\":1,\"name\":\"Startseite\",\"item\":\"https:\\\/\\\/schweizversand.ch\\\/en\\\/\"},{\"@type\":\"ListItem\",\"position\":2,\"name\":\"Shop\",\"item\":\"https:\\\/\\\/schweizversand.ch\\\/en\\\/shop\\\/\"},{\"@type\":\"ListItem\",\"position\":3,\"name\":\"Sports\",\"item\":\"https:\\\/\\\/schweizversand.ch\\\/en\\\/produkt-kategorie\\\/sports\\\/\"},{\"@type\":\"ListItem\",\"position\":4,\"name\":\"Water sports\",\"item\":\"https:\\\/\\\/schweizversand.ch\\\/en\\\/produkt-kategorie\\\/sports\\\/water-sports\\\/\"},{\"@type\":\"ListItem\",\"position\":5,\"name\":\"Stand Up Paddling\",\"item\":\"https:\\\/\\\/schweizversand.ch\\\/en\\\/produkt-kategorie\\\/sports\\\/water-sports\\\/stand-up-paddling\\\/\"},{\"@type\":\"ListItem\",\"position\":6,\"name\":\"Jilong SUP leash\"}]},{\"@type\":\"WebSite\",\"@id\":\"https:\\\/\\\/schweizversand.ch\\\/en\\\/#website\",\"url\":\"https:\\\/\\\/schweizversand.ch\\\/en\\\/\",\"name\":\"Schweizer Shop f\u00fcr Sport, Spiel und Freizeit\",\"description\":\"Gratisversand ab 50.- (netto), ab eigenem schweizer Lager, Lieferung innert 48h\",\"publisher\":{\"@id\":\"https:\\\/\\\/schweizversand.ch\\\/en\\\/#organization\"},\"alternateName\":\"Schweizversand.ch\",\"potentialAction\":[{\"@type\":\"SearchAction\",\"target\":{\"@type\":\"EntryPoint\",\"urlTemplate\":\"https:\\\/\\\/schweizversand.ch\\\/en\\\/?s={search_term_string}\"},\"query-input\":{\"@type\":\"PropertyValueSpecification\",\"valueRequired\":true,\"valueName\":\"search_term_string\"}}],\"inLanguage\":\"en-US\"},{\"@type\":\"Organization\",\"@id\":\"https:\\\/\\\/schweizversand.ch\\\/en\\\/#organization\",\"name\":\"Schweizversand.ch\",\"url\":\"https:\\\/\\\/schweizversand.ch\\\/en\\\/\",\"logo\":{\"@type\":\"ImageObject\",\"inLanguage\":\"en-US\",\"@id\":\"https:\\\/\\\/schweizversand.ch\\\/en\\\/#\\\/schema\\\/logo\\\/image\\\/\",\"url\":\"https:\\\/\\\/schweizversand.ch\\\/wp-content\\\/uploads\\\/2026\\\/03\\\/Logo_Rund_Final-1.png\",\"contentUrl\":\"https:\\\/\\\/schweizversand.ch\\\/wp-content\\\/uploads\\\/2026\\\/03\\\/Logo_Rund_Final-1.png\",\"width\":404,\"height\":404,\"caption\":\"Schweizversand.ch\"},\"image\":{\"@id\":\"https:\\\/\\\/schweizversand.ch\\\/en\\\/#\\\/schema\\\/logo\\\/image\\\/\"},\"sameAs\":[\"https:\\\/\\\/www.facebook.com\\\/Schweizversand\",\"https:\\\/\\\/www.instagram.com\\\/schweizversand.ch\\\/\"]}]}<\/script>\n<!-- \/ Yoast SEO plugin. -->","yoast_head_json":{"title":"Jilong SUP Leine","description":"SUP-Leine 3 m \u2013 Sicher verbunden auf jedem Gew\u00e4sser!\u00a0 Diese hochwertige SUP-Leine ist ein unverzichtbares Zubeh\u00f6r f\u00fcr jeden Stand-Up-Paddler. Sie sorgt daf\u00fcr, d","robots":{"index":"index","follow":"follow","max-snippet":"max-snippet:-1","max-image-preview":"max-image-preview:large","max-video-preview":"max-video-preview:-1"},"canonical":"https:\/\/schweizversand.ch\/en\/produkt\/jilong-sup-leine\/","og_locale":"en_US","og_type":"article","og_title":"Jilong SUP Leine","og_description":"SUP-Leine 3 m \u2013 Sicher verbunden auf jedem Gew\u00e4sser!\u00a0 Diese hochwertige SUP-Leine ist ein unverzichtbares Zubeh\u00f6r f\u00fcr jeden Stand-Up-Paddler. Sie sorgt daf\u00fcr, d","og_url":"https:\/\/schweizversand.ch\/en\/produkt\/jilong-sup-leine\/","og_site_name":"Schweizer Shop f\u00fcr Sport, Spiel und Freizeit","article_publisher":"https:\/\/www.facebook.com\/Schweizversand","article_modified_time":"2026-04-19T00:01:53+00:00","og_image":[{"width":410,"height":1024,"url":"https:\/\/schweizversand.ch\/wp-content\/uploads\/2026\/02\/5471482096.jpg","type":"image\/jpeg"}],"twitter_card":"summary_large_image","twitter_misc":{"Est. reading time":"1 minute"},"schema":{"@context":"https:\/\/schema.org","@graph":[{"@type":"WebPage","@id":"https:\/\/schweizversand.ch\/en\/produkt\/jilong-sup-leine\/","url":"https:\/\/schweizversand.ch\/en\/produkt\/jilong-sup-leine\/","name":"Jilong SUP Leine","isPartOf":{"@id":"https:\/\/schweizversand.ch\/en\/#website"},"primaryImageOfPage":{"@id":"https:\/\/schweizversand.ch\/en\/produkt\/jilong-sup-leine\/#primaryimage"},"image":{"@id":"https:\/\/schweizversand.ch\/en\/produkt\/jilong-sup-leine\/#primaryimage"},"thumbnailUrl":"https:\/\/schweizversand.ch\/wp-content\/uploads\/2026\/02\/5471482096.jpg","datePublished":"2026-03-14T23:55:34+00:00","dateModified":"2026-04-19T00:01:53+00:00","description":"SUP-Leine 3 m \u2013 Sicher verbunden auf jedem Gew\u00e4sser!\u00a0 Diese hochwertige SUP-Leine ist ein unverzichtbares Zubeh\u00f6r f\u00fcr jeden Stand-Up-Paddler. Sie sorgt daf\u00fcr, d","breadcrumb":{"@id":"https:\/\/schweizversand.ch\/en\/produkt\/jilong-sup-leine\/#breadcrumb"},"inLanguage":"en-US","potentialAction":[{"@type":"ReadAction","target":["https:\/\/schweizversand.ch\/en\/produkt\/jilong-sup-leine\/"]}]},{"@type":"ImageObject","inLanguage":"en-US","@id":"https:\/\/schweizversand.ch\/en\/produkt\/jilong-sup-leine\/#primaryimage","url":"https:\/\/schweizversand.ch\/wp-content\/uploads\/2026\/02\/5471482096.jpg","contentUrl":"https:\/\/schweizversand.ch\/wp-content\/uploads\/2026\/02\/5471482096.jpg","width":410,"height":1024},{"@type":"BreadcrumbList","@id":"https:\/\/schweizversand.ch\/en\/produkt\/jilong-sup-leine\/#breadcrumb","itemListElement":[{"@type":"ListItem","position":1,"name":"Startseite","item":"https:\/\/schweizversand.ch\/en\/"},{"@type":"ListItem","position":2,"name":"Shop","item":"https:\/\/schweizversand.ch\/en\/shop\/"},{"@type":"ListItem","position":3,"name":"Sports","item":"https:\/\/schweizversand.ch\/en\/produkt-kategorie\/sports\/"},{"@type":"ListItem","position":4,"name":"Water sports","item":"https:\/\/schweizversand.ch\/en\/produkt-kategorie\/sports\/water-sports\/"},{"@type":"ListItem","position":5,"name":"Stand Up Paddling","item":"https:\/\/schweizversand.ch\/en\/produkt-kategorie\/sports\/water-sports\/stand-up-paddling\/"},{"@type":"ListItem","position":6,"name":"Jilong SUP leash"}]},{"@type":"WebSite","@id":"https:\/\/schweizversand.ch\/en\/#website","url":"https:\/\/schweizversand.ch\/en\/","name":"Schweizer Shop f\u00fcr Sport, Spiel und Freizeit","description":"Gratisversand ab 50.- (netto), ab eigenem schweizer Lager, Lieferung innert 48h","publisher":{"@id":"https:\/\/schweizversand.ch\/en\/#organization"},"alternateName":"Schweizversand.ch","potentialAction":[{"@type":"SearchAction","target":{"@type":"EntryPoint","urlTemplate":"https:\/\/schweizversand.ch\/en\/?s={search_term_string}"},"query-input":{"@type":"PropertyValueSpecification","valueRequired":true,"valueName":"search_term_string"}}],"inLanguage":"en-US"},{"@type":"Organization","@id":"https:\/\/schweizversand.ch\/en\/#organization","name":"Schweizversand.ch","url":"https:\/\/schweizversand.ch\/en\/","logo":{"@type":"ImageObject","inLanguage":"en-US","@id":"https:\/\/schweizversand.ch\/en\/#\/schema\/logo\/image\/","url":"https:\/\/schweizversand.ch\/wp-content\/uploads\/2026\/03\/Logo_Rund_Final-1.png","contentUrl":"https:\/\/schweizversand.ch\/wp-content\/uploads\/2026\/03\/Logo_Rund_Final-1.png","width":404,"height":404,"caption":"Schweizversand.ch"},"image":{"@id":"https:\/\/schweizversand.ch\/en\/#\/schema\/logo\/image\/"},"sameAs":["https:\/\/www.facebook.com\/Schweizversand","https:\/\/www.instagram.com\/schweizversand.ch\/"]}]}},"jetpack_sharing_enabled":true,"_links":{"self":[{"href":"https:\/\/schweizversand.ch\/en\/wp-json\/wp\/v2\/product\/252696","targetHints":{"allow":["GET"]}}],"collection":[{"href":"https:\/\/schweizversand.ch\/en\/wp-json\/wp\/v2\/product"}],"about":[{"href":"https:\/\/schweizversand.ch\/en\/wp-json\/wp\/v2\/types\/product"}],"replies":[{"embeddable":true,"href":"https:\/\/schweizversand.ch\/en\/wp-json\/wp\/v2\/comments?post=252696"}],"wp:featuredmedia":[{"embeddable":true,"href":"https:\/\/schweizversand.ch\/en\/wp-json\/wp\/v2\/media\/261266"}],"wp:attachment":[{"href":"https:\/\/schweizversand.ch\/en\/wp-json\/wp\/v2\/media?parent=252696"}],"wp:term":[{"taxonomy":"product_brand","embeddable":true,"href":"https:\/\/schweizversand.ch\/en\/wp-json\/wp\/v2\/product_brand?post=252696"},{"taxonomy":"product_cat","embeddable":true,"href":"https:\/\/schweizversand.ch\/en\/wp-json\/wp\/v2\/product_cat?post=252696"},{"taxonomy":"product_tag","embeddable":true,"href":"https:\/\/schweizversand.ch\/en\/wp-json\/wp\/v2\/product_tag?post=252696"}],"curies":[{"name":"wp","href":"https:\/\/api.w.org\/{rel}","templated":true}]}}