{"id":252700,"date":"2026-03-15T00:55:34","date_gmt":"2026-03-14T23:55:34","guid":{"rendered":"https:\/\/schweizversand.ch\/produkt\/jilong-sitz-sofa-baer\/"},"modified":"2026-04-20T02:01:41","modified_gmt":"2026-04-20T00:01:41","slug":"jilong-sitz-sofa-baer","status":"publish","type":"product","link":"https:\/\/schweizversand.ch\/en\/produkt\/jilong-sitz-sofa-baer\/","title":{"rendered":"Jilong Bear Seating Sofa"},"content":{"rendered":"<div>Jilong Bear Seat Cushion \u2013 Comfortable Inflatable Children&#8217;s Chair for Indoor &#038; Outdoor Use<br \/>The Jilong Bear Seat Cushion is the perfect seating option for children, combining comfort and fun. With its cute yellow bear design, it&#8217;s a real eye-catcher in any child&#8217;s room, play area, or garden. The inflatable seat cushion is lightweight, compact, and can be set up in no time \u2013 ideal for home or on the go.<br \/>Made of durable PVC, the cushion impresses with its robustness and longevity. The ergonomic shape with backrest and armrests provides comfortable support and optimal seating comfort. Children can read, play, relax, or simply sit comfortably on it.<br \/>Product Benefits at a Glance:<\/p>\n<div>\n<ul>\n<li>Child-Friendly Design: Cute Yellow Bear \u2013 Popular with Boys and Girls\n<li>\n<li>Comfortable &#038; Ergonomic: With backrest and armrests for comfortable sitting. Durable &#038; robust: Made of hard-wearing PVC \u2013 ideal for indoor and outdoor use. Lightweight &#038; portable: Low weight (approx. 500 g) and compact pack size (28 \u00d7 21 \u00d7 5 cm). Easy to use: Quickly inflates and can be stored to save space. Size: approx. 78 \u00d7 68 cm, backrest approx. 68 cm high. The Jilong Bear Seat Cushion is a versatile and comfortable seat for children \u2013 ideal for playing, reading, or relaxing, whether at home or while traveling.<br \/>\n","protected":false},"excerpt":{"rendered":"<p>Jilong Bear Seat Cushion \u2013 Comfortable Inflatable Children&#8217;s Chair for Indoor &#038; Outdoor UseThe Jilong Bear Seat Cushion is the perfect seating option for children, combining comfort and fun. With its cute yellow bear design, it&#8217;s a real eye-catcher in any child&#8217;s room, play area, or garden. The inflatable seat cushion is lightweight, compact, and can be set up in no time \u2013 ideal for home or on the go.Made of durable PVC, the cushion&hellip;<\/p>\n","protected":false},"featured_media":261268,"comment_status":"open","ping_status":"closed","template":"","meta":[],"product_brand":[],"product_cat":[38050],"product_tag":[],"class_list":{"0":"post-252700","1":"product","2":"type-product","3":"status-publish","4":"has-post-thumbnail","6":"product_cat-gartenmoebel","7":"product_shipping_class-global_methods","9":"first","10":"instock","11":"taxable","12":"shipping-taxable","13":"purchasable","14":"product-type-simple"},"yoast_head":"<!-- This site is optimized with the Yoast SEO plugin v27.4 - https:\/\/yoast.com\/product\/yoast-seo-wordpress\/ -->\n<title>Jilong Sitz-Sofa B\u00e4r<\/title>\n<meta name=\"description\" content=\"Jilong B\u00e4r Sitzkissen \u2013 Bequemer Kinderstuhl zum Aufblasen f\u00fcr drinnen &amp; draussen\u00a0 Das Jilong B\u00e4r Sitzkissen ist die perfekte Sitzgelegenheit f\u00fcr Kinder, die Ko\" \/>\n<meta name=\"robots\" content=\"index, follow, max-snippet:-1, max-image-preview:large, max-video-preview:-1\" \/>\n<link rel=\"canonical\" href=\"https:\/\/schweizversand.ch\/en\/produkt\/jilong-sitz-sofa-baer\/\" \/>\n<meta property=\"og:locale\" content=\"en_US\" \/>\n<meta property=\"og:type\" content=\"article\" \/>\n<meta property=\"og:title\" content=\"Jilong Sitz-Sofa B\u00e4r\" \/>\n<meta property=\"og:description\" content=\"Jilong B\u00e4r Sitzkissen \u2013 Bequemer Kinderstuhl zum Aufblasen f\u00fcr drinnen &amp; draussen\u00a0 Das Jilong B\u00e4r Sitzkissen ist die perfekte Sitzgelegenheit f\u00fcr Kinder, die Ko\" \/>\n<meta property=\"og:url\" content=\"https:\/\/schweizversand.ch\/en\/produkt\/jilong-sitz-sofa-baer\/\" \/>\n<meta property=\"og:site_name\" content=\"Schweizer Shop f\u00fcr Sport, Spiel und Freizeit\" \/>\n<meta property=\"article:publisher\" content=\"https:\/\/www.facebook.com\/Schweizversand\" \/>\n<meta property=\"article:modified_time\" content=\"2026-04-20T00:01:41+00:00\" \/>\n<meta property=\"og:image\" content=\"https:\/\/schweizversand.ch\/wp-content\/uploads\/2026\/02\/5471480191.jpg\" \/>\n\t<meta property=\"og:image:width\" content=\"944\" \/>\n\t<meta property=\"og:image:height\" content=\"1024\" \/>\n\t<meta property=\"og:image:type\" content=\"image\/jpeg\" \/>\n<meta name=\"twitter:card\" content=\"summary_large_image\" \/>\n<meta name=\"twitter:label1\" content=\"Est. reading time\" \/>\n\t<meta name=\"twitter:data1\" content=\"1 minute\" \/>\n<script type=\"application\/ld+json\" class=\"yoast-schema-graph\">{\"@context\":\"https:\\\/\\\/schema.org\",\"@graph\":[{\"@type\":\"WebPage\",\"@id\":\"https:\\\/\\\/schweizversand.ch\\\/en\\\/produkt\\\/jilong-sitz-sofa-baer\\\/\",\"url\":\"https:\\\/\\\/schweizversand.ch\\\/en\\\/produkt\\\/jilong-sitz-sofa-baer\\\/\",\"name\":\"Jilong Sitz-Sofa B\u00e4r\",\"isPartOf\":{\"@id\":\"https:\\\/\\\/schweizversand.ch\\\/en\\\/#website\"},\"primaryImageOfPage\":{\"@id\":\"https:\\\/\\\/schweizversand.ch\\\/en\\\/produkt\\\/jilong-sitz-sofa-baer\\\/#primaryimage\"},\"image\":{\"@id\":\"https:\\\/\\\/schweizversand.ch\\\/en\\\/produkt\\\/jilong-sitz-sofa-baer\\\/#primaryimage\"},\"thumbnailUrl\":\"https:\\\/\\\/schweizversand.ch\\\/wp-content\\\/uploads\\\/2026\\\/02\\\/5471480191.jpg\",\"datePublished\":\"2026-03-14T23:55:34+00:00\",\"dateModified\":\"2026-04-20T00:01:41+00:00\",\"description\":\"Jilong B\u00e4r Sitzkissen \u2013 Bequemer Kinderstuhl zum Aufblasen f\u00fcr drinnen & draussen\u00a0 Das Jilong B\u00e4r Sitzkissen ist die perfekte Sitzgelegenheit f\u00fcr Kinder, die Ko\",\"breadcrumb\":{\"@id\":\"https:\\\/\\\/schweizversand.ch\\\/en\\\/produkt\\\/jilong-sitz-sofa-baer\\\/#breadcrumb\"},\"inLanguage\":\"en-US\",\"potentialAction\":[{\"@type\":\"ReadAction\",\"target\":[\"https:\\\/\\\/schweizversand.ch\\\/en\\\/produkt\\\/jilong-sitz-sofa-baer\\\/\"]}]},{\"@type\":\"ImageObject\",\"inLanguage\":\"en-US\",\"@id\":\"https:\\\/\\\/schweizversand.ch\\\/en\\\/produkt\\\/jilong-sitz-sofa-baer\\\/#primaryimage\",\"url\":\"https:\\\/\\\/schweizversand.ch\\\/wp-content\\\/uploads\\\/2026\\\/02\\\/5471480191.jpg\",\"contentUrl\":\"https:\\\/\\\/schweizversand.ch\\\/wp-content\\\/uploads\\\/2026\\\/02\\\/5471480191.jpg\",\"width\":944,\"height\":1024},{\"@type\":\"BreadcrumbList\",\"@id\":\"https:\\\/\\\/schweizversand.ch\\\/en\\\/produkt\\\/jilong-sitz-sofa-baer\\\/#breadcrumb\",\"itemListElement\":[{\"@type\":\"ListItem\",\"position\":1,\"name\":\"Startseite\",\"item\":\"https:\\\/\\\/schweizversand.ch\\\/en\\\/\"},{\"@type\":\"ListItem\",\"position\":2,\"name\":\"Shop\",\"item\":\"https:\\\/\\\/schweizversand.ch\\\/en\\\/shop\\\/\"},{\"@type\":\"ListItem\",\"position\":3,\"name\":\"Home &amp; Garden\",\"item\":\"https:\\\/\\\/schweizversand.ch\\\/en\\\/produkt-kategorie\\\/home-garden\\\/\"},{\"@type\":\"ListItem\",\"position\":4,\"name\":\"Garden Furniture\",\"item\":\"https:\\\/\\\/schweizversand.ch\\\/en\\\/produkt-kategorie\\\/home-garden\\\/garden-furnishings\\\/\"},{\"@type\":\"ListItem\",\"position\":5,\"name\":\"Garden Furniture\",\"item\":\"https:\\\/\\\/schweizversand.ch\\\/en\\\/produkt-kategorie\\\/home-garden\\\/garden-furnishings\\\/gartenmoebel\\\/\"},{\"@type\":\"ListItem\",\"position\":6,\"name\":\"Jilong Bear Seating Sofa\"}]},{\"@type\":\"WebSite\",\"@id\":\"https:\\\/\\\/schweizversand.ch\\\/en\\\/#website\",\"url\":\"https:\\\/\\\/schweizversand.ch\\\/en\\\/\",\"name\":\"Schweizer Shop f\u00fcr Sport, Spiel und Freizeit\",\"description\":\"Gratisversand ab 50.- (netto), ab eigenem schweizer Lager, Lieferung innert 48h\",\"publisher\":{\"@id\":\"https:\\\/\\\/schweizversand.ch\\\/en\\\/#organization\"},\"alternateName\":\"Schweizversand.ch\",\"potentialAction\":[{\"@type\":\"SearchAction\",\"target\":{\"@type\":\"EntryPoint\",\"urlTemplate\":\"https:\\\/\\\/schweizversand.ch\\\/en\\\/?s={search_term_string}\"},\"query-input\":{\"@type\":\"PropertyValueSpecification\",\"valueRequired\":true,\"valueName\":\"search_term_string\"}}],\"inLanguage\":\"en-US\"},{\"@type\":\"Organization\",\"@id\":\"https:\\\/\\\/schweizversand.ch\\\/en\\\/#organization\",\"name\":\"Schweizversand.ch\",\"url\":\"https:\\\/\\\/schweizversand.ch\\\/en\\\/\",\"logo\":{\"@type\":\"ImageObject\",\"inLanguage\":\"en-US\",\"@id\":\"https:\\\/\\\/schweizversand.ch\\\/en\\\/#\\\/schema\\\/logo\\\/image\\\/\",\"url\":\"https:\\\/\\\/schweizversand.ch\\\/wp-content\\\/uploads\\\/2026\\\/03\\\/Logo_Rund_Final-1.png\",\"contentUrl\":\"https:\\\/\\\/schweizversand.ch\\\/wp-content\\\/uploads\\\/2026\\\/03\\\/Logo_Rund_Final-1.png\",\"width\":404,\"height\":404,\"caption\":\"Schweizversand.ch\"},\"image\":{\"@id\":\"https:\\\/\\\/schweizversand.ch\\\/en\\\/#\\\/schema\\\/logo\\\/image\\\/\"},\"sameAs\":[\"https:\\\/\\\/www.facebook.com\\\/Schweizversand\",\"https:\\\/\\\/www.instagram.com\\\/schweizversand.ch\\\/\"]}]}<\/script>\n<!-- \/ Yoast SEO plugin. -->","yoast_head_json":{"title":"Jilong Sitz-Sofa B\u00e4r","description":"Jilong B\u00e4r Sitzkissen \u2013 Bequemer Kinderstuhl zum Aufblasen f\u00fcr drinnen & draussen\u00a0 Das Jilong B\u00e4r Sitzkissen ist die perfekte Sitzgelegenheit f\u00fcr Kinder, die Ko","robots":{"index":"index","follow":"follow","max-snippet":"max-snippet:-1","max-image-preview":"max-image-preview:large","max-video-preview":"max-video-preview:-1"},"canonical":"https:\/\/schweizversand.ch\/en\/produkt\/jilong-sitz-sofa-baer\/","og_locale":"en_US","og_type":"article","og_title":"Jilong Sitz-Sofa B\u00e4r","og_description":"Jilong B\u00e4r Sitzkissen \u2013 Bequemer Kinderstuhl zum Aufblasen f\u00fcr drinnen & draussen\u00a0 Das Jilong B\u00e4r Sitzkissen ist die perfekte Sitzgelegenheit f\u00fcr Kinder, die Ko","og_url":"https:\/\/schweizversand.ch\/en\/produkt\/jilong-sitz-sofa-baer\/","og_site_name":"Schweizer Shop f\u00fcr Sport, Spiel und Freizeit","article_publisher":"https:\/\/www.facebook.com\/Schweizversand","article_modified_time":"2026-04-20T00:01:41+00:00","og_image":[{"width":944,"height":1024,"url":"https:\/\/schweizversand.ch\/wp-content\/uploads\/2026\/02\/5471480191.jpg","type":"image\/jpeg"}],"twitter_card":"summary_large_image","twitter_misc":{"Est. reading time":"1 minute"},"schema":{"@context":"https:\/\/schema.org","@graph":[{"@type":"WebPage","@id":"https:\/\/schweizversand.ch\/en\/produkt\/jilong-sitz-sofa-baer\/","url":"https:\/\/schweizversand.ch\/en\/produkt\/jilong-sitz-sofa-baer\/","name":"Jilong Sitz-Sofa B\u00e4r","isPartOf":{"@id":"https:\/\/schweizversand.ch\/en\/#website"},"primaryImageOfPage":{"@id":"https:\/\/schweizversand.ch\/en\/produkt\/jilong-sitz-sofa-baer\/#primaryimage"},"image":{"@id":"https:\/\/schweizversand.ch\/en\/produkt\/jilong-sitz-sofa-baer\/#primaryimage"},"thumbnailUrl":"https:\/\/schweizversand.ch\/wp-content\/uploads\/2026\/02\/5471480191.jpg","datePublished":"2026-03-14T23:55:34+00:00","dateModified":"2026-04-20T00:01:41+00:00","description":"Jilong B\u00e4r Sitzkissen \u2013 Bequemer Kinderstuhl zum Aufblasen f\u00fcr drinnen & draussen\u00a0 Das Jilong B\u00e4r Sitzkissen ist die perfekte Sitzgelegenheit f\u00fcr Kinder, die Ko","breadcrumb":{"@id":"https:\/\/schweizversand.ch\/en\/produkt\/jilong-sitz-sofa-baer\/#breadcrumb"},"inLanguage":"en-US","potentialAction":[{"@type":"ReadAction","target":["https:\/\/schweizversand.ch\/en\/produkt\/jilong-sitz-sofa-baer\/"]}]},{"@type":"ImageObject","inLanguage":"en-US","@id":"https:\/\/schweizversand.ch\/en\/produkt\/jilong-sitz-sofa-baer\/#primaryimage","url":"https:\/\/schweizversand.ch\/wp-content\/uploads\/2026\/02\/5471480191.jpg","contentUrl":"https:\/\/schweizversand.ch\/wp-content\/uploads\/2026\/02\/5471480191.jpg","width":944,"height":1024},{"@type":"BreadcrumbList","@id":"https:\/\/schweizversand.ch\/en\/produkt\/jilong-sitz-sofa-baer\/#breadcrumb","itemListElement":[{"@type":"ListItem","position":1,"name":"Startseite","item":"https:\/\/schweizversand.ch\/en\/"},{"@type":"ListItem","position":2,"name":"Shop","item":"https:\/\/schweizversand.ch\/en\/shop\/"},{"@type":"ListItem","position":3,"name":"Home &amp; Garden","item":"https:\/\/schweizversand.ch\/en\/produkt-kategorie\/home-garden\/"},{"@type":"ListItem","position":4,"name":"Garden Furniture","item":"https:\/\/schweizversand.ch\/en\/produkt-kategorie\/home-garden\/garden-furnishings\/"},{"@type":"ListItem","position":5,"name":"Garden Furniture","item":"https:\/\/schweizversand.ch\/en\/produkt-kategorie\/home-garden\/garden-furnishings\/gartenmoebel\/"},{"@type":"ListItem","position":6,"name":"Jilong Bear Seating Sofa"}]},{"@type":"WebSite","@id":"https:\/\/schweizversand.ch\/en\/#website","url":"https:\/\/schweizversand.ch\/en\/","name":"Schweizer Shop f\u00fcr Sport, Spiel und Freizeit","description":"Gratisversand ab 50.- (netto), ab eigenem schweizer Lager, Lieferung innert 48h","publisher":{"@id":"https:\/\/schweizversand.ch\/en\/#organization"},"alternateName":"Schweizversand.ch","potentialAction":[{"@type":"SearchAction","target":{"@type":"EntryPoint","urlTemplate":"https:\/\/schweizversand.ch\/en\/?s={search_term_string}"},"query-input":{"@type":"PropertyValueSpecification","valueRequired":true,"valueName":"search_term_string"}}],"inLanguage":"en-US"},{"@type":"Organization","@id":"https:\/\/schweizversand.ch\/en\/#organization","name":"Schweizversand.ch","url":"https:\/\/schweizversand.ch\/en\/","logo":{"@type":"ImageObject","inLanguage":"en-US","@id":"https:\/\/schweizversand.ch\/en\/#\/schema\/logo\/image\/","url":"https:\/\/schweizversand.ch\/wp-content\/uploads\/2026\/03\/Logo_Rund_Final-1.png","contentUrl":"https:\/\/schweizversand.ch\/wp-content\/uploads\/2026\/03\/Logo_Rund_Final-1.png","width":404,"height":404,"caption":"Schweizversand.ch"},"image":{"@id":"https:\/\/schweizversand.ch\/en\/#\/schema\/logo\/image\/"},"sameAs":["https:\/\/www.facebook.com\/Schweizversand","https:\/\/www.instagram.com\/schweizversand.ch\/"]}]}},"jetpack_sharing_enabled":true,"_links":{"self":[{"href":"https:\/\/schweizversand.ch\/en\/wp-json\/wp\/v2\/product\/252700","targetHints":{"allow":["GET"]}}],"collection":[{"href":"https:\/\/schweizversand.ch\/en\/wp-json\/wp\/v2\/product"}],"about":[{"href":"https:\/\/schweizversand.ch\/en\/wp-json\/wp\/v2\/types\/product"}],"replies":[{"embeddable":true,"href":"https:\/\/schweizversand.ch\/en\/wp-json\/wp\/v2\/comments?post=252700"}],"wp:featuredmedia":[{"embeddable":true,"href":"https:\/\/schweizversand.ch\/en\/wp-json\/wp\/v2\/media\/261268"}],"wp:attachment":[{"href":"https:\/\/schweizversand.ch\/en\/wp-json\/wp\/v2\/media?parent=252700"}],"wp:term":[{"taxonomy":"product_brand","embeddable":true,"href":"https:\/\/schweizversand.ch\/en\/wp-json\/wp\/v2\/product_brand?post=252700"},{"taxonomy":"product_cat","embeddable":true,"href":"https:\/\/schweizversand.ch\/en\/wp-json\/wp\/v2\/product_cat?post=252700"},{"taxonomy":"product_tag","embeddable":true,"href":"https:\/\/schweizversand.ch\/en\/wp-json\/wp\/v2\/product_tag?post=252700"}],"curies":[{"name":"wp","href":"https:\/\/api.w.org\/{rel}","templated":true}]}}