{"id":252854,"date":"2026-03-15T00:55:00","date_gmt":"2026-03-14T23:55:00","guid":{"rendered":"https:\/\/schweizversand.ch\/produkt\/hudora-1-bolzen-und-sicherungsring-fuer-bigwheel-205-und-180\/"},"modified":"2026-04-20T02:01:23","modified_gmt":"2026-04-20T00:01:23","slug":"hudora-1-bolzen-und-sicherungsring-fuer-bigwheel-205-und-180","status":"publish","type":"product","link":"https:\/\/schweizversand.ch\/en\/produkt\/hudora-1-bolzen-und-sicherungsring-fuer-bigwheel-205-und-180\/","title":{"rendered":"Hudora 1 bolt and retaining ring for BigWheel 205 and 180"},"content":{"rendered":"<p>Bolt and retaining ring for the folding mechanism of HUDORA Big Wheel 205 mm and 180 mm.<\/p>\n<p>This replacement part fits both the HUDORA Big Wheel 205 models and the Big Wheel Rx-Pro models.<\/p>\n<p><\/p>\n<p>&#8220;`<br \/>\n&#8220;&#8220;&#8220;&#8220;&#8220;&#8220;&#8220;&#8220;&#8220;&#8220;&#8220;&#8220;&#8220;&#8220;&#8220;&#8220;&#8220;&#8220;)&#8220;&#8220;&#8220;&#8220;)<br \/>\n&#8220;)<br \/>\n&#8220;)<br \/>\n&#8220;)<br \/>\n&#8220;)<br \/>\n&#8220;) Replacement part for: 14014, 14016, 14667, 14675, 14681, 14682, 14687, 14688, 14690, 14690\/01, 14690\/01KF, 14690\/KF, 14690\/W, 14693, 14694, 14695, 14695\/01, 14696, 14697, 14698, 14698\/W, 14706, 14707, 14708\/01, 14709\/01, 14715, 14720, 14724, 14725, 14726 14727, 14728, 14738\/01, 14748, 14749, 14761, 14762, 14763, 14767, 14769, 14780<\/p>\n","protected":false},"excerpt":{"rendered":"<p>Bolt and retaining ring for the folding mechanism of HUDORA Big Wheel 205 mm and 180 mm. This replacement part fits both the HUDORA Big Wheel 205 models and the Big Wheel Rx-Pro models. &#8220;` &#8220;&#8220;&#8220;&#8220;&#8220;&#8220;&#8220;&#8220;&#8220;&#8220;&#8220;&#8220;&#8220;&#8220;&#8220;&#8220;&#8220;&#8220;)&#8220;&#8220;&#8220;&#8220;) &#8220;) &#8220;) &#8220;) &#8220;) &#8220;) Replacement part for: 14014, 14016, 14667, 14675, 14681, 14682, 14687, 14688, 14690, 14690\/01, 14690\/01KF, 14690\/KF, 14690\/W, 14693, 14694, 14695, 14695\/01, 14696, 14697, 14698, 14698\/W, 14706, 14707, 14708\/01, 14709\/01, 14715, 14720, 14724, 14725, 14726 14727,&hellip;<\/p>\n","protected":false},"featured_media":159375,"comment_status":"open","ping_status":"closed","template":"","meta":[],"product_brand":[],"product_cat":[38505],"product_tag":[],"class_list":{"0":"post-252854","1":"product","2":"type-product","3":"status-publish","4":"has-post-thumbnail","6":"product_cat-scooter","7":"product_shipping_class-global_methods","9":"first","10":"instock","11":"taxable","12":"shipping-taxable","13":"purchasable","14":"product-type-simple"},"yoast_head":"<!-- This site is optimized with the Yoast SEO plugin v27.4 - https:\/\/yoast.com\/product\/yoast-seo-wordpress\/ -->\n<title>Hudora 1 Bolzen und Sicherungsring f\u00fcr BigWheel 205 und 180 | Jetzt kaufen | Schweizversand.ch<\/title>\n<meta name=\"description\" content=\"Hudora 1 Bolzen und Sicherungsring f\u00fcr BigWheel 205 und 180 g\u00fcnstig kaufen bei Schweizversand.ch. Schnelle Lieferung in der Schweiz. Gratisversand ab CHF 50.\" \/>\n<meta name=\"robots\" content=\"index, follow, max-snippet:-1, max-image-preview:large, max-video-preview:-1\" \/>\n<link rel=\"canonical\" href=\"https:\/\/schweizversand.ch\/en\/produkt\/hudora-1-bolzen-und-sicherungsring-fuer-bigwheel-205-und-180\/\" \/>\n<meta property=\"og:locale\" content=\"en_US\" \/>\n<meta property=\"og:type\" content=\"article\" \/>\n<meta property=\"og:title\" content=\"Hudora 1 Bolzen und Sicherungsring f\u00fcr BigWheel 205 und 180 | Jetzt kaufen | Schweizversand.ch\" \/>\n<meta property=\"og:description\" content=\"Hudora 1 Bolzen und Sicherungsring f\u00fcr BigWheel 205 und 180 g\u00fcnstig kaufen bei Schweizversand.ch. Schnelle Lieferung in der Schweiz. Gratisversand ab CHF 50.\" \/>\n<meta property=\"og:url\" content=\"https:\/\/schweizversand.ch\/en\/produkt\/hudora-1-bolzen-und-sicherungsring-fuer-bigwheel-205-und-180\/\" \/>\n<meta property=\"og:site_name\" content=\"Schweizer Shop f\u00fcr Sport, Spiel und Freizeit\" \/>\n<meta property=\"article:publisher\" content=\"https:\/\/www.facebook.com\/Schweizversand\" \/>\n<meta property=\"article:modified_time\" content=\"2026-04-20T00:01:23+00:00\" \/>\n<meta name=\"twitter:card\" content=\"summary_large_image\" \/>\n<script type=\"application\/ld+json\" class=\"yoast-schema-graph\">{\"@context\":\"https:\\\/\\\/schema.org\",\"@graph\":[{\"@type\":\"WebPage\",\"@id\":\"https:\\\/\\\/schweizversand.ch\\\/en\\\/produkt\\\/hudora-1-bolzen-und-sicherungsring-fuer-bigwheel-205-und-180\\\/\",\"url\":\"https:\\\/\\\/schweizversand.ch\\\/en\\\/produkt\\\/hudora-1-bolzen-und-sicherungsring-fuer-bigwheel-205-und-180\\\/\",\"name\":\"Hudora 1 Bolzen und Sicherungsring f\u00fcr BigWheel 205 und 180 | Jetzt kaufen | Schweizversand.ch\",\"isPartOf\":{\"@id\":\"https:\\\/\\\/schweizversand.ch\\\/en\\\/#website\"},\"primaryImageOfPage\":{\"@id\":\"https:\\\/\\\/schweizversand.ch\\\/en\\\/produkt\\\/hudora-1-bolzen-und-sicherungsring-fuer-bigwheel-205-und-180\\\/#primaryimage\"},\"image\":{\"@id\":\"https:\\\/\\\/schweizversand.ch\\\/en\\\/produkt\\\/hudora-1-bolzen-und-sicherungsring-fuer-bigwheel-205-und-180\\\/#primaryimage\"},\"thumbnailUrl\":\"https:\\\/\\\/schweizversand.ch\\\/wp-content\\\/uploads\\\/2026\\\/02\\\/5471461358.jpg\",\"datePublished\":\"2026-03-14T23:55:00+00:00\",\"dateModified\":\"2026-04-20T00:01:23+00:00\",\"description\":\"Hudora 1 Bolzen und Sicherungsring f\u00fcr BigWheel 205 und 180 g\u00fcnstig kaufen bei Schweizversand.ch. Schnelle Lieferung in der Schweiz. Gratisversand ab CHF 50.\",\"breadcrumb\":{\"@id\":\"https:\\\/\\\/schweizversand.ch\\\/en\\\/produkt\\\/hudora-1-bolzen-und-sicherungsring-fuer-bigwheel-205-und-180\\\/#breadcrumb\"},\"inLanguage\":\"en-US\",\"potentialAction\":[{\"@type\":\"ReadAction\",\"target\":[\"https:\\\/\\\/schweizversand.ch\\\/en\\\/produkt\\\/hudora-1-bolzen-und-sicherungsring-fuer-bigwheel-205-und-180\\\/\"]}]},{\"@type\":\"ImageObject\",\"inLanguage\":\"en-US\",\"@id\":\"https:\\\/\\\/schweizversand.ch\\\/en\\\/produkt\\\/hudora-1-bolzen-und-sicherungsring-fuer-bigwheel-205-und-180\\\/#primaryimage\",\"url\":\"https:\\\/\\\/schweizversand.ch\\\/wp-content\\\/uploads\\\/2026\\\/02\\\/5471461358.jpg\",\"contentUrl\":\"https:\\\/\\\/schweizversand.ch\\\/wp-content\\\/uploads\\\/2026\\\/02\\\/5471461358.jpg\",\"width\":1024,\"height\":1024},{\"@type\":\"BreadcrumbList\",\"@id\":\"https:\\\/\\\/schweizversand.ch\\\/en\\\/produkt\\\/hudora-1-bolzen-und-sicherungsring-fuer-bigwheel-205-und-180\\\/#breadcrumb\",\"itemListElement\":[{\"@type\":\"ListItem\",\"position\":1,\"name\":\"Startseite\",\"item\":\"https:\\\/\\\/schweizversand.ch\\\/en\\\/\"},{\"@type\":\"ListItem\",\"position\":2,\"name\":\"Shop\",\"item\":\"https:\\\/\\\/schweizversand.ch\\\/en\\\/shop\\\/\"},{\"@type\":\"ListItem\",\"position\":3,\"name\":\"Spare parts\",\"item\":\"https:\\\/\\\/schweizversand.ch\\\/en\\\/produkt-kategorie\\\/spare-parts\\\/\"},{\"@type\":\"ListItem\",\"position\":4,\"name\":\"Hudora\",\"item\":\"https:\\\/\\\/schweizversand.ch\\\/en\\\/produkt-kategorie\\\/spare-parts\\\/hudora\\\/\"},{\"@type\":\"ListItem\",\"position\":5,\"name\":\"Scooter\",\"item\":\"https:\\\/\\\/schweizversand.ch\\\/en\\\/produkt-kategorie\\\/spare-parts\\\/hudora\\\/scooter\\\/\"},{\"@type\":\"ListItem\",\"position\":6,\"name\":\"Hudora 1 bolt and retaining ring for BigWheel 205 and 180\"}]},{\"@type\":\"WebSite\",\"@id\":\"https:\\\/\\\/schweizversand.ch\\\/en\\\/#website\",\"url\":\"https:\\\/\\\/schweizversand.ch\\\/en\\\/\",\"name\":\"Schweizer Shop f\u00fcr Sport, Spiel und Freizeit\",\"description\":\"Gratisversand ab 50.- (netto), ab eigenem schweizer Lager, Lieferung innert 48h\",\"publisher\":{\"@id\":\"https:\\\/\\\/schweizversand.ch\\\/en\\\/#organization\"},\"alternateName\":\"Schweizversand.ch\",\"potentialAction\":[{\"@type\":\"SearchAction\",\"target\":{\"@type\":\"EntryPoint\",\"urlTemplate\":\"https:\\\/\\\/schweizversand.ch\\\/en\\\/?s={search_term_string}\"},\"query-input\":{\"@type\":\"PropertyValueSpecification\",\"valueRequired\":true,\"valueName\":\"search_term_string\"}}],\"inLanguage\":\"en-US\"},{\"@type\":\"Organization\",\"@id\":\"https:\\\/\\\/schweizversand.ch\\\/en\\\/#organization\",\"name\":\"Schweizversand.ch\",\"url\":\"https:\\\/\\\/schweizversand.ch\\\/en\\\/\",\"logo\":{\"@type\":\"ImageObject\",\"inLanguage\":\"en-US\",\"@id\":\"https:\\\/\\\/schweizversand.ch\\\/en\\\/#\\\/schema\\\/logo\\\/image\\\/\",\"url\":\"https:\\\/\\\/schweizversand.ch\\\/wp-content\\\/uploads\\\/2026\\\/03\\\/Logo_Rund_Final-1.png\",\"contentUrl\":\"https:\\\/\\\/schweizversand.ch\\\/wp-content\\\/uploads\\\/2026\\\/03\\\/Logo_Rund_Final-1.png\",\"width\":404,\"height\":404,\"caption\":\"Schweizversand.ch\"},\"image\":{\"@id\":\"https:\\\/\\\/schweizversand.ch\\\/en\\\/#\\\/schema\\\/logo\\\/image\\\/\"},\"sameAs\":[\"https:\\\/\\\/www.facebook.com\\\/Schweizversand\",\"https:\\\/\\\/www.instagram.com\\\/schweizversand.ch\\\/\"]}]}<\/script>\n<!-- \/ Yoast SEO plugin. -->","yoast_head_json":{"title":"Hudora 1 Bolzen und Sicherungsring f\u00fcr BigWheel 205 und 180 | Jetzt kaufen | Schweizversand.ch","description":"Hudora 1 Bolzen und Sicherungsring f\u00fcr BigWheel 205 und 180 g\u00fcnstig kaufen bei Schweizversand.ch. Schnelle Lieferung in der Schweiz. Gratisversand ab CHF 50.","robots":{"index":"index","follow":"follow","max-snippet":"max-snippet:-1","max-image-preview":"max-image-preview:large","max-video-preview":"max-video-preview:-1"},"canonical":"https:\/\/schweizversand.ch\/en\/produkt\/hudora-1-bolzen-und-sicherungsring-fuer-bigwheel-205-und-180\/","og_locale":"en_US","og_type":"article","og_title":"Hudora 1 Bolzen und Sicherungsring f\u00fcr BigWheel 205 und 180 | Jetzt kaufen | Schweizversand.ch","og_description":"Hudora 1 Bolzen und Sicherungsring f\u00fcr BigWheel 205 und 180 g\u00fcnstig kaufen bei Schweizversand.ch. Schnelle Lieferung in der Schweiz. Gratisversand ab CHF 50.","og_url":"https:\/\/schweizversand.ch\/en\/produkt\/hudora-1-bolzen-und-sicherungsring-fuer-bigwheel-205-und-180\/","og_site_name":"Schweizer Shop f\u00fcr Sport, Spiel und Freizeit","article_publisher":"https:\/\/www.facebook.com\/Schweizversand","article_modified_time":"2026-04-20T00:01:23+00:00","twitter_card":"summary_large_image","schema":{"@context":"https:\/\/schema.org","@graph":[{"@type":"WebPage","@id":"https:\/\/schweizversand.ch\/en\/produkt\/hudora-1-bolzen-und-sicherungsring-fuer-bigwheel-205-und-180\/","url":"https:\/\/schweizversand.ch\/en\/produkt\/hudora-1-bolzen-und-sicherungsring-fuer-bigwheel-205-und-180\/","name":"Hudora 1 Bolzen und Sicherungsring f\u00fcr BigWheel 205 und 180 | Jetzt kaufen | Schweizversand.ch","isPartOf":{"@id":"https:\/\/schweizversand.ch\/en\/#website"},"primaryImageOfPage":{"@id":"https:\/\/schweizversand.ch\/en\/produkt\/hudora-1-bolzen-und-sicherungsring-fuer-bigwheel-205-und-180\/#primaryimage"},"image":{"@id":"https:\/\/schweizversand.ch\/en\/produkt\/hudora-1-bolzen-und-sicherungsring-fuer-bigwheel-205-und-180\/#primaryimage"},"thumbnailUrl":"https:\/\/schweizversand.ch\/wp-content\/uploads\/2026\/02\/5471461358.jpg","datePublished":"2026-03-14T23:55:00+00:00","dateModified":"2026-04-20T00:01:23+00:00","description":"Hudora 1 Bolzen und Sicherungsring f\u00fcr BigWheel 205 und 180 g\u00fcnstig kaufen bei Schweizversand.ch. Schnelle Lieferung in der Schweiz. Gratisversand ab CHF 50.","breadcrumb":{"@id":"https:\/\/schweizversand.ch\/en\/produkt\/hudora-1-bolzen-und-sicherungsring-fuer-bigwheel-205-und-180\/#breadcrumb"},"inLanguage":"en-US","potentialAction":[{"@type":"ReadAction","target":["https:\/\/schweizversand.ch\/en\/produkt\/hudora-1-bolzen-und-sicherungsring-fuer-bigwheel-205-und-180\/"]}]},{"@type":"ImageObject","inLanguage":"en-US","@id":"https:\/\/schweizversand.ch\/en\/produkt\/hudora-1-bolzen-und-sicherungsring-fuer-bigwheel-205-und-180\/#primaryimage","url":"https:\/\/schweizversand.ch\/wp-content\/uploads\/2026\/02\/5471461358.jpg","contentUrl":"https:\/\/schweizversand.ch\/wp-content\/uploads\/2026\/02\/5471461358.jpg","width":1024,"height":1024},{"@type":"BreadcrumbList","@id":"https:\/\/schweizversand.ch\/en\/produkt\/hudora-1-bolzen-und-sicherungsring-fuer-bigwheel-205-und-180\/#breadcrumb","itemListElement":[{"@type":"ListItem","position":1,"name":"Startseite","item":"https:\/\/schweizversand.ch\/en\/"},{"@type":"ListItem","position":2,"name":"Shop","item":"https:\/\/schweizversand.ch\/en\/shop\/"},{"@type":"ListItem","position":3,"name":"Spare parts","item":"https:\/\/schweizversand.ch\/en\/produkt-kategorie\/spare-parts\/"},{"@type":"ListItem","position":4,"name":"Hudora","item":"https:\/\/schweizversand.ch\/en\/produkt-kategorie\/spare-parts\/hudora\/"},{"@type":"ListItem","position":5,"name":"Scooter","item":"https:\/\/schweizversand.ch\/en\/produkt-kategorie\/spare-parts\/hudora\/scooter\/"},{"@type":"ListItem","position":6,"name":"Hudora 1 bolt and retaining ring for BigWheel 205 and 180"}]},{"@type":"WebSite","@id":"https:\/\/schweizversand.ch\/en\/#website","url":"https:\/\/schweizversand.ch\/en\/","name":"Schweizer Shop f\u00fcr Sport, Spiel und Freizeit","description":"Gratisversand ab 50.- (netto), ab eigenem schweizer Lager, Lieferung innert 48h","publisher":{"@id":"https:\/\/schweizversand.ch\/en\/#organization"},"alternateName":"Schweizversand.ch","potentialAction":[{"@type":"SearchAction","target":{"@type":"EntryPoint","urlTemplate":"https:\/\/schweizversand.ch\/en\/?s={search_term_string}"},"query-input":{"@type":"PropertyValueSpecification","valueRequired":true,"valueName":"search_term_string"}}],"inLanguage":"en-US"},{"@type":"Organization","@id":"https:\/\/schweizversand.ch\/en\/#organization","name":"Schweizversand.ch","url":"https:\/\/schweizversand.ch\/en\/","logo":{"@type":"ImageObject","inLanguage":"en-US","@id":"https:\/\/schweizversand.ch\/en\/#\/schema\/logo\/image\/","url":"https:\/\/schweizversand.ch\/wp-content\/uploads\/2026\/03\/Logo_Rund_Final-1.png","contentUrl":"https:\/\/schweizversand.ch\/wp-content\/uploads\/2026\/03\/Logo_Rund_Final-1.png","width":404,"height":404,"caption":"Schweizversand.ch"},"image":{"@id":"https:\/\/schweizversand.ch\/en\/#\/schema\/logo\/image\/"},"sameAs":["https:\/\/www.facebook.com\/Schweizversand","https:\/\/www.instagram.com\/schweizversand.ch\/"]}]}},"jetpack_sharing_enabled":true,"_links":{"self":[{"href":"https:\/\/schweizversand.ch\/en\/wp-json\/wp\/v2\/product\/252854","targetHints":{"allow":["GET"]}}],"collection":[{"href":"https:\/\/schweizversand.ch\/en\/wp-json\/wp\/v2\/product"}],"about":[{"href":"https:\/\/schweizversand.ch\/en\/wp-json\/wp\/v2\/types\/product"}],"replies":[{"embeddable":true,"href":"https:\/\/schweizversand.ch\/en\/wp-json\/wp\/v2\/comments?post=252854"}],"wp:featuredmedia":[{"embeddable":true,"href":"https:\/\/schweizversand.ch\/en\/wp-json\/wp\/v2\/media\/159375"}],"wp:attachment":[{"href":"https:\/\/schweizversand.ch\/en\/wp-json\/wp\/v2\/media?parent=252854"}],"wp:term":[{"taxonomy":"product_brand","embeddable":true,"href":"https:\/\/schweizversand.ch\/en\/wp-json\/wp\/v2\/product_brand?post=252854"},{"taxonomy":"product_cat","embeddable":true,"href":"https:\/\/schweizversand.ch\/en\/wp-json\/wp\/v2\/product_cat?post=252854"},{"taxonomy":"product_tag","embeddable":true,"href":"https:\/\/schweizversand.ch\/en\/wp-json\/wp\/v2\/product_tag?post=252854"}],"curies":[{"name":"wp","href":"https:\/\/api.w.org\/{rel}","templated":true}]}}