{"id":253175,"date":"2026-03-15T00:28:54","date_gmt":"2026-03-14T23:28:54","guid":{"rendered":"https:\/\/schweizversand.ch\/produkt\/dress-for-fun-damenkostuem-sexy-polizistin\/"},"modified":"2026-04-20T02:02:18","modified_gmt":"2026-04-20T00:02:18","slug":"dress-for-fun-damenkostuem-sexy-polizistin","status":"publish","type":"product","link":"https:\/\/schweizversand.ch\/en\/produkt\/dress-for-fun-damenkostuem-sexy-polizistin\/","title":{"rendered":"Dress for fun women&#8217;s costume &#8220;Sexy Policewoman&#8221;"},"content":{"rendered":"<p>Product Description \u2013 Women&#8217;s Costume &#8220;Sexy Police Officer&#8221;<br \/>\n<br \/>Transform yourself into a fearless law enforcement officer with the &#8220;Sexy Police Officer&#8221; costume for women, guaranteed to turn heads at any party!<\/p>\n<p>Whether sweet, stern, or seductive \u2013 this outfit gives you endless possibilities.<\/p>\n<p>The form-fitting black dress creates a stunning silhouette and makes you a sexy representative of the police. The leather-look belt accentuates your waist, while the included handcuffs perfectly complete the look \u2013 ideal for a thrilling appearance at Mardi Gras, Carnival, or themed parties.<\/p>\n<p>And the best part: With some fake blood and matching makeup, this women&#8217;s costume is also perfect as a Halloween police officer costume.<\/p>\n<p>Material: 100% Polyester<\/p>\n<p>Highlights<\/p>\n<p>Form-fitting dress for a sexy silhouette<\/p>\n<p>Includes belt &#038; Handcuffs \u2013 everything a policewoman needs<\/p>\n<p>Versatile combinations \u2013 perfect for Mardi Gras, Carnival, theme parties, or Halloween<\/p>\n<p>Quick transformation: Transform into an attractive police officer in seconds<\/p>\n<p>Includes<\/p>\n<p>1x Dress<\/p>\n<p>1x Belt (faux leather look)<\/p>\n<p>1x Handcuffs<\/p>\n<p>Note<\/p>\n<p>Sunglasses, hat, and shoes are not included.<\/p>\n<p>With this sexy policewoman costume for women, you&#8217;ll be the center of attention \u2013 whether you&#8217;re conducting interrogations on the dance floor or taking control of every party!<\/p>\n","protected":false},"excerpt":{"rendered":"<p>Product Description \u2013 Women&#8217;s Costume &#8220;Sexy Police Officer&#8221; Transform yourself into a fearless law enforcement officer with the &#8220;Sexy Police Officer&#8221; costume for women, guaranteed to turn heads at any party! Whether sweet, stern, or seductive \u2013 this outfit gives you endless possibilities. The form-fitting black dress creates a stunning silhouette and makes you a sexy representative of the police. The leather-look belt accentuates your waist, while the included handcuffs perfectly complete the look \u2013&hellip;<\/p>\n","protected":false},"featured_media":261379,"comment_status":"open","ping_status":"closed","template":"","meta":[],"product_brand":[],"product_cat":[38028],"product_tag":[],"class_list":{"0":"post-253175","1":"product","2":"type-product","3":"status-publish","4":"has-post-thumbnail","6":"product_cat-kostueme","7":"product_shipping_class-global_methods","9":"first","10":"instock","11":"taxable","12":"shipping-taxable","13":"purchasable","14":"product-type-simple"},"yoast_head":"<!-- This site is optimized with the Yoast SEO plugin v27.4 - https:\/\/yoast.com\/product\/yoast-seo-wordpress\/ -->\n<title>Dress for fun Damenkost\u00fcm \u201eSexy Polizistin\u201c<\/title>\n<meta name=\"description\" content=\"Produktbeschreibung \u2013 Damenkost\u00fcm \u201eSexy Polizistin\u201c Verwandle dich mit dem \u201eSexy Polizistin\u201c Kost\u00fcm f\u00fcr Damen in eine furchtlose Ordnungsh\u00fcterin, die auf jeder\" \/>\n<meta name=\"robots\" content=\"index, follow, max-snippet:-1, max-image-preview:large, max-video-preview:-1\" \/>\n<link rel=\"canonical\" href=\"https:\/\/schweizversand.ch\/en\/produkt\/dress-for-fun-damenkostuem-sexy-polizistin\/\" \/>\n<meta property=\"og:locale\" content=\"en_US\" \/>\n<meta property=\"og:type\" content=\"article\" \/>\n<meta property=\"og:title\" content=\"Dress for fun Damenkost\u00fcm \u201eSexy Polizistin\u201c\" \/>\n<meta property=\"og:description\" content=\"Produktbeschreibung \u2013 Damenkost\u00fcm \u201eSexy Polizistin\u201c Verwandle dich mit dem \u201eSexy Polizistin\u201c Kost\u00fcm f\u00fcr Damen in eine furchtlose Ordnungsh\u00fcterin, die auf jeder\" \/>\n<meta property=\"og:url\" content=\"https:\/\/schweizversand.ch\/en\/produkt\/dress-for-fun-damenkostuem-sexy-polizistin\/\" \/>\n<meta property=\"og:site_name\" content=\"Schweizer Shop f\u00fcr Sport, Spiel und Freizeit\" \/>\n<meta property=\"article:publisher\" content=\"https:\/\/www.facebook.com\/Schweizversand\" \/>\n<meta property=\"article:modified_time\" content=\"2026-04-20T00:02:18+00:00\" \/>\n<meta property=\"og:image\" content=\"https:\/\/schweizversand.ch\/wp-content\/uploads\/2026\/02\/5471985383.png\" \/>\n\t<meta property=\"og:image:width\" content=\"391\" \/>\n\t<meta property=\"og:image:height\" content=\"1024\" \/>\n\t<meta property=\"og:image:type\" content=\"image\/png\" \/>\n<meta name=\"twitter:card\" content=\"summary_large_image\" \/>\n<meta name=\"twitter:label1\" content=\"Est. reading time\" \/>\n\t<meta name=\"twitter:data1\" content=\"1 minute\" \/>\n<script type=\"application\/ld+json\" class=\"yoast-schema-graph\">{\"@context\":\"https:\\\/\\\/schema.org\",\"@graph\":[{\"@type\":\"WebPage\",\"@id\":\"https:\\\/\\\/schweizversand.ch\\\/en\\\/produkt\\\/dress-for-fun-damenkostuem-sexy-polizistin\\\/\",\"url\":\"https:\\\/\\\/schweizversand.ch\\\/en\\\/produkt\\\/dress-for-fun-damenkostuem-sexy-polizistin\\\/\",\"name\":\"Dress for fun Damenkost\u00fcm \u201eSexy Polizistin\u201c\",\"isPartOf\":{\"@id\":\"https:\\\/\\\/schweizversand.ch\\\/en\\\/#website\"},\"primaryImageOfPage\":{\"@id\":\"https:\\\/\\\/schweizversand.ch\\\/en\\\/produkt\\\/dress-for-fun-damenkostuem-sexy-polizistin\\\/#primaryimage\"},\"image\":{\"@id\":\"https:\\\/\\\/schweizversand.ch\\\/en\\\/produkt\\\/dress-for-fun-damenkostuem-sexy-polizistin\\\/#primaryimage\"},\"thumbnailUrl\":\"https:\\\/\\\/schweizversand.ch\\\/wp-content\\\/uploads\\\/2026\\\/02\\\/5471985383.png\",\"datePublished\":\"2026-03-14T23:28:54+00:00\",\"dateModified\":\"2026-04-20T00:02:18+00:00\",\"description\":\"Produktbeschreibung \u2013 Damenkost\u00fcm \u201eSexy Polizistin\u201c Verwandle dich mit dem \u201eSexy Polizistin\u201c Kost\u00fcm f\u00fcr Damen in eine furchtlose Ordnungsh\u00fcterin, die auf jeder\",\"breadcrumb\":{\"@id\":\"https:\\\/\\\/schweizversand.ch\\\/en\\\/produkt\\\/dress-for-fun-damenkostuem-sexy-polizistin\\\/#breadcrumb\"},\"inLanguage\":\"en-US\",\"potentialAction\":[{\"@type\":\"ReadAction\",\"target\":[\"https:\\\/\\\/schweizversand.ch\\\/en\\\/produkt\\\/dress-for-fun-damenkostuem-sexy-polizistin\\\/\"]}]},{\"@type\":\"ImageObject\",\"inLanguage\":\"en-US\",\"@id\":\"https:\\\/\\\/schweizversand.ch\\\/en\\\/produkt\\\/dress-for-fun-damenkostuem-sexy-polizistin\\\/#primaryimage\",\"url\":\"https:\\\/\\\/schweizversand.ch\\\/wp-content\\\/uploads\\\/2026\\\/02\\\/5471985383.png\",\"contentUrl\":\"https:\\\/\\\/schweizversand.ch\\\/wp-content\\\/uploads\\\/2026\\\/02\\\/5471985383.png\",\"width\":391,\"height\":1024},{\"@type\":\"BreadcrumbList\",\"@id\":\"https:\\\/\\\/schweizversand.ch\\\/en\\\/produkt\\\/dress-for-fun-damenkostuem-sexy-polizistin\\\/#breadcrumb\",\"itemListElement\":[{\"@type\":\"ListItem\",\"position\":1,\"name\":\"Startseite\",\"item\":\"https:\\\/\\\/schweizversand.ch\\\/en\\\/\"},{\"@type\":\"ListItem\",\"position\":2,\"name\":\"Shop\",\"item\":\"https:\\\/\\\/schweizversand.ch\\\/en\\\/shop\\\/\"},{\"@type\":\"ListItem\",\"position\":3,\"name\":\"Fashion\",\"item\":\"https:\\\/\\\/schweizversand.ch\\\/en\\\/produkt-kategorie\\\/fashion\\\/\"},{\"@type\":\"ListItem\",\"position\":4,\"name\":\"Unisex Fashion\",\"item\":\"https:\\\/\\\/schweizversand.ch\\\/en\\\/produkt-kategorie\\\/fashion\\\/unisex-fashion\\\/\"},{\"@type\":\"ListItem\",\"position\":5,\"name\":\"Costumes\",\"item\":\"https:\\\/\\\/schweizversand.ch\\\/en\\\/produkt-kategorie\\\/fashion\\\/unisex-fashion\\\/kostueme\\\/\"},{\"@type\":\"ListItem\",\"position\":6,\"name\":\"Dress for fun women&#8217;s costume &#8222;Sexy Policewoman&#8220;\"}]},{\"@type\":\"WebSite\",\"@id\":\"https:\\\/\\\/schweizversand.ch\\\/en\\\/#website\",\"url\":\"https:\\\/\\\/schweizversand.ch\\\/en\\\/\",\"name\":\"Schweizer Shop f\u00fcr Sport, Spiel und Freizeit\",\"description\":\"Gratisversand ab 50.- (netto), ab eigenem schweizer Lager, Lieferung innert 48h\",\"publisher\":{\"@id\":\"https:\\\/\\\/schweizversand.ch\\\/en\\\/#organization\"},\"alternateName\":\"Schweizversand.ch\",\"potentialAction\":[{\"@type\":\"SearchAction\",\"target\":{\"@type\":\"EntryPoint\",\"urlTemplate\":\"https:\\\/\\\/schweizversand.ch\\\/en\\\/?s={search_term_string}\"},\"query-input\":{\"@type\":\"PropertyValueSpecification\",\"valueRequired\":true,\"valueName\":\"search_term_string\"}}],\"inLanguage\":\"en-US\"},{\"@type\":\"Organization\",\"@id\":\"https:\\\/\\\/schweizversand.ch\\\/en\\\/#organization\",\"name\":\"Schweizversand.ch\",\"url\":\"https:\\\/\\\/schweizversand.ch\\\/en\\\/\",\"logo\":{\"@type\":\"ImageObject\",\"inLanguage\":\"en-US\",\"@id\":\"https:\\\/\\\/schweizversand.ch\\\/en\\\/#\\\/schema\\\/logo\\\/image\\\/\",\"url\":\"https:\\\/\\\/schweizversand.ch\\\/wp-content\\\/uploads\\\/2026\\\/03\\\/Logo_Rund_Final-1.png\",\"contentUrl\":\"https:\\\/\\\/schweizversand.ch\\\/wp-content\\\/uploads\\\/2026\\\/03\\\/Logo_Rund_Final-1.png\",\"width\":404,\"height\":404,\"caption\":\"Schweizversand.ch\"},\"image\":{\"@id\":\"https:\\\/\\\/schweizversand.ch\\\/en\\\/#\\\/schema\\\/logo\\\/image\\\/\"},\"sameAs\":[\"https:\\\/\\\/www.facebook.com\\\/Schweizversand\",\"https:\\\/\\\/www.instagram.com\\\/schweizversand.ch\\\/\"]}]}<\/script>\n<!-- \/ Yoast SEO plugin. -->","yoast_head_json":{"title":"Dress for fun Damenkost\u00fcm \u201eSexy Polizistin\u201c","description":"Produktbeschreibung \u2013 Damenkost\u00fcm \u201eSexy Polizistin\u201c Verwandle dich mit dem \u201eSexy Polizistin\u201c Kost\u00fcm f\u00fcr Damen in eine furchtlose Ordnungsh\u00fcterin, die auf jeder","robots":{"index":"index","follow":"follow","max-snippet":"max-snippet:-1","max-image-preview":"max-image-preview:large","max-video-preview":"max-video-preview:-1"},"canonical":"https:\/\/schweizversand.ch\/en\/produkt\/dress-for-fun-damenkostuem-sexy-polizistin\/","og_locale":"en_US","og_type":"article","og_title":"Dress for fun Damenkost\u00fcm \u201eSexy Polizistin\u201c","og_description":"Produktbeschreibung \u2013 Damenkost\u00fcm \u201eSexy Polizistin\u201c Verwandle dich mit dem \u201eSexy Polizistin\u201c Kost\u00fcm f\u00fcr Damen in eine furchtlose Ordnungsh\u00fcterin, die auf jeder","og_url":"https:\/\/schweizversand.ch\/en\/produkt\/dress-for-fun-damenkostuem-sexy-polizistin\/","og_site_name":"Schweizer Shop f\u00fcr Sport, Spiel und Freizeit","article_publisher":"https:\/\/www.facebook.com\/Schweizversand","article_modified_time":"2026-04-20T00:02:18+00:00","og_image":[{"width":391,"height":1024,"url":"https:\/\/schweizversand.ch\/wp-content\/uploads\/2026\/02\/5471985383.png","type":"image\/png"}],"twitter_card":"summary_large_image","twitter_misc":{"Est. reading time":"1 minute"},"schema":{"@context":"https:\/\/schema.org","@graph":[{"@type":"WebPage","@id":"https:\/\/schweizversand.ch\/en\/produkt\/dress-for-fun-damenkostuem-sexy-polizistin\/","url":"https:\/\/schweizversand.ch\/en\/produkt\/dress-for-fun-damenkostuem-sexy-polizistin\/","name":"Dress for fun Damenkost\u00fcm \u201eSexy Polizistin\u201c","isPartOf":{"@id":"https:\/\/schweizversand.ch\/en\/#website"},"primaryImageOfPage":{"@id":"https:\/\/schweizversand.ch\/en\/produkt\/dress-for-fun-damenkostuem-sexy-polizistin\/#primaryimage"},"image":{"@id":"https:\/\/schweizversand.ch\/en\/produkt\/dress-for-fun-damenkostuem-sexy-polizistin\/#primaryimage"},"thumbnailUrl":"https:\/\/schweizversand.ch\/wp-content\/uploads\/2026\/02\/5471985383.png","datePublished":"2026-03-14T23:28:54+00:00","dateModified":"2026-04-20T00:02:18+00:00","description":"Produktbeschreibung \u2013 Damenkost\u00fcm \u201eSexy Polizistin\u201c Verwandle dich mit dem \u201eSexy Polizistin\u201c Kost\u00fcm f\u00fcr Damen in eine furchtlose Ordnungsh\u00fcterin, die auf jeder","breadcrumb":{"@id":"https:\/\/schweizversand.ch\/en\/produkt\/dress-for-fun-damenkostuem-sexy-polizistin\/#breadcrumb"},"inLanguage":"en-US","potentialAction":[{"@type":"ReadAction","target":["https:\/\/schweizversand.ch\/en\/produkt\/dress-for-fun-damenkostuem-sexy-polizistin\/"]}]},{"@type":"ImageObject","inLanguage":"en-US","@id":"https:\/\/schweizversand.ch\/en\/produkt\/dress-for-fun-damenkostuem-sexy-polizistin\/#primaryimage","url":"https:\/\/schweizversand.ch\/wp-content\/uploads\/2026\/02\/5471985383.png","contentUrl":"https:\/\/schweizversand.ch\/wp-content\/uploads\/2026\/02\/5471985383.png","width":391,"height":1024},{"@type":"BreadcrumbList","@id":"https:\/\/schweizversand.ch\/en\/produkt\/dress-for-fun-damenkostuem-sexy-polizistin\/#breadcrumb","itemListElement":[{"@type":"ListItem","position":1,"name":"Startseite","item":"https:\/\/schweizversand.ch\/en\/"},{"@type":"ListItem","position":2,"name":"Shop","item":"https:\/\/schweizversand.ch\/en\/shop\/"},{"@type":"ListItem","position":3,"name":"Fashion","item":"https:\/\/schweizversand.ch\/en\/produkt-kategorie\/fashion\/"},{"@type":"ListItem","position":4,"name":"Unisex Fashion","item":"https:\/\/schweizversand.ch\/en\/produkt-kategorie\/fashion\/unisex-fashion\/"},{"@type":"ListItem","position":5,"name":"Costumes","item":"https:\/\/schweizversand.ch\/en\/produkt-kategorie\/fashion\/unisex-fashion\/kostueme\/"},{"@type":"ListItem","position":6,"name":"Dress for fun women&#8217;s costume &#8222;Sexy Policewoman&#8220;"}]},{"@type":"WebSite","@id":"https:\/\/schweizversand.ch\/en\/#website","url":"https:\/\/schweizversand.ch\/en\/","name":"Schweizer Shop f\u00fcr Sport, Spiel und Freizeit","description":"Gratisversand ab 50.- (netto), ab eigenem schweizer Lager, Lieferung innert 48h","publisher":{"@id":"https:\/\/schweizversand.ch\/en\/#organization"},"alternateName":"Schweizversand.ch","potentialAction":[{"@type":"SearchAction","target":{"@type":"EntryPoint","urlTemplate":"https:\/\/schweizversand.ch\/en\/?s={search_term_string}"},"query-input":{"@type":"PropertyValueSpecification","valueRequired":true,"valueName":"search_term_string"}}],"inLanguage":"en-US"},{"@type":"Organization","@id":"https:\/\/schweizversand.ch\/en\/#organization","name":"Schweizversand.ch","url":"https:\/\/schweizversand.ch\/en\/","logo":{"@type":"ImageObject","inLanguage":"en-US","@id":"https:\/\/schweizversand.ch\/en\/#\/schema\/logo\/image\/","url":"https:\/\/schweizversand.ch\/wp-content\/uploads\/2026\/03\/Logo_Rund_Final-1.png","contentUrl":"https:\/\/schweizversand.ch\/wp-content\/uploads\/2026\/03\/Logo_Rund_Final-1.png","width":404,"height":404,"caption":"Schweizversand.ch"},"image":{"@id":"https:\/\/schweizversand.ch\/en\/#\/schema\/logo\/image\/"},"sameAs":["https:\/\/www.facebook.com\/Schweizversand","https:\/\/www.instagram.com\/schweizversand.ch\/"]}]}},"jetpack_sharing_enabled":true,"_links":{"self":[{"href":"https:\/\/schweizversand.ch\/en\/wp-json\/wp\/v2\/product\/253175","targetHints":{"allow":["GET"]}}],"collection":[{"href":"https:\/\/schweizversand.ch\/en\/wp-json\/wp\/v2\/product"}],"about":[{"href":"https:\/\/schweizversand.ch\/en\/wp-json\/wp\/v2\/types\/product"}],"replies":[{"embeddable":true,"href":"https:\/\/schweizversand.ch\/en\/wp-json\/wp\/v2\/comments?post=253175"}],"wp:featuredmedia":[{"embeddable":true,"href":"https:\/\/schweizversand.ch\/en\/wp-json\/wp\/v2\/media\/261379"}],"wp:attachment":[{"href":"https:\/\/schweizversand.ch\/en\/wp-json\/wp\/v2\/media?parent=253175"}],"wp:term":[{"taxonomy":"product_brand","embeddable":true,"href":"https:\/\/schweizversand.ch\/en\/wp-json\/wp\/v2\/product_brand?post=253175"},{"taxonomy":"product_cat","embeddable":true,"href":"https:\/\/schweizversand.ch\/en\/wp-json\/wp\/v2\/product_cat?post=253175"},{"taxonomy":"product_tag","embeddable":true,"href":"https:\/\/schweizversand.ch\/en\/wp-json\/wp\/v2\/product_tag?post=253175"}],"curies":[{"name":"wp","href":"https:\/\/api.w.org\/{rel}","templated":true}]}}