{"id":256132,"date":"2026-03-15T00:55:21","date_gmt":"2026-03-14T23:55:21","guid":{"rendered":"https:\/\/schweizversand.ch\/produkt\/stiga-tischtennis-schlaeger-tempo-2\/"},"modified":"2026-04-22T15:32:09","modified_gmt":"2026-04-22T13:32:09","slug":"stiga-tischtennis-schlaeger-tempo-2","status":"publish","type":"product","link":"https:\/\/schweizversand.ch\/en\/produkt\/stiga-tischtennis-schlaeger-tempo-2\/","title":{"rendered":"Stiga table tennis racket Tempo 2"},"content":{"rendered":"<h1><strong>Table Tennis Racket 2-Star Tempo<\/strong><\/h1>\n<div>Discover the ideal <strong>table tennis racket<\/strong> for ambitious players seeking a perfect balance of <strong>attack<\/strong> and precision. The 2-Star Tempo is your reliable partner for bringing speed and <strong>control<\/strong> to your game.<\/p>\n<\/div>\n<div><strong>Perfect for Your Game<\/strong><br \/>This high-quality <strong>2-Star<\/strong> table tennis racket<\/strong> was specially developed for players who need both power and finesse. Whether fast topspins or precise blocks \u2013 this <strong>table tennis bat<\/strong> provides optimal support for every playing situation.<\/p>\n<\/div>\n<div><strong>Quality and Approval<\/strong><br \/>The rubber is <strong>ITTF approved<\/strong>, guaranteeing the highest quality and suitability for competition. With this racket, you&#8217;re ready for any match. The 7-ply blade provides the necessary stiffness and power you need for successful attacking shots. Ergonomics and Comfort: The concave handle of the racket fits particularly well and securely in the hand. This allows for improved control of the ball and reduces fatigue during longer matches. Your advantage: Greater precision on hard shots.<\/p>\n<\/div>\n<div><strong>Product Features<\/strong><br \/>&#8211; Racket type: 2-Star Tempo<br \/>&#8211; Rubber: ITTF-approved table tennis racket<\/strong>&#8211; Wood layers: 7 layers for optimal power<br \/>&#8211; Handle: Concave, for a secure grip<br \/>&#8211; Ideal for: Players seeking power and control<\/p>\n<\/div>\n<div>Raise your game level with this professional table tennis racket<\/strong> and dominate the table with speed and precision.<\/p>\n<\/div>\n<div>\n<\/div>\n","protected":false},"excerpt":{"rendered":"<p>Table Tennis Racket 2-Star Tempo Discover the ideal table tennis racket for ambitious players seeking a perfect balance of attack and precision. The 2-Star Tempo is your reliable partner for bringing speed and control to your game. Perfect for Your GameThis high-quality 2-Star table tennis racket was specially developed for players who need both power and finesse. Whether fast topspins or precise blocks \u2013 this table tennis bat provides optimal support for every playing situation.&hellip;<\/p>\n","protected":false},"featured_media":160290,"comment_status":"open","ping_status":"closed","template":"","meta":[],"product_brand":[],"product_cat":[38489,39225],"product_tag":[],"class_list":{"0":"post-256132","1":"product","2":"type-product","3":"status-publish","4":"has-post-thumbnail","6":"product_cat-table-tennis","7":"product_cat-tischtennis","8":"product_shipping_class-global_methods","10":"first","11":"instock","12":"taxable","13":"shipping-taxable","14":"purchasable","15":"product-type-simple"},"yoast_head":"<!-- This site is optimized with the Yoast SEO plugin v27.4 - https:\/\/yoast.com\/product\/yoast-seo-wordpress\/ -->\n<title>Stiga Tischtennis Schl\u00e4ger Tempo 2 | Jetzt kaufen | Schweizversand.ch<\/title>\n<meta name=\"description\" content=\"Stiga Tischtennis Schl\u00e4ger Tempo 2 g\u00fcnstig kaufen bei Schweizversand.ch. Schnelle Lieferung in der Schweiz. Gratisversand ab CHF 50.\" \/>\n<meta name=\"robots\" content=\"index, follow, max-snippet:-1, max-image-preview:large, max-video-preview:-1\" \/>\n<link rel=\"canonical\" href=\"https:\/\/schweizversand.ch\/en\/produkt\/stiga-tischtennis-schlaeger-tempo-2\/\" \/>\n<meta property=\"og:locale\" content=\"en_US\" \/>\n<meta property=\"og:type\" content=\"article\" \/>\n<meta property=\"og:title\" content=\"Stiga Tischtennis Schl\u00e4ger Tempo 2 | Jetzt kaufen | Schweizversand.ch\" \/>\n<meta property=\"og:description\" content=\"Stiga Tischtennis Schl\u00e4ger Tempo 2 g\u00fcnstig kaufen bei Schweizversand.ch. Schnelle Lieferung in der Schweiz. Gratisversand ab CHF 50.\" \/>\n<meta property=\"og:url\" content=\"https:\/\/schweizversand.ch\/en\/produkt\/stiga-tischtennis-schlaeger-tempo-2\/\" \/>\n<meta property=\"og:site_name\" content=\"Schweizer Shop f\u00fcr Sport, Spiel und Freizeit\" \/>\n<meta property=\"article:publisher\" content=\"https:\/\/www.facebook.com\/Schweizversand\" \/>\n<meta property=\"article:modified_time\" content=\"2026-04-22T13:32:09+00:00\" \/>\n<meta property=\"og:image\" content=\"https:\/\/schweizversand.ch\/wp-content\/uploads\/2026\/02\/5472109228.jpg\" \/>\n\t<meta property=\"og:image:width\" content=\"1024\" \/>\n\t<meta property=\"og:image:height\" content=\"1024\" \/>\n\t<meta property=\"og:image:type\" content=\"image\/jpeg\" \/>\n<meta name=\"twitter:card\" content=\"summary_large_image\" \/>\n<meta name=\"twitter:label1\" content=\"Est. reading time\" \/>\n\t<meta name=\"twitter:data1\" content=\"1 minute\" \/>\n<script type=\"application\/ld+json\" class=\"yoast-schema-graph\">{\"@context\":\"https:\\\/\\\/schema.org\",\"@graph\":[{\"@type\":\"WebPage\",\"@id\":\"https:\\\/\\\/schweizversand.ch\\\/en\\\/produkt\\\/stiga-tischtennis-schlaeger-tempo-2\\\/\",\"url\":\"https:\\\/\\\/schweizversand.ch\\\/en\\\/produkt\\\/stiga-tischtennis-schlaeger-tempo-2\\\/\",\"name\":\"Stiga Tischtennis Schl\u00e4ger Tempo 2 | Jetzt kaufen | Schweizversand.ch\",\"isPartOf\":{\"@id\":\"https:\\\/\\\/schweizversand.ch\\\/en\\\/#website\"},\"primaryImageOfPage\":{\"@id\":\"https:\\\/\\\/schweizversand.ch\\\/en\\\/produkt\\\/stiga-tischtennis-schlaeger-tempo-2\\\/#primaryimage\"},\"image\":{\"@id\":\"https:\\\/\\\/schweizversand.ch\\\/en\\\/produkt\\\/stiga-tischtennis-schlaeger-tempo-2\\\/#primaryimage\"},\"thumbnailUrl\":\"https:\\\/\\\/schweizversand.ch\\\/wp-content\\\/uploads\\\/2026\\\/02\\\/5472109228.jpg\",\"datePublished\":\"2026-03-14T23:55:21+00:00\",\"dateModified\":\"2026-04-22T13:32:09+00:00\",\"description\":\"Stiga Tischtennis Schl\u00e4ger Tempo 2 g\u00fcnstig kaufen bei Schweizversand.ch. Schnelle Lieferung in der Schweiz. Gratisversand ab CHF 50.\",\"breadcrumb\":{\"@id\":\"https:\\\/\\\/schweizversand.ch\\\/en\\\/produkt\\\/stiga-tischtennis-schlaeger-tempo-2\\\/#breadcrumb\"},\"inLanguage\":\"en-US\",\"potentialAction\":[{\"@type\":\"ReadAction\",\"target\":[\"https:\\\/\\\/schweizversand.ch\\\/en\\\/produkt\\\/stiga-tischtennis-schlaeger-tempo-2\\\/\"]}]},{\"@type\":\"ImageObject\",\"inLanguage\":\"en-US\",\"@id\":\"https:\\\/\\\/schweizversand.ch\\\/en\\\/produkt\\\/stiga-tischtennis-schlaeger-tempo-2\\\/#primaryimage\",\"url\":\"https:\\\/\\\/schweizversand.ch\\\/wp-content\\\/uploads\\\/2026\\\/02\\\/5472109228.jpg\",\"contentUrl\":\"https:\\\/\\\/schweizversand.ch\\\/wp-content\\\/uploads\\\/2026\\\/02\\\/5472109228.jpg\",\"width\":1024,\"height\":1024},{\"@type\":\"BreadcrumbList\",\"@id\":\"https:\\\/\\\/schweizversand.ch\\\/en\\\/produkt\\\/stiga-tischtennis-schlaeger-tempo-2\\\/#breadcrumb\",\"itemListElement\":[{\"@type\":\"ListItem\",\"position\":1,\"name\":\"Startseite\",\"item\":\"https:\\\/\\\/schweizversand.ch\\\/en\\\/\"},{\"@type\":\"ListItem\",\"position\":2,\"name\":\"Shop\",\"item\":\"https:\\\/\\\/schweizversand.ch\\\/en\\\/shop\\\/\"},{\"@type\":\"ListItem\",\"position\":3,\"name\":\"Sports\",\"item\":\"https:\\\/\\\/schweizversand.ch\\\/en\\\/produkt-kategorie\\\/sports\\\/\"},{\"@type\":\"ListItem\",\"position\":4,\"name\":\"ball sports &amp; darts\",\"item\":\"https:\\\/\\\/schweizversand.ch\\\/en\\\/produkt-kategorie\\\/sports\\\/ball-sports-darts\\\/\"},{\"@type\":\"ListItem\",\"position\":5,\"name\":\"Table tennis\",\"item\":\"https:\\\/\\\/schweizversand.ch\\\/en\\\/produkt-kategorie\\\/sports\\\/ball-sports-darts\\\/tischtennis\\\/\"},{\"@type\":\"ListItem\",\"position\":6,\"name\":\"Stiga table tennis racket Tempo 2\"}]},{\"@type\":\"WebSite\",\"@id\":\"https:\\\/\\\/schweizversand.ch\\\/en\\\/#website\",\"url\":\"https:\\\/\\\/schweizversand.ch\\\/en\\\/\",\"name\":\"Schweizer Shop f\u00fcr Sport, Spiel und Freizeit\",\"description\":\"Gratisversand ab 50.- (netto), ab eigenem schweizer Lager, Lieferung innert 48h\",\"publisher\":{\"@id\":\"https:\\\/\\\/schweizversand.ch\\\/en\\\/#organization\"},\"alternateName\":\"Schweizversand.ch\",\"potentialAction\":[{\"@type\":\"SearchAction\",\"target\":{\"@type\":\"EntryPoint\",\"urlTemplate\":\"https:\\\/\\\/schweizversand.ch\\\/en\\\/?s={search_term_string}\"},\"query-input\":{\"@type\":\"PropertyValueSpecification\",\"valueRequired\":true,\"valueName\":\"search_term_string\"}}],\"inLanguage\":\"en-US\"},{\"@type\":\"Organization\",\"@id\":\"https:\\\/\\\/schweizversand.ch\\\/en\\\/#organization\",\"name\":\"Schweizversand.ch\",\"url\":\"https:\\\/\\\/schweizversand.ch\\\/en\\\/\",\"logo\":{\"@type\":\"ImageObject\",\"inLanguage\":\"en-US\",\"@id\":\"https:\\\/\\\/schweizversand.ch\\\/en\\\/#\\\/schema\\\/logo\\\/image\\\/\",\"url\":\"https:\\\/\\\/schweizversand.ch\\\/wp-content\\\/uploads\\\/2026\\\/03\\\/Logo_Rund_Final-1.png\",\"contentUrl\":\"https:\\\/\\\/schweizversand.ch\\\/wp-content\\\/uploads\\\/2026\\\/03\\\/Logo_Rund_Final-1.png\",\"width\":404,\"height\":404,\"caption\":\"Schweizversand.ch\"},\"image\":{\"@id\":\"https:\\\/\\\/schweizversand.ch\\\/en\\\/#\\\/schema\\\/logo\\\/image\\\/\"},\"sameAs\":[\"https:\\\/\\\/www.facebook.com\\\/Schweizversand\",\"https:\\\/\\\/www.instagram.com\\\/schweizversand.ch\\\/\"]}]}<\/script>\n<!-- \/ Yoast SEO plugin. -->","yoast_head_json":{"title":"Stiga Tischtennis Schl\u00e4ger Tempo 2 | Jetzt kaufen | Schweizversand.ch","description":"Stiga Tischtennis Schl\u00e4ger Tempo 2 g\u00fcnstig kaufen bei Schweizversand.ch. Schnelle Lieferung in der Schweiz. Gratisversand ab CHF 50.","robots":{"index":"index","follow":"follow","max-snippet":"max-snippet:-1","max-image-preview":"max-image-preview:large","max-video-preview":"max-video-preview:-1"},"canonical":"https:\/\/schweizversand.ch\/en\/produkt\/stiga-tischtennis-schlaeger-tempo-2\/","og_locale":"en_US","og_type":"article","og_title":"Stiga Tischtennis Schl\u00e4ger Tempo 2 | Jetzt kaufen | Schweizversand.ch","og_description":"Stiga Tischtennis Schl\u00e4ger Tempo 2 g\u00fcnstig kaufen bei Schweizversand.ch. Schnelle Lieferung in der Schweiz. Gratisversand ab CHF 50.","og_url":"https:\/\/schweizversand.ch\/en\/produkt\/stiga-tischtennis-schlaeger-tempo-2\/","og_site_name":"Schweizer Shop f\u00fcr Sport, Spiel und Freizeit","article_publisher":"https:\/\/www.facebook.com\/Schweizversand","article_modified_time":"2026-04-22T13:32:09+00:00","og_image":[{"width":1024,"height":1024,"url":"https:\/\/schweizversand.ch\/wp-content\/uploads\/2026\/02\/5472109228.jpg","type":"image\/jpeg"}],"twitter_card":"summary_large_image","twitter_misc":{"Est. reading time":"1 minute"},"schema":{"@context":"https:\/\/schema.org","@graph":[{"@type":"WebPage","@id":"https:\/\/schweizversand.ch\/en\/produkt\/stiga-tischtennis-schlaeger-tempo-2\/","url":"https:\/\/schweizversand.ch\/en\/produkt\/stiga-tischtennis-schlaeger-tempo-2\/","name":"Stiga Tischtennis Schl\u00e4ger Tempo 2 | Jetzt kaufen | Schweizversand.ch","isPartOf":{"@id":"https:\/\/schweizversand.ch\/en\/#website"},"primaryImageOfPage":{"@id":"https:\/\/schweizversand.ch\/en\/produkt\/stiga-tischtennis-schlaeger-tempo-2\/#primaryimage"},"image":{"@id":"https:\/\/schweizversand.ch\/en\/produkt\/stiga-tischtennis-schlaeger-tempo-2\/#primaryimage"},"thumbnailUrl":"https:\/\/schweizversand.ch\/wp-content\/uploads\/2026\/02\/5472109228.jpg","datePublished":"2026-03-14T23:55:21+00:00","dateModified":"2026-04-22T13:32:09+00:00","description":"Stiga Tischtennis Schl\u00e4ger Tempo 2 g\u00fcnstig kaufen bei Schweizversand.ch. Schnelle Lieferung in der Schweiz. Gratisversand ab CHF 50.","breadcrumb":{"@id":"https:\/\/schweizversand.ch\/en\/produkt\/stiga-tischtennis-schlaeger-tempo-2\/#breadcrumb"},"inLanguage":"en-US","potentialAction":[{"@type":"ReadAction","target":["https:\/\/schweizversand.ch\/en\/produkt\/stiga-tischtennis-schlaeger-tempo-2\/"]}]},{"@type":"ImageObject","inLanguage":"en-US","@id":"https:\/\/schweizversand.ch\/en\/produkt\/stiga-tischtennis-schlaeger-tempo-2\/#primaryimage","url":"https:\/\/schweizversand.ch\/wp-content\/uploads\/2026\/02\/5472109228.jpg","contentUrl":"https:\/\/schweizversand.ch\/wp-content\/uploads\/2026\/02\/5472109228.jpg","width":1024,"height":1024},{"@type":"BreadcrumbList","@id":"https:\/\/schweizversand.ch\/en\/produkt\/stiga-tischtennis-schlaeger-tempo-2\/#breadcrumb","itemListElement":[{"@type":"ListItem","position":1,"name":"Startseite","item":"https:\/\/schweizversand.ch\/en\/"},{"@type":"ListItem","position":2,"name":"Shop","item":"https:\/\/schweizversand.ch\/en\/shop\/"},{"@type":"ListItem","position":3,"name":"Sports","item":"https:\/\/schweizversand.ch\/en\/produkt-kategorie\/sports\/"},{"@type":"ListItem","position":4,"name":"ball sports &amp; darts","item":"https:\/\/schweizversand.ch\/en\/produkt-kategorie\/sports\/ball-sports-darts\/"},{"@type":"ListItem","position":5,"name":"Table tennis","item":"https:\/\/schweizversand.ch\/en\/produkt-kategorie\/sports\/ball-sports-darts\/tischtennis\/"},{"@type":"ListItem","position":6,"name":"Stiga table tennis racket Tempo 2"}]},{"@type":"WebSite","@id":"https:\/\/schweizversand.ch\/en\/#website","url":"https:\/\/schweizversand.ch\/en\/","name":"Schweizer Shop f\u00fcr Sport, Spiel und Freizeit","description":"Gratisversand ab 50.- (netto), ab eigenem schweizer Lager, Lieferung innert 48h","publisher":{"@id":"https:\/\/schweizversand.ch\/en\/#organization"},"alternateName":"Schweizversand.ch","potentialAction":[{"@type":"SearchAction","target":{"@type":"EntryPoint","urlTemplate":"https:\/\/schweizversand.ch\/en\/?s={search_term_string}"},"query-input":{"@type":"PropertyValueSpecification","valueRequired":true,"valueName":"search_term_string"}}],"inLanguage":"en-US"},{"@type":"Organization","@id":"https:\/\/schweizversand.ch\/en\/#organization","name":"Schweizversand.ch","url":"https:\/\/schweizversand.ch\/en\/","logo":{"@type":"ImageObject","inLanguage":"en-US","@id":"https:\/\/schweizversand.ch\/en\/#\/schema\/logo\/image\/","url":"https:\/\/schweizversand.ch\/wp-content\/uploads\/2026\/03\/Logo_Rund_Final-1.png","contentUrl":"https:\/\/schweizversand.ch\/wp-content\/uploads\/2026\/03\/Logo_Rund_Final-1.png","width":404,"height":404,"caption":"Schweizversand.ch"},"image":{"@id":"https:\/\/schweizversand.ch\/en\/#\/schema\/logo\/image\/"},"sameAs":["https:\/\/www.facebook.com\/Schweizversand","https:\/\/www.instagram.com\/schweizversand.ch\/"]}]}},"jetpack_sharing_enabled":true,"_links":{"self":[{"href":"https:\/\/schweizversand.ch\/en\/wp-json\/wp\/v2\/product\/256132","targetHints":{"allow":["GET"]}}],"collection":[{"href":"https:\/\/schweizversand.ch\/en\/wp-json\/wp\/v2\/product"}],"about":[{"href":"https:\/\/schweizversand.ch\/en\/wp-json\/wp\/v2\/types\/product"}],"replies":[{"embeddable":true,"href":"https:\/\/schweizversand.ch\/en\/wp-json\/wp\/v2\/comments?post=256132"}],"wp:featuredmedia":[{"embeddable":true,"href":"https:\/\/schweizversand.ch\/en\/wp-json\/wp\/v2\/media\/160290"}],"wp:attachment":[{"href":"https:\/\/schweizversand.ch\/en\/wp-json\/wp\/v2\/media?parent=256132"}],"wp:term":[{"taxonomy":"product_brand","embeddable":true,"href":"https:\/\/schweizversand.ch\/en\/wp-json\/wp\/v2\/product_brand?post=256132"},{"taxonomy":"product_cat","embeddable":true,"href":"https:\/\/schweizversand.ch\/en\/wp-json\/wp\/v2\/product_cat?post=256132"},{"taxonomy":"product_tag","embeddable":true,"href":"https:\/\/schweizversand.ch\/en\/wp-json\/wp\/v2\/product_tag?post=256132"}],"curies":[{"name":"wp","href":"https:\/\/api.w.org\/{rel}","templated":true}]}}