{"id":256169,"date":"2026-03-15T00:28:56","date_gmt":"2026-03-14T23:28:56","guid":{"rendered":"https:\/\/schweizversand.ch\/produkt\/tec-take-clown-peruecke-afro\/"},"modified":"2026-04-19T02:02:24","modified_gmt":"2026-04-19T00:02:24","slug":"tec-take-clown-peruecke-afro","status":"publish","type":"product","link":"https:\/\/schweizversand.ch\/en\/produkt\/tec-take-clown-peruecke-afro\/","title":{"rendered":"Tec Take Clown Wig Afro"},"content":{"rendered":"<p>Clown Afro Wig \u2013 Your Perfect Carnival Wig Give your performance unparalleled vibrancy with our Clown Afro Wig. This curly wig creates a beautiful, voluminous effect and is the ideal accessory to turn heads at any party or event. Unique Design and Effect The trendy and sassy Afro wig is your key to an unforgettable look. Its beautiful, curly locks stand out boldly and tightly in all directions, giving you an extraordinary presence. With this vibrant <strong>carnival wig<\/strong>, you can enhance carnival, Halloween, fantasy, and theme parties in a professional manner and are guaranteed to create a <strong>striking transformation<\/strong>.<\/p>\n<\/div>\n<div><strong>Versatile Uses<\/strong><br \/>This cheerful <strong>party wig<\/strong> perfectly complements numerous costumes. Whether you want to dance through carnival as a funny clown, a quirky hippie, or a crazy pop star \u2013 with this <strong>carnival wig<\/strong>, you&#8217;re making an excellent choice. The wig&#8217;s luscious curls guarantee a good mood and unforgettable party moments that let your personality shine.<\/p>\n<\/div>\n<div><strong>Product Highlights<\/strong><br \/>&#8211; Gorgeous <strong>Afro wig<\/strong> for a striking look<br \/>&#8211; Beautiful, <strong>lush effect<\/strong> for maximum volume<br \/>&#8211; Fun and <strong>frizzy curl look<\/strong> that instantly catches the eye<br \/>&#8211; <strong>cheeky look<\/strong> that emphasizes your playful side<br \/>&#8211; The curls stand out boldly and densely on all sides for a <strong>perfect shape<br \/><\/strong><\/div>\n<div><strong>Product Details<\/strong><br \/>&#8211; Hair length: approx. 4 cm<br \/>&#8211; Material: 100% synthetic fiber<\/p>\n<\/div>\n<div>Discover the joy and fun that our <strong>Clown Wig Afro<\/strong> will bring you will prepare, and get ready for a performance that will be remembered.<\/div>\n<div><\/div>\n","protected":false},"excerpt":{"rendered":"<p>Clown Afro Wig \u2013 Your Perfect Carnival Wig Give your performance unparalleled vibrancy with our Clown Afro Wig. This curly wig creates a beautiful, voluminous effect and is the ideal accessory to turn heads at any party or event. Unique Design and Effect The trendy and sassy Afro wig is your key to an unforgettable look. Its beautiful, curly locks stand out boldly and tightly in all directions, giving you an extraordinary presence. With this&hellip;<\/p>\n","protected":false},"featured_media":163970,"comment_status":"open","ping_status":"closed","template":"","meta":[],"product_brand":[],"product_cat":[38028,38815],"product_tag":[],"class_list":{"0":"post-256169","1":"product","2":"type-product","3":"status-publish","4":"has-post-thumbnail","6":"product_cat-kostueme","8":"product_shipping_class-global_methods","10":"first","11":"instock","12":"taxable","13":"shipping-taxable","14":"purchasable","15":"product-type-simple"},"yoast_head":"<!-- This site is optimized with the Yoast SEO plugin v27.4 - https:\/\/yoast.com\/product\/yoast-seo-wordpress\/ -->\n<title>Tec Take Clown Per\u00fccke Afro | Jetzt kaufen | Schweizversand.ch<\/title>\n<meta name=\"description\" content=\"Tec Take Clown Per\u00fccke Afro g\u00fcnstig kaufen bei Schweizversand.ch. Schnelle Lieferung in der Schweiz. Gratisversand ab CHF 50.\" \/>\n<meta name=\"robots\" content=\"index, follow, max-snippet:-1, max-image-preview:large, max-video-preview:-1\" \/>\n<link rel=\"canonical\" href=\"https:\/\/schweizversand.ch\/en\/produkt\/tec-take-clown-peruecke-afro\/\" \/>\n<meta property=\"og:locale\" content=\"en_US\" \/>\n<meta property=\"og:type\" content=\"article\" \/>\n<meta property=\"og:title\" content=\"Tec Take Clown Per\u00fccke Afro | Jetzt kaufen | Schweizversand.ch\" \/>\n<meta property=\"og:description\" content=\"Tec Take Clown Per\u00fccke Afro g\u00fcnstig kaufen bei Schweizversand.ch. Schnelle Lieferung in der Schweiz. Gratisversand ab CHF 50.\" \/>\n<meta property=\"og:url\" content=\"https:\/\/schweizversand.ch\/en\/produkt\/tec-take-clown-peruecke-afro\/\" \/>\n<meta property=\"og:site_name\" content=\"Schweizer Shop f\u00fcr Sport, Spiel und Freizeit\" \/>\n<meta property=\"article:publisher\" content=\"https:\/\/www.facebook.com\/Schweizversand\" \/>\n<meta property=\"article:modified_time\" content=\"2026-04-19T00:02:24+00:00\" \/>\n<meta property=\"og:image\" content=\"https:\/\/schweizversand.ch\/wp-content\/uploads\/2026\/02\/5504768043.jpg\" \/>\n\t<meta property=\"og:image:width\" content=\"856\" \/>\n\t<meta property=\"og:image:height\" content=\"1024\" \/>\n\t<meta property=\"og:image:type\" content=\"image\/jpeg\" \/>\n<meta name=\"twitter:card\" content=\"summary_large_image\" \/>\n<meta name=\"twitter:label1\" content=\"Est. reading time\" \/>\n\t<meta name=\"twitter:data1\" content=\"1 minute\" \/>\n<script type=\"application\/ld+json\" class=\"yoast-schema-graph\">{\"@context\":\"https:\\\/\\\/schema.org\",\"@graph\":[{\"@type\":\"WebPage\",\"@id\":\"https:\\\/\\\/schweizversand.ch\\\/en\\\/produkt\\\/tec-take-clown-peruecke-afro\\\/\",\"url\":\"https:\\\/\\\/schweizversand.ch\\\/en\\\/produkt\\\/tec-take-clown-peruecke-afro\\\/\",\"name\":\"Tec Take Clown Per\u00fccke Afro | Jetzt kaufen | Schweizversand.ch\",\"isPartOf\":{\"@id\":\"https:\\\/\\\/schweizversand.ch\\\/en\\\/#website\"},\"primaryImageOfPage\":{\"@id\":\"https:\\\/\\\/schweizversand.ch\\\/en\\\/produkt\\\/tec-take-clown-peruecke-afro\\\/#primaryimage\"},\"image\":{\"@id\":\"https:\\\/\\\/schweizversand.ch\\\/en\\\/produkt\\\/tec-take-clown-peruecke-afro\\\/#primaryimage\"},\"thumbnailUrl\":\"https:\\\/\\\/schweizversand.ch\\\/wp-content\\\/uploads\\\/2026\\\/02\\\/5504768043.jpg\",\"datePublished\":\"2026-03-14T23:28:56+00:00\",\"dateModified\":\"2026-04-19T00:02:24+00:00\",\"description\":\"Tec Take Clown Per\u00fccke Afro g\u00fcnstig kaufen bei Schweizversand.ch. Schnelle Lieferung in der Schweiz. Gratisversand ab CHF 50.\",\"breadcrumb\":{\"@id\":\"https:\\\/\\\/schweizversand.ch\\\/en\\\/produkt\\\/tec-take-clown-peruecke-afro\\\/#breadcrumb\"},\"inLanguage\":\"en-US\",\"potentialAction\":[{\"@type\":\"ReadAction\",\"target\":[\"https:\\\/\\\/schweizversand.ch\\\/en\\\/produkt\\\/tec-take-clown-peruecke-afro\\\/\"]}]},{\"@type\":\"ImageObject\",\"inLanguage\":\"en-US\",\"@id\":\"https:\\\/\\\/schweizversand.ch\\\/en\\\/produkt\\\/tec-take-clown-peruecke-afro\\\/#primaryimage\",\"url\":\"https:\\\/\\\/schweizversand.ch\\\/wp-content\\\/uploads\\\/2026\\\/02\\\/5504768043.jpg\",\"contentUrl\":\"https:\\\/\\\/schweizversand.ch\\\/wp-content\\\/uploads\\\/2026\\\/02\\\/5504768043.jpg\",\"width\":856,\"height\":1024},{\"@type\":\"BreadcrumbList\",\"@id\":\"https:\\\/\\\/schweizversand.ch\\\/en\\\/produkt\\\/tec-take-clown-peruecke-afro\\\/#breadcrumb\",\"itemListElement\":[{\"@type\":\"ListItem\",\"position\":1,\"name\":\"Startseite\",\"item\":\"https:\\\/\\\/schweizversand.ch\\\/en\\\/\"},{\"@type\":\"ListItem\",\"position\":2,\"name\":\"Shop\",\"item\":\"https:\\\/\\\/schweizversand.ch\\\/en\\\/shop\\\/\"},{\"@type\":\"ListItem\",\"position\":3,\"name\":\"Fashion\",\"item\":\"https:\\\/\\\/schweizversand.ch\\\/en\\\/produkt-kategorie\\\/fashion\\\/\"},{\"@type\":\"ListItem\",\"position\":4,\"name\":\"Unisex Fashion\",\"item\":\"https:\\\/\\\/schweizversand.ch\\\/en\\\/produkt-kategorie\\\/fashion\\\/unisex-fashion\\\/\"},{\"@type\":\"ListItem\",\"position\":5,\"name\":\"Costumes\",\"item\":\"https:\\\/\\\/schweizversand.ch\\\/en\\\/produkt-kategorie\\\/fashion\\\/unisex-fashion\\\/kostueme\\\/\"},{\"@type\":\"ListItem\",\"position\":6,\"name\":\"Tec Take Clown Wig Afro\"}]},{\"@type\":\"WebSite\",\"@id\":\"https:\\\/\\\/schweizversand.ch\\\/en\\\/#website\",\"url\":\"https:\\\/\\\/schweizversand.ch\\\/en\\\/\",\"name\":\"Schweizer Shop f\u00fcr Sport, Spiel und Freizeit\",\"description\":\"Gratisversand ab 50.- (netto), ab eigenem schweizer Lager, Lieferung innert 48h\",\"publisher\":{\"@id\":\"https:\\\/\\\/schweizversand.ch\\\/en\\\/#organization\"},\"alternateName\":\"Schweizversand.ch\",\"potentialAction\":[{\"@type\":\"SearchAction\",\"target\":{\"@type\":\"EntryPoint\",\"urlTemplate\":\"https:\\\/\\\/schweizversand.ch\\\/en\\\/?s={search_term_string}\"},\"query-input\":{\"@type\":\"PropertyValueSpecification\",\"valueRequired\":true,\"valueName\":\"search_term_string\"}}],\"inLanguage\":\"en-US\"},{\"@type\":\"Organization\",\"@id\":\"https:\\\/\\\/schweizversand.ch\\\/en\\\/#organization\",\"name\":\"Schweizversand.ch\",\"url\":\"https:\\\/\\\/schweizversand.ch\\\/en\\\/\",\"logo\":{\"@type\":\"ImageObject\",\"inLanguage\":\"en-US\",\"@id\":\"https:\\\/\\\/schweizversand.ch\\\/en\\\/#\\\/schema\\\/logo\\\/image\\\/\",\"url\":\"https:\\\/\\\/schweizversand.ch\\\/wp-content\\\/uploads\\\/2026\\\/03\\\/Logo_Rund_Final-1.png\",\"contentUrl\":\"https:\\\/\\\/schweizversand.ch\\\/wp-content\\\/uploads\\\/2026\\\/03\\\/Logo_Rund_Final-1.png\",\"width\":404,\"height\":404,\"caption\":\"Schweizversand.ch\"},\"image\":{\"@id\":\"https:\\\/\\\/schweizversand.ch\\\/en\\\/#\\\/schema\\\/logo\\\/image\\\/\"},\"sameAs\":[\"https:\\\/\\\/www.facebook.com\\\/Schweizversand\",\"https:\\\/\\\/www.instagram.com\\\/schweizversand.ch\\\/\"]}]}<\/script>\n<!-- \/ Yoast SEO plugin. -->","yoast_head_json":{"title":"Tec Take Clown Per\u00fccke Afro | Jetzt kaufen | Schweizversand.ch","description":"Tec Take Clown Per\u00fccke Afro g\u00fcnstig kaufen bei Schweizversand.ch. Schnelle Lieferung in der Schweiz. Gratisversand ab CHF 50.","robots":{"index":"index","follow":"follow","max-snippet":"max-snippet:-1","max-image-preview":"max-image-preview:large","max-video-preview":"max-video-preview:-1"},"canonical":"https:\/\/schweizversand.ch\/en\/produkt\/tec-take-clown-peruecke-afro\/","og_locale":"en_US","og_type":"article","og_title":"Tec Take Clown Per\u00fccke Afro | Jetzt kaufen | Schweizversand.ch","og_description":"Tec Take Clown Per\u00fccke Afro g\u00fcnstig kaufen bei Schweizversand.ch. Schnelle Lieferung in der Schweiz. Gratisversand ab CHF 50.","og_url":"https:\/\/schweizversand.ch\/en\/produkt\/tec-take-clown-peruecke-afro\/","og_site_name":"Schweizer Shop f\u00fcr Sport, Spiel und Freizeit","article_publisher":"https:\/\/www.facebook.com\/Schweizversand","article_modified_time":"2026-04-19T00:02:24+00:00","og_image":[{"width":856,"height":1024,"url":"https:\/\/schweizversand.ch\/wp-content\/uploads\/2026\/02\/5504768043.jpg","type":"image\/jpeg"}],"twitter_card":"summary_large_image","twitter_misc":{"Est. reading time":"1 minute"},"schema":{"@context":"https:\/\/schema.org","@graph":[{"@type":"WebPage","@id":"https:\/\/schweizversand.ch\/en\/produkt\/tec-take-clown-peruecke-afro\/","url":"https:\/\/schweizversand.ch\/en\/produkt\/tec-take-clown-peruecke-afro\/","name":"Tec Take Clown Per\u00fccke Afro | Jetzt kaufen | Schweizversand.ch","isPartOf":{"@id":"https:\/\/schweizversand.ch\/en\/#website"},"primaryImageOfPage":{"@id":"https:\/\/schweizversand.ch\/en\/produkt\/tec-take-clown-peruecke-afro\/#primaryimage"},"image":{"@id":"https:\/\/schweizversand.ch\/en\/produkt\/tec-take-clown-peruecke-afro\/#primaryimage"},"thumbnailUrl":"https:\/\/schweizversand.ch\/wp-content\/uploads\/2026\/02\/5504768043.jpg","datePublished":"2026-03-14T23:28:56+00:00","dateModified":"2026-04-19T00:02:24+00:00","description":"Tec Take Clown Per\u00fccke Afro g\u00fcnstig kaufen bei Schweizversand.ch. Schnelle Lieferung in der Schweiz. Gratisversand ab CHF 50.","breadcrumb":{"@id":"https:\/\/schweizversand.ch\/en\/produkt\/tec-take-clown-peruecke-afro\/#breadcrumb"},"inLanguage":"en-US","potentialAction":[{"@type":"ReadAction","target":["https:\/\/schweizversand.ch\/en\/produkt\/tec-take-clown-peruecke-afro\/"]}]},{"@type":"ImageObject","inLanguage":"en-US","@id":"https:\/\/schweizversand.ch\/en\/produkt\/tec-take-clown-peruecke-afro\/#primaryimage","url":"https:\/\/schweizversand.ch\/wp-content\/uploads\/2026\/02\/5504768043.jpg","contentUrl":"https:\/\/schweizversand.ch\/wp-content\/uploads\/2026\/02\/5504768043.jpg","width":856,"height":1024},{"@type":"BreadcrumbList","@id":"https:\/\/schweizversand.ch\/en\/produkt\/tec-take-clown-peruecke-afro\/#breadcrumb","itemListElement":[{"@type":"ListItem","position":1,"name":"Startseite","item":"https:\/\/schweizversand.ch\/en\/"},{"@type":"ListItem","position":2,"name":"Shop","item":"https:\/\/schweizversand.ch\/en\/shop\/"},{"@type":"ListItem","position":3,"name":"Fashion","item":"https:\/\/schweizversand.ch\/en\/produkt-kategorie\/fashion\/"},{"@type":"ListItem","position":4,"name":"Unisex Fashion","item":"https:\/\/schweizversand.ch\/en\/produkt-kategorie\/fashion\/unisex-fashion\/"},{"@type":"ListItem","position":5,"name":"Costumes","item":"https:\/\/schweizversand.ch\/en\/produkt-kategorie\/fashion\/unisex-fashion\/kostueme\/"},{"@type":"ListItem","position":6,"name":"Tec Take Clown Wig Afro"}]},{"@type":"WebSite","@id":"https:\/\/schweizversand.ch\/en\/#website","url":"https:\/\/schweizversand.ch\/en\/","name":"Schweizer Shop f\u00fcr Sport, Spiel und Freizeit","description":"Gratisversand ab 50.- (netto), ab eigenem schweizer Lager, Lieferung innert 48h","publisher":{"@id":"https:\/\/schweizversand.ch\/en\/#organization"},"alternateName":"Schweizversand.ch","potentialAction":[{"@type":"SearchAction","target":{"@type":"EntryPoint","urlTemplate":"https:\/\/schweizversand.ch\/en\/?s={search_term_string}"},"query-input":{"@type":"PropertyValueSpecification","valueRequired":true,"valueName":"search_term_string"}}],"inLanguage":"en-US"},{"@type":"Organization","@id":"https:\/\/schweizversand.ch\/en\/#organization","name":"Schweizversand.ch","url":"https:\/\/schweizversand.ch\/en\/","logo":{"@type":"ImageObject","inLanguage":"en-US","@id":"https:\/\/schweizversand.ch\/en\/#\/schema\/logo\/image\/","url":"https:\/\/schweizversand.ch\/wp-content\/uploads\/2026\/03\/Logo_Rund_Final-1.png","contentUrl":"https:\/\/schweizversand.ch\/wp-content\/uploads\/2026\/03\/Logo_Rund_Final-1.png","width":404,"height":404,"caption":"Schweizversand.ch"},"image":{"@id":"https:\/\/schweizversand.ch\/en\/#\/schema\/logo\/image\/"},"sameAs":["https:\/\/www.facebook.com\/Schweizversand","https:\/\/www.instagram.com\/schweizversand.ch\/"]}]}},"jetpack_sharing_enabled":true,"_links":{"self":[{"href":"https:\/\/schweizversand.ch\/en\/wp-json\/wp\/v2\/product\/256169","targetHints":{"allow":["GET"]}}],"collection":[{"href":"https:\/\/schweizversand.ch\/en\/wp-json\/wp\/v2\/product"}],"about":[{"href":"https:\/\/schweizversand.ch\/en\/wp-json\/wp\/v2\/types\/product"}],"replies":[{"embeddable":true,"href":"https:\/\/schweizversand.ch\/en\/wp-json\/wp\/v2\/comments?post=256169"}],"wp:featuredmedia":[{"embeddable":true,"href":"https:\/\/schweizversand.ch\/en\/wp-json\/wp\/v2\/media\/163970"}],"wp:attachment":[{"href":"https:\/\/schweizversand.ch\/en\/wp-json\/wp\/v2\/media?parent=256169"}],"wp:term":[{"taxonomy":"product_brand","embeddable":true,"href":"https:\/\/schweizversand.ch\/en\/wp-json\/wp\/v2\/product_brand?post=256169"},{"taxonomy":"product_cat","embeddable":true,"href":"https:\/\/schweizversand.ch\/en\/wp-json\/wp\/v2\/product_cat?post=256169"},{"taxonomy":"product_tag","embeddable":true,"href":"https:\/\/schweizversand.ch\/en\/wp-json\/wp\/v2\/product_tag?post=256169"}],"curies":[{"name":"wp","href":"https:\/\/api.w.org\/{rel}","templated":true}]}}