{"id":256187,"date":"2026-03-15T00:57:28","date_gmt":"2026-03-14T23:57:28","guid":{"rendered":"https:\/\/schweizversand.ch\/produkt\/new-era-chicago-white-sox-9fifty-mlb-baseballmuetze\/"},"modified":"2026-04-21T15:33:10","modified_gmt":"2026-04-21T13:33:10","slug":"new-era-chicago-white-sox-9fifty-mlb-baseballmuetze","status":"publish","type":"product","link":"https:\/\/schweizversand.ch\/en\/produkt\/new-era-chicago-white-sox-9fifty-mlb-baseballmuetze\/","title":{"rendered":"New Era Chicago White Sox 9FIFTY MLB Baseball Cap"},"content":{"rendered":"<h1><strong>New Era 9FIFTY Snapback \u2013 Chicago White Sox Baseball Cap<\/strong><\/h1>\n<div>Make a bold statement with the <strong>New Era 9FIFTY Chicago White Sox Cap<\/strong>. This iconic MLB baseball cap combines classic design with modern street style and is the perfect accessory for fans and urban fashion enthusiasts.<\/p>\n<\/div>\n<div><strong>Design and Comfort<\/strong><br \/>This New Era Snapback from the popular 9FIFTY series is a real eye-catcher. Made from <strong>100% cotton<\/strong>, it offers superior comfort and durability. The striking, high-contrast embroidered Chicago White Sox logo on the front stylishly displays your team affiliation.<\/p>\n<\/div>\n<div><strong>Perfect Fit and Style<\/strong><br \/>The cap features an adjustable snapback closure, guaranteeing a <strong>perfect fit<\/strong> for any head size. The flat brim emphasizes the modern look and makes this cap an essential part of your outfit. Whether at the stadium or in everyday life, this men&#8217;s baseball cap lets you show your fashion sense. Product Features and Details: &#8211; Official New Era 9FIFTY Snapback &#8211; Adjustable snapback closure for a customized fit &#8211; Flat brim with a modern streetwear look &#8211; High-quality Chicago White Sox embroidery (Chicago White Sox merch) &#8211; Material: 100% cotton, breathable and comfortable. Get this must-have now and show your team spirit with this high-quality New Era 9FIFTY cap.<\/p>\n","protected":false},"excerpt":{"rendered":"<p>New Era 9FIFTY Snapback \u2013 Chicago White Sox Baseball Cap Make a bold statement with the New Era 9FIFTY Chicago White Sox Cap. This iconic MLB baseball cap combines classic design with modern street style and is the perfect accessory for fans and urban fashion enthusiasts. Design and ComfortThis New Era Snapback from the popular 9FIFTY series is a real eye-catcher. Made from 100% cotton, it offers superior comfort and durability. The striking, high-contrast embroidered&hellip;<\/p>\n","protected":false},"featured_media":166052,"comment_status":"open","ping_status":"closed","template":"","meta":[],"product_brand":[],"product_cat":[38022],"product_tag":[],"class_list":{"0":"post-256187","1":"product","2":"type-product","3":"status-publish","4":"has-post-thumbnail","6":"product_cat-kopfbedeckung","7":"product_shipping_class-global_methods","9":"first","10":"instock","11":"taxable","12":"shipping-taxable","13":"purchasable","14":"product-type-simple"},"yoast_head":"<!-- This site is optimized with the Yoast SEO plugin v27.4 - https:\/\/yoast.com\/product\/yoast-seo-wordpress\/ -->\n<title>New Era Chicago White Sox 9FIFTY MLB Baseballm\u00fctze | Jetzt kaufen | Schweizversand.ch<\/title>\n<meta name=\"description\" content=\"New Era Chicago White Sox 9FIFTY MLB Baseballm\u00fctze g\u00fcnstig kaufen bei Schweizversand.ch. Schnelle Lieferung in der Schweiz. Gratisversand ab CHF 50.\" \/>\n<meta name=\"robots\" content=\"index, follow, max-snippet:-1, max-image-preview:large, max-video-preview:-1\" \/>\n<link rel=\"canonical\" href=\"https:\/\/schweizversand.ch\/en\/produkt\/new-era-chicago-white-sox-9fifty-mlb-baseballmuetze\/\" \/>\n<meta property=\"og:locale\" content=\"en_US\" \/>\n<meta property=\"og:type\" content=\"article\" \/>\n<meta property=\"og:title\" content=\"New Era Chicago White Sox 9FIFTY MLB Baseballm\u00fctze | Jetzt kaufen | Schweizversand.ch\" \/>\n<meta property=\"og:description\" content=\"New Era Chicago White Sox 9FIFTY MLB Baseballm\u00fctze g\u00fcnstig kaufen bei Schweizversand.ch. Schnelle Lieferung in der Schweiz. Gratisversand ab CHF 50.\" \/>\n<meta property=\"og:url\" content=\"https:\/\/schweizversand.ch\/en\/produkt\/new-era-chicago-white-sox-9fifty-mlb-baseballmuetze\/\" \/>\n<meta property=\"og:site_name\" content=\"Schweizer Shop f\u00fcr Sport, Spiel und Freizeit\" \/>\n<meta property=\"article:publisher\" content=\"https:\/\/www.facebook.com\/Schweizversand\" \/>\n<meta property=\"article:modified_time\" content=\"2026-04-21T13:33:10+00:00\" \/>\n<meta property=\"og:image\" content=\"https:\/\/schweizversand.ch\/wp-content\/uploads\/2026\/02\/5471867753.jpg\" \/>\n\t<meta property=\"og:image:width\" content=\"771\" \/>\n\t<meta property=\"og:image:height\" content=\"1024\" \/>\n\t<meta property=\"og:image:type\" content=\"image\/jpeg\" \/>\n<meta name=\"twitter:card\" content=\"summary_large_image\" \/>\n<meta name=\"twitter:label1\" content=\"Est. reading time\" \/>\n\t<meta name=\"twitter:data1\" content=\"1 minute\" \/>\n<script type=\"application\/ld+json\" class=\"yoast-schema-graph\">{\"@context\":\"https:\\\/\\\/schema.org\",\"@graph\":[{\"@type\":\"WebPage\",\"@id\":\"https:\\\/\\\/schweizversand.ch\\\/en\\\/produkt\\\/new-era-chicago-white-sox-9fifty-mlb-baseballmuetze\\\/\",\"url\":\"https:\\\/\\\/schweizversand.ch\\\/en\\\/produkt\\\/new-era-chicago-white-sox-9fifty-mlb-baseballmuetze\\\/\",\"name\":\"New Era Chicago White Sox 9FIFTY MLB Baseballm\u00fctze | Jetzt kaufen | Schweizversand.ch\",\"isPartOf\":{\"@id\":\"https:\\\/\\\/schweizversand.ch\\\/en\\\/#website\"},\"primaryImageOfPage\":{\"@id\":\"https:\\\/\\\/schweizversand.ch\\\/en\\\/produkt\\\/new-era-chicago-white-sox-9fifty-mlb-baseballmuetze\\\/#primaryimage\"},\"image\":{\"@id\":\"https:\\\/\\\/schweizversand.ch\\\/en\\\/produkt\\\/new-era-chicago-white-sox-9fifty-mlb-baseballmuetze\\\/#primaryimage\"},\"thumbnailUrl\":\"https:\\\/\\\/schweizversand.ch\\\/wp-content\\\/uploads\\\/2026\\\/02\\\/5471867753.jpg\",\"datePublished\":\"2026-03-14T23:57:28+00:00\",\"dateModified\":\"2026-04-21T13:33:10+00:00\",\"description\":\"New Era Chicago White Sox 9FIFTY MLB Baseballm\u00fctze g\u00fcnstig kaufen bei Schweizversand.ch. Schnelle Lieferung in der Schweiz. Gratisversand ab CHF 50.\",\"breadcrumb\":{\"@id\":\"https:\\\/\\\/schweizversand.ch\\\/en\\\/produkt\\\/new-era-chicago-white-sox-9fifty-mlb-baseballmuetze\\\/#breadcrumb\"},\"inLanguage\":\"en-US\",\"potentialAction\":[{\"@type\":\"ReadAction\",\"target\":[\"https:\\\/\\\/schweizversand.ch\\\/en\\\/produkt\\\/new-era-chicago-white-sox-9fifty-mlb-baseballmuetze\\\/\"]}]},{\"@type\":\"ImageObject\",\"inLanguage\":\"en-US\",\"@id\":\"https:\\\/\\\/schweizversand.ch\\\/en\\\/produkt\\\/new-era-chicago-white-sox-9fifty-mlb-baseballmuetze\\\/#primaryimage\",\"url\":\"https:\\\/\\\/schweizversand.ch\\\/wp-content\\\/uploads\\\/2026\\\/02\\\/5471867753.jpg\",\"contentUrl\":\"https:\\\/\\\/schweizversand.ch\\\/wp-content\\\/uploads\\\/2026\\\/02\\\/5471867753.jpg\",\"width\":771,\"height\":1024},{\"@type\":\"BreadcrumbList\",\"@id\":\"https:\\\/\\\/schweizversand.ch\\\/en\\\/produkt\\\/new-era-chicago-white-sox-9fifty-mlb-baseballmuetze\\\/#breadcrumb\",\"itemListElement\":[{\"@type\":\"ListItem\",\"position\":1,\"name\":\"Startseite\",\"item\":\"https:\\\/\\\/schweizversand.ch\\\/en\\\/\"},{\"@type\":\"ListItem\",\"position\":2,\"name\":\"Shop\",\"item\":\"https:\\\/\\\/schweizversand.ch\\\/en\\\/shop\\\/\"},{\"@type\":\"ListItem\",\"position\":3,\"name\":\"Fashion\",\"item\":\"https:\\\/\\\/schweizversand.ch\\\/en\\\/produkt-kategorie\\\/fashion\\\/\"},{\"@type\":\"ListItem\",\"position\":4,\"name\":\"Fashion Accessories\",\"item\":\"https:\\\/\\\/schweizversand.ch\\\/en\\\/produkt-kategorie\\\/fashion\\\/fashion-accessories\\\/\"},{\"@type\":\"ListItem\",\"position\":5,\"name\":\"Headwear\",\"item\":\"https:\\\/\\\/schweizversand.ch\\\/en\\\/produkt-kategorie\\\/fashion\\\/fashion-accessories\\\/kopfbedeckung\\\/\"},{\"@type\":\"ListItem\",\"position\":6,\"name\":\"New Era Chicago White Sox 9FIFTY MLB Baseball Cap\"}]},{\"@type\":\"WebSite\",\"@id\":\"https:\\\/\\\/schweizversand.ch\\\/en\\\/#website\",\"url\":\"https:\\\/\\\/schweizversand.ch\\\/en\\\/\",\"name\":\"Schweizer Shop f\u00fcr Sport, Spiel und Freizeit\",\"description\":\"Gratisversand ab 50.- (netto), ab eigenem schweizer Lager, Lieferung innert 48h\",\"publisher\":{\"@id\":\"https:\\\/\\\/schweizversand.ch\\\/en\\\/#organization\"},\"alternateName\":\"Schweizversand.ch\",\"potentialAction\":[{\"@type\":\"SearchAction\",\"target\":{\"@type\":\"EntryPoint\",\"urlTemplate\":\"https:\\\/\\\/schweizversand.ch\\\/en\\\/?s={search_term_string}\"},\"query-input\":{\"@type\":\"PropertyValueSpecification\",\"valueRequired\":true,\"valueName\":\"search_term_string\"}}],\"inLanguage\":\"en-US\"},{\"@type\":\"Organization\",\"@id\":\"https:\\\/\\\/schweizversand.ch\\\/en\\\/#organization\",\"name\":\"Schweizversand.ch\",\"url\":\"https:\\\/\\\/schweizversand.ch\\\/en\\\/\",\"logo\":{\"@type\":\"ImageObject\",\"inLanguage\":\"en-US\",\"@id\":\"https:\\\/\\\/schweizversand.ch\\\/en\\\/#\\\/schema\\\/logo\\\/image\\\/\",\"url\":\"https:\\\/\\\/schweizversand.ch\\\/wp-content\\\/uploads\\\/2026\\\/03\\\/Logo_Rund_Final-1.png\",\"contentUrl\":\"https:\\\/\\\/schweizversand.ch\\\/wp-content\\\/uploads\\\/2026\\\/03\\\/Logo_Rund_Final-1.png\",\"width\":404,\"height\":404,\"caption\":\"Schweizversand.ch\"},\"image\":{\"@id\":\"https:\\\/\\\/schweizversand.ch\\\/en\\\/#\\\/schema\\\/logo\\\/image\\\/\"},\"sameAs\":[\"https:\\\/\\\/www.facebook.com\\\/Schweizversand\",\"https:\\\/\\\/www.instagram.com\\\/schweizversand.ch\\\/\"]}]}<\/script>\n<!-- \/ Yoast SEO plugin. -->","yoast_head_json":{"title":"New Era Chicago White Sox 9FIFTY MLB Baseballm\u00fctze | Jetzt kaufen | Schweizversand.ch","description":"New Era Chicago White Sox 9FIFTY MLB Baseballm\u00fctze g\u00fcnstig kaufen bei Schweizversand.ch. Schnelle Lieferung in der Schweiz. Gratisversand ab CHF 50.","robots":{"index":"index","follow":"follow","max-snippet":"max-snippet:-1","max-image-preview":"max-image-preview:large","max-video-preview":"max-video-preview:-1"},"canonical":"https:\/\/schweizversand.ch\/en\/produkt\/new-era-chicago-white-sox-9fifty-mlb-baseballmuetze\/","og_locale":"en_US","og_type":"article","og_title":"New Era Chicago White Sox 9FIFTY MLB Baseballm\u00fctze | Jetzt kaufen | Schweizversand.ch","og_description":"New Era Chicago White Sox 9FIFTY MLB Baseballm\u00fctze g\u00fcnstig kaufen bei Schweizversand.ch. Schnelle Lieferung in der Schweiz. Gratisversand ab CHF 50.","og_url":"https:\/\/schweizversand.ch\/en\/produkt\/new-era-chicago-white-sox-9fifty-mlb-baseballmuetze\/","og_site_name":"Schweizer Shop f\u00fcr Sport, Spiel und Freizeit","article_publisher":"https:\/\/www.facebook.com\/Schweizversand","article_modified_time":"2026-04-21T13:33:10+00:00","og_image":[{"width":771,"height":1024,"url":"https:\/\/schweizversand.ch\/wp-content\/uploads\/2026\/02\/5471867753.jpg","type":"image\/jpeg"}],"twitter_card":"summary_large_image","twitter_misc":{"Est. reading time":"1 minute"},"schema":{"@context":"https:\/\/schema.org","@graph":[{"@type":"WebPage","@id":"https:\/\/schweizversand.ch\/en\/produkt\/new-era-chicago-white-sox-9fifty-mlb-baseballmuetze\/","url":"https:\/\/schweizversand.ch\/en\/produkt\/new-era-chicago-white-sox-9fifty-mlb-baseballmuetze\/","name":"New Era Chicago White Sox 9FIFTY MLB Baseballm\u00fctze | Jetzt kaufen | Schweizversand.ch","isPartOf":{"@id":"https:\/\/schweizversand.ch\/en\/#website"},"primaryImageOfPage":{"@id":"https:\/\/schweizversand.ch\/en\/produkt\/new-era-chicago-white-sox-9fifty-mlb-baseballmuetze\/#primaryimage"},"image":{"@id":"https:\/\/schweizversand.ch\/en\/produkt\/new-era-chicago-white-sox-9fifty-mlb-baseballmuetze\/#primaryimage"},"thumbnailUrl":"https:\/\/schweizversand.ch\/wp-content\/uploads\/2026\/02\/5471867753.jpg","datePublished":"2026-03-14T23:57:28+00:00","dateModified":"2026-04-21T13:33:10+00:00","description":"New Era Chicago White Sox 9FIFTY MLB Baseballm\u00fctze g\u00fcnstig kaufen bei Schweizversand.ch. Schnelle Lieferung in der Schweiz. Gratisversand ab CHF 50.","breadcrumb":{"@id":"https:\/\/schweizversand.ch\/en\/produkt\/new-era-chicago-white-sox-9fifty-mlb-baseballmuetze\/#breadcrumb"},"inLanguage":"en-US","potentialAction":[{"@type":"ReadAction","target":["https:\/\/schweizversand.ch\/en\/produkt\/new-era-chicago-white-sox-9fifty-mlb-baseballmuetze\/"]}]},{"@type":"ImageObject","inLanguage":"en-US","@id":"https:\/\/schweizversand.ch\/en\/produkt\/new-era-chicago-white-sox-9fifty-mlb-baseballmuetze\/#primaryimage","url":"https:\/\/schweizversand.ch\/wp-content\/uploads\/2026\/02\/5471867753.jpg","contentUrl":"https:\/\/schweizversand.ch\/wp-content\/uploads\/2026\/02\/5471867753.jpg","width":771,"height":1024},{"@type":"BreadcrumbList","@id":"https:\/\/schweizversand.ch\/en\/produkt\/new-era-chicago-white-sox-9fifty-mlb-baseballmuetze\/#breadcrumb","itemListElement":[{"@type":"ListItem","position":1,"name":"Startseite","item":"https:\/\/schweizversand.ch\/en\/"},{"@type":"ListItem","position":2,"name":"Shop","item":"https:\/\/schweizversand.ch\/en\/shop\/"},{"@type":"ListItem","position":3,"name":"Fashion","item":"https:\/\/schweizversand.ch\/en\/produkt-kategorie\/fashion\/"},{"@type":"ListItem","position":4,"name":"Fashion Accessories","item":"https:\/\/schweizversand.ch\/en\/produkt-kategorie\/fashion\/fashion-accessories\/"},{"@type":"ListItem","position":5,"name":"Headwear","item":"https:\/\/schweizversand.ch\/en\/produkt-kategorie\/fashion\/fashion-accessories\/kopfbedeckung\/"},{"@type":"ListItem","position":6,"name":"New Era Chicago White Sox 9FIFTY MLB Baseball Cap"}]},{"@type":"WebSite","@id":"https:\/\/schweizversand.ch\/en\/#website","url":"https:\/\/schweizversand.ch\/en\/","name":"Schweizer Shop f\u00fcr Sport, Spiel und Freizeit","description":"Gratisversand ab 50.- (netto), ab eigenem schweizer Lager, Lieferung innert 48h","publisher":{"@id":"https:\/\/schweizversand.ch\/en\/#organization"},"alternateName":"Schweizversand.ch","potentialAction":[{"@type":"SearchAction","target":{"@type":"EntryPoint","urlTemplate":"https:\/\/schweizversand.ch\/en\/?s={search_term_string}"},"query-input":{"@type":"PropertyValueSpecification","valueRequired":true,"valueName":"search_term_string"}}],"inLanguage":"en-US"},{"@type":"Organization","@id":"https:\/\/schweizversand.ch\/en\/#organization","name":"Schweizversand.ch","url":"https:\/\/schweizversand.ch\/en\/","logo":{"@type":"ImageObject","inLanguage":"en-US","@id":"https:\/\/schweizversand.ch\/en\/#\/schema\/logo\/image\/","url":"https:\/\/schweizversand.ch\/wp-content\/uploads\/2026\/03\/Logo_Rund_Final-1.png","contentUrl":"https:\/\/schweizversand.ch\/wp-content\/uploads\/2026\/03\/Logo_Rund_Final-1.png","width":404,"height":404,"caption":"Schweizversand.ch"},"image":{"@id":"https:\/\/schweizversand.ch\/en\/#\/schema\/logo\/image\/"},"sameAs":["https:\/\/www.facebook.com\/Schweizversand","https:\/\/www.instagram.com\/schweizversand.ch\/"]}]}},"jetpack_sharing_enabled":true,"_links":{"self":[{"href":"https:\/\/schweizversand.ch\/en\/wp-json\/wp\/v2\/product\/256187","targetHints":{"allow":["GET"]}}],"collection":[{"href":"https:\/\/schweizversand.ch\/en\/wp-json\/wp\/v2\/product"}],"about":[{"href":"https:\/\/schweizversand.ch\/en\/wp-json\/wp\/v2\/types\/product"}],"replies":[{"embeddable":true,"href":"https:\/\/schweizversand.ch\/en\/wp-json\/wp\/v2\/comments?post=256187"}],"wp:featuredmedia":[{"embeddable":true,"href":"https:\/\/schweizversand.ch\/en\/wp-json\/wp\/v2\/media\/166052"}],"wp:attachment":[{"href":"https:\/\/schweizversand.ch\/en\/wp-json\/wp\/v2\/media?parent=256187"}],"wp:term":[{"taxonomy":"product_brand","embeddable":true,"href":"https:\/\/schweizversand.ch\/en\/wp-json\/wp\/v2\/product_brand?post=256187"},{"taxonomy":"product_cat","embeddable":true,"href":"https:\/\/schweizversand.ch\/en\/wp-json\/wp\/v2\/product_cat?post=256187"},{"taxonomy":"product_tag","embeddable":true,"href":"https:\/\/schweizversand.ch\/en\/wp-json\/wp\/v2\/product_tag?post=256187"}],"curies":[{"name":"wp","href":"https:\/\/api.w.org\/{rel}","templated":true}]}}