{"id":259110,"date":"2026-03-18T15:32:23","date_gmt":"2026-03-18T14:32:23","guid":{"rendered":"https:\/\/schweizversand.ch\/produkt\/xq-max-saturn-120-dartboard-beleuchtung\/"},"modified":"2026-04-30T02:01:00","modified_gmt":"2026-04-30T00:01:00","slug":"xq-max-saturn-120-dartboard-beleuchtung","status":"publish","type":"product","link":"https:\/\/schweizversand.ch\/en\/produkt\/xq-max-saturn-120-dartboard-beleuchtung\/","title":{"rendered":"XQ Max Saturn 120 Dartboard Lighting"},"content":{"rendered":"<h1><strong>XQ Max Saturn 120 Dartboard Lighting \u2013 Professional LED Dart Lighting<\/strong><\/h1>\n<div>The <strong>XQ Max Saturn 120 Dartboard Lighting<\/strong> revolutionizes your dart game. This advanced LED lighting system is specifically designed to ensure <strong>even, shadow-free dart illumination<\/strong> \u2013 the essential requirement for precise, professional-level play.<\/p>\n<\/div>\n<div><strong>Perfect Illumination for Precise Play<\/strong><br \/>Say goodbye to distracting shadows that obstruct your view of the dartboard. The XQ Max Saturn 120 lighting utilizes 140 powerful LEDs arranged in five segments to produce an impressive light output of <strong>1000 lumens<\/strong>. This intense light illuminates every single number and segment perfectly, allowing you to fully concentrate on your throws. Easy assembly and maximum flexibility: Thanks to its well-designed, modular construction and innovative magnetic mounting, installing this dart accessory is incredibly simple and requires no drilling. The lighting is securely fixed to the board with three feet. Whether in your home party room, at the clubhouse, or at tournaments \u2013 assembly takes just a few minutes, so you can start playing immediately.<\/p>\n<\/div>\n<div><strong>Your advantages at a glance<\/strong><br \/>&#8211; <strong>Shadow-free dart lighting:<\/strong> Optimal view of the dartboard for maximum precision<br \/>&#8211; <strong>Easy installation:<\/strong> Modular design and secure magnetic mounting without drilling<br \/>&#8211; <strong>High luminosity:<\/strong> 1000 lumens of light output thanks to 140 long-lasting LEDs<br \/>&#8211; <strong>Flexible power supply:<\/strong> Operates via USB cable, also usable with a power bank (5V\/2A adapter required)<br \/>&#8211; <strong>Robust design:<\/strong> Sturdy ABS plastic segments and connectors for long-lasting durability<\/p>\n<\/div>\n<div><strong>Technical details of the LED dart lighting<\/strong><br \/>The <strong>LED dart lighting<\/strong> is designed for durability and efficiency. You will receive a complete system that is ready to use immediately (adapter and dartboard are sold separately).<\/p>\n<\/div>\n<div><strong>Product Specifications<\/strong><br \/>&#8211; Number of LEDs: 140 LEDs in 5 segments (28 per segment)<br \/>&#8211; Light output: 1000 lumens<br \/>&#8211; Material: Sturdy ABS plastic segments with connectors and end caps<br \/>&#8211; Mounting: Magnetic mounting with 3 feet<br \/>&#8211; Operation: Convenient on\/off switch<br \/>&#8211; Cable length: 3-meter USB cable<br \/>&#8211; Power supply: USB (5V\/2A adapter must be purchased separately)<br \/>&#8211; Dimensions when assembled: Diameter 95 cm x 23 cm, inner diameter approx. 45 cm<\/p>\n<\/div>\n<div>The <strong>XQ Max Saturn 120 Dartboard Lighting<\/strong> is the essential <strong>dart accessory<\/strong> for every ambitious player. Get this professional dart light now to optimize your game and perfectly showcase your dartboard.<\/p>\n<\/div>\n<div>\n<\/div>\n","protected":false},"excerpt":{"rendered":"<p>XQ Max Saturn 120 Dartboard Beleuchtung bietet schattenfreies, gleichm\u00e4\u00dfiges LED-Licht mit 1000 Lumen f\u00fcr pr\u00e4zises, professionelles Dartspiel in perfekter Ausleuchtung.<\/p>\n","protected":false},"featured_media":257622,"comment_status":"open","ping_status":"closed","template":"","meta":[],"product_brand":[],"product_cat":[39183],"product_tag":[],"class_list":{"0":"post-259110","1":"product","2":"type-product","3":"status-publish","4":"has-post-thumbnail","6":"product_cat-dart","7":"product_shipping_class-global_methods","9":"first","10":"instock","11":"taxable","12":"shipping-taxable","13":"purchasable","14":"product-type-simple"},"yoast_head":"<!-- This site is optimized with the Yoast SEO plugin v27.5 - https:\/\/yoast.com\/product\/yoast-seo-wordpress\/ -->\n<title>XQ Max Saturn 120 Dartboard Beleuchtung<\/title>\n<meta name=\"description\" content=\"XQ Max Saturn 120 Dartboard Beleuchtung \u2013 Professionelle LED-Dartbeleuchtung Die XQ Max Saturn 120 Dartboard Beleuchtung revolutioniert Ihr Dartspiel. Dieses ho\" \/>\n<meta name=\"robots\" content=\"index, follow, max-snippet:-1, max-image-preview:large, max-video-preview:-1\" \/>\n<link rel=\"canonical\" href=\"https:\/\/schweizversand.ch\/en\/produkt\/xq-max-saturn-120-dartboard-beleuchtung\/\" \/>\n<meta property=\"og:locale\" content=\"en_US\" \/>\n<meta property=\"og:type\" content=\"article\" \/>\n<meta property=\"og:title\" content=\"XQ Max Saturn 120 Dartboard Beleuchtung\" \/>\n<meta property=\"og:description\" content=\"XQ Max Saturn 120 Dartboard Beleuchtung \u2013 Professionelle LED-Dartbeleuchtung Die XQ Max Saturn 120 Dartboard Beleuchtung revolutioniert Ihr Dartspiel. Dieses ho\" \/>\n<meta property=\"og:url\" content=\"https:\/\/schweizversand.ch\/en\/produkt\/xq-max-saturn-120-dartboard-beleuchtung\/\" \/>\n<meta property=\"og:site_name\" content=\"Schweizer Shop f\u00fcr Sport, Spiel und Freizeit\" \/>\n<meta property=\"article:publisher\" content=\"https:\/\/www.facebook.com\/Schweizversand\" \/>\n<meta property=\"article:modified_time\" content=\"2026-04-30T00:01:00+00:00\" \/>\n<meta property=\"og:image\" content=\"https:\/\/schweizversand.ch\/wp-content\/uploads\/2026\/03\/5520099954.jpg\" \/>\n\t<meta property=\"og:image:width\" content=\"1024\" \/>\n\t<meta property=\"og:image:height\" content=\"879\" \/>\n\t<meta property=\"og:image:type\" content=\"image\/jpeg\" \/>\n<meta name=\"twitter:card\" content=\"summary_large_image\" \/>\n<meta name=\"twitter:label1\" content=\"Est. reading time\" \/>\n\t<meta name=\"twitter:data1\" content=\"2 minutes\" \/>\n<script type=\"application\/ld+json\" class=\"yoast-schema-graph\">{\"@context\":\"https:\\\/\\\/schema.org\",\"@graph\":[{\"@type\":\"WebPage\",\"@id\":\"https:\\\/\\\/schweizversand.ch\\\/en\\\/produkt\\\/xq-max-saturn-120-dartboard-beleuchtung\\\/\",\"url\":\"https:\\\/\\\/schweizversand.ch\\\/en\\\/produkt\\\/xq-max-saturn-120-dartboard-beleuchtung\\\/\",\"name\":\"XQ Max Saturn 120 Dartboard Beleuchtung\",\"isPartOf\":{\"@id\":\"https:\\\/\\\/schweizversand.ch\\\/en\\\/#website\"},\"primaryImageOfPage\":{\"@id\":\"https:\\\/\\\/schweizversand.ch\\\/en\\\/produkt\\\/xq-max-saturn-120-dartboard-beleuchtung\\\/#primaryimage\"},\"image\":{\"@id\":\"https:\\\/\\\/schweizversand.ch\\\/en\\\/produkt\\\/xq-max-saturn-120-dartboard-beleuchtung\\\/#primaryimage\"},\"thumbnailUrl\":\"https:\\\/\\\/schweizversand.ch\\\/wp-content\\\/uploads\\\/2026\\\/03\\\/5520099954.jpg\",\"datePublished\":\"2026-03-18T14:32:23+00:00\",\"dateModified\":\"2026-04-30T00:01:00+00:00\",\"description\":\"XQ Max Saturn 120 Dartboard Beleuchtung \u2013 Professionelle LED-Dartbeleuchtung Die XQ Max Saturn 120 Dartboard Beleuchtung revolutioniert Ihr Dartspiel. Dieses ho\",\"breadcrumb\":{\"@id\":\"https:\\\/\\\/schweizversand.ch\\\/en\\\/produkt\\\/xq-max-saturn-120-dartboard-beleuchtung\\\/#breadcrumb\"},\"inLanguage\":\"en-US\",\"potentialAction\":[{\"@type\":\"ReadAction\",\"target\":[\"https:\\\/\\\/schweizversand.ch\\\/en\\\/produkt\\\/xq-max-saturn-120-dartboard-beleuchtung\\\/\"]}]},{\"@type\":\"ImageObject\",\"inLanguage\":\"en-US\",\"@id\":\"https:\\\/\\\/schweizversand.ch\\\/en\\\/produkt\\\/xq-max-saturn-120-dartboard-beleuchtung\\\/#primaryimage\",\"url\":\"https:\\\/\\\/schweizversand.ch\\\/wp-content\\\/uploads\\\/2026\\\/03\\\/5520099954.jpg\",\"contentUrl\":\"https:\\\/\\\/schweizversand.ch\\\/wp-content\\\/uploads\\\/2026\\\/03\\\/5520099954.jpg\",\"width\":1024,\"height\":879},{\"@type\":\"BreadcrumbList\",\"@id\":\"https:\\\/\\\/schweizversand.ch\\\/en\\\/produkt\\\/xq-max-saturn-120-dartboard-beleuchtung\\\/#breadcrumb\",\"itemListElement\":[{\"@type\":\"ListItem\",\"position\":1,\"name\":\"Startseite\",\"item\":\"https:\\\/\\\/schweizversand.ch\\\/en\\\/\"},{\"@type\":\"ListItem\",\"position\":2,\"name\":\"Shop\",\"item\":\"https:\\\/\\\/schweizversand.ch\\\/en\\\/shop\\\/\"},{\"@type\":\"ListItem\",\"position\":3,\"name\":\"Sports\",\"item\":\"https:\\\/\\\/schweizversand.ch\\\/en\\\/produkt-kategorie\\\/sports\\\/\"},{\"@type\":\"ListItem\",\"position\":4,\"name\":\"ball sports &amp; darts\",\"item\":\"https:\\\/\\\/schweizversand.ch\\\/en\\\/produkt-kategorie\\\/sports\\\/ball-sports-darts\\\/\"},{\"@type\":\"ListItem\",\"position\":5,\"name\":\"Darts\",\"item\":\"https:\\\/\\\/schweizversand.ch\\\/en\\\/produkt-kategorie\\\/dart-2\\\/\"},{\"@type\":\"ListItem\",\"position\":6,\"name\":\"XQ Max Saturn 120 Dartboard Lighting\"}]},{\"@type\":\"WebSite\",\"@id\":\"https:\\\/\\\/schweizversand.ch\\\/en\\\/#website\",\"url\":\"https:\\\/\\\/schweizversand.ch\\\/en\\\/\",\"name\":\"Schweizer Shop f\u00fcr Sport, Spiel und Freizeit\",\"description\":\"Gratisversand ab 50.- (netto), ab eigenem schweizer Lager, Lieferung innert 48h\",\"publisher\":{\"@id\":\"https:\\\/\\\/schweizversand.ch\\\/en\\\/#organization\"},\"alternateName\":\"Schweizversand.ch\",\"potentialAction\":[{\"@type\":\"SearchAction\",\"target\":{\"@type\":\"EntryPoint\",\"urlTemplate\":\"https:\\\/\\\/schweizversand.ch\\\/en\\\/?s={search_term_string}\"},\"query-input\":{\"@type\":\"PropertyValueSpecification\",\"valueRequired\":true,\"valueName\":\"search_term_string\"}}],\"inLanguage\":\"en-US\"},{\"@type\":\"Organization\",\"@id\":\"https:\\\/\\\/schweizversand.ch\\\/en\\\/#organization\",\"name\":\"Schweizversand.ch\",\"url\":\"https:\\\/\\\/schweizversand.ch\\\/en\\\/\",\"logo\":{\"@type\":\"ImageObject\",\"inLanguage\":\"en-US\",\"@id\":\"https:\\\/\\\/schweizversand.ch\\\/en\\\/#\\\/schema\\\/logo\\\/image\\\/\",\"url\":\"https:\\\/\\\/schweizversand.ch\\\/wp-content\\\/uploads\\\/2026\\\/03\\\/Logo_Rund_Final-1.png\",\"contentUrl\":\"https:\\\/\\\/schweizversand.ch\\\/wp-content\\\/uploads\\\/2026\\\/03\\\/Logo_Rund_Final-1.png\",\"width\":404,\"height\":404,\"caption\":\"Schweizversand.ch\"},\"image\":{\"@id\":\"https:\\\/\\\/schweizversand.ch\\\/en\\\/#\\\/schema\\\/logo\\\/image\\\/\"},\"sameAs\":[\"https:\\\/\\\/www.facebook.com\\\/Schweizversand\",\"https:\\\/\\\/www.instagram.com\\\/schweizversand.ch\\\/\"]}]}<\/script>\n<!-- \/ Yoast SEO plugin. -->","yoast_head_json":{"title":"XQ Max Saturn 120 Dartboard Beleuchtung","description":"XQ Max Saturn 120 Dartboard Beleuchtung \u2013 Professionelle LED-Dartbeleuchtung Die XQ Max Saturn 120 Dartboard Beleuchtung revolutioniert Ihr Dartspiel. Dieses ho","robots":{"index":"index","follow":"follow","max-snippet":"max-snippet:-1","max-image-preview":"max-image-preview:large","max-video-preview":"max-video-preview:-1"},"canonical":"https:\/\/schweizversand.ch\/en\/produkt\/xq-max-saturn-120-dartboard-beleuchtung\/","og_locale":"en_US","og_type":"article","og_title":"XQ Max Saturn 120 Dartboard Beleuchtung","og_description":"XQ Max Saturn 120 Dartboard Beleuchtung \u2013 Professionelle LED-Dartbeleuchtung Die XQ Max Saturn 120 Dartboard Beleuchtung revolutioniert Ihr Dartspiel. Dieses ho","og_url":"https:\/\/schweizversand.ch\/en\/produkt\/xq-max-saturn-120-dartboard-beleuchtung\/","og_site_name":"Schweizer Shop f\u00fcr Sport, Spiel und Freizeit","article_publisher":"https:\/\/www.facebook.com\/Schweizversand","article_modified_time":"2026-04-30T00:01:00+00:00","og_image":[{"width":1024,"height":879,"url":"https:\/\/schweizversand.ch\/wp-content\/uploads\/2026\/03\/5520099954.jpg","type":"image\/jpeg"}],"twitter_card":"summary_large_image","twitter_misc":{"Est. reading time":"2 minutes"},"schema":{"@context":"https:\/\/schema.org","@graph":[{"@type":"WebPage","@id":"https:\/\/schweizversand.ch\/en\/produkt\/xq-max-saturn-120-dartboard-beleuchtung\/","url":"https:\/\/schweizversand.ch\/en\/produkt\/xq-max-saturn-120-dartboard-beleuchtung\/","name":"XQ Max Saturn 120 Dartboard Beleuchtung","isPartOf":{"@id":"https:\/\/schweizversand.ch\/en\/#website"},"primaryImageOfPage":{"@id":"https:\/\/schweizversand.ch\/en\/produkt\/xq-max-saturn-120-dartboard-beleuchtung\/#primaryimage"},"image":{"@id":"https:\/\/schweizversand.ch\/en\/produkt\/xq-max-saturn-120-dartboard-beleuchtung\/#primaryimage"},"thumbnailUrl":"https:\/\/schweizversand.ch\/wp-content\/uploads\/2026\/03\/5520099954.jpg","datePublished":"2026-03-18T14:32:23+00:00","dateModified":"2026-04-30T00:01:00+00:00","description":"XQ Max Saturn 120 Dartboard Beleuchtung \u2013 Professionelle LED-Dartbeleuchtung Die XQ Max Saturn 120 Dartboard Beleuchtung revolutioniert Ihr Dartspiel. Dieses ho","breadcrumb":{"@id":"https:\/\/schweizversand.ch\/en\/produkt\/xq-max-saturn-120-dartboard-beleuchtung\/#breadcrumb"},"inLanguage":"en-US","potentialAction":[{"@type":"ReadAction","target":["https:\/\/schweizversand.ch\/en\/produkt\/xq-max-saturn-120-dartboard-beleuchtung\/"]}]},{"@type":"ImageObject","inLanguage":"en-US","@id":"https:\/\/schweizversand.ch\/en\/produkt\/xq-max-saturn-120-dartboard-beleuchtung\/#primaryimage","url":"https:\/\/schweizversand.ch\/wp-content\/uploads\/2026\/03\/5520099954.jpg","contentUrl":"https:\/\/schweizversand.ch\/wp-content\/uploads\/2026\/03\/5520099954.jpg","width":1024,"height":879},{"@type":"BreadcrumbList","@id":"https:\/\/schweizversand.ch\/en\/produkt\/xq-max-saturn-120-dartboard-beleuchtung\/#breadcrumb","itemListElement":[{"@type":"ListItem","position":1,"name":"Startseite","item":"https:\/\/schweizversand.ch\/en\/"},{"@type":"ListItem","position":2,"name":"Shop","item":"https:\/\/schweizversand.ch\/en\/shop\/"},{"@type":"ListItem","position":3,"name":"Sports","item":"https:\/\/schweizversand.ch\/en\/produkt-kategorie\/sports\/"},{"@type":"ListItem","position":4,"name":"ball sports &amp; darts","item":"https:\/\/schweizversand.ch\/en\/produkt-kategorie\/sports\/ball-sports-darts\/"},{"@type":"ListItem","position":5,"name":"Darts","item":"https:\/\/schweizversand.ch\/en\/produkt-kategorie\/dart-2\/"},{"@type":"ListItem","position":6,"name":"XQ Max Saturn 120 Dartboard Lighting"}]},{"@type":"WebSite","@id":"https:\/\/schweizversand.ch\/en\/#website","url":"https:\/\/schweizversand.ch\/en\/","name":"Schweizer Shop f\u00fcr Sport, Spiel und Freizeit","description":"Gratisversand ab 50.- (netto), ab eigenem schweizer Lager, Lieferung innert 48h","publisher":{"@id":"https:\/\/schweizversand.ch\/en\/#organization"},"alternateName":"Schweizversand.ch","potentialAction":[{"@type":"SearchAction","target":{"@type":"EntryPoint","urlTemplate":"https:\/\/schweizversand.ch\/en\/?s={search_term_string}"},"query-input":{"@type":"PropertyValueSpecification","valueRequired":true,"valueName":"search_term_string"}}],"inLanguage":"en-US"},{"@type":"Organization","@id":"https:\/\/schweizversand.ch\/en\/#organization","name":"Schweizversand.ch","url":"https:\/\/schweizversand.ch\/en\/","logo":{"@type":"ImageObject","inLanguage":"en-US","@id":"https:\/\/schweizversand.ch\/en\/#\/schema\/logo\/image\/","url":"https:\/\/schweizversand.ch\/wp-content\/uploads\/2026\/03\/Logo_Rund_Final-1.png","contentUrl":"https:\/\/schweizversand.ch\/wp-content\/uploads\/2026\/03\/Logo_Rund_Final-1.png","width":404,"height":404,"caption":"Schweizversand.ch"},"image":{"@id":"https:\/\/schweizversand.ch\/en\/#\/schema\/logo\/image\/"},"sameAs":["https:\/\/www.facebook.com\/Schweizversand","https:\/\/www.instagram.com\/schweizversand.ch\/"]}]}},"jetpack_sharing_enabled":true,"_links":{"self":[{"href":"https:\/\/schweizversand.ch\/en\/wp-json\/wp\/v2\/product\/259110","targetHints":{"allow":["GET"]}}],"collection":[{"href":"https:\/\/schweizversand.ch\/en\/wp-json\/wp\/v2\/product"}],"about":[{"href":"https:\/\/schweizversand.ch\/en\/wp-json\/wp\/v2\/types\/product"}],"replies":[{"embeddable":true,"href":"https:\/\/schweizversand.ch\/en\/wp-json\/wp\/v2\/comments?post=259110"}],"wp:featuredmedia":[{"embeddable":true,"href":"https:\/\/schweizversand.ch\/en\/wp-json\/wp\/v2\/media\/257622"}],"wp:attachment":[{"href":"https:\/\/schweizversand.ch\/en\/wp-json\/wp\/v2\/media?parent=259110"}],"wp:term":[{"taxonomy":"product_brand","embeddable":true,"href":"https:\/\/schweizversand.ch\/en\/wp-json\/wp\/v2\/product_brand?post=259110"},{"taxonomy":"product_cat","embeddable":true,"href":"https:\/\/schweizversand.ch\/en\/wp-json\/wp\/v2\/product_cat?post=259110"},{"taxonomy":"product_tag","embeddable":true,"href":"https:\/\/schweizversand.ch\/en\/wp-json\/wp\/v2\/product_tag?post=259110"}],"curies":[{"name":"wp","href":"https:\/\/api.w.org\/{rel}","templated":true}]}}