{"id":259122,"date":"2026-03-14T23:49:07","date_gmt":"2026-03-14T22:49:07","guid":{"rendered":"https:\/\/schweizversand.ch\/produkt\/xq-max-dart-zubehoerset-84-tlg\/"},"modified":"2026-04-19T02:00:54","modified_gmt":"2026-04-19T00:00:54","slug":"xq-max-dart-zubehoerset-84-tlg","status":"publish","type":"product","link":"https:\/\/schweizversand.ch\/en\/produkt\/xq-max-dart-zubehoerset-84-tlg\/","title":{"rendered":"XQ Max Dart Accessory Set 84-piece"},"content":{"rendered":"<p>The 84-piece XQ Max darts accessory set includes:<\/p>\n<\/p>\n<p>\u2022 6 sets of nylon shafts<\/p>\n<\/p>\n<p>\u2022 6 sets of flights<\/p>\n<\/p>\n<p>\u2022 16 flight protectors<\/p>\n<\/p>\n<p>\u2022 32 O-rings<\/p>\n<\/p>\n<p>On the back of the set is a scoring chart to help you keep track of your score during a game.<\/p>\n<\/p>\n<p>The flights are available in various colors, allowing players to personalize their darts.<\/p>\n<\/p>\n<p>With this bullet accessory set, you&#8217;ll enjoy years of successful and stress-free play!<\/p>\n","protected":false},"excerpt":{"rendered":"<p>XQ Max Dart-Zubeh\u00f6rset 84-tlg. bietet 6 Nylonsch\u00e4fte, 6 Flights, 16 Flight Protectors und 32 O-Ringe f\u00fcr individuelle Gestaltung und langanhaltenden Spielspa\u00df.<\/p>\n","protected":false},"featured_media":157348,"comment_status":"open","ping_status":"closed","template":"","meta":[],"product_brand":[],"product_cat":[38502],"product_tag":[],"class_list":{"0":"post-259122","1":"product","2":"type-product","3":"status-publish","4":"has-post-thumbnail","6":"product_cat-dart-2","7":"product_shipping_class-global_methods","9":"first","10":"instock","11":"taxable","12":"shipping-taxable","13":"purchasable","14":"product-type-simple"},"yoast_head":"<!-- This site is optimized with the Yoast SEO plugin v27.4 - https:\/\/yoast.com\/product\/yoast-seo-wordpress\/ -->\n<title>XQ Max Dart-Zubeh\u00f6rset 84-tlg.<\/title>\n<meta name=\"description\" content=\"Das 84-teilige XQ Max Darts-Zubeh\u00f6rset enth\u00e4lt:\u00a0 \u00a0 \u2022 6 S\u00e4tze Nylonsch\u00e4fte\u00a0 \u00a0 \u2022 6 S\u00e4tze Flights\u00a0 \u00a0 \u2022 16 Flight Protectors\u00a0 \u00a0 \u2022 32 O-Ringe \u00a0 Auf der R\u00fcckseit\" \/>\n<meta name=\"robots\" content=\"index, follow, max-snippet:-1, max-image-preview:large, max-video-preview:-1\" \/>\n<link rel=\"canonical\" href=\"https:\/\/schweizversand.ch\/en\/produkt\/xq-max-dart-zubehoerset-84-tlg\/\" \/>\n<meta property=\"og:locale\" content=\"en_US\" \/>\n<meta property=\"og:type\" content=\"article\" \/>\n<meta property=\"og:title\" content=\"XQ Max Dart-Zubeh\u00f6rset 84-tlg.\" \/>\n<meta property=\"og:description\" content=\"Das 84-teilige XQ Max Darts-Zubeh\u00f6rset enth\u00e4lt:\u00a0 \u00a0 \u2022 6 S\u00e4tze Nylonsch\u00e4fte\u00a0 \u00a0 \u2022 6 S\u00e4tze Flights\u00a0 \u00a0 \u2022 16 Flight Protectors\u00a0 \u00a0 \u2022 32 O-Ringe \u00a0 Auf der R\u00fcckseit\" \/>\n<meta property=\"og:url\" content=\"https:\/\/schweizversand.ch\/en\/produkt\/xq-max-dart-zubehoerset-84-tlg\/\" \/>\n<meta property=\"og:site_name\" content=\"Schweizer Shop f\u00fcr Sport, Spiel und Freizeit\" \/>\n<meta property=\"article:publisher\" content=\"https:\/\/www.facebook.com\/Schweizversand\" \/>\n<meta property=\"article:modified_time\" content=\"2026-04-19T00:00:54+00:00\" \/>\n<meta property=\"og:image\" content=\"https:\/\/schweizversand.ch\/wp-content\/uploads\/2026\/02\/5471598652.jpg\" \/>\n\t<meta property=\"og:image:width\" content=\"1024\" \/>\n\t<meta property=\"og:image:height\" content=\"599\" \/>\n\t<meta property=\"og:image:type\" content=\"image\/jpeg\" \/>\n<meta name=\"twitter:card\" content=\"summary_large_image\" \/>\n<script type=\"application\/ld+json\" class=\"yoast-schema-graph\">{\"@context\":\"https:\\\/\\\/schema.org\",\"@graph\":[{\"@type\":\"WebPage\",\"@id\":\"https:\\\/\\\/schweizversand.ch\\\/en\\\/produkt\\\/xq-max-dart-zubehoerset-84-tlg\\\/\",\"url\":\"https:\\\/\\\/schweizversand.ch\\\/en\\\/produkt\\\/xq-max-dart-zubehoerset-84-tlg\\\/\",\"name\":\"XQ Max Dart-Zubeh\u00f6rset 84-tlg.\",\"isPartOf\":{\"@id\":\"https:\\\/\\\/schweizversand.ch\\\/en\\\/#website\"},\"primaryImageOfPage\":{\"@id\":\"https:\\\/\\\/schweizversand.ch\\\/en\\\/produkt\\\/xq-max-dart-zubehoerset-84-tlg\\\/#primaryimage\"},\"image\":{\"@id\":\"https:\\\/\\\/schweizversand.ch\\\/en\\\/produkt\\\/xq-max-dart-zubehoerset-84-tlg\\\/#primaryimage\"},\"thumbnailUrl\":\"https:\\\/\\\/schweizversand.ch\\\/wp-content\\\/uploads\\\/2026\\\/02\\\/5471598652.jpg\",\"datePublished\":\"2026-03-14T22:49:07+00:00\",\"dateModified\":\"2026-04-19T00:00:54+00:00\",\"description\":\"Das 84-teilige XQ Max Darts-Zubeh\u00f6rset enth\u00e4lt:\u00a0 \u00a0 \u2022 6 S\u00e4tze Nylonsch\u00e4fte\u00a0 \u00a0 \u2022 6 S\u00e4tze Flights\u00a0 \u00a0 \u2022 16 Flight Protectors\u00a0 \u00a0 \u2022 32 O-Ringe \u00a0 Auf der R\u00fcckseit\",\"breadcrumb\":{\"@id\":\"https:\\\/\\\/schweizversand.ch\\\/en\\\/produkt\\\/xq-max-dart-zubehoerset-84-tlg\\\/#breadcrumb\"},\"inLanguage\":\"en-US\",\"potentialAction\":[{\"@type\":\"ReadAction\",\"target\":[\"https:\\\/\\\/schweizversand.ch\\\/en\\\/produkt\\\/xq-max-dart-zubehoerset-84-tlg\\\/\"]}]},{\"@type\":\"ImageObject\",\"inLanguage\":\"en-US\",\"@id\":\"https:\\\/\\\/schweizversand.ch\\\/en\\\/produkt\\\/xq-max-dart-zubehoerset-84-tlg\\\/#primaryimage\",\"url\":\"https:\\\/\\\/schweizversand.ch\\\/wp-content\\\/uploads\\\/2026\\\/02\\\/5471598652.jpg\",\"contentUrl\":\"https:\\\/\\\/schweizversand.ch\\\/wp-content\\\/uploads\\\/2026\\\/02\\\/5471598652.jpg\",\"width\":1024,\"height\":599},{\"@type\":\"BreadcrumbList\",\"@id\":\"https:\\\/\\\/schweizversand.ch\\\/en\\\/produkt\\\/xq-max-dart-zubehoerset-84-tlg\\\/#breadcrumb\",\"itemListElement\":[{\"@type\":\"ListItem\",\"position\":1,\"name\":\"Startseite\",\"item\":\"https:\\\/\\\/schweizversand.ch\\\/en\\\/\"},{\"@type\":\"ListItem\",\"position\":2,\"name\":\"Shop\",\"item\":\"https:\\\/\\\/schweizversand.ch\\\/en\\\/shop\\\/\"},{\"@type\":\"ListItem\",\"position\":3,\"name\":\"Sports\",\"item\":\"https:\\\/\\\/schweizversand.ch\\\/en\\\/produkt-kategorie\\\/sports\\\/\"},{\"@type\":\"ListItem\",\"position\":4,\"name\":\"ball sports &amp; darts\",\"item\":\"https:\\\/\\\/schweizversand.ch\\\/en\\\/produkt-kategorie\\\/sports\\\/ball-sports-darts\\\/\"},{\"@type\":\"ListItem\",\"position\":5,\"name\":\"Darts\",\"item\":\"https:\\\/\\\/schweizversand.ch\\\/en\\\/produkt-kategorie\\\/dart-2\\\/\"},{\"@type\":\"ListItem\",\"position\":6,\"name\":\"XQ Max Dart Accessory Set 84-piece\"}]},{\"@type\":\"WebSite\",\"@id\":\"https:\\\/\\\/schweizversand.ch\\\/en\\\/#website\",\"url\":\"https:\\\/\\\/schweizversand.ch\\\/en\\\/\",\"name\":\"Schweizer Shop f\u00fcr Sport, Spiel und Freizeit\",\"description\":\"Gratisversand ab 50.- (netto), ab eigenem schweizer Lager, Lieferung innert 48h\",\"publisher\":{\"@id\":\"https:\\\/\\\/schweizversand.ch\\\/en\\\/#organization\"},\"alternateName\":\"Schweizversand.ch\",\"potentialAction\":[{\"@type\":\"SearchAction\",\"target\":{\"@type\":\"EntryPoint\",\"urlTemplate\":\"https:\\\/\\\/schweizversand.ch\\\/en\\\/?s={search_term_string}\"},\"query-input\":{\"@type\":\"PropertyValueSpecification\",\"valueRequired\":true,\"valueName\":\"search_term_string\"}}],\"inLanguage\":\"en-US\"},{\"@type\":\"Organization\",\"@id\":\"https:\\\/\\\/schweizversand.ch\\\/en\\\/#organization\",\"name\":\"Schweizversand.ch\",\"url\":\"https:\\\/\\\/schweizversand.ch\\\/en\\\/\",\"logo\":{\"@type\":\"ImageObject\",\"inLanguage\":\"en-US\",\"@id\":\"https:\\\/\\\/schweizversand.ch\\\/en\\\/#\\\/schema\\\/logo\\\/image\\\/\",\"url\":\"https:\\\/\\\/schweizversand.ch\\\/wp-content\\\/uploads\\\/2026\\\/03\\\/Logo_Rund_Final-1.png\",\"contentUrl\":\"https:\\\/\\\/schweizversand.ch\\\/wp-content\\\/uploads\\\/2026\\\/03\\\/Logo_Rund_Final-1.png\",\"width\":404,\"height\":404,\"caption\":\"Schweizversand.ch\"},\"image\":{\"@id\":\"https:\\\/\\\/schweizversand.ch\\\/en\\\/#\\\/schema\\\/logo\\\/image\\\/\"},\"sameAs\":[\"https:\\\/\\\/www.facebook.com\\\/Schweizversand\",\"https:\\\/\\\/www.instagram.com\\\/schweizversand.ch\\\/\"]}]}<\/script>\n<!-- \/ Yoast SEO plugin. -->","yoast_head_json":{"title":"XQ Max Dart-Zubeh\u00f6rset 84-tlg.","description":"Das 84-teilige XQ Max Darts-Zubeh\u00f6rset enth\u00e4lt:\u00a0 \u00a0 \u2022 6 S\u00e4tze Nylonsch\u00e4fte\u00a0 \u00a0 \u2022 6 S\u00e4tze Flights\u00a0 \u00a0 \u2022 16 Flight Protectors\u00a0 \u00a0 \u2022 32 O-Ringe \u00a0 Auf der R\u00fcckseit","robots":{"index":"index","follow":"follow","max-snippet":"max-snippet:-1","max-image-preview":"max-image-preview:large","max-video-preview":"max-video-preview:-1"},"canonical":"https:\/\/schweizversand.ch\/en\/produkt\/xq-max-dart-zubehoerset-84-tlg\/","og_locale":"en_US","og_type":"article","og_title":"XQ Max Dart-Zubeh\u00f6rset 84-tlg.","og_description":"Das 84-teilige XQ Max Darts-Zubeh\u00f6rset enth\u00e4lt:\u00a0 \u00a0 \u2022 6 S\u00e4tze Nylonsch\u00e4fte\u00a0 \u00a0 \u2022 6 S\u00e4tze Flights\u00a0 \u00a0 \u2022 16 Flight Protectors\u00a0 \u00a0 \u2022 32 O-Ringe \u00a0 Auf der R\u00fcckseit","og_url":"https:\/\/schweizversand.ch\/en\/produkt\/xq-max-dart-zubehoerset-84-tlg\/","og_site_name":"Schweizer Shop f\u00fcr Sport, Spiel und Freizeit","article_publisher":"https:\/\/www.facebook.com\/Schweizversand","article_modified_time":"2026-04-19T00:00:54+00:00","og_image":[{"width":1024,"height":599,"url":"https:\/\/schweizversand.ch\/wp-content\/uploads\/2026\/02\/5471598652.jpg","type":"image\/jpeg"}],"twitter_card":"summary_large_image","schema":{"@context":"https:\/\/schema.org","@graph":[{"@type":"WebPage","@id":"https:\/\/schweizversand.ch\/en\/produkt\/xq-max-dart-zubehoerset-84-tlg\/","url":"https:\/\/schweizversand.ch\/en\/produkt\/xq-max-dart-zubehoerset-84-tlg\/","name":"XQ Max Dart-Zubeh\u00f6rset 84-tlg.","isPartOf":{"@id":"https:\/\/schweizversand.ch\/en\/#website"},"primaryImageOfPage":{"@id":"https:\/\/schweizversand.ch\/en\/produkt\/xq-max-dart-zubehoerset-84-tlg\/#primaryimage"},"image":{"@id":"https:\/\/schweizversand.ch\/en\/produkt\/xq-max-dart-zubehoerset-84-tlg\/#primaryimage"},"thumbnailUrl":"https:\/\/schweizversand.ch\/wp-content\/uploads\/2026\/02\/5471598652.jpg","datePublished":"2026-03-14T22:49:07+00:00","dateModified":"2026-04-19T00:00:54+00:00","description":"Das 84-teilige XQ Max Darts-Zubeh\u00f6rset enth\u00e4lt:\u00a0 \u00a0 \u2022 6 S\u00e4tze Nylonsch\u00e4fte\u00a0 \u00a0 \u2022 6 S\u00e4tze Flights\u00a0 \u00a0 \u2022 16 Flight Protectors\u00a0 \u00a0 \u2022 32 O-Ringe \u00a0 Auf der R\u00fcckseit","breadcrumb":{"@id":"https:\/\/schweizversand.ch\/en\/produkt\/xq-max-dart-zubehoerset-84-tlg\/#breadcrumb"},"inLanguage":"en-US","potentialAction":[{"@type":"ReadAction","target":["https:\/\/schweizversand.ch\/en\/produkt\/xq-max-dart-zubehoerset-84-tlg\/"]}]},{"@type":"ImageObject","inLanguage":"en-US","@id":"https:\/\/schweizversand.ch\/en\/produkt\/xq-max-dart-zubehoerset-84-tlg\/#primaryimage","url":"https:\/\/schweizversand.ch\/wp-content\/uploads\/2026\/02\/5471598652.jpg","contentUrl":"https:\/\/schweizversand.ch\/wp-content\/uploads\/2026\/02\/5471598652.jpg","width":1024,"height":599},{"@type":"BreadcrumbList","@id":"https:\/\/schweizversand.ch\/en\/produkt\/xq-max-dart-zubehoerset-84-tlg\/#breadcrumb","itemListElement":[{"@type":"ListItem","position":1,"name":"Startseite","item":"https:\/\/schweizversand.ch\/en\/"},{"@type":"ListItem","position":2,"name":"Shop","item":"https:\/\/schweizversand.ch\/en\/shop\/"},{"@type":"ListItem","position":3,"name":"Sports","item":"https:\/\/schweizversand.ch\/en\/produkt-kategorie\/sports\/"},{"@type":"ListItem","position":4,"name":"ball sports &amp; darts","item":"https:\/\/schweizversand.ch\/en\/produkt-kategorie\/sports\/ball-sports-darts\/"},{"@type":"ListItem","position":5,"name":"Darts","item":"https:\/\/schweizversand.ch\/en\/produkt-kategorie\/dart-2\/"},{"@type":"ListItem","position":6,"name":"XQ Max Dart Accessory Set 84-piece"}]},{"@type":"WebSite","@id":"https:\/\/schweizversand.ch\/en\/#website","url":"https:\/\/schweizversand.ch\/en\/","name":"Schweizer Shop f\u00fcr Sport, Spiel und Freizeit","description":"Gratisversand ab 50.- (netto), ab eigenem schweizer Lager, Lieferung innert 48h","publisher":{"@id":"https:\/\/schweizversand.ch\/en\/#organization"},"alternateName":"Schweizversand.ch","potentialAction":[{"@type":"SearchAction","target":{"@type":"EntryPoint","urlTemplate":"https:\/\/schweizversand.ch\/en\/?s={search_term_string}"},"query-input":{"@type":"PropertyValueSpecification","valueRequired":true,"valueName":"search_term_string"}}],"inLanguage":"en-US"},{"@type":"Organization","@id":"https:\/\/schweizversand.ch\/en\/#organization","name":"Schweizversand.ch","url":"https:\/\/schweizversand.ch\/en\/","logo":{"@type":"ImageObject","inLanguage":"en-US","@id":"https:\/\/schweizversand.ch\/en\/#\/schema\/logo\/image\/","url":"https:\/\/schweizversand.ch\/wp-content\/uploads\/2026\/03\/Logo_Rund_Final-1.png","contentUrl":"https:\/\/schweizversand.ch\/wp-content\/uploads\/2026\/03\/Logo_Rund_Final-1.png","width":404,"height":404,"caption":"Schweizversand.ch"},"image":{"@id":"https:\/\/schweizversand.ch\/en\/#\/schema\/logo\/image\/"},"sameAs":["https:\/\/www.facebook.com\/Schweizversand","https:\/\/www.instagram.com\/schweizversand.ch\/"]}]}},"jetpack_sharing_enabled":true,"_links":{"self":[{"href":"https:\/\/schweizversand.ch\/en\/wp-json\/wp\/v2\/product\/259122","targetHints":{"allow":["GET"]}}],"collection":[{"href":"https:\/\/schweizversand.ch\/en\/wp-json\/wp\/v2\/product"}],"about":[{"href":"https:\/\/schweizversand.ch\/en\/wp-json\/wp\/v2\/types\/product"}],"replies":[{"embeddable":true,"href":"https:\/\/schweizversand.ch\/en\/wp-json\/wp\/v2\/comments?post=259122"}],"wp:featuredmedia":[{"embeddable":true,"href":"https:\/\/schweizversand.ch\/en\/wp-json\/wp\/v2\/media\/157348"}],"wp:attachment":[{"href":"https:\/\/schweizversand.ch\/en\/wp-json\/wp\/v2\/media?parent=259122"}],"wp:term":[{"taxonomy":"product_brand","embeddable":true,"href":"https:\/\/schweizversand.ch\/en\/wp-json\/wp\/v2\/product_brand?post=259122"},{"taxonomy":"product_cat","embeddable":true,"href":"https:\/\/schweizversand.ch\/en\/wp-json\/wp\/v2\/product_cat?post=259122"},{"taxonomy":"product_tag","embeddable":true,"href":"https:\/\/schweizversand.ch\/en\/wp-json\/wp\/v2\/product_tag?post=259122"}],"curies":[{"name":"wp","href":"https:\/\/api.w.org\/{rel}","templated":true}]}}