{"id":259126,"date":"2026-03-14T23:49:11","date_gmt":"2026-03-14T22:49:11","guid":{"rendered":"https:\/\/schweizversand.ch\/produkt\/xq-max-tischtennis-set-2-schlaeger-3-baelle\/"},"modified":"2026-04-19T02:00:55","modified_gmt":"2026-04-19T00:00:55","slug":"xq-max-tischtennis-set-2-schlaeger-3-baelle","status":"publish","type":"product","link":"https:\/\/schweizversand.ch\/en\/produkt\/xq-max-tischtennis-set-2-schlaeger-3-baelle\/","title":{"rendered":"XQ Max Table Tennis Set &#8211; 2 rackets, 3 balls"},"content":{"rendered":"<h1><strong>XQ Max Table Tennis Set \u2013 Complete Set for Immediate Fun<\/strong><\/h1>\n<div>With the <strong>XQ Max Table Tennis Set<\/strong>, you acquire the perfect equipment to start exciting matches right away. This comprehensive <strong>complete table tennis set<\/strong> is ideal for leisure and hobby use and guarantees quick fun, whether in the garden or indoors.<\/p>\n<\/div>\n<div><strong>Ready for a Match \u2013 Table Tennis Set for 2 Players<\/strong><br \/>This practical <strong>table tennis set for 2 players<\/strong> contains all the necessary components for immediate play. It is the ideal solution for families and friends who want to play a spontaneous match and offers excellent value for money.<\/p>\n<\/div>\n<div><strong>High-Quality Rackets and Balls<\/strong><br \/>The <strong>table tennis racket set<\/strong> includes two robust rackets and three balls. These rackets are specially designed for recreational players and offer a good balance between control and speed. The comfortable wooden handle ensures safe and pleasant handling.<\/p>\n<\/div>\n<div><strong>Product Details \u2013 Table Tennis Rackets and Balls<\/strong><br \/>&#8211; Table Tennis Set<\/strong> for two players<br \/>&#8211; 2 rackets with wooden handles<br \/>&#8211; 3 table tennis balls<br \/>&#8211; Racket material: wood and rubber<br \/>&#8211; Sponge thickness: 1 mm<br \/>&#8211; Rubber thickness: 1 mm<br \/>&#8211; Wood thickness: 6 mm<\/p>\n<\/div>\n<div>Secure this table tennis set<\/strong> today and experience unforgettable moments full of action and sporting challenge.<\/p>\n<\/div>\n<div><\/div>\n","protected":false},"excerpt":{"rendered":"<p>XQ Max Tischtennis Set \u2013 2 robuste Schl\u00e4ger und 3 B\u00e4lle f\u00fcr sofortigen Spielspa\u00df. Perfekt f\u00fcr Freizeit und Hobby, drinnen und drau\u00dfen. Jetzt direkt loslegen!<\/p>\n","protected":false},"featured_media":157446,"comment_status":"open","ping_status":"closed","template":"","meta":[],"product_brand":[],"product_cat":[38312,38412],"product_tag":[],"class_list":{"0":"post-259126","1":"product","2":"type-product","3":"status-publish","4":"has-post-thumbnail","6":"product_cat-tischtennis","8":"product_shipping_class-global_methods","10":"first","11":"instock","12":"taxable","13":"shipping-taxable","14":"purchasable","15":"product-type-simple"},"yoast_head":"<!-- This site is optimized with the Yoast SEO plugin v27.4 - https:\/\/yoast.com\/product\/yoast-seo-wordpress\/ -->\n<title>XQ Max Tischtennis Set - 2 Schl\u00e4ger, 3 B\u00e4lle<\/title>\n<meta name=\"description\" content=\"XQ Max Tischtennis-Set \u2013 Komplettset f\u00fcr den schnellen Spielspass Mit dem XQ Max Tischtennis-Set erwerben Sie die perfekte Ausr\u00fcstung, um sofort in spannende Du\" \/>\n<meta name=\"robots\" content=\"index, follow, max-snippet:-1, max-image-preview:large, max-video-preview:-1\" \/>\n<link rel=\"canonical\" href=\"https:\/\/schweizversand.ch\/en\/produkt\/xq-max-tischtennis-set-2-schlaeger-3-baelle\/\" \/>\n<meta property=\"og:locale\" content=\"en_US\" \/>\n<meta property=\"og:type\" content=\"article\" \/>\n<meta property=\"og:title\" content=\"XQ Max Tischtennis Set - 2 Schl\u00e4ger, 3 B\u00e4lle\" \/>\n<meta property=\"og:description\" content=\"XQ Max Tischtennis-Set \u2013 Komplettset f\u00fcr den schnellen Spielspass Mit dem XQ Max Tischtennis-Set erwerben Sie die perfekte Ausr\u00fcstung, um sofort in spannende Du\" \/>\n<meta property=\"og:url\" content=\"https:\/\/schweizversand.ch\/en\/produkt\/xq-max-tischtennis-set-2-schlaeger-3-baelle\/\" \/>\n<meta property=\"og:site_name\" content=\"Schweizer Shop f\u00fcr Sport, Spiel und Freizeit\" \/>\n<meta property=\"article:publisher\" content=\"https:\/\/www.facebook.com\/Schweizversand\" \/>\n<meta property=\"article:modified_time\" content=\"2026-04-19T00:00:55+00:00\" \/>\n<meta property=\"og:image\" content=\"https:\/\/schweizversand.ch\/wp-content\/uploads\/2026\/02\/5471890614.jpg\" \/>\n\t<meta property=\"og:image:width\" content=\"698\" \/>\n\t<meta property=\"og:image:height\" content=\"1024\" \/>\n\t<meta property=\"og:image:type\" content=\"image\/jpeg\" \/>\n<meta name=\"twitter:card\" content=\"summary_large_image\" \/>\n<meta name=\"twitter:label1\" content=\"Est. reading time\" \/>\n\t<meta name=\"twitter:data1\" content=\"1 minute\" \/>\n<script type=\"application\/ld+json\" class=\"yoast-schema-graph\">{\"@context\":\"https:\\\/\\\/schema.org\",\"@graph\":[{\"@type\":\"WebPage\",\"@id\":\"https:\\\/\\\/schweizversand.ch\\\/en\\\/produkt\\\/xq-max-tischtennis-set-2-schlaeger-3-baelle\\\/\",\"url\":\"https:\\\/\\\/schweizversand.ch\\\/en\\\/produkt\\\/xq-max-tischtennis-set-2-schlaeger-3-baelle\\\/\",\"name\":\"XQ Max Tischtennis Set - 2 Schl\u00e4ger, 3 B\u00e4lle\",\"isPartOf\":{\"@id\":\"https:\\\/\\\/schweizversand.ch\\\/en\\\/#website\"},\"primaryImageOfPage\":{\"@id\":\"https:\\\/\\\/schweizversand.ch\\\/en\\\/produkt\\\/xq-max-tischtennis-set-2-schlaeger-3-baelle\\\/#primaryimage\"},\"image\":{\"@id\":\"https:\\\/\\\/schweizversand.ch\\\/en\\\/produkt\\\/xq-max-tischtennis-set-2-schlaeger-3-baelle\\\/#primaryimage\"},\"thumbnailUrl\":\"https:\\\/\\\/schweizversand.ch\\\/wp-content\\\/uploads\\\/2026\\\/02\\\/5471890614.jpg\",\"datePublished\":\"2026-03-14T22:49:11+00:00\",\"dateModified\":\"2026-04-19T00:00:55+00:00\",\"description\":\"XQ Max Tischtennis-Set \u2013 Komplettset f\u00fcr den schnellen Spielspass Mit dem XQ Max Tischtennis-Set erwerben Sie die perfekte Ausr\u00fcstung, um sofort in spannende Du\",\"breadcrumb\":{\"@id\":\"https:\\\/\\\/schweizversand.ch\\\/en\\\/produkt\\\/xq-max-tischtennis-set-2-schlaeger-3-baelle\\\/#breadcrumb\"},\"inLanguage\":\"en-US\",\"potentialAction\":[{\"@type\":\"ReadAction\",\"target\":[\"https:\\\/\\\/schweizversand.ch\\\/en\\\/produkt\\\/xq-max-tischtennis-set-2-schlaeger-3-baelle\\\/\"]}]},{\"@type\":\"ImageObject\",\"inLanguage\":\"en-US\",\"@id\":\"https:\\\/\\\/schweizversand.ch\\\/en\\\/produkt\\\/xq-max-tischtennis-set-2-schlaeger-3-baelle\\\/#primaryimage\",\"url\":\"https:\\\/\\\/schweizversand.ch\\\/wp-content\\\/uploads\\\/2026\\\/02\\\/5471890614.jpg\",\"contentUrl\":\"https:\\\/\\\/schweizversand.ch\\\/wp-content\\\/uploads\\\/2026\\\/02\\\/5471890614.jpg\",\"width\":698,\"height\":1024},{\"@type\":\"BreadcrumbList\",\"@id\":\"https:\\\/\\\/schweizversand.ch\\\/en\\\/produkt\\\/xq-max-tischtennis-set-2-schlaeger-3-baelle\\\/#breadcrumb\",\"itemListElement\":[{\"@type\":\"ListItem\",\"position\":1,\"name\":\"Startseite\",\"item\":\"https:\\\/\\\/schweizversand.ch\\\/en\\\/\"},{\"@type\":\"ListItem\",\"position\":2,\"name\":\"Shop\",\"item\":\"https:\\\/\\\/schweizversand.ch\\\/en\\\/shop\\\/\"},{\"@type\":\"ListItem\",\"position\":3,\"name\":\"Sports\",\"item\":\"https:\\\/\\\/schweizversand.ch\\\/en\\\/produkt-kategorie\\\/sports\\\/\"},{\"@type\":\"ListItem\",\"position\":4,\"name\":\"ball sports &amp; darts\",\"item\":\"https:\\\/\\\/schweizversand.ch\\\/en\\\/produkt-kategorie\\\/sports\\\/ball-sports-darts\\\/\"},{\"@type\":\"ListItem\",\"position\":5,\"name\":\"Table tennis\",\"item\":\"https:\\\/\\\/schweizversand.ch\\\/en\\\/produkt-kategorie\\\/sports\\\/ball-sports-darts\\\/tischtennis\\\/\"},{\"@type\":\"ListItem\",\"position\":6,\"name\":\"XQ Max Table Tennis Set &#8211; 2 rackets, 3 balls\"}]},{\"@type\":\"WebSite\",\"@id\":\"https:\\\/\\\/schweizversand.ch\\\/en\\\/#website\",\"url\":\"https:\\\/\\\/schweizversand.ch\\\/en\\\/\",\"name\":\"Schweizer Shop f\u00fcr Sport, Spiel und Freizeit\",\"description\":\"Gratisversand ab 50.- (netto), ab eigenem schweizer Lager, Lieferung innert 48h\",\"publisher\":{\"@id\":\"https:\\\/\\\/schweizversand.ch\\\/en\\\/#organization\"},\"alternateName\":\"Schweizversand.ch\",\"potentialAction\":[{\"@type\":\"SearchAction\",\"target\":{\"@type\":\"EntryPoint\",\"urlTemplate\":\"https:\\\/\\\/schweizversand.ch\\\/en\\\/?s={search_term_string}\"},\"query-input\":{\"@type\":\"PropertyValueSpecification\",\"valueRequired\":true,\"valueName\":\"search_term_string\"}}],\"inLanguage\":\"en-US\"},{\"@type\":\"Organization\",\"@id\":\"https:\\\/\\\/schweizversand.ch\\\/en\\\/#organization\",\"name\":\"Schweizversand.ch\",\"url\":\"https:\\\/\\\/schweizversand.ch\\\/en\\\/\",\"logo\":{\"@type\":\"ImageObject\",\"inLanguage\":\"en-US\",\"@id\":\"https:\\\/\\\/schweizversand.ch\\\/en\\\/#\\\/schema\\\/logo\\\/image\\\/\",\"url\":\"https:\\\/\\\/schweizversand.ch\\\/wp-content\\\/uploads\\\/2026\\\/03\\\/Logo_Rund_Final-1.png\",\"contentUrl\":\"https:\\\/\\\/schweizversand.ch\\\/wp-content\\\/uploads\\\/2026\\\/03\\\/Logo_Rund_Final-1.png\",\"width\":404,\"height\":404,\"caption\":\"Schweizversand.ch\"},\"image\":{\"@id\":\"https:\\\/\\\/schweizversand.ch\\\/en\\\/#\\\/schema\\\/logo\\\/image\\\/\"},\"sameAs\":[\"https:\\\/\\\/www.facebook.com\\\/Schweizversand\",\"https:\\\/\\\/www.instagram.com\\\/schweizversand.ch\\\/\"]}]}<\/script>\n<!-- \/ Yoast SEO plugin. -->","yoast_head_json":{"title":"XQ Max Tischtennis Set - 2 Schl\u00e4ger, 3 B\u00e4lle","description":"XQ Max Tischtennis-Set \u2013 Komplettset f\u00fcr den schnellen Spielspass Mit dem XQ Max Tischtennis-Set erwerben Sie die perfekte Ausr\u00fcstung, um sofort in spannende Du","robots":{"index":"index","follow":"follow","max-snippet":"max-snippet:-1","max-image-preview":"max-image-preview:large","max-video-preview":"max-video-preview:-1"},"canonical":"https:\/\/schweizversand.ch\/en\/produkt\/xq-max-tischtennis-set-2-schlaeger-3-baelle\/","og_locale":"en_US","og_type":"article","og_title":"XQ Max Tischtennis Set - 2 Schl\u00e4ger, 3 B\u00e4lle","og_description":"XQ Max Tischtennis-Set \u2013 Komplettset f\u00fcr den schnellen Spielspass Mit dem XQ Max Tischtennis-Set erwerben Sie die perfekte Ausr\u00fcstung, um sofort in spannende Du","og_url":"https:\/\/schweizversand.ch\/en\/produkt\/xq-max-tischtennis-set-2-schlaeger-3-baelle\/","og_site_name":"Schweizer Shop f\u00fcr Sport, Spiel und Freizeit","article_publisher":"https:\/\/www.facebook.com\/Schweizversand","article_modified_time":"2026-04-19T00:00:55+00:00","og_image":[{"width":698,"height":1024,"url":"https:\/\/schweizversand.ch\/wp-content\/uploads\/2026\/02\/5471890614.jpg","type":"image\/jpeg"}],"twitter_card":"summary_large_image","twitter_misc":{"Est. reading time":"1 minute"},"schema":{"@context":"https:\/\/schema.org","@graph":[{"@type":"WebPage","@id":"https:\/\/schweizversand.ch\/en\/produkt\/xq-max-tischtennis-set-2-schlaeger-3-baelle\/","url":"https:\/\/schweizversand.ch\/en\/produkt\/xq-max-tischtennis-set-2-schlaeger-3-baelle\/","name":"XQ Max Tischtennis Set - 2 Schl\u00e4ger, 3 B\u00e4lle","isPartOf":{"@id":"https:\/\/schweizversand.ch\/en\/#website"},"primaryImageOfPage":{"@id":"https:\/\/schweizversand.ch\/en\/produkt\/xq-max-tischtennis-set-2-schlaeger-3-baelle\/#primaryimage"},"image":{"@id":"https:\/\/schweizversand.ch\/en\/produkt\/xq-max-tischtennis-set-2-schlaeger-3-baelle\/#primaryimage"},"thumbnailUrl":"https:\/\/schweizversand.ch\/wp-content\/uploads\/2026\/02\/5471890614.jpg","datePublished":"2026-03-14T22:49:11+00:00","dateModified":"2026-04-19T00:00:55+00:00","description":"XQ Max Tischtennis-Set \u2013 Komplettset f\u00fcr den schnellen Spielspass Mit dem XQ Max Tischtennis-Set erwerben Sie die perfekte Ausr\u00fcstung, um sofort in spannende Du","breadcrumb":{"@id":"https:\/\/schweizversand.ch\/en\/produkt\/xq-max-tischtennis-set-2-schlaeger-3-baelle\/#breadcrumb"},"inLanguage":"en-US","potentialAction":[{"@type":"ReadAction","target":["https:\/\/schweizversand.ch\/en\/produkt\/xq-max-tischtennis-set-2-schlaeger-3-baelle\/"]}]},{"@type":"ImageObject","inLanguage":"en-US","@id":"https:\/\/schweizversand.ch\/en\/produkt\/xq-max-tischtennis-set-2-schlaeger-3-baelle\/#primaryimage","url":"https:\/\/schweizversand.ch\/wp-content\/uploads\/2026\/02\/5471890614.jpg","contentUrl":"https:\/\/schweizversand.ch\/wp-content\/uploads\/2026\/02\/5471890614.jpg","width":698,"height":1024},{"@type":"BreadcrumbList","@id":"https:\/\/schweizversand.ch\/en\/produkt\/xq-max-tischtennis-set-2-schlaeger-3-baelle\/#breadcrumb","itemListElement":[{"@type":"ListItem","position":1,"name":"Startseite","item":"https:\/\/schweizversand.ch\/en\/"},{"@type":"ListItem","position":2,"name":"Shop","item":"https:\/\/schweizversand.ch\/en\/shop\/"},{"@type":"ListItem","position":3,"name":"Sports","item":"https:\/\/schweizversand.ch\/en\/produkt-kategorie\/sports\/"},{"@type":"ListItem","position":4,"name":"ball sports &amp; darts","item":"https:\/\/schweizversand.ch\/en\/produkt-kategorie\/sports\/ball-sports-darts\/"},{"@type":"ListItem","position":5,"name":"Table tennis","item":"https:\/\/schweizversand.ch\/en\/produkt-kategorie\/sports\/ball-sports-darts\/tischtennis\/"},{"@type":"ListItem","position":6,"name":"XQ Max Table Tennis Set &#8211; 2 rackets, 3 balls"}]},{"@type":"WebSite","@id":"https:\/\/schweizversand.ch\/en\/#website","url":"https:\/\/schweizversand.ch\/en\/","name":"Schweizer Shop f\u00fcr Sport, Spiel und Freizeit","description":"Gratisversand ab 50.- (netto), ab eigenem schweizer Lager, Lieferung innert 48h","publisher":{"@id":"https:\/\/schweizversand.ch\/en\/#organization"},"alternateName":"Schweizversand.ch","potentialAction":[{"@type":"SearchAction","target":{"@type":"EntryPoint","urlTemplate":"https:\/\/schweizversand.ch\/en\/?s={search_term_string}"},"query-input":{"@type":"PropertyValueSpecification","valueRequired":true,"valueName":"search_term_string"}}],"inLanguage":"en-US"},{"@type":"Organization","@id":"https:\/\/schweizversand.ch\/en\/#organization","name":"Schweizversand.ch","url":"https:\/\/schweizversand.ch\/en\/","logo":{"@type":"ImageObject","inLanguage":"en-US","@id":"https:\/\/schweizversand.ch\/en\/#\/schema\/logo\/image\/","url":"https:\/\/schweizversand.ch\/wp-content\/uploads\/2026\/03\/Logo_Rund_Final-1.png","contentUrl":"https:\/\/schweizversand.ch\/wp-content\/uploads\/2026\/03\/Logo_Rund_Final-1.png","width":404,"height":404,"caption":"Schweizversand.ch"},"image":{"@id":"https:\/\/schweizversand.ch\/en\/#\/schema\/logo\/image\/"},"sameAs":["https:\/\/www.facebook.com\/Schweizversand","https:\/\/www.instagram.com\/schweizversand.ch\/"]}]}},"jetpack_sharing_enabled":true,"_links":{"self":[{"href":"https:\/\/schweizversand.ch\/en\/wp-json\/wp\/v2\/product\/259126","targetHints":{"allow":["GET"]}}],"collection":[{"href":"https:\/\/schweizversand.ch\/en\/wp-json\/wp\/v2\/product"}],"about":[{"href":"https:\/\/schweizversand.ch\/en\/wp-json\/wp\/v2\/types\/product"}],"replies":[{"embeddable":true,"href":"https:\/\/schweizversand.ch\/en\/wp-json\/wp\/v2\/comments?post=259126"}],"wp:featuredmedia":[{"embeddable":true,"href":"https:\/\/schweizversand.ch\/en\/wp-json\/wp\/v2\/media\/157446"}],"wp:attachment":[{"href":"https:\/\/schweizversand.ch\/en\/wp-json\/wp\/v2\/media?parent=259126"}],"wp:term":[{"taxonomy":"product_brand","embeddable":true,"href":"https:\/\/schweizversand.ch\/en\/wp-json\/wp\/v2\/product_brand?post=259126"},{"taxonomy":"product_cat","embeddable":true,"href":"https:\/\/schweizversand.ch\/en\/wp-json\/wp\/v2\/product_cat?post=259126"},{"taxonomy":"product_tag","embeddable":true,"href":"https:\/\/schweizversand.ch\/en\/wp-json\/wp\/v2\/product_tag?post=259126"}],"curies":[{"name":"wp","href":"https:\/\/api.w.org\/{rel}","templated":true}]}}