{"id":259128,"date":"2026-03-14T23:49:11","date_gmt":"2026-03-14T22:49:11","guid":{"rendered":"https:\/\/schweizversand.ch\/produkt\/xq-max-fitnessmatte-2\/"},"modified":"2026-04-19T02:00:56","modified_gmt":"2026-04-19T00:00:56","slug":"xq-max-fitnessmatte-2","status":"publish","type":"product","link":"https:\/\/schweizversand.ch\/en\/produkt\/xq-max-fitnessmatte-2\/","title":{"rendered":"XQ Max Fitness Mat"},"content":{"rendered":"<h1><strong>Premium Fitness Mat 10 mm \u2013 Non-Slip and Comfortable<\/strong><\/h1>\n<div>Boost the effectiveness of your workout with this high-quality <strong>fitness mat<\/strong>, specially designed for maximum performance and comfort. This durable and thick mat provides a stable, non-slip surface for all your fitness exercises. A great <strong>yoga mat<\/strong> or <strong>Pilates mat<\/strong>, it will take your workout experience to the next level.<\/p>\n<\/div>\n<div><strong>Superior Comfort and Stability<\/strong><br \/>This <strong>thick fitness mat<\/strong> provides the security and comfort you need for proper posture and to protect your joints. At 10 mm thick, it effectively protects against hard floors and provides comfortable cushioning during intense workouts. It is ideal for everyone, from beginners to experienced yoga and Pilates enthusiasts, who value quality. High-quality material and hygiene: Made from robust EVA material, this exercise mat guarantees durability and high tensile strength. The double-sided foam construction is not only environmentally friendly but also antibacterial and antistatic. Thanks to its water- and dust-proof properties, the mat is extremely easy to clean and maintain, ensuring hygiene during everyday training. Product Features and Benefits: &#8211; Lightweight and durable for easy transport and a long lifespan &#8211; Non-slip training mat with excellent toughness for a secure grip on any surface &#8211; Double-sided foam, dustproof design, environmentally friendly and antibacterial &#8211; Provides additional support for floor exercises and relieves pressure on the spine &#8211; Water- and dustproof, very easy to clean. Technical Details and Scope of Delivery: &#8211; Material: EVA (ethylene vinyl acetate) &#8211; Thickness: 10 mm &#8211; Includes elastic carrying strap for convenient transport and storage. Invest in your health and your training. With this premium fitness mat, you&#8217;ll have a reliable base for all your exercises \u2013 order now and experience the difference in comfort and stability.<\/p>\n","protected":false},"excerpt":{"rendered":"<p>XQ Max Fitnessmatte bietet 10 mm Komfort und rutschfeste Stabilit\u00e4t f\u00fcr sicheres Training. Perfekt f\u00fcr Yoga, Pilates und intensive Workouts \u2013 langlebig und gelenkschonend.<\/p>\n","protected":false},"featured_media":157468,"comment_status":"open","ping_status":"closed","template":"","meta":[],"product_brand":[],"product_cat":[38597],"product_tag":[],"class_list":{"0":"post-259128","1":"product","2":"type-product","3":"status-publish","4":"has-post-thumbnail","6":"product_cat-fitnesskleingeraete-zubehoer","7":"product_shipping_class-global_methods","9":"first","10":"instock","11":"taxable","12":"shipping-taxable","13":"purchasable","14":"product-type-simple"},"yoast_head":"<!-- This site is optimized with the Yoast SEO plugin v27.4 - https:\/\/yoast.com\/product\/yoast-seo-wordpress\/ -->\n<title>XQ Max Fitnessmatte<\/title>\n<meta name=\"description\" content=\"Premium Fitnessmatte 10 mm \u2013 Rutschfest und Komfortabel Steigern Sie die Effektivit\u00e4t Ihres Trainings mit dieser hochwertigen Fitnessmatte , die speziell f\u00fcr ma\" \/>\n<meta name=\"robots\" content=\"index, follow, max-snippet:-1, max-image-preview:large, max-video-preview:-1\" \/>\n<link rel=\"canonical\" href=\"https:\/\/schweizversand.ch\/en\/produkt\/xq-max-fitnessmatte-2\/\" \/>\n<meta property=\"og:locale\" content=\"en_US\" \/>\n<meta property=\"og:type\" content=\"article\" \/>\n<meta property=\"og:title\" content=\"XQ Max Fitnessmatte\" \/>\n<meta property=\"og:description\" content=\"Premium Fitnessmatte 10 mm \u2013 Rutschfest und Komfortabel Steigern Sie die Effektivit\u00e4t Ihres Trainings mit dieser hochwertigen Fitnessmatte , die speziell f\u00fcr ma\" \/>\n<meta property=\"og:url\" content=\"https:\/\/schweizversand.ch\/en\/produkt\/xq-max-fitnessmatte-2\/\" \/>\n<meta property=\"og:site_name\" content=\"Schweizer Shop f\u00fcr Sport, Spiel und Freizeit\" \/>\n<meta property=\"article:publisher\" content=\"https:\/\/www.facebook.com\/Schweizversand\" \/>\n<meta property=\"article:modified_time\" content=\"2026-04-19T00:00:56+00:00\" \/>\n<meta property=\"og:image\" content=\"https:\/\/schweizversand.ch\/wp-content\/uploads\/2026\/02\/5471545393.jpg\" \/>\n\t<meta property=\"og:image:width\" content=\"886\" \/>\n\t<meta property=\"og:image:height\" content=\"1024\" \/>\n\t<meta property=\"og:image:type\" content=\"image\/jpeg\" \/>\n<meta name=\"twitter:card\" content=\"summary_large_image\" \/>\n<meta name=\"twitter:label1\" content=\"Est. reading time\" \/>\n\t<meta name=\"twitter:data1\" content=\"1 minute\" \/>\n<script type=\"application\/ld+json\" class=\"yoast-schema-graph\">{\"@context\":\"https:\\\/\\\/schema.org\",\"@graph\":[{\"@type\":\"WebPage\",\"@id\":\"https:\\\/\\\/schweizversand.ch\\\/en\\\/produkt\\\/xq-max-fitnessmatte-2\\\/\",\"url\":\"https:\\\/\\\/schweizversand.ch\\\/en\\\/produkt\\\/xq-max-fitnessmatte-2\\\/\",\"name\":\"XQ Max Fitnessmatte\",\"isPartOf\":{\"@id\":\"https:\\\/\\\/schweizversand.ch\\\/en\\\/#website\"},\"primaryImageOfPage\":{\"@id\":\"https:\\\/\\\/schweizversand.ch\\\/en\\\/produkt\\\/xq-max-fitnessmatte-2\\\/#primaryimage\"},\"image\":{\"@id\":\"https:\\\/\\\/schweizversand.ch\\\/en\\\/produkt\\\/xq-max-fitnessmatte-2\\\/#primaryimage\"},\"thumbnailUrl\":\"https:\\\/\\\/schweizversand.ch\\\/wp-content\\\/uploads\\\/2026\\\/02\\\/5471545393.jpg\",\"datePublished\":\"2026-03-14T22:49:11+00:00\",\"dateModified\":\"2026-04-19T00:00:56+00:00\",\"description\":\"Premium Fitnessmatte 10 mm \u2013 Rutschfest und Komfortabel Steigern Sie die Effektivit\u00e4t Ihres Trainings mit dieser hochwertigen Fitnessmatte , die speziell f\u00fcr ma\",\"breadcrumb\":{\"@id\":\"https:\\\/\\\/schweizversand.ch\\\/en\\\/produkt\\\/xq-max-fitnessmatte-2\\\/#breadcrumb\"},\"inLanguage\":\"en-US\",\"potentialAction\":[{\"@type\":\"ReadAction\",\"target\":[\"https:\\\/\\\/schweizversand.ch\\\/en\\\/produkt\\\/xq-max-fitnessmatte-2\\\/\"]}]},{\"@type\":\"ImageObject\",\"inLanguage\":\"en-US\",\"@id\":\"https:\\\/\\\/schweizversand.ch\\\/en\\\/produkt\\\/xq-max-fitnessmatte-2\\\/#primaryimage\",\"url\":\"https:\\\/\\\/schweizversand.ch\\\/wp-content\\\/uploads\\\/2026\\\/02\\\/5471545393.jpg\",\"contentUrl\":\"https:\\\/\\\/schweizversand.ch\\\/wp-content\\\/uploads\\\/2026\\\/02\\\/5471545393.jpg\",\"width\":886,\"height\":1024},{\"@type\":\"BreadcrumbList\",\"@id\":\"https:\\\/\\\/schweizversand.ch\\\/en\\\/produkt\\\/xq-max-fitnessmatte-2\\\/#breadcrumb\",\"itemListElement\":[{\"@type\":\"ListItem\",\"position\":1,\"name\":\"Startseite\",\"item\":\"https:\\\/\\\/schweizversand.ch\\\/en\\\/\"},{\"@type\":\"ListItem\",\"position\":2,\"name\":\"Shop\",\"item\":\"https:\\\/\\\/schweizversand.ch\\\/en\\\/shop\\\/\"},{\"@type\":\"ListItem\",\"position\":3,\"name\":\"Sports\",\"item\":\"https:\\\/\\\/schweizversand.ch\\\/en\\\/produkt-kategorie\\\/sports\\\/\"},{\"@type\":\"ListItem\",\"position\":4,\"name\":\"Fitness\",\"item\":\"https:\\\/\\\/schweizversand.ch\\\/en\\\/produkt-kategorie\\\/sports\\\/fitness\\\/\"},{\"@type\":\"ListItem\",\"position\":5,\"name\":\"Fitness Equipment &amp; Accessories\",\"item\":\"https:\\\/\\\/schweizversand.ch\\\/en\\\/produkt-kategorie\\\/sports\\\/fitness\\\/fitnesskleingeraete-zubehoer\\\/\"},{\"@type\":\"ListItem\",\"position\":6,\"name\":\"XQ Max Fitness Mat\"}]},{\"@type\":\"WebSite\",\"@id\":\"https:\\\/\\\/schweizversand.ch\\\/en\\\/#website\",\"url\":\"https:\\\/\\\/schweizversand.ch\\\/en\\\/\",\"name\":\"Schweizer Shop f\u00fcr Sport, Spiel und Freizeit\",\"description\":\"Gratisversand ab 50.- (netto), ab eigenem schweizer Lager, Lieferung innert 48h\",\"publisher\":{\"@id\":\"https:\\\/\\\/schweizversand.ch\\\/en\\\/#organization\"},\"alternateName\":\"Schweizversand.ch\",\"potentialAction\":[{\"@type\":\"SearchAction\",\"target\":{\"@type\":\"EntryPoint\",\"urlTemplate\":\"https:\\\/\\\/schweizversand.ch\\\/en\\\/?s={search_term_string}\"},\"query-input\":{\"@type\":\"PropertyValueSpecification\",\"valueRequired\":true,\"valueName\":\"search_term_string\"}}],\"inLanguage\":\"en-US\"},{\"@type\":\"Organization\",\"@id\":\"https:\\\/\\\/schweizversand.ch\\\/en\\\/#organization\",\"name\":\"Schweizversand.ch\",\"url\":\"https:\\\/\\\/schweizversand.ch\\\/en\\\/\",\"logo\":{\"@type\":\"ImageObject\",\"inLanguage\":\"en-US\",\"@id\":\"https:\\\/\\\/schweizversand.ch\\\/en\\\/#\\\/schema\\\/logo\\\/image\\\/\",\"url\":\"https:\\\/\\\/schweizversand.ch\\\/wp-content\\\/uploads\\\/2026\\\/03\\\/Logo_Rund_Final-1.png\",\"contentUrl\":\"https:\\\/\\\/schweizversand.ch\\\/wp-content\\\/uploads\\\/2026\\\/03\\\/Logo_Rund_Final-1.png\",\"width\":404,\"height\":404,\"caption\":\"Schweizversand.ch\"},\"image\":{\"@id\":\"https:\\\/\\\/schweizversand.ch\\\/en\\\/#\\\/schema\\\/logo\\\/image\\\/\"},\"sameAs\":[\"https:\\\/\\\/www.facebook.com\\\/Schweizversand\",\"https:\\\/\\\/www.instagram.com\\\/schweizversand.ch\\\/\"]}]}<\/script>\n<!-- \/ Yoast SEO plugin. -->","yoast_head_json":{"title":"XQ Max Fitnessmatte","description":"Premium Fitnessmatte 10 mm \u2013 Rutschfest und Komfortabel Steigern Sie die Effektivit\u00e4t Ihres Trainings mit dieser hochwertigen Fitnessmatte , die speziell f\u00fcr ma","robots":{"index":"index","follow":"follow","max-snippet":"max-snippet:-1","max-image-preview":"max-image-preview:large","max-video-preview":"max-video-preview:-1"},"canonical":"https:\/\/schweizversand.ch\/en\/produkt\/xq-max-fitnessmatte-2\/","og_locale":"en_US","og_type":"article","og_title":"XQ Max Fitnessmatte","og_description":"Premium Fitnessmatte 10 mm \u2013 Rutschfest und Komfortabel Steigern Sie die Effektivit\u00e4t Ihres Trainings mit dieser hochwertigen Fitnessmatte , die speziell f\u00fcr ma","og_url":"https:\/\/schweizversand.ch\/en\/produkt\/xq-max-fitnessmatte-2\/","og_site_name":"Schweizer Shop f\u00fcr Sport, Spiel und Freizeit","article_publisher":"https:\/\/www.facebook.com\/Schweizversand","article_modified_time":"2026-04-19T00:00:56+00:00","og_image":[{"width":886,"height":1024,"url":"https:\/\/schweizversand.ch\/wp-content\/uploads\/2026\/02\/5471545393.jpg","type":"image\/jpeg"}],"twitter_card":"summary_large_image","twitter_misc":{"Est. reading time":"1 minute"},"schema":{"@context":"https:\/\/schema.org","@graph":[{"@type":"WebPage","@id":"https:\/\/schweizversand.ch\/en\/produkt\/xq-max-fitnessmatte-2\/","url":"https:\/\/schweizversand.ch\/en\/produkt\/xq-max-fitnessmatte-2\/","name":"XQ Max Fitnessmatte","isPartOf":{"@id":"https:\/\/schweizversand.ch\/en\/#website"},"primaryImageOfPage":{"@id":"https:\/\/schweizversand.ch\/en\/produkt\/xq-max-fitnessmatte-2\/#primaryimage"},"image":{"@id":"https:\/\/schweizversand.ch\/en\/produkt\/xq-max-fitnessmatte-2\/#primaryimage"},"thumbnailUrl":"https:\/\/schweizversand.ch\/wp-content\/uploads\/2026\/02\/5471545393.jpg","datePublished":"2026-03-14T22:49:11+00:00","dateModified":"2026-04-19T00:00:56+00:00","description":"Premium Fitnessmatte 10 mm \u2013 Rutschfest und Komfortabel Steigern Sie die Effektivit\u00e4t Ihres Trainings mit dieser hochwertigen Fitnessmatte , die speziell f\u00fcr ma","breadcrumb":{"@id":"https:\/\/schweizversand.ch\/en\/produkt\/xq-max-fitnessmatte-2\/#breadcrumb"},"inLanguage":"en-US","potentialAction":[{"@type":"ReadAction","target":["https:\/\/schweizversand.ch\/en\/produkt\/xq-max-fitnessmatte-2\/"]}]},{"@type":"ImageObject","inLanguage":"en-US","@id":"https:\/\/schweizversand.ch\/en\/produkt\/xq-max-fitnessmatte-2\/#primaryimage","url":"https:\/\/schweizversand.ch\/wp-content\/uploads\/2026\/02\/5471545393.jpg","contentUrl":"https:\/\/schweizversand.ch\/wp-content\/uploads\/2026\/02\/5471545393.jpg","width":886,"height":1024},{"@type":"BreadcrumbList","@id":"https:\/\/schweizversand.ch\/en\/produkt\/xq-max-fitnessmatte-2\/#breadcrumb","itemListElement":[{"@type":"ListItem","position":1,"name":"Startseite","item":"https:\/\/schweizversand.ch\/en\/"},{"@type":"ListItem","position":2,"name":"Shop","item":"https:\/\/schweizversand.ch\/en\/shop\/"},{"@type":"ListItem","position":3,"name":"Sports","item":"https:\/\/schweizversand.ch\/en\/produkt-kategorie\/sports\/"},{"@type":"ListItem","position":4,"name":"Fitness","item":"https:\/\/schweizversand.ch\/en\/produkt-kategorie\/sports\/fitness\/"},{"@type":"ListItem","position":5,"name":"Fitness Equipment &amp; Accessories","item":"https:\/\/schweizversand.ch\/en\/produkt-kategorie\/sports\/fitness\/fitnesskleingeraete-zubehoer\/"},{"@type":"ListItem","position":6,"name":"XQ Max Fitness Mat"}]},{"@type":"WebSite","@id":"https:\/\/schweizversand.ch\/en\/#website","url":"https:\/\/schweizversand.ch\/en\/","name":"Schweizer Shop f\u00fcr Sport, Spiel und Freizeit","description":"Gratisversand ab 50.- (netto), ab eigenem schweizer Lager, Lieferung innert 48h","publisher":{"@id":"https:\/\/schweizversand.ch\/en\/#organization"},"alternateName":"Schweizversand.ch","potentialAction":[{"@type":"SearchAction","target":{"@type":"EntryPoint","urlTemplate":"https:\/\/schweizversand.ch\/en\/?s={search_term_string}"},"query-input":{"@type":"PropertyValueSpecification","valueRequired":true,"valueName":"search_term_string"}}],"inLanguage":"en-US"},{"@type":"Organization","@id":"https:\/\/schweizversand.ch\/en\/#organization","name":"Schweizversand.ch","url":"https:\/\/schweizversand.ch\/en\/","logo":{"@type":"ImageObject","inLanguage":"en-US","@id":"https:\/\/schweizversand.ch\/en\/#\/schema\/logo\/image\/","url":"https:\/\/schweizversand.ch\/wp-content\/uploads\/2026\/03\/Logo_Rund_Final-1.png","contentUrl":"https:\/\/schweizversand.ch\/wp-content\/uploads\/2026\/03\/Logo_Rund_Final-1.png","width":404,"height":404,"caption":"Schweizversand.ch"},"image":{"@id":"https:\/\/schweizversand.ch\/en\/#\/schema\/logo\/image\/"},"sameAs":["https:\/\/www.facebook.com\/Schweizversand","https:\/\/www.instagram.com\/schweizversand.ch\/"]}]}},"jetpack_sharing_enabled":true,"_links":{"self":[{"href":"https:\/\/schweizversand.ch\/en\/wp-json\/wp\/v2\/product\/259128","targetHints":{"allow":["GET"]}}],"collection":[{"href":"https:\/\/schweizversand.ch\/en\/wp-json\/wp\/v2\/product"}],"about":[{"href":"https:\/\/schweizversand.ch\/en\/wp-json\/wp\/v2\/types\/product"}],"replies":[{"embeddable":true,"href":"https:\/\/schweizversand.ch\/en\/wp-json\/wp\/v2\/comments?post=259128"}],"wp:featuredmedia":[{"embeddable":true,"href":"https:\/\/schweizversand.ch\/en\/wp-json\/wp\/v2\/media\/157468"}],"wp:attachment":[{"href":"https:\/\/schweizversand.ch\/en\/wp-json\/wp\/v2\/media?parent=259128"}],"wp:term":[{"taxonomy":"product_brand","embeddable":true,"href":"https:\/\/schweizversand.ch\/en\/wp-json\/wp\/v2\/product_brand?post=259128"},{"taxonomy":"product_cat","embeddable":true,"href":"https:\/\/schweizversand.ch\/en\/wp-json\/wp\/v2\/product_cat?post=259128"},{"taxonomy":"product_tag","embeddable":true,"href":"https:\/\/schweizversand.ch\/en\/wp-json\/wp\/v2\/product_tag?post=259128"}],"curies":[{"name":"wp","href":"https:\/\/api.w.org\/{rel}","templated":true}]}}