{"id":259132,"date":"2026-03-14T23:49:13","date_gmt":"2026-03-14T22:49:13","guid":{"rendered":"https:\/\/schweizversand.ch\/produkt\/ultra-fresh-nachfuellung-luftentfeuchter\/"},"modified":"2026-04-21T15:31:22","modified_gmt":"2026-04-21T13:31:22","slug":"ultra-fresh-nachfuellung-luftentfeuchter","status":"publish","type":"product","link":"https:\/\/schweizversand.ch\/en\/produkt\/ultra-fresh-nachfuellung-luftentfeuchter\/","title":{"rendered":"Ultra Fresh Refill Dehumidifier"},"content":{"rendered":"<h1><strong>Dehumidifier Refill Bags 3-Pack (400g)<\/strong><\/h1>\n<div>Say goodbye to excess moisture! This practical 3-pack of <strong>dehumidifier refill bags<\/strong> offers an effective solution to sustainably improve your indoor climate and prevent the formation of mold and musty odors.<\/p>\n<\/div>\n<div><strong>Maximum Dehumidification Performance<\/strong><br \/>Each bag contains 400g of highly effective <strong>dehumidifier granules<\/strong> that reliably bind moisture from the ambient air. This powerful 400g dehumidifier ensures a pleasant and healthy climate in all areas of your home. Your benefit: Protection against mold and odors. Regular use of this moisture absorber is essential to prevent damage from condensation. It effectively protects your valuables and rooms from rust, mildew, and musty odors. This is the ideal dehumidifier refill pack for basements, closets, garages, or RVs, where the risk of mold growth is particularly high. Product Features and Application: &#8211; Contents: 3 x 400g dehumidifier refill bags &#8211; High absorption capacity: Effectively binds excess moisture &#8211; Protective packaging: Each bag is additionally packaged in a PP protective bag (maximum shelf life) &#8211; Easy to use: Simply place the bag in the appropriate dehumidifier and start immediately. Compatibility: These refill bags are universally compatible and fit our models 760000020, 760000050, 760000060, and 760000070. Ensure long-lasting dehumidification with this set. Dry and fresh air in your rooms.<\/p>\n<\/div>\n<div>\n<\/div>\n","protected":false},"excerpt":{"rendered":"<p>Ultra Fresh Nachf\u00fcllung Luftentfeuchter sch\u00fctzt effektiv vor Feuchtigkeit, Schimmel und Ger\u00fcchen. 3er Set mit 400g Granulat f\u00fcr ein gesundes Raumklima.<\/p>\n","protected":false},"featured_media":157515,"comment_status":"open","ping_status":"closed","template":"","meta":[],"product_brand":[],"product_cat":[39080],"product_tag":[],"class_list":{"0":"post-259132","1":"product","2":"type-product","3":"status-publish","4":"has-post-thumbnail","6":"product_cat-raumklima","7":"product_shipping_class-global_methods","9":"first","10":"instock","11":"taxable","12":"shipping-taxable","13":"purchasable","14":"product-type-simple"},"yoast_head":"<!-- This site is optimized with the Yoast SEO plugin v27.4 - https:\/\/yoast.com\/product\/yoast-seo-wordpress\/ -->\n<title>Ultra Fresh Nachf\u00fcllung Luftentfeuchter<\/title>\n<meta name=\"description\" content=\"Luftentfeuchter Nachf\u00fcllbeutel 3er Set (400g) Sagen Sie \u00fcbersch\u00fcssiger Feuchtigkeit den Kampf an! Dieses praktische 3er Set Luftentfeuchter Nachf\u00fcllbeutel biete\" \/>\n<meta name=\"robots\" content=\"index, follow, max-snippet:-1, max-image-preview:large, max-video-preview:-1\" \/>\n<link rel=\"canonical\" href=\"https:\/\/schweizversand.ch\/en\/produkt\/ultra-fresh-nachfuellung-luftentfeuchter\/\" \/>\n<meta property=\"og:locale\" content=\"en_US\" \/>\n<meta property=\"og:type\" content=\"article\" \/>\n<meta property=\"og:title\" content=\"Ultra Fresh Nachf\u00fcllung Luftentfeuchter\" \/>\n<meta property=\"og:description\" content=\"Luftentfeuchter Nachf\u00fcllbeutel 3er Set (400g) Sagen Sie \u00fcbersch\u00fcssiger Feuchtigkeit den Kampf an! Dieses praktische 3er Set Luftentfeuchter Nachf\u00fcllbeutel biete\" \/>\n<meta property=\"og:url\" content=\"https:\/\/schweizversand.ch\/en\/produkt\/ultra-fresh-nachfuellung-luftentfeuchter\/\" \/>\n<meta property=\"og:site_name\" content=\"Schweizer Shop f\u00fcr Sport, Spiel und Freizeit\" \/>\n<meta property=\"article:publisher\" content=\"https:\/\/www.facebook.com\/Schweizversand\" \/>\n<meta property=\"article:modified_time\" content=\"2026-04-21T13:31:22+00:00\" \/>\n<meta property=\"og:image\" content=\"https:\/\/schweizversand.ch\/wp-content\/uploads\/2026\/02\/5471875428.jpg\" \/>\n\t<meta property=\"og:image:width\" content=\"1024\" \/>\n\t<meta property=\"og:image:height\" content=\"298\" \/>\n\t<meta property=\"og:image:type\" content=\"image\/jpeg\" \/>\n<meta name=\"twitter:card\" content=\"summary_large_image\" \/>\n<meta name=\"twitter:label1\" content=\"Est. reading time\" \/>\n\t<meta name=\"twitter:data1\" content=\"1 minute\" \/>\n<script type=\"application\/ld+json\" class=\"yoast-schema-graph\">{\"@context\":\"https:\\\/\\\/schema.org\",\"@graph\":[{\"@type\":\"WebPage\",\"@id\":\"https:\\\/\\\/schweizversand.ch\\\/en\\\/produkt\\\/ultra-fresh-nachfuellung-luftentfeuchter\\\/\",\"url\":\"https:\\\/\\\/schweizversand.ch\\\/en\\\/produkt\\\/ultra-fresh-nachfuellung-luftentfeuchter\\\/\",\"name\":\"Ultra Fresh Nachf\u00fcllung Luftentfeuchter\",\"isPartOf\":{\"@id\":\"https:\\\/\\\/schweizversand.ch\\\/en\\\/#website\"},\"primaryImageOfPage\":{\"@id\":\"https:\\\/\\\/schweizversand.ch\\\/en\\\/produkt\\\/ultra-fresh-nachfuellung-luftentfeuchter\\\/#primaryimage\"},\"image\":{\"@id\":\"https:\\\/\\\/schweizversand.ch\\\/en\\\/produkt\\\/ultra-fresh-nachfuellung-luftentfeuchter\\\/#primaryimage\"},\"thumbnailUrl\":\"https:\\\/\\\/schweizversand.ch\\\/wp-content\\\/uploads\\\/2026\\\/02\\\/5471875428.jpg\",\"datePublished\":\"2026-03-14T22:49:13+00:00\",\"dateModified\":\"2026-04-21T13:31:22+00:00\",\"description\":\"Luftentfeuchter Nachf\u00fcllbeutel 3er Set (400g) Sagen Sie \u00fcbersch\u00fcssiger Feuchtigkeit den Kampf an! Dieses praktische 3er Set Luftentfeuchter Nachf\u00fcllbeutel biete\",\"breadcrumb\":{\"@id\":\"https:\\\/\\\/schweizversand.ch\\\/en\\\/produkt\\\/ultra-fresh-nachfuellung-luftentfeuchter\\\/#breadcrumb\"},\"inLanguage\":\"en-US\",\"potentialAction\":[{\"@type\":\"ReadAction\",\"target\":[\"https:\\\/\\\/schweizversand.ch\\\/en\\\/produkt\\\/ultra-fresh-nachfuellung-luftentfeuchter\\\/\"]}]},{\"@type\":\"ImageObject\",\"inLanguage\":\"en-US\",\"@id\":\"https:\\\/\\\/schweizversand.ch\\\/en\\\/produkt\\\/ultra-fresh-nachfuellung-luftentfeuchter\\\/#primaryimage\",\"url\":\"https:\\\/\\\/schweizversand.ch\\\/wp-content\\\/uploads\\\/2026\\\/02\\\/5471875428.jpg\",\"contentUrl\":\"https:\\\/\\\/schweizversand.ch\\\/wp-content\\\/uploads\\\/2026\\\/02\\\/5471875428.jpg\",\"width\":1024,\"height\":298},{\"@type\":\"BreadcrumbList\",\"@id\":\"https:\\\/\\\/schweizversand.ch\\\/en\\\/produkt\\\/ultra-fresh-nachfuellung-luftentfeuchter\\\/#breadcrumb\",\"itemListElement\":[{\"@type\":\"ListItem\",\"position\":1,\"name\":\"Startseite\",\"item\":\"https:\\\/\\\/schweizversand.ch\\\/en\\\/\"},{\"@type\":\"ListItem\",\"position\":2,\"name\":\"Shop\",\"item\":\"https:\\\/\\\/schweizversand.ch\\\/en\\\/shop\\\/\"},{\"@type\":\"ListItem\",\"position\":3,\"name\":\"Household\",\"item\":\"https:\\\/\\\/schweizversand.ch\\\/en\\\/produkt-kategorie\\\/household\\\/\"},{\"@type\":\"ListItem\",\"position\":4,\"name\":\"Raumklima\",\"item\":\"https:\\\/\\\/schweizversand.ch\\\/en\\\/produkt-kategorie\\\/household\\\/raumklima\\\/\"},{\"@type\":\"ListItem\",\"position\":5,\"name\":\"Ultra Fresh Refill Dehumidifier\"}]},{\"@type\":\"WebSite\",\"@id\":\"https:\\\/\\\/schweizversand.ch\\\/en\\\/#website\",\"url\":\"https:\\\/\\\/schweizversand.ch\\\/en\\\/\",\"name\":\"Schweizer Shop f\u00fcr Sport, Spiel und Freizeit\",\"description\":\"Gratisversand ab 50.- (netto), ab eigenem schweizer Lager, Lieferung innert 48h\",\"publisher\":{\"@id\":\"https:\\\/\\\/schweizversand.ch\\\/en\\\/#organization\"},\"alternateName\":\"Schweizversand.ch\",\"potentialAction\":[{\"@type\":\"SearchAction\",\"target\":{\"@type\":\"EntryPoint\",\"urlTemplate\":\"https:\\\/\\\/schweizversand.ch\\\/en\\\/?s={search_term_string}\"},\"query-input\":{\"@type\":\"PropertyValueSpecification\",\"valueRequired\":true,\"valueName\":\"search_term_string\"}}],\"inLanguage\":\"en-US\"},{\"@type\":\"Organization\",\"@id\":\"https:\\\/\\\/schweizversand.ch\\\/en\\\/#organization\",\"name\":\"Schweizversand.ch\",\"url\":\"https:\\\/\\\/schweizversand.ch\\\/en\\\/\",\"logo\":{\"@type\":\"ImageObject\",\"inLanguage\":\"en-US\",\"@id\":\"https:\\\/\\\/schweizversand.ch\\\/en\\\/#\\\/schema\\\/logo\\\/image\\\/\",\"url\":\"https:\\\/\\\/schweizversand.ch\\\/wp-content\\\/uploads\\\/2026\\\/03\\\/Logo_Rund_Final-1.png\",\"contentUrl\":\"https:\\\/\\\/schweizversand.ch\\\/wp-content\\\/uploads\\\/2026\\\/03\\\/Logo_Rund_Final-1.png\",\"width\":404,\"height\":404,\"caption\":\"Schweizversand.ch\"},\"image\":{\"@id\":\"https:\\\/\\\/schweizversand.ch\\\/en\\\/#\\\/schema\\\/logo\\\/image\\\/\"},\"sameAs\":[\"https:\\\/\\\/www.facebook.com\\\/Schweizversand\",\"https:\\\/\\\/www.instagram.com\\\/schweizversand.ch\\\/\"]}]}<\/script>\n<!-- \/ Yoast SEO plugin. -->","yoast_head_json":{"title":"Ultra Fresh Nachf\u00fcllung Luftentfeuchter","description":"Luftentfeuchter Nachf\u00fcllbeutel 3er Set (400g) Sagen Sie \u00fcbersch\u00fcssiger Feuchtigkeit den Kampf an! Dieses praktische 3er Set Luftentfeuchter Nachf\u00fcllbeutel biete","robots":{"index":"index","follow":"follow","max-snippet":"max-snippet:-1","max-image-preview":"max-image-preview:large","max-video-preview":"max-video-preview:-1"},"canonical":"https:\/\/schweizversand.ch\/en\/produkt\/ultra-fresh-nachfuellung-luftentfeuchter\/","og_locale":"en_US","og_type":"article","og_title":"Ultra Fresh Nachf\u00fcllung Luftentfeuchter","og_description":"Luftentfeuchter Nachf\u00fcllbeutel 3er Set (400g) Sagen Sie \u00fcbersch\u00fcssiger Feuchtigkeit den Kampf an! Dieses praktische 3er Set Luftentfeuchter Nachf\u00fcllbeutel biete","og_url":"https:\/\/schweizversand.ch\/en\/produkt\/ultra-fresh-nachfuellung-luftentfeuchter\/","og_site_name":"Schweizer Shop f\u00fcr Sport, Spiel und Freizeit","article_publisher":"https:\/\/www.facebook.com\/Schweizversand","article_modified_time":"2026-04-21T13:31:22+00:00","og_image":[{"width":1024,"height":298,"url":"https:\/\/schweizversand.ch\/wp-content\/uploads\/2026\/02\/5471875428.jpg","type":"image\/jpeg"}],"twitter_card":"summary_large_image","twitter_misc":{"Est. reading time":"1 minute"},"schema":{"@context":"https:\/\/schema.org","@graph":[{"@type":"WebPage","@id":"https:\/\/schweizversand.ch\/en\/produkt\/ultra-fresh-nachfuellung-luftentfeuchter\/","url":"https:\/\/schweizversand.ch\/en\/produkt\/ultra-fresh-nachfuellung-luftentfeuchter\/","name":"Ultra Fresh Nachf\u00fcllung Luftentfeuchter","isPartOf":{"@id":"https:\/\/schweizversand.ch\/en\/#website"},"primaryImageOfPage":{"@id":"https:\/\/schweizversand.ch\/en\/produkt\/ultra-fresh-nachfuellung-luftentfeuchter\/#primaryimage"},"image":{"@id":"https:\/\/schweizversand.ch\/en\/produkt\/ultra-fresh-nachfuellung-luftentfeuchter\/#primaryimage"},"thumbnailUrl":"https:\/\/schweizversand.ch\/wp-content\/uploads\/2026\/02\/5471875428.jpg","datePublished":"2026-03-14T22:49:13+00:00","dateModified":"2026-04-21T13:31:22+00:00","description":"Luftentfeuchter Nachf\u00fcllbeutel 3er Set (400g) Sagen Sie \u00fcbersch\u00fcssiger Feuchtigkeit den Kampf an! Dieses praktische 3er Set Luftentfeuchter Nachf\u00fcllbeutel biete","breadcrumb":{"@id":"https:\/\/schweizversand.ch\/en\/produkt\/ultra-fresh-nachfuellung-luftentfeuchter\/#breadcrumb"},"inLanguage":"en-US","potentialAction":[{"@type":"ReadAction","target":["https:\/\/schweizversand.ch\/en\/produkt\/ultra-fresh-nachfuellung-luftentfeuchter\/"]}]},{"@type":"ImageObject","inLanguage":"en-US","@id":"https:\/\/schweizversand.ch\/en\/produkt\/ultra-fresh-nachfuellung-luftentfeuchter\/#primaryimage","url":"https:\/\/schweizversand.ch\/wp-content\/uploads\/2026\/02\/5471875428.jpg","contentUrl":"https:\/\/schweizversand.ch\/wp-content\/uploads\/2026\/02\/5471875428.jpg","width":1024,"height":298},{"@type":"BreadcrumbList","@id":"https:\/\/schweizversand.ch\/en\/produkt\/ultra-fresh-nachfuellung-luftentfeuchter\/#breadcrumb","itemListElement":[{"@type":"ListItem","position":1,"name":"Startseite","item":"https:\/\/schweizversand.ch\/en\/"},{"@type":"ListItem","position":2,"name":"Shop","item":"https:\/\/schweizversand.ch\/en\/shop\/"},{"@type":"ListItem","position":3,"name":"Household","item":"https:\/\/schweizversand.ch\/en\/produkt-kategorie\/household\/"},{"@type":"ListItem","position":4,"name":"Raumklima","item":"https:\/\/schweizversand.ch\/en\/produkt-kategorie\/household\/raumklima\/"},{"@type":"ListItem","position":5,"name":"Ultra Fresh Refill Dehumidifier"}]},{"@type":"WebSite","@id":"https:\/\/schweizversand.ch\/en\/#website","url":"https:\/\/schweizversand.ch\/en\/","name":"Schweizer Shop f\u00fcr Sport, Spiel und Freizeit","description":"Gratisversand ab 50.- (netto), ab eigenem schweizer Lager, Lieferung innert 48h","publisher":{"@id":"https:\/\/schweizversand.ch\/en\/#organization"},"alternateName":"Schweizversand.ch","potentialAction":[{"@type":"SearchAction","target":{"@type":"EntryPoint","urlTemplate":"https:\/\/schweizversand.ch\/en\/?s={search_term_string}"},"query-input":{"@type":"PropertyValueSpecification","valueRequired":true,"valueName":"search_term_string"}}],"inLanguage":"en-US"},{"@type":"Organization","@id":"https:\/\/schweizversand.ch\/en\/#organization","name":"Schweizversand.ch","url":"https:\/\/schweizversand.ch\/en\/","logo":{"@type":"ImageObject","inLanguage":"en-US","@id":"https:\/\/schweizversand.ch\/en\/#\/schema\/logo\/image\/","url":"https:\/\/schweizversand.ch\/wp-content\/uploads\/2026\/03\/Logo_Rund_Final-1.png","contentUrl":"https:\/\/schweizversand.ch\/wp-content\/uploads\/2026\/03\/Logo_Rund_Final-1.png","width":404,"height":404,"caption":"Schweizversand.ch"},"image":{"@id":"https:\/\/schweizversand.ch\/en\/#\/schema\/logo\/image\/"},"sameAs":["https:\/\/www.facebook.com\/Schweizversand","https:\/\/www.instagram.com\/schweizversand.ch\/"]}]}},"jetpack_sharing_enabled":true,"_links":{"self":[{"href":"https:\/\/schweizversand.ch\/en\/wp-json\/wp\/v2\/product\/259132","targetHints":{"allow":["GET"]}}],"collection":[{"href":"https:\/\/schweizversand.ch\/en\/wp-json\/wp\/v2\/product"}],"about":[{"href":"https:\/\/schweizversand.ch\/en\/wp-json\/wp\/v2\/types\/product"}],"replies":[{"embeddable":true,"href":"https:\/\/schweizversand.ch\/en\/wp-json\/wp\/v2\/comments?post=259132"}],"wp:featuredmedia":[{"embeddable":true,"href":"https:\/\/schweizversand.ch\/en\/wp-json\/wp\/v2\/media\/157515"}],"wp:attachment":[{"href":"https:\/\/schweizversand.ch\/en\/wp-json\/wp\/v2\/media?parent=259132"}],"wp:term":[{"taxonomy":"product_brand","embeddable":true,"href":"https:\/\/schweizversand.ch\/en\/wp-json\/wp\/v2\/product_brand?post=259132"},{"taxonomy":"product_cat","embeddable":true,"href":"https:\/\/schweizversand.ch\/en\/wp-json\/wp\/v2\/product_cat?post=259132"},{"taxonomy":"product_tag","embeddable":true,"href":"https:\/\/schweizversand.ch\/en\/wp-json\/wp\/v2\/product_tag?post=259132"}],"curies":[{"name":"wp","href":"https:\/\/api.w.org\/{rel}","templated":true}]}}