{"id":259140,"date":"2026-03-15T00:06:01","date_gmt":"2026-03-14T23:06:01","guid":{"rendered":"https:\/\/schweizversand.ch\/produkt\/umbro-yoga-fitnessmatte\/"},"modified":"2026-05-05T15:31:01","modified_gmt":"2026-05-05T13:31:01","slug":"umbro-yoga-fitnessmatte","status":"publish","type":"product","link":"https:\/\/schweizversand.ch\/en\/produkt\/umbro-yoga-fitnessmatte\/","title":{"rendered":"Umbro Yoga\/Fitness Mat"},"content":{"rendered":"<h1><strong>Premium Non-Slip Yoga Mat for Fitness and Pilates<\/strong><\/h1>\n<div>This versatile <strong>yoga mat<\/strong> is the ideal companion for all your floor exercises, whether you practice <strong>Pilates mat<\/strong>, gymnastics, or intense yoga asanas. It offers a perfect balance of comfort and stability to take your training to the next level. Secure the foundation for your safe and effective workout now.<\/p>\n<\/div>\n<div><strong>Comfort and Safety During Training<\/strong><br \/>The mat features a <strong>non-slip yoga mat<\/strong> surface and thick padding that reduces impact and protects your joints. The material&#8217;s excellent flexibility helps minimize pain upon contact with the floor, while its high tensile strength and toughness guarantee a long lifespan. This allows you to fully concentrate on your exercises.<\/p>\n<\/div>\n<div><strong>High-quality material and hygiene<\/strong><br \/>This <strong>fitness mat<\/strong> is made of double-sided foam material that is not only dustproof but also environmentally friendly and antibacterial. The special structure of the <strong>gymnastics mat<\/strong> prevents water absorption, making cleaning extremely easy and ensuring maximum hygiene. The material also offers high density and insulation, effectively protecting against cold and wet floors.<\/p>\n<\/div>\n<div><strong>Benefits at a glance<\/strong><br \/>&#8211; Ideal for yoga asanas, Pilates, and all types of floor exercise mats<\/strong><br \/>&#8211; Lightweight, compact, and easy to transport \u2013 perfect for home, office, or outdoor training<br \/>&#8211; Double-sided, dustproof foam material<br \/>&#8211; Excellent elasticity and non-slip surface<br \/>&#8211; Easy to clean and quick-drying<br \/>&#8211; Protects against cold and damp floors<\/p>\n<\/div>\n<div>Invest in this durable and comfortable yoga mat<\/strong> to sustainably improve the quality and safety of your daily workouts. Buy now and experience the difference with every exercise.<\/p>\n<\/div>\n<div>\n<\/div>\n","protected":false},"excerpt":{"rendered":"<p>Umbro Yoga-\/Fitnessmatte bietet rutschfesten Halt, extra Polsterung und hohe Flexibilit\u00e4t f\u00fcr sicheres, komfortables Training bei Yoga, Pilates und Gymnastik.<\/p>\n","protected":false},"featured_media":157994,"comment_status":"open","ping_status":"closed","template":"","meta":[],"product_brand":[],"product_cat":[38795],"product_tag":[],"class_list":{"0":"post-259140","1":"product","2":"type-product","3":"status-publish","4":"has-post-thumbnail","6":"product_cat-yoga-pilates","7":"product_shipping_class-global_methods","9":"first","10":"instock","11":"taxable","12":"shipping-taxable","13":"purchasable","14":"product-type-simple"},"yoast_head":"<!-- This site is optimized with the Yoast SEO plugin v27.5 - https:\/\/yoast.com\/product\/yoast-seo-wordpress\/ -->\n<title>Umbro Yoga-\/Fitnessmatte<\/title>\n<meta name=\"description\" content=\"Premium rutschfeste Yogamatte f\u00fcr Fitness und Pilates Diese vielseitige Yogamatte ist der ideale Begleiter f\u00fcr all Ihre Boden\u00fcbungen, egal ob Sie Pilates Matte\" \/>\n<meta name=\"robots\" content=\"index, follow, max-snippet:-1, max-image-preview:large, max-video-preview:-1\" \/>\n<link rel=\"canonical\" href=\"https:\/\/schweizversand.ch\/en\/produkt\/umbro-yoga-fitnessmatte\/\" \/>\n<meta property=\"og:locale\" content=\"en_US\" \/>\n<meta property=\"og:type\" content=\"article\" \/>\n<meta property=\"og:title\" content=\"Umbro Yoga-\/Fitnessmatte\" \/>\n<meta property=\"og:description\" content=\"Premium rutschfeste Yogamatte f\u00fcr Fitness und Pilates Diese vielseitige Yogamatte ist der ideale Begleiter f\u00fcr all Ihre Boden\u00fcbungen, egal ob Sie Pilates Matte\" \/>\n<meta property=\"og:url\" content=\"https:\/\/schweizversand.ch\/en\/produkt\/umbro-yoga-fitnessmatte\/\" \/>\n<meta property=\"og:site_name\" content=\"Schweizer Shop f\u00fcr Sport, Spiel und Freizeit\" \/>\n<meta property=\"article:publisher\" content=\"https:\/\/www.facebook.com\/Schweizversand\" \/>\n<meta property=\"article:modified_time\" content=\"2026-05-05T13:31:01+00:00\" \/>\n<meta property=\"og:image\" content=\"https:\/\/schweizversand.ch\/wp-content\/uploads\/2026\/02\/5471588156.jpg\" \/>\n\t<meta property=\"og:image:width\" content=\"1024\" \/>\n\t<meta property=\"og:image:height\" content=\"642\" \/>\n\t<meta property=\"og:image:type\" content=\"image\/jpeg\" \/>\n<meta name=\"twitter:card\" content=\"summary_large_image\" \/>\n<meta name=\"twitter:label1\" content=\"Est. reading time\" \/>\n\t<meta name=\"twitter:data1\" content=\"1 minute\" \/>\n<script type=\"application\/ld+json\" class=\"yoast-schema-graph\">{\"@context\":\"https:\\\/\\\/schema.org\",\"@graph\":[{\"@type\":\"WebPage\",\"@id\":\"https:\\\/\\\/schweizversand.ch\\\/en\\\/produkt\\\/umbro-yoga-fitnessmatte\\\/\",\"url\":\"https:\\\/\\\/schweizversand.ch\\\/en\\\/produkt\\\/umbro-yoga-fitnessmatte\\\/\",\"name\":\"Umbro Yoga-\\\/Fitnessmatte\",\"isPartOf\":{\"@id\":\"https:\\\/\\\/schweizversand.ch\\\/en\\\/#website\"},\"primaryImageOfPage\":{\"@id\":\"https:\\\/\\\/schweizversand.ch\\\/en\\\/produkt\\\/umbro-yoga-fitnessmatte\\\/#primaryimage\"},\"image\":{\"@id\":\"https:\\\/\\\/schweizversand.ch\\\/en\\\/produkt\\\/umbro-yoga-fitnessmatte\\\/#primaryimage\"},\"thumbnailUrl\":\"https:\\\/\\\/schweizversand.ch\\\/wp-content\\\/uploads\\\/2026\\\/02\\\/5471588156.jpg\",\"datePublished\":\"2026-03-14T23:06:01+00:00\",\"dateModified\":\"2026-05-05T13:31:01+00:00\",\"description\":\"Premium rutschfeste Yogamatte f\u00fcr Fitness und Pilates Diese vielseitige Yogamatte ist der ideale Begleiter f\u00fcr all Ihre Boden\u00fcbungen, egal ob Sie Pilates Matte\",\"breadcrumb\":{\"@id\":\"https:\\\/\\\/schweizversand.ch\\\/en\\\/produkt\\\/umbro-yoga-fitnessmatte\\\/#breadcrumb\"},\"inLanguage\":\"en-US\",\"potentialAction\":[{\"@type\":\"ReadAction\",\"target\":[\"https:\\\/\\\/schweizversand.ch\\\/en\\\/produkt\\\/umbro-yoga-fitnessmatte\\\/\"]}]},{\"@type\":\"ImageObject\",\"inLanguage\":\"en-US\",\"@id\":\"https:\\\/\\\/schweizversand.ch\\\/en\\\/produkt\\\/umbro-yoga-fitnessmatte\\\/#primaryimage\",\"url\":\"https:\\\/\\\/schweizversand.ch\\\/wp-content\\\/uploads\\\/2026\\\/02\\\/5471588156.jpg\",\"contentUrl\":\"https:\\\/\\\/schweizversand.ch\\\/wp-content\\\/uploads\\\/2026\\\/02\\\/5471588156.jpg\",\"width\":1024,\"height\":642},{\"@type\":\"BreadcrumbList\",\"@id\":\"https:\\\/\\\/schweizversand.ch\\\/en\\\/produkt\\\/umbro-yoga-fitnessmatte\\\/#breadcrumb\",\"itemListElement\":[{\"@type\":\"ListItem\",\"position\":1,\"name\":\"Startseite\",\"item\":\"https:\\\/\\\/schweizversand.ch\\\/en\\\/\"},{\"@type\":\"ListItem\",\"position\":2,\"name\":\"Shop\",\"item\":\"https:\\\/\\\/schweizversand.ch\\\/en\\\/shop\\\/\"},{\"@type\":\"ListItem\",\"position\":3,\"name\":\"Sports\",\"item\":\"https:\\\/\\\/schweizversand.ch\\\/en\\\/produkt-kategorie\\\/sports\\\/\"},{\"@type\":\"ListItem\",\"position\":4,\"name\":\"Fitness\",\"item\":\"https:\\\/\\\/schweizversand.ch\\\/en\\\/produkt-kategorie\\\/sports\\\/fitness\\\/\"},{\"@type\":\"ListItem\",\"position\":5,\"name\":\"Yoga &amp; Pilates\",\"item\":\"https:\\\/\\\/schweizversand.ch\\\/en\\\/produkt-kategorie\\\/sports\\\/fitness\\\/yoga-pilates\\\/\"},{\"@type\":\"ListItem\",\"position\":6,\"name\":\"Umbro Yoga\\\/Fitness Mat\"}]},{\"@type\":\"WebSite\",\"@id\":\"https:\\\/\\\/schweizversand.ch\\\/en\\\/#website\",\"url\":\"https:\\\/\\\/schweizversand.ch\\\/en\\\/\",\"name\":\"Schweizer Shop f\u00fcr Sport, Spiel und Freizeit\",\"description\":\"Gratisversand ab 50.- (netto), ab eigenem schweizer Lager, Lieferung innert 48h\",\"publisher\":{\"@id\":\"https:\\\/\\\/schweizversand.ch\\\/en\\\/#organization\"},\"alternateName\":\"Schweizversand.ch\",\"potentialAction\":[{\"@type\":\"SearchAction\",\"target\":{\"@type\":\"EntryPoint\",\"urlTemplate\":\"https:\\\/\\\/schweizversand.ch\\\/en\\\/?s={search_term_string}\"},\"query-input\":{\"@type\":\"PropertyValueSpecification\",\"valueRequired\":true,\"valueName\":\"search_term_string\"}}],\"inLanguage\":\"en-US\"},{\"@type\":\"Organization\",\"@id\":\"https:\\\/\\\/schweizversand.ch\\\/en\\\/#organization\",\"name\":\"Schweizversand.ch\",\"url\":\"https:\\\/\\\/schweizversand.ch\\\/en\\\/\",\"logo\":{\"@type\":\"ImageObject\",\"inLanguage\":\"en-US\",\"@id\":\"https:\\\/\\\/schweizversand.ch\\\/en\\\/#\\\/schema\\\/logo\\\/image\\\/\",\"url\":\"https:\\\/\\\/schweizversand.ch\\\/wp-content\\\/uploads\\\/2026\\\/03\\\/Logo_Rund_Final-1.png\",\"contentUrl\":\"https:\\\/\\\/schweizversand.ch\\\/wp-content\\\/uploads\\\/2026\\\/03\\\/Logo_Rund_Final-1.png\",\"width\":404,\"height\":404,\"caption\":\"Schweizversand.ch\"},\"image\":{\"@id\":\"https:\\\/\\\/schweizversand.ch\\\/en\\\/#\\\/schema\\\/logo\\\/image\\\/\"},\"sameAs\":[\"https:\\\/\\\/www.facebook.com\\\/Schweizversand\",\"https:\\\/\\\/www.instagram.com\\\/schweizversand.ch\\\/\"]}]}<\/script>\n<!-- \/ Yoast SEO plugin. -->","yoast_head_json":{"title":"Umbro Yoga-\/Fitnessmatte","description":"Premium rutschfeste Yogamatte f\u00fcr Fitness und Pilates Diese vielseitige Yogamatte ist der ideale Begleiter f\u00fcr all Ihre Boden\u00fcbungen, egal ob Sie Pilates Matte","robots":{"index":"index","follow":"follow","max-snippet":"max-snippet:-1","max-image-preview":"max-image-preview:large","max-video-preview":"max-video-preview:-1"},"canonical":"https:\/\/schweizversand.ch\/en\/produkt\/umbro-yoga-fitnessmatte\/","og_locale":"en_US","og_type":"article","og_title":"Umbro Yoga-\/Fitnessmatte","og_description":"Premium rutschfeste Yogamatte f\u00fcr Fitness und Pilates Diese vielseitige Yogamatte ist der ideale Begleiter f\u00fcr all Ihre Boden\u00fcbungen, egal ob Sie Pilates Matte","og_url":"https:\/\/schweizversand.ch\/en\/produkt\/umbro-yoga-fitnessmatte\/","og_site_name":"Schweizer Shop f\u00fcr Sport, Spiel und Freizeit","article_publisher":"https:\/\/www.facebook.com\/Schweizversand","article_modified_time":"2026-05-05T13:31:01+00:00","og_image":[{"width":1024,"height":642,"url":"https:\/\/schweizversand.ch\/wp-content\/uploads\/2026\/02\/5471588156.jpg","type":"image\/jpeg"}],"twitter_card":"summary_large_image","twitter_misc":{"Est. reading time":"1 minute"},"schema":{"@context":"https:\/\/schema.org","@graph":[{"@type":"WebPage","@id":"https:\/\/schweizversand.ch\/en\/produkt\/umbro-yoga-fitnessmatte\/","url":"https:\/\/schweizversand.ch\/en\/produkt\/umbro-yoga-fitnessmatte\/","name":"Umbro Yoga-\/Fitnessmatte","isPartOf":{"@id":"https:\/\/schweizversand.ch\/en\/#website"},"primaryImageOfPage":{"@id":"https:\/\/schweizversand.ch\/en\/produkt\/umbro-yoga-fitnessmatte\/#primaryimage"},"image":{"@id":"https:\/\/schweizversand.ch\/en\/produkt\/umbro-yoga-fitnessmatte\/#primaryimage"},"thumbnailUrl":"https:\/\/schweizversand.ch\/wp-content\/uploads\/2026\/02\/5471588156.jpg","datePublished":"2026-03-14T23:06:01+00:00","dateModified":"2026-05-05T13:31:01+00:00","description":"Premium rutschfeste Yogamatte f\u00fcr Fitness und Pilates Diese vielseitige Yogamatte ist der ideale Begleiter f\u00fcr all Ihre Boden\u00fcbungen, egal ob Sie Pilates Matte","breadcrumb":{"@id":"https:\/\/schweizversand.ch\/en\/produkt\/umbro-yoga-fitnessmatte\/#breadcrumb"},"inLanguage":"en-US","potentialAction":[{"@type":"ReadAction","target":["https:\/\/schweizversand.ch\/en\/produkt\/umbro-yoga-fitnessmatte\/"]}]},{"@type":"ImageObject","inLanguage":"en-US","@id":"https:\/\/schweizversand.ch\/en\/produkt\/umbro-yoga-fitnessmatte\/#primaryimage","url":"https:\/\/schweizversand.ch\/wp-content\/uploads\/2026\/02\/5471588156.jpg","contentUrl":"https:\/\/schweizversand.ch\/wp-content\/uploads\/2026\/02\/5471588156.jpg","width":1024,"height":642},{"@type":"BreadcrumbList","@id":"https:\/\/schweizversand.ch\/en\/produkt\/umbro-yoga-fitnessmatte\/#breadcrumb","itemListElement":[{"@type":"ListItem","position":1,"name":"Startseite","item":"https:\/\/schweizversand.ch\/en\/"},{"@type":"ListItem","position":2,"name":"Shop","item":"https:\/\/schweizversand.ch\/en\/shop\/"},{"@type":"ListItem","position":3,"name":"Sports","item":"https:\/\/schweizversand.ch\/en\/produkt-kategorie\/sports\/"},{"@type":"ListItem","position":4,"name":"Fitness","item":"https:\/\/schweizversand.ch\/en\/produkt-kategorie\/sports\/fitness\/"},{"@type":"ListItem","position":5,"name":"Yoga &amp; Pilates","item":"https:\/\/schweizversand.ch\/en\/produkt-kategorie\/sports\/fitness\/yoga-pilates\/"},{"@type":"ListItem","position":6,"name":"Umbro Yoga\/Fitness Mat"}]},{"@type":"WebSite","@id":"https:\/\/schweizversand.ch\/en\/#website","url":"https:\/\/schweizversand.ch\/en\/","name":"Schweizer Shop f\u00fcr Sport, Spiel und Freizeit","description":"Gratisversand ab 50.- (netto), ab eigenem schweizer Lager, Lieferung innert 48h","publisher":{"@id":"https:\/\/schweizversand.ch\/en\/#organization"},"alternateName":"Schweizversand.ch","potentialAction":[{"@type":"SearchAction","target":{"@type":"EntryPoint","urlTemplate":"https:\/\/schweizversand.ch\/en\/?s={search_term_string}"},"query-input":{"@type":"PropertyValueSpecification","valueRequired":true,"valueName":"search_term_string"}}],"inLanguage":"en-US"},{"@type":"Organization","@id":"https:\/\/schweizversand.ch\/en\/#organization","name":"Schweizversand.ch","url":"https:\/\/schweizversand.ch\/en\/","logo":{"@type":"ImageObject","inLanguage":"en-US","@id":"https:\/\/schweizversand.ch\/en\/#\/schema\/logo\/image\/","url":"https:\/\/schweizversand.ch\/wp-content\/uploads\/2026\/03\/Logo_Rund_Final-1.png","contentUrl":"https:\/\/schweizversand.ch\/wp-content\/uploads\/2026\/03\/Logo_Rund_Final-1.png","width":404,"height":404,"caption":"Schweizversand.ch"},"image":{"@id":"https:\/\/schweizversand.ch\/en\/#\/schema\/logo\/image\/"},"sameAs":["https:\/\/www.facebook.com\/Schweizversand","https:\/\/www.instagram.com\/schweizversand.ch\/"]}]}},"jetpack_sharing_enabled":true,"_links":{"self":[{"href":"https:\/\/schweizversand.ch\/en\/wp-json\/wp\/v2\/product\/259140","targetHints":{"allow":["GET"]}}],"collection":[{"href":"https:\/\/schweizversand.ch\/en\/wp-json\/wp\/v2\/product"}],"about":[{"href":"https:\/\/schweizversand.ch\/en\/wp-json\/wp\/v2\/types\/product"}],"replies":[{"embeddable":true,"href":"https:\/\/schweizversand.ch\/en\/wp-json\/wp\/v2\/comments?post=259140"}],"wp:featuredmedia":[{"embeddable":true,"href":"https:\/\/schweizversand.ch\/en\/wp-json\/wp\/v2\/media\/157994"}],"wp:attachment":[{"href":"https:\/\/schweizversand.ch\/en\/wp-json\/wp\/v2\/media?parent=259140"}],"wp:term":[{"taxonomy":"product_brand","embeddable":true,"href":"https:\/\/schweizversand.ch\/en\/wp-json\/wp\/v2\/product_brand?post=259140"},{"taxonomy":"product_cat","embeddable":true,"href":"https:\/\/schweizversand.ch\/en\/wp-json\/wp\/v2\/product_cat?post=259140"},{"taxonomy":"product_tag","embeddable":true,"href":"https:\/\/schweizversand.ch\/en\/wp-json\/wp\/v2\/product_tag?post=259140"}],"curies":[{"name":"wp","href":"https:\/\/api.w.org\/{rel}","templated":true}]}}