{"id":259143,"date":"2026-03-15T00:06:08","date_gmt":"2026-03-14T23:06:08","guid":{"rendered":"https:\/\/schweizversand.ch\/produkt\/waterzone-wasserspritzbaelle-9er-set\/"},"modified":"2026-04-19T02:01:04","modified_gmt":"2026-04-19T00:01:04","slug":"waterzone-wasserspritzbaelle-9er-set","status":"publish","type":"product","link":"https:\/\/schweizversand.ch\/en\/produkt\/waterzone-wasserspritzbaelle-9er-set\/","title":{"rendered":"Waterzone water spray balls set of 9"},"content":{"rendered":"<p>Perfect for summer and water activities: With Waterzone Splash Balls, children aged 3 and up will experience tons of splashing fun. The colorful balls in yellow, green, and red are made of soft microfiber and have a diameter of 6 cm \u2013 ideal for throwing, catching, and splashing.<\/p>\n<\/p>\n<p>Product Details:<\/p>\n<\/p>\n<p>\u2022 9 Splash Balls per set<\/p>\n<\/p>\n<p>\u2022 Colors: Yellow, Green, Red (mixed)<\/p>\n<\/p>\n<p>\u2022 Material: Soft microfiber<\/p>\n<\/p>\n<p>\u2022 Diameter: 6 cm<\/p>\n<\/p>\n<p>\u2022 Suitable for children aged 3 and up<\/p>\n<\/p>\n<p>Fun wherever you&#8217;re in the water<\/p>\n<\/p>\n<p>Whether at the beach, in the pool, or in the garden \u2013 these splash balls are lightweight, easy to handle, and guarantee refreshing moments.<\/p>\n<\/p>\n<p>Buy the Waterzone Splash Balls 9-piece set now and make this summer splashy!<\/p>\n","protected":false},"excerpt":{"rendered":"<p>Waterzone Wasserspritzb\u00e4lle 9er Set: Bunte, weiche Mikrofaserb\u00e4lle (6 cm) f\u00fcr spritzigen Sommer-Spa\u00df. Ideal zum Werfen, Fangen &amp; Planschen ab 3 Jahren. Jetzt entdecken!<\/p>\n","protected":false},"featured_media":158165,"comment_status":"open","ping_status":"closed","template":"","meta":[],"product_brand":[],"product_cat":[38315],"product_tag":[],"class_list":{"0":"post-259143","1":"product","2":"type-product","3":"status-publish","4":"has-post-thumbnail","6":"product_cat-wasserspielzeug","7":"product_shipping_class-global_methods","9":"first","10":"instock","11":"taxable","12":"shipping-taxable","13":"purchasable","14":"product-type-simple"},"yoast_head":"<!-- This site is optimized with the Yoast SEO plugin v27.4 - https:\/\/yoast.com\/product\/yoast-seo-wordpress\/ -->\n<title>Waterzone Wasserspritzb\u00e4lle 9er Set<\/title>\n<meta name=\"description\" content=\"Perfekt f\u00fcr den Sommer und Wasseraktivit\u00e4ten: Mit den Waterzone Spritzb\u00e4llen erleben Kinder ab 3 Jahren jede Menge spritzigen Spielspa\u00df. Die bunten B\u00e4lle in Gel\" \/>\n<meta name=\"robots\" content=\"index, follow, max-snippet:-1, max-image-preview:large, max-video-preview:-1\" \/>\n<link rel=\"canonical\" href=\"https:\/\/schweizversand.ch\/en\/produkt\/waterzone-wasserspritzbaelle-9er-set\/\" \/>\n<meta property=\"og:locale\" content=\"en_US\" \/>\n<meta property=\"og:type\" content=\"article\" \/>\n<meta property=\"og:title\" content=\"Waterzone Wasserspritzb\u00e4lle 9er Set\" \/>\n<meta property=\"og:description\" content=\"Perfekt f\u00fcr den Sommer und Wasseraktivit\u00e4ten: Mit den Waterzone Spritzb\u00e4llen erleben Kinder ab 3 Jahren jede Menge spritzigen Spielspa\u00df. Die bunten B\u00e4lle in Gel\" \/>\n<meta property=\"og:url\" content=\"https:\/\/schweizversand.ch\/en\/produkt\/waterzone-wasserspritzbaelle-9er-set\/\" \/>\n<meta property=\"og:site_name\" content=\"Schweizer Shop f\u00fcr Sport, Spiel und Freizeit\" \/>\n<meta property=\"article:publisher\" content=\"https:\/\/www.facebook.com\/Schweizversand\" \/>\n<meta property=\"article:modified_time\" content=\"2026-04-19T00:01:04+00:00\" \/>\n<meta property=\"og:image\" content=\"https:\/\/schweizversand.ch\/wp-content\/uploads\/2026\/02\/5471531272.jpg\" \/>\n\t<meta property=\"og:image:width\" content=\"989\" \/>\n\t<meta property=\"og:image:height\" content=\"1024\" \/>\n\t<meta property=\"og:image:type\" content=\"image\/jpeg\" \/>\n<meta name=\"twitter:card\" content=\"summary_large_image\" \/>\n<meta name=\"twitter:label1\" content=\"Est. reading time\" \/>\n\t<meta name=\"twitter:data1\" content=\"1 minute\" \/>\n<script type=\"application\/ld+json\" class=\"yoast-schema-graph\">{\"@context\":\"https:\\\/\\\/schema.org\",\"@graph\":[{\"@type\":\"WebPage\",\"@id\":\"https:\\\/\\\/schweizversand.ch\\\/en\\\/produkt\\\/waterzone-wasserspritzbaelle-9er-set\\\/\",\"url\":\"https:\\\/\\\/schweizversand.ch\\\/en\\\/produkt\\\/waterzone-wasserspritzbaelle-9er-set\\\/\",\"name\":\"Waterzone Wasserspritzb\u00e4lle 9er Set\",\"isPartOf\":{\"@id\":\"https:\\\/\\\/schweizversand.ch\\\/en\\\/#website\"},\"primaryImageOfPage\":{\"@id\":\"https:\\\/\\\/schweizversand.ch\\\/en\\\/produkt\\\/waterzone-wasserspritzbaelle-9er-set\\\/#primaryimage\"},\"image\":{\"@id\":\"https:\\\/\\\/schweizversand.ch\\\/en\\\/produkt\\\/waterzone-wasserspritzbaelle-9er-set\\\/#primaryimage\"},\"thumbnailUrl\":\"https:\\\/\\\/schweizversand.ch\\\/wp-content\\\/uploads\\\/2026\\\/02\\\/5471531272.jpg\",\"datePublished\":\"2026-03-14T23:06:08+00:00\",\"dateModified\":\"2026-04-19T00:01:04+00:00\",\"description\":\"Perfekt f\u00fcr den Sommer und Wasseraktivit\u00e4ten: Mit den Waterzone Spritzb\u00e4llen erleben Kinder ab 3 Jahren jede Menge spritzigen Spielspa\u00df. Die bunten B\u00e4lle in Gel\",\"breadcrumb\":{\"@id\":\"https:\\\/\\\/schweizversand.ch\\\/en\\\/produkt\\\/waterzone-wasserspritzbaelle-9er-set\\\/#breadcrumb\"},\"inLanguage\":\"en-US\",\"potentialAction\":[{\"@type\":\"ReadAction\",\"target\":[\"https:\\\/\\\/schweizversand.ch\\\/en\\\/produkt\\\/waterzone-wasserspritzbaelle-9er-set\\\/\"]}]},{\"@type\":\"ImageObject\",\"inLanguage\":\"en-US\",\"@id\":\"https:\\\/\\\/schweizversand.ch\\\/en\\\/produkt\\\/waterzone-wasserspritzbaelle-9er-set\\\/#primaryimage\",\"url\":\"https:\\\/\\\/schweizversand.ch\\\/wp-content\\\/uploads\\\/2026\\\/02\\\/5471531272.jpg\",\"contentUrl\":\"https:\\\/\\\/schweizversand.ch\\\/wp-content\\\/uploads\\\/2026\\\/02\\\/5471531272.jpg\",\"width\":989,\"height\":1024},{\"@type\":\"BreadcrumbList\",\"@id\":\"https:\\\/\\\/schweizversand.ch\\\/en\\\/produkt\\\/waterzone-wasserspritzbaelle-9er-set\\\/#breadcrumb\",\"itemListElement\":[{\"@type\":\"ListItem\",\"position\":1,\"name\":\"Startseite\",\"item\":\"https:\\\/\\\/schweizversand.ch\\\/en\\\/\"},{\"@type\":\"ListItem\",\"position\":2,\"name\":\"Shop\",\"item\":\"https:\\\/\\\/schweizversand.ch\\\/en\\\/shop\\\/\"},{\"@type\":\"ListItem\",\"position\":3,\"name\":\"Toys &amp; Games\",\"item\":\"https:\\\/\\\/schweizversand.ch\\\/en\\\/produkt-kategorie\\\/toys-games\\\/\"},{\"@type\":\"ListItem\",\"position\":4,\"name\":\"Outdoor Games\",\"item\":\"https:\\\/\\\/schweizversand.ch\\\/en\\\/produkt-kategorie\\\/toys-games\\\/outdoor-games\\\/\"},{\"@type\":\"ListItem\",\"position\":5,\"name\":\"Water Toys\",\"item\":\"https:\\\/\\\/schweizversand.ch\\\/en\\\/produkt-kategorie\\\/toys-games\\\/outdoor-games\\\/wasserspielzeug\\\/\"},{\"@type\":\"ListItem\",\"position\":6,\"name\":\"Waterzone water spray balls set of 9\"}]},{\"@type\":\"WebSite\",\"@id\":\"https:\\\/\\\/schweizversand.ch\\\/en\\\/#website\",\"url\":\"https:\\\/\\\/schweizversand.ch\\\/en\\\/\",\"name\":\"Schweizer Shop f\u00fcr Sport, Spiel und Freizeit\",\"description\":\"Gratisversand ab 50.- (netto), ab eigenem schweizer Lager, Lieferung innert 48h\",\"publisher\":{\"@id\":\"https:\\\/\\\/schweizversand.ch\\\/en\\\/#organization\"},\"alternateName\":\"Schweizversand.ch\",\"potentialAction\":[{\"@type\":\"SearchAction\",\"target\":{\"@type\":\"EntryPoint\",\"urlTemplate\":\"https:\\\/\\\/schweizversand.ch\\\/en\\\/?s={search_term_string}\"},\"query-input\":{\"@type\":\"PropertyValueSpecification\",\"valueRequired\":true,\"valueName\":\"search_term_string\"}}],\"inLanguage\":\"en-US\"},{\"@type\":\"Organization\",\"@id\":\"https:\\\/\\\/schweizversand.ch\\\/en\\\/#organization\",\"name\":\"Schweizversand.ch\",\"url\":\"https:\\\/\\\/schweizversand.ch\\\/en\\\/\",\"logo\":{\"@type\":\"ImageObject\",\"inLanguage\":\"en-US\",\"@id\":\"https:\\\/\\\/schweizversand.ch\\\/en\\\/#\\\/schema\\\/logo\\\/image\\\/\",\"url\":\"https:\\\/\\\/schweizversand.ch\\\/wp-content\\\/uploads\\\/2026\\\/03\\\/Logo_Rund_Final-1.png\",\"contentUrl\":\"https:\\\/\\\/schweizversand.ch\\\/wp-content\\\/uploads\\\/2026\\\/03\\\/Logo_Rund_Final-1.png\",\"width\":404,\"height\":404,\"caption\":\"Schweizversand.ch\"},\"image\":{\"@id\":\"https:\\\/\\\/schweizversand.ch\\\/en\\\/#\\\/schema\\\/logo\\\/image\\\/\"},\"sameAs\":[\"https:\\\/\\\/www.facebook.com\\\/Schweizversand\",\"https:\\\/\\\/www.instagram.com\\\/schweizversand.ch\\\/\"]}]}<\/script>\n<!-- \/ Yoast SEO plugin. -->","yoast_head_json":{"title":"Waterzone Wasserspritzb\u00e4lle 9er Set","description":"Perfekt f\u00fcr den Sommer und Wasseraktivit\u00e4ten: Mit den Waterzone Spritzb\u00e4llen erleben Kinder ab 3 Jahren jede Menge spritzigen Spielspa\u00df. Die bunten B\u00e4lle in Gel","robots":{"index":"index","follow":"follow","max-snippet":"max-snippet:-1","max-image-preview":"max-image-preview:large","max-video-preview":"max-video-preview:-1"},"canonical":"https:\/\/schweizversand.ch\/en\/produkt\/waterzone-wasserspritzbaelle-9er-set\/","og_locale":"en_US","og_type":"article","og_title":"Waterzone Wasserspritzb\u00e4lle 9er Set","og_description":"Perfekt f\u00fcr den Sommer und Wasseraktivit\u00e4ten: Mit den Waterzone Spritzb\u00e4llen erleben Kinder ab 3 Jahren jede Menge spritzigen Spielspa\u00df. Die bunten B\u00e4lle in Gel","og_url":"https:\/\/schweizversand.ch\/en\/produkt\/waterzone-wasserspritzbaelle-9er-set\/","og_site_name":"Schweizer Shop f\u00fcr Sport, Spiel und Freizeit","article_publisher":"https:\/\/www.facebook.com\/Schweizversand","article_modified_time":"2026-04-19T00:01:04+00:00","og_image":[{"width":989,"height":1024,"url":"https:\/\/schweizversand.ch\/wp-content\/uploads\/2026\/02\/5471531272.jpg","type":"image\/jpeg"}],"twitter_card":"summary_large_image","twitter_misc":{"Est. reading time":"1 minute"},"schema":{"@context":"https:\/\/schema.org","@graph":[{"@type":"WebPage","@id":"https:\/\/schweizversand.ch\/en\/produkt\/waterzone-wasserspritzbaelle-9er-set\/","url":"https:\/\/schweizversand.ch\/en\/produkt\/waterzone-wasserspritzbaelle-9er-set\/","name":"Waterzone Wasserspritzb\u00e4lle 9er Set","isPartOf":{"@id":"https:\/\/schweizversand.ch\/en\/#website"},"primaryImageOfPage":{"@id":"https:\/\/schweizversand.ch\/en\/produkt\/waterzone-wasserspritzbaelle-9er-set\/#primaryimage"},"image":{"@id":"https:\/\/schweizversand.ch\/en\/produkt\/waterzone-wasserspritzbaelle-9er-set\/#primaryimage"},"thumbnailUrl":"https:\/\/schweizversand.ch\/wp-content\/uploads\/2026\/02\/5471531272.jpg","datePublished":"2026-03-14T23:06:08+00:00","dateModified":"2026-04-19T00:01:04+00:00","description":"Perfekt f\u00fcr den Sommer und Wasseraktivit\u00e4ten: Mit den Waterzone Spritzb\u00e4llen erleben Kinder ab 3 Jahren jede Menge spritzigen Spielspa\u00df. Die bunten B\u00e4lle in Gel","breadcrumb":{"@id":"https:\/\/schweizversand.ch\/en\/produkt\/waterzone-wasserspritzbaelle-9er-set\/#breadcrumb"},"inLanguage":"en-US","potentialAction":[{"@type":"ReadAction","target":["https:\/\/schweizversand.ch\/en\/produkt\/waterzone-wasserspritzbaelle-9er-set\/"]}]},{"@type":"ImageObject","inLanguage":"en-US","@id":"https:\/\/schweizversand.ch\/en\/produkt\/waterzone-wasserspritzbaelle-9er-set\/#primaryimage","url":"https:\/\/schweizversand.ch\/wp-content\/uploads\/2026\/02\/5471531272.jpg","contentUrl":"https:\/\/schweizversand.ch\/wp-content\/uploads\/2026\/02\/5471531272.jpg","width":989,"height":1024},{"@type":"BreadcrumbList","@id":"https:\/\/schweizversand.ch\/en\/produkt\/waterzone-wasserspritzbaelle-9er-set\/#breadcrumb","itemListElement":[{"@type":"ListItem","position":1,"name":"Startseite","item":"https:\/\/schweizversand.ch\/en\/"},{"@type":"ListItem","position":2,"name":"Shop","item":"https:\/\/schweizversand.ch\/en\/shop\/"},{"@type":"ListItem","position":3,"name":"Toys &amp; Games","item":"https:\/\/schweizversand.ch\/en\/produkt-kategorie\/toys-games\/"},{"@type":"ListItem","position":4,"name":"Outdoor Games","item":"https:\/\/schweizversand.ch\/en\/produkt-kategorie\/toys-games\/outdoor-games\/"},{"@type":"ListItem","position":5,"name":"Water Toys","item":"https:\/\/schweizversand.ch\/en\/produkt-kategorie\/toys-games\/outdoor-games\/wasserspielzeug\/"},{"@type":"ListItem","position":6,"name":"Waterzone water spray balls set of 9"}]},{"@type":"WebSite","@id":"https:\/\/schweizversand.ch\/en\/#website","url":"https:\/\/schweizversand.ch\/en\/","name":"Schweizer Shop f\u00fcr Sport, Spiel und Freizeit","description":"Gratisversand ab 50.- (netto), ab eigenem schweizer Lager, Lieferung innert 48h","publisher":{"@id":"https:\/\/schweizversand.ch\/en\/#organization"},"alternateName":"Schweizversand.ch","potentialAction":[{"@type":"SearchAction","target":{"@type":"EntryPoint","urlTemplate":"https:\/\/schweizversand.ch\/en\/?s={search_term_string}"},"query-input":{"@type":"PropertyValueSpecification","valueRequired":true,"valueName":"search_term_string"}}],"inLanguage":"en-US"},{"@type":"Organization","@id":"https:\/\/schweizversand.ch\/en\/#organization","name":"Schweizversand.ch","url":"https:\/\/schweizversand.ch\/en\/","logo":{"@type":"ImageObject","inLanguage":"en-US","@id":"https:\/\/schweizversand.ch\/en\/#\/schema\/logo\/image\/","url":"https:\/\/schweizversand.ch\/wp-content\/uploads\/2026\/03\/Logo_Rund_Final-1.png","contentUrl":"https:\/\/schweizversand.ch\/wp-content\/uploads\/2026\/03\/Logo_Rund_Final-1.png","width":404,"height":404,"caption":"Schweizversand.ch"},"image":{"@id":"https:\/\/schweizversand.ch\/en\/#\/schema\/logo\/image\/"},"sameAs":["https:\/\/www.facebook.com\/Schweizversand","https:\/\/www.instagram.com\/schweizversand.ch\/"]}]}},"jetpack_sharing_enabled":true,"_links":{"self":[{"href":"https:\/\/schweizversand.ch\/en\/wp-json\/wp\/v2\/product\/259143","targetHints":{"allow":["GET"]}}],"collection":[{"href":"https:\/\/schweizversand.ch\/en\/wp-json\/wp\/v2\/product"}],"about":[{"href":"https:\/\/schweizversand.ch\/en\/wp-json\/wp\/v2\/types\/product"}],"replies":[{"embeddable":true,"href":"https:\/\/schweizversand.ch\/en\/wp-json\/wp\/v2\/comments?post=259143"}],"wp:featuredmedia":[{"embeddable":true,"href":"https:\/\/schweizversand.ch\/en\/wp-json\/wp\/v2\/media\/158165"}],"wp:attachment":[{"href":"https:\/\/schweizversand.ch\/en\/wp-json\/wp\/v2\/media?parent=259143"}],"wp:term":[{"taxonomy":"product_brand","embeddable":true,"href":"https:\/\/schweizversand.ch\/en\/wp-json\/wp\/v2\/product_brand?post=259143"},{"taxonomy":"product_cat","embeddable":true,"href":"https:\/\/schweizversand.ch\/en\/wp-json\/wp\/v2\/product_cat?post=259143"},{"taxonomy":"product_tag","embeddable":true,"href":"https:\/\/schweizversand.ch\/en\/wp-json\/wp\/v2\/product_tag?post=259143"}],"curies":[{"name":"wp","href":"https:\/\/api.w.org\/{rel}","templated":true}]}}