{"id":259150,"date":"2026-03-15T00:06:17","date_gmt":"2026-03-14T23:06:17","guid":{"rendered":"https:\/\/schweizversand.ch\/produkt\/xq-max-ellenbogenstuetze\/"},"modified":"2026-05-02T02:00:55","modified_gmt":"2026-05-02T00:00:55","slug":"xq-max-ellenbogenstuetze","status":"publish","type":"product","link":"https:\/\/schweizversand.ch\/en\/produkt\/xq-max-ellenbogenstuetze\/","title":{"rendered":"XQ Max Elbow Support"},"content":{"rendered":"<p>The one-size-fits-all elbow support is made from a blend of materials specifically selected to provide both support and comfort. Here are the details of the materials used:<\/p>\n<\/p>\n<p>\u2022 70% Wool: Wool is a natural material known for its softness and warmth. In the elbow support, wool ensures a comfortable feel while providing some elasticity for a good fit.<\/p>\n<\/p>\n<p>\u2022 20% Elastane: Elastane, also known as spandex, is a highly elastic synthetic material. It is used for its stretch and elasticity to ensure a snug and comfortable fit around the elbow.<\/p>\n<\/p>\n<p>\u2022 10% Polypropylene: Polypropylene is a durable synthetic material known for its resistance to moisture and abrasion. It is used for the durability and longevity of the elbow support, ensuring it retains its shape even with regular use.<\/p>\n","protected":false},"excerpt":{"rendered":"<p>XQ Max Ellenbogenst\u00fctze: w\u00e4rmend &amp; elastisch dank 70% Wolle, 20% Elastan; robust durch Polypropylen; bietet optimalen Halt, Komfort &amp; Langlebigkeit bei Bewegung und Alltag.<\/p>\n","protected":false},"featured_media":243063,"comment_status":"open","ping_status":"closed","template":"","meta":[],"product_brand":[],"product_cat":[38513],"product_tag":[],"class_list":{"0":"post-259150","1":"product","2":"type-product","3":"status-publish","4":"has-post-thumbnail","6":"product_cat-fitnessartikel","7":"product_shipping_class-global_methods","9":"first","10":"instock","11":"taxable","12":"shipping-taxable","13":"purchasable","14":"product-type-simple"},"yoast_head":"<!-- This site is optimized with the Yoast SEO plugin v27.5 - https:\/\/yoast.com\/product\/yoast-seo-wordpress\/ -->\n<title>XQ Max Ellenbogenst\u00fctze<\/title>\n<meta name=\"description\" content=\"Hierbei handelt es sich um Restware. Die Ellenbogenst\u00fctze ist ungebraucht und originalverpackt. Produktbeschreibung: Die Ellenbogenst\u00fctze in Einheitsgr\u00f6\u00dfe beste\" \/>\n<meta name=\"robots\" content=\"index, follow, max-snippet:-1, max-image-preview:large, max-video-preview:-1\" \/>\n<link rel=\"canonical\" href=\"https:\/\/schweizversand.ch\/en\/produkt\/xq-max-ellenbogenstuetze\/\" \/>\n<meta property=\"og:locale\" content=\"en_US\" \/>\n<meta property=\"og:type\" content=\"article\" \/>\n<meta property=\"og:title\" content=\"XQ Max Ellenbogenst\u00fctze\" \/>\n<meta property=\"og:description\" content=\"Hierbei handelt es sich um Restware. Die Ellenbogenst\u00fctze ist ungebraucht und originalverpackt. Produktbeschreibung: Die Ellenbogenst\u00fctze in Einheitsgr\u00f6\u00dfe beste\" \/>\n<meta property=\"og:url\" content=\"https:\/\/schweizversand.ch\/en\/produkt\/xq-max-ellenbogenstuetze\/\" \/>\n<meta property=\"og:site_name\" content=\"Schweizer Shop f\u00fcr Sport, Spiel und Freizeit\" \/>\n<meta property=\"article:publisher\" content=\"https:\/\/www.facebook.com\/Schweizversand\" \/>\n<meta property=\"article:modified_time\" content=\"2026-05-02T00:00:55+00:00\" \/>\n<meta property=\"og:image\" content=\"https:\/\/schweizversand.ch\/wp-content\/uploads\/2026\/03\/5473307875-scaled.jpg\" \/>\n\t<meta property=\"og:image:width\" content=\"1920\" \/>\n\t<meta property=\"og:image:height\" content=\"2560\" \/>\n\t<meta property=\"og:image:type\" content=\"image\/jpeg\" \/>\n<meta name=\"twitter:card\" content=\"summary_large_image\" \/>\n<meta name=\"twitter:label1\" content=\"Est. reading time\" \/>\n\t<meta name=\"twitter:data1\" content=\"1 minute\" \/>\n<script type=\"application\/ld+json\" class=\"yoast-schema-graph\">{\"@context\":\"https:\\\/\\\/schema.org\",\"@graph\":[{\"@type\":\"WebPage\",\"@id\":\"https:\\\/\\\/schweizversand.ch\\\/en\\\/produkt\\\/xq-max-ellenbogenstuetze\\\/\",\"url\":\"https:\\\/\\\/schweizversand.ch\\\/en\\\/produkt\\\/xq-max-ellenbogenstuetze\\\/\",\"name\":\"XQ Max Ellenbogenst\u00fctze\",\"isPartOf\":{\"@id\":\"https:\\\/\\\/schweizversand.ch\\\/en\\\/#website\"},\"primaryImageOfPage\":{\"@id\":\"https:\\\/\\\/schweizversand.ch\\\/en\\\/produkt\\\/xq-max-ellenbogenstuetze\\\/#primaryimage\"},\"image\":{\"@id\":\"https:\\\/\\\/schweizversand.ch\\\/en\\\/produkt\\\/xq-max-ellenbogenstuetze\\\/#primaryimage\"},\"thumbnailUrl\":\"https:\\\/\\\/schweizversand.ch\\\/wp-content\\\/uploads\\\/2026\\\/03\\\/5473307875-scaled.jpg\",\"datePublished\":\"2026-03-14T23:06:17+00:00\",\"dateModified\":\"2026-05-02T00:00:55+00:00\",\"description\":\"Hierbei handelt es sich um Restware. Die Ellenbogenst\u00fctze ist ungebraucht und originalverpackt. Produktbeschreibung: Die Ellenbogenst\u00fctze in Einheitsgr\u00f6\u00dfe beste\",\"breadcrumb\":{\"@id\":\"https:\\\/\\\/schweizversand.ch\\\/en\\\/produkt\\\/xq-max-ellenbogenstuetze\\\/#breadcrumb\"},\"inLanguage\":\"en-US\",\"potentialAction\":[{\"@type\":\"ReadAction\",\"target\":[\"https:\\\/\\\/schweizversand.ch\\\/en\\\/produkt\\\/xq-max-ellenbogenstuetze\\\/\"]}]},{\"@type\":\"ImageObject\",\"inLanguage\":\"en-US\",\"@id\":\"https:\\\/\\\/schweizversand.ch\\\/en\\\/produkt\\\/xq-max-ellenbogenstuetze\\\/#primaryimage\",\"url\":\"https:\\\/\\\/schweizversand.ch\\\/wp-content\\\/uploads\\\/2026\\\/03\\\/5473307875-scaled.jpg\",\"contentUrl\":\"https:\\\/\\\/schweizversand.ch\\\/wp-content\\\/uploads\\\/2026\\\/03\\\/5473307875-scaled.jpg\",\"width\":1920,\"height\":2560},{\"@type\":\"BreadcrumbList\",\"@id\":\"https:\\\/\\\/schweizversand.ch\\\/en\\\/produkt\\\/xq-max-ellenbogenstuetze\\\/#breadcrumb\",\"itemListElement\":[{\"@type\":\"ListItem\",\"position\":1,\"name\":\"Startseite\",\"item\":\"https:\\\/\\\/schweizversand.ch\\\/en\\\/\"},{\"@type\":\"ListItem\",\"position\":2,\"name\":\"Shop\",\"item\":\"https:\\\/\\\/schweizversand.ch\\\/en\\\/shop\\\/\"},{\"@type\":\"ListItem\",\"position\":3,\"name\":\"B-Grade Goods\",\"item\":\"https:\\\/\\\/schweizversand.ch\\\/en\\\/produkt-kategorie\\\/b-grade-goods\\\/\"},{\"@type\":\"ListItem\",\"position\":4,\"name\":\"Health\",\"item\":\"https:\\\/\\\/schweizversand.ch\\\/en\\\/produkt-kategorie\\\/b-grade-goods\\\/fitnessartikel\\\/\"},{\"@type\":\"ListItem\",\"position\":5,\"name\":\"XQ Max Elbow Support\"}]},{\"@type\":\"WebSite\",\"@id\":\"https:\\\/\\\/schweizversand.ch\\\/en\\\/#website\",\"url\":\"https:\\\/\\\/schweizversand.ch\\\/en\\\/\",\"name\":\"Schweizer Shop f\u00fcr Sport, Spiel und Freizeit\",\"description\":\"Gratisversand ab 50.- (netto), ab eigenem schweizer Lager, Lieferung innert 48h\",\"publisher\":{\"@id\":\"https:\\\/\\\/schweizversand.ch\\\/en\\\/#organization\"},\"alternateName\":\"Schweizversand.ch\",\"potentialAction\":[{\"@type\":\"SearchAction\",\"target\":{\"@type\":\"EntryPoint\",\"urlTemplate\":\"https:\\\/\\\/schweizversand.ch\\\/en\\\/?s={search_term_string}\"},\"query-input\":{\"@type\":\"PropertyValueSpecification\",\"valueRequired\":true,\"valueName\":\"search_term_string\"}}],\"inLanguage\":\"en-US\"},{\"@type\":\"Organization\",\"@id\":\"https:\\\/\\\/schweizversand.ch\\\/en\\\/#organization\",\"name\":\"Schweizversand.ch\",\"url\":\"https:\\\/\\\/schweizversand.ch\\\/en\\\/\",\"logo\":{\"@type\":\"ImageObject\",\"inLanguage\":\"en-US\",\"@id\":\"https:\\\/\\\/schweizversand.ch\\\/en\\\/#\\\/schema\\\/logo\\\/image\\\/\",\"url\":\"https:\\\/\\\/schweizversand.ch\\\/wp-content\\\/uploads\\\/2026\\\/03\\\/Logo_Rund_Final-1.png\",\"contentUrl\":\"https:\\\/\\\/schweizversand.ch\\\/wp-content\\\/uploads\\\/2026\\\/03\\\/Logo_Rund_Final-1.png\",\"width\":404,\"height\":404,\"caption\":\"Schweizversand.ch\"},\"image\":{\"@id\":\"https:\\\/\\\/schweizversand.ch\\\/en\\\/#\\\/schema\\\/logo\\\/image\\\/\"},\"sameAs\":[\"https:\\\/\\\/www.facebook.com\\\/Schweizversand\",\"https:\\\/\\\/www.instagram.com\\\/schweizversand.ch\\\/\"]}]}<\/script>\n<!-- \/ Yoast SEO plugin. -->","yoast_head_json":{"title":"XQ Max Ellenbogenst\u00fctze","description":"Hierbei handelt es sich um Restware. Die Ellenbogenst\u00fctze ist ungebraucht und originalverpackt. Produktbeschreibung: Die Ellenbogenst\u00fctze in Einheitsgr\u00f6\u00dfe beste","robots":{"index":"index","follow":"follow","max-snippet":"max-snippet:-1","max-image-preview":"max-image-preview:large","max-video-preview":"max-video-preview:-1"},"canonical":"https:\/\/schweizversand.ch\/en\/produkt\/xq-max-ellenbogenstuetze\/","og_locale":"en_US","og_type":"article","og_title":"XQ Max Ellenbogenst\u00fctze","og_description":"Hierbei handelt es sich um Restware. Die Ellenbogenst\u00fctze ist ungebraucht und originalverpackt. Produktbeschreibung: Die Ellenbogenst\u00fctze in Einheitsgr\u00f6\u00dfe beste","og_url":"https:\/\/schweizversand.ch\/en\/produkt\/xq-max-ellenbogenstuetze\/","og_site_name":"Schweizer Shop f\u00fcr Sport, Spiel und Freizeit","article_publisher":"https:\/\/www.facebook.com\/Schweizversand","article_modified_time":"2026-05-02T00:00:55+00:00","og_image":[{"width":1920,"height":2560,"url":"https:\/\/schweizversand.ch\/wp-content\/uploads\/2026\/03\/5473307875-scaled.jpg","type":"image\/jpeg"}],"twitter_card":"summary_large_image","twitter_misc":{"Est. reading time":"1 minute"},"schema":{"@context":"https:\/\/schema.org","@graph":[{"@type":"WebPage","@id":"https:\/\/schweizversand.ch\/en\/produkt\/xq-max-ellenbogenstuetze\/","url":"https:\/\/schweizversand.ch\/en\/produkt\/xq-max-ellenbogenstuetze\/","name":"XQ Max Ellenbogenst\u00fctze","isPartOf":{"@id":"https:\/\/schweizversand.ch\/en\/#website"},"primaryImageOfPage":{"@id":"https:\/\/schweizversand.ch\/en\/produkt\/xq-max-ellenbogenstuetze\/#primaryimage"},"image":{"@id":"https:\/\/schweizversand.ch\/en\/produkt\/xq-max-ellenbogenstuetze\/#primaryimage"},"thumbnailUrl":"https:\/\/schweizversand.ch\/wp-content\/uploads\/2026\/03\/5473307875-scaled.jpg","datePublished":"2026-03-14T23:06:17+00:00","dateModified":"2026-05-02T00:00:55+00:00","description":"Hierbei handelt es sich um Restware. Die Ellenbogenst\u00fctze ist ungebraucht und originalverpackt. Produktbeschreibung: Die Ellenbogenst\u00fctze in Einheitsgr\u00f6\u00dfe beste","breadcrumb":{"@id":"https:\/\/schweizversand.ch\/en\/produkt\/xq-max-ellenbogenstuetze\/#breadcrumb"},"inLanguage":"en-US","potentialAction":[{"@type":"ReadAction","target":["https:\/\/schweizversand.ch\/en\/produkt\/xq-max-ellenbogenstuetze\/"]}]},{"@type":"ImageObject","inLanguage":"en-US","@id":"https:\/\/schweizversand.ch\/en\/produkt\/xq-max-ellenbogenstuetze\/#primaryimage","url":"https:\/\/schweizversand.ch\/wp-content\/uploads\/2026\/03\/5473307875-scaled.jpg","contentUrl":"https:\/\/schweizversand.ch\/wp-content\/uploads\/2026\/03\/5473307875-scaled.jpg","width":1920,"height":2560},{"@type":"BreadcrumbList","@id":"https:\/\/schweizversand.ch\/en\/produkt\/xq-max-ellenbogenstuetze\/#breadcrumb","itemListElement":[{"@type":"ListItem","position":1,"name":"Startseite","item":"https:\/\/schweizversand.ch\/en\/"},{"@type":"ListItem","position":2,"name":"Shop","item":"https:\/\/schweizversand.ch\/en\/shop\/"},{"@type":"ListItem","position":3,"name":"B-Grade Goods","item":"https:\/\/schweizversand.ch\/en\/produkt-kategorie\/b-grade-goods\/"},{"@type":"ListItem","position":4,"name":"Health","item":"https:\/\/schweizversand.ch\/en\/produkt-kategorie\/b-grade-goods\/fitnessartikel\/"},{"@type":"ListItem","position":5,"name":"XQ Max Elbow Support"}]},{"@type":"WebSite","@id":"https:\/\/schweizversand.ch\/en\/#website","url":"https:\/\/schweizversand.ch\/en\/","name":"Schweizer Shop f\u00fcr Sport, Spiel und Freizeit","description":"Gratisversand ab 50.- (netto), ab eigenem schweizer Lager, Lieferung innert 48h","publisher":{"@id":"https:\/\/schweizversand.ch\/en\/#organization"},"alternateName":"Schweizversand.ch","potentialAction":[{"@type":"SearchAction","target":{"@type":"EntryPoint","urlTemplate":"https:\/\/schweizversand.ch\/en\/?s={search_term_string}"},"query-input":{"@type":"PropertyValueSpecification","valueRequired":true,"valueName":"search_term_string"}}],"inLanguage":"en-US"},{"@type":"Organization","@id":"https:\/\/schweizversand.ch\/en\/#organization","name":"Schweizversand.ch","url":"https:\/\/schweizversand.ch\/en\/","logo":{"@type":"ImageObject","inLanguage":"en-US","@id":"https:\/\/schweizversand.ch\/en\/#\/schema\/logo\/image\/","url":"https:\/\/schweizversand.ch\/wp-content\/uploads\/2026\/03\/Logo_Rund_Final-1.png","contentUrl":"https:\/\/schweizversand.ch\/wp-content\/uploads\/2026\/03\/Logo_Rund_Final-1.png","width":404,"height":404,"caption":"Schweizversand.ch"},"image":{"@id":"https:\/\/schweizversand.ch\/en\/#\/schema\/logo\/image\/"},"sameAs":["https:\/\/www.facebook.com\/Schweizversand","https:\/\/www.instagram.com\/schweizversand.ch\/"]}]}},"jetpack_sharing_enabled":true,"_links":{"self":[{"href":"https:\/\/schweizversand.ch\/en\/wp-json\/wp\/v2\/product\/259150","targetHints":{"allow":["GET"]}}],"collection":[{"href":"https:\/\/schweizversand.ch\/en\/wp-json\/wp\/v2\/product"}],"about":[{"href":"https:\/\/schweizversand.ch\/en\/wp-json\/wp\/v2\/types\/product"}],"replies":[{"embeddable":true,"href":"https:\/\/schweizversand.ch\/en\/wp-json\/wp\/v2\/comments?post=259150"}],"wp:featuredmedia":[{"embeddable":true,"href":"https:\/\/schweizversand.ch\/en\/wp-json\/wp\/v2\/media\/243063"}],"wp:attachment":[{"href":"https:\/\/schweizversand.ch\/en\/wp-json\/wp\/v2\/media?parent=259150"}],"wp:term":[{"taxonomy":"product_brand","embeddable":true,"href":"https:\/\/schweizversand.ch\/en\/wp-json\/wp\/v2\/product_brand?post=259150"},{"taxonomy":"product_cat","embeddable":true,"href":"https:\/\/schweizversand.ch\/en\/wp-json\/wp\/v2\/product_cat?post=259150"},{"taxonomy":"product_tag","embeddable":true,"href":"https:\/\/schweizversand.ch\/en\/wp-json\/wp\/v2\/product_tag?post=259150"}],"curies":[{"name":"wp","href":"https:\/\/api.w.org\/{rel}","templated":true}]}}