{"id":259159,"date":"2026-03-15T00:28:09","date_gmt":"2026-03-14T23:28:09","guid":{"rendered":"https:\/\/schweizversand.ch\/produkt\/trudi-plueschtier-schwan-xxs\/"},"modified":"2026-04-19T02:01:12","modified_gmt":"2026-04-19T00:01:12","slug":"trudi-plueschtier-schwan-xxs","status":"publish","type":"product","link":"https:\/\/schweizversand.ch\/en\/produkt\/trudi-plueschtier-schwan-xxs\/","title":{"rendered":"Trudi plush swan XXS"},"content":{"rendered":"<h1><strong>Trudi Sweet Collection XXS Plush Swan<\/strong><\/h1>\n<div>Discover the enchanting <strong>Trudi Plush Swan<\/strong> from the exclusive Sweet Collection. This <strong>mini plush toy<\/strong> is a small masterpiece of Italian design, captivating with its unparalleled softness and loving attention to detail. It&#8217;s the perfect, loyal companion for all ages.<\/p>\n<\/div>\n<div><strong>Premium Quality and Irresistible Design<\/strong><br \/>The Trudi Sweet Collection stands for the highest standards of materials and craftsmanship. This <strong>XXS cuddly toy<\/strong> is made from materials that combine to create an exceptionally soft and cuddly feel. The charming features and fine details make this swan a real eye-catcher and an ideal collector&#8217;s item.<\/p>\n<\/div>\n<div><strong>The ideal companion for babies and children<\/strong><br \/>Looking for a safe and lovable <strong>cuddly toy for babies<\/strong>? Little Trudi the Swan is suitable from birth (0 months) and offers comfort and security. Thanks to its compact size, it fits perfectly in little hands and is ideal for on the go, whether in the stroller, car, or while traveling. It will quickly become your child&#8217;s indispensable friend.<\/p>\n<\/div>\n<div><strong>Hygienic and easy to care for \u2013 Washable plush<\/strong><br \/>Hygiene is essential, especially for the smallest companions. This Trudi plush toy is designed to withstand the daily challenges. The <strong>washable plush<\/strong> allows for easy cleaning, so the swan always stays fresh and clean. This guarantees long-lasting enjoyment and safety.<\/p>\n<\/div>\n<div><strong>Care Instructions<\/strong><br \/>To ensure your <strong>Trudi Plush Toy<\/strong> retains its softness, please observe the following cleaning options:<br \/>&#8211; Machine wash at 30\u00b0C<br \/>&#8211; Hand wash with a sponge and mild soap<br \/>&#8211; Allow the plush toy to air dry completely<\/div>\n<div>&#8211; Dimensions: approx. 9 x 11 x 11 cm<br \/>&#8211; Size: XXS (approx. 11 cm)<br \/>&#8211; Weight: 19 g<br \/>&#8211; Recommended age: From 0 months<\/p>\n<\/div>\n<div>Secure this adorable swan from the <strong>Trudi Sweet Collection<\/strong>. It is the perfect gift idea for collectors, children, and anyone who wants to give a piece of fluffy joy.<\/p>\n<\/div>\n<div><\/div>\n","protected":false},"excerpt":{"rendered":"<p>Trudi Pl\u00fcschtier Schwan XXS \u00fcberzeugt mit italienischem Design, extraweichem Material und liebevollen Details \u2013 der perfekte Mini-Begleiter f\u00fcr Gro\u00df und Klein.<\/p>\n","protected":false},"featured_media":158467,"comment_status":"open","ping_status":"closed","template":"","meta":[],"product_brand":[],"product_cat":[38907,38706],"product_tag":[],"class_list":{"0":"post-259159","1":"product","2":"type-product","3":"status-publish","4":"has-post-thumbnail","6":"product_cat-plueschtier","8":"product_shipping_class-global_methods","10":"first","11":"instock","12":"taxable","13":"shipping-taxable","14":"purchasable","15":"product-type-simple"},"yoast_head":"<!-- This site is optimized with the Yoast SEO plugin v27.4 - https:\/\/yoast.com\/product\/yoast-seo-wordpress\/ -->\n<title>Trudi Pl\u00fcschtier Schwan XXS<\/title>\n<meta name=\"description\" content=\"Trudi Sweet Collection XXS Pl\u00fcschtier Schwan Entdecken Sie den zauberhaften Trudi Pl\u00fcschtier Schwan aus der exklusiven Sweet Collection. Dieses Mini Pl\u00fcschtier\" \/>\n<meta name=\"robots\" content=\"index, follow, max-snippet:-1, max-image-preview:large, max-video-preview:-1\" \/>\n<link rel=\"canonical\" href=\"https:\/\/schweizversand.ch\/en\/produkt\/trudi-plueschtier-schwan-xxs\/\" \/>\n<meta property=\"og:locale\" content=\"en_US\" \/>\n<meta property=\"og:type\" content=\"article\" \/>\n<meta property=\"og:title\" content=\"Trudi Pl\u00fcschtier Schwan XXS\" \/>\n<meta property=\"og:description\" content=\"Trudi Sweet Collection XXS Pl\u00fcschtier Schwan Entdecken Sie den zauberhaften Trudi Pl\u00fcschtier Schwan aus der exklusiven Sweet Collection. Dieses Mini Pl\u00fcschtier\" \/>\n<meta property=\"og:url\" content=\"https:\/\/schweizversand.ch\/en\/produkt\/trudi-plueschtier-schwan-xxs\/\" \/>\n<meta property=\"og:site_name\" content=\"Schweizer Shop f\u00fcr Sport, Spiel und Freizeit\" \/>\n<meta property=\"article:publisher\" content=\"https:\/\/www.facebook.com\/Schweizversand\" \/>\n<meta property=\"article:modified_time\" content=\"2026-04-19T00:01:12+00:00\" \/>\n<meta property=\"og:image\" content=\"https:\/\/schweizversand.ch\/wp-content\/uploads\/2026\/02\/5472103133.jpg\" \/>\n\t<meta property=\"og:image:width\" content=\"1024\" \/>\n\t<meta property=\"og:image:height\" content=\"929\" \/>\n\t<meta property=\"og:image:type\" content=\"image\/jpeg\" \/>\n<meta name=\"twitter:card\" content=\"summary_large_image\" \/>\n<meta name=\"twitter:label1\" content=\"Est. reading time\" \/>\n\t<meta name=\"twitter:data1\" content=\"1 minute\" \/>\n<script type=\"application\/ld+json\" class=\"yoast-schema-graph\">{\"@context\":\"https:\\\/\\\/schema.org\",\"@graph\":[{\"@type\":\"WebPage\",\"@id\":\"https:\\\/\\\/schweizversand.ch\\\/en\\\/produkt\\\/trudi-plueschtier-schwan-xxs\\\/\",\"url\":\"https:\\\/\\\/schweizversand.ch\\\/en\\\/produkt\\\/trudi-plueschtier-schwan-xxs\\\/\",\"name\":\"Trudi Pl\u00fcschtier Schwan XXS\",\"isPartOf\":{\"@id\":\"https:\\\/\\\/schweizversand.ch\\\/en\\\/#website\"},\"primaryImageOfPage\":{\"@id\":\"https:\\\/\\\/schweizversand.ch\\\/en\\\/produkt\\\/trudi-plueschtier-schwan-xxs\\\/#primaryimage\"},\"image\":{\"@id\":\"https:\\\/\\\/schweizversand.ch\\\/en\\\/produkt\\\/trudi-plueschtier-schwan-xxs\\\/#primaryimage\"},\"thumbnailUrl\":\"https:\\\/\\\/schweizversand.ch\\\/wp-content\\\/uploads\\\/2026\\\/02\\\/5472103133.jpg\",\"datePublished\":\"2026-03-14T23:28:09+00:00\",\"dateModified\":\"2026-04-19T00:01:12+00:00\",\"description\":\"Trudi Sweet Collection XXS Pl\u00fcschtier Schwan Entdecken Sie den zauberhaften Trudi Pl\u00fcschtier Schwan aus der exklusiven Sweet Collection. Dieses Mini Pl\u00fcschtier\",\"breadcrumb\":{\"@id\":\"https:\\\/\\\/schweizversand.ch\\\/en\\\/produkt\\\/trudi-plueschtier-schwan-xxs\\\/#breadcrumb\"},\"inLanguage\":\"en-US\",\"potentialAction\":[{\"@type\":\"ReadAction\",\"target\":[\"https:\\\/\\\/schweizversand.ch\\\/en\\\/produkt\\\/trudi-plueschtier-schwan-xxs\\\/\"]}]},{\"@type\":\"ImageObject\",\"inLanguage\":\"en-US\",\"@id\":\"https:\\\/\\\/schweizversand.ch\\\/en\\\/produkt\\\/trudi-plueschtier-schwan-xxs\\\/#primaryimage\",\"url\":\"https:\\\/\\\/schweizversand.ch\\\/wp-content\\\/uploads\\\/2026\\\/02\\\/5472103133.jpg\",\"contentUrl\":\"https:\\\/\\\/schweizversand.ch\\\/wp-content\\\/uploads\\\/2026\\\/02\\\/5472103133.jpg\",\"width\":1024,\"height\":929},{\"@type\":\"BreadcrumbList\",\"@id\":\"https:\\\/\\\/schweizversand.ch\\\/en\\\/produkt\\\/trudi-plueschtier-schwan-xxs\\\/#breadcrumb\",\"itemListElement\":[{\"@type\":\"ListItem\",\"position\":1,\"name\":\"Startseite\",\"item\":\"https:\\\/\\\/schweizversand.ch\\\/en\\\/\"},{\"@type\":\"ListItem\",\"position\":2,\"name\":\"Shop\",\"item\":\"https:\\\/\\\/schweizversand.ch\\\/en\\\/shop\\\/\"},{\"@type\":\"ListItem\",\"position\":3,\"name\":\"Toys &amp; Games\",\"item\":\"https:\\\/\\\/schweizversand.ch\\\/en\\\/produkt-kategorie\\\/toys-games\\\/\"},{\"@type\":\"ListItem\",\"position\":4,\"name\":\"Figures &amp; Dolls\",\"item\":\"https:\\\/\\\/schweizversand.ch\\\/en\\\/produkt-kategorie\\\/toys-games\\\/figures-dolls\\\/\"},{\"@type\":\"ListItem\",\"position\":5,\"name\":\"Peluche\",\"item\":\"https:\\\/\\\/schweizversand.ch\\\/en\\\/produkt-kategorie\\\/plueschtier\\\/\"},{\"@type\":\"ListItem\",\"position\":6,\"name\":\"Trudi plush swan XXS\"}]},{\"@type\":\"WebSite\",\"@id\":\"https:\\\/\\\/schweizversand.ch\\\/en\\\/#website\",\"url\":\"https:\\\/\\\/schweizversand.ch\\\/en\\\/\",\"name\":\"Schweizer Shop f\u00fcr Sport, Spiel und Freizeit\",\"description\":\"Gratisversand ab 50.- (netto), ab eigenem schweizer Lager, Lieferung innert 48h\",\"publisher\":{\"@id\":\"https:\\\/\\\/schweizversand.ch\\\/en\\\/#organization\"},\"alternateName\":\"Schweizversand.ch\",\"potentialAction\":[{\"@type\":\"SearchAction\",\"target\":{\"@type\":\"EntryPoint\",\"urlTemplate\":\"https:\\\/\\\/schweizversand.ch\\\/en\\\/?s={search_term_string}\"},\"query-input\":{\"@type\":\"PropertyValueSpecification\",\"valueRequired\":true,\"valueName\":\"search_term_string\"}}],\"inLanguage\":\"en-US\"},{\"@type\":\"Organization\",\"@id\":\"https:\\\/\\\/schweizversand.ch\\\/en\\\/#organization\",\"name\":\"Schweizversand.ch\",\"url\":\"https:\\\/\\\/schweizversand.ch\\\/en\\\/\",\"logo\":{\"@type\":\"ImageObject\",\"inLanguage\":\"en-US\",\"@id\":\"https:\\\/\\\/schweizversand.ch\\\/en\\\/#\\\/schema\\\/logo\\\/image\\\/\",\"url\":\"https:\\\/\\\/schweizversand.ch\\\/wp-content\\\/uploads\\\/2026\\\/03\\\/Logo_Rund_Final-1.png\",\"contentUrl\":\"https:\\\/\\\/schweizversand.ch\\\/wp-content\\\/uploads\\\/2026\\\/03\\\/Logo_Rund_Final-1.png\",\"width\":404,\"height\":404,\"caption\":\"Schweizversand.ch\"},\"image\":{\"@id\":\"https:\\\/\\\/schweizversand.ch\\\/en\\\/#\\\/schema\\\/logo\\\/image\\\/\"},\"sameAs\":[\"https:\\\/\\\/www.facebook.com\\\/Schweizversand\",\"https:\\\/\\\/www.instagram.com\\\/schweizversand.ch\\\/\"]}]}<\/script>\n<!-- \/ Yoast SEO plugin. -->","yoast_head_json":{"title":"Trudi Pl\u00fcschtier Schwan XXS","description":"Trudi Sweet Collection XXS Pl\u00fcschtier Schwan Entdecken Sie den zauberhaften Trudi Pl\u00fcschtier Schwan aus der exklusiven Sweet Collection. Dieses Mini Pl\u00fcschtier","robots":{"index":"index","follow":"follow","max-snippet":"max-snippet:-1","max-image-preview":"max-image-preview:large","max-video-preview":"max-video-preview:-1"},"canonical":"https:\/\/schweizversand.ch\/en\/produkt\/trudi-plueschtier-schwan-xxs\/","og_locale":"en_US","og_type":"article","og_title":"Trudi Pl\u00fcschtier Schwan XXS","og_description":"Trudi Sweet Collection XXS Pl\u00fcschtier Schwan Entdecken Sie den zauberhaften Trudi Pl\u00fcschtier Schwan aus der exklusiven Sweet Collection. Dieses Mini Pl\u00fcschtier","og_url":"https:\/\/schweizversand.ch\/en\/produkt\/trudi-plueschtier-schwan-xxs\/","og_site_name":"Schweizer Shop f\u00fcr Sport, Spiel und Freizeit","article_publisher":"https:\/\/www.facebook.com\/Schweizversand","article_modified_time":"2026-04-19T00:01:12+00:00","og_image":[{"width":1024,"height":929,"url":"https:\/\/schweizversand.ch\/wp-content\/uploads\/2026\/02\/5472103133.jpg","type":"image\/jpeg"}],"twitter_card":"summary_large_image","twitter_misc":{"Est. reading time":"1 minute"},"schema":{"@context":"https:\/\/schema.org","@graph":[{"@type":"WebPage","@id":"https:\/\/schweizversand.ch\/en\/produkt\/trudi-plueschtier-schwan-xxs\/","url":"https:\/\/schweizversand.ch\/en\/produkt\/trudi-plueschtier-schwan-xxs\/","name":"Trudi Pl\u00fcschtier Schwan XXS","isPartOf":{"@id":"https:\/\/schweizversand.ch\/en\/#website"},"primaryImageOfPage":{"@id":"https:\/\/schweizversand.ch\/en\/produkt\/trudi-plueschtier-schwan-xxs\/#primaryimage"},"image":{"@id":"https:\/\/schweizversand.ch\/en\/produkt\/trudi-plueschtier-schwan-xxs\/#primaryimage"},"thumbnailUrl":"https:\/\/schweizversand.ch\/wp-content\/uploads\/2026\/02\/5472103133.jpg","datePublished":"2026-03-14T23:28:09+00:00","dateModified":"2026-04-19T00:01:12+00:00","description":"Trudi Sweet Collection XXS Pl\u00fcschtier Schwan Entdecken Sie den zauberhaften Trudi Pl\u00fcschtier Schwan aus der exklusiven Sweet Collection. Dieses Mini Pl\u00fcschtier","breadcrumb":{"@id":"https:\/\/schweizversand.ch\/en\/produkt\/trudi-plueschtier-schwan-xxs\/#breadcrumb"},"inLanguage":"en-US","potentialAction":[{"@type":"ReadAction","target":["https:\/\/schweizversand.ch\/en\/produkt\/trudi-plueschtier-schwan-xxs\/"]}]},{"@type":"ImageObject","inLanguage":"en-US","@id":"https:\/\/schweizversand.ch\/en\/produkt\/trudi-plueschtier-schwan-xxs\/#primaryimage","url":"https:\/\/schweizversand.ch\/wp-content\/uploads\/2026\/02\/5472103133.jpg","contentUrl":"https:\/\/schweizversand.ch\/wp-content\/uploads\/2026\/02\/5472103133.jpg","width":1024,"height":929},{"@type":"BreadcrumbList","@id":"https:\/\/schweizversand.ch\/en\/produkt\/trudi-plueschtier-schwan-xxs\/#breadcrumb","itemListElement":[{"@type":"ListItem","position":1,"name":"Startseite","item":"https:\/\/schweizversand.ch\/en\/"},{"@type":"ListItem","position":2,"name":"Shop","item":"https:\/\/schweizversand.ch\/en\/shop\/"},{"@type":"ListItem","position":3,"name":"Toys &amp; Games","item":"https:\/\/schweizversand.ch\/en\/produkt-kategorie\/toys-games\/"},{"@type":"ListItem","position":4,"name":"Figures &amp; Dolls","item":"https:\/\/schweizversand.ch\/en\/produkt-kategorie\/toys-games\/figures-dolls\/"},{"@type":"ListItem","position":5,"name":"Peluche","item":"https:\/\/schweizversand.ch\/en\/produkt-kategorie\/plueschtier\/"},{"@type":"ListItem","position":6,"name":"Trudi plush swan XXS"}]},{"@type":"WebSite","@id":"https:\/\/schweizversand.ch\/en\/#website","url":"https:\/\/schweizversand.ch\/en\/","name":"Schweizer Shop f\u00fcr Sport, Spiel und Freizeit","description":"Gratisversand ab 50.- (netto), ab eigenem schweizer Lager, Lieferung innert 48h","publisher":{"@id":"https:\/\/schweizversand.ch\/en\/#organization"},"alternateName":"Schweizversand.ch","potentialAction":[{"@type":"SearchAction","target":{"@type":"EntryPoint","urlTemplate":"https:\/\/schweizversand.ch\/en\/?s={search_term_string}"},"query-input":{"@type":"PropertyValueSpecification","valueRequired":true,"valueName":"search_term_string"}}],"inLanguage":"en-US"},{"@type":"Organization","@id":"https:\/\/schweizversand.ch\/en\/#organization","name":"Schweizversand.ch","url":"https:\/\/schweizversand.ch\/en\/","logo":{"@type":"ImageObject","inLanguage":"en-US","@id":"https:\/\/schweizversand.ch\/en\/#\/schema\/logo\/image\/","url":"https:\/\/schweizversand.ch\/wp-content\/uploads\/2026\/03\/Logo_Rund_Final-1.png","contentUrl":"https:\/\/schweizversand.ch\/wp-content\/uploads\/2026\/03\/Logo_Rund_Final-1.png","width":404,"height":404,"caption":"Schweizversand.ch"},"image":{"@id":"https:\/\/schweizversand.ch\/en\/#\/schema\/logo\/image\/"},"sameAs":["https:\/\/www.facebook.com\/Schweizversand","https:\/\/www.instagram.com\/schweizversand.ch\/"]}]}},"jetpack_sharing_enabled":true,"_links":{"self":[{"href":"https:\/\/schweizversand.ch\/en\/wp-json\/wp\/v2\/product\/259159","targetHints":{"allow":["GET"]}}],"collection":[{"href":"https:\/\/schweizversand.ch\/en\/wp-json\/wp\/v2\/product"}],"about":[{"href":"https:\/\/schweizversand.ch\/en\/wp-json\/wp\/v2\/types\/product"}],"replies":[{"embeddable":true,"href":"https:\/\/schweizversand.ch\/en\/wp-json\/wp\/v2\/comments?post=259159"}],"wp:featuredmedia":[{"embeddable":true,"href":"https:\/\/schweizversand.ch\/en\/wp-json\/wp\/v2\/media\/158467"}],"wp:attachment":[{"href":"https:\/\/schweizversand.ch\/en\/wp-json\/wp\/v2\/media?parent=259159"}],"wp:term":[{"taxonomy":"product_brand","embeddable":true,"href":"https:\/\/schweizversand.ch\/en\/wp-json\/wp\/v2\/product_brand?post=259159"},{"taxonomy":"product_cat","embeddable":true,"href":"https:\/\/schweizversand.ch\/en\/wp-json\/wp\/v2\/product_cat?post=259159"},{"taxonomy":"product_tag","embeddable":true,"href":"https:\/\/schweizversand.ch\/en\/wp-json\/wp\/v2\/product_tag?post=259159"}],"curies":[{"name":"wp","href":"https:\/\/api.w.org\/{rel}","templated":true}]}}