{"id":259166,"date":"2026-03-15T00:55:15","date_gmt":"2026-03-14T23:55:15","guid":{"rendered":"https:\/\/schweizversand.ch\/produkt\/wunder-baum-duft-clip-bubble-gum\/"},"modified":"2026-04-19T15:32:37","modified_gmt":"2026-04-19T13:32:37","slug":"wunder-baum-duft-clip-bubble-gum","status":"publish","type":"product","link":"https:\/\/schweizversand.ch\/en\/produkt\/wunder-baum-duft-clip-bubble-gum\/","title":{"rendered":"Miracle Tree fragrance &#8220;Clip Bubble Gum&#8221;"},"content":{"rendered":"<p>Wunderbaum Air Freshener Clip \u2013 Bubble Gum Scent for Your Car<br \/>\n<br \/>The Wunderbaum Air Freshener Clip Bubble Gum provides a fresh, sweet, and fruity scent in your vehicle and is both practical and discreet. Simply attach it to the air vent \u2013 \u200b\u200band the pleasant bubble gum scent will fill your car&#8217;s interior.<\/p>\n<p>With its compact design, the clip is virtually invisible, yet highly effective. Perfect for anyone who loves the signature Wunderbaum scent but is looking for a more discreet alternative to the traditional tree.<\/p>\n<p>Product Benefits at a Glance:<\/p>\n<p>\u2022 Bubble Gum Scent: Sweet, fresh, and pleasant for your car&#8217;s interior<\/p>\n<p>\u2022 Convenient Application: Easy clip for the air vent<\/p>\n<p>\u2022 Discreet Design: Subtle look, powerful effect<\/p>\n<p>\u2022 Original Wunderbaum Quality: Long-lasting freshness for your car<\/p>\n<p>\u2022 Compact Size: Ideal for all vehicle types<\/p>\n<p>With the Wunderbaum Bubble Gum Clip, you can enjoy a pleasant fragrance and a fresh driving experience at any time \u2013 stylish, practical, and reliable.<\/p>\n","protected":false},"excerpt":{"rendered":"<p>Wunder-Baum Duft &#8220;Clip Bubble Gum&#8221; sorgt mit s\u00fc\u00df-frischem Kaugummi-Duft f\u00fcr angenehme Frische im Auto. Praktischer Clip, unauff\u00e4lliges Design, starke Wirkung garantiert.<\/p>\n","protected":false},"featured_media":160157,"comment_status":"open","ping_status":"closed","template":"","meta":[],"product_brand":[],"product_cat":[38390,38287],"product_tag":[],"class_list":{"0":"post-259166","1":"product","2":"type-product","3":"status-publish","4":"has-post-thumbnail","6":"product_cat-raumduft","8":"product_shipping_class-global_methods","10":"first","11":"instock","12":"taxable","13":"shipping-taxable","14":"purchasable","15":"product-type-simple"},"yoast_head":"<!-- This site is optimized with the Yoast SEO plugin v27.4 - https:\/\/yoast.com\/product\/yoast-seo-wordpress\/ -->\n<title>Wunder-Baum Duft &quot;Clip Bubble Gum&quot;<\/title>\n<meta name=\"description\" content=\"Wunderbaum Lufterfrischer Clip \u2013 Bubble Gum Duft f\u00fcr Ihr Auto Der Wunderbaum Lufterfrischer Clip Bubble Gum sorgt f\u00fcr einen frischen, s\u00fc\u00dflich-fruchtigen Duft i\" \/>\n<meta name=\"robots\" content=\"index, follow, max-snippet:-1, max-image-preview:large, max-video-preview:-1\" \/>\n<link rel=\"canonical\" href=\"https:\/\/schweizversand.ch\/en\/produkt\/wunder-baum-duft-clip-bubble-gum\/\" \/>\n<meta property=\"og:locale\" content=\"en_US\" \/>\n<meta property=\"og:type\" content=\"article\" \/>\n<meta property=\"og:title\" content=\"Wunder-Baum Duft &quot;Clip Bubble Gum&quot;\" \/>\n<meta property=\"og:description\" content=\"Wunderbaum Lufterfrischer Clip \u2013 Bubble Gum Duft f\u00fcr Ihr Auto Der Wunderbaum Lufterfrischer Clip Bubble Gum sorgt f\u00fcr einen frischen, s\u00fc\u00dflich-fruchtigen Duft i\" \/>\n<meta property=\"og:url\" content=\"https:\/\/schweizversand.ch\/en\/produkt\/wunder-baum-duft-clip-bubble-gum\/\" \/>\n<meta property=\"og:site_name\" content=\"Schweizer Shop f\u00fcr Sport, Spiel und Freizeit\" \/>\n<meta property=\"article:publisher\" content=\"https:\/\/www.facebook.com\/Schweizversand\" \/>\n<meta property=\"article:modified_time\" content=\"2026-04-19T13:32:37+00:00\" \/>\n<meta property=\"og:image\" content=\"https:\/\/schweizversand.ch\/wp-content\/uploads\/2026\/02\/5471985186.jpg\" \/>\n\t<meta property=\"og:image:width\" content=\"686\" \/>\n\t<meta property=\"og:image:height\" content=\"1024\" \/>\n\t<meta property=\"og:image:type\" content=\"image\/jpeg\" \/>\n<meta name=\"twitter:card\" content=\"summary_large_image\" \/>\n<meta name=\"twitter:label1\" content=\"Est. reading time\" \/>\n\t<meta name=\"twitter:data1\" content=\"1 minute\" \/>\n<script type=\"application\/ld+json\" class=\"yoast-schema-graph\">{\"@context\":\"https:\\\/\\\/schema.org\",\"@graph\":[{\"@type\":\"WebPage\",\"@id\":\"https:\\\/\\\/schweizversand.ch\\\/en\\\/produkt\\\/wunder-baum-duft-clip-bubble-gum\\\/\",\"url\":\"https:\\\/\\\/schweizversand.ch\\\/en\\\/produkt\\\/wunder-baum-duft-clip-bubble-gum\\\/\",\"name\":\"Wunder-Baum Duft \\\"Clip Bubble Gum\\\"\",\"isPartOf\":{\"@id\":\"https:\\\/\\\/schweizversand.ch\\\/en\\\/#website\"},\"primaryImageOfPage\":{\"@id\":\"https:\\\/\\\/schweizversand.ch\\\/en\\\/produkt\\\/wunder-baum-duft-clip-bubble-gum\\\/#primaryimage\"},\"image\":{\"@id\":\"https:\\\/\\\/schweizversand.ch\\\/en\\\/produkt\\\/wunder-baum-duft-clip-bubble-gum\\\/#primaryimage\"},\"thumbnailUrl\":\"https:\\\/\\\/schweizversand.ch\\\/wp-content\\\/uploads\\\/2026\\\/02\\\/5471985186.jpg\",\"datePublished\":\"2026-03-14T23:55:15+00:00\",\"dateModified\":\"2026-04-19T13:32:37+00:00\",\"description\":\"Wunderbaum Lufterfrischer Clip \u2013 Bubble Gum Duft f\u00fcr Ihr Auto Der Wunderbaum Lufterfrischer Clip Bubble Gum sorgt f\u00fcr einen frischen, s\u00fc\u00dflich-fruchtigen Duft i\",\"breadcrumb\":{\"@id\":\"https:\\\/\\\/schweizversand.ch\\\/en\\\/produkt\\\/wunder-baum-duft-clip-bubble-gum\\\/#breadcrumb\"},\"inLanguage\":\"en-US\",\"potentialAction\":[{\"@type\":\"ReadAction\",\"target\":[\"https:\\\/\\\/schweizversand.ch\\\/en\\\/produkt\\\/wunder-baum-duft-clip-bubble-gum\\\/\"]}]},{\"@type\":\"ImageObject\",\"inLanguage\":\"en-US\",\"@id\":\"https:\\\/\\\/schweizversand.ch\\\/en\\\/produkt\\\/wunder-baum-duft-clip-bubble-gum\\\/#primaryimage\",\"url\":\"https:\\\/\\\/schweizversand.ch\\\/wp-content\\\/uploads\\\/2026\\\/02\\\/5471985186.jpg\",\"contentUrl\":\"https:\\\/\\\/schweizversand.ch\\\/wp-content\\\/uploads\\\/2026\\\/02\\\/5471985186.jpg\",\"width\":686,\"height\":1024},{\"@type\":\"BreadcrumbList\",\"@id\":\"https:\\\/\\\/schweizversand.ch\\\/en\\\/produkt\\\/wunder-baum-duft-clip-bubble-gum\\\/#breadcrumb\",\"itemListElement\":[{\"@type\":\"ListItem\",\"position\":1,\"name\":\"Startseite\",\"item\":\"https:\\\/\\\/schweizversand.ch\\\/en\\\/\"},{\"@type\":\"ListItem\",\"position\":2,\"name\":\"Shop\",\"item\":\"https:\\\/\\\/schweizversand.ch\\\/en\\\/shop\\\/\"},{\"@type\":\"ListItem\",\"position\":3,\"name\":\"Home\",\"item\":\"https:\\\/\\\/schweizversand.ch\\\/en\\\/produkt-kategorie\\\/home\\\/\"},{\"@type\":\"ListItem\",\"position\":4,\"name\":\"Deko &amp; Accessoires\",\"item\":\"https:\\\/\\\/schweizversand.ch\\\/produkt-kategorie\\\/wohnen\\\/deko-accessoires-wohnen\\\/\"},{\"@type\":\"ListItem\",\"position\":5,\"name\":\"Profumi per ambienti\",\"item\":\"https:\\\/\\\/schweizversand.ch\\\/en\\\/produkt-kategorie\\\/raumduft\\\/\"},{\"@type\":\"ListItem\",\"position\":6,\"name\":\"Miracle Tree fragrance &#8222;Clip Bubble Gum&#8220;\"}]},{\"@type\":\"WebSite\",\"@id\":\"https:\\\/\\\/schweizversand.ch\\\/en\\\/#website\",\"url\":\"https:\\\/\\\/schweizversand.ch\\\/en\\\/\",\"name\":\"Schweizer Shop f\u00fcr Sport, Spiel und Freizeit\",\"description\":\"Gratisversand ab 50.- (netto), ab eigenem schweizer Lager, Lieferung innert 48h\",\"publisher\":{\"@id\":\"https:\\\/\\\/schweizversand.ch\\\/en\\\/#organization\"},\"alternateName\":\"Schweizversand.ch\",\"potentialAction\":[{\"@type\":\"SearchAction\",\"target\":{\"@type\":\"EntryPoint\",\"urlTemplate\":\"https:\\\/\\\/schweizversand.ch\\\/en\\\/?s={search_term_string}\"},\"query-input\":{\"@type\":\"PropertyValueSpecification\",\"valueRequired\":true,\"valueName\":\"search_term_string\"}}],\"inLanguage\":\"en-US\"},{\"@type\":\"Organization\",\"@id\":\"https:\\\/\\\/schweizversand.ch\\\/en\\\/#organization\",\"name\":\"Schweizversand.ch\",\"url\":\"https:\\\/\\\/schweizversand.ch\\\/en\\\/\",\"logo\":{\"@type\":\"ImageObject\",\"inLanguage\":\"en-US\",\"@id\":\"https:\\\/\\\/schweizversand.ch\\\/en\\\/#\\\/schema\\\/logo\\\/image\\\/\",\"url\":\"https:\\\/\\\/schweizversand.ch\\\/wp-content\\\/uploads\\\/2026\\\/03\\\/Logo_Rund_Final-1.png\",\"contentUrl\":\"https:\\\/\\\/schweizversand.ch\\\/wp-content\\\/uploads\\\/2026\\\/03\\\/Logo_Rund_Final-1.png\",\"width\":404,\"height\":404,\"caption\":\"Schweizversand.ch\"},\"image\":{\"@id\":\"https:\\\/\\\/schweizversand.ch\\\/en\\\/#\\\/schema\\\/logo\\\/image\\\/\"},\"sameAs\":[\"https:\\\/\\\/www.facebook.com\\\/Schweizversand\",\"https:\\\/\\\/www.instagram.com\\\/schweizversand.ch\\\/\"]}]}<\/script>\n<!-- \/ Yoast SEO plugin. -->","yoast_head_json":{"title":"Wunder-Baum Duft \"Clip Bubble Gum\"","description":"Wunderbaum Lufterfrischer Clip \u2013 Bubble Gum Duft f\u00fcr Ihr Auto Der Wunderbaum Lufterfrischer Clip Bubble Gum sorgt f\u00fcr einen frischen, s\u00fc\u00dflich-fruchtigen Duft i","robots":{"index":"index","follow":"follow","max-snippet":"max-snippet:-1","max-image-preview":"max-image-preview:large","max-video-preview":"max-video-preview:-1"},"canonical":"https:\/\/schweizversand.ch\/en\/produkt\/wunder-baum-duft-clip-bubble-gum\/","og_locale":"en_US","og_type":"article","og_title":"Wunder-Baum Duft \"Clip Bubble Gum\"","og_description":"Wunderbaum Lufterfrischer Clip \u2013 Bubble Gum Duft f\u00fcr Ihr Auto Der Wunderbaum Lufterfrischer Clip Bubble Gum sorgt f\u00fcr einen frischen, s\u00fc\u00dflich-fruchtigen Duft i","og_url":"https:\/\/schweizversand.ch\/en\/produkt\/wunder-baum-duft-clip-bubble-gum\/","og_site_name":"Schweizer Shop f\u00fcr Sport, Spiel und Freizeit","article_publisher":"https:\/\/www.facebook.com\/Schweizversand","article_modified_time":"2026-04-19T13:32:37+00:00","og_image":[{"width":686,"height":1024,"url":"https:\/\/schweizversand.ch\/wp-content\/uploads\/2026\/02\/5471985186.jpg","type":"image\/jpeg"}],"twitter_card":"summary_large_image","twitter_misc":{"Est. reading time":"1 minute"},"schema":{"@context":"https:\/\/schema.org","@graph":[{"@type":"WebPage","@id":"https:\/\/schweizversand.ch\/en\/produkt\/wunder-baum-duft-clip-bubble-gum\/","url":"https:\/\/schweizversand.ch\/en\/produkt\/wunder-baum-duft-clip-bubble-gum\/","name":"Wunder-Baum Duft \"Clip Bubble Gum\"","isPartOf":{"@id":"https:\/\/schweizversand.ch\/en\/#website"},"primaryImageOfPage":{"@id":"https:\/\/schweizversand.ch\/en\/produkt\/wunder-baum-duft-clip-bubble-gum\/#primaryimage"},"image":{"@id":"https:\/\/schweizversand.ch\/en\/produkt\/wunder-baum-duft-clip-bubble-gum\/#primaryimage"},"thumbnailUrl":"https:\/\/schweizversand.ch\/wp-content\/uploads\/2026\/02\/5471985186.jpg","datePublished":"2026-03-14T23:55:15+00:00","dateModified":"2026-04-19T13:32:37+00:00","description":"Wunderbaum Lufterfrischer Clip \u2013 Bubble Gum Duft f\u00fcr Ihr Auto Der Wunderbaum Lufterfrischer Clip Bubble Gum sorgt f\u00fcr einen frischen, s\u00fc\u00dflich-fruchtigen Duft i","breadcrumb":{"@id":"https:\/\/schweizversand.ch\/en\/produkt\/wunder-baum-duft-clip-bubble-gum\/#breadcrumb"},"inLanguage":"en-US","potentialAction":[{"@type":"ReadAction","target":["https:\/\/schweizversand.ch\/en\/produkt\/wunder-baum-duft-clip-bubble-gum\/"]}]},{"@type":"ImageObject","inLanguage":"en-US","@id":"https:\/\/schweizversand.ch\/en\/produkt\/wunder-baum-duft-clip-bubble-gum\/#primaryimage","url":"https:\/\/schweizversand.ch\/wp-content\/uploads\/2026\/02\/5471985186.jpg","contentUrl":"https:\/\/schweizversand.ch\/wp-content\/uploads\/2026\/02\/5471985186.jpg","width":686,"height":1024},{"@type":"BreadcrumbList","@id":"https:\/\/schweizversand.ch\/en\/produkt\/wunder-baum-duft-clip-bubble-gum\/#breadcrumb","itemListElement":[{"@type":"ListItem","position":1,"name":"Startseite","item":"https:\/\/schweizversand.ch\/en\/"},{"@type":"ListItem","position":2,"name":"Shop","item":"https:\/\/schweizversand.ch\/en\/shop\/"},{"@type":"ListItem","position":3,"name":"Home","item":"https:\/\/schweizversand.ch\/en\/produkt-kategorie\/home\/"},{"@type":"ListItem","position":4,"name":"Deko &amp; Accessoires","item":"https:\/\/schweizversand.ch\/produkt-kategorie\/wohnen\/deko-accessoires-wohnen\/"},{"@type":"ListItem","position":5,"name":"Profumi per ambienti","item":"https:\/\/schweizversand.ch\/en\/produkt-kategorie\/raumduft\/"},{"@type":"ListItem","position":6,"name":"Miracle Tree fragrance &#8222;Clip Bubble Gum&#8220;"}]},{"@type":"WebSite","@id":"https:\/\/schweizversand.ch\/en\/#website","url":"https:\/\/schweizversand.ch\/en\/","name":"Schweizer Shop f\u00fcr Sport, Spiel und Freizeit","description":"Gratisversand ab 50.- (netto), ab eigenem schweizer Lager, Lieferung innert 48h","publisher":{"@id":"https:\/\/schweizversand.ch\/en\/#organization"},"alternateName":"Schweizversand.ch","potentialAction":[{"@type":"SearchAction","target":{"@type":"EntryPoint","urlTemplate":"https:\/\/schweizversand.ch\/en\/?s={search_term_string}"},"query-input":{"@type":"PropertyValueSpecification","valueRequired":true,"valueName":"search_term_string"}}],"inLanguage":"en-US"},{"@type":"Organization","@id":"https:\/\/schweizversand.ch\/en\/#organization","name":"Schweizversand.ch","url":"https:\/\/schweizversand.ch\/en\/","logo":{"@type":"ImageObject","inLanguage":"en-US","@id":"https:\/\/schweizversand.ch\/en\/#\/schema\/logo\/image\/","url":"https:\/\/schweizversand.ch\/wp-content\/uploads\/2026\/03\/Logo_Rund_Final-1.png","contentUrl":"https:\/\/schweizversand.ch\/wp-content\/uploads\/2026\/03\/Logo_Rund_Final-1.png","width":404,"height":404,"caption":"Schweizversand.ch"},"image":{"@id":"https:\/\/schweizversand.ch\/en\/#\/schema\/logo\/image\/"},"sameAs":["https:\/\/www.facebook.com\/Schweizversand","https:\/\/www.instagram.com\/schweizversand.ch\/"]}]}},"jetpack_sharing_enabled":true,"_links":{"self":[{"href":"https:\/\/schweizversand.ch\/en\/wp-json\/wp\/v2\/product\/259166","targetHints":{"allow":["GET"]}}],"collection":[{"href":"https:\/\/schweizversand.ch\/en\/wp-json\/wp\/v2\/product"}],"about":[{"href":"https:\/\/schweizversand.ch\/en\/wp-json\/wp\/v2\/types\/product"}],"replies":[{"embeddable":true,"href":"https:\/\/schweizversand.ch\/en\/wp-json\/wp\/v2\/comments?post=259166"}],"wp:featuredmedia":[{"embeddable":true,"href":"https:\/\/schweizversand.ch\/en\/wp-json\/wp\/v2\/media\/160157"}],"wp:attachment":[{"href":"https:\/\/schweizversand.ch\/en\/wp-json\/wp\/v2\/media?parent=259166"}],"wp:term":[{"taxonomy":"product_brand","embeddable":true,"href":"https:\/\/schweizversand.ch\/en\/wp-json\/wp\/v2\/product_brand?post=259166"},{"taxonomy":"product_cat","embeddable":true,"href":"https:\/\/schweizversand.ch\/en\/wp-json\/wp\/v2\/product_cat?post=259166"},{"taxonomy":"product_tag","embeddable":true,"href":"https:\/\/schweizversand.ch\/en\/wp-json\/wp\/v2\/product_tag?post=259166"}],"curies":[{"name":"wp","href":"https:\/\/api.w.org\/{rel}","templated":true}]}}