{"id":259174,"date":"2026-03-15T00:55:18","date_gmt":"2026-03-14T23:55:18","guid":{"rendered":"https:\/\/schweizversand.ch\/produkt\/zoggs-dc-superhero-superman-tauchball-2er-pack\/"},"modified":"2026-04-29T15:31:54","modified_gmt":"2026-04-29T13:31:54","slug":"zoggs-dc-superhero-superman-tauchball-2er-pack","status":"publish","type":"product","link":"https:\/\/schweizversand.ch\/en\/produkt\/zoggs-dc-superhero-superman-tauchball-2er-pack\/","title":{"rendered":"Zoggs DC Superhero Superman Diving Ball, 2-pack"},"content":{"rendered":"<h1><strong>Superman Neoprene Diving Ball<\/strong><\/h1>\n<div>Get ready for action-packed water fun! The <strong>Superman Diving Ball<\/strong> is the perfect <strong>diving toy for kids<\/strong> to playfully build confidence in the water and improve diving skills. A must-have for every little superhero!<\/p>\n<\/div>\n<div><strong>Fun for the whole family<\/strong><br \/>This innovative <strong>pool toy<\/strong> guarantees exciting moments in the pool. Whether you&#8217;re an experienced swimmer or just discovering the underwater world, the <strong>diving game<\/strong>, where the ball has to be retrieved from the bottom of the pool, is great fun for children and adults alike. Organize exciting competitions to see who can catch the ball the fastest!<\/p>\n<\/div>\n<div><strong>High-quality materials and design<\/strong><br \/>The diving ball is specially designed for use in water. It is coated with robust neoprene, making it particularly durable and grippy. The eye-catching design with the all-over Superman merchandise print makes it easily visible underwater and gives it a cool look. Product Features and Benefits: &#8211; Ideal diving toy for children to build water safety &#8211; Neoprene-coated ball for optimal grip &#8211; 55 mm diameter, perfect for small hands &#8211; Sinks in water and serves as an exciting diving and fetching game &#8211; Attractive Superman print for all fans of the DC hero. Get this Superman diving ball and transform your pool into an arena for heroic underwater adventures. An ideal gift that&#8217;s guaranteed to provide long-lasting bath time fun!<\/p>\n<\/div>\n<div>\n<\/div>\n","protected":false},"excerpt":{"rendered":"<p>Zoggs DC Superhero Superman Tauchball, 2er Pack: F\u00f6rdern Sie spielerisch Tauchf\u00e4higkeiten und Wasserspa\u00df mit robustem Neopren-Design \u2013 perfekt f\u00fcr kleine Superhelden im Pool!<\/p>\n","protected":false},"featured_media":160203,"comment_status":"open","ping_status":"closed","template":"","meta":[],"product_brand":[],"product_cat":[38315],"product_tag":[],"class_list":{"0":"post-259174","1":"product","2":"type-product","3":"status-publish","4":"has-post-thumbnail","6":"product_cat-wasserspielzeug","7":"product_shipping_class-global_methods","9":"first","10":"instock","11":"taxable","12":"shipping-taxable","13":"purchasable","14":"product-type-simple"},"yoast_head":"<!-- This site is optimized with the Yoast SEO plugin v27.5 - https:\/\/yoast.com\/product\/yoast-seo-wordpress\/ -->\n<title>Zoggs DC Superhero Superman Tauchball, 2er Pack<\/title>\n<meta name=\"description\" content=\"Superman Tauchball aus Neopren Bereiten Sie sich auf actionreichen Wasserspass vor! Der Superman Tauchball ist das perfekte Tauchspielzeug Kinder , um spieleris\" \/>\n<meta name=\"robots\" content=\"index, follow, max-snippet:-1, max-image-preview:large, max-video-preview:-1\" \/>\n<link rel=\"canonical\" href=\"https:\/\/schweizversand.ch\/en\/produkt\/zoggs-dc-superhero-superman-tauchball-2er-pack\/\" \/>\n<meta property=\"og:locale\" content=\"en_US\" \/>\n<meta property=\"og:type\" content=\"article\" \/>\n<meta property=\"og:title\" content=\"Zoggs DC Superhero Superman Tauchball, 2er Pack\" \/>\n<meta property=\"og:description\" content=\"Superman Tauchball aus Neopren Bereiten Sie sich auf actionreichen Wasserspass vor! Der Superman Tauchball ist das perfekte Tauchspielzeug Kinder , um spieleris\" \/>\n<meta property=\"og:url\" content=\"https:\/\/schweizversand.ch\/en\/produkt\/zoggs-dc-superhero-superman-tauchball-2er-pack\/\" \/>\n<meta property=\"og:site_name\" content=\"Schweizer Shop f\u00fcr Sport, Spiel und Freizeit\" \/>\n<meta property=\"article:publisher\" content=\"https:\/\/www.facebook.com\/Schweizversand\" \/>\n<meta property=\"article:modified_time\" content=\"2026-04-29T13:31:54+00:00\" \/>\n<meta property=\"og:image\" content=\"https:\/\/schweizversand.ch\/wp-content\/uploads\/2026\/02\/5471671321.jpg\" \/>\n\t<meta property=\"og:image:width\" content=\"1024\" \/>\n\t<meta property=\"og:image:height\" content=\"283\" \/>\n\t<meta property=\"og:image:type\" content=\"image\/jpeg\" \/>\n<meta name=\"twitter:card\" content=\"summary_large_image\" \/>\n<meta name=\"twitter:label1\" content=\"Est. reading time\" \/>\n\t<meta name=\"twitter:data1\" content=\"1 minute\" \/>\n<script type=\"application\/ld+json\" class=\"yoast-schema-graph\">{\"@context\":\"https:\\\/\\\/schema.org\",\"@graph\":[{\"@type\":\"WebPage\",\"@id\":\"https:\\\/\\\/schweizversand.ch\\\/en\\\/produkt\\\/zoggs-dc-superhero-superman-tauchball-2er-pack\\\/\",\"url\":\"https:\\\/\\\/schweizversand.ch\\\/en\\\/produkt\\\/zoggs-dc-superhero-superman-tauchball-2er-pack\\\/\",\"name\":\"Zoggs DC Superhero Superman Tauchball, 2er Pack\",\"isPartOf\":{\"@id\":\"https:\\\/\\\/schweizversand.ch\\\/en\\\/#website\"},\"primaryImageOfPage\":{\"@id\":\"https:\\\/\\\/schweizversand.ch\\\/en\\\/produkt\\\/zoggs-dc-superhero-superman-tauchball-2er-pack\\\/#primaryimage\"},\"image\":{\"@id\":\"https:\\\/\\\/schweizversand.ch\\\/en\\\/produkt\\\/zoggs-dc-superhero-superman-tauchball-2er-pack\\\/#primaryimage\"},\"thumbnailUrl\":\"https:\\\/\\\/schweizversand.ch\\\/wp-content\\\/uploads\\\/2026\\\/02\\\/5471671321.jpg\",\"datePublished\":\"2026-03-14T23:55:18+00:00\",\"dateModified\":\"2026-04-29T13:31:54+00:00\",\"description\":\"Superman Tauchball aus Neopren Bereiten Sie sich auf actionreichen Wasserspass vor! Der Superman Tauchball ist das perfekte Tauchspielzeug Kinder , um spieleris\",\"breadcrumb\":{\"@id\":\"https:\\\/\\\/schweizversand.ch\\\/en\\\/produkt\\\/zoggs-dc-superhero-superman-tauchball-2er-pack\\\/#breadcrumb\"},\"inLanguage\":\"en-US\",\"potentialAction\":[{\"@type\":\"ReadAction\",\"target\":[\"https:\\\/\\\/schweizversand.ch\\\/en\\\/produkt\\\/zoggs-dc-superhero-superman-tauchball-2er-pack\\\/\"]}]},{\"@type\":\"ImageObject\",\"inLanguage\":\"en-US\",\"@id\":\"https:\\\/\\\/schweizversand.ch\\\/en\\\/produkt\\\/zoggs-dc-superhero-superman-tauchball-2er-pack\\\/#primaryimage\",\"url\":\"https:\\\/\\\/schweizversand.ch\\\/wp-content\\\/uploads\\\/2026\\\/02\\\/5471671321.jpg\",\"contentUrl\":\"https:\\\/\\\/schweizversand.ch\\\/wp-content\\\/uploads\\\/2026\\\/02\\\/5471671321.jpg\",\"width\":1024,\"height\":283},{\"@type\":\"BreadcrumbList\",\"@id\":\"https:\\\/\\\/schweizversand.ch\\\/en\\\/produkt\\\/zoggs-dc-superhero-superman-tauchball-2er-pack\\\/#breadcrumb\",\"itemListElement\":[{\"@type\":\"ListItem\",\"position\":1,\"name\":\"Startseite\",\"item\":\"https:\\\/\\\/schweizversand.ch\\\/en\\\/\"},{\"@type\":\"ListItem\",\"position\":2,\"name\":\"Shop\",\"item\":\"https:\\\/\\\/schweizversand.ch\\\/en\\\/shop\\\/\"},{\"@type\":\"ListItem\",\"position\":3,\"name\":\"Toys &amp; Games\",\"item\":\"https:\\\/\\\/schweizversand.ch\\\/en\\\/produkt-kategorie\\\/toys-games\\\/\"},{\"@type\":\"ListItem\",\"position\":4,\"name\":\"Outdoor Games\",\"item\":\"https:\\\/\\\/schweizversand.ch\\\/en\\\/produkt-kategorie\\\/toys-games\\\/outdoor-games\\\/\"},{\"@type\":\"ListItem\",\"position\":5,\"name\":\"Water Toys\",\"item\":\"https:\\\/\\\/schweizversand.ch\\\/en\\\/produkt-kategorie\\\/toys-games\\\/outdoor-games\\\/wasserspielzeug\\\/\"},{\"@type\":\"ListItem\",\"position\":6,\"name\":\"Zoggs DC Superhero Superman Diving Ball, 2-pack\"}]},{\"@type\":\"WebSite\",\"@id\":\"https:\\\/\\\/schweizversand.ch\\\/en\\\/#website\",\"url\":\"https:\\\/\\\/schweizversand.ch\\\/en\\\/\",\"name\":\"Schweizer Shop f\u00fcr Sport, Spiel und Freizeit\",\"description\":\"Gratisversand ab 50.- (netto), ab eigenem schweizer Lager, Lieferung innert 48h\",\"publisher\":{\"@id\":\"https:\\\/\\\/schweizversand.ch\\\/en\\\/#organization\"},\"alternateName\":\"Schweizversand.ch\",\"potentialAction\":[{\"@type\":\"SearchAction\",\"target\":{\"@type\":\"EntryPoint\",\"urlTemplate\":\"https:\\\/\\\/schweizversand.ch\\\/en\\\/?s={search_term_string}\"},\"query-input\":{\"@type\":\"PropertyValueSpecification\",\"valueRequired\":true,\"valueName\":\"search_term_string\"}}],\"inLanguage\":\"en-US\"},{\"@type\":\"Organization\",\"@id\":\"https:\\\/\\\/schweizversand.ch\\\/en\\\/#organization\",\"name\":\"Schweizversand.ch\",\"url\":\"https:\\\/\\\/schweizversand.ch\\\/en\\\/\",\"logo\":{\"@type\":\"ImageObject\",\"inLanguage\":\"en-US\",\"@id\":\"https:\\\/\\\/schweizversand.ch\\\/en\\\/#\\\/schema\\\/logo\\\/image\\\/\",\"url\":\"https:\\\/\\\/schweizversand.ch\\\/wp-content\\\/uploads\\\/2026\\\/03\\\/Logo_Rund_Final-1.png\",\"contentUrl\":\"https:\\\/\\\/schweizversand.ch\\\/wp-content\\\/uploads\\\/2026\\\/03\\\/Logo_Rund_Final-1.png\",\"width\":404,\"height\":404,\"caption\":\"Schweizversand.ch\"},\"image\":{\"@id\":\"https:\\\/\\\/schweizversand.ch\\\/en\\\/#\\\/schema\\\/logo\\\/image\\\/\"},\"sameAs\":[\"https:\\\/\\\/www.facebook.com\\\/Schweizversand\",\"https:\\\/\\\/www.instagram.com\\\/schweizversand.ch\\\/\"]}]}<\/script>\n<!-- \/ Yoast SEO plugin. -->","yoast_head_json":{"title":"Zoggs DC Superhero Superman Tauchball, 2er Pack","description":"Superman Tauchball aus Neopren Bereiten Sie sich auf actionreichen Wasserspass vor! Der Superman Tauchball ist das perfekte Tauchspielzeug Kinder , um spieleris","robots":{"index":"index","follow":"follow","max-snippet":"max-snippet:-1","max-image-preview":"max-image-preview:large","max-video-preview":"max-video-preview:-1"},"canonical":"https:\/\/schweizversand.ch\/en\/produkt\/zoggs-dc-superhero-superman-tauchball-2er-pack\/","og_locale":"en_US","og_type":"article","og_title":"Zoggs DC Superhero Superman Tauchball, 2er Pack","og_description":"Superman Tauchball aus Neopren Bereiten Sie sich auf actionreichen Wasserspass vor! Der Superman Tauchball ist das perfekte Tauchspielzeug Kinder , um spieleris","og_url":"https:\/\/schweizversand.ch\/en\/produkt\/zoggs-dc-superhero-superman-tauchball-2er-pack\/","og_site_name":"Schweizer Shop f\u00fcr Sport, Spiel und Freizeit","article_publisher":"https:\/\/www.facebook.com\/Schweizversand","article_modified_time":"2026-04-29T13:31:54+00:00","og_image":[{"width":1024,"height":283,"url":"https:\/\/schweizversand.ch\/wp-content\/uploads\/2026\/02\/5471671321.jpg","type":"image\/jpeg"}],"twitter_card":"summary_large_image","twitter_misc":{"Est. reading time":"1 minute"},"schema":{"@context":"https:\/\/schema.org","@graph":[{"@type":"WebPage","@id":"https:\/\/schweizversand.ch\/en\/produkt\/zoggs-dc-superhero-superman-tauchball-2er-pack\/","url":"https:\/\/schweizversand.ch\/en\/produkt\/zoggs-dc-superhero-superman-tauchball-2er-pack\/","name":"Zoggs DC Superhero Superman Tauchball, 2er Pack","isPartOf":{"@id":"https:\/\/schweizversand.ch\/en\/#website"},"primaryImageOfPage":{"@id":"https:\/\/schweizversand.ch\/en\/produkt\/zoggs-dc-superhero-superman-tauchball-2er-pack\/#primaryimage"},"image":{"@id":"https:\/\/schweizversand.ch\/en\/produkt\/zoggs-dc-superhero-superman-tauchball-2er-pack\/#primaryimage"},"thumbnailUrl":"https:\/\/schweizversand.ch\/wp-content\/uploads\/2026\/02\/5471671321.jpg","datePublished":"2026-03-14T23:55:18+00:00","dateModified":"2026-04-29T13:31:54+00:00","description":"Superman Tauchball aus Neopren Bereiten Sie sich auf actionreichen Wasserspass vor! Der Superman Tauchball ist das perfekte Tauchspielzeug Kinder , um spieleris","breadcrumb":{"@id":"https:\/\/schweizversand.ch\/en\/produkt\/zoggs-dc-superhero-superman-tauchball-2er-pack\/#breadcrumb"},"inLanguage":"en-US","potentialAction":[{"@type":"ReadAction","target":["https:\/\/schweizversand.ch\/en\/produkt\/zoggs-dc-superhero-superman-tauchball-2er-pack\/"]}]},{"@type":"ImageObject","inLanguage":"en-US","@id":"https:\/\/schweizversand.ch\/en\/produkt\/zoggs-dc-superhero-superman-tauchball-2er-pack\/#primaryimage","url":"https:\/\/schweizversand.ch\/wp-content\/uploads\/2026\/02\/5471671321.jpg","contentUrl":"https:\/\/schweizversand.ch\/wp-content\/uploads\/2026\/02\/5471671321.jpg","width":1024,"height":283},{"@type":"BreadcrumbList","@id":"https:\/\/schweizversand.ch\/en\/produkt\/zoggs-dc-superhero-superman-tauchball-2er-pack\/#breadcrumb","itemListElement":[{"@type":"ListItem","position":1,"name":"Startseite","item":"https:\/\/schweizversand.ch\/en\/"},{"@type":"ListItem","position":2,"name":"Shop","item":"https:\/\/schweizversand.ch\/en\/shop\/"},{"@type":"ListItem","position":3,"name":"Toys &amp; Games","item":"https:\/\/schweizversand.ch\/en\/produkt-kategorie\/toys-games\/"},{"@type":"ListItem","position":4,"name":"Outdoor Games","item":"https:\/\/schweizversand.ch\/en\/produkt-kategorie\/toys-games\/outdoor-games\/"},{"@type":"ListItem","position":5,"name":"Water Toys","item":"https:\/\/schweizversand.ch\/en\/produkt-kategorie\/toys-games\/outdoor-games\/wasserspielzeug\/"},{"@type":"ListItem","position":6,"name":"Zoggs DC Superhero Superman Diving Ball, 2-pack"}]},{"@type":"WebSite","@id":"https:\/\/schweizversand.ch\/en\/#website","url":"https:\/\/schweizversand.ch\/en\/","name":"Schweizer Shop f\u00fcr Sport, Spiel und Freizeit","description":"Gratisversand ab 50.- (netto), ab eigenem schweizer Lager, Lieferung innert 48h","publisher":{"@id":"https:\/\/schweizversand.ch\/en\/#organization"},"alternateName":"Schweizversand.ch","potentialAction":[{"@type":"SearchAction","target":{"@type":"EntryPoint","urlTemplate":"https:\/\/schweizversand.ch\/en\/?s={search_term_string}"},"query-input":{"@type":"PropertyValueSpecification","valueRequired":true,"valueName":"search_term_string"}}],"inLanguage":"en-US"},{"@type":"Organization","@id":"https:\/\/schweizversand.ch\/en\/#organization","name":"Schweizversand.ch","url":"https:\/\/schweizversand.ch\/en\/","logo":{"@type":"ImageObject","inLanguage":"en-US","@id":"https:\/\/schweizversand.ch\/en\/#\/schema\/logo\/image\/","url":"https:\/\/schweizversand.ch\/wp-content\/uploads\/2026\/03\/Logo_Rund_Final-1.png","contentUrl":"https:\/\/schweizversand.ch\/wp-content\/uploads\/2026\/03\/Logo_Rund_Final-1.png","width":404,"height":404,"caption":"Schweizversand.ch"},"image":{"@id":"https:\/\/schweizversand.ch\/en\/#\/schema\/logo\/image\/"},"sameAs":["https:\/\/www.facebook.com\/Schweizversand","https:\/\/www.instagram.com\/schweizversand.ch\/"]}]}},"jetpack_sharing_enabled":true,"_links":{"self":[{"href":"https:\/\/schweizversand.ch\/en\/wp-json\/wp\/v2\/product\/259174","targetHints":{"allow":["GET"]}}],"collection":[{"href":"https:\/\/schweizversand.ch\/en\/wp-json\/wp\/v2\/product"}],"about":[{"href":"https:\/\/schweizversand.ch\/en\/wp-json\/wp\/v2\/types\/product"}],"replies":[{"embeddable":true,"href":"https:\/\/schweizversand.ch\/en\/wp-json\/wp\/v2\/comments?post=259174"}],"wp:featuredmedia":[{"embeddable":true,"href":"https:\/\/schweizversand.ch\/en\/wp-json\/wp\/v2\/media\/160203"}],"wp:attachment":[{"href":"https:\/\/schweizversand.ch\/en\/wp-json\/wp\/v2\/media?parent=259174"}],"wp:term":[{"taxonomy":"product_brand","embeddable":true,"href":"https:\/\/schweizversand.ch\/en\/wp-json\/wp\/v2\/product_brand?post=259174"},{"taxonomy":"product_cat","embeddable":true,"href":"https:\/\/schweizversand.ch\/en\/wp-json\/wp\/v2\/product_cat?post=259174"},{"taxonomy":"product_tag","embeddable":true,"href":"https:\/\/schweizversand.ch\/en\/wp-json\/wp\/v2\/product_tag?post=259174"}],"curies":[{"name":"wp","href":"https:\/\/api.w.org\/{rel}","templated":true}]}}