{"id":259189,"date":"2026-03-15T00:55:44","date_gmt":"2026-03-14T23:55:44","guid":{"rendered":"https:\/\/schweizversand.ch\/produkt\/trespass-snuggles-fleece-decke-2\/"},"modified":"2026-04-20T02:01:43","modified_gmt":"2026-04-20T00:01:43","slug":"trespass-snuggles-fleece-decke-2","status":"publish","type":"product","link":"https:\/\/schweizversand.ch\/en\/produkt\/trespass-snuggles-fleece-decke-2\/","title":{"rendered":"Trespass SNUGGLES &#8211; Fleece Blanket"},"content":{"rendered":"<h1><strong>Trespass Fleece Blanket \u2013 120&#215;180 cm<\/strong><\/h1>\n<div>The <strong>Trespass Fleece Blanket<\/strong> is your essential companion for warmth and coziness, wherever your travels take you. This versatile <strong>travel blanket<\/strong> combines light weight with maximum comfort and is perfect for anyone who doesn&#8217;t want to compromise on comfort while on the go.<\/p>\n<\/div>\n<div><strong>Ideal for Outdoors and Travel<\/strong><br \/>Whether on long car journeys, at picnics, or as a <strong>camping blanket<\/strong> \u2013 this blanket provides reliable warmth. Thanks to its compact roll-up design, the <strong>lightweight fleece blanket<\/strong> can be easily stored, making it the ideal travel companion for any situation.<\/p>\n<\/div>\n<div><strong>Material and Comfort<\/strong><br \/>The blanket is made of 100% polyester and features a particularly soft <strong>touch fleece<\/strong>. This material feels pleasant against the skin and provides instant coziness. The fleece is also insulating and warm, making it the perfect outdoor blanket when temperatures drop.<\/p>\n<\/div>\n<div><strong>Product Features and Dimensions<\/strong><br \/>&#8211; Dimensions: 120 x 180 cm<br \/>&#8211; Material: 100% Polyester (Soft-Touch Fleece)<br \/>&#8211; Features: Lightweight, foldable, and insulating<br \/>&#8211; Care: Durable and easy to clean<\/p>\n<\/div>\n<div>Get your Trespass blanket now and enjoy comfort and warmth while traveling, camping, or simply relaxing at home on the sofa. This fleece blanket is the practical and cuddly solution for all your needs.<\/p>\n<\/div>\n<div><\/div>\n","protected":false},"excerpt":{"rendered":"<p>Trespass SNUGGLES &#8211; Fleece Decke bietet leichte W\u00e4rme und weichen Komfort auf Reisen. Kompakt, kuschelig und ideal f\u00fcr Outdoor, Camping oder gem\u00fctliche Momente unterwegs.<\/p>\n","protected":false},"featured_media":166937,"comment_status":"open","ping_status":"closed","template":"","meta":[],"product_brand":[],"product_cat":[38073],"product_tag":[],"class_list":{"0":"post-259189","1":"product","2":"type-product","3":"status-publish","4":"has-post-thumbnail","6":"product_cat-wohntextilien-teppiche","7":"product_shipping_class-global_methods","9":"first","10":"instock","11":"taxable","12":"shipping-taxable","13":"purchasable","14":"product-type-simple"},"yoast_head":"<!-- This site is optimized with the Yoast SEO plugin v27.4 - https:\/\/yoast.com\/product\/yoast-seo-wordpress\/ -->\n<title>Trespass SNUGGLES - Fleece Decke<\/title>\n<meta name=\"description\" content=\"Trespass Fleecedecke \u2013 120x180 cm Die Trespass Fleecedecke ist Ihr unverzichtbarer Begleiter f\u00fcr W\u00e4rme und Gem\u00fctlichkeit, egal wohin die Reise geht. Diese viels\" \/>\n<meta name=\"robots\" content=\"index, follow, max-snippet:-1, max-image-preview:large, max-video-preview:-1\" \/>\n<link rel=\"canonical\" href=\"https:\/\/schweizversand.ch\/en\/produkt\/trespass-snuggles-fleece-decke-2\/\" \/>\n<meta property=\"og:locale\" content=\"en_US\" \/>\n<meta property=\"og:type\" content=\"article\" \/>\n<meta property=\"og:title\" content=\"Trespass SNUGGLES - Fleece Decke\" \/>\n<meta property=\"og:description\" content=\"Trespass Fleecedecke \u2013 120x180 cm Die Trespass Fleecedecke ist Ihr unverzichtbarer Begleiter f\u00fcr W\u00e4rme und Gem\u00fctlichkeit, egal wohin die Reise geht. Diese viels\" \/>\n<meta property=\"og:url\" content=\"https:\/\/schweizversand.ch\/en\/produkt\/trespass-snuggles-fleece-decke-2\/\" \/>\n<meta property=\"og:site_name\" content=\"Schweizer Shop f\u00fcr Sport, Spiel und Freizeit\" \/>\n<meta property=\"article:publisher\" content=\"https:\/\/www.facebook.com\/Schweizversand\" \/>\n<meta property=\"article:modified_time\" content=\"2026-04-20T00:01:43+00:00\" \/>\n<meta property=\"og:image\" content=\"https:\/\/schweizversand.ch\/wp-content\/uploads\/2026\/02\/5594858034.jpg\" \/>\n\t<meta property=\"og:image:width\" content=\"1024\" \/>\n\t<meta property=\"og:image:height\" content=\"1024\" \/>\n\t<meta property=\"og:image:type\" content=\"image\/jpeg\" \/>\n<meta name=\"twitter:card\" content=\"summary_large_image\" \/>\n<meta name=\"twitter:label1\" content=\"Est. reading time\" \/>\n\t<meta name=\"twitter:data1\" content=\"1 minute\" \/>\n<script type=\"application\/ld+json\" class=\"yoast-schema-graph\">{\"@context\":\"https:\\\/\\\/schema.org\",\"@graph\":[{\"@type\":\"WebPage\",\"@id\":\"https:\\\/\\\/schweizversand.ch\\\/en\\\/produkt\\\/trespass-snuggles-fleece-decke-2\\\/\",\"url\":\"https:\\\/\\\/schweizversand.ch\\\/en\\\/produkt\\\/trespass-snuggles-fleece-decke-2\\\/\",\"name\":\"Trespass SNUGGLES - Fleece Decke\",\"isPartOf\":{\"@id\":\"https:\\\/\\\/schweizversand.ch\\\/en\\\/#website\"},\"primaryImageOfPage\":{\"@id\":\"https:\\\/\\\/schweizversand.ch\\\/en\\\/produkt\\\/trespass-snuggles-fleece-decke-2\\\/#primaryimage\"},\"image\":{\"@id\":\"https:\\\/\\\/schweizversand.ch\\\/en\\\/produkt\\\/trespass-snuggles-fleece-decke-2\\\/#primaryimage\"},\"thumbnailUrl\":\"https:\\\/\\\/schweizversand.ch\\\/wp-content\\\/uploads\\\/2026\\\/02\\\/5594858034.jpg\",\"datePublished\":\"2026-03-14T23:55:44+00:00\",\"dateModified\":\"2026-04-20T00:01:43+00:00\",\"description\":\"Trespass Fleecedecke \u2013 120x180 cm Die Trespass Fleecedecke ist Ihr unverzichtbarer Begleiter f\u00fcr W\u00e4rme und Gem\u00fctlichkeit, egal wohin die Reise geht. Diese viels\",\"breadcrumb\":{\"@id\":\"https:\\\/\\\/schweizversand.ch\\\/en\\\/produkt\\\/trespass-snuggles-fleece-decke-2\\\/#breadcrumb\"},\"inLanguage\":\"en-US\",\"potentialAction\":[{\"@type\":\"ReadAction\",\"target\":[\"https:\\\/\\\/schweizversand.ch\\\/en\\\/produkt\\\/trespass-snuggles-fleece-decke-2\\\/\"]}]},{\"@type\":\"ImageObject\",\"inLanguage\":\"en-US\",\"@id\":\"https:\\\/\\\/schweizversand.ch\\\/en\\\/produkt\\\/trespass-snuggles-fleece-decke-2\\\/#primaryimage\",\"url\":\"https:\\\/\\\/schweizversand.ch\\\/wp-content\\\/uploads\\\/2026\\\/02\\\/5594858034.jpg\",\"contentUrl\":\"https:\\\/\\\/schweizversand.ch\\\/wp-content\\\/uploads\\\/2026\\\/02\\\/5594858034.jpg\",\"width\":1024,\"height\":1024},{\"@type\":\"BreadcrumbList\",\"@id\":\"https:\\\/\\\/schweizversand.ch\\\/en\\\/produkt\\\/trespass-snuggles-fleece-decke-2\\\/#breadcrumb\",\"itemListElement\":[{\"@type\":\"ListItem\",\"position\":1,\"name\":\"Startseite\",\"item\":\"https:\\\/\\\/schweizversand.ch\\\/en\\\/\"},{\"@type\":\"ListItem\",\"position\":2,\"name\":\"Shop\",\"item\":\"https:\\\/\\\/schweizversand.ch\\\/en\\\/shop\\\/\"},{\"@type\":\"ListItem\",\"position\":3,\"name\":\"Home\",\"item\":\"https:\\\/\\\/schweizversand.ch\\\/en\\\/produkt-kategorie\\\/home\\\/\"},{\"@type\":\"ListItem\",\"position\":4,\"name\":\"Home textiles\",\"item\":\"https:\\\/\\\/schweizversand.ch\\\/en\\\/produkt-kategorie\\\/home\\\/home-textiles\\\/\"},{\"@type\":\"ListItem\",\"position\":5,\"name\":\"Home textiles &amp; carpets\",\"item\":\"https:\\\/\\\/schweizversand.ch\\\/en\\\/produkt-kategorie\\\/home\\\/home-textiles\\\/wohntextilien-teppiche\\\/\"},{\"@type\":\"ListItem\",\"position\":6,\"name\":\"Trespass SNUGGLES &#8211; Fleece Blanket\"}]},{\"@type\":\"WebSite\",\"@id\":\"https:\\\/\\\/schweizversand.ch\\\/en\\\/#website\",\"url\":\"https:\\\/\\\/schweizversand.ch\\\/en\\\/\",\"name\":\"Schweizer Shop f\u00fcr Sport, Spiel und Freizeit\",\"description\":\"Gratisversand ab 50.- (netto), ab eigenem schweizer Lager, Lieferung innert 48h\",\"publisher\":{\"@id\":\"https:\\\/\\\/schweizversand.ch\\\/en\\\/#organization\"},\"alternateName\":\"Schweizversand.ch\",\"potentialAction\":[{\"@type\":\"SearchAction\",\"target\":{\"@type\":\"EntryPoint\",\"urlTemplate\":\"https:\\\/\\\/schweizversand.ch\\\/en\\\/?s={search_term_string}\"},\"query-input\":{\"@type\":\"PropertyValueSpecification\",\"valueRequired\":true,\"valueName\":\"search_term_string\"}}],\"inLanguage\":\"en-US\"},{\"@type\":\"Organization\",\"@id\":\"https:\\\/\\\/schweizversand.ch\\\/en\\\/#organization\",\"name\":\"Schweizversand.ch\",\"url\":\"https:\\\/\\\/schweizversand.ch\\\/en\\\/\",\"logo\":{\"@type\":\"ImageObject\",\"inLanguage\":\"en-US\",\"@id\":\"https:\\\/\\\/schweizversand.ch\\\/en\\\/#\\\/schema\\\/logo\\\/image\\\/\",\"url\":\"https:\\\/\\\/schweizversand.ch\\\/wp-content\\\/uploads\\\/2026\\\/03\\\/Logo_Rund_Final-1.png\",\"contentUrl\":\"https:\\\/\\\/schweizversand.ch\\\/wp-content\\\/uploads\\\/2026\\\/03\\\/Logo_Rund_Final-1.png\",\"width\":404,\"height\":404,\"caption\":\"Schweizversand.ch\"},\"image\":{\"@id\":\"https:\\\/\\\/schweizversand.ch\\\/en\\\/#\\\/schema\\\/logo\\\/image\\\/\"},\"sameAs\":[\"https:\\\/\\\/www.facebook.com\\\/Schweizversand\",\"https:\\\/\\\/www.instagram.com\\\/schweizversand.ch\\\/\"]}]}<\/script>\n<!-- \/ Yoast SEO plugin. -->","yoast_head_json":{"title":"Trespass SNUGGLES - Fleece Decke","description":"Trespass Fleecedecke \u2013 120x180 cm Die Trespass Fleecedecke ist Ihr unverzichtbarer Begleiter f\u00fcr W\u00e4rme und Gem\u00fctlichkeit, egal wohin die Reise geht. Diese viels","robots":{"index":"index","follow":"follow","max-snippet":"max-snippet:-1","max-image-preview":"max-image-preview:large","max-video-preview":"max-video-preview:-1"},"canonical":"https:\/\/schweizversand.ch\/en\/produkt\/trespass-snuggles-fleece-decke-2\/","og_locale":"en_US","og_type":"article","og_title":"Trespass SNUGGLES - Fleece Decke","og_description":"Trespass Fleecedecke \u2013 120x180 cm Die Trespass Fleecedecke ist Ihr unverzichtbarer Begleiter f\u00fcr W\u00e4rme und Gem\u00fctlichkeit, egal wohin die Reise geht. Diese viels","og_url":"https:\/\/schweizversand.ch\/en\/produkt\/trespass-snuggles-fleece-decke-2\/","og_site_name":"Schweizer Shop f\u00fcr Sport, Spiel und Freizeit","article_publisher":"https:\/\/www.facebook.com\/Schweizversand","article_modified_time":"2026-04-20T00:01:43+00:00","og_image":[{"width":1024,"height":1024,"url":"https:\/\/schweizversand.ch\/wp-content\/uploads\/2026\/02\/5594858034.jpg","type":"image\/jpeg"}],"twitter_card":"summary_large_image","twitter_misc":{"Est. reading time":"1 minute"},"schema":{"@context":"https:\/\/schema.org","@graph":[{"@type":"WebPage","@id":"https:\/\/schweizversand.ch\/en\/produkt\/trespass-snuggles-fleece-decke-2\/","url":"https:\/\/schweizversand.ch\/en\/produkt\/trespass-snuggles-fleece-decke-2\/","name":"Trespass SNUGGLES - Fleece Decke","isPartOf":{"@id":"https:\/\/schweizversand.ch\/en\/#website"},"primaryImageOfPage":{"@id":"https:\/\/schweizversand.ch\/en\/produkt\/trespass-snuggles-fleece-decke-2\/#primaryimage"},"image":{"@id":"https:\/\/schweizversand.ch\/en\/produkt\/trespass-snuggles-fleece-decke-2\/#primaryimage"},"thumbnailUrl":"https:\/\/schweizversand.ch\/wp-content\/uploads\/2026\/02\/5594858034.jpg","datePublished":"2026-03-14T23:55:44+00:00","dateModified":"2026-04-20T00:01:43+00:00","description":"Trespass Fleecedecke \u2013 120x180 cm Die Trespass Fleecedecke ist Ihr unverzichtbarer Begleiter f\u00fcr W\u00e4rme und Gem\u00fctlichkeit, egal wohin die Reise geht. Diese viels","breadcrumb":{"@id":"https:\/\/schweizversand.ch\/en\/produkt\/trespass-snuggles-fleece-decke-2\/#breadcrumb"},"inLanguage":"en-US","potentialAction":[{"@type":"ReadAction","target":["https:\/\/schweizversand.ch\/en\/produkt\/trespass-snuggles-fleece-decke-2\/"]}]},{"@type":"ImageObject","inLanguage":"en-US","@id":"https:\/\/schweizversand.ch\/en\/produkt\/trespass-snuggles-fleece-decke-2\/#primaryimage","url":"https:\/\/schweizversand.ch\/wp-content\/uploads\/2026\/02\/5594858034.jpg","contentUrl":"https:\/\/schweizversand.ch\/wp-content\/uploads\/2026\/02\/5594858034.jpg","width":1024,"height":1024},{"@type":"BreadcrumbList","@id":"https:\/\/schweizversand.ch\/en\/produkt\/trespass-snuggles-fleece-decke-2\/#breadcrumb","itemListElement":[{"@type":"ListItem","position":1,"name":"Startseite","item":"https:\/\/schweizversand.ch\/en\/"},{"@type":"ListItem","position":2,"name":"Shop","item":"https:\/\/schweizversand.ch\/en\/shop\/"},{"@type":"ListItem","position":3,"name":"Home","item":"https:\/\/schweizversand.ch\/en\/produkt-kategorie\/home\/"},{"@type":"ListItem","position":4,"name":"Home textiles","item":"https:\/\/schweizversand.ch\/en\/produkt-kategorie\/home\/home-textiles\/"},{"@type":"ListItem","position":5,"name":"Home textiles &amp; carpets","item":"https:\/\/schweizversand.ch\/en\/produkt-kategorie\/home\/home-textiles\/wohntextilien-teppiche\/"},{"@type":"ListItem","position":6,"name":"Trespass SNUGGLES &#8211; Fleece Blanket"}]},{"@type":"WebSite","@id":"https:\/\/schweizversand.ch\/en\/#website","url":"https:\/\/schweizversand.ch\/en\/","name":"Schweizer Shop f\u00fcr Sport, Spiel und Freizeit","description":"Gratisversand ab 50.- (netto), ab eigenem schweizer Lager, Lieferung innert 48h","publisher":{"@id":"https:\/\/schweizversand.ch\/en\/#organization"},"alternateName":"Schweizversand.ch","potentialAction":[{"@type":"SearchAction","target":{"@type":"EntryPoint","urlTemplate":"https:\/\/schweizversand.ch\/en\/?s={search_term_string}"},"query-input":{"@type":"PropertyValueSpecification","valueRequired":true,"valueName":"search_term_string"}}],"inLanguage":"en-US"},{"@type":"Organization","@id":"https:\/\/schweizversand.ch\/en\/#organization","name":"Schweizversand.ch","url":"https:\/\/schweizversand.ch\/en\/","logo":{"@type":"ImageObject","inLanguage":"en-US","@id":"https:\/\/schweizversand.ch\/en\/#\/schema\/logo\/image\/","url":"https:\/\/schweizversand.ch\/wp-content\/uploads\/2026\/03\/Logo_Rund_Final-1.png","contentUrl":"https:\/\/schweizversand.ch\/wp-content\/uploads\/2026\/03\/Logo_Rund_Final-1.png","width":404,"height":404,"caption":"Schweizversand.ch"},"image":{"@id":"https:\/\/schweizversand.ch\/en\/#\/schema\/logo\/image\/"},"sameAs":["https:\/\/www.facebook.com\/Schweizversand","https:\/\/www.instagram.com\/schweizversand.ch\/"]}]}},"jetpack_sharing_enabled":true,"_links":{"self":[{"href":"https:\/\/schweizversand.ch\/en\/wp-json\/wp\/v2\/product\/259189","targetHints":{"allow":["GET"]}}],"collection":[{"href":"https:\/\/schweizversand.ch\/en\/wp-json\/wp\/v2\/product"}],"about":[{"href":"https:\/\/schweizversand.ch\/en\/wp-json\/wp\/v2\/types\/product"}],"replies":[{"embeddable":true,"href":"https:\/\/schweizversand.ch\/en\/wp-json\/wp\/v2\/comments?post=259189"}],"wp:featuredmedia":[{"embeddable":true,"href":"https:\/\/schweizversand.ch\/en\/wp-json\/wp\/v2\/media\/166937"}],"wp:attachment":[{"href":"https:\/\/schweizversand.ch\/en\/wp-json\/wp\/v2\/media?parent=259189"}],"wp:term":[{"taxonomy":"product_brand","embeddable":true,"href":"https:\/\/schweizversand.ch\/en\/wp-json\/wp\/v2\/product_brand?post=259189"},{"taxonomy":"product_cat","embeddable":true,"href":"https:\/\/schweizversand.ch\/en\/wp-json\/wp\/v2\/product_cat?post=259189"},{"taxonomy":"product_tag","embeddable":true,"href":"https:\/\/schweizversand.ch\/en\/wp-json\/wp\/v2\/product_tag?post=259189"}],"curies":[{"name":"wp","href":"https:\/\/api.w.org\/{rel}","templated":true}]}}