{"id":259202,"date":"2026-03-15T00:55:46","date_gmt":"2026-03-14T23:55:46","guid":{"rendered":"https:\/\/schweizversand.ch\/produkt\/trespass-qikpac-regenhose-unisex-4\/"},"modified":"2026-04-19T02:01:56","modified_gmt":"2026-04-19T00:01:56","slug":"trespass-qikpac-regenhose-unisex-4","status":"publish","type":"product","link":"https:\/\/schweizversand.ch\/en\/produkt\/trespass-qikpac-regenhose-unisex-4\/","title":{"rendered":"Trespass QIKPAC rain pants &#8211; UNISEX"},"content":{"rendered":"<h1><strong>Trespass Rain Pants \u2013 Waterproof and Breathable<\/strong><\/h1>\n<div>Protect yourself reliably from wind and weather with the high-quality <strong>Trespass Rain Pants<\/strong>. These <strong>waterproof pants<\/strong> were specially developed for demanding outdoor activities and combine excellent protection with high wearing comfort, so you always stay dry and comfortable.<\/p>\n<\/div>\n<div><strong>Maximum Weather Protection<\/strong><br \/>The pants are made of robust <strong>Tres-Tex material<\/strong>, which offers a water column of 5000 mm. To guarantee absolute waterproofness, all seams are carefully <strong>sealed seams<\/strong>, effectively preventing water penetration. Despite its high waterproof rating, the material is windproof and breathable, ensuring optimal climate comfort. Comfort and Practical Details: The elastic waistband provides a comfortable fit and allows for quick and easy on and off. The cuffs of the outdoor rain pants are individually adjustable with snap fasteners, allowing you to adapt the fit to your shoes. Practical side openings serve as pocket access, complemented by an additional rear opening.<\/p>\n<\/div>\n<div><strong>Product details and scope of delivery (size S as an example)<\/strong><br \/>&#8211; Material: Tres-Tex (waterproof 5000 mm, windproof, breathable)<br \/>&#8211; Sealed seams: Yes<br \/>&#8211; Waist width (S): 76\/81 cm<br \/>&#8211; Inseam (S): 76 cm<br \/>&#8211; Waistband: Elastic<br \/>&#8211; Scope of delivery: Includes practical drawstring bag<\/p>\n<\/div>\n<div>Invest in these durable and functional <strong>Trespass rain pants<\/strong> to enjoy your next hike or everyday life in bad weather without worry.<\/p>\n<\/div>\n<div><\/div>\n","protected":false},"excerpt":{"rendered":"<p>Trespass QIKPAC Regenhose &#8211; UNISEX sch\u00fctzt wasserdicht und atmungsaktiv bei jedem Wetter. Robustes Tres-Tex-Material mit versiegelten N\u00e4hten f\u00fcr maximalen Komfort und Schutz.<\/p>\n","protected":false},"featured_media":160742,"comment_status":"open","ping_status":"closed","template":"","meta":[],"product_brand":[],"product_cat":[38478],"product_tag":[],"class_list":{"0":"post-259202","1":"product","2":"type-product","3":"status-publish","4":"has-post-thumbnail","6":"product_cat-outdoorbekleidung","7":"product_shipping_class-global_methods","9":"first","10":"instock","11":"taxable","12":"shipping-taxable","13":"purchasable","14":"product-type-simple"},"yoast_head":"<!-- This site is optimized with the Yoast SEO plugin v27.4 - https:\/\/yoast.com\/product\/yoast-seo-wordpress\/ -->\n<title>Trespass QIKPAC Regenhose - UNISEX<\/title>\n<meta name=\"description\" content=\"Trespass Regenhose \u2013 Wasserdicht und Atmungsaktiv Sch\u00fctzen Sie sich zuverl\u00e4ssig vor Wind und Wetter mit der hochwertigen Trespass Regenhose . Diese wasserdichte\" \/>\n<meta name=\"robots\" content=\"index, follow, max-snippet:-1, max-image-preview:large, max-video-preview:-1\" \/>\n<link rel=\"canonical\" href=\"https:\/\/schweizversand.ch\/en\/produkt\/trespass-qikpac-regenhose-unisex-4\/\" \/>\n<meta property=\"og:locale\" content=\"en_US\" \/>\n<meta property=\"og:type\" content=\"article\" \/>\n<meta property=\"og:title\" content=\"Trespass QIKPAC Regenhose - UNISEX\" \/>\n<meta property=\"og:description\" content=\"Trespass Regenhose \u2013 Wasserdicht und Atmungsaktiv Sch\u00fctzen Sie sich zuverl\u00e4ssig vor Wind und Wetter mit der hochwertigen Trespass Regenhose . Diese wasserdichte\" \/>\n<meta property=\"og:url\" content=\"https:\/\/schweizversand.ch\/en\/produkt\/trespass-qikpac-regenhose-unisex-4\/\" \/>\n<meta property=\"og:site_name\" content=\"Schweizer Shop f\u00fcr Sport, Spiel und Freizeit\" \/>\n<meta property=\"article:publisher\" content=\"https:\/\/www.facebook.com\/Schweizversand\" \/>\n<meta property=\"article:modified_time\" content=\"2026-04-19T00:01:56+00:00\" \/>\n<meta property=\"og:image\" content=\"https:\/\/schweizversand.ch\/wp-content\/uploads\/2026\/02\/5471489029.jpg\" \/>\n\t<meta property=\"og:image:width\" content=\"891\" \/>\n\t<meta property=\"og:image:height\" content=\"1024\" \/>\n\t<meta property=\"og:image:type\" content=\"image\/jpeg\" \/>\n<meta name=\"twitter:card\" content=\"summary_large_image\" \/>\n<meta name=\"twitter:label1\" content=\"Est. reading time\" \/>\n\t<meta name=\"twitter:data1\" content=\"1 minute\" \/>\n<script type=\"application\/ld+json\" class=\"yoast-schema-graph\">{\"@context\":\"https:\\\/\\\/schema.org\",\"@graph\":[{\"@type\":\"WebPage\",\"@id\":\"https:\\\/\\\/schweizversand.ch\\\/en\\\/produkt\\\/trespass-qikpac-regenhose-unisex-4\\\/\",\"url\":\"https:\\\/\\\/schweizversand.ch\\\/en\\\/produkt\\\/trespass-qikpac-regenhose-unisex-4\\\/\",\"name\":\"Trespass QIKPAC Regenhose - UNISEX\",\"isPartOf\":{\"@id\":\"https:\\\/\\\/schweizversand.ch\\\/en\\\/#website\"},\"primaryImageOfPage\":{\"@id\":\"https:\\\/\\\/schweizversand.ch\\\/en\\\/produkt\\\/trespass-qikpac-regenhose-unisex-4\\\/#primaryimage\"},\"image\":{\"@id\":\"https:\\\/\\\/schweizversand.ch\\\/en\\\/produkt\\\/trespass-qikpac-regenhose-unisex-4\\\/#primaryimage\"},\"thumbnailUrl\":\"https:\\\/\\\/schweizversand.ch\\\/wp-content\\\/uploads\\\/2026\\\/02\\\/5471489029.jpg\",\"datePublished\":\"2026-03-14T23:55:46+00:00\",\"dateModified\":\"2026-04-19T00:01:56+00:00\",\"description\":\"Trespass Regenhose \u2013 Wasserdicht und Atmungsaktiv Sch\u00fctzen Sie sich zuverl\u00e4ssig vor Wind und Wetter mit der hochwertigen Trespass Regenhose . Diese wasserdichte\",\"breadcrumb\":{\"@id\":\"https:\\\/\\\/schweizversand.ch\\\/en\\\/produkt\\\/trespass-qikpac-regenhose-unisex-4\\\/#breadcrumb\"},\"inLanguage\":\"en-US\",\"potentialAction\":[{\"@type\":\"ReadAction\",\"target\":[\"https:\\\/\\\/schweizversand.ch\\\/en\\\/produkt\\\/trespass-qikpac-regenhose-unisex-4\\\/\"]}]},{\"@type\":\"ImageObject\",\"inLanguage\":\"en-US\",\"@id\":\"https:\\\/\\\/schweizversand.ch\\\/en\\\/produkt\\\/trespass-qikpac-regenhose-unisex-4\\\/#primaryimage\",\"url\":\"https:\\\/\\\/schweizversand.ch\\\/wp-content\\\/uploads\\\/2026\\\/02\\\/5471489029.jpg\",\"contentUrl\":\"https:\\\/\\\/schweizversand.ch\\\/wp-content\\\/uploads\\\/2026\\\/02\\\/5471489029.jpg\",\"width\":891,\"height\":1024},{\"@type\":\"BreadcrumbList\",\"@id\":\"https:\\\/\\\/schweizversand.ch\\\/en\\\/produkt\\\/trespass-qikpac-regenhose-unisex-4\\\/#breadcrumb\",\"itemListElement\":[{\"@type\":\"ListItem\",\"position\":1,\"name\":\"Startseite\",\"item\":\"https:\\\/\\\/schweizversand.ch\\\/en\\\/\"},{\"@type\":\"ListItem\",\"position\":2,\"name\":\"Shop\",\"item\":\"https:\\\/\\\/schweizversand.ch\\\/en\\\/shop\\\/\"},{\"@type\":\"ListItem\",\"position\":3,\"name\":\"Sports\",\"item\":\"https:\\\/\\\/schweizversand.ch\\\/en\\\/produkt-kategorie\\\/sports\\\/\"},{\"@type\":\"ListItem\",\"position\":4,\"name\":\"Outdoor\",\"item\":\"https:\\\/\\\/schweizversand.ch\\\/en\\\/produkt-kategorie\\\/sports\\\/outdoor\\\/\"},{\"@type\":\"ListItem\",\"position\":5,\"name\":\"Outdoor clothing\",\"item\":\"https:\\\/\\\/schweizversand.ch\\\/en\\\/produkt-kategorie\\\/sports\\\/outdoor\\\/outdoorbekleidung\\\/\"},{\"@type\":\"ListItem\",\"position\":6,\"name\":\"Trespass QIKPAC rain pants &#8211; UNISEX\"}]},{\"@type\":\"WebSite\",\"@id\":\"https:\\\/\\\/schweizversand.ch\\\/en\\\/#website\",\"url\":\"https:\\\/\\\/schweizversand.ch\\\/en\\\/\",\"name\":\"Schweizer Shop f\u00fcr Sport, Spiel und Freizeit\",\"description\":\"Gratisversand ab 50.- (netto), ab eigenem schweizer Lager, Lieferung innert 48h\",\"publisher\":{\"@id\":\"https:\\\/\\\/schweizversand.ch\\\/en\\\/#organization\"},\"alternateName\":\"Schweizversand.ch\",\"potentialAction\":[{\"@type\":\"SearchAction\",\"target\":{\"@type\":\"EntryPoint\",\"urlTemplate\":\"https:\\\/\\\/schweizversand.ch\\\/en\\\/?s={search_term_string}\"},\"query-input\":{\"@type\":\"PropertyValueSpecification\",\"valueRequired\":true,\"valueName\":\"search_term_string\"}}],\"inLanguage\":\"en-US\"},{\"@type\":\"Organization\",\"@id\":\"https:\\\/\\\/schweizversand.ch\\\/en\\\/#organization\",\"name\":\"Schweizversand.ch\",\"url\":\"https:\\\/\\\/schweizversand.ch\\\/en\\\/\",\"logo\":{\"@type\":\"ImageObject\",\"inLanguage\":\"en-US\",\"@id\":\"https:\\\/\\\/schweizversand.ch\\\/en\\\/#\\\/schema\\\/logo\\\/image\\\/\",\"url\":\"https:\\\/\\\/schweizversand.ch\\\/wp-content\\\/uploads\\\/2026\\\/03\\\/Logo_Rund_Final-1.png\",\"contentUrl\":\"https:\\\/\\\/schweizversand.ch\\\/wp-content\\\/uploads\\\/2026\\\/03\\\/Logo_Rund_Final-1.png\",\"width\":404,\"height\":404,\"caption\":\"Schweizversand.ch\"},\"image\":{\"@id\":\"https:\\\/\\\/schweizversand.ch\\\/en\\\/#\\\/schema\\\/logo\\\/image\\\/\"},\"sameAs\":[\"https:\\\/\\\/www.facebook.com\\\/Schweizversand\",\"https:\\\/\\\/www.instagram.com\\\/schweizversand.ch\\\/\"]}]}<\/script>\n<!-- \/ Yoast SEO plugin. -->","yoast_head_json":{"title":"Trespass QIKPAC Regenhose - UNISEX","description":"Trespass Regenhose \u2013 Wasserdicht und Atmungsaktiv Sch\u00fctzen Sie sich zuverl\u00e4ssig vor Wind und Wetter mit der hochwertigen Trespass Regenhose . Diese wasserdichte","robots":{"index":"index","follow":"follow","max-snippet":"max-snippet:-1","max-image-preview":"max-image-preview:large","max-video-preview":"max-video-preview:-1"},"canonical":"https:\/\/schweizversand.ch\/en\/produkt\/trespass-qikpac-regenhose-unisex-4\/","og_locale":"en_US","og_type":"article","og_title":"Trespass QIKPAC Regenhose - UNISEX","og_description":"Trespass Regenhose \u2013 Wasserdicht und Atmungsaktiv Sch\u00fctzen Sie sich zuverl\u00e4ssig vor Wind und Wetter mit der hochwertigen Trespass Regenhose . Diese wasserdichte","og_url":"https:\/\/schweizversand.ch\/en\/produkt\/trespass-qikpac-regenhose-unisex-4\/","og_site_name":"Schweizer Shop f\u00fcr Sport, Spiel und Freizeit","article_publisher":"https:\/\/www.facebook.com\/Schweizversand","article_modified_time":"2026-04-19T00:01:56+00:00","og_image":[{"width":891,"height":1024,"url":"https:\/\/schweizversand.ch\/wp-content\/uploads\/2026\/02\/5471489029.jpg","type":"image\/jpeg"}],"twitter_card":"summary_large_image","twitter_misc":{"Est. reading time":"1 minute"},"schema":{"@context":"https:\/\/schema.org","@graph":[{"@type":"WebPage","@id":"https:\/\/schweizversand.ch\/en\/produkt\/trespass-qikpac-regenhose-unisex-4\/","url":"https:\/\/schweizversand.ch\/en\/produkt\/trespass-qikpac-regenhose-unisex-4\/","name":"Trespass QIKPAC Regenhose - UNISEX","isPartOf":{"@id":"https:\/\/schweizversand.ch\/en\/#website"},"primaryImageOfPage":{"@id":"https:\/\/schweizversand.ch\/en\/produkt\/trespass-qikpac-regenhose-unisex-4\/#primaryimage"},"image":{"@id":"https:\/\/schweizversand.ch\/en\/produkt\/trespass-qikpac-regenhose-unisex-4\/#primaryimage"},"thumbnailUrl":"https:\/\/schweizversand.ch\/wp-content\/uploads\/2026\/02\/5471489029.jpg","datePublished":"2026-03-14T23:55:46+00:00","dateModified":"2026-04-19T00:01:56+00:00","description":"Trespass Regenhose \u2013 Wasserdicht und Atmungsaktiv Sch\u00fctzen Sie sich zuverl\u00e4ssig vor Wind und Wetter mit der hochwertigen Trespass Regenhose . Diese wasserdichte","breadcrumb":{"@id":"https:\/\/schweizversand.ch\/en\/produkt\/trespass-qikpac-regenhose-unisex-4\/#breadcrumb"},"inLanguage":"en-US","potentialAction":[{"@type":"ReadAction","target":["https:\/\/schweizversand.ch\/en\/produkt\/trespass-qikpac-regenhose-unisex-4\/"]}]},{"@type":"ImageObject","inLanguage":"en-US","@id":"https:\/\/schweizversand.ch\/en\/produkt\/trespass-qikpac-regenhose-unisex-4\/#primaryimage","url":"https:\/\/schweizversand.ch\/wp-content\/uploads\/2026\/02\/5471489029.jpg","contentUrl":"https:\/\/schweizversand.ch\/wp-content\/uploads\/2026\/02\/5471489029.jpg","width":891,"height":1024},{"@type":"BreadcrumbList","@id":"https:\/\/schweizversand.ch\/en\/produkt\/trespass-qikpac-regenhose-unisex-4\/#breadcrumb","itemListElement":[{"@type":"ListItem","position":1,"name":"Startseite","item":"https:\/\/schweizversand.ch\/en\/"},{"@type":"ListItem","position":2,"name":"Shop","item":"https:\/\/schweizversand.ch\/en\/shop\/"},{"@type":"ListItem","position":3,"name":"Sports","item":"https:\/\/schweizversand.ch\/en\/produkt-kategorie\/sports\/"},{"@type":"ListItem","position":4,"name":"Outdoor","item":"https:\/\/schweizversand.ch\/en\/produkt-kategorie\/sports\/outdoor\/"},{"@type":"ListItem","position":5,"name":"Outdoor clothing","item":"https:\/\/schweizversand.ch\/en\/produkt-kategorie\/sports\/outdoor\/outdoorbekleidung\/"},{"@type":"ListItem","position":6,"name":"Trespass QIKPAC rain pants &#8211; UNISEX"}]},{"@type":"WebSite","@id":"https:\/\/schweizversand.ch\/en\/#website","url":"https:\/\/schweizversand.ch\/en\/","name":"Schweizer Shop f\u00fcr Sport, Spiel und Freizeit","description":"Gratisversand ab 50.- (netto), ab eigenem schweizer Lager, Lieferung innert 48h","publisher":{"@id":"https:\/\/schweizversand.ch\/en\/#organization"},"alternateName":"Schweizversand.ch","potentialAction":[{"@type":"SearchAction","target":{"@type":"EntryPoint","urlTemplate":"https:\/\/schweizversand.ch\/en\/?s={search_term_string}"},"query-input":{"@type":"PropertyValueSpecification","valueRequired":true,"valueName":"search_term_string"}}],"inLanguage":"en-US"},{"@type":"Organization","@id":"https:\/\/schweizversand.ch\/en\/#organization","name":"Schweizversand.ch","url":"https:\/\/schweizversand.ch\/en\/","logo":{"@type":"ImageObject","inLanguage":"en-US","@id":"https:\/\/schweizversand.ch\/en\/#\/schema\/logo\/image\/","url":"https:\/\/schweizversand.ch\/wp-content\/uploads\/2026\/03\/Logo_Rund_Final-1.png","contentUrl":"https:\/\/schweizversand.ch\/wp-content\/uploads\/2026\/03\/Logo_Rund_Final-1.png","width":404,"height":404,"caption":"Schweizversand.ch"},"image":{"@id":"https:\/\/schweizversand.ch\/en\/#\/schema\/logo\/image\/"},"sameAs":["https:\/\/www.facebook.com\/Schweizversand","https:\/\/www.instagram.com\/schweizversand.ch\/"]}]}},"jetpack_sharing_enabled":true,"_links":{"self":[{"href":"https:\/\/schweizversand.ch\/en\/wp-json\/wp\/v2\/product\/259202","targetHints":{"allow":["GET"]}}],"collection":[{"href":"https:\/\/schweizversand.ch\/en\/wp-json\/wp\/v2\/product"}],"about":[{"href":"https:\/\/schweizversand.ch\/en\/wp-json\/wp\/v2\/types\/product"}],"replies":[{"embeddable":true,"href":"https:\/\/schweizversand.ch\/en\/wp-json\/wp\/v2\/comments?post=259202"}],"wp:featuredmedia":[{"embeddable":true,"href":"https:\/\/schweizversand.ch\/en\/wp-json\/wp\/v2\/media\/160742"}],"wp:attachment":[{"href":"https:\/\/schweizversand.ch\/en\/wp-json\/wp\/v2\/media?parent=259202"}],"wp:term":[{"taxonomy":"product_brand","embeddable":true,"href":"https:\/\/schweizversand.ch\/en\/wp-json\/wp\/v2\/product_brand?post=259202"},{"taxonomy":"product_cat","embeddable":true,"href":"https:\/\/schweizversand.ch\/en\/wp-json\/wp\/v2\/product_cat?post=259202"},{"taxonomy":"product_tag","embeddable":true,"href":"https:\/\/schweizversand.ch\/en\/wp-json\/wp\/v2\/product_tag?post=259202"}],"curies":[{"name":"wp","href":"https:\/\/api.w.org\/{rel}","templated":true}]}}